{"id":89,"date":"2015-06-18T19:28:38","date_gmt":"2015-06-18T17:28:38","guid":{"rendered":"http:\/\/festival-ismotscroises.fr\/?page_id=89"},"modified":"2023-03-24T15:54:23","modified_gmt":"2023-03-24T14:54:23","slug":"tournoi-des-colleges-3","status":"publish","type":"page","link":"https:\/\/festival-ismotscroises.fr\/?page_id=89","title":{"rendered":"Tournoi des coll\u00e8ges"},"content":{"rendered":"<div id=\"pl-89\"  class=\"panel-layout\" ><div id=\"pg-89-0\"  class=\"panel-grid panel-no-style\" ><div id=\"pgc-89-0-0\"  class=\"panel-grid-cell\" ><div id=\"panel-89-0-0-0\" class=\"so-panel widget panel-first-child panel-last-child\" data-index=\"0\" ><\/div><\/div><div id=\"pgc-89-0-1\"  class=\"panel-grid-cell\" ><div id=\"panel-89-0-1-0\" class=\"so-panel widget widget_black-studio-tinymce widget_black_studio_tinymce panel-first-child panel-last-child\" data-index=\"1\" ><div class=\"textwidget\"><h3><strong>Tournoi des coll\u00e8ges, samedi 17 mai 2014<\/strong><\/h3>\n<p>Le coll\u00e8ge Paul-Fort d'Is-sur-Tille remettait son titre en jeu cette ann\u00e9e\u2026 pour chuter d\u00e8s les seizi\u00e8mes de finale, en arr\u00eatant la partie sur une erreur inhabituelle, un mot de deux lettres \u00e9crit deux fois sur la m\u00eame ligne.<br \/>De son c\u00f4t\u00e9, Montchapet (Dijon) fait un parcours impressionnant, avec une premi\u00e8re partie gagn\u00e9e en\u2026 2 minutes 59 secondes, suivie par une s\u00e9rie de victoires facilement acquises jusqu'\u00e0 la finale, remport\u00e9e sur une \u00e9quipe du coll\u00e8ge Claude-Girard, de Ch\u00e2tillon-le-Duc (25). Les deux jeunes Dijonnaises, Marie et In\u00e8s, ont donn\u00e9 l'impression de survoler la comp\u00e9tition, d\u00e9jouant toutes les difficult\u00e9s sans conna\u00eetre beaucoup d'h\u00e9sitations. <br \/>La derni\u00e8re victoire de Montchapet remonte \u00e0 2009. Les \u00e9l\u00e8ves ont b\u00e9n\u00e9fici\u00e9 d'un entra\u00eenement hebdomadaire dans leur CDI, une facilit\u00e9 mise en place il y a plusieurs ann\u00e9es par la documentaliste madame Duhaut, et poursuivie cette ann\u00e9e par sa rempla\u00e7ante madame Ozier.<\/p>\n<h4><strong>Palmar\u00e8s<\/strong><\/h4>\n<p>(Dans le cas d'une \u00e9limination avant les demi-finales, les \u00e9quipes sont class\u00e9es selon les r\u00e9sultats obtenus lors de l'\u00e9preuve de qualification).<br \/><span style=\"color: #993300;\"><strong>Finale :<\/strong><\/span><br \/>1 Coll\u00e8ge Montchapet, \u00a01e \u00e9quipe (DIJON - 21)<br \/>2 Coll\u00e8ge Claude-Girard, 2e \u00e9quipe (CHATILLON-LE-DUC - 25)<br \/><span style=\"color: #993300;\"><strong>Demi-finales :\u00a0<\/strong><\/span> <br \/>3 Coll\u00e8ge Henri-Berger (FONTAINE-FRAN\u00c7AISE - 21) \u00a0<br \/>4 Coll\u00e8ge Jacques-Mercusot, 2e \u00e9quipe (SOMBERNON - 21)<br \/><span style=\"color: #993300;\"><strong>Quarts de finales :<\/strong><\/span><br \/>5 Coll\u00e8ge Stendhal, 1e \u00e9quipe (BESAN\u00c7ON - 25)<br \/>6 Coll\u00e8ge Jules-Gr\u00e9vy, 1e \u00e9quipe (POLIGNY - 39)<br \/>7 Coll\u00e8ge Arthur-Rimbaud, 1e \u00e9quipe (MIREBEAU-SUR-B\u00c8ZE - 21)<br \/>8 Coll\u00e8ge Jean-Philippe Rameau (DIJON - 21)<br \/><span style=\"color: #993300;\"><strong>Huiti\u00e8mes de finales :<\/strong><\/span><br \/>\u00a09 Coll\u00e8ge Albert-Mathiez, 1e \u00e9quipe (MARNAY - 70)<br \/>10 Coll\u00e8ge Claude-Girard, 1e \u00e9quipe (CHATILLON-LE-DUC - 25)<br \/>11 Coll\u00e8ge Louis Bruntz, 1e \u00e9quipe (BOURMONT - 52)<br \/>12 Coll\u00e8ge Louis Bruntz, 2e \u00e9quipe (BOURMONT - 52)<br \/>13 Coll\u00e8ge Arthur-Rimbaud, 2e \u00e9quipe (MIREBEAU-SUR-B\u00c8ZE - 21)<br \/>14 Coll\u00e8ge Champ Lumi\u00e8re (SELONGEY - 21)<br \/>15 Coll\u00e8ge Robert et Sonia Delaunay (GRAY - 70)<br \/>16 Coll\u00e8ge Roland-Dorgel\u00e8s (LONGVIC - 21)<br \/><span style=\"color: #993300;\"><strong>Seizi\u00e8mes de finales :<\/strong><\/span><br \/>17 Coll\u00e8ge Jacques-Mercusot, 1e \u00e9quipe (SOMBERNON - 21) <br \/>18 Coll\u00e8ge de Colombey-les-deux-\u00c9glises, 1e \u00e9quipe (52)<br \/>19 Coll\u00e8ge Les Franchises, 1e \u00e9quipe (LANGRES - 52) <br \/>20 Coll\u00e8ge Les Franchises, 2e \u00e9quipe (LANGRES - 52) <br \/>21 Coll\u00e8ge Montchapet, \u00a02e \u00e9quipe (DIJON - 21)<br \/>22 Coll\u00e8ge Stendhal, 2e \u00e9quipe (BESAN\u00c7ON - 25)<br \/>23 Coll\u00e8ge Albert-Mathiez, 2e \u00e9quipe (MARNAY - 70)<br \/>24 Coll\u00e8ge de Colombey-les-deux-\u00c9glises, 2e \u00e9quipe (52)<br \/>25 Coll\u00e8ge Paul-Fort (IS-SUR-TILLE - 21)<br \/>26 Coll\u00e8ge Henri-Vincenot (LOUHANS - 71)<br \/>27 Coll\u00e8ge Louise-Michel (CHAUMONT - 52)<br \/>28 Coll\u00e8ge Jules-Gr\u00e9vy, 2e \u00e9quipe (POLIGNY - 39)<br \/>29 Coll\u00e8ge Henri-Morat (RECEY-SUR-OURCE - 21)<br \/>30 Coll\u00e8ge Les Hautes Pailles (\u00c9CHENON - 21)<br \/>31 Coll\u00e8ge \u00c9mile-Lepitre (LAIGNES - 21)<br \/>32 Coll\u00e8ge Georges-Brassens (BRAZEY-EN-PLAINE - 21)<\/p>\n<\/div><\/div><\/div><\/div><div id=\"pg-89-1\"  class=\"panel-grid panel-no-style\" ><div id=\"pgc-89-1-0\"  class=\"panel-grid-cell\" ><div id=\"panel-89-1-0-0\" class=\"so-panel widget widget_black-studio-tinymce widget_black_studio_tinymce panel-first-child panel-last-child\" data-index=\"2\" ><div class=\"textwidget\"><p><img loading=\"lazy\" decoding=\"async\" class=\" size-medium wp-image-742 aligncenter\" src=\"http:\/\/festival-ismotscroises.fr\/wp-content\/uploads\/2015\/06\/MASCOTTE-300x264.png\" alt=\"MASCOTTE\" width=\"300\" height=\"264\" srcset=\"https:\/\/festival-ismotscroises.fr\/wp-content\/uploads\/2015\/06\/MASCOTTE-300x264.png 300w, https:\/\/festival-ismotscroises.fr\/wp-content\/uploads\/2015\/06\/MASCOTTE.png 535w\" sizes=\"auto, (max-width: 300px) 100vw, 300px\" \/><\/p>\n<\/div><\/div><\/div><\/div><\/div>","protected":false},"excerpt":{"rendered":"<p>Tournoi des coll\u00e8ges, samedi 17 mai 2014Le coll\u00e8ge Paul-Fort d&rsquo;Is-sur-Tille remettait son titre en jeu cette ann\u00e9e\u2026 pour chuter d\u00e8s les seizi\u00e8mes de finale, en arr\u00eatant la partie sur une erreur inhabituelle, un mot de deux lettres \u00e9crit deux fois sur la m\u00eame ligne.De son c\u00f4t\u00e9, Montchapet (Dijon) fait un parcours impressionnant, avec une premi\u00e8re [&hellip;]<\/p>\n","protected":false},"author":2,"featured_media":0,"parent":0,"menu_order":0,"comment_status":"closed","ping_status":"closed","template":"templates\/template-full-notitle.php","meta":{"_monsterinsights_skip_tracking":false,"_monsterinsights_sitenote_active":false,"_monsterinsights_sitenote_note":"","_monsterinsights_sitenote_category":0,"footnotes":""},"class_list":["post-89","page","type-page","status-publish","hentry","post"],"yoast_head":"<!-- This site is optimized with the Yoast SEO plugin v22.6 - https:\/\/yoast.com\/wordpress\/plugins\/seo\/ -->\n<title>Tournoi des coll\u00e8ges - Le Festival des mots crois\u00e9s \u00e0 Is-sur-Tille<\/title>\n<meta name=\"robots\" content=\"index, follow, max-snippet:-1, max-image-preview:large, max-video-preview:-1\" \/>\n<link rel=\"canonical\" href=\"https:\/\/festival-ismotscroises.fr\/?page_id=89\" \/>\n<meta property=\"og:locale\" content=\"fr_FR\" \/>\n<meta property=\"og:type\" content=\"article\" \/>\n<meta property=\"og:title\" content=\"Tournoi des coll\u00e8ges - Le Festival des mots crois\u00e9s \u00e0 Is-sur-Tille\" \/>\n<meta property=\"og:description\" content=\"Tournoi des coll\u00e8ges, samedi 17 mai 2014Le coll\u00e8ge Paul-Fort d&#039;Is-sur-Tille remettait son titre en jeu cette ann\u00e9e\u2026 pour chuter d\u00e8s les seizi\u00e8mes de finale, en arr\u00eatant la partie sur une erreur inhabituelle, un mot de deux lettres \u00e9crit deux fois sur la m\u00eame ligne.De son c\u00f4t\u00e9, Montchapet (Dijon) fait un parcours impressionnant, avec une premi\u00e8re [&hellip;]\" \/>\n<meta property=\"og:url\" content=\"https:\/\/festival-ismotscroises.fr\/?page_id=89\" \/>\n<meta property=\"og:site_name\" content=\"Le Festival des mots crois\u00e9s \u00e0 Is-sur-Tille\" \/>\n<meta property=\"article:modified_time\" content=\"2023-03-24T14:54:23+00:00\" \/>\n<meta property=\"og:image\" content=\"http:\/\/festival-ismotscroises.fr\/wp-content\/plugins\/easy-media-gallery-pro\/includes\/images\/trans.png\" \/>\n<meta name=\"twitter:card\" content=\"summary_large_image\" \/>\n<meta name=\"twitter:label1\" content=\"Dur\u00e9e de lecture estim\u00e9e\" \/>\n\t<meta name=\"twitter:data1\" content=\"2 minutes\" \/>\n<script type=\"application\/ld+json\" class=\"yoast-schema-graph\">{\"@context\":\"https:\/\/schema.org\",\"@graph\":[{\"@type\":\"WebPage\",\"@id\":\"https:\/\/festival-ismotscroises.fr\/?page_id=89\",\"url\":\"https:\/\/festival-ismotscroises.fr\/?page_id=89\",\"name\":\"Tournoi des coll\u00e8ges - Le Festival des mots crois\u00e9s \u00e0 Is-sur-Tille\",\"isPartOf\":{\"@id\":\"https:\/\/festival-ismotscroises.fr\/#website\"},\"primaryImageOfPage\":{\"@id\":\"https:\/\/festival-ismotscroises.fr\/?page_id=89#primaryimage\"},\"image\":{\"@id\":\"https:\/\/festival-ismotscroises.fr\/?page_id=89#primaryimage\"},\"thumbnailUrl\":\"http:\/\/festival-ismotscroises.fr\/wp-content\/plugins\/easy-media-gallery-pro\/includes\/images\/trans.png\",\"datePublished\":\"2015-06-18T17:28:38+00:00\",\"dateModified\":\"2023-03-24T14:54:23+00:00\",\"breadcrumb\":{\"@id\":\"https:\/\/festival-ismotscroises.fr\/?page_id=89#breadcrumb\"},\"inLanguage\":\"fr-FR\",\"potentialAction\":[{\"@type\":\"ReadAction\",\"target\":[\"https:\/\/festival-ismotscroises.fr\/?page_id=89\"]}]},{\"@type\":\"ImageObject\",\"inLanguage\":\"fr-FR\",\"@id\":\"https:\/\/festival-ismotscroises.fr\/?page_id=89#primaryimage\",\"url\":\"http:\/\/festival-ismotscroises.fr\/wp-content\/plugins\/easy-media-gallery-pro\/includes\/images\/trans.png\",\"contentUrl\":\"http:\/\/festival-ismotscroises.fr\/wp-content\/plugins\/easy-media-gallery-pro\/includes\/images\/trans.png\"},{\"@type\":\"BreadcrumbList\",\"@id\":\"https:\/\/festival-ismotscroises.fr\/?page_id=89#breadcrumb\",\"itemListElement\":[{\"@type\":\"ListItem\",\"position\":1,\"name\":\"Accueil\",\"item\":\"https:\/\/festival-ismotscroises.fr\/\"},{\"@type\":\"ListItem\",\"position\":2,\"name\":\"Tournoi des coll\u00e8ges\"}]},{\"@type\":\"WebSite\",\"@id\":\"https:\/\/festival-ismotscroises.fr\/#website\",\"url\":\"https:\/\/festival-ismotscroises.fr\/\",\"name\":\"Le Festival des mots crois\u00e9s \u00e0 Is-sur-Tille\",\"description\":\"La ville d&#039;Is-sur-Tille, en C\u00f4te-d&#039;Or, organise un festival annuel de mots crois\u00e9s depuis 1990..\",\"potentialAction\":[{\"@type\":\"SearchAction\",\"target\":{\"@type\":\"EntryPoint\",\"urlTemplate\":\"https:\/\/festival-ismotscroises.fr\/?s={search_term_string}\"},\"query-input\":\"required name=search_term_string\"}],\"inLanguage\":\"fr-FR\"}]}<\/script>\n<!-- \/ Yoast SEO plugin. -->","yoast_head_json":{"title":"Tournoi des coll\u00e8ges - Le Festival des mots crois\u00e9s \u00e0 Is-sur-Tille","robots":{"index":"index","follow":"follow","max-snippet":"max-snippet:-1","max-image-preview":"max-image-preview:large","max-video-preview":"max-video-preview:-1"},"canonical":"https:\/\/festival-ismotscroises.fr\/?page_id=89","og_locale":"fr_FR","og_type":"article","og_title":"Tournoi des coll\u00e8ges - Le Festival des mots crois\u00e9s \u00e0 Is-sur-Tille","og_description":"Tournoi des coll\u00e8ges, samedi 17 mai 2014Le coll\u00e8ge Paul-Fort d'Is-sur-Tille remettait son titre en jeu cette ann\u00e9e\u2026 pour chuter d\u00e8s les seizi\u00e8mes de finale, en arr\u00eatant la partie sur une erreur inhabituelle, un mot de deux lettres \u00e9crit deux fois sur la m\u00eame ligne.De son c\u00f4t\u00e9, Montchapet (Dijon) fait un parcours impressionnant, avec une premi\u00e8re [&hellip;]","og_url":"https:\/\/festival-ismotscroises.fr\/?page_id=89","og_site_name":"Le Festival des mots crois\u00e9s \u00e0 Is-sur-Tille","article_modified_time":"2023-03-24T14:54:23+00:00","og_image":[{"url":"http:\/\/festival-ismotscroises.fr\/wp-content\/plugins\/easy-media-gallery-pro\/includes\/images\/trans.png"}],"twitter_card":"summary_large_image","twitter_misc":{"Dur\u00e9e de lecture estim\u00e9e":"2 minutes"},"schema":{"@context":"https:\/\/schema.org","@graph":[{"@type":"WebPage","@id":"https:\/\/festival-ismotscroises.fr\/?page_id=89","url":"https:\/\/festival-ismotscroises.fr\/?page_id=89","name":"Tournoi des coll\u00e8ges - Le Festival des mots crois\u00e9s \u00e0 Is-sur-Tille","isPartOf":{"@id":"https:\/\/festival-ismotscroises.fr\/#website"},"primaryImageOfPage":{"@id":"https:\/\/festival-ismotscroises.fr\/?page_id=89#primaryimage"},"image":{"@id":"https:\/\/festival-ismotscroises.fr\/?page_id=89#primaryimage"},"thumbnailUrl":"http:\/\/festival-ismotscroises.fr\/wp-content\/plugins\/easy-media-gallery-pro\/includes\/images\/trans.png","datePublished":"2015-06-18T17:28:38+00:00","dateModified":"2023-03-24T14:54:23+00:00","breadcrumb":{"@id":"https:\/\/festival-ismotscroises.fr\/?page_id=89#breadcrumb"},"inLanguage":"fr-FR","potentialAction":[{"@type":"ReadAction","target":["https:\/\/festival-ismotscroises.fr\/?page_id=89"]}]},{"@type":"ImageObject","inLanguage":"fr-FR","@id":"https:\/\/festival-ismotscroises.fr\/?page_id=89#primaryimage","url":"http:\/\/festival-ismotscroises.fr\/wp-content\/plugins\/easy-media-gallery-pro\/includes\/images\/trans.png","contentUrl":"http:\/\/festival-ismotscroises.fr\/wp-content\/plugins\/easy-media-gallery-pro\/includes\/images\/trans.png"},{"@type":"BreadcrumbList","@id":"https:\/\/festival-ismotscroises.fr\/?page_id=89#breadcrumb","itemListElement":[{"@type":"ListItem","position":1,"name":"Accueil","item":"https:\/\/festival-ismotscroises.fr\/"},{"@type":"ListItem","position":2,"name":"Tournoi des coll\u00e8ges"}]},{"@type":"WebSite","@id":"https:\/\/festival-ismotscroises.fr\/#website","url":"https:\/\/festival-ismotscroises.fr\/","name":"Le Festival des mots crois\u00e9s \u00e0 Is-sur-Tille","description":"La ville d&#039;Is-sur-Tille, en C\u00f4te-d&#039;Or, organise un festival annuel de mots crois\u00e9s depuis 1990..","potentialAction":[{"@type":"SearchAction","target":{"@type":"EntryPoint","urlTemplate":"https:\/\/festival-ismotscroises.fr\/?s={search_term_string}"},"query-input":"required name=search_term_string"}],"inLanguage":"fr-FR"}]}},"_links":{"self":[{"href":"https:\/\/festival-ismotscroises.fr\/index.php?rest_route=\/wp\/v2\/pages\/89","targetHints":{"allow":["GET"]}}],"collection":[{"href":"https:\/\/festival-ismotscroises.fr\/index.php?rest_route=\/wp\/v2\/pages"}],"about":[{"href":"https:\/\/festival-ismotscroises.fr\/index.php?rest_route=\/wp\/v2\/types\/page"}],"author":[{"embeddable":true,"href":"https:\/\/festival-ismotscroises.fr\/index.php?rest_route=\/wp\/v2\/users\/2"}],"replies":[{"embeddable":true,"href":"https:\/\/festival-ismotscroises.fr\/index.php?rest_route=%2Fwp%2Fv2%2Fcomments&post=89"}],"version-history":[{"count":6,"href":"https:\/\/festival-ismotscroises.fr\/index.php?rest_route=\/wp\/v2\/pages\/89\/revisions"}],"predecessor-version":[{"id":1385,"href":"https:\/\/festival-ismotscroises.fr\/index.php?rest_route=\/wp\/v2\/pages\/89\/revisions\/1385"}],"wp:attachment":[{"href":"https:\/\/festival-ismotscroises.fr\/index.php?rest_route=%2Fwp%2Fv2%2Fmedia&parent=89"}],"curies":[{"name":"wp","href":"https:\/\/api.w.org\/{rel}","templated":true}]}}