{"id":83,"date":"2015-06-18T19:15:38","date_gmt":"2015-06-18T17:15:38","guid":{"rendered":"http:\/\/festival-ismotscroises.fr\/?page_id=83"},"modified":"2015-07-08T00:02:46","modified_gmt":"2015-07-07T22:02:46","slug":"animations-publiques","status":"publish","type":"page","link":"https:\/\/festival-ismotscroises.fr\/?page_id=83","title":{"rendered":"Animations publiques"},"content":{"rendered":"<div id=\"pl-83\"  class=\"panel-layout\" ><div id=\"pg-83-0\"  class=\"panel-grid panel-no-style\" ><div id=\"pgc-83-0-0\"  class=\"panel-grid-cell\" ><div id=\"panel-83-0-0-0\" class=\"so-panel widget panel-first-child panel-last-child\" data-index=\"0\" ><\/div><\/div><div id=\"pgc-83-0-1\"  class=\"panel-grid-cell\" ><div id=\"panel-83-0-1-0\" class=\"so-panel widget widget_black-studio-tinymce widget_black_studio_tinymce panel-first-child\" data-index=\"1\" ><div class=\"textwidget\"><h3 style=\"text-align: justify;\"><strong>Is-sur-Tille, dimanche 17 mai 2015 :\u00a0 La rue Gambetta entre en jeux<\/strong><\/h3>\n<p style=\"text-align: justify;\">Le programme du Festival 2015 annon\u00e7ait pour le dimanche une animation de plein air autour des jeux de lettres, mots crois\u00e9s et Scrabble. Il y avait aussi des jeux g\u00e9ants et des\u00a0 jeux en bois pour les plus jeunes, mais que les adultes n'ont manifestement pas boud\u00e9s. \u00c0 chaque stand, les visiteurs ont re\u00e7u des petits lots en souvenir de leur passage et en remerciement de leur participation.<br \/>\u2022 <span style=\"color: #993300;\"><strong>Mots crois\u00e9s<\/strong><\/span> : 16 panneaux effa\u00e7ables \u00e9taient \u00e0 la disposition des joueurs pour tester leur capacit\u00e9 \u00e0 trouver rapidement les mots justes. Seul, en couple, en famille, entre amis, toutes les combinaisons \u00e9taient possibles pour r\u00e9soudre des grilles simples, sans limite de temps et sans autre enjeu que celui de passer un bon moment ensemble.<br \/>\u2022 <span style=\"color: #993300;\"><strong>Les grilles de Jean Rossat<\/strong><\/span> : L'auteur du Festival \u00e9tait l\u00e0 pour faire jouer les visiteurs plus chevronn\u00e9s sur ses grilles g\u00e9antes de 600 cases, ou avec d'autres probl\u00e8mes de dimensions plus modestes (10x10 cases).<br \/>\u00ab Pas si dur que \u00e7a ! \u00bb : le constat est revenu souvent, devant les petites grilles propos\u00e9es aux promeneurs de la rue Gambetta. Seul, \u00e0 deux ou \u00e0 trois, en famille, des plus jeunes aux grands-parents, beaucoup ont essay\u00e9, avec parfois la surprise de voir que les d\u00e9finitions ne r\u00e9sistent pas bien longtemps, et qu'en croisant les mots, toute r\u00e9ponse aide les autres \u00e0 venir. Quant aux champions, ils se sont donn\u00e9s rendez-vous devant la grille g\u00e9ante anim\u00e9e par Jean Rossat en personne.\u2028\u2022 Scrabble scolaire : Marie-Th\u00e9r\u00e8se Ferreira, d\u00e9l\u00e9gu\u00e9e d\u00e9partementale au scrabble scolaire, a pr\u00e9sent\u00e9 un large \u00e9ventail de jeux d\u00e9riv\u00e9s du scrabble, escalettres, scrabbles uniques, anacrois\u00e9s, anaphrases, mots encha\u00een\u00e9s... Des jeux simples, motivants aussi pour les plus jeunes, avec le th\u00e8me de l'Europe parcourant ici et l\u00e0 les \u00e9nigmes \u00e0 r\u00e9soudre...<br \/>\u2022 <span style=\"color: #993300;\"><strong>Jeux d'adresse<\/strong><\/span> : Sandrine Baussant-Salomon avait,\u00a0 pour les enfants de tous les \u00e2ges, des jeux en bois, des jeux g\u00e9ants et jeux d'adresse. Un stand tr\u00e8s fr\u00e9quent\u00e9 tout au long de la journ\u00e9e.<br \/>\u2022 <span style=\"color: #993300;\"><strong>Le Dico d'Is<\/strong><\/span> : Jean-Pierre Chenelle a test\u00e9 les capacit\u00e9s de ses joueurs \u00e0 \u00e9peler correctement des mots de la langue fran\u00e7aise, en fonction de l'\u00e2ge des participants. Trois mots \u00e9pel\u00e9s correctement ? C'\u00e9tait gagn\u00e9 ! Le jeu \u00e9tait propos\u00e9 par le Centre social de la Tille et de l'Ignon.<br \/>\u2022 <span style=\"color: #993300;\"><strong>Des livres et des jeux<\/strong><\/span> : La librairie d'Is-sur-Tille tenait un stand avec des jeux de cartes pour jouer avec les mots et des livres sur les jeux et sur les mots crois\u00e9s.<br \/>\u2022 <span style=\"color: #993300;\"><strong>Gaufres - buvette<\/strong><\/span> : pour compl\u00e9ter l'offre de loisirs et faire une pause \u00e0 tout moment de l'apr\u00e8s-midi\u2026\u2028\u2022 Tombola : Au fil des stands de jeux, les visiteurs ont \u00e9t\u00e9 invit\u00e9s \u00e0 remplir un bon pour une tombola en fin de journ\u00e9e. Vers 18 heures, des lots donn\u00e9s par la Soci\u00e9t\u00e9 Seb ont \u00e9t\u00e9 tir\u00e9s au sort et les heureux gagnants avertis aussit\u00f4t. Une friteuse Actifry (achet\u00e9e pour l'occasion par l'association Is mots crois\u00e9s), une cocotte de type clipso, un fer \u00e0 repasser, un s\u00e8che-cheveux, des bo\u00eetes \u00e0 caf\u00e9 et plusieurs lots de ramequins ont \u00e9t\u00e9 attribu\u00e9s gr\u00e2ce au tirage effectu\u00e9 par une main enfantine.<\/p>\n<\/div><\/div><div id=\"panel-83-0-1-1\" class=\"so-panel widget widget_sow-button panel-last-child\" data-index=\"2\" ><div\n\t\t\t\n\t\t\tclass=\"so-widget-sow-button so-widget-sow-button-atom-8d3ac13cc710-83\"\n\t\t\t\n\t\t><div class=\"ow-button-base ow-button-align-center\">\n\t<a\n\thref=\"http:\/\/festival-ismotscroises.fr\/wp-content\/uploads\/2015\/06\/2015-FESTIVAL-PROG.pdf\"\n\t\tclass=\"ow-icon-placement-left ow-button-hover\" target=\"_blank\" rel=\"noopener noreferrer\" \t>\n\t\t<span>\n\t\t\t\n\t\t\tT\u00e9l\u00e9chargez la plaquette du Festival\t\t<\/span>\n\t<\/a>\n<\/div>\n<\/div><\/div><\/div><\/div><div id=\"pg-83-1\"  class=\"panel-grid panel-no-style\" ><div id=\"pgc-83-1-0\"  class=\"panel-grid-cell\" ><div id=\"panel-83-1-0-0\" class=\"so-panel widget widget_black-studio-tinymce widget_black_studio_tinymce panel-first-child panel-last-child\" data-index=\"3\" ><div class=\"textwidget\"><p><img loading=\"lazy\" decoding=\"async\" class=\" size-full wp-image-1496 alignright\" src=\"http:\/\/festival-ismotscroises.fr\/wp-content\/uploads\/2015\/07\/ISMOTSCROISES-LOGO.png\" alt=\"ISMOTSCROISES-LOGO\" width=\"152\" height=\"150\" \/><\/p>\n<\/div><\/div><\/div><\/div><\/div>","protected":false},"excerpt":{"rendered":"<p>Is-sur-Tille, dimanche 17 mai 2015 :\u00a0 La rue Gambetta entre en jeuxLe programme du Festival 2015 annon\u00e7ait pour le dimanche une animation de plein air autour des jeux de lettres, mots crois\u00e9s et Scrabble. Il y avait aussi des jeux g\u00e9ants et des\u00a0 jeux en bois pour les plus jeunes, mais que les adultes n&rsquo;ont [&hellip;]<\/p>\n","protected":false},"author":2,"featured_media":0,"parent":0,"menu_order":0,"comment_status":"closed","ping_status":"closed","template":"templates\/template-full-notitle.php","meta":{"_monsterinsights_skip_tracking":false,"_monsterinsights_sitenote_active":false,"_monsterinsights_sitenote_note":"","_monsterinsights_sitenote_category":0,"footnotes":""},"class_list":["post-83","page","type-page","status-publish","hentry","post"],"yoast_head":"<!-- This site is optimized with the Yoast SEO plugin v22.6 - https:\/\/yoast.com\/wordpress\/plugins\/seo\/ -->\n<title>Animations publiques - Le Festival des mots crois\u00e9s \u00e0 Is-sur-Tille<\/title>\n<meta name=\"robots\" content=\"index, follow, max-snippet:-1, max-image-preview:large, max-video-preview:-1\" \/>\n<link rel=\"canonical\" href=\"https:\/\/festival-ismotscroises.fr\/?page_id=83\" \/>\n<meta property=\"og:locale\" content=\"fr_FR\" \/>\n<meta property=\"og:type\" content=\"article\" \/>\n<meta property=\"og:title\" content=\"Animations publiques - Le Festival des mots crois\u00e9s \u00e0 Is-sur-Tille\" \/>\n<meta property=\"og:description\" content=\"Is-sur-Tille, dimanche 17 mai 2015 :\u00a0 La rue Gambetta entre en jeuxLe programme du Festival 2015 annon\u00e7ait pour le dimanche une animation de plein air autour des jeux de lettres, mots crois\u00e9s et Scrabble. Il y avait aussi des jeux g\u00e9ants et des\u00a0 jeux en bois pour les plus jeunes, mais que les adultes n&#039;ont [&hellip;]\" \/>\n<meta property=\"og:url\" content=\"https:\/\/festival-ismotscroises.fr\/?page_id=83\" \/>\n<meta property=\"og:site_name\" content=\"Le Festival des mots crois\u00e9s \u00e0 Is-sur-Tille\" \/>\n<meta property=\"article:modified_time\" content=\"2015-07-07T22:02:46+00:00\" \/>\n<meta property=\"og:image\" content=\"http:\/\/festival-ismotscroises.fr\/wp-content\/plugins\/easy-media-gallery-pro\/includes\/images\/trans.png\" \/>\n<meta name=\"twitter:card\" content=\"summary_large_image\" \/>\n<meta name=\"twitter:label1\" content=\"Dur\u00e9e de lecture estim\u00e9e\" \/>\n\t<meta name=\"twitter:data1\" content=\"3 minutes\" \/>\n<script type=\"application\/ld+json\" class=\"yoast-schema-graph\">{\"@context\":\"https:\/\/schema.org\",\"@graph\":[{\"@type\":\"WebPage\",\"@id\":\"https:\/\/festival-ismotscroises.fr\/?page_id=83\",\"url\":\"https:\/\/festival-ismotscroises.fr\/?page_id=83\",\"name\":\"Animations publiques - Le Festival des mots crois\u00e9s \u00e0 Is-sur-Tille\",\"isPartOf\":{\"@id\":\"https:\/\/festival-ismotscroises.fr\/#website\"},\"primaryImageOfPage\":{\"@id\":\"https:\/\/festival-ismotscroises.fr\/?page_id=83#primaryimage\"},\"image\":{\"@id\":\"https:\/\/festival-ismotscroises.fr\/?page_id=83#primaryimage\"},\"thumbnailUrl\":\"http:\/\/festival-ismotscroises.fr\/wp-content\/plugins\/easy-media-gallery-pro\/includes\/images\/trans.png\",\"datePublished\":\"2015-06-18T17:15:38+00:00\",\"dateModified\":\"2015-07-07T22:02:46+00:00\",\"breadcrumb\":{\"@id\":\"https:\/\/festival-ismotscroises.fr\/?page_id=83#breadcrumb\"},\"inLanguage\":\"fr-FR\",\"potentialAction\":[{\"@type\":\"ReadAction\",\"target\":[\"https:\/\/festival-ismotscroises.fr\/?page_id=83\"]}]},{\"@type\":\"ImageObject\",\"inLanguage\":\"fr-FR\",\"@id\":\"https:\/\/festival-ismotscroises.fr\/?page_id=83#primaryimage\",\"url\":\"http:\/\/festival-ismotscroises.fr\/wp-content\/plugins\/easy-media-gallery-pro\/includes\/images\/trans.png\",\"contentUrl\":\"http:\/\/festival-ismotscroises.fr\/wp-content\/plugins\/easy-media-gallery-pro\/includes\/images\/trans.png\"},{\"@type\":\"BreadcrumbList\",\"@id\":\"https:\/\/festival-ismotscroises.fr\/?page_id=83#breadcrumb\",\"itemListElement\":[{\"@type\":\"ListItem\",\"position\":1,\"name\":\"Accueil\",\"item\":\"https:\/\/festival-ismotscroises.fr\/\"},{\"@type\":\"ListItem\",\"position\":2,\"name\":\"Animations publiques\"}]},{\"@type\":\"WebSite\",\"@id\":\"https:\/\/festival-ismotscroises.fr\/#website\",\"url\":\"https:\/\/festival-ismotscroises.fr\/\",\"name\":\"Le Festival des mots crois\u00e9s \u00e0 Is-sur-Tille\",\"description\":\"La ville d&#039;Is-sur-Tille, en C\u00f4te-d&#039;Or, organise un festival annuel de mots crois\u00e9s depuis 1990..\",\"potentialAction\":[{\"@type\":\"SearchAction\",\"target\":{\"@type\":\"EntryPoint\",\"urlTemplate\":\"https:\/\/festival-ismotscroises.fr\/?s={search_term_string}\"},\"query-input\":\"required name=search_term_string\"}],\"inLanguage\":\"fr-FR\"}]}<\/script>\n<!-- \/ Yoast SEO plugin. -->","yoast_head_json":{"title":"Animations publiques - Le Festival des mots crois\u00e9s \u00e0 Is-sur-Tille","robots":{"index":"index","follow":"follow","max-snippet":"max-snippet:-1","max-image-preview":"max-image-preview:large","max-video-preview":"max-video-preview:-1"},"canonical":"https:\/\/festival-ismotscroises.fr\/?page_id=83","og_locale":"fr_FR","og_type":"article","og_title":"Animations publiques - Le Festival des mots crois\u00e9s \u00e0 Is-sur-Tille","og_description":"Is-sur-Tille, dimanche 17 mai 2015 :\u00a0 La rue Gambetta entre en jeuxLe programme du Festival 2015 annon\u00e7ait pour le dimanche une animation de plein air autour des jeux de lettres, mots crois\u00e9s et Scrabble. Il y avait aussi des jeux g\u00e9ants et des\u00a0 jeux en bois pour les plus jeunes, mais que les adultes n'ont [&hellip;]","og_url":"https:\/\/festival-ismotscroises.fr\/?page_id=83","og_site_name":"Le Festival des mots crois\u00e9s \u00e0 Is-sur-Tille","article_modified_time":"2015-07-07T22:02:46+00:00","og_image":[{"url":"http:\/\/festival-ismotscroises.fr\/wp-content\/plugins\/easy-media-gallery-pro\/includes\/images\/trans.png"}],"twitter_card":"summary_large_image","twitter_misc":{"Dur\u00e9e de lecture estim\u00e9e":"3 minutes"},"schema":{"@context":"https:\/\/schema.org","@graph":[{"@type":"WebPage","@id":"https:\/\/festival-ismotscroises.fr\/?page_id=83","url":"https:\/\/festival-ismotscroises.fr\/?page_id=83","name":"Animations publiques - Le Festival des mots crois\u00e9s \u00e0 Is-sur-Tille","isPartOf":{"@id":"https:\/\/festival-ismotscroises.fr\/#website"},"primaryImageOfPage":{"@id":"https:\/\/festival-ismotscroises.fr\/?page_id=83#primaryimage"},"image":{"@id":"https:\/\/festival-ismotscroises.fr\/?page_id=83#primaryimage"},"thumbnailUrl":"http:\/\/festival-ismotscroises.fr\/wp-content\/plugins\/easy-media-gallery-pro\/includes\/images\/trans.png","datePublished":"2015-06-18T17:15:38+00:00","dateModified":"2015-07-07T22:02:46+00:00","breadcrumb":{"@id":"https:\/\/festival-ismotscroises.fr\/?page_id=83#breadcrumb"},"inLanguage":"fr-FR","potentialAction":[{"@type":"ReadAction","target":["https:\/\/festival-ismotscroises.fr\/?page_id=83"]}]},{"@type":"ImageObject","inLanguage":"fr-FR","@id":"https:\/\/festival-ismotscroises.fr\/?page_id=83#primaryimage","url":"http:\/\/festival-ismotscroises.fr\/wp-content\/plugins\/easy-media-gallery-pro\/includes\/images\/trans.png","contentUrl":"http:\/\/festival-ismotscroises.fr\/wp-content\/plugins\/easy-media-gallery-pro\/includes\/images\/trans.png"},{"@type":"BreadcrumbList","@id":"https:\/\/festival-ismotscroises.fr\/?page_id=83#breadcrumb","itemListElement":[{"@type":"ListItem","position":1,"name":"Accueil","item":"https:\/\/festival-ismotscroises.fr\/"},{"@type":"ListItem","position":2,"name":"Animations publiques"}]},{"@type":"WebSite","@id":"https:\/\/festival-ismotscroises.fr\/#website","url":"https:\/\/festival-ismotscroises.fr\/","name":"Le Festival des mots crois\u00e9s \u00e0 Is-sur-Tille","description":"La ville d&#039;Is-sur-Tille, en C\u00f4te-d&#039;Or, organise un festival annuel de mots crois\u00e9s depuis 1990..","potentialAction":[{"@type":"SearchAction","target":{"@type":"EntryPoint","urlTemplate":"https:\/\/festival-ismotscroises.fr\/?s={search_term_string}"},"query-input":"required name=search_term_string"}],"inLanguage":"fr-FR"}]}},"_links":{"self":[{"href":"https:\/\/festival-ismotscroises.fr\/index.php?rest_route=\/wp\/v2\/pages\/83","targetHints":{"allow":["GET"]}}],"collection":[{"href":"https:\/\/festival-ismotscroises.fr\/index.php?rest_route=\/wp\/v2\/pages"}],"about":[{"href":"https:\/\/festival-ismotscroises.fr\/index.php?rest_route=\/wp\/v2\/types\/page"}],"author":[{"embeddable":true,"href":"https:\/\/festival-ismotscroises.fr\/index.php?rest_route=\/wp\/v2\/users\/2"}],"replies":[{"embeddable":true,"href":"https:\/\/festival-ismotscroises.fr\/index.php?rest_route=%2Fwp%2Fv2%2Fcomments&post=83"}],"version-history":[{"count":14,"href":"https:\/\/festival-ismotscroises.fr\/index.php?rest_route=\/wp\/v2\/pages\/83\/revisions"}],"predecessor-version":[{"id":842,"href":"https:\/\/festival-ismotscroises.fr\/index.php?rest_route=\/wp\/v2\/pages\/83\/revisions\/842"}],"wp:attachment":[{"href":"https:\/\/festival-ismotscroises.fr\/index.php?rest_route=%2Fwp%2Fv2%2Fmedia&parent=83"}],"curies":[{"name":"wp","href":"https:\/\/api.w.org\/{rel}","templated":true}]}}