{"id":80,"date":"2015-06-18T19:14:40","date_gmt":"2015-06-18T17:14:40","guid":{"rendered":"http:\/\/festival-ismotscroises.fr\/?page_id=80"},"modified":"2023-03-24T15:50:52","modified_gmt":"2023-03-24T14:50:52","slug":"tournoi-des-colleges-2","status":"publish","type":"page","link":"https:\/\/festival-ismotscroises.fr\/?page_id=80","title":{"rendered":"Tournoi des coll\u00e8ges"},"content":{"rendered":"<div id=\"pl-80\"  class=\"panel-layout\" ><div id=\"pg-80-0\"  class=\"panel-grid panel-no-style\" ><div id=\"pgc-80-0-0\"  class=\"panel-grid-cell\" ><div id=\"panel-80-0-0-0\" class=\"so-panel widget panel-first-child panel-last-child\" data-index=\"0\" ><\/div><\/div><div id=\"pgc-80-0-1\"  class=\"panel-grid-cell\" ><div id=\"panel-80-0-1-0\" class=\"so-panel widget widget_black-studio-tinymce widget_black_studio_tinymce panel-first-child\" data-index=\"1\" ><div class=\"textwidget\"><h4 style=\"text-align: justify;\"><strong>Tournoi des coll\u00e8ges, samedi 16 mai 2015<\/strong><\/h4>\n<p style=\"text-align: justify;\">Le coll\u00e8ge Claude-Girard, de Ch\u00e2tillon-le-Duc (Doubs), remporte le titre de champion 2015, devant une \u00e9quipe de Selongey (coll\u00e8ge Champ-Lumi\u00e8re). C'est la premi\u00e8re fois qu'un coll\u00e8ge ext\u00e9rieur \u00e0 la C\u00f4te-d'Or remporte la comp\u00e9tition.<br \/> La derni\u00e8re manche de l'apr\u00e8s-midi a \u00e9t\u00e9 arr\u00eat\u00e9e en un peu plus de 5 minutes par une \u00e9quipe mixte de Selongey tr\u00e8s s\u00fbre d'elle, puisqu'elle avait remport\u00e9 toutes ses matchs pr\u00e9c\u00e9dents de la m\u00eame fa\u00e7on, en mettant un terme \u00e0 la partie au bout de quelques minutes. Mais cette fois, la solution des joueurs selong\u00e9ens n'\u00e9tait pas parfaite : ils avaient \u00e9crit \"as\" pour r\u00e9pondre \u00e0 la d\u00e9finition \"poss\u00e8de\"\u00a0 qui demandait en fait la r\u00e9ponse \"ai\". L'\u00e9quipe adverse, de Ch\u00e2tillon-le-Duc, n'a pas fait mieux, avec une faute en un quart d'heure, mais n'a pas pris le risque d'arr\u00eater la partie et termine le tournoi sur un parcours ramarquable.<br \/> Les deux \u00e9quipes de Montchapet, coll\u00e8ge tenant du titre, ont perdu successivement en huiti\u00e8me de finale et en demi-finale devant l'\u00e9quipe de... Selongey, d\u00e9cid\u00e9ment tr\u00e8s en forme, et formidablement soutenue par le principal du coll\u00e8ge, monsieur Wloszczowski, la documentaliste, madame Bernhard, et deux autres professeurs.<\/p>\n<h4 style=\"text-align: justify;\"><strong>Palmar\u00e8s<\/strong><\/h4>\n<p style=\"text-align: justify;\">Cette ann\u00e9e, les \u00e9quipes qui ont perdu en seizi\u00e8mes de finale ont pu jouer une s\u00e9rie de matchs suppl\u00e9mentaires leur permettant d'obtenir un classement plus pr\u00e9cis dans le palmar\u00e8s final. Les ann\u00e9es pr\u00e9c\u00e9dentes, les perdants du premier tour \u00e9taient class\u00e9s selon les r\u00e9sultats obtenus lors de l'\u00e9preuve de qualification.<br \/> <span style=\"color: #993300;\"><strong>Finale :<\/strong><\/span><br \/> 1 Coll\u00e8ge Claude-Girard (CHATILLON-LE-DUC - 25), 2e \u00e9quipe<br \/> 2 Coll\u00e8ge Champ Lumi\u00e8re (SELONGEY - 21),\u00a0 2e \u00e9quipe<br \/> <span style=\"color: #993300;\"><strong>Demi-finales :<\/strong><\/span><br \/> 3 Coll\u00e8ge Montchapet (DIJON - 21), 2e \u00e9quipe<br \/> 4 Coll\u00e8ge Clos-de-Pouilly (DIJON - 21), 2e \u00e9quipe<br \/> <strong><span style=\"color: #993300;\">Quarts de finales :<\/span><\/strong><br \/> 5 Coll\u00e8ge Clos-de-Pouilly (DIJON - 21), 1e \u00e9quipe<br \/> 6 Coll\u00e8ge de Colombey-les-deux-\u00c9glises (52), 1e \u00e9quipe<br \/> 7 Coll\u00e8ge Henri-Morat (RECEY-SUR-OURCE - 21), 1e \u00e9quipe<br \/> 8 Coll\u00e8ge Les Franchises (LANGRES - 52), 2e \u00e9quipe<br \/> <span style=\"color: #993300;\"><strong>Huiti\u00e8mes de finales :<\/strong><\/span><br \/> 9 Coll\u00e8ge Montchapet (DIJON - 21),\u00a0 1e \u00e9quipe<br \/> 10 Coll\u00e8ge Jacques-Mercusot (SOMBERNON - 21), 1e \u00e9quipe<br \/> 11 Coll\u00e8ge Champ Lumi\u00e8re (SELONGEY - 21),\u00a0 1e \u00e9quipe<br \/> 12 Coll\u00e8ge Les Franchises (LANGRES - 52), 1e \u00e9quipe<br \/> 13 Coll\u00e8ge Henry-Berger (FONTAINE-FRAN\u00c7AISE - 21), 1e \u00e9quipe<br \/> 14 Coll\u00e8ge Claude-Girard (CHATILLON-LE-DUC - 25), 1e \u00e9quipe<br \/> 15 Coll\u00e8ge Roland-Dorgel\u00e8s (LONGVIC - 21)<br \/> 16 Coll\u00e8ge de Colombey-les-deux-\u00c9glises (52), 2e \u00e9quipe<br \/> <span style=\"color: #993300;\"><strong>Seizi\u00e8mes de finales :<\/strong><\/span><br \/> 17 Coll\u00e8ge \u00c9mile-Lepitre (LAIGNES - 21), 1e \u00e9quipe<br \/> 18 Coll\u00e8ge Robert-Schuman (MACON - 71), 1e \u00e9quipe<br \/> 19 Coll\u00e8ge Jean-Philippe Rameau (DIJON - 21)<br \/> 20 Coll\u00e8ge Stendhal (BESAN\u00c7ON - 25), 2e \u00e9quipe<br \/> 21 Coll\u00e8ge Albert-Mathiez (MARNAY - 70), 1e \u00e9quipe<br \/> 22 Coll\u00e8ge Stendhal (BESAN\u00c7ON - 25), 1e \u00e9quipe<br \/> 23 Coll\u00e8ge Henry-Berger (FONTAINE-FRAN\u00c7AISE - 21), 2e \u00e9quipe<br \/> 24 Coll\u00e8ge Jules-Gr\u00e9vy (POLIGNY - 39)<br \/> 25 Coll\u00e8ge Paul-Fort (IS-SUR-TILLE - 21), 1e \u00e9quipe<br \/> 26 Coll\u00e8ge Jacques-Mercusot (SOMBERNON - 21), 2e \u00e9quipe<br \/> 27 Coll\u00e8ge Henri-Morat (RECEY-SUR-OURCE - 21), 2e \u00e9quipe<br \/> 28 Coll\u00e8ge Albert-Mathiez (MARNAY - 70), 2e \u00e9quipe<br \/> 29 Coll\u00e8ge Louis Bruntz (BOURMONT - 52)<br \/> 30 Coll\u00e8ge Paul-Fort (IS-SUR-TILLE - 21), 2e \u00e9quipe<br \/> 31 Coll\u00e8ge \u00c9mile-Lepitre (LAIGNES - 21), 2e \u00e9quipe<br \/> 32 Coll\u00e8ge Robert-Schuman (MACON - 71), 2e \u00e9quipe<\/p>\n<\/div><\/div><div id=\"panel-80-0-1-1\" class=\"so-panel widget widget_sow-button\" data-index=\"2\" ><div\n\t\t\t\n\t\t\tclass=\"so-widget-sow-button so-widget-sow-button-atom-2fa5db29757e-80\"\n\t\t\t\n\t\t><div class=\"ow-button-base ow-button-align-left\">\n\t<a\n\thref=\"http:\/\/festival-ismotscroises.fr\/wp-content\/uploads\/2015\/06\/2015-TDC-GRILLES.pdf\"\n\t\tclass=\"ow-icon-placement-left ow-button-hover\" target=\"_blank\" rel=\"noopener noreferrer\" \t>\n\t\t<span>\n\t\t\t\n\t\t\tT\u00e9l\u00e9chargez les grilles\t\t<\/span>\n\t<\/a>\n<\/div>\n<\/div><\/div><div id=\"panel-80-0-1-2\" class=\"so-panel widget widget_sow-button panel-last-child\" data-index=\"3\" ><div\n\t\t\t\n\t\t\tclass=\"so-widget-sow-button so-widget-sow-button-atom-2fa5db29757e-80\"\n\t\t\t\n\t\t><div class=\"ow-button-base ow-button-align-left\">\n\t<a\n\thref=\"http:\/\/festival-ismotscroises.fr\/wp-content\/uploads\/2015\/06\/2015-TDC-GRILLES-SOL.pdf\"\n\t\tclass=\"ow-icon-placement-left ow-button-hover\" target=\"_blank\" rel=\"noopener noreferrer\" \t>\n\t\t<span>\n\t\t\t\n\t\t\tT\u00e9l\u00e9chargez les solutions\t\t<\/span>\n\t<\/a>\n<\/div>\n<\/div><\/div><\/div><\/div><div id=\"pg-80-1\"  class=\"panel-grid panel-no-style\" ><div id=\"pgc-80-1-0\"  class=\"panel-grid-cell\" ><div id=\"panel-80-1-0-0\" class=\"so-panel widget widget_black-studio-tinymce widget_black_studio_tinymce panel-first-child panel-last-child\" data-index=\"4\" ><div class=\"textwidget\"><p><img loading=\"lazy\" decoding=\"async\" class=\" size-medium wp-image-742 aligncenter\" src=\"http:\/\/festival-ismotscroises.fr\/wp-content\/uploads\/2015\/06\/MASCOTTE-300x264.png\" alt=\"MASCOTTE\" width=\"300\" height=\"264\" srcset=\"https:\/\/festival-ismotscroises.fr\/wp-content\/uploads\/2015\/06\/MASCOTTE-300x264.png 300w, https:\/\/festival-ismotscroises.fr\/wp-content\/uploads\/2015\/06\/MASCOTTE.png 535w\" sizes=\"auto, (max-width: 300px) 100vw, 300px\" \/><\/p>\n<\/div><\/div><\/div><\/div><\/div>","protected":false},"excerpt":{"rendered":"<p>Tournoi des coll\u00e8ges, samedi 16 mai 2015Le coll\u00e8ge Claude-Girard, de Ch\u00e2tillon-le-Duc (Doubs), remporte le titre de champion 2015, devant une \u00e9quipe de Selongey (coll\u00e8ge Champ-Lumi\u00e8re). C&rsquo;est la premi\u00e8re fois qu&rsquo;un coll\u00e8ge ext\u00e9rieur \u00e0 la C\u00f4te-d&rsquo;Or remporte la comp\u00e9tition. La derni\u00e8re manche de l&rsquo;apr\u00e8s-midi a \u00e9t\u00e9 arr\u00eat\u00e9e en un peu plus de 5 minutes par une [&hellip;]<\/p>\n","protected":false},"author":2,"featured_media":0,"parent":0,"menu_order":0,"comment_status":"closed","ping_status":"closed","template":"templates\/template-full-notitle.php","meta":{"_monsterinsights_skip_tracking":false,"_monsterinsights_sitenote_active":false,"_monsterinsights_sitenote_note":"","_monsterinsights_sitenote_category":0,"footnotes":""},"class_list":["post-80","page","type-page","status-publish","hentry","post"],"yoast_head":"<!-- This site is optimized with the Yoast SEO plugin v22.6 - https:\/\/yoast.com\/wordpress\/plugins\/seo\/ -->\n<title>Tournoi des coll\u00e8ges - Le Festival des mots crois\u00e9s \u00e0 Is-sur-Tille<\/title>\n<meta name=\"robots\" content=\"index, follow, max-snippet:-1, max-image-preview:large, max-video-preview:-1\" \/>\n<link rel=\"canonical\" href=\"https:\/\/festival-ismotscroises.fr\/?page_id=80\" \/>\n<meta property=\"og:locale\" content=\"fr_FR\" \/>\n<meta property=\"og:type\" content=\"article\" \/>\n<meta property=\"og:title\" content=\"Tournoi des coll\u00e8ges - Le Festival des mots crois\u00e9s \u00e0 Is-sur-Tille\" \/>\n<meta property=\"og:description\" content=\"Tournoi des coll\u00e8ges, samedi 16 mai 2015Le coll\u00e8ge Claude-Girard, de Ch\u00e2tillon-le-Duc (Doubs), remporte le titre de champion 2015, devant une \u00e9quipe de Selongey (coll\u00e8ge Champ-Lumi\u00e8re). C&#039;est la premi\u00e8re fois qu&#039;un coll\u00e8ge ext\u00e9rieur \u00e0 la C\u00f4te-d&#039;Or remporte la comp\u00e9tition. La derni\u00e8re manche de l&#039;apr\u00e8s-midi a \u00e9t\u00e9 arr\u00eat\u00e9e en un peu plus de 5 minutes par une [&hellip;]\" \/>\n<meta property=\"og:url\" content=\"https:\/\/festival-ismotscroises.fr\/?page_id=80\" \/>\n<meta property=\"og:site_name\" content=\"Le Festival des mots crois\u00e9s \u00e0 Is-sur-Tille\" \/>\n<meta property=\"article:modified_time\" content=\"2023-03-24T14:50:52+00:00\" \/>\n<meta property=\"og:image\" content=\"http:\/\/festival-ismotscroises.fr\/wp-content\/plugins\/easy-media-gallery-pro\/includes\/images\/trans.png\" \/>\n<meta name=\"twitter:card\" content=\"summary_large_image\" \/>\n<meta name=\"twitter:label1\" content=\"Dur\u00e9e de lecture estim\u00e9e\" \/>\n\t<meta name=\"twitter:data1\" content=\"3 minutes\" \/>\n<script type=\"application\/ld+json\" class=\"yoast-schema-graph\">{\"@context\":\"https:\/\/schema.org\",\"@graph\":[{\"@type\":\"WebPage\",\"@id\":\"https:\/\/festival-ismotscroises.fr\/?page_id=80\",\"url\":\"https:\/\/festival-ismotscroises.fr\/?page_id=80\",\"name\":\"Tournoi des coll\u00e8ges - Le Festival des mots crois\u00e9s \u00e0 Is-sur-Tille\",\"isPartOf\":{\"@id\":\"https:\/\/festival-ismotscroises.fr\/#website\"},\"primaryImageOfPage\":{\"@id\":\"https:\/\/festival-ismotscroises.fr\/?page_id=80#primaryimage\"},\"image\":{\"@id\":\"https:\/\/festival-ismotscroises.fr\/?page_id=80#primaryimage\"},\"thumbnailUrl\":\"http:\/\/festival-ismotscroises.fr\/wp-content\/plugins\/easy-media-gallery-pro\/includes\/images\/trans.png\",\"datePublished\":\"2015-06-18T17:14:40+00:00\",\"dateModified\":\"2023-03-24T14:50:52+00:00\",\"breadcrumb\":{\"@id\":\"https:\/\/festival-ismotscroises.fr\/?page_id=80#breadcrumb\"},\"inLanguage\":\"fr-FR\",\"potentialAction\":[{\"@type\":\"ReadAction\",\"target\":[\"https:\/\/festival-ismotscroises.fr\/?page_id=80\"]}]},{\"@type\":\"ImageObject\",\"inLanguage\":\"fr-FR\",\"@id\":\"https:\/\/festival-ismotscroises.fr\/?page_id=80#primaryimage\",\"url\":\"http:\/\/festival-ismotscroises.fr\/wp-content\/plugins\/easy-media-gallery-pro\/includes\/images\/trans.png\",\"contentUrl\":\"http:\/\/festival-ismotscroises.fr\/wp-content\/plugins\/easy-media-gallery-pro\/includes\/images\/trans.png\"},{\"@type\":\"BreadcrumbList\",\"@id\":\"https:\/\/festival-ismotscroises.fr\/?page_id=80#breadcrumb\",\"itemListElement\":[{\"@type\":\"ListItem\",\"position\":1,\"name\":\"Accueil\",\"item\":\"https:\/\/festival-ismotscroises.fr\/\"},{\"@type\":\"ListItem\",\"position\":2,\"name\":\"Tournoi des coll\u00e8ges\"}]},{\"@type\":\"WebSite\",\"@id\":\"https:\/\/festival-ismotscroises.fr\/#website\",\"url\":\"https:\/\/festival-ismotscroises.fr\/\",\"name\":\"Le Festival des mots crois\u00e9s \u00e0 Is-sur-Tille\",\"description\":\"La ville d&#039;Is-sur-Tille, en C\u00f4te-d&#039;Or, organise un festival annuel de mots crois\u00e9s depuis 1990..\",\"potentialAction\":[{\"@type\":\"SearchAction\",\"target\":{\"@type\":\"EntryPoint\",\"urlTemplate\":\"https:\/\/festival-ismotscroises.fr\/?s={search_term_string}\"},\"query-input\":\"required name=search_term_string\"}],\"inLanguage\":\"fr-FR\"}]}<\/script>\n<!-- \/ Yoast SEO plugin. -->","yoast_head_json":{"title":"Tournoi des coll\u00e8ges - Le Festival des mots crois\u00e9s \u00e0 Is-sur-Tille","robots":{"index":"index","follow":"follow","max-snippet":"max-snippet:-1","max-image-preview":"max-image-preview:large","max-video-preview":"max-video-preview:-1"},"canonical":"https:\/\/festival-ismotscroises.fr\/?page_id=80","og_locale":"fr_FR","og_type":"article","og_title":"Tournoi des coll\u00e8ges - Le Festival des mots crois\u00e9s \u00e0 Is-sur-Tille","og_description":"Tournoi des coll\u00e8ges, samedi 16 mai 2015Le coll\u00e8ge Claude-Girard, de Ch\u00e2tillon-le-Duc (Doubs), remporte le titre de champion 2015, devant une \u00e9quipe de Selongey (coll\u00e8ge Champ-Lumi\u00e8re). C'est la premi\u00e8re fois qu'un coll\u00e8ge ext\u00e9rieur \u00e0 la C\u00f4te-d'Or remporte la comp\u00e9tition. La derni\u00e8re manche de l'apr\u00e8s-midi a \u00e9t\u00e9 arr\u00eat\u00e9e en un peu plus de 5 minutes par une [&hellip;]","og_url":"https:\/\/festival-ismotscroises.fr\/?page_id=80","og_site_name":"Le Festival des mots crois\u00e9s \u00e0 Is-sur-Tille","article_modified_time":"2023-03-24T14:50:52+00:00","og_image":[{"url":"http:\/\/festival-ismotscroises.fr\/wp-content\/plugins\/easy-media-gallery-pro\/includes\/images\/trans.png"}],"twitter_card":"summary_large_image","twitter_misc":{"Dur\u00e9e de lecture estim\u00e9e":"3 minutes"},"schema":{"@context":"https:\/\/schema.org","@graph":[{"@type":"WebPage","@id":"https:\/\/festival-ismotscroises.fr\/?page_id=80","url":"https:\/\/festival-ismotscroises.fr\/?page_id=80","name":"Tournoi des coll\u00e8ges - Le Festival des mots crois\u00e9s \u00e0 Is-sur-Tille","isPartOf":{"@id":"https:\/\/festival-ismotscroises.fr\/#website"},"primaryImageOfPage":{"@id":"https:\/\/festival-ismotscroises.fr\/?page_id=80#primaryimage"},"image":{"@id":"https:\/\/festival-ismotscroises.fr\/?page_id=80#primaryimage"},"thumbnailUrl":"http:\/\/festival-ismotscroises.fr\/wp-content\/plugins\/easy-media-gallery-pro\/includes\/images\/trans.png","datePublished":"2015-06-18T17:14:40+00:00","dateModified":"2023-03-24T14:50:52+00:00","breadcrumb":{"@id":"https:\/\/festival-ismotscroises.fr\/?page_id=80#breadcrumb"},"inLanguage":"fr-FR","potentialAction":[{"@type":"ReadAction","target":["https:\/\/festival-ismotscroises.fr\/?page_id=80"]}]},{"@type":"ImageObject","inLanguage":"fr-FR","@id":"https:\/\/festival-ismotscroises.fr\/?page_id=80#primaryimage","url":"http:\/\/festival-ismotscroises.fr\/wp-content\/plugins\/easy-media-gallery-pro\/includes\/images\/trans.png","contentUrl":"http:\/\/festival-ismotscroises.fr\/wp-content\/plugins\/easy-media-gallery-pro\/includes\/images\/trans.png"},{"@type":"BreadcrumbList","@id":"https:\/\/festival-ismotscroises.fr\/?page_id=80#breadcrumb","itemListElement":[{"@type":"ListItem","position":1,"name":"Accueil","item":"https:\/\/festival-ismotscroises.fr\/"},{"@type":"ListItem","position":2,"name":"Tournoi des coll\u00e8ges"}]},{"@type":"WebSite","@id":"https:\/\/festival-ismotscroises.fr\/#website","url":"https:\/\/festival-ismotscroises.fr\/","name":"Le Festival des mots crois\u00e9s \u00e0 Is-sur-Tille","description":"La ville d&#039;Is-sur-Tille, en C\u00f4te-d&#039;Or, organise un festival annuel de mots crois\u00e9s depuis 1990..","potentialAction":[{"@type":"SearchAction","target":{"@type":"EntryPoint","urlTemplate":"https:\/\/festival-ismotscroises.fr\/?s={search_term_string}"},"query-input":"required name=search_term_string"}],"inLanguage":"fr-FR"}]}},"_links":{"self":[{"href":"https:\/\/festival-ismotscroises.fr\/index.php?rest_route=\/wp\/v2\/pages\/80","targetHints":{"allow":["GET"]}}],"collection":[{"href":"https:\/\/festival-ismotscroises.fr\/index.php?rest_route=\/wp\/v2\/pages"}],"about":[{"href":"https:\/\/festival-ismotscroises.fr\/index.php?rest_route=\/wp\/v2\/types\/page"}],"author":[{"embeddable":true,"href":"https:\/\/festival-ismotscroises.fr\/index.php?rest_route=\/wp\/v2\/users\/2"}],"replies":[{"embeddable":true,"href":"https:\/\/festival-ismotscroises.fr\/index.php?rest_route=%2Fwp%2Fv2%2Fcomments&post=80"}],"version-history":[{"count":25,"href":"https:\/\/festival-ismotscroises.fr\/index.php?rest_route=\/wp\/v2\/pages\/80\/revisions"}],"predecessor-version":[{"id":3828,"href":"https:\/\/festival-ismotscroises.fr\/index.php?rest_route=\/wp\/v2\/pages\/80\/revisions\/3828"}],"wp:attachment":[{"href":"https:\/\/festival-ismotscroises.fr\/index.php?rest_route=%2Fwp%2Fv2%2Fmedia&parent=80"}],"curies":[{"name":"wp","href":"https:\/\/api.w.org\/{rel}","templated":true}]}}