{"id":71,"date":"2015-06-18T19:05:52","date_gmt":"2015-06-18T17:05:52","guid":{"rendered":"http:\/\/festival-ismotscroises.fr\/?page_id=71"},"modified":"2019-11-09T18:39:24","modified_gmt":"2019-11-09T17:39:24","slug":"bureau","status":"publish","type":"page","link":"https:\/\/festival-ismotscroises.fr\/?page_id=71","title":{"rendered":"Bureau"},"content":{"rendered":"<div id=\"pl-71\"  class=\"panel-layout\" ><div id=\"pg-71-0\"  class=\"panel-grid panel-no-style\" ><div id=\"pgc-71-0-0\"  class=\"panel-grid-cell\" ><div id=\"panel-71-0-0-0\" class=\"so-panel widget widget_black-studio-tinymce widget_black_studio_tinymce panel-first-child\" data-index=\"0\" ><div class=\"textwidget\"><h3 style=\"text-align: justify;\"><strong>Bureau<\/strong><\/h3>\n<p style=\"text-align: justify;\">L'association<em> Is mots crois\u00e9s<\/em> rassemble une dizaine de membres occup\u00e9s exclusivement \u00e0 la pr\u00e9paration et l'organisation du Festival des mots crois\u00e9s, qui a lieu \u00e0 Is-sur-Tille le troisi\u00e8me week-end du mois de mai. La Ville d'Is-sur-Tille, fondatrice du Festival des mots crois\u00e9s en 1990 et co-organisatrice de l'\u00e9v\u00e9nement, est traditionnellement repr\u00e9sent\u00e9e par plusieurs \u00e9lus, adh\u00e9rents de base de l'association.<\/p>\n<p style=\"text-align: justify;\">\u00a0<\/p>\n<\/div><\/div><div id=\"panel-71-0-0-1\" class=\"so-panel widget widget_black-studio-tinymce widget_black_studio_tinymce\" data-index=\"1\" ><div class=\"textwidget\"><p style=\"text-align: center;\">\u00a0<\/p>\n<p style=\"text-align: center;\"><strong><img loading=\"lazy\" decoding=\"async\" class=\"aligncenter size-full wp-image-3292\" src=\"http:\/\/festival-ismotscroises.fr\/wp-content\/uploads\/2018\/01\/bureau.jpg\" alt=\"\" width=\"1422\" height=\"594\" srcset=\"https:\/\/festival-ismotscroises.fr\/wp-content\/uploads\/2018\/01\/bureau.jpg 1422w, https:\/\/festival-ismotscroises.fr\/wp-content\/uploads\/2018\/01\/bureau-300x125.jpg 300w, https:\/\/festival-ismotscroises.fr\/wp-content\/uploads\/2018\/01\/bureau-768x321.jpg 768w, https:\/\/festival-ismotscroises.fr\/wp-content\/uploads\/2018\/01\/bureau-1024x428.jpg 1024w, https:\/\/festival-ismotscroises.fr\/wp-content\/uploads\/2018\/01\/bureau-600x251.jpg 600w\" sizes=\"auto, (max-width: 1422px) 100vw, 1422px\" \/>Le bureau de l'association<\/strong><\/p>\n<\/div><\/div><div id=\"panel-71-0-0-2\" class=\"so-panel widget widget_text\" data-index=\"2\" ><h3 class=\"widget-title\">Historique de l&rsquo;association Is mots crois\u00e9s<\/h3>\t\t\t<div class=\"textwidget\"><p>L&rsquo;association <strong><em>Is mots crois\u00e9s<\/em><\/strong> a vu le jour en 1996, suite \u00e0 une volont\u00e9 municipale de d\u00e9l\u00e9guer le lourd travail de pr\u00e9paration du Festival des mots crois\u00e9s. Elle a connu trois pr\u00e9sidents, Alain Morin (de 1996 \u00e0 1999), Alain Clouet (entre 2000 et 2002) et Jean Ben A\u00efm depuis 2003. Les maires Jean Rebiff\u00e9 (jusqu&rsquo;en 1996),\u00a0 Michel Maillot (entre 1996 et 2014) et Thierry Darphin (depuis 2014) ont eu un r\u00f4le actif dans la p\u00e9rennisation de ce festival annuel.<\/p>\n<\/div>\n\t\t<\/div><div id=\"panel-71-0-0-3\" class=\"so-panel widget widget_text\" data-index=\"3\" ><h3 class=\"widget-title\">Contact<\/h3>\t\t\t<div class=\"textwidget\"><div id=\"pl-gbp5dc5956e4fdf8\" class=\"panel-layout\">\n<div id=\"pg-gbp5dc5956e4fdf8-0\" class=\"panel-grid panel-no-style\">\n<div id=\"pgc-gbp5dc5956e4fdf8-0-0\" class=\"panel-grid-cell\">\n<div id=\"panel-gbp5dc5956e4fdf8-0-0-0\" class=\"so-panel widget widget_text panel-first-child panel-last-child\" data-index=\"0\">\n<div class=\"textwidget\">\n<p>Association Is mots crois\u00e9s : contact@motscroises.org \u2013 07 83 14 21 56<\/p>\n<p>Mairie d\u2019Is-sur-Tille : christine.nunes@is-sur-tille.fr \u2013 03 80 95 47 71<\/p>\n<\/div>\n<\/div>\n<\/div>\n<\/div>\n<\/div>\n<\/div>\n\t\t<\/div><div id=\"panel-71-0-0-4\" class=\"so-panel widget widget_black-studio-tinymce widget_black_studio_tinymce panel-last-child\" data-index=\"4\" ><div class=\"textwidget\"><p>\u00a0<\/p>\n<p>\u00a0<\/p>\n<p>\u00a0<\/p>\n<p><img loading=\"lazy\" decoding=\"async\" class=\" size-full wp-image-1496 alignright\" src=\"http:\/\/festival-ismotscroises.fr\/wp-content\/uploads\/2015\/07\/ISMOTSCROISES-LOGO.png\" alt=\"ISMOTSCROISES-LOGO\" width=\"152\" height=\"150\" \/><\/p>\n<\/div><\/div><\/div><\/div><\/div>","protected":false},"excerpt":{"rendered":"<p>BureauL&rsquo;association Is mots crois\u00e9s rassemble une dizaine de membres occup\u00e9s exclusivement \u00e0 la pr\u00e9paration et l&rsquo;organisation du Festival des mots crois\u00e9s, qui a lieu \u00e0 Is-sur-Tille le troisi\u00e8me week-end du mois de mai. La Ville d&rsquo;Is-sur-Tille, fondatrice du Festival des mots crois\u00e9s en 1990 et co-organisatrice de l&rsquo;\u00e9v\u00e9nement, est traditionnellement repr\u00e9sent\u00e9e par plusieurs \u00e9lus, adh\u00e9rents [&hellip;]<\/p>\n","protected":false},"author":2,"featured_media":0,"parent":0,"menu_order":0,"comment_status":"closed","ping_status":"closed","template":"templates\/template-full-notitle.php","meta":{"_monsterinsights_skip_tracking":false,"_monsterinsights_sitenote_active":false,"_monsterinsights_sitenote_note":"","_monsterinsights_sitenote_category":0,"footnotes":""},"class_list":["post-71","page","type-page","status-publish","hentry","post"],"yoast_head":"<!-- This site is optimized with the Yoast SEO plugin v22.6 - https:\/\/yoast.com\/wordpress\/plugins\/seo\/ -->\n<title>Bureau - Le Festival des mots crois\u00e9s \u00e0 Is-sur-Tille<\/title>\n<meta name=\"robots\" content=\"index, follow, max-snippet:-1, max-image-preview:large, max-video-preview:-1\" \/>\n<link rel=\"canonical\" href=\"https:\/\/festival-ismotscroises.fr\/?page_id=71\" \/>\n<meta property=\"og:locale\" content=\"fr_FR\" \/>\n<meta property=\"og:type\" content=\"article\" \/>\n<meta property=\"og:title\" content=\"Bureau - Le Festival des mots crois\u00e9s \u00e0 Is-sur-Tille\" \/>\n<meta property=\"og:description\" content=\"BureauL&#039;association Is mots crois\u00e9s rassemble une dizaine de membres occup\u00e9s exclusivement \u00e0 la pr\u00e9paration et l&#039;organisation du Festival des mots crois\u00e9s, qui a lieu \u00e0 Is-sur-Tille le troisi\u00e8me week-end du mois de mai. La Ville d&#039;Is-sur-Tille, fondatrice du Festival des mots crois\u00e9s en 1990 et co-organisatrice de l&#039;\u00e9v\u00e9nement, est traditionnellement repr\u00e9sent\u00e9e par plusieurs \u00e9lus, adh\u00e9rents [&hellip;]\" \/>\n<meta property=\"og:url\" content=\"https:\/\/festival-ismotscroises.fr\/?page_id=71\" \/>\n<meta property=\"og:site_name\" content=\"Le Festival des mots crois\u00e9s \u00e0 Is-sur-Tille\" \/>\n<meta property=\"article:modified_time\" content=\"2019-11-09T17:39:24+00:00\" \/>\n<meta property=\"og:image\" content=\"http:\/\/festival-ismotscroises.fr\/wp-content\/uploads\/2018\/01\/bureau.jpg\" \/>\n<meta name=\"twitter:card\" content=\"summary_large_image\" \/>\n<meta name=\"twitter:label1\" content=\"Dur\u00e9e de lecture estim\u00e9e\" \/>\n\t<meta name=\"twitter:data1\" content=\"1 minute\" \/>\n<script type=\"application\/ld+json\" class=\"yoast-schema-graph\">{\"@context\":\"https:\/\/schema.org\",\"@graph\":[{\"@type\":\"WebPage\",\"@id\":\"https:\/\/festival-ismotscroises.fr\/?page_id=71\",\"url\":\"https:\/\/festival-ismotscroises.fr\/?page_id=71\",\"name\":\"Bureau - Le Festival des mots crois\u00e9s \u00e0 Is-sur-Tille\",\"isPartOf\":{\"@id\":\"https:\/\/festival-ismotscroises.fr\/#website\"},\"primaryImageOfPage\":{\"@id\":\"https:\/\/festival-ismotscroises.fr\/?page_id=71#primaryimage\"},\"image\":{\"@id\":\"https:\/\/festival-ismotscroises.fr\/?page_id=71#primaryimage\"},\"thumbnailUrl\":\"http:\/\/festival-ismotscroises.fr\/wp-content\/uploads\/2018\/01\/bureau.jpg\",\"datePublished\":\"2015-06-18T17:05:52+00:00\",\"dateModified\":\"2019-11-09T17:39:24+00:00\",\"breadcrumb\":{\"@id\":\"https:\/\/festival-ismotscroises.fr\/?page_id=71#breadcrumb\"},\"inLanguage\":\"fr-FR\",\"potentialAction\":[{\"@type\":\"ReadAction\",\"target\":[\"https:\/\/festival-ismotscroises.fr\/?page_id=71\"]}]},{\"@type\":\"ImageObject\",\"inLanguage\":\"fr-FR\",\"@id\":\"https:\/\/festival-ismotscroises.fr\/?page_id=71#primaryimage\",\"url\":\"https:\/\/festival-ismotscroises.fr\/wp-content\/uploads\/2018\/01\/bureau.jpg\",\"contentUrl\":\"https:\/\/festival-ismotscroises.fr\/wp-content\/uploads\/2018\/01\/bureau.jpg\",\"width\":1422,\"height\":594},{\"@type\":\"BreadcrumbList\",\"@id\":\"https:\/\/festival-ismotscroises.fr\/?page_id=71#breadcrumb\",\"itemListElement\":[{\"@type\":\"ListItem\",\"position\":1,\"name\":\"Accueil\",\"item\":\"https:\/\/festival-ismotscroises.fr\/\"},{\"@type\":\"ListItem\",\"position\":2,\"name\":\"Bureau\"}]},{\"@type\":\"WebSite\",\"@id\":\"https:\/\/festival-ismotscroises.fr\/#website\",\"url\":\"https:\/\/festival-ismotscroises.fr\/\",\"name\":\"Le Festival des mots crois\u00e9s \u00e0 Is-sur-Tille\",\"description\":\"La ville d&#039;Is-sur-Tille, en C\u00f4te-d&#039;Or, organise un festival annuel de mots crois\u00e9s depuis 1990..\",\"potentialAction\":[{\"@type\":\"SearchAction\",\"target\":{\"@type\":\"EntryPoint\",\"urlTemplate\":\"https:\/\/festival-ismotscroises.fr\/?s={search_term_string}\"},\"query-input\":\"required name=search_term_string\"}],\"inLanguage\":\"fr-FR\"}]}<\/script>\n<!-- \/ Yoast SEO plugin. -->","yoast_head_json":{"title":"Bureau - Le Festival des mots crois\u00e9s \u00e0 Is-sur-Tille","robots":{"index":"index","follow":"follow","max-snippet":"max-snippet:-1","max-image-preview":"max-image-preview:large","max-video-preview":"max-video-preview:-1"},"canonical":"https:\/\/festival-ismotscroises.fr\/?page_id=71","og_locale":"fr_FR","og_type":"article","og_title":"Bureau - Le Festival des mots crois\u00e9s \u00e0 Is-sur-Tille","og_description":"BureauL'association Is mots crois\u00e9s rassemble une dizaine de membres occup\u00e9s exclusivement \u00e0 la pr\u00e9paration et l'organisation du Festival des mots crois\u00e9s, qui a lieu \u00e0 Is-sur-Tille le troisi\u00e8me week-end du mois de mai. La Ville d'Is-sur-Tille, fondatrice du Festival des mots crois\u00e9s en 1990 et co-organisatrice de l'\u00e9v\u00e9nement, est traditionnellement repr\u00e9sent\u00e9e par plusieurs \u00e9lus, adh\u00e9rents [&hellip;]","og_url":"https:\/\/festival-ismotscroises.fr\/?page_id=71","og_site_name":"Le Festival des mots crois\u00e9s \u00e0 Is-sur-Tille","article_modified_time":"2019-11-09T17:39:24+00:00","og_image":[{"url":"http:\/\/festival-ismotscroises.fr\/wp-content\/uploads\/2018\/01\/bureau.jpg"}],"twitter_card":"summary_large_image","twitter_misc":{"Dur\u00e9e de lecture estim\u00e9e":"1 minute"},"schema":{"@context":"https:\/\/schema.org","@graph":[{"@type":"WebPage","@id":"https:\/\/festival-ismotscroises.fr\/?page_id=71","url":"https:\/\/festival-ismotscroises.fr\/?page_id=71","name":"Bureau - Le Festival des mots crois\u00e9s \u00e0 Is-sur-Tille","isPartOf":{"@id":"https:\/\/festival-ismotscroises.fr\/#website"},"primaryImageOfPage":{"@id":"https:\/\/festival-ismotscroises.fr\/?page_id=71#primaryimage"},"image":{"@id":"https:\/\/festival-ismotscroises.fr\/?page_id=71#primaryimage"},"thumbnailUrl":"http:\/\/festival-ismotscroises.fr\/wp-content\/uploads\/2018\/01\/bureau.jpg","datePublished":"2015-06-18T17:05:52+00:00","dateModified":"2019-11-09T17:39:24+00:00","breadcrumb":{"@id":"https:\/\/festival-ismotscroises.fr\/?page_id=71#breadcrumb"},"inLanguage":"fr-FR","potentialAction":[{"@type":"ReadAction","target":["https:\/\/festival-ismotscroises.fr\/?page_id=71"]}]},{"@type":"ImageObject","inLanguage":"fr-FR","@id":"https:\/\/festival-ismotscroises.fr\/?page_id=71#primaryimage","url":"https:\/\/festival-ismotscroises.fr\/wp-content\/uploads\/2018\/01\/bureau.jpg","contentUrl":"https:\/\/festival-ismotscroises.fr\/wp-content\/uploads\/2018\/01\/bureau.jpg","width":1422,"height":594},{"@type":"BreadcrumbList","@id":"https:\/\/festival-ismotscroises.fr\/?page_id=71#breadcrumb","itemListElement":[{"@type":"ListItem","position":1,"name":"Accueil","item":"https:\/\/festival-ismotscroises.fr\/"},{"@type":"ListItem","position":2,"name":"Bureau"}]},{"@type":"WebSite","@id":"https:\/\/festival-ismotscroises.fr\/#website","url":"https:\/\/festival-ismotscroises.fr\/","name":"Le Festival des mots crois\u00e9s \u00e0 Is-sur-Tille","description":"La ville d&#039;Is-sur-Tille, en C\u00f4te-d&#039;Or, organise un festival annuel de mots crois\u00e9s depuis 1990..","potentialAction":[{"@type":"SearchAction","target":{"@type":"EntryPoint","urlTemplate":"https:\/\/festival-ismotscroises.fr\/?s={search_term_string}"},"query-input":"required name=search_term_string"}],"inLanguage":"fr-FR"}]}},"_links":{"self":[{"href":"https:\/\/festival-ismotscroises.fr\/index.php?rest_route=\/wp\/v2\/pages\/71","targetHints":{"allow":["GET"]}}],"collection":[{"href":"https:\/\/festival-ismotscroises.fr\/index.php?rest_route=\/wp\/v2\/pages"}],"about":[{"href":"https:\/\/festival-ismotscroises.fr\/index.php?rest_route=\/wp\/v2\/types\/page"}],"author":[{"embeddable":true,"href":"https:\/\/festival-ismotscroises.fr\/index.php?rest_route=\/wp\/v2\/users\/2"}],"replies":[{"embeddable":true,"href":"https:\/\/festival-ismotscroises.fr\/index.php?rest_route=%2Fwp%2Fv2%2Fcomments&post=71"}],"version-history":[{"count":35,"href":"https:\/\/festival-ismotscroises.fr\/index.php?rest_route=\/wp\/v2\/pages\/71\/revisions"}],"predecessor-version":[{"id":3560,"href":"https:\/\/festival-ismotscroises.fr\/index.php?rest_route=\/wp\/v2\/pages\/71\/revisions\/3560"}],"wp:attachment":[{"href":"https:\/\/festival-ismotscroises.fr\/index.php?rest_route=%2Fwp%2Fv2%2Fmedia&parent=71"}],"curies":[{"name":"wp","href":"https:\/\/api.w.org\/{rel}","templated":true}]}}