{"id":59,"date":"2015-06-18T18:59:22","date_gmt":"2015-06-18T16:59:22","guid":{"rendered":"http:\/\/festival-ismotscroises.fr\/?page_id=59"},"modified":"2016-01-15T23:46:07","modified_gmt":"2016-01-15T22:46:07","slug":"mots-croises-scolaires","status":"publish","type":"page","link":"https:\/\/festival-ismotscroises.fr\/?page_id=59","title":{"rendered":"Mots crois\u00e9s scolaires"},"content":{"rendered":"<div id=\"pl-59\"  class=\"panel-layout\" ><div id=\"pg-59-0\"  class=\"panel-grid panel-no-style\" ><div id=\"pgc-59-0-0\"  class=\"panel-grid-cell\" ><div id=\"panel-59-0-0-0\" class=\"so-panel widget widget_sow-image panel-first-child panel-last-child\" data-index=\"0\" ><div\n\t\t\t\n\t\t\tclass=\"so-widget-sow-image so-widget-sow-image-default-8b5b6f678277-59\"\n\t\t\t\n\t\t>\n\n<div class=\"sow-image-container\">\n\t\t<img loading=\"lazy\" decoding=\"async\" src=\"https:\/\/festival-ismotscroises.fr\/wp-content\/uploads\/2015\/06\/COMPETITIONS-MCS.jpg\" width=\"430\" height=\"430\" srcset=\"https:\/\/festival-ismotscroises.fr\/wp-content\/uploads\/2015\/06\/COMPETITIONS-MCS.jpg 430w, https:\/\/festival-ismotscroises.fr\/wp-content\/uploads\/2015\/06\/COMPETITIONS-MCS-150x150.jpg 150w, https:\/\/festival-ismotscroises.fr\/wp-content\/uploads\/2015\/06\/COMPETITIONS-MCS-300x300.jpg 300w\" sizes=\"auto, (max-width: 430px) 100vw, 430px\" alt=\"\" \t\tclass=\"so-widget-image\"\/>\n\t<\/div>\n\n<\/div><\/div><\/div><div id=\"pgc-59-0-1\"  class=\"panel-grid-cell\" ><div id=\"panel-59-0-1-0\" class=\"so-panel widget widget_black-studio-tinymce widget_black_studio_tinymce panel-first-child panel-last-child\" data-index=\"1\" ><div class=\"textwidget\"><h3 style=\"text-align: justify;\"><strong>Mots crois\u00e9s scolaires<\/strong><\/h3>\n<p style=\"text-align: justify;\">Un concours des \u00e9coles a pris fin \u00e0 Is-sur-Tille en 2005. Lourdeur de l'organisation... Mais les enfants qui le souhaitent peuvent toujours s'exercer avec les grilles de Jean Rossat, toutes disponibles sur ce site.<\/p>\n<h4 style=\"text-align: justify;\"><strong>Croiser des mots\u2026<\/strong><\/h4>\n<p style=\"text-align: justify;\">\u00c0 la fois le plaisir de jouer avec les mots, alli\u00e9 \u00e0 la satisfaction d'une activit\u00e9 qui met en \u0153uvre l'esprit d'induction et des connaissances pas n\u00e9cessairement livresques\u2026<br \/>C'est en 1992 qu'eut lieu pour la premi\u00e8re fois le concours de mots crois\u00e9s des \u00e9coles primaires du r\u00e9seau ACTI reli\u00e9es par t\u00e9l\u00e9copie, dans le cadre du 3e Festival de mots crois\u00e9s d'Is-sur-Tille.<br \/>L'auteur des grilles est Jean Rossat, verbicruciste, sp\u00e9cialiste en France de manifestations publiques par les mots crois\u00e9s et auteur d'animations et d'initiations scolaires.<\/p>\n<h4 style=\"text-align: justify;\"><strong>Pourquoi faire des mots crois\u00e9s \u00e0 l'\u00e9cole ?<\/strong><\/h4>\n<p style=\"text-align: justify;\">\u00ab\u00a0Les mots crois\u00e9s ont une valeur \u00e9ducative consid\u00e9rable\u00a0\u00bb, affirmait d\u00e8s 1928 l'\u00e9crivain Tristan Bernard, pionnier des mots crois\u00e9s\u00a0 \u00ab\u00a0\u00e0 la fran\u00e7aise\u00a0\u00bb et auteur de grilles \u00ab\u00a0pour apprendre \u00e0 nos enfants \u00e0 faire des mots crois\u00e9s et enrichir leur vocabulaire de fa\u00e7on attrayante.\u00a0\u00bb<br \/>La valeur \u00e9ducative des mots crois\u00e9s n'est plus \u00e0 d\u00e9montrer. Sous un aspect ludique, ils obligent \u00e0 une lecture et \u00e0 une r\u00e9flexion, ils permettent d'introduire tout naturellement des activit\u00e9s langagi\u00e8res et pluridisciplinaires (orthographe, grammaire, vocabulaire, mais aussi recherche documentaire, histoire, g\u00e9ographie, sciences...). Ils encouragent \u00e0 l'utilisation raisonn\u00e9e du dictionnaire et permettent, sous la direction de l'enseignant, \u00e0 partir d'un th\u00e8me choisi, d'explorer syst\u00e9matiquement un champ lexical.<\/p>\n<h4 style=\"text-align: justify;\"><strong>Les conseils aux enfants<\/strong><\/h4>\n<p style=\"text-align: justify;\">Entra\u00eene-toi pour le concours en r\u00e9solvant les grilles qui te sont propos\u00e9es.<br \/>Dans certaines de ces grilles, tu pourras b\u00e9n\u00e9ficier d'aides et de documents suppl\u00e9mentaires en cliquant sur les mots apparaissant en bleu.<br \/>Mais tout cela ne remplacera pas ta propre recherche dans les livres et les dictionnaires. Nous esp\u00e9rons que ces jeux te donneront l'habitude et le go\u00fbt de les utiliser.<br \/>Si tu as l'esprit de comp\u00e9tition, tu peux t'amuser \u00e0 te chronom\u00e9trer. Ces grilles sont faites pour \u00eatre r\u00e9solues en moins d'une heure.<\/p>\n<p style=\"text-align: justify;\"><a href=\"http:\/\/festival-ismotscroises.fr\/wp-content\/uploads\/2015\/07\/MCS-GRILLES.pdf\" target=\"_blank\"><em><strong>Exercez-vous avec les grilles d'archives<\/strong><\/em><\/a><\/p>\n<\/div><\/div><\/div><\/div><div id=\"pg-59-1\"  class=\"panel-grid panel-no-style\" ><div id=\"pgc-59-1-0\"  class=\"panel-grid-cell\" ><div id=\"panel-59-1-0-0\" class=\"so-panel widget widget_black-studio-tinymce widget_black_studio_tinymce panel-first-child panel-last-child\" data-index=\"2\" ><div class=\"textwidget\"><p><img loading=\"lazy\" decoding=\"async\" class=\" size-medium wp-image-742 aligncenter\" src=\"http:\/\/festival-ismotscroises.fr\/wp-content\/uploads\/2015\/06\/MASCOTTE-300x264.png\" alt=\"MASCOTTE\" width=\"300\" height=\"264\" srcset=\"https:\/\/festival-ismotscroises.fr\/wp-content\/uploads\/2015\/06\/MASCOTTE-300x264.png 300w, https:\/\/festival-ismotscroises.fr\/wp-content\/uploads\/2015\/06\/MASCOTTE.png 535w\" sizes=\"auto, (max-width: 300px) 100vw, 300px\" \/><\/p>\n<\/div><\/div><\/div><\/div><\/div>","protected":false},"excerpt":{"rendered":"<p>Mots crois\u00e9s scolairesUn concours des \u00e9coles a pris fin \u00e0 Is-sur-Tille en 2005. Lourdeur de l&rsquo;organisation&#8230; Mais les enfants qui le souhaitent peuvent toujours s&rsquo;exercer avec les grilles de Jean Rossat, toutes disponibles sur ce site.Croiser des mots\u2026\u00c0 la fois le plaisir de jouer avec les mots, alli\u00e9 \u00e0 la satisfaction d&rsquo;une activit\u00e9 qui met [&hellip;]<\/p>\n","protected":false},"author":2,"featured_media":0,"parent":0,"menu_order":0,"comment_status":"closed","ping_status":"closed","template":"templates\/template-full-notitle.php","meta":{"_monsterinsights_skip_tracking":false,"_monsterinsights_sitenote_active":false,"_monsterinsights_sitenote_note":"","_monsterinsights_sitenote_category":0,"footnotes":""},"class_list":["post-59","page","type-page","status-publish","hentry","post"],"yoast_head":"<!-- This site is optimized with the Yoast SEO plugin v22.6 - https:\/\/yoast.com\/wordpress\/plugins\/seo\/ -->\n<title>Mots crois\u00e9s scolaires - Le Festival des mots crois\u00e9s \u00e0 Is-sur-Tille<\/title>\n<meta name=\"robots\" content=\"index, follow, max-snippet:-1, max-image-preview:large, max-video-preview:-1\" \/>\n<link rel=\"canonical\" href=\"https:\/\/festival-ismotscroises.fr\/?page_id=59\" \/>\n<meta property=\"og:locale\" content=\"fr_FR\" \/>\n<meta property=\"og:type\" content=\"article\" \/>\n<meta property=\"og:title\" content=\"Mots crois\u00e9s scolaires - Le Festival des mots crois\u00e9s \u00e0 Is-sur-Tille\" \/>\n<meta property=\"og:description\" content=\"Mots crois\u00e9s scolairesUn concours des \u00e9coles a pris fin \u00e0 Is-sur-Tille en 2005. Lourdeur de l&#039;organisation... Mais les enfants qui le souhaitent peuvent toujours s&#039;exercer avec les grilles de Jean Rossat, toutes disponibles sur ce site.Croiser des mots\u2026\u00c0 la fois le plaisir de jouer avec les mots, alli\u00e9 \u00e0 la satisfaction d&#039;une activit\u00e9 qui met [&hellip;]\" \/>\n<meta property=\"og:url\" content=\"https:\/\/festival-ismotscroises.fr\/?page_id=59\" \/>\n<meta property=\"og:site_name\" content=\"Le Festival des mots crois\u00e9s \u00e0 Is-sur-Tille\" \/>\n<meta property=\"article:modified_time\" content=\"2016-01-15T22:46:07+00:00\" \/>\n<meta property=\"og:image\" content=\"http:\/\/festival-ismotscroises.fr\/wp-content\/uploads\/2015\/06\/COMPETITIONS-MCS.jpg\" \/>\n<meta name=\"twitter:card\" content=\"summary_large_image\" \/>\n<meta name=\"twitter:label1\" content=\"Dur\u00e9e de lecture estim\u00e9e\" \/>\n\t<meta name=\"twitter:data1\" content=\"2 minutes\" \/>\n<script type=\"application\/ld+json\" class=\"yoast-schema-graph\">{\"@context\":\"https:\/\/schema.org\",\"@graph\":[{\"@type\":\"WebPage\",\"@id\":\"https:\/\/festival-ismotscroises.fr\/?page_id=59\",\"url\":\"https:\/\/festival-ismotscroises.fr\/?page_id=59\",\"name\":\"Mots crois\u00e9s scolaires - Le Festival des mots crois\u00e9s \u00e0 Is-sur-Tille\",\"isPartOf\":{\"@id\":\"https:\/\/festival-ismotscroises.fr\/#website\"},\"primaryImageOfPage\":{\"@id\":\"https:\/\/festival-ismotscroises.fr\/?page_id=59#primaryimage\"},\"image\":{\"@id\":\"https:\/\/festival-ismotscroises.fr\/?page_id=59#primaryimage\"},\"thumbnailUrl\":\"http:\/\/festival-ismotscroises.fr\/wp-content\/uploads\/2015\/06\/COMPETITIONS-MCS.jpg\",\"datePublished\":\"2015-06-18T16:59:22+00:00\",\"dateModified\":\"2016-01-15T22:46:07+00:00\",\"breadcrumb\":{\"@id\":\"https:\/\/festival-ismotscroises.fr\/?page_id=59#breadcrumb\"},\"inLanguage\":\"fr-FR\",\"potentialAction\":[{\"@type\":\"ReadAction\",\"target\":[\"https:\/\/festival-ismotscroises.fr\/?page_id=59\"]}]},{\"@type\":\"ImageObject\",\"inLanguage\":\"fr-FR\",\"@id\":\"https:\/\/festival-ismotscroises.fr\/?page_id=59#primaryimage\",\"url\":\"https:\/\/festival-ismotscroises.fr\/wp-content\/uploads\/2015\/06\/COMPETITIONS-MCS.jpg\",\"contentUrl\":\"https:\/\/festival-ismotscroises.fr\/wp-content\/uploads\/2015\/06\/COMPETITIONS-MCS.jpg\",\"width\":430,\"height\":430},{\"@type\":\"BreadcrumbList\",\"@id\":\"https:\/\/festival-ismotscroises.fr\/?page_id=59#breadcrumb\",\"itemListElement\":[{\"@type\":\"ListItem\",\"position\":1,\"name\":\"Accueil\",\"item\":\"https:\/\/festival-ismotscroises.fr\/\"},{\"@type\":\"ListItem\",\"position\":2,\"name\":\"Mots crois\u00e9s scolaires\"}]},{\"@type\":\"WebSite\",\"@id\":\"https:\/\/festival-ismotscroises.fr\/#website\",\"url\":\"https:\/\/festival-ismotscroises.fr\/\",\"name\":\"Le Festival des mots crois\u00e9s \u00e0 Is-sur-Tille\",\"description\":\"La ville d&#039;Is-sur-Tille, en C\u00f4te-d&#039;Or, organise un festival annuel de mots crois\u00e9s depuis 1990..\",\"potentialAction\":[{\"@type\":\"SearchAction\",\"target\":{\"@type\":\"EntryPoint\",\"urlTemplate\":\"https:\/\/festival-ismotscroises.fr\/?s={search_term_string}\"},\"query-input\":\"required name=search_term_string\"}],\"inLanguage\":\"fr-FR\"}]}<\/script>\n<!-- \/ Yoast SEO plugin. -->","yoast_head_json":{"title":"Mots crois\u00e9s scolaires - Le Festival des mots crois\u00e9s \u00e0 Is-sur-Tille","robots":{"index":"index","follow":"follow","max-snippet":"max-snippet:-1","max-image-preview":"max-image-preview:large","max-video-preview":"max-video-preview:-1"},"canonical":"https:\/\/festival-ismotscroises.fr\/?page_id=59","og_locale":"fr_FR","og_type":"article","og_title":"Mots crois\u00e9s scolaires - Le Festival des mots crois\u00e9s \u00e0 Is-sur-Tille","og_description":"Mots crois\u00e9s scolairesUn concours des \u00e9coles a pris fin \u00e0 Is-sur-Tille en 2005. Lourdeur de l'organisation... Mais les enfants qui le souhaitent peuvent toujours s'exercer avec les grilles de Jean Rossat, toutes disponibles sur ce site.Croiser des mots\u2026\u00c0 la fois le plaisir de jouer avec les mots, alli\u00e9 \u00e0 la satisfaction d'une activit\u00e9 qui met [&hellip;]","og_url":"https:\/\/festival-ismotscroises.fr\/?page_id=59","og_site_name":"Le Festival des mots crois\u00e9s \u00e0 Is-sur-Tille","article_modified_time":"2016-01-15T22:46:07+00:00","og_image":[{"url":"http:\/\/festival-ismotscroises.fr\/wp-content\/uploads\/2015\/06\/COMPETITIONS-MCS.jpg"}],"twitter_card":"summary_large_image","twitter_misc":{"Dur\u00e9e de lecture estim\u00e9e":"2 minutes"},"schema":{"@context":"https:\/\/schema.org","@graph":[{"@type":"WebPage","@id":"https:\/\/festival-ismotscroises.fr\/?page_id=59","url":"https:\/\/festival-ismotscroises.fr\/?page_id=59","name":"Mots crois\u00e9s scolaires - Le Festival des mots crois\u00e9s \u00e0 Is-sur-Tille","isPartOf":{"@id":"https:\/\/festival-ismotscroises.fr\/#website"},"primaryImageOfPage":{"@id":"https:\/\/festival-ismotscroises.fr\/?page_id=59#primaryimage"},"image":{"@id":"https:\/\/festival-ismotscroises.fr\/?page_id=59#primaryimage"},"thumbnailUrl":"http:\/\/festival-ismotscroises.fr\/wp-content\/uploads\/2015\/06\/COMPETITIONS-MCS.jpg","datePublished":"2015-06-18T16:59:22+00:00","dateModified":"2016-01-15T22:46:07+00:00","breadcrumb":{"@id":"https:\/\/festival-ismotscroises.fr\/?page_id=59#breadcrumb"},"inLanguage":"fr-FR","potentialAction":[{"@type":"ReadAction","target":["https:\/\/festival-ismotscroises.fr\/?page_id=59"]}]},{"@type":"ImageObject","inLanguage":"fr-FR","@id":"https:\/\/festival-ismotscroises.fr\/?page_id=59#primaryimage","url":"https:\/\/festival-ismotscroises.fr\/wp-content\/uploads\/2015\/06\/COMPETITIONS-MCS.jpg","contentUrl":"https:\/\/festival-ismotscroises.fr\/wp-content\/uploads\/2015\/06\/COMPETITIONS-MCS.jpg","width":430,"height":430},{"@type":"BreadcrumbList","@id":"https:\/\/festival-ismotscroises.fr\/?page_id=59#breadcrumb","itemListElement":[{"@type":"ListItem","position":1,"name":"Accueil","item":"https:\/\/festival-ismotscroises.fr\/"},{"@type":"ListItem","position":2,"name":"Mots crois\u00e9s scolaires"}]},{"@type":"WebSite","@id":"https:\/\/festival-ismotscroises.fr\/#website","url":"https:\/\/festival-ismotscroises.fr\/","name":"Le Festival des mots crois\u00e9s \u00e0 Is-sur-Tille","description":"La ville d&#039;Is-sur-Tille, en C\u00f4te-d&#039;Or, organise un festival annuel de mots crois\u00e9s depuis 1990..","potentialAction":[{"@type":"SearchAction","target":{"@type":"EntryPoint","urlTemplate":"https:\/\/festival-ismotscroises.fr\/?s={search_term_string}"},"query-input":"required name=search_term_string"}],"inLanguage":"fr-FR"}]}},"_links":{"self":[{"href":"https:\/\/festival-ismotscroises.fr\/index.php?rest_route=\/wp\/v2\/pages\/59","targetHints":{"allow":["GET"]}}],"collection":[{"href":"https:\/\/festival-ismotscroises.fr\/index.php?rest_route=\/wp\/v2\/pages"}],"about":[{"href":"https:\/\/festival-ismotscroises.fr\/index.php?rest_route=\/wp\/v2\/types\/page"}],"author":[{"embeddable":true,"href":"https:\/\/festival-ismotscroises.fr\/index.php?rest_route=\/wp\/v2\/users\/2"}],"replies":[{"embeddable":true,"href":"https:\/\/festival-ismotscroises.fr\/index.php?rest_route=%2Fwp%2Fv2%2Fcomments&post=59"}],"version-history":[{"count":11,"href":"https:\/\/festival-ismotscroises.fr\/index.php?rest_route=\/wp\/v2\/pages\/59\/revisions"}],"predecessor-version":[{"id":1816,"href":"https:\/\/festival-ismotscroises.fr\/index.php?rest_route=\/wp\/v2\/pages\/59\/revisions\/1816"}],"wp:attachment":[{"href":"https:\/\/festival-ismotscroises.fr\/index.php?rest_route=%2Fwp%2Fv2%2Fmedia&parent=59"}],"curies":[{"name":"wp","href":"https:\/\/api.w.org\/{rel}","templated":true}]}}