{"id":53,"date":"2015-06-18T18:57:44","date_gmt":"2015-06-18T16:57:44","guid":{"rendered":"http:\/\/festival-ismotscroises.fr\/?page_id=53"},"modified":"2015-07-07T23:57:31","modified_gmt":"2015-07-07T21:57:31","slug":"tournoi-des-3-rivieres","status":"publish","type":"page","link":"https:\/\/festival-ismotscroises.fr\/?page_id=53","title":{"rendered":"Tournoi des 3 Rivi\u00e8res"},"content":{"rendered":"<div id=\"pl-53\"  class=\"panel-layout\" ><div id=\"pg-53-0\"  class=\"panel-grid panel-no-style\" ><div id=\"pgc-53-0-0\"  class=\"panel-grid-cell\" ><div id=\"panel-53-0-0-0\" class=\"so-panel widget widget_sow-image panel-first-child panel-last-child\" data-index=\"0\" ><div\n\t\t\t\n\t\t\tclass=\"so-widget-sow-image so-widget-sow-image-default-8b5b6f678277-53\"\n\t\t\t\n\t\t>\n\n<div class=\"sow-image-container\">\n\t\t<img loading=\"lazy\" decoding=\"async\" src=\"https:\/\/festival-ismotscroises.fr\/wp-content\/uploads\/2015\/06\/COMPETITIONS-T3R.jpg\" width=\"430\" height=\"430\" srcset=\"https:\/\/festival-ismotscroises.fr\/wp-content\/uploads\/2015\/06\/COMPETITIONS-T3R.jpg 430w, https:\/\/festival-ismotscroises.fr\/wp-content\/uploads\/2015\/06\/COMPETITIONS-T3R-150x150.jpg 150w, https:\/\/festival-ismotscroises.fr\/wp-content\/uploads\/2015\/06\/COMPETITIONS-T3R-300x300.jpg 300w\" sizes=\"auto, (max-width: 430px) 100vw, 430px\" alt=\"\" \t\tclass=\"so-widget-image\"\/>\n\t<\/div>\n\n<\/div><\/div><\/div><div id=\"pgc-53-0-1\"  class=\"panel-grid-cell\" ><div id=\"panel-53-0-1-0\" class=\"so-panel widget widget_black-studio-tinymce widget_black_studio_tinymce panel-first-child panel-last-child\" data-index=\"1\" ><div class=\"textwidget\"><h3 style=\"text-align: justify;\"><strong>Tournoi des 3 Rivi\u00e8res<\/strong><\/h3>\n<p style=\"text-align: justify;\">Formule de tournoi introduite \u00e0 Is-sur-Tille en 1999, cette comp\u00e9tition locale a \u00e9t\u00e9 cr\u00e9\u00e9e pour r\u00e9pondre \u00e0 une attente des cruciverbistes d\u2019Is-sur-Tille et des communes voisines. Elle n'a pas \u00e9t\u00e9 reconduite \u00e0 partir de 2006. Ce tournoi se distinguait de son grand fr\u00e8re le Tournoi de Bourgogne par l\u2019origine g\u00e9ographique de ses participants. Il fallait en effet habiter dans l\u2019un des trois cantons du Pays des 3 Rivi\u00e8res (Is-sur-Tille, Selongey et Grancey-le-Ch\u00e2teau.)<br \/>Alors que le Tournoi de Bourgogne a \u00e9t\u00e9 une \u00e9preuve individuelle jusqu'en 2005, le Tournoi des 3 Rivi\u00e8res a concern\u00e9 d\u00e8s le d\u00e9part des paires de joueurs. Il se d\u00e9roulait en lever de rideau du Festival, d\u00e8s le vendredi soir. La finale n\u2019avait pas lieu le soir m\u00eame, mais faisait l\u2019\u00e9v\u00e9nement de la soir\u00e9e des mots crois\u00e9s organis\u00e9e le samedi dans la salle des Capucins.<br \/>Cette int\u00e9ressante comp\u00e9tition a permis \u00e0 des joueurs locaux de s\u2019affirmer et de pouvoir affronter les plus grands champions r\u00e9gionaux. Ainsi, Jocelyne Fleurey a r\u00e9ussi un parcours brillant en mai 2002, en allant jusqu\u2019\u00e0 la demi-finale du Tournoi de Bourgogne. L\u2019ann\u00e9e suivante, Mireille Borecki r\u00e9ussissait \u00e0 atteindre la finale, qu\u2019elle devait perdre face au d\u00e9tenteur du titre Bernard Monnet, de Talant.<br \/>Le Tournoi des 3 Rivi\u00e8res a donn\u00e9 naissance en 2001 d\u2019un club de cruciverbistes.<\/p>\n<p style=\"text-align: justify;\"><strong>D\u00e9couvrez :<\/strong> <a href=\"http:\/\/festival-ismotscroises.fr\/?page_id=188\">l'\u00e9dition 2005<\/a> \u2022 <a href=\"http:\/\/festival-ismotscroises.fr\/?page_id=203\">l'\u00e9dition 2004<\/a> \u2022 <a href=\"http:\/\/festival-ismotscroises.fr\/?page_id=215\">l'\u00e9dition 2003<\/a> \u2022 <a href=\"http:\/\/festival-ismotscroises.fr\/?page_id=227\">l'\u00e9dition 2002<\/a> \u2022 <a href=\"http:\/\/festival-ismotscroises.fr\/?page_id=242\">l'\u00e9dition 2001<\/a><\/p>\n<\/div><\/div><\/div><\/div><div id=\"pg-53-1\"  class=\"panel-grid panel-no-style\" ><div id=\"pgc-53-1-0\"  class=\"panel-grid-cell\" ><div id=\"panel-53-1-0-0\" class=\"so-panel widget widget_black-studio-tinymce widget_black_studio_tinymce panel-first-child panel-last-child\" data-index=\"2\" ><div class=\"textwidget\"><p><img loading=\"lazy\" decoding=\"async\" class=\" size-full wp-image-1496 alignright\" src=\"http:\/\/festival-ismotscroises.fr\/wp-content\/uploads\/2015\/07\/ISMOTSCROISES-LOGO.png\" alt=\"ISMOTSCROISES-LOGO\" width=\"152\" height=\"150\" \/><\/p>\n<\/div><\/div><\/div><\/div><\/div>","protected":false},"excerpt":{"rendered":"<p>Tournoi des 3 Rivi\u00e8resFormule de tournoi introduite \u00e0 Is-sur-Tille en 1999, cette comp\u00e9tition locale a \u00e9t\u00e9 cr\u00e9\u00e9e pour r\u00e9pondre \u00e0 une attente des cruciverbistes d\u2019Is-sur-Tille et des communes voisines. Elle n&rsquo;a pas \u00e9t\u00e9 reconduite \u00e0 partir de 2006. Ce tournoi se distinguait de son grand fr\u00e8re le Tournoi de Bourgogne par l\u2019origine g\u00e9ographique de ses [&hellip;]<\/p>\n","protected":false},"author":2,"featured_media":0,"parent":0,"menu_order":0,"comment_status":"closed","ping_status":"closed","template":"templates\/template-full-notitle.php","meta":{"_monsterinsights_skip_tracking":false,"_monsterinsights_sitenote_active":false,"_monsterinsights_sitenote_note":"","_monsterinsights_sitenote_category":0,"footnotes":""},"class_list":["post-53","page","type-page","status-publish","hentry","post"],"yoast_head":"<!-- This site is optimized with the Yoast SEO plugin v22.6 - https:\/\/yoast.com\/wordpress\/plugins\/seo\/ -->\n<title>Tournoi des 3 Rivi\u00e8res - Le Festival des mots crois\u00e9s \u00e0 Is-sur-Tille<\/title>\n<meta name=\"robots\" content=\"index, follow, max-snippet:-1, max-image-preview:large, max-video-preview:-1\" \/>\n<link rel=\"canonical\" href=\"https:\/\/festival-ismotscroises.fr\/?page_id=53\" \/>\n<meta property=\"og:locale\" content=\"fr_FR\" \/>\n<meta property=\"og:type\" content=\"article\" \/>\n<meta property=\"og:title\" content=\"Tournoi des 3 Rivi\u00e8res - Le Festival des mots crois\u00e9s \u00e0 Is-sur-Tille\" \/>\n<meta property=\"og:description\" content=\"Tournoi des 3 Rivi\u00e8resFormule de tournoi introduite \u00e0 Is-sur-Tille en 1999, cette comp\u00e9tition locale a \u00e9t\u00e9 cr\u00e9\u00e9e pour r\u00e9pondre \u00e0 une attente des cruciverbistes d\u2019Is-sur-Tille et des communes voisines. Elle n&#039;a pas \u00e9t\u00e9 reconduite \u00e0 partir de 2006. Ce tournoi se distinguait de son grand fr\u00e8re le Tournoi de Bourgogne par l\u2019origine g\u00e9ographique de ses [&hellip;]\" \/>\n<meta property=\"og:url\" content=\"https:\/\/festival-ismotscroises.fr\/?page_id=53\" \/>\n<meta property=\"og:site_name\" content=\"Le Festival des mots crois\u00e9s \u00e0 Is-sur-Tille\" \/>\n<meta property=\"article:modified_time\" content=\"2015-07-07T21:57:31+00:00\" \/>\n<meta property=\"og:image\" content=\"http:\/\/festival-ismotscroises.fr\/wp-content\/uploads\/2015\/06\/COMPETITIONS-T3R.jpg\" \/>\n<meta name=\"twitter:card\" content=\"summary_large_image\" \/>\n<meta name=\"twitter:label1\" content=\"Dur\u00e9e de lecture estim\u00e9e\" \/>\n\t<meta name=\"twitter:data1\" content=\"1 minute\" \/>\n<script type=\"application\/ld+json\" class=\"yoast-schema-graph\">{\"@context\":\"https:\/\/schema.org\",\"@graph\":[{\"@type\":\"WebPage\",\"@id\":\"https:\/\/festival-ismotscroises.fr\/?page_id=53\",\"url\":\"https:\/\/festival-ismotscroises.fr\/?page_id=53\",\"name\":\"Tournoi des 3 Rivi\u00e8res - Le Festival des mots crois\u00e9s \u00e0 Is-sur-Tille\",\"isPartOf\":{\"@id\":\"https:\/\/festival-ismotscroises.fr\/#website\"},\"primaryImageOfPage\":{\"@id\":\"https:\/\/festival-ismotscroises.fr\/?page_id=53#primaryimage\"},\"image\":{\"@id\":\"https:\/\/festival-ismotscroises.fr\/?page_id=53#primaryimage\"},\"thumbnailUrl\":\"http:\/\/festival-ismotscroises.fr\/wp-content\/uploads\/2015\/06\/COMPETITIONS-T3R.jpg\",\"datePublished\":\"2015-06-18T16:57:44+00:00\",\"dateModified\":\"2015-07-07T21:57:31+00:00\",\"breadcrumb\":{\"@id\":\"https:\/\/festival-ismotscroises.fr\/?page_id=53#breadcrumb\"},\"inLanguage\":\"fr-FR\",\"potentialAction\":[{\"@type\":\"ReadAction\",\"target\":[\"https:\/\/festival-ismotscroises.fr\/?page_id=53\"]}]},{\"@type\":\"ImageObject\",\"inLanguage\":\"fr-FR\",\"@id\":\"https:\/\/festival-ismotscroises.fr\/?page_id=53#primaryimage\",\"url\":\"https:\/\/festival-ismotscroises.fr\/wp-content\/uploads\/2015\/06\/COMPETITIONS-T3R.jpg\",\"contentUrl\":\"https:\/\/festival-ismotscroises.fr\/wp-content\/uploads\/2015\/06\/COMPETITIONS-T3R.jpg\",\"width\":430,\"height\":430},{\"@type\":\"BreadcrumbList\",\"@id\":\"https:\/\/festival-ismotscroises.fr\/?page_id=53#breadcrumb\",\"itemListElement\":[{\"@type\":\"ListItem\",\"position\":1,\"name\":\"Accueil\",\"item\":\"https:\/\/festival-ismotscroises.fr\/\"},{\"@type\":\"ListItem\",\"position\":2,\"name\":\"Tournoi des 3 Rivi\u00e8res\"}]},{\"@type\":\"WebSite\",\"@id\":\"https:\/\/festival-ismotscroises.fr\/#website\",\"url\":\"https:\/\/festival-ismotscroises.fr\/\",\"name\":\"Le Festival des mots crois\u00e9s \u00e0 Is-sur-Tille\",\"description\":\"La ville d&#039;Is-sur-Tille, en C\u00f4te-d&#039;Or, organise un festival annuel de mots crois\u00e9s depuis 1990..\",\"potentialAction\":[{\"@type\":\"SearchAction\",\"target\":{\"@type\":\"EntryPoint\",\"urlTemplate\":\"https:\/\/festival-ismotscroises.fr\/?s={search_term_string}\"},\"query-input\":\"required name=search_term_string\"}],\"inLanguage\":\"fr-FR\"}]}<\/script>\n<!-- \/ Yoast SEO plugin. -->","yoast_head_json":{"title":"Tournoi des 3 Rivi\u00e8res - Le Festival des mots crois\u00e9s \u00e0 Is-sur-Tille","robots":{"index":"index","follow":"follow","max-snippet":"max-snippet:-1","max-image-preview":"max-image-preview:large","max-video-preview":"max-video-preview:-1"},"canonical":"https:\/\/festival-ismotscroises.fr\/?page_id=53","og_locale":"fr_FR","og_type":"article","og_title":"Tournoi des 3 Rivi\u00e8res - Le Festival des mots crois\u00e9s \u00e0 Is-sur-Tille","og_description":"Tournoi des 3 Rivi\u00e8resFormule de tournoi introduite \u00e0 Is-sur-Tille en 1999, cette comp\u00e9tition locale a \u00e9t\u00e9 cr\u00e9\u00e9e pour r\u00e9pondre \u00e0 une attente des cruciverbistes d\u2019Is-sur-Tille et des communes voisines. Elle n'a pas \u00e9t\u00e9 reconduite \u00e0 partir de 2006. Ce tournoi se distinguait de son grand fr\u00e8re le Tournoi de Bourgogne par l\u2019origine g\u00e9ographique de ses [&hellip;]","og_url":"https:\/\/festival-ismotscroises.fr\/?page_id=53","og_site_name":"Le Festival des mots crois\u00e9s \u00e0 Is-sur-Tille","article_modified_time":"2015-07-07T21:57:31+00:00","og_image":[{"url":"http:\/\/festival-ismotscroises.fr\/wp-content\/uploads\/2015\/06\/COMPETITIONS-T3R.jpg"}],"twitter_card":"summary_large_image","twitter_misc":{"Dur\u00e9e de lecture estim\u00e9e":"1 minute"},"schema":{"@context":"https:\/\/schema.org","@graph":[{"@type":"WebPage","@id":"https:\/\/festival-ismotscroises.fr\/?page_id=53","url":"https:\/\/festival-ismotscroises.fr\/?page_id=53","name":"Tournoi des 3 Rivi\u00e8res - Le Festival des mots crois\u00e9s \u00e0 Is-sur-Tille","isPartOf":{"@id":"https:\/\/festival-ismotscroises.fr\/#website"},"primaryImageOfPage":{"@id":"https:\/\/festival-ismotscroises.fr\/?page_id=53#primaryimage"},"image":{"@id":"https:\/\/festival-ismotscroises.fr\/?page_id=53#primaryimage"},"thumbnailUrl":"http:\/\/festival-ismotscroises.fr\/wp-content\/uploads\/2015\/06\/COMPETITIONS-T3R.jpg","datePublished":"2015-06-18T16:57:44+00:00","dateModified":"2015-07-07T21:57:31+00:00","breadcrumb":{"@id":"https:\/\/festival-ismotscroises.fr\/?page_id=53#breadcrumb"},"inLanguage":"fr-FR","potentialAction":[{"@type":"ReadAction","target":["https:\/\/festival-ismotscroises.fr\/?page_id=53"]}]},{"@type":"ImageObject","inLanguage":"fr-FR","@id":"https:\/\/festival-ismotscroises.fr\/?page_id=53#primaryimage","url":"https:\/\/festival-ismotscroises.fr\/wp-content\/uploads\/2015\/06\/COMPETITIONS-T3R.jpg","contentUrl":"https:\/\/festival-ismotscroises.fr\/wp-content\/uploads\/2015\/06\/COMPETITIONS-T3R.jpg","width":430,"height":430},{"@type":"BreadcrumbList","@id":"https:\/\/festival-ismotscroises.fr\/?page_id=53#breadcrumb","itemListElement":[{"@type":"ListItem","position":1,"name":"Accueil","item":"https:\/\/festival-ismotscroises.fr\/"},{"@type":"ListItem","position":2,"name":"Tournoi des 3 Rivi\u00e8res"}]},{"@type":"WebSite","@id":"https:\/\/festival-ismotscroises.fr\/#website","url":"https:\/\/festival-ismotscroises.fr\/","name":"Le Festival des mots crois\u00e9s \u00e0 Is-sur-Tille","description":"La ville d&#039;Is-sur-Tille, en C\u00f4te-d&#039;Or, organise un festival annuel de mots crois\u00e9s depuis 1990..","potentialAction":[{"@type":"SearchAction","target":{"@type":"EntryPoint","urlTemplate":"https:\/\/festival-ismotscroises.fr\/?s={search_term_string}"},"query-input":"required name=search_term_string"}],"inLanguage":"fr-FR"}]}},"_links":{"self":[{"href":"https:\/\/festival-ismotscroises.fr\/index.php?rest_route=\/wp\/v2\/pages\/53","targetHints":{"allow":["GET"]}}],"collection":[{"href":"https:\/\/festival-ismotscroises.fr\/index.php?rest_route=\/wp\/v2\/pages"}],"about":[{"href":"https:\/\/festival-ismotscroises.fr\/index.php?rest_route=\/wp\/v2\/types\/page"}],"author":[{"embeddable":true,"href":"https:\/\/festival-ismotscroises.fr\/index.php?rest_route=\/wp\/v2\/users\/2"}],"replies":[{"embeddable":true,"href":"https:\/\/festival-ismotscroises.fr\/index.php?rest_route=%2Fwp%2Fv2%2Fcomments&post=53"}],"version-history":[{"count":14,"href":"https:\/\/festival-ismotscroises.fr\/index.php?rest_route=\/wp\/v2\/pages\/53\/revisions"}],"predecessor-version":[{"id":1505,"href":"https:\/\/festival-ismotscroises.fr\/index.php?rest_route=\/wp\/v2\/pages\/53\/revisions\/1505"}],"wp:attachment":[{"href":"https:\/\/festival-ismotscroises.fr\/index.php?rest_route=%2Fwp%2Fv2%2Fmedia&parent=53"}],"curies":[{"name":"wp","href":"https:\/\/api.w.org\/{rel}","templated":true}]}}