{"id":50,"date":"2015-06-18T18:53:54","date_gmt":"2015-06-18T16:53:54","guid":{"rendered":"http:\/\/festival-ismotscroises.fr\/?page_id=50"},"modified":"2016-11-13T20:44:37","modified_gmt":"2016-11-13T19:44:37","slug":"tournoi-de-bourgogne","status":"publish","type":"page","link":"https:\/\/festival-ismotscroises.fr\/?page_id=50","title":{"rendered":"Tournoi de Bourgogne"},"content":{"rendered":"<div id=\"pl-50\"  class=\"panel-layout\" ><div id=\"pg-50-0\"  class=\"panel-grid panel-no-style\" ><div id=\"pgc-50-0-0\"  class=\"panel-grid-cell\" ><div id=\"panel-50-0-0-0\" class=\"so-panel widget widget_sow-image panel-first-child panel-last-child\" data-index=\"0\" ><div\n\t\t\t\n\t\t\tclass=\"so-widget-sow-image so-widget-sow-image-default-8b5b6f678277-50\"\n\t\t\t\n\t\t>\n\n<div class=\"sow-image-container\">\n\t\t<img loading=\"lazy\" decoding=\"async\" src=\"https:\/\/festival-ismotscroises.fr\/wp-content\/uploads\/2015\/06\/COMPETITIONS-TB.jpg\" width=\"430\" height=\"430\" srcset=\"https:\/\/festival-ismotscroises.fr\/wp-content\/uploads\/2015\/06\/COMPETITIONS-TB.jpg 430w, https:\/\/festival-ismotscroises.fr\/wp-content\/uploads\/2015\/06\/COMPETITIONS-TB-150x150.jpg 150w, https:\/\/festival-ismotscroises.fr\/wp-content\/uploads\/2015\/06\/COMPETITIONS-TB-300x300.jpg 300w\" sizes=\"auto, (max-width: 430px) 100vw, 430px\" alt=\"\" \t\tclass=\"so-widget-image\"\/>\n\t<\/div>\n\n<\/div><\/div><\/div><div id=\"pgc-50-0-1\"  class=\"panel-grid-cell\" ><div id=\"panel-50-0-1-0\" class=\"so-panel widget widget_black-studio-tinymce widget_black_studio_tinymce panel-first-child panel-last-child\" data-index=\"1\" ><div class=\"textwidget\"><h3 style=\"text-align: justify;\">Tournoi de Bourgogne<\/h3>\n<h4 style=\"text-align: justify;\"><strong>Inscriptions<\/strong><\/h4>\n<p style=\"text-align: justify;\">On s'inscrit en remplissant le formulaire sur ce site &gt;&gt; <a href=\"http:\/\/festival-ismotscroises.fr\/?page_id=2547\" target=\"_blank\">ICI<\/a>, ou par la Poste (\u00e0 Association Is mots crois\u00e9s, 2 rue de la Libert\u00e9, 21120 Is-sur-Tille) en envoyant les m\u00eames renseignements (nom, adresse postale, e-mail, t\u00e9l\u00e9phone, nombre de repas r\u00e9serv\u00e9s pour le dimanche). <br \/>L'auteur Jean Rossat fournit aux joueurs inscrits une grille d'entra\u00eenement \u00e0 lui renvoyer compl\u00e9t\u00e9e. Les inscriptions sont effectives, et confirm\u00e9es par courriel ou par voie postale, apr\u00e8s r\u00e9ception du r\u00e8glement correspondant (10 \u20ac par inscrit + 15 \u20ac par repas r\u00e9serv\u00e9).<\/p>\n<h4 style=\"text-align: justify;\"><strong>La qualification<\/strong><\/h4>\n<p style=\"text-align: justify;\">Le tournoi a lieu l'apr\u00e8s-midi, \u00e0 partir de 14 h. Le matin de la comp\u00e9tition, l'auteur propose aux concurrents une grille de 15x15 \u00e0 r\u00e9soudre en 1 heure 30. Cette \u00e9preuve permet de qualifier les 8 premiers joueurs pour le tournoi solo, les joueurs suivants forment des \u00e9quipes de deux joueurs pour la version duo du m\u00eame tournoi.<\/p>\n<h4 style=\"text-align: justify;\"><strong>\u00c0 qui s'adresse le Tournoi open de Bourgogne<\/strong><\/h4>\n<p style=\"text-align: justify;\">Ce tournoi s'adresse \u00e0 tout adulte qui pratique les mots crois\u00e9s... et la comp\u00e9tition. La formule open permet \u00e0 tout joueur francophone, quelle que soit sa nationalit\u00e9 et son origine g\u00e9ographique, de s'inscrire et de participer.<\/p>\n<h4 style=\"text-align: justify;\"><strong>Le principe du jeu<\/strong><\/h4>\n<p style=\"text-align: justify;\">\u00c0 chaque tour, deux \u00e9quipes doivent r\u00e9soudre le plus vite possible (et en un quart d'heure maximum) une m\u00eame grille de 10x10 cases pr\u00e9sent\u00e9e sur deux tableaux effa\u00e7ables masqu\u00e9s l'un de l'autre, mais visibles du public. Une formule spectaculaire, in\u00e9dite en Europe.<br \/>La vitesse est donc un \u00e9l\u00e9ment important dans la strat\u00e9gie des joueurs, mais qui ne suffit pas toujours pour faire la diff\u00e9rence. Car le premier crit\u00e8re pris en compte d\u00e8s la fin d'un match est l'exactitude rigoureuse par rapport \u00e0 la solution type de l'auteur. Et l'on assiste parfois \u00e0 d'\u00e9tonnants renversements de situation.<br \/>R\u00e9cit d\u2019une finale des mots crois\u00e9s qui a co\u00fbt\u00e9 la victoire \u00e0 un grand champion r\u00e9gional\u2026 et litt\u00e9ralement coup\u00e9 le souffle aux spectateurs pr\u00e9sents autour des chevalets\u00a0:<br \/><em>\u00ab Ce dernier match ne devait pas poser de difficult\u00e9 particuli\u00e8re \u00e0 Jacques Ruffenach, le champion habitu\u00e9 du Tournoi, souvent pr\u00e9sent dans le carr\u00e9 final, mais qui n\u2019avait toutefois jamais gagn\u00e9 la finale de la comp\u00e9tition. La victoire semblait enfin \u00e0 sa port\u00e9e... d\u2019autant plus que la grille de cette ann\u00e9e ne comportait pas de d\u00e9finition redoutable, \u00e0 la diff\u00e9rence de celle de l\u2019an pass\u00e9... <\/em><br \/><em>Un peu plus de cinq minutes apr\u00e8s le top d\u00e9part, il a r\u00e9ussi \u00e0 remplir de son feutre noir la totalit\u00e9 des petites cases... Une derni\u00e8re v\u00e9rification, peut-\u00eatre ? Car faire le signe que la partie est termin\u00e9e ne laisse pas droit \u00e0 l\u2019erreur : une simple faute, une seule lettre oubli\u00e9e ou erron\u00e9e, et c\u2019est son adversaire qui l\u2019emportera, quel que soit l\u2019\u00e9tat d\u2019avancement de sa grille. Cette ann\u00e9e, c\u2019est Madame Monique Andr\u00e9 qui a eu le privil\u00e8ge \u2013 le talent \u2013 d\u2019arriver \u00e0 ce stade de la comp\u00e9tition, le match final \u00e0 la fois convoit\u00e9 et redout\u00e9 des habitu\u00e9s de nos tournois. <\/em><br \/><em>Mais il n\u2019y a pas de doute, Jacques Ruffenach en est maintenant persuad\u00e9, sa grille est parfaite, et il tient la victoire, \u2013 sa victoire, qui lui \u00e9chappe depuis de nombreuses ann\u00e9es. Il pose son chiffon pour lever la main, et \u00e0 cet instant pr\u00e9cis, entend distinctement le \u00ab top termin\u00e9 ! \u00bb qui indique sans ambigu\u00eft\u00e9 la fin de la partie. Son adversaire vient, une fraction de seconde avant lui, de donner le signal qu\u2019en ce qui la concerne, le match est termin\u00e9. Les spectateurs, qui ont retenu leur souffle pendant la partie, laissent \u00e9chapper un soupir d\u2019incr\u00e9dulit\u00e9. Jamais une finale n\u2019avait \u00e9t\u00e9 aussi serr\u00e9e. Jamais deux grilles n\u2019avaient \u00e9t\u00e9 remplies aussi rapidement, avec aussi peu d\u2019\u00e9cart entre les concurrents. Mais jamais peut-\u00eatre, un candidat ne s\u2019\u00e9tait laiss\u00e9 ravir la victoire si pr\u00e8s du but.<\/em><br \/><em>Une rapide v\u00e9rification vient en effet confirmer que c\u2019est Madame Andr\u00e9 qui a gagn\u00e9 le tournoi et sera ce soir proclam\u00e9e championne de Bourgogne 1999 de mots crois\u00e9s.<\/em><br \/><em>Jacques Ruffenach la f\u00e9licite chaleureusement, avec la courtoisie et le fair-play que nous lui connaissons. Il nous confie quelques instants plus tard qu\u2019il n\u2019a \u00e0 s\u2019en prendre qu\u2019\u00e0 lui-m\u00eame de s\u2019\u00eatre accord\u00e9 une ou deux secondes de trop dans son ultime\u00a0v\u00e9rification.<\/em><br \/><em>Ces moments d\u2019une intensit\u00e9 particuli\u00e8re, l\u2019\u00e9motion d\u2019une victoire arrach\u00e9e ou perdue, les Bourguignons amateurs de la petite grille les connaissent bien, et reviennent les vivre chaque ann\u00e9e dans la salle des Capucins.<\/em><br \/><em>Ces moments d\u2019un rare bonheur [...], nous vous invitons \u00e0 venir les partager avec nous.\u00a0Vous ne serez pas d\u00e9\u00e7us : vous vivrez en direct le spectacle de vrais champions d\u00e9jouant, souvent avec une aisance \u00e9tonnante, les chausse-trapes de l\u2019auteur, le subtil langage de ses d\u00e9finitions spirituelles ou \u00e9nigmatiques. Suspense et \u00e9motion garantis...\u00bb<\/em><\/p>\n<\/div><\/div><\/div><\/div><div id=\"pg-50-1\"  class=\"panel-grid panel-no-style\" ><div id=\"pgc-50-1-0\"  class=\"panel-grid-cell\" ><div id=\"panel-50-1-0-0\" class=\"so-panel widget widget_black-studio-tinymce widget_black_studio_tinymce panel-first-child panel-last-child\" data-index=\"2\" ><div class=\"textwidget\"><p><img loading=\"lazy\" decoding=\"async\" class=\" size-full wp-image-1496 alignright\" src=\"http:\/\/festival-ismotscroises.fr\/wp-content\/uploads\/2015\/07\/ISMOTSCROISES-LOGO.png\" alt=\"ISMOTSCROISES-LOGO\" width=\"152\" height=\"150\" \/><\/p>\n<\/div><\/div><\/div><\/div><\/div>","protected":false},"excerpt":{"rendered":"<p>Tournoi de BourgogneInscriptionsOn s&rsquo;inscrit en remplissant le formulaire sur ce site &gt;&gt; ICI, ou par la Poste (\u00e0 Association Is mots crois\u00e9s, 2 rue de la Libert\u00e9, 21120 Is-sur-Tille) en envoyant les m\u00eames renseignements (nom, adresse postale, e-mail, t\u00e9l\u00e9phone, nombre de repas r\u00e9serv\u00e9s pour le dimanche). L&rsquo;auteur Jean Rossat fournit aux joueurs inscrits une grille [&hellip;]<\/p>\n","protected":false},"author":2,"featured_media":0,"parent":0,"menu_order":0,"comment_status":"closed","ping_status":"closed","template":"templates\/template-full-notitle.php","meta":{"_monsterinsights_skip_tracking":false,"_monsterinsights_sitenote_active":false,"_monsterinsights_sitenote_note":"","_monsterinsights_sitenote_category":0,"footnotes":""},"class_list":["post-50","page","type-page","status-publish","hentry","post"],"yoast_head":"<!-- This site is optimized with the Yoast SEO plugin v22.6 - https:\/\/yoast.com\/wordpress\/plugins\/seo\/ -->\n<title>Tournoi de Bourgogne - Le Festival des mots crois\u00e9s \u00e0 Is-sur-Tille<\/title>\n<meta name=\"robots\" content=\"index, follow, max-snippet:-1, max-image-preview:large, max-video-preview:-1\" \/>\n<link rel=\"canonical\" href=\"https:\/\/festival-ismotscroises.fr\/?page_id=50\" \/>\n<meta property=\"og:locale\" content=\"fr_FR\" \/>\n<meta property=\"og:type\" content=\"article\" \/>\n<meta property=\"og:title\" content=\"Tournoi de Bourgogne - Le Festival des mots crois\u00e9s \u00e0 Is-sur-Tille\" \/>\n<meta property=\"og:description\" content=\"Tournoi de BourgogneInscriptionsOn s&#039;inscrit en remplissant le formulaire sur ce site &gt;&gt; ICI, ou par la Poste (\u00e0 Association Is mots crois\u00e9s, 2 rue de la Libert\u00e9, 21120 Is-sur-Tille) en envoyant les m\u00eames renseignements (nom, adresse postale, e-mail, t\u00e9l\u00e9phone, nombre de repas r\u00e9serv\u00e9s pour le dimanche). L&#039;auteur Jean Rossat fournit aux joueurs inscrits une grille [&hellip;]\" \/>\n<meta property=\"og:url\" content=\"https:\/\/festival-ismotscroises.fr\/?page_id=50\" \/>\n<meta property=\"og:site_name\" content=\"Le Festival des mots crois\u00e9s \u00e0 Is-sur-Tille\" \/>\n<meta property=\"article:modified_time\" content=\"2016-11-13T19:44:37+00:00\" \/>\n<meta property=\"og:image\" content=\"http:\/\/festival-ismotscroises.fr\/wp-content\/uploads\/2015\/06\/COMPETITIONS-TB.jpg\" \/>\n<meta name=\"twitter:card\" content=\"summary_large_image\" \/>\n<meta name=\"twitter:label1\" content=\"Dur\u00e9e de lecture estim\u00e9e\" \/>\n\t<meta name=\"twitter:data1\" content=\"4 minutes\" \/>\n<script type=\"application\/ld+json\" class=\"yoast-schema-graph\">{\"@context\":\"https:\/\/schema.org\",\"@graph\":[{\"@type\":\"WebPage\",\"@id\":\"https:\/\/festival-ismotscroises.fr\/?page_id=50\",\"url\":\"https:\/\/festival-ismotscroises.fr\/?page_id=50\",\"name\":\"Tournoi de Bourgogne - Le Festival des mots crois\u00e9s \u00e0 Is-sur-Tille\",\"isPartOf\":{\"@id\":\"https:\/\/festival-ismotscroises.fr\/#website\"},\"primaryImageOfPage\":{\"@id\":\"https:\/\/festival-ismotscroises.fr\/?page_id=50#primaryimage\"},\"image\":{\"@id\":\"https:\/\/festival-ismotscroises.fr\/?page_id=50#primaryimage\"},\"thumbnailUrl\":\"http:\/\/festival-ismotscroises.fr\/wp-content\/uploads\/2015\/06\/COMPETITIONS-TB.jpg\",\"datePublished\":\"2015-06-18T16:53:54+00:00\",\"dateModified\":\"2016-11-13T19:44:37+00:00\",\"breadcrumb\":{\"@id\":\"https:\/\/festival-ismotscroises.fr\/?page_id=50#breadcrumb\"},\"inLanguage\":\"fr-FR\",\"potentialAction\":[{\"@type\":\"ReadAction\",\"target\":[\"https:\/\/festival-ismotscroises.fr\/?page_id=50\"]}]},{\"@type\":\"ImageObject\",\"inLanguage\":\"fr-FR\",\"@id\":\"https:\/\/festival-ismotscroises.fr\/?page_id=50#primaryimage\",\"url\":\"https:\/\/festival-ismotscroises.fr\/wp-content\/uploads\/2015\/06\/COMPETITIONS-TB.jpg\",\"contentUrl\":\"https:\/\/festival-ismotscroises.fr\/wp-content\/uploads\/2015\/06\/COMPETITIONS-TB.jpg\",\"width\":430,\"height\":430},{\"@type\":\"BreadcrumbList\",\"@id\":\"https:\/\/festival-ismotscroises.fr\/?page_id=50#breadcrumb\",\"itemListElement\":[{\"@type\":\"ListItem\",\"position\":1,\"name\":\"Accueil\",\"item\":\"https:\/\/festival-ismotscroises.fr\/\"},{\"@type\":\"ListItem\",\"position\":2,\"name\":\"Tournoi de Bourgogne\"}]},{\"@type\":\"WebSite\",\"@id\":\"https:\/\/festival-ismotscroises.fr\/#website\",\"url\":\"https:\/\/festival-ismotscroises.fr\/\",\"name\":\"Le Festival des mots crois\u00e9s \u00e0 Is-sur-Tille\",\"description\":\"La ville d&#039;Is-sur-Tille, en C\u00f4te-d&#039;Or, organise un festival annuel de mots crois\u00e9s depuis 1990..\",\"potentialAction\":[{\"@type\":\"SearchAction\",\"target\":{\"@type\":\"EntryPoint\",\"urlTemplate\":\"https:\/\/festival-ismotscroises.fr\/?s={search_term_string}\"},\"query-input\":\"required name=search_term_string\"}],\"inLanguage\":\"fr-FR\"}]}<\/script>\n<!-- \/ Yoast SEO plugin. -->","yoast_head_json":{"title":"Tournoi de Bourgogne - Le Festival des mots crois\u00e9s \u00e0 Is-sur-Tille","robots":{"index":"index","follow":"follow","max-snippet":"max-snippet:-1","max-image-preview":"max-image-preview:large","max-video-preview":"max-video-preview:-1"},"canonical":"https:\/\/festival-ismotscroises.fr\/?page_id=50","og_locale":"fr_FR","og_type":"article","og_title":"Tournoi de Bourgogne - Le Festival des mots crois\u00e9s \u00e0 Is-sur-Tille","og_description":"Tournoi de BourgogneInscriptionsOn s'inscrit en remplissant le formulaire sur ce site &gt;&gt; ICI, ou par la Poste (\u00e0 Association Is mots crois\u00e9s, 2 rue de la Libert\u00e9, 21120 Is-sur-Tille) en envoyant les m\u00eames renseignements (nom, adresse postale, e-mail, t\u00e9l\u00e9phone, nombre de repas r\u00e9serv\u00e9s pour le dimanche). L'auteur Jean Rossat fournit aux joueurs inscrits une grille [&hellip;]","og_url":"https:\/\/festival-ismotscroises.fr\/?page_id=50","og_site_name":"Le Festival des mots crois\u00e9s \u00e0 Is-sur-Tille","article_modified_time":"2016-11-13T19:44:37+00:00","og_image":[{"url":"http:\/\/festival-ismotscroises.fr\/wp-content\/uploads\/2015\/06\/COMPETITIONS-TB.jpg"}],"twitter_card":"summary_large_image","twitter_misc":{"Dur\u00e9e de lecture estim\u00e9e":"4 minutes"},"schema":{"@context":"https:\/\/schema.org","@graph":[{"@type":"WebPage","@id":"https:\/\/festival-ismotscroises.fr\/?page_id=50","url":"https:\/\/festival-ismotscroises.fr\/?page_id=50","name":"Tournoi de Bourgogne - Le Festival des mots crois\u00e9s \u00e0 Is-sur-Tille","isPartOf":{"@id":"https:\/\/festival-ismotscroises.fr\/#website"},"primaryImageOfPage":{"@id":"https:\/\/festival-ismotscroises.fr\/?page_id=50#primaryimage"},"image":{"@id":"https:\/\/festival-ismotscroises.fr\/?page_id=50#primaryimage"},"thumbnailUrl":"http:\/\/festival-ismotscroises.fr\/wp-content\/uploads\/2015\/06\/COMPETITIONS-TB.jpg","datePublished":"2015-06-18T16:53:54+00:00","dateModified":"2016-11-13T19:44:37+00:00","breadcrumb":{"@id":"https:\/\/festival-ismotscroises.fr\/?page_id=50#breadcrumb"},"inLanguage":"fr-FR","potentialAction":[{"@type":"ReadAction","target":["https:\/\/festival-ismotscroises.fr\/?page_id=50"]}]},{"@type":"ImageObject","inLanguage":"fr-FR","@id":"https:\/\/festival-ismotscroises.fr\/?page_id=50#primaryimage","url":"https:\/\/festival-ismotscroises.fr\/wp-content\/uploads\/2015\/06\/COMPETITIONS-TB.jpg","contentUrl":"https:\/\/festival-ismotscroises.fr\/wp-content\/uploads\/2015\/06\/COMPETITIONS-TB.jpg","width":430,"height":430},{"@type":"BreadcrumbList","@id":"https:\/\/festival-ismotscroises.fr\/?page_id=50#breadcrumb","itemListElement":[{"@type":"ListItem","position":1,"name":"Accueil","item":"https:\/\/festival-ismotscroises.fr\/"},{"@type":"ListItem","position":2,"name":"Tournoi de Bourgogne"}]},{"@type":"WebSite","@id":"https:\/\/festival-ismotscroises.fr\/#website","url":"https:\/\/festival-ismotscroises.fr\/","name":"Le Festival des mots crois\u00e9s \u00e0 Is-sur-Tille","description":"La ville d&#039;Is-sur-Tille, en C\u00f4te-d&#039;Or, organise un festival annuel de mots crois\u00e9s depuis 1990..","potentialAction":[{"@type":"SearchAction","target":{"@type":"EntryPoint","urlTemplate":"https:\/\/festival-ismotscroises.fr\/?s={search_term_string}"},"query-input":"required name=search_term_string"}],"inLanguage":"fr-FR"}]}},"_links":{"self":[{"href":"https:\/\/festival-ismotscroises.fr\/index.php?rest_route=\/wp\/v2\/pages\/50","targetHints":{"allow":["GET"]}}],"collection":[{"href":"https:\/\/festival-ismotscroises.fr\/index.php?rest_route=\/wp\/v2\/pages"}],"about":[{"href":"https:\/\/festival-ismotscroises.fr\/index.php?rest_route=\/wp\/v2\/types\/page"}],"author":[{"embeddable":true,"href":"https:\/\/festival-ismotscroises.fr\/index.php?rest_route=\/wp\/v2\/users\/2"}],"replies":[{"embeddable":true,"href":"https:\/\/festival-ismotscroises.fr\/index.php?rest_route=%2Fwp%2Fv2%2Fcomments&post=50"}],"version-history":[{"count":12,"href":"https:\/\/festival-ismotscroises.fr\/index.php?rest_route=\/wp\/v2\/pages\/50\/revisions"}],"predecessor-version":[{"id":2679,"href":"https:\/\/festival-ismotscroises.fr\/index.php?rest_route=\/wp\/v2\/pages\/50\/revisions\/2679"}],"wp:attachment":[{"href":"https:\/\/festival-ismotscroises.fr\/index.php?rest_route=%2Fwp%2Fv2%2Fmedia&parent=50"}],"curies":[{"name":"wp","href":"https:\/\/api.w.org\/{rel}","templated":true}]}}