{"id":4439,"date":"2023-04-05T19:02:02","date_gmt":"2023-04-05T17:02:02","guid":{"rendered":"https:\/\/festival-ismotscroises.fr\/?page_id=4439"},"modified":"2023-04-05T20:16:26","modified_gmt":"2023-04-05T18:16:26","slug":"soiree-gastonomique-inscription","status":"publish","type":"page","link":"https:\/\/festival-ismotscroises.fr\/?page_id=4439","title":{"rendered":"Participer \u00e0 la soir\u00e9e \u00ab\u00a0Gastonomique\u00a0\u00bb du 13 mai 2023"},"content":{"rendered":"\t\t<div data-elementor-type=\"wp-page\" data-elementor-id=\"4439\" class=\"elementor elementor-4439\">\n\t\t\t\t\t\t\t\t\t<section class=\"elementor-section elementor-top-section elementor-element elementor-element-dcaa103 elementor-section-boxed elementor-section-height-default elementor-section-height-default\" data-id=\"dcaa103\" data-element_type=\"section\">\n\t\t\t\t\t\t<div class=\"elementor-container elementor-column-gap-default\">\n\t\t\t\t\t<div class=\"elementor-column elementor-col-100 elementor-top-column elementor-element elementor-element-fb9bff7\" data-id=\"fb9bff7\" data-element_type=\"column\">\n\t\t\t<div class=\"elementor-widget-wrap elementor-element-populated\">\n\t\t\t\t\t\t\t\t<section class=\"elementor-section elementor-inner-section elementor-element elementor-element-3f044b3 elementor-section-boxed elementor-section-height-default elementor-section-height-default\" data-id=\"3f044b3\" data-element_type=\"section\">\n\t\t\t\t\t\t<div class=\"elementor-container elementor-column-gap-default\">\n\t\t\t\t\t<div class=\"elementor-column elementor-col-50 elementor-inner-column elementor-element elementor-element-5806630\" data-id=\"5806630\" data-element_type=\"column\">\n\t\t\t<div class=\"elementor-widget-wrap elementor-element-populated\">\n\t\t\t\t\t\t\t\t<div class=\"elementor-element elementor-element-c9d0d2e elementor-widget elementor-widget-image\" data-id=\"c9d0d2e\" data-element_type=\"widget\" data-widget_type=\"image.default\">\n\t\t\t\t<div class=\"elementor-widget-container\">\n\t\t\t<style>\/*! elementor - v3.17.0 - 08-11-2023 *\/\n.elementor-widget-image{text-align:center}.elementor-widget-image a{display:inline-block}.elementor-widget-image a img[src$=\".svg\"]{width:48px}.elementor-widget-image img{vertical-align:middle;display:inline-block}<\/style>\t\t\t\t\t\t\t\t\t\t\t\t<img loading=\"lazy\" decoding=\"async\" width=\"720\" height=\"1018\" src=\"https:\/\/festival-ismotscroises.fr\/wp-content\/uploads\/2023\/04\/flyer-soiree-gastonomique-2023-724x1024.jpg\" class=\"attachment-large size-large wp-image-4433\" alt=\"\" srcset=\"https:\/\/festival-ismotscroises.fr\/wp-content\/uploads\/2023\/04\/flyer-soiree-gastonomique-2023-724x1024.jpg 724w, https:\/\/festival-ismotscroises.fr\/wp-content\/uploads\/2023\/04\/flyer-soiree-gastonomique-2023-212x300.jpg 212w, https:\/\/festival-ismotscroises.fr\/wp-content\/uploads\/2023\/04\/flyer-soiree-gastonomique-2023-768x1086.jpg 768w, https:\/\/festival-ismotscroises.fr\/wp-content\/uploads\/2023\/04\/flyer-soiree-gastonomique-2023.jpg 877w\" sizes=\"auto, (max-width: 720px) 100vw, 720px\" \/>\t\t\t\t\t\t\t\t\t\t\t\t\t\t\t<\/div>\n\t\t\t\t<\/div>\n\t\t\t\t\t<\/div>\n\t\t<\/div>\n\t\t\t\t<div class=\"elementor-column elementor-col-50 elementor-inner-column elementor-element elementor-element-e2b89f3\" data-id=\"e2b89f3\" data-element_type=\"column\">\n\t\t\t<div class=\"elementor-widget-wrap elementor-element-populated\">\n\t\t\t\t\t\t\t\t<div class=\"elementor-element elementor-element-3be4c43 elementor-widget elementor-widget-image\" data-id=\"3be4c43\" data-element_type=\"widget\" data-widget_type=\"image.default\">\n\t\t\t\t<div class=\"elementor-widget-container\">\n\t\t\t\t\t\t\t\t\t\t\t\t\t\t\t<img loading=\"lazy\" decoding=\"async\" width=\"720\" height=\"1018\" src=\"https:\/\/festival-ismotscroises.fr\/wp-content\/uploads\/2023\/04\/flyer-soiree-gastonomique-2023_2-724x1024.jpg\" class=\"attachment-large size-large wp-image-4434\" alt=\"\" srcset=\"https:\/\/festival-ismotscroises.fr\/wp-content\/uploads\/2023\/04\/flyer-soiree-gastonomique-2023_2-724x1024.jpg 724w, https:\/\/festival-ismotscroises.fr\/wp-content\/uploads\/2023\/04\/flyer-soiree-gastonomique-2023_2-212x300.jpg 212w, https:\/\/festival-ismotscroises.fr\/wp-content\/uploads\/2023\/04\/flyer-soiree-gastonomique-2023_2-768x1086.jpg 768w, https:\/\/festival-ismotscroises.fr\/wp-content\/uploads\/2023\/04\/flyer-soiree-gastonomique-2023_2.jpg 877w\" sizes=\"auto, (max-width: 720px) 100vw, 720px\" \/>\t\t\t\t\t\t\t\t\t\t\t\t\t\t\t<\/div>\n\t\t\t\t<\/div>\n\t\t\t\t\t<\/div>\n\t\t<\/div>\n\t\t\t\t\t\t\t<\/div>\n\t\t<\/section>\n\t\t\t\t\t<\/div>\n\t\t<\/div>\n\t\t\t\t\t\t\t<\/div>\n\t\t<\/section>\n\t\t\t\t<section class=\"elementor-section elementor-top-section elementor-element elementor-element-7d9003d elementor-section-content-middle elementor-section-boxed elementor-section-height-default elementor-section-height-default\" data-id=\"7d9003d\" data-element_type=\"section\">\n\t\t\t\t\t\t<div class=\"elementor-container elementor-column-gap-default\">\n\t\t\t\t\t<div class=\"elementor-column elementor-col-100 elementor-top-column elementor-element elementor-element-84d10d1\" data-id=\"84d10d1\" data-element_type=\"column\">\n\t\t\t<div class=\"elementor-widget-wrap elementor-element-populated\">\n\t\t\t\t\t\t\t\t<div class=\"elementor-element elementor-element-dfee157 elementor-widget elementor-widget-heading\" data-id=\"dfee157\" data-element_type=\"widget\" data-widget_type=\"heading.default\">\n\t\t\t\t<div class=\"elementor-widget-container\">\n\t\t\t<style>\/*! elementor - v3.17.0 - 08-11-2023 *\/\n.elementor-heading-title{padding:0;margin:0;line-height:1}.elementor-widget-heading .elementor-heading-title[class*=elementor-size-]>a{color:inherit;font-size:inherit;line-height:inherit}.elementor-widget-heading .elementor-heading-title.elementor-size-small{font-size:15px}.elementor-widget-heading .elementor-heading-title.elementor-size-medium{font-size:19px}.elementor-widget-heading .elementor-heading-title.elementor-size-large{font-size:29px}.elementor-widget-heading .elementor-heading-title.elementor-size-xl{font-size:39px}.elementor-widget-heading .elementor-heading-title.elementor-size-xxl{font-size:59px}<\/style><h2 class=\"elementor-heading-title elementor-size-default\">S'inscrire \u00e0 la soir\u00e9e \"Gastonomique\"<\/h2>\t\t<\/div>\n\t\t\t\t<\/div>\n\t\t\t\t\t<\/div>\n\t\t<\/div>\n\t\t\t\t\t\t\t<\/div>\n\t\t<\/section>\n\t\t\t\t<section class=\"elementor-section elementor-top-section elementor-element elementor-element-907ecb6 elementor-section-boxed elementor-section-height-default elementor-section-height-default\" data-id=\"907ecb6\" data-element_type=\"section\">\n\t\t\t\t\t\t<div class=\"elementor-container elementor-column-gap-default\">\n\t\t\t\t\t<div class=\"elementor-column elementor-col-100 elementor-top-column elementor-element elementor-element-eae15cc\" data-id=\"eae15cc\" data-element_type=\"column\">\n\t\t\t<div class=\"elementor-widget-wrap elementor-element-populated\">\n\t\t\t\t\t\t\t\t<div class=\"elementor-element elementor-element-aef4328 elementor-button-info elementor-align-center elementor-widget elementor-widget-button\" data-id=\"aef4328\" data-element_type=\"widget\" data-widget_type=\"button.default\">\n\t\t\t\t<div class=\"elementor-widget-container\">\n\t\t\t\t\t<div class=\"elementor-button-wrapper\">\n\t\t\t<a class=\"elementor-button elementor-button-link elementor-size-lg\" href=\"https:\/\/festival-ismotscroises.fr\/wp-content\/uploads\/2023\/04\/flyer-soiree-gastonomique-2023_2.jpg\" data-rel=\"lightbox-image-0\" data-rl_title=\"\" data-rl_caption=\"\" title=\"\">\n\t\t\t\t\t\t<span class=\"elementor-button-content-wrapper\">\n\t\t\t\t\t\t<span class=\"elementor-button-icon elementor-align-icon-right\">\n\t\t\t\t<i aria-hidden=\"true\" class=\"fas fa-arrow-alt-circle-left\"><\/i>\t\t\t<\/span>\n\t\t\t\t\t\t<span class=\"elementor-button-text\">T\u00e9l\u00e9chargez <\/span>\n\t\t<\/span>\n\t\t\t\t\t<\/a>\n\t\t<\/div>\n\t\t\t\t<\/div>\n\t\t\t\t<\/div>\n\t\t\t\t\t<\/div>\n\t\t<\/div>\n\t\t\t\t\t\t\t<\/div>\n\t\t<\/section>\n\t\t\t\t\t\t\t<\/div>\n\t\t","protected":false},"excerpt":{"rendered":"<p>S&rsquo;inscrire \u00e0 la soir\u00e9e \u00ab\u00a0Gastonomique\u00a0\u00bb T\u00e9l\u00e9chargez<\/p>\n","protected":false},"author":2,"featured_media":0,"parent":0,"menu_order":0,"comment_status":"closed","ping_status":"closed","template":"","meta":{"_monsterinsights_skip_tracking":false,"_monsterinsights_sitenote_active":false,"_monsterinsights_sitenote_note":"","_monsterinsights_sitenote_category":0,"footnotes":""},"class_list":["post-4439","page","type-page","status-publish","hentry","post"],"yoast_head":"<!-- This site is optimized with the Yoast SEO plugin v22.6 - https:\/\/yoast.com\/wordpress\/plugins\/seo\/ -->\n<title>Participer \u00e0 la soir\u00e9e &quot;Gastonomique&quot; du 13 mai 2023 - Le Festival des mots crois\u00e9s \u00e0 Is-sur-Tille<\/title>\n<meta name=\"robots\" content=\"index, follow, max-snippet:-1, max-image-preview:large, max-video-preview:-1\" \/>\n<link rel=\"canonical\" href=\"https:\/\/festival-ismotscroises.fr\/?page_id=4439\" \/>\n<meta property=\"og:locale\" content=\"fr_FR\" \/>\n<meta property=\"og:type\" content=\"article\" \/>\n<meta property=\"og:title\" content=\"Participer \u00e0 la soir\u00e9e &quot;Gastonomique&quot; du 13 mai 2023 - Le Festival des mots crois\u00e9s \u00e0 Is-sur-Tille\" \/>\n<meta property=\"og:description\" content=\"S&rsquo;inscrire \u00e0 la soir\u00e9e \u00ab\u00a0Gastonomique\u00a0\u00bb T\u00e9l\u00e9chargez\" \/>\n<meta property=\"og:url\" content=\"https:\/\/festival-ismotscroises.fr\/?page_id=4439\" \/>\n<meta property=\"og:site_name\" content=\"Le Festival des mots crois\u00e9s \u00e0 Is-sur-Tille\" \/>\n<meta property=\"article:modified_time\" content=\"2023-04-05T18:16:26+00:00\" \/>\n<meta property=\"og:image\" content=\"https:\/\/festival-ismotscroises.fr\/wp-content\/uploads\/2023\/04\/flyer-soiree-gastonomique-2023-724x1024.jpg\" \/>\n<meta name=\"twitter:card\" content=\"summary_large_image\" \/>\n<meta name=\"twitter:label1\" content=\"Dur\u00e9e de lecture estim\u00e9e\" \/>\n\t<meta name=\"twitter:data1\" content=\"1 minute\" \/>\n<script type=\"application\/ld+json\" class=\"yoast-schema-graph\">{\"@context\":\"https:\/\/schema.org\",\"@graph\":[{\"@type\":\"WebPage\",\"@id\":\"https:\/\/festival-ismotscroises.fr\/?page_id=4439\",\"url\":\"https:\/\/festival-ismotscroises.fr\/?page_id=4439\",\"name\":\"Participer \u00e0 la soir\u00e9e \\\"Gastonomique\\\" du 13 mai 2023 - Le Festival des mots crois\u00e9s \u00e0 Is-sur-Tille\",\"isPartOf\":{\"@id\":\"https:\/\/festival-ismotscroises.fr\/#website\"},\"primaryImageOfPage\":{\"@id\":\"https:\/\/festival-ismotscroises.fr\/?page_id=4439#primaryimage\"},\"image\":{\"@id\":\"https:\/\/festival-ismotscroises.fr\/?page_id=4439#primaryimage\"},\"thumbnailUrl\":\"https:\/\/festival-ismotscroises.fr\/wp-content\/uploads\/2023\/04\/flyer-soiree-gastonomique-2023-724x1024.jpg\",\"datePublished\":\"2023-04-05T17:02:02+00:00\",\"dateModified\":\"2023-04-05T18:16:26+00:00\",\"breadcrumb\":{\"@id\":\"https:\/\/festival-ismotscroises.fr\/?page_id=4439#breadcrumb\"},\"inLanguage\":\"fr-FR\",\"potentialAction\":[{\"@type\":\"ReadAction\",\"target\":[\"https:\/\/festival-ismotscroises.fr\/?page_id=4439\"]}]},{\"@type\":\"ImageObject\",\"inLanguage\":\"fr-FR\",\"@id\":\"https:\/\/festival-ismotscroises.fr\/?page_id=4439#primaryimage\",\"url\":\"https:\/\/festival-ismotscroises.fr\/wp-content\/uploads\/2023\/04\/flyer-soiree-gastonomique-2023.jpg\",\"contentUrl\":\"https:\/\/festival-ismotscroises.fr\/wp-content\/uploads\/2023\/04\/flyer-soiree-gastonomique-2023.jpg\",\"width\":877,\"height\":1240},{\"@type\":\"BreadcrumbList\",\"@id\":\"https:\/\/festival-ismotscroises.fr\/?page_id=4439#breadcrumb\",\"itemListElement\":[{\"@type\":\"ListItem\",\"position\":1,\"name\":\"Accueil\",\"item\":\"https:\/\/festival-ismotscroises.fr\/\"},{\"@type\":\"ListItem\",\"position\":2,\"name\":\"Participer \u00e0 la soir\u00e9e &#8220;Gastonomique&#8221; du 13 mai 2023\"}]},{\"@type\":\"WebSite\",\"@id\":\"https:\/\/festival-ismotscroises.fr\/#website\",\"url\":\"https:\/\/festival-ismotscroises.fr\/\",\"name\":\"Le Festival des mots crois\u00e9s \u00e0 Is-sur-Tille\",\"description\":\"La ville d&#039;Is-sur-Tille, en C\u00f4te-d&#039;Or, organise un festival annuel de mots crois\u00e9s depuis 1990..\",\"potentialAction\":[{\"@type\":\"SearchAction\",\"target\":{\"@type\":\"EntryPoint\",\"urlTemplate\":\"https:\/\/festival-ismotscroises.fr\/?s={search_term_string}\"},\"query-input\":\"required name=search_term_string\"}],\"inLanguage\":\"fr-FR\"}]}<\/script>\n<!-- \/ Yoast SEO plugin. -->","yoast_head_json":{"title":"Participer \u00e0 la soir\u00e9e \"Gastonomique\" du 13 mai 2023 - Le Festival des mots crois\u00e9s \u00e0 Is-sur-Tille","robots":{"index":"index","follow":"follow","max-snippet":"max-snippet:-1","max-image-preview":"max-image-preview:large","max-video-preview":"max-video-preview:-1"},"canonical":"https:\/\/festival-ismotscroises.fr\/?page_id=4439","og_locale":"fr_FR","og_type":"article","og_title":"Participer \u00e0 la soir\u00e9e \"Gastonomique\" du 13 mai 2023 - Le Festival des mots crois\u00e9s \u00e0 Is-sur-Tille","og_description":"S&rsquo;inscrire \u00e0 la soir\u00e9e \u00ab\u00a0Gastonomique\u00a0\u00bb T\u00e9l\u00e9chargez","og_url":"https:\/\/festival-ismotscroises.fr\/?page_id=4439","og_site_name":"Le Festival des mots crois\u00e9s \u00e0 Is-sur-Tille","article_modified_time":"2023-04-05T18:16:26+00:00","og_image":[{"url":"https:\/\/festival-ismotscroises.fr\/wp-content\/uploads\/2023\/04\/flyer-soiree-gastonomique-2023-724x1024.jpg"}],"twitter_card":"summary_large_image","twitter_misc":{"Dur\u00e9e de lecture estim\u00e9e":"1 minute"},"schema":{"@context":"https:\/\/schema.org","@graph":[{"@type":"WebPage","@id":"https:\/\/festival-ismotscroises.fr\/?page_id=4439","url":"https:\/\/festival-ismotscroises.fr\/?page_id=4439","name":"Participer \u00e0 la soir\u00e9e \"Gastonomique\" du 13 mai 2023 - Le Festival des mots crois\u00e9s \u00e0 Is-sur-Tille","isPartOf":{"@id":"https:\/\/festival-ismotscroises.fr\/#website"},"primaryImageOfPage":{"@id":"https:\/\/festival-ismotscroises.fr\/?page_id=4439#primaryimage"},"image":{"@id":"https:\/\/festival-ismotscroises.fr\/?page_id=4439#primaryimage"},"thumbnailUrl":"https:\/\/festival-ismotscroises.fr\/wp-content\/uploads\/2023\/04\/flyer-soiree-gastonomique-2023-724x1024.jpg","datePublished":"2023-04-05T17:02:02+00:00","dateModified":"2023-04-05T18:16:26+00:00","breadcrumb":{"@id":"https:\/\/festival-ismotscroises.fr\/?page_id=4439#breadcrumb"},"inLanguage":"fr-FR","potentialAction":[{"@type":"ReadAction","target":["https:\/\/festival-ismotscroises.fr\/?page_id=4439"]}]},{"@type":"ImageObject","inLanguage":"fr-FR","@id":"https:\/\/festival-ismotscroises.fr\/?page_id=4439#primaryimage","url":"https:\/\/festival-ismotscroises.fr\/wp-content\/uploads\/2023\/04\/flyer-soiree-gastonomique-2023.jpg","contentUrl":"https:\/\/festival-ismotscroises.fr\/wp-content\/uploads\/2023\/04\/flyer-soiree-gastonomique-2023.jpg","width":877,"height":1240},{"@type":"BreadcrumbList","@id":"https:\/\/festival-ismotscroises.fr\/?page_id=4439#breadcrumb","itemListElement":[{"@type":"ListItem","position":1,"name":"Accueil","item":"https:\/\/festival-ismotscroises.fr\/"},{"@type":"ListItem","position":2,"name":"Participer \u00e0 la soir\u00e9e &#8220;Gastonomique&#8221; du 13 mai 2023"}]},{"@type":"WebSite","@id":"https:\/\/festival-ismotscroises.fr\/#website","url":"https:\/\/festival-ismotscroises.fr\/","name":"Le Festival des mots crois\u00e9s \u00e0 Is-sur-Tille","description":"La ville d&#039;Is-sur-Tille, en C\u00f4te-d&#039;Or, organise un festival annuel de mots crois\u00e9s depuis 1990..","potentialAction":[{"@type":"SearchAction","target":{"@type":"EntryPoint","urlTemplate":"https:\/\/festival-ismotscroises.fr\/?s={search_term_string}"},"query-input":"required name=search_term_string"}],"inLanguage":"fr-FR"}]}},"_links":{"self":[{"href":"https:\/\/festival-ismotscroises.fr\/index.php?rest_route=\/wp\/v2\/pages\/4439","targetHints":{"allow":["GET"]}}],"collection":[{"href":"https:\/\/festival-ismotscroises.fr\/index.php?rest_route=\/wp\/v2\/pages"}],"about":[{"href":"https:\/\/festival-ismotscroises.fr\/index.php?rest_route=\/wp\/v2\/types\/page"}],"author":[{"embeddable":true,"href":"https:\/\/festival-ismotscroises.fr\/index.php?rest_route=\/wp\/v2\/users\/2"}],"replies":[{"embeddable":true,"href":"https:\/\/festival-ismotscroises.fr\/index.php?rest_route=%2Fwp%2Fv2%2Fcomments&post=4439"}],"version-history":[{"count":26,"href":"https:\/\/festival-ismotscroises.fr\/index.php?rest_route=\/wp\/v2\/pages\/4439\/revisions"}],"predecessor-version":[{"id":4470,"href":"https:\/\/festival-ismotscroises.fr\/index.php?rest_route=\/wp\/v2\/pages\/4439\/revisions\/4470"}],"wp:attachment":[{"href":"https:\/\/festival-ismotscroises.fr\/index.php?rest_route=%2Fwp%2Fv2%2Fmedia&parent=4439"}],"curies":[{"name":"wp","href":"https:\/\/api.w.org\/{rel}","templated":true}]}}