{"id":4172,"date":"2023-03-24T11:27:19","date_gmt":"2023-03-24T10:27:19","guid":{"rendered":"http:\/\/festival-ismotscroises.fr\/?page_id=4172"},"modified":"2023-03-24T12:10:32","modified_gmt":"2023-03-24T11:10:32","slug":"formulaire-de-partenariat","status":"publish","type":"page","link":"https:\/\/festival-ismotscroises.fr\/?page_id=4172","title":{"rendered":"Formulaire de partenariat"},"content":{"rendered":"<div id=\"pl-gb4172-69e43f7d79c96\"  class=\"panel-layout\" ><div id=\"pg-gb4172-69e43f7d79c96-0\"  class=\"panel-grid panel-no-style\" ><div id=\"pgc-gb4172-69e43f7d79c96-0-0\"  class=\"panel-grid-cell\"  data-weight=\"1\" ><div id=\"panel-gb4172-69e43f7d79c96-0-0-0\" class=\"so-panel widget widget_ecf-widget widget_ecf_sc_widget panel-first-child panel-last-child\" data-index=\"0\" data-style=\"{&quot;background_image_attachment&quot;:false,&quot;background_display&quot;:&quot;tile&quot;,&quot;background_image_size&quot;:&quot;full&quot;,&quot;border_thickness&quot;:&quot;1px&quot;}\">\r\n<!-- START JS for Form ID: 4171 -->\r\n<script type=\"text\/javascript\">\r\njQuery(document).ready(function($) {\r\n\r\n    jQuery(\"#preloader-aveolm\").fadeOut(500, function() {\r\n        jQuery(\"#ecf-form-aveolm\").fadeIn(300);\r\n    });\r\n\r\n    Ladda.bind('.ladda-button');\r\n\r\n    $(function() {\r\n\r\n        \r\n        \/* Validation *\/\r\n        $(\"#form-aveolm\").validate({\r\n            \/* Rules for form validation *\/\r\n            rules: {\r\n                text0:{required: true},name1:{required: true},email2:{required: true,email: true},text3:{required: true},message4:{required: true,minlength: 10},\r\n\r\n                            },\r\n            \/* Messages for form validation *\/\r\n            messages: {\r\n                text0:{required: \"This field is required\"},name1:{required: \"This field is required\"},email2:{required: \"This field is required\"},text3:{required: \"This field is required\"},message4:{required: \"This field is required\"}            },\r\n            \/* Do not change code below *\/\r\n            errorPlacement: function(error, element) {\r\n                error.insertAfter(element.parent());\r\n            },\r\n\r\n            submitHandler: function(form) {\r\n                                ecf_onsubmit(jQuery('.form-aveolm'));\r\n\r\n                \r\n            },\r\n\r\n            invalidHandler: function(form) {\r\n                Ladda.stopAll();\r\n            },\r\n\r\n            onkeyup: false,\r\n            onfocusout: false,\r\n            onclick: false\r\n\r\n        });\r\n    });\r\n\r\n\r\n    \/* Form Submit ( Ajax ) *\/\r\n    function ecf_onsubmit(form) {\r\n\r\n        if (form.attr('action') == '#') {\r\n\r\n            data = {};\r\n            eldat = [];\r\n            data['action'] = 'ecf_deliver_mail';\r\n            data['formid'] = '4171';\r\n            data['security'] = '925dc406a4';\r\n\r\n\r\n            \r\n            jQuery('input, textarea', form).each(function(key) {\r\n\r\n                items = {};\r\n\r\n                if (typeof $(this).data('type') === 'undefined') {\r\n                    return true;\r\n                }\r\n\r\n\r\n                \r\n                items['type'] = $(this).data('type');\r\n                items['label'] = $(this).data('label');\r\n                items['value'] = this.value;\r\n                items['name'] = this.name;\r\n\r\n                eldat.push(items);\r\n\r\n            });\r\n\r\n\r\n                        data['allelmnt'] = JSON.stringify(eldat);\r\n\r\n            submitForm();\r\n\r\n            return false;\r\n\r\n        }\r\n\r\n    }\r\n\r\n    \/* Start submitForm\t *\/\r\n    function submitForm() {\r\n\r\n        jQuery.ajax({\r\n            url: 'https:\/\/festival-ismotscroises.fr\/wp-admin\/admin-ajax.php',\r\n            type: 'POST',\r\n            dataType: 'json',\r\n            data: data,\r\n            success: function(data) {\r\n\r\n                if (data.Ok == true) {\r\n\r\n                    $(\"#form-aveolm\").get(0).reset();\r\n\r\n                    if (data.msg == 'redirect') {\r\n                        window.location = \"http:\/\/\";\r\n                    } else {\r\n                        notifyme('Your Message Submitted Successfully', 'n', 'success',\r\n                            'left middle');\r\n                    }\r\n\r\n                } else {\r\n                    $(\"#form-aveolm\").get(0).reset();\r\n                    notifyme(data.msg, 'n', 'error', 'left middle');\r\n                }\r\n\r\n                Ladda.stopAll();\r\n\r\n            }\r\n        });\r\n\r\n        \r\n    }\r\n\r\n\r\n    \/* Notify *\/\r\n    function notifyme(msg, b, typ, pos) {\r\n        if (b == 'n') {\r\n            b = 'cf-submittedaveolm';\r\n        } else {\r\n            b = 'atcaveolm';\r\n        }\r\n\r\n        $(\"#\" + b).gnotify(msg, {\r\n            style: \"nbootstrap\",\r\n            elementPosition: pos,\r\n            className: typ\r\n        });\r\n\r\n        msg = null;\r\n        typ = null;\r\n\r\n    }\r\n\r\n});\r\n<\/script>\r\n<!-- END JS for Form ID: 4171 -->\r\n\r\n<!-- START Form Markup for Form ID: 4171 -->\r\n<div id=\"preloader-aveolm\" class=\"ecfpreloader\"><\/div>\r\n<div id=\"ecf-form-aveolm\" class=\"ecf-body\">\r\n    <form method=\"post\" enctype=\"multipart\/form-data\" action=\"#\" id=\"form-aveolm\" class=\"ecf-form form-aveolm\">\r\n        <header>Devenez partenaire<\/header>        <fieldset>\r\n            <section><label class=\"label\">Nom de l&#039;entreprise<\/label><label class=\"input\"><input data-type=\"text\" data-label=\"Nom de l&#039;entreprise\" id=\"text0\" type=\"text\" name=\"text0\" \/><\/label><\/section><section><label class=\"label\">Nom et pr\u00e9nom<\/label><label class=\"input\"><input data-type=\"name\" data-label=\"Nom et pr\u00e9nom\" id=\"name1\" type=\"text\" name=\"name1\" \/><\/label><\/section><section><label class=\"label\">Adresse mail<\/label><label class=\"input\"><input data-type=\"email\" data-label=\"Adresse mail\" id=\"email2\" type=\"text\" name=\"email2\" \/><\/label><\/section><section><label class=\"label\">T\u00e9l\u00e9phone<\/label><label class=\"input\"><input data-type=\"text\" data-label=\"T\u00e9l\u00e9phone\" id=\"text3\" type=\"text\" name=\"text3\" \/><\/label><\/section><section><label class=\"label\">Message<\/label><label class=\"textarea\"><textarea data-type=\"message\" data-label=\"Message\" id=\"message4\" name=\"message4\" rows=\"7\"><\/textarea><\/label><\/section>        <\/fieldset>\r\n        <footer>\r\n            <button data-style=\"slide-down\" id=\"cf-submittedaveolm\" class=\"ecfbutton ladda-button\" type=\"submit\" name=\"cf-submittedaveolm\"><span class=\"ladda-label\">SEND<\/span><\/button>\r\n        <\/footer>\r\n    <\/form>\r\n\r\n    \r\n<\/div>\r\n<!-- END Form Markup for Form ID: 4171 -->\r\n\r\n\r\n\t\t\t\t<\/div><\/div><\/div><\/div>","protected":false},"excerpt":{"rendered":"","protected":false},"author":2,"featured_media":0,"parent":0,"menu_order":0,"comment_status":"closed","ping_status":"closed","template":"","meta":{"_monsterinsights_skip_tracking":false,"_monsterinsights_sitenote_active":false,"_monsterinsights_sitenote_note":"","_monsterinsights_sitenote_category":0,"footnotes":""},"class_list":["post-4172","page","type-page","status-publish","hentry","post"],"yoast_head":"<!-- This site is optimized with the Yoast SEO plugin v22.6 - https:\/\/yoast.com\/wordpress\/plugins\/seo\/ -->\n<title>Formulaire de partenariat - Le Festival des mots crois\u00e9s \u00e0 Is-sur-Tille<\/title>\n<meta name=\"description\" content=\"Trouvez sur cette page comment devenir partenaire du festival des mots crois\u00e9s d&#039;Is-sur-Tille. Remplissez le formulaire en ligne.\" \/>\n<meta name=\"robots\" content=\"index, follow, max-snippet:-1, max-image-preview:large, max-video-preview:-1\" \/>\n<link rel=\"canonical\" href=\"https:\/\/festival-ismotscroises.fr\/?page_id=4172\" \/>\n<meta property=\"og:locale\" content=\"fr_FR\" \/>\n<meta property=\"og:type\" content=\"article\" \/>\n<meta property=\"og:title\" content=\"Formulaire de partenariat - Le Festival des mots crois\u00e9s \u00e0 Is-sur-Tille\" \/>\n<meta property=\"og:description\" content=\"Trouvez sur cette page comment devenir partenaire du festival des mots crois\u00e9s d&#039;Is-sur-Tille. Remplissez le formulaire en ligne.\" \/>\n<meta property=\"og:url\" content=\"https:\/\/festival-ismotscroises.fr\/?page_id=4172\" \/>\n<meta property=\"og:site_name\" content=\"Le Festival des mots crois\u00e9s \u00e0 Is-sur-Tille\" \/>\n<meta property=\"article:modified_time\" content=\"2023-03-24T11:10:32+00:00\" \/>\n<meta name=\"twitter:card\" content=\"summary_large_image\" \/>\n<meta name=\"twitter:label1\" content=\"Dur\u00e9e de lecture estim\u00e9e\" \/>\n\t<meta name=\"twitter:data1\" content=\"2 minutes\" \/>\n<script type=\"application\/ld+json\" class=\"yoast-schema-graph\">{\"@context\":\"https:\/\/schema.org\",\"@graph\":[{\"@type\":\"WebPage\",\"@id\":\"https:\/\/festival-ismotscroises.fr\/?page_id=4172\",\"url\":\"https:\/\/festival-ismotscroises.fr\/?page_id=4172\",\"name\":\"Formulaire de partenariat - Le Festival des mots crois\u00e9s \u00e0 Is-sur-Tille\",\"isPartOf\":{\"@id\":\"https:\/\/festival-ismotscroises.fr\/#website\"},\"datePublished\":\"2023-03-24T10:27:19+00:00\",\"dateModified\":\"2023-03-24T11:10:32+00:00\",\"description\":\"Trouvez sur cette page comment devenir partenaire du festival des mots crois\u00e9s d'Is-sur-Tille. Remplissez le formulaire en ligne.\",\"breadcrumb\":{\"@id\":\"https:\/\/festival-ismotscroises.fr\/?page_id=4172#breadcrumb\"},\"inLanguage\":\"fr-FR\",\"potentialAction\":[{\"@type\":\"ReadAction\",\"target\":[\"https:\/\/festival-ismotscroises.fr\/?page_id=4172\"]}]},{\"@type\":\"BreadcrumbList\",\"@id\":\"https:\/\/festival-ismotscroises.fr\/?page_id=4172#breadcrumb\",\"itemListElement\":[{\"@type\":\"ListItem\",\"position\":1,\"name\":\"Accueil\",\"item\":\"https:\/\/festival-ismotscroises.fr\/\"},{\"@type\":\"ListItem\",\"position\":2,\"name\":\"Formulaire de partenariat\"}]},{\"@type\":\"WebSite\",\"@id\":\"https:\/\/festival-ismotscroises.fr\/#website\",\"url\":\"https:\/\/festival-ismotscroises.fr\/\",\"name\":\"Le Festival des mots crois\u00e9s \u00e0 Is-sur-Tille\",\"description\":\"La ville d&#039;Is-sur-Tille, en C\u00f4te-d&#039;Or, organise un festival annuel de mots crois\u00e9s depuis 1990..\",\"potentialAction\":[{\"@type\":\"SearchAction\",\"target\":{\"@type\":\"EntryPoint\",\"urlTemplate\":\"https:\/\/festival-ismotscroises.fr\/?s={search_term_string}\"},\"query-input\":\"required name=search_term_string\"}],\"inLanguage\":\"fr-FR\"}]}<\/script>\n<!-- \/ Yoast SEO plugin. -->","yoast_head_json":{"title":"Formulaire de partenariat - Le Festival des mots crois\u00e9s \u00e0 Is-sur-Tille","description":"Trouvez sur cette page comment devenir partenaire du festival des mots crois\u00e9s d'Is-sur-Tille. Remplissez le formulaire en ligne.","robots":{"index":"index","follow":"follow","max-snippet":"max-snippet:-1","max-image-preview":"max-image-preview:large","max-video-preview":"max-video-preview:-1"},"canonical":"https:\/\/festival-ismotscroises.fr\/?page_id=4172","og_locale":"fr_FR","og_type":"article","og_title":"Formulaire de partenariat - Le Festival des mots crois\u00e9s \u00e0 Is-sur-Tille","og_description":"Trouvez sur cette page comment devenir partenaire du festival des mots crois\u00e9s d'Is-sur-Tille. Remplissez le formulaire en ligne.","og_url":"https:\/\/festival-ismotscroises.fr\/?page_id=4172","og_site_name":"Le Festival des mots crois\u00e9s \u00e0 Is-sur-Tille","article_modified_time":"2023-03-24T11:10:32+00:00","twitter_card":"summary_large_image","twitter_misc":{"Dur\u00e9e de lecture estim\u00e9e":"2 minutes"},"schema":{"@context":"https:\/\/schema.org","@graph":[{"@type":"WebPage","@id":"https:\/\/festival-ismotscroises.fr\/?page_id=4172","url":"https:\/\/festival-ismotscroises.fr\/?page_id=4172","name":"Formulaire de partenariat - Le Festival des mots crois\u00e9s \u00e0 Is-sur-Tille","isPartOf":{"@id":"https:\/\/festival-ismotscroises.fr\/#website"},"datePublished":"2023-03-24T10:27:19+00:00","dateModified":"2023-03-24T11:10:32+00:00","description":"Trouvez sur cette page comment devenir partenaire du festival des mots crois\u00e9s d'Is-sur-Tille. Remplissez le formulaire en ligne.","breadcrumb":{"@id":"https:\/\/festival-ismotscroises.fr\/?page_id=4172#breadcrumb"},"inLanguage":"fr-FR","potentialAction":[{"@type":"ReadAction","target":["https:\/\/festival-ismotscroises.fr\/?page_id=4172"]}]},{"@type":"BreadcrumbList","@id":"https:\/\/festival-ismotscroises.fr\/?page_id=4172#breadcrumb","itemListElement":[{"@type":"ListItem","position":1,"name":"Accueil","item":"https:\/\/festival-ismotscroises.fr\/"},{"@type":"ListItem","position":2,"name":"Formulaire de partenariat"}]},{"@type":"WebSite","@id":"https:\/\/festival-ismotscroises.fr\/#website","url":"https:\/\/festival-ismotscroises.fr\/","name":"Le Festival des mots crois\u00e9s \u00e0 Is-sur-Tille","description":"La ville d&#039;Is-sur-Tille, en C\u00f4te-d&#039;Or, organise un festival annuel de mots crois\u00e9s depuis 1990..","potentialAction":[{"@type":"SearchAction","target":{"@type":"EntryPoint","urlTemplate":"https:\/\/festival-ismotscroises.fr\/?s={search_term_string}"},"query-input":"required name=search_term_string"}],"inLanguage":"fr-FR"}]}},"_links":{"self":[{"href":"https:\/\/festival-ismotscroises.fr\/index.php?rest_route=\/wp\/v2\/pages\/4172","targetHints":{"allow":["GET"]}}],"collection":[{"href":"https:\/\/festival-ismotscroises.fr\/index.php?rest_route=\/wp\/v2\/pages"}],"about":[{"href":"https:\/\/festival-ismotscroises.fr\/index.php?rest_route=\/wp\/v2\/types\/page"}],"author":[{"embeddable":true,"href":"https:\/\/festival-ismotscroises.fr\/index.php?rest_route=\/wp\/v2\/users\/2"}],"replies":[{"embeddable":true,"href":"https:\/\/festival-ismotscroises.fr\/index.php?rest_route=%2Fwp%2Fv2%2Fcomments&post=4172"}],"version-history":[{"count":3,"href":"https:\/\/festival-ismotscroises.fr\/index.php?rest_route=\/wp\/v2\/pages\/4172\/revisions"}],"predecessor-version":[{"id":4176,"href":"https:\/\/festival-ismotscroises.fr\/index.php?rest_route=\/wp\/v2\/pages\/4172\/revisions\/4176"}],"wp:attachment":[{"href":"https:\/\/festival-ismotscroises.fr\/index.php?rest_route=%2Fwp%2Fv2%2Fmedia&parent=4172"}],"curies":[{"name":"wp","href":"https:\/\/api.w.org\/{rel}","templated":true}]}}