{"id":3953,"date":"2023-03-23T09:50:06","date_gmt":"2023-03-23T08:50:06","guid":{"rendered":"http:\/\/festival-ismotscroises.fr\/?page_id=3953"},"modified":"2023-03-24T14:52:01","modified_gmt":"2023-03-24T13:52:01","slug":"inscription-au-tournoi-des-colleges-2023","status":"publish","type":"page","link":"https:\/\/festival-ismotscroises.fr\/?page_id=3953","title":{"rendered":"Inscription au Tournoi des Coll\u00e8ges 2023"},"content":{"rendered":"\n<p>Inscrivez votre coll\u00e8ge avant le jeudi 12 janvier 2023. Pour cela remplissez le formulaire d&rsquo;inscription<\/p>\n\n\n\n<div class=\"wp-block-columns is-layout-flex wp-container-core-columns-is-layout-9d6595d7 wp-block-columns-is-layout-flex\">\n<div class=\"wp-block-column is-layout-flow wp-block-column-is-layout-flow\">\n<p>saisir du texte<\/p>\n<\/div>\n\n\n\n<div class=\"wp-block-column is-layout-flow wp-block-column-is-layout-flow\">\r\n<!-- START JS for Form ID: 1315 -->\r\n<script type=\"text\/javascript\">\r\njQuery(document).ready(function($) {\r\n\r\n    jQuery(\"#preloader-fhsjmv\").fadeOut(500, function() {\r\n        jQuery(\"#ecf-form-fhsjmv\").fadeIn(300);\r\n    });\r\n\r\n    Ladda.bind('.ladda-button');\r\n\r\n    $(function() {\r\n\r\n        \r\n        \/* Validation *\/\r\n        $(\"#form-fhsjmv\").validate({\r\n            \/* Rules for form validation *\/\r\n            rules: {\r\n                name0:{required: true},text1:{required: true},email2:{required: true,email: true},text3:{required: true},text4:{required: true},text5:{required: true},text6:{required: true},message7:{required: false,minlength: 10},\r\n\r\n                            },\r\n            \/* Messages for form validation *\/\r\n            messages: {\r\n                name0:{required: \"Ce champ est obligatoire\"},text1:{required: \"Ce champ est obligatoire\"},email2:{required: \"Ce champ est obligatoire\"},text3:{required: \"Ce champ est obligatoire\"},text4:{required: \"Ce champ est obligatoire\"},text5:{required: \"Ce champ est obligatoire\"},text6:{required: \"Ce champ est obligatoire\"},message7:{required: \"Ce champ est obligatoire\"}            },\r\n            \/* Do not change code below *\/\r\n            errorPlacement: function(error, element) {\r\n                error.insertAfter(element.parent());\r\n            },\r\n\r\n            submitHandler: function(form) {\r\n                                ecf_onsubmit(jQuery('.form-fhsjmv'));\r\n\r\n                \r\n            },\r\n\r\n            invalidHandler: function(form) {\r\n                Ladda.stopAll();\r\n            },\r\n\r\n            onkeyup: false,\r\n            onfocusout: false,\r\n            onclick: false\r\n\r\n        });\r\n    });\r\n\r\n\r\n    \/* Form Submit ( Ajax ) *\/\r\n    function ecf_onsubmit(form) {\r\n\r\n        if (form.attr('action') == '#') {\r\n\r\n            data = {};\r\n            eldat = [];\r\n            data['action'] = 'ecf_deliver_mail';\r\n            data['formid'] = '1315';\r\n            data['security'] = 'e56b3baa99';\r\n\r\n\r\n            \r\n            jQuery('input, textarea', form).each(function(key) {\r\n\r\n                items = {};\r\n\r\n                if (typeof $(this).data('type') === 'undefined') {\r\n                    return true;\r\n                }\r\n\r\n\r\n                \r\n                items['type'] = $(this).data('type');\r\n                items['label'] = $(this).data('label');\r\n                items['value'] = this.value;\r\n                items['name'] = this.name;\r\n\r\n                eldat.push(items);\r\n\r\n            });\r\n\r\n\r\n                        data['allelmnt'] = JSON.stringify(eldat);\r\n\r\n            submitForm();\r\n\r\n            return false;\r\n\r\n        }\r\n\r\n    }\r\n\r\n    \/* Start submitForm\t *\/\r\n    function submitForm() {\r\n\r\n        jQuery.ajax({\r\n            url: 'https:\/\/festival-ismotscroises.fr\/wp-admin\/admin-ajax.php',\r\n            type: 'POST',\r\n            dataType: 'json',\r\n            data: data,\r\n            success: function(data) {\r\n\r\n                if (data.Ok == true) {\r\n\r\n                    $(\"#form-fhsjmv\").get(0).reset();\r\n\r\n                    if (data.msg == 'redirect') {\r\n                        window.location = \"http:\/\/\";\r\n                    } else {\r\n                        notifyme('Votre formulaire a bien \u00e9t\u00e9 envoy\u00e9', 'n', 'success',\r\n                            'left middle');\r\n                    }\r\n\r\n                } else {\r\n                    $(\"#form-fhsjmv\").get(0).reset();\r\n                    notifyme(data.msg, 'n', 'error', 'left middle');\r\n                }\r\n\r\n                Ladda.stopAll();\r\n\r\n            }\r\n        });\r\n\r\n        \r\n    }\r\n\r\n\r\n    \/* Notify *\/\r\n    function notifyme(msg, b, typ, pos) {\r\n        if (b == 'n') {\r\n            b = 'cf-submittedfhsjmv';\r\n        } else {\r\n            b = 'atcfhsjmv';\r\n        }\r\n\r\n        $(\"#\" + b).gnotify(msg, {\r\n            style: \"nbootstrap\",\r\n            elementPosition: pos,\r\n            className: typ\r\n        });\r\n\r\n        msg = null;\r\n        typ = null;\r\n\r\n    }\r\n\r\n});\r\n<\/script>\r\n<!-- END JS for Form ID: 1315 -->\r\n\r\n<!-- START Form Markup for Form ID: 1315 -->\r\n<div id=\"preloader-fhsjmv\" class=\"ecfpreloader\"><\/div>\r\n<div id=\"ecf-form-fhsjmv\" class=\"ecf-body\">\r\n    <form method=\"post\" enctype=\"multipart\/form-data\" action=\"#\" id=\"form-fhsjmv\" class=\"ecf-form form-fhsjmv\">\r\n                <fieldset>\r\n            <section><label class=\"label\">Nom du coll\u00e8ge<\/label><label class=\"input\"><input data-type=\"name\" data-label=\"Nom du coll\u00e8ge\" id=\"name0\" type=\"text\" name=\"name0\" \/><\/label><\/section><section><label class=\"label\">Adresse compl\u00e8te de l&#039;\u00e9tablissement<\/label><label class=\"input\"><input data-type=\"text\" data-label=\"Adresse compl\u00e8te de l&#039;\u00e9tablissement\" id=\"text1\" type=\"text\" name=\"text1\" \/><\/label><\/section><section><label class=\"label\">Courriel du coll\u00e8ge<\/label><label class=\"input\"><input data-type=\"email\" data-label=\"Courriel du coll\u00e8ge\" id=\"email2\" type=\"text\" name=\"email2\" \/><\/label><\/section><section><label class=\"label\">T\u00e9l\u00e9phone du coll\u00e8ge<\/label><label class=\"input\"><input data-type=\"text\" data-label=\"T\u00e9l\u00e9phone du coll\u00e8ge\" id=\"text3\" type=\"text\" name=\"text3\" \/><\/label><\/section><section><label class=\"label\">Nom du professeur-relais (pr\u00e9ciser la fonction ou la mati\u00e8re enseign\u00e9e)<\/label><label class=\"input\"><input data-type=\"text\" data-label=\"Nom du professeur-relais (pr\u00e9ciser la fonction ou la mati\u00e8re enseign\u00e9e)\" id=\"text4\" type=\"text\" name=\"text4\" \/><\/label><\/section><section><label class=\"label\">Courriel du professeur-relais<\/label><label class=\"input\"><input data-type=\"text\" data-label=\"Courriel du professeur-relais\" id=\"text5\" type=\"text\" name=\"text5\" \/><\/label><\/section><section><label class=\"label\">Total des \u00e9l\u00e8ves de cinqui\u00e8me inscrits<\/label><label class=\"input\"><input data-type=\"text\" data-label=\"Total des \u00e9l\u00e8ves de cinqui\u00e8me inscrits\" id=\"text6\" type=\"text\" name=\"text6\" \/><\/label><\/section><section><label class=\"label\">Informations compl\u00e9mentaires<\/label><label class=\"textarea\"><textarea data-type=\"message\" data-label=\"Informations compl\u00e9mentaires\" id=\"message7\" name=\"message7\" rows=\"7\"><\/textarea><\/label><\/section>        <\/fieldset>\r\n        <footer>\r\n            <button data-style=\"slide-down\" id=\"cf-submittedfhsjmv\" class=\"ecfbutton ladda-button\" type=\"submit\" name=\"cf-submittedfhsjmv\"><span class=\"ladda-label\">SEND<\/span><\/button>\r\n        <\/footer>\r\n    <\/form>\r\n\r\n    \r\n<\/div>\r\n<!-- END Form Markup for Form ID: 1315 -->\r\n\r\n\r\n\t\t\t\t<\/div>\n<\/div>\n\n\n\n<div class=\"wp-block-columns is-layout-flex wp-container-core-columns-is-layout-9d6595d7 wp-block-columns-is-layout-flex\">\n<div class=\"wp-block-column is-layout-flow wp-block-column-is-layout-flow\">\n<figure class=\"wp-block-image size-medium\"><a href=\"https:\/\/festival-ismotscroises.fr\/wp-content\/uploads\/2023\/03\/Flyer-2023-recto_page-0001-2.jpg\" data-rel=\"lightbox-image-0\" data-rl_title=\"\" data-rl_caption=\"\" title=\"\"><img loading=\"lazy\" decoding=\"async\" width=\"212\" height=\"300\" src=\"https:\/\/festival-ismotscroises.fr\/wp-content\/uploads\/2023\/03\/Flyer-2023-recto_page-0001-2-212x300.jpg\" alt=\"\" class=\"wp-image-3969\" srcset=\"https:\/\/festival-ismotscroises.fr\/wp-content\/uploads\/2023\/03\/Flyer-2023-recto_page-0001-2-212x300.jpg 212w, https:\/\/festival-ismotscroises.fr\/wp-content\/uploads\/2023\/03\/Flyer-2023-recto_page-0001-2-725x1024.jpg 725w, https:\/\/festival-ismotscroises.fr\/wp-content\/uploads\/2023\/03\/Flyer-2023-recto_page-0001-2-768x1085.jpg 768w, https:\/\/festival-ismotscroises.fr\/wp-content\/uploads\/2023\/03\/Flyer-2023-recto_page-0001-2-600x848.jpg 600w, https:\/\/festival-ismotscroises.fr\/wp-content\/uploads\/2023\/03\/Flyer-2023-recto_page-0001-2-1087x1536.jpg 1087w, https:\/\/festival-ismotscroises.fr\/wp-content\/uploads\/2023\/03\/Flyer-2023-recto_page-0001-2.jpg 1241w\" sizes=\"auto, (max-width: 212px) 100vw, 212px\" \/><\/a><\/figure>\n<\/div>\n\n\n\n<div class=\"wp-block-column is-layout-flow wp-block-column-is-layout-flow\">\n<figure class=\"wp-block-image size-medium\"><a href=\"https:\/\/festival-ismotscroises.fr\/wp-content\/uploads\/2023\/03\/Flyer-2023-verso_page-0001-1.jpg\" data-rel=\"lightbox-image-1\" data-rl_title=\"\" data-rl_caption=\"\" title=\"\"><img loading=\"lazy\" decoding=\"async\" width=\"212\" height=\"300\" src=\"https:\/\/festival-ismotscroises.fr\/wp-content\/uploads\/2023\/03\/Flyer-2023-verso_page-0001-1-212x300.jpg\" alt=\"\" class=\"wp-image-3970\" srcset=\"https:\/\/festival-ismotscroises.fr\/wp-content\/uploads\/2023\/03\/Flyer-2023-verso_page-0001-1-212x300.jpg 212w, https:\/\/festival-ismotscroises.fr\/wp-content\/uploads\/2023\/03\/Flyer-2023-verso_page-0001-1-725x1024.jpg 725w, https:\/\/festival-ismotscroises.fr\/wp-content\/uploads\/2023\/03\/Flyer-2023-verso_page-0001-1-768x1085.jpg 768w, https:\/\/festival-ismotscroises.fr\/wp-content\/uploads\/2023\/03\/Flyer-2023-verso_page-0001-1-600x848.jpg 600w, https:\/\/festival-ismotscroises.fr\/wp-content\/uploads\/2023\/03\/Flyer-2023-verso_page-0001-1-1087x1536.jpg 1087w, https:\/\/festival-ismotscroises.fr\/wp-content\/uploads\/2023\/03\/Flyer-2023-verso_page-0001-1.jpg 1241w\" sizes=\"auto, (max-width: 212px) 100vw, 212px\" \/><\/a><\/figure>\n<\/div>\n<\/div>\n","protected":false},"excerpt":{"rendered":"<p>Inscrivez votre coll\u00e8ge avant le jeudi 12 janvier 2023. Pour cela remplissez le formulaire d&rsquo;inscription saisir du texte<\/p>\n","protected":false},"author":2,"featured_media":3969,"parent":0,"menu_order":0,"comment_status":"closed","ping_status":"closed","template":"","meta":{"_monsterinsights_skip_tracking":false,"_monsterinsights_sitenote_active":false,"_monsterinsights_sitenote_note":"","_monsterinsights_sitenote_category":0,"footnotes":""},"class_list":["post-3953","page","type-page","status-publish","has-post-thumbnail","hentry","post"],"yoast_head":"<!-- This site is optimized with the Yoast SEO plugin v22.6 - https:\/\/yoast.com\/wordpress\/plugins\/seo\/ -->\n<title>Inscription au Tournoi des Coll\u00e8ges 2023 - Le Festival des mots crois\u00e9s \u00e0 Is-sur-Tille<\/title>\n<meta name=\"description\" content=\"inscription au tournoi des coll\u00e8ges de mots crois\u00e9s d&#039;Is-sur-Tille. Ouvert aux \u00e9l\u00e8ves des classes de 5eme de toute r\u00e9gion\" \/>\n<meta name=\"robots\" content=\"index, follow, max-snippet:-1, max-image-preview:large, max-video-preview:-1\" \/>\n<link rel=\"canonical\" href=\"https:\/\/festival-ismotscroises.fr\/?page_id=3953\" \/>\n<meta property=\"og:locale\" content=\"fr_FR\" \/>\n<meta property=\"og:type\" content=\"article\" \/>\n<meta property=\"og:title\" content=\"Inscription au Tournoi des Coll\u00e8ges 2023 - Le Festival des mots crois\u00e9s \u00e0 Is-sur-Tille\" \/>\n<meta property=\"og:description\" content=\"inscription au tournoi des coll\u00e8ges de mots crois\u00e9s d&#039;Is-sur-Tille. Ouvert aux \u00e9l\u00e8ves des classes de 5eme de toute r\u00e9gion\" \/>\n<meta property=\"og:url\" content=\"https:\/\/festival-ismotscroises.fr\/?page_id=3953\" \/>\n<meta property=\"og:site_name\" content=\"Le Festival des mots crois\u00e9s \u00e0 Is-sur-Tille\" \/>\n<meta property=\"article:modified_time\" content=\"2023-03-24T13:52:01+00:00\" \/>\n<meta property=\"og:image\" content=\"https:\/\/festival-ismotscroises.fr\/wp-content\/uploads\/2023\/03\/Flyer-2023-recto_page-0001-2.jpg\" \/>\n\t<meta property=\"og:image:width\" content=\"1241\" \/>\n\t<meta property=\"og:image:height\" content=\"1754\" \/>\n\t<meta property=\"og:image:type\" content=\"image\/jpeg\" \/>\n<meta name=\"twitter:card\" content=\"summary_large_image\" \/>\n<meta name=\"twitter:label1\" content=\"Dur\u00e9e de lecture estim\u00e9e\" \/>\n\t<meta name=\"twitter:data1\" content=\"1 minute\" \/>\n<script type=\"application\/ld+json\" class=\"yoast-schema-graph\">{\"@context\":\"https:\/\/schema.org\",\"@graph\":[{\"@type\":\"WebPage\",\"@id\":\"https:\/\/festival-ismotscroises.fr\/?page_id=3953\",\"url\":\"https:\/\/festival-ismotscroises.fr\/?page_id=3953\",\"name\":\"Inscription au Tournoi des Coll\u00e8ges 2023 - Le Festival des mots crois\u00e9s \u00e0 Is-sur-Tille\",\"isPartOf\":{\"@id\":\"https:\/\/festival-ismotscroises.fr\/#website\"},\"primaryImageOfPage\":{\"@id\":\"https:\/\/festival-ismotscroises.fr\/?page_id=3953#primaryimage\"},\"image\":{\"@id\":\"https:\/\/festival-ismotscroises.fr\/?page_id=3953#primaryimage\"},\"thumbnailUrl\":\"https:\/\/festival-ismotscroises.fr\/wp-content\/uploads\/2023\/03\/Flyer-2023-recto_page-0001-2.jpg\",\"datePublished\":\"2023-03-23T08:50:06+00:00\",\"dateModified\":\"2023-03-24T13:52:01+00:00\",\"description\":\"inscription au tournoi des coll\u00e8ges de mots crois\u00e9s d'Is-sur-Tille. Ouvert aux \u00e9l\u00e8ves des classes de 5eme de toute r\u00e9gion\",\"breadcrumb\":{\"@id\":\"https:\/\/festival-ismotscroises.fr\/?page_id=3953#breadcrumb\"},\"inLanguage\":\"fr-FR\",\"potentialAction\":[{\"@type\":\"ReadAction\",\"target\":[\"https:\/\/festival-ismotscroises.fr\/?page_id=3953\"]}]},{\"@type\":\"ImageObject\",\"inLanguage\":\"fr-FR\",\"@id\":\"https:\/\/festival-ismotscroises.fr\/?page_id=3953#primaryimage\",\"url\":\"https:\/\/festival-ismotscroises.fr\/wp-content\/uploads\/2023\/03\/Flyer-2023-recto_page-0001-2.jpg\",\"contentUrl\":\"https:\/\/festival-ismotscroises.fr\/wp-content\/uploads\/2023\/03\/Flyer-2023-recto_page-0001-2.jpg\",\"width\":1241,\"height\":1754},{\"@type\":\"BreadcrumbList\",\"@id\":\"https:\/\/festival-ismotscroises.fr\/?page_id=3953#breadcrumb\",\"itemListElement\":[{\"@type\":\"ListItem\",\"position\":1,\"name\":\"Accueil\",\"item\":\"https:\/\/festival-ismotscroises.fr\/\"},{\"@type\":\"ListItem\",\"position\":2,\"name\":\"Inscription au Tournoi des Coll\u00e8ges 2023\"}]},{\"@type\":\"WebSite\",\"@id\":\"https:\/\/festival-ismotscroises.fr\/#website\",\"url\":\"https:\/\/festival-ismotscroises.fr\/\",\"name\":\"Le Festival des mots crois\u00e9s \u00e0 Is-sur-Tille\",\"description\":\"La ville d&#039;Is-sur-Tille, en C\u00f4te-d&#039;Or, organise un festival annuel de mots crois\u00e9s depuis 1990..\",\"potentialAction\":[{\"@type\":\"SearchAction\",\"target\":{\"@type\":\"EntryPoint\",\"urlTemplate\":\"https:\/\/festival-ismotscroises.fr\/?s={search_term_string}\"},\"query-input\":\"required name=search_term_string\"}],\"inLanguage\":\"fr-FR\"}]}<\/script>\n<!-- \/ Yoast SEO plugin. -->","yoast_head_json":{"title":"Inscription au Tournoi des Coll\u00e8ges 2023 - Le Festival des mots crois\u00e9s \u00e0 Is-sur-Tille","description":"inscription au tournoi des coll\u00e8ges de mots crois\u00e9s d'Is-sur-Tille. Ouvert aux \u00e9l\u00e8ves des classes de 5eme de toute r\u00e9gion","robots":{"index":"index","follow":"follow","max-snippet":"max-snippet:-1","max-image-preview":"max-image-preview:large","max-video-preview":"max-video-preview:-1"},"canonical":"https:\/\/festival-ismotscroises.fr\/?page_id=3953","og_locale":"fr_FR","og_type":"article","og_title":"Inscription au Tournoi des Coll\u00e8ges 2023 - Le Festival des mots crois\u00e9s \u00e0 Is-sur-Tille","og_description":"inscription au tournoi des coll\u00e8ges de mots crois\u00e9s d'Is-sur-Tille. Ouvert aux \u00e9l\u00e8ves des classes de 5eme de toute r\u00e9gion","og_url":"https:\/\/festival-ismotscroises.fr\/?page_id=3953","og_site_name":"Le Festival des mots crois\u00e9s \u00e0 Is-sur-Tille","article_modified_time":"2023-03-24T13:52:01+00:00","og_image":[{"width":1241,"height":1754,"url":"https:\/\/festival-ismotscroises.fr\/wp-content\/uploads\/2023\/03\/Flyer-2023-recto_page-0001-2.jpg","type":"image\/jpeg"}],"twitter_card":"summary_large_image","twitter_misc":{"Dur\u00e9e de lecture estim\u00e9e":"1 minute"},"schema":{"@context":"https:\/\/schema.org","@graph":[{"@type":"WebPage","@id":"https:\/\/festival-ismotscroises.fr\/?page_id=3953","url":"https:\/\/festival-ismotscroises.fr\/?page_id=3953","name":"Inscription au Tournoi des Coll\u00e8ges 2023 - Le Festival des mots crois\u00e9s \u00e0 Is-sur-Tille","isPartOf":{"@id":"https:\/\/festival-ismotscroises.fr\/#website"},"primaryImageOfPage":{"@id":"https:\/\/festival-ismotscroises.fr\/?page_id=3953#primaryimage"},"image":{"@id":"https:\/\/festival-ismotscroises.fr\/?page_id=3953#primaryimage"},"thumbnailUrl":"https:\/\/festival-ismotscroises.fr\/wp-content\/uploads\/2023\/03\/Flyer-2023-recto_page-0001-2.jpg","datePublished":"2023-03-23T08:50:06+00:00","dateModified":"2023-03-24T13:52:01+00:00","description":"inscription au tournoi des coll\u00e8ges de mots crois\u00e9s d'Is-sur-Tille. Ouvert aux \u00e9l\u00e8ves des classes de 5eme de toute r\u00e9gion","breadcrumb":{"@id":"https:\/\/festival-ismotscroises.fr\/?page_id=3953#breadcrumb"},"inLanguage":"fr-FR","potentialAction":[{"@type":"ReadAction","target":["https:\/\/festival-ismotscroises.fr\/?page_id=3953"]}]},{"@type":"ImageObject","inLanguage":"fr-FR","@id":"https:\/\/festival-ismotscroises.fr\/?page_id=3953#primaryimage","url":"https:\/\/festival-ismotscroises.fr\/wp-content\/uploads\/2023\/03\/Flyer-2023-recto_page-0001-2.jpg","contentUrl":"https:\/\/festival-ismotscroises.fr\/wp-content\/uploads\/2023\/03\/Flyer-2023-recto_page-0001-2.jpg","width":1241,"height":1754},{"@type":"BreadcrumbList","@id":"https:\/\/festival-ismotscroises.fr\/?page_id=3953#breadcrumb","itemListElement":[{"@type":"ListItem","position":1,"name":"Accueil","item":"https:\/\/festival-ismotscroises.fr\/"},{"@type":"ListItem","position":2,"name":"Inscription au Tournoi des Coll\u00e8ges 2023"}]},{"@type":"WebSite","@id":"https:\/\/festival-ismotscroises.fr\/#website","url":"https:\/\/festival-ismotscroises.fr\/","name":"Le Festival des mots crois\u00e9s \u00e0 Is-sur-Tille","description":"La ville d&#039;Is-sur-Tille, en C\u00f4te-d&#039;Or, organise un festival annuel de mots crois\u00e9s depuis 1990..","potentialAction":[{"@type":"SearchAction","target":{"@type":"EntryPoint","urlTemplate":"https:\/\/festival-ismotscroises.fr\/?s={search_term_string}"},"query-input":"required name=search_term_string"}],"inLanguage":"fr-FR"}]}},"_links":{"self":[{"href":"https:\/\/festival-ismotscroises.fr\/index.php?rest_route=\/wp\/v2\/pages\/3953","targetHints":{"allow":["GET"]}}],"collection":[{"href":"https:\/\/festival-ismotscroises.fr\/index.php?rest_route=\/wp\/v2\/pages"}],"about":[{"href":"https:\/\/festival-ismotscroises.fr\/index.php?rest_route=\/wp\/v2\/types\/page"}],"author":[{"embeddable":true,"href":"https:\/\/festival-ismotscroises.fr\/index.php?rest_route=\/wp\/v2\/users\/2"}],"replies":[{"embeddable":true,"href":"https:\/\/festival-ismotscroises.fr\/index.php?rest_route=%2Fwp%2Fv2%2Fcomments&post=3953"}],"version-history":[{"count":6,"href":"https:\/\/festival-ismotscroises.fr\/index.php?rest_route=\/wp\/v2\/pages\/3953\/revisions"}],"predecessor-version":[{"id":3971,"href":"https:\/\/festival-ismotscroises.fr\/index.php?rest_route=\/wp\/v2\/pages\/3953\/revisions\/3971"}],"wp:featuredmedia":[{"embeddable":true,"href":"https:\/\/festival-ismotscroises.fr\/index.php?rest_route=\/wp\/v2\/media\/3969"}],"wp:attachment":[{"href":"https:\/\/festival-ismotscroises.fr\/index.php?rest_route=%2Fwp%2Fv2%2Fmedia&parent=3953"}],"curies":[{"name":"wp","href":"https:\/\/api.w.org\/{rel}","templated":true}]}}