{"id":38,"date":"2015-06-18T18:48:52","date_gmt":"2015-06-18T16:48:52","guid":{"rendered":"http:\/\/festival-ismotscroises.fr\/?page_id=38"},"modified":"2023-03-24T15:00:09","modified_gmt":"2023-03-24T14:00:09","slug":"historique-mots-croises-is-sur-tille","status":"publish","type":"page","link":"https:\/\/festival-ismotscroises.fr\/?page_id=38","title":{"rendered":"Historique"},"content":{"rendered":"<div id=\"pl-38\"  class=\"panel-layout\" ><div id=\"pg-38-0\"  class=\"panel-grid panel-no-style\" ><div id=\"pgc-38-0-0\"  class=\"panel-grid-cell\" ><div id=\"panel-38-0-0-0\" class=\"so-panel widget widget_metaslider_widget panel-first-child panel-last-child\" data-index=\"0\" ><div id=\"metaslider-id-1353\" style=\"width: 100%; margin: 0 auto;\" class=\"ml-slider-3-70-2 ml-slider-pro-2-18-3 metaslider metaslider-flex metaslider-1353 ml-slider ml-slider-lightbox-1-12-0 lightbox-disabled ms-theme-default nav-hidden\" role=\"region\" aria-roledescription=\"Slideshow\" aria-label=\"SLIDER3\">\n    <div id=\"metaslider_container_1353\">\n        <div id=\"metaslider_1353\" class=\"flexslider\">\n            <ul aria-live=\"polite\" class=\"slides\">\n                <li style=\"display: block; width: 100%;\" class=\"slide-1351 ms-image \" aria-roledescription=\"slide\" aria-label=\"slide-1351\"><img loading=\"lazy\" decoding=\"async\" src=\"https:\/\/festival-ismotscroises.fr\/wp-content\/uploads\/2015\/07\/FESTIVAL-HISTORIQUE-001.jpg\" height=\"430\" width=\"430\" alt=\"\" class=\"slider-1353 slide-1351\" \/><\/li>\n                <li style=\"display: none; width: 100%;\" class=\"slide-1350 ms-image \" aria-roledescription=\"slide\" aria-label=\"slide-1350\"><img loading=\"lazy\" decoding=\"async\" src=\"https:\/\/festival-ismotscroises.fr\/wp-content\/uploads\/2015\/07\/FESTIVAL-HISTORIQUE-002.jpg\" height=\"430\" width=\"430\" alt=\"\" class=\"slider-1353 slide-1350\" \/><\/li>\n                <li style=\"display: none; width: 100%;\" class=\"slide-1349 ms-image \" aria-roledescription=\"slide\" aria-label=\"slide-1349\"><img loading=\"lazy\" decoding=\"async\" src=\"https:\/\/festival-ismotscroises.fr\/wp-content\/uploads\/2015\/07\/FESTIVAL-HISTORIQUE-003.jpg\" height=\"430\" width=\"430\" alt=\"\" class=\"slider-1353 slide-1349\" \/><\/li>\n                <li style=\"display: none; width: 100%;\" class=\"slide-1352 ms-image \" aria-roledescription=\"slide\" aria-label=\"slide-1352\"><img loading=\"lazy\" decoding=\"async\" src=\"https:\/\/festival-ismotscroises.fr\/wp-content\/uploads\/2015\/07\/FESTIVAL-HISTORIQUE-004.jpg\" height=\"430\" width=\"430\" alt=\"\" class=\"slider-1353 slide-1352\" \/><\/li>\n            <\/ul>\n        <\/div>\n        \n    <\/div>\n<\/div><\/div><\/div><div id=\"pgc-38-0-1\"  class=\"panel-grid-cell\" ><div id=\"panel-38-0-1-0\" class=\"so-panel widget widget_black-studio-tinymce widget_black_studio_tinymce panel-first-child panel-last-child\" data-index=\"1\" ><div class=\"textwidget\"><h3 style=\"text-align: justify;\">Historique<\/h3>\n<h4 style=\"text-align: justify;\"><strong>Plus de 25 ann\u00e9es de mots crois\u00e9s \u00e0 Is-sur-Tille<\/strong><\/h4>\n<h4 style=\"text-align: justify;\"><span style=\"color: #993300;\"><strong>1990<\/strong><\/span><\/h4>\n<p style=\"text-align: justify;\">Le Festival des Mots Crois\u00e9s d\u2019Is-sur-Tille voit le jour en 1990 \u00e0 l\u2019initiative de la municipalit\u00e9.<br \/>Pour cette premi\u00e8re \u00e9dition, une grille g\u00e9ante de 16 800 cases a \u00e9t\u00e9 fix\u00e9e \u00e0 la fa\u00e7ade de la mairie et se remplit peu \u00e0 peu au gr\u00e9 des r\u00e9ponses propos\u00e9es par le public.<br \/>Une parade color\u00e9e en ville donne le ton \u00e0 la f\u00eate qui accompagne le festival.<br \/>L\u2019ann\u00e9e suivante, une grille de 3 100m2 install\u00e9e sur le sol du Parc des Capucins constitue l\u2019attraction majeure. Les cases g\u00e9antes servent d\u2019aire d\u2019atterrissage aux parachutistes du Bataillon de Joinville.<\/p>\n<h4 style=\"text-align: justify;\"><span style=\"color: #993300;\"><strong>Une grille spectaculaire<\/strong><\/span><\/h4>\n<p style=\"text-align: justify;\">En 1993 et 1994, une grille de 4\u00a0500 cases, \u00e9chafaud\u00e9e sur la fa\u00e7ade de l'h\u00f4tel de ville, aborde le th\u00e8me de l\u2019Europe. La carte dessin\u00e9e par les cases blanches et noires compte douze pays. Ils seront quinze l\u2019ann\u00e9e suivante, suite \u00e0 l'extension de l'Union europ\u00e9enne, sur une nouvelle grille de 5 000 cases.<\/p>\n<h4 style=\"text-align: justify;\"><span style=\"color: #993300;\"><strong>1996, le Festival \u00e0 un tournant<\/strong><\/span><\/h4>\n<p style=\"text-align: justify;\">Le Festival des mots crois\u00e9s conna\u00eet une \u00e9volution d\u00e9cisive en 1996 lorsque la Ville d\u2019Is-sur-Tille contacte les villes d\u2019A\u00ff en Champagne et d\u2019Eu en Normandie pour cr\u00e9er l\u2019association des villes <strong><em>\u00ab\u00a0En 2 lettres\u00a0\u00bb<\/em><\/strong>. La Comtesse de Paris et le journaliste Pierre Bonte sont pr\u00e9sents sur les fonds baptismaux. Cette ann\u00e9e-l\u00e0 pourtant, le festival aura lieu seulement dans les deux villes nouvellement associ\u00e9es \u00e0 Is. Car pour raison d'\u00e9lections municipales exceptionnelles suite \u00e0 l'annulation du pr\u00e9c\u00e9dent scrutin, il n'y aura pas de festival dans la ville qui l'a cr\u00e9\u00e9.<\/p>\n<p style=\"text-align: justify;\">Une ann\u00e9e plus tard, le festival renoue avec sa tradition \u00e0 Is-sur-Tille et donne \u00e0 la f\u00eate une dimension populaire de grande ampleur. Une association locale, <strong><em>Is Mots Crois\u00e9s<\/em><\/strong>, est relanc\u00e9e avec la mission d\u2019organiser le Festival.<\/p>\n<h4 style=\"text-align: justify;\"><span style=\"color: #993300;\"><strong>Les mots crois\u00e9s sur la f\u00eate<\/strong><\/span><\/h4>\n<p style=\"text-align: justify;\">En 1998, Is-sur-Tille accueille son premier Festival international des mots crois\u00e9s parrain\u00e9 par le chanteur Rachid Bahri. Jean Rossat propose son animation <strong><em>\u00ab Les mots crois\u00e9s sur la f\u00eate \u00bb<\/em><\/strong> avec une grille effa\u00e7able de 600 cases. Les passants, pas tous initi\u00e9s aux \u00e9nigmes famili\u00e8res aux cruciverbistes entra\u00een\u00e9s, se prennent au jeu et viennent \u00e0 bout du probl\u00e8me en un peu plus d'une heure.<\/p>\n<p style=\"text-align: justify;\">En 1999 et 2000, le Festival est de nouveau r\u00e9gional mais s'enrichit d\u2019un Tournoi des 3 Rivi\u00e8res qui s\u2019adresse aux cruciverbistes des cantons d\u2019Is-sur-Tille, de Selongey et de Grancey-le-Ch\u00e2teau.<\/p>\n<h4 style=\"text-align: justify;\"><span style=\"color: #993300;\"><strong>2001 : un tournoi pour les coll\u00e9giens<\/strong><\/span><\/h4>\n<p style=\"text-align: justify;\">Pour la premi\u00e8re ann\u00e9e du mill\u00e9naire, Is-sur-Tille retrouve le \u00ab\u00a0grand\u00a0\u00bb Festival, qui comporte un championnat francophone.<\/p>\n<p style=\"text-align: justify;\">L'association <em>Is mots crois\u00e9s<\/em> organise la m\u00eame ann\u00e9e le premier Tournoi des coll\u00e8ges, avec seulement deux coll\u00e8ges en lice : Is-sur-Tille et Selongey. Cette comp\u00e9tition nouvelle est dans le droit fil d'un concours des coll\u00e9giens, simple \u00e9preuve sur table cr\u00e9\u00e9e en 1990, mais interrompue en 1996.<\/p>\n<p style=\"text-align: justify;\">Ce tournoi a connu un d\u00e9veloppement important, avec chaque ann\u00e9e plus d'une vingtaine de coll\u00e8ges inscrits, situ\u00e9s dans diff\u00e9rents d\u00e9partements de Bourgogne, de Champagne et de Franche-Comt\u00e9. Trente-deux \u00e9quipes de deux joueurs s'affrontent dans des matchs d'un quart d'heure sur panneaux effa\u00e7ables. Les grilles propos\u00e9es aux jeunes joueurs puisent dans la culture commune aux \u00e9l\u00e8ves de cinqui\u00e8me, tout\u00a0 en suivant un th\u00e8me particulier, par exemple <em>les langues de l'Europe<\/em> en 2015.<\/p>\n<p style=\"text-align: justify;\">Toujours en 2001, une premi\u00e8re soir\u00e9e des mots crois\u00e9s r\u00e9unit les festivaliers et les amateurs locaux. \u00c0 chaque table, on met ses talents en commun pour r\u00e9soudre ensemble une grille g\u00e9ante propos\u00e9e par Jean Rossat. Un vide-grenier sur le th\u00e8me du mot et de l'image, un d\u00e9fil\u00e9 et un spectacle de cerfs-volants de grandes dimensions compl\u00e8tent le festival. Comme en 1998, une grille g\u00e9ante sur toile de 16 m\u00e8tres sur 12 sera fix\u00e9e sur un pignon de la salle des Capucins. Totalisant 1 500 d\u00e9finitions, sa r\u00e9solution demandera deux journ\u00e9es enti\u00e8res.<\/p>\n<p style=\"text-align: justify;\">Les deux ann\u00e9es suivantes s'inscrivent dans la continuit\u00e9. Le Tournoi des coll\u00e8ges r\u00e9unit trois coll\u00e8ges seulement en 2002, mais dix en 2003.<br \/>Une association de cruciverbistes, cr\u00e9\u00e9e \u00e0 Is-sur-Tille en pendant l'ann\u00e9e\u00a0 2001, permet \u00e0 des joueurs locaux de s'entra\u00eener et d'atteindre un niveau d'excellence dans le Tournoi de Bourgogne. Ainsi, Jocelyne Fleurey atteint les demi-finales en 2002 et Mireille Borecki la finale en 2003. La f\u00eate populaire, sur le th\u00e8me des jeux, rencontre un bon succ\u00e8s.<\/p>\n<h4 style=\"text-align: justify;\"><span style=\"color: #993300;\"><strong>2003, le Festival en Am\u00e9rique<\/strong><\/span><\/h4>\n<p style=\"text-align: justify;\">En mars 2003, le Festival des mots crois\u00e9s op\u00e8re un rendez-vous r\u00e9ussi avec l'<strong><em>American Crossword Puzzle Tournament<\/em><\/strong> qui conna\u00eet sa 26e \u00e9dition \u00e0 Stamford, dans le Connecticut. Jean Rossat et Christian Baujard, adjoint au maire d'Is-sur-Tille, sont invit\u00e9s \u00e0 venir \u00e0 Stamford repr\u00e9senter les mots crois\u00e9s \u00e0 la fran\u00e7aise et les Villes en deux lettres. Jean Rossat s'exprime devant 500 concurrents alors qu'ils s'appr\u00eatent \u00e0 disputer leur\u00a0 championnat. Will Shortz, grand ordonnateur de l'\u00e9v\u00e9nement, responsable de la rubrique des mots crois\u00e9s dans le<strong><em> New-York Times<\/em><\/strong> et animateur d'une \u00e9mission\u00a0 hebdomadaire \u00e0 la radio publique am\u00e9ricaine, rendra la politesse en venant la m\u00eame ann\u00e9e assister au Festival r\u00e9gional de Champagne \u00e0 A\u00ff, et \u00e0 celui de Bourgogne en 2005 \u00e0 Is-sur-Tille.<br \/><a href=\"http:\/\/www.crosswordtournament.com\" target=\"_blank\">www.crosswordtournament.com<\/a><\/p>\n<h4 style=\"text-align: justify;\"><span style=\"color: #993300;\"><strong>2004<\/strong><\/span><\/h4>\n<p style=\"text-align: justify;\">Nouvelle ann\u00e9e de Festival international \u00e0 Is-sur-Tille, 2004 conna\u00eet un changement important dans la formule du Championnat francophone. La comp\u00e9tition consistait auparavant \u00e0 remplir une grille unique de 20x20 cases de Jean Rossat. Cette ann\u00e9e, c'est au total six grilles (dont celle de Jean Rossat) que les candidats devront r\u00e9soudre. Une \u00e9preuve unique de deux heures c\u00e8de ainsi la place \u00e0 deux demi-journ\u00e9es de r\u00e9flexion sur des probl\u00e8mes propos\u00e9s par des auteurs reconnus. L'auteur qui signe \"L'ADN du Canard\" dans le Canard Encha\u00een\u00e9 fera le d\u00e9placement pour venir parler aux joueurs. Un Championnat francophone sera organis\u00e9 de nouveau en 2007, 2010 et 2013. Une prochaine \u00e9dition est envisag\u00e9e pour 2017.<\/p>\n<h4 style=\"text-align: justify;\"><span style=\"color: #993300;\"><strong>2015<\/strong><\/span><\/h4>\n<p style=\"text-align: justify;\">L'ann\u00e9e 2015 renoue avec une animation gratuite destin\u00e9e au public local : <strong><em>\"La rue Gambetta entre en jeux\"<\/em> <\/strong>propose un \u00e9ventail de jeux de lettres pour tous les \u00e2ges.<\/p>\n<h4 style=\"text-align: justify;\"><span style=\"color: #993300;\"><strong>Et 2016 ?<\/strong><\/span><\/h4>\n<p>Les dates retenues pour 2016 sont les 21 et 22 mai. Un programme est en pr\u00e9paration, et sera publi\u00e9 sur ce site avant la fin de l'ann\u00e9e 2015.<\/p>\n<\/div><\/div><\/div><\/div><div id=\"pg-38-1\"  class=\"panel-grid panel-no-style\" ><div id=\"pgc-38-1-0\"  class=\"panel-grid-cell\" ><div id=\"panel-38-1-0-0\" class=\"so-panel widget widget_black-studio-tinymce widget_black_studio_tinymce panel-first-child panel-last-child\" data-index=\"2\" ><div class=\"textwidget\"><p><img loading=\"lazy\" decoding=\"async\" class=\" size-full wp-image-1496 alignright\" src=\"http:\/\/festival-ismotscroises.fr\/wp-content\/uploads\/2015\/07\/ISMOTSCROISES-LOGO.png\" alt=\"ISMOTSCROISES-LOGO\" width=\"152\" height=\"150\" \/><\/p>\n<\/div><\/div><\/div><\/div><\/div>","protected":false},"excerpt":{"rendered":"<p>HistoriquePlus de 25 ann\u00e9es de mots crois\u00e9s \u00e0 Is-sur-Tille1990Le Festival des Mots Crois\u00e9s d\u2019Is-sur-Tille voit le jour en 1990 \u00e0 l\u2019initiative de la municipalit\u00e9.Pour cette premi\u00e8re \u00e9dition, une grille g\u00e9ante de 16 800 cases a \u00e9t\u00e9 fix\u00e9e \u00e0 la fa\u00e7ade de la mairie et se remplit peu \u00e0 peu au gr\u00e9 des r\u00e9ponses propos\u00e9es par [&hellip;]<\/p>\n","protected":false},"author":2,"featured_media":0,"parent":0,"menu_order":0,"comment_status":"closed","ping_status":"closed","template":"templates\/template-full-notitle.php","meta":{"_monsterinsights_skip_tracking":false,"_monsterinsights_sitenote_active":false,"_monsterinsights_sitenote_note":"","_monsterinsights_sitenote_category":0,"footnotes":""},"class_list":["post-38","page","type-page","status-publish","hentry","post"],"yoast_head":"<!-- This site is optimized with the Yoast SEO plugin v22.6 - https:\/\/yoast.com\/wordpress\/plugins\/seo\/ -->\n<title>Historique - Le Festival des mots crois\u00e9s \u00e0 Is-sur-Tille<\/title>\n<meta name=\"description\" content=\"Historique du festival des mots crois\u00e9s \u00e0 Is-sur-Tille, grille g\u00e9ante, animations propos\u00e9es au fil du temps.\" \/>\n<meta name=\"robots\" content=\"index, follow, max-snippet:-1, max-image-preview:large, max-video-preview:-1\" \/>\n<link rel=\"canonical\" href=\"https:\/\/festival-ismotscroises.fr\/?page_id=38\" \/>\n<meta property=\"og:locale\" content=\"fr_FR\" \/>\n<meta property=\"og:type\" content=\"article\" \/>\n<meta property=\"og:title\" content=\"Historique - Le Festival des mots crois\u00e9s \u00e0 Is-sur-Tille\" \/>\n<meta property=\"og:description\" content=\"Historique du festival des mots crois\u00e9s \u00e0 Is-sur-Tille, grille g\u00e9ante, animations propos\u00e9es au fil du temps.\" \/>\n<meta property=\"og:url\" content=\"https:\/\/festival-ismotscroises.fr\/?page_id=38\" \/>\n<meta property=\"og:site_name\" content=\"Le Festival des mots crois\u00e9s \u00e0 Is-sur-Tille\" \/>\n<meta property=\"article:modified_time\" content=\"2023-03-24T14:00:09+00:00\" \/>\n<meta property=\"og:image\" content=\"http:\/\/festival-ismotscroises.fr\/wp-content\/uploads\/2015\/07\/ISMOTSCROISES-LOGO.png\" \/>\n<meta name=\"twitter:card\" content=\"summary_large_image\" \/>\n<meta name=\"twitter:label1\" content=\"Dur\u00e9e de lecture estim\u00e9e\" \/>\n\t<meta name=\"twitter:data1\" content=\"7 minutes\" \/>\n<script type=\"application\/ld+json\" class=\"yoast-schema-graph\">{\"@context\":\"https:\/\/schema.org\",\"@graph\":[{\"@type\":\"WebPage\",\"@id\":\"https:\/\/festival-ismotscroises.fr\/?page_id=38\",\"url\":\"https:\/\/festival-ismotscroises.fr\/?page_id=38\",\"name\":\"Historique - Le Festival des mots crois\u00e9s \u00e0 Is-sur-Tille\",\"isPartOf\":{\"@id\":\"https:\/\/festival-ismotscroises.fr\/#website\"},\"primaryImageOfPage\":{\"@id\":\"https:\/\/festival-ismotscroises.fr\/?page_id=38#primaryimage\"},\"image\":{\"@id\":\"https:\/\/festival-ismotscroises.fr\/?page_id=38#primaryimage\"},\"thumbnailUrl\":\"http:\/\/festival-ismotscroises.fr\/wp-content\/uploads\/2015\/07\/ISMOTSCROISES-LOGO.png\",\"datePublished\":\"2015-06-18T16:48:52+00:00\",\"dateModified\":\"2023-03-24T14:00:09+00:00\",\"description\":\"Historique du festival des mots crois\u00e9s \u00e0 Is-sur-Tille, grille g\u00e9ante, animations propos\u00e9es au fil du temps.\",\"breadcrumb\":{\"@id\":\"https:\/\/festival-ismotscroises.fr\/?page_id=38#breadcrumb\"},\"inLanguage\":\"fr-FR\",\"potentialAction\":[{\"@type\":\"ReadAction\",\"target\":[\"https:\/\/festival-ismotscroises.fr\/?page_id=38\"]}]},{\"@type\":\"ImageObject\",\"inLanguage\":\"fr-FR\",\"@id\":\"https:\/\/festival-ismotscroises.fr\/?page_id=38#primaryimage\",\"url\":\"https:\/\/festival-ismotscroises.fr\/wp-content\/uploads\/2015\/07\/ISMOTSCROISES-LOGO.png\",\"contentUrl\":\"https:\/\/festival-ismotscroises.fr\/wp-content\/uploads\/2015\/07\/ISMOTSCROISES-LOGO.png\",\"width\":152,\"height\":150},{\"@type\":\"BreadcrumbList\",\"@id\":\"https:\/\/festival-ismotscroises.fr\/?page_id=38#breadcrumb\",\"itemListElement\":[{\"@type\":\"ListItem\",\"position\":1,\"name\":\"Accueil\",\"item\":\"https:\/\/festival-ismotscroises.fr\/\"},{\"@type\":\"ListItem\",\"position\":2,\"name\":\"Historique\"}]},{\"@type\":\"WebSite\",\"@id\":\"https:\/\/festival-ismotscroises.fr\/#website\",\"url\":\"https:\/\/festival-ismotscroises.fr\/\",\"name\":\"Le Festival des mots crois\u00e9s \u00e0 Is-sur-Tille\",\"description\":\"La ville d&#039;Is-sur-Tille, en C\u00f4te-d&#039;Or, organise un festival annuel de mots crois\u00e9s depuis 1990..\",\"potentialAction\":[{\"@type\":\"SearchAction\",\"target\":{\"@type\":\"EntryPoint\",\"urlTemplate\":\"https:\/\/festival-ismotscroises.fr\/?s={search_term_string}\"},\"query-input\":\"required name=search_term_string\"}],\"inLanguage\":\"fr-FR\"}]}<\/script>\n<!-- \/ Yoast SEO plugin. -->","yoast_head_json":{"title":"Historique - Le Festival des mots crois\u00e9s \u00e0 Is-sur-Tille","description":"Historique du festival des mots crois\u00e9s \u00e0 Is-sur-Tille, grille g\u00e9ante, animations propos\u00e9es au fil du temps.","robots":{"index":"index","follow":"follow","max-snippet":"max-snippet:-1","max-image-preview":"max-image-preview:large","max-video-preview":"max-video-preview:-1"},"canonical":"https:\/\/festival-ismotscroises.fr\/?page_id=38","og_locale":"fr_FR","og_type":"article","og_title":"Historique - Le Festival des mots crois\u00e9s \u00e0 Is-sur-Tille","og_description":"Historique du festival des mots crois\u00e9s \u00e0 Is-sur-Tille, grille g\u00e9ante, animations propos\u00e9es au fil du temps.","og_url":"https:\/\/festival-ismotscroises.fr\/?page_id=38","og_site_name":"Le Festival des mots crois\u00e9s \u00e0 Is-sur-Tille","article_modified_time":"2023-03-24T14:00:09+00:00","og_image":[{"url":"http:\/\/festival-ismotscroises.fr\/wp-content\/uploads\/2015\/07\/ISMOTSCROISES-LOGO.png"}],"twitter_card":"summary_large_image","twitter_misc":{"Dur\u00e9e de lecture estim\u00e9e":"7 minutes"},"schema":{"@context":"https:\/\/schema.org","@graph":[{"@type":"WebPage","@id":"https:\/\/festival-ismotscroises.fr\/?page_id=38","url":"https:\/\/festival-ismotscroises.fr\/?page_id=38","name":"Historique - Le Festival des mots crois\u00e9s \u00e0 Is-sur-Tille","isPartOf":{"@id":"https:\/\/festival-ismotscroises.fr\/#website"},"primaryImageOfPage":{"@id":"https:\/\/festival-ismotscroises.fr\/?page_id=38#primaryimage"},"image":{"@id":"https:\/\/festival-ismotscroises.fr\/?page_id=38#primaryimage"},"thumbnailUrl":"http:\/\/festival-ismotscroises.fr\/wp-content\/uploads\/2015\/07\/ISMOTSCROISES-LOGO.png","datePublished":"2015-06-18T16:48:52+00:00","dateModified":"2023-03-24T14:00:09+00:00","description":"Historique du festival des mots crois\u00e9s \u00e0 Is-sur-Tille, grille g\u00e9ante, animations propos\u00e9es au fil du temps.","breadcrumb":{"@id":"https:\/\/festival-ismotscroises.fr\/?page_id=38#breadcrumb"},"inLanguage":"fr-FR","potentialAction":[{"@type":"ReadAction","target":["https:\/\/festival-ismotscroises.fr\/?page_id=38"]}]},{"@type":"ImageObject","inLanguage":"fr-FR","@id":"https:\/\/festival-ismotscroises.fr\/?page_id=38#primaryimage","url":"https:\/\/festival-ismotscroises.fr\/wp-content\/uploads\/2015\/07\/ISMOTSCROISES-LOGO.png","contentUrl":"https:\/\/festival-ismotscroises.fr\/wp-content\/uploads\/2015\/07\/ISMOTSCROISES-LOGO.png","width":152,"height":150},{"@type":"BreadcrumbList","@id":"https:\/\/festival-ismotscroises.fr\/?page_id=38#breadcrumb","itemListElement":[{"@type":"ListItem","position":1,"name":"Accueil","item":"https:\/\/festival-ismotscroises.fr\/"},{"@type":"ListItem","position":2,"name":"Historique"}]},{"@type":"WebSite","@id":"https:\/\/festival-ismotscroises.fr\/#website","url":"https:\/\/festival-ismotscroises.fr\/","name":"Le Festival des mots crois\u00e9s \u00e0 Is-sur-Tille","description":"La ville d&#039;Is-sur-Tille, en C\u00f4te-d&#039;Or, organise un festival annuel de mots crois\u00e9s depuis 1990..","potentialAction":[{"@type":"SearchAction","target":{"@type":"EntryPoint","urlTemplate":"https:\/\/festival-ismotscroises.fr\/?s={search_term_string}"},"query-input":"required name=search_term_string"}],"inLanguage":"fr-FR"}]}},"_links":{"self":[{"href":"https:\/\/festival-ismotscroises.fr\/index.php?rest_route=\/wp\/v2\/pages\/38","targetHints":{"allow":["GET"]}}],"collection":[{"href":"https:\/\/festival-ismotscroises.fr\/index.php?rest_route=\/wp\/v2\/pages"}],"about":[{"href":"https:\/\/festival-ismotscroises.fr\/index.php?rest_route=\/wp\/v2\/types\/page"}],"author":[{"embeddable":true,"href":"https:\/\/festival-ismotscroises.fr\/index.php?rest_route=\/wp\/v2\/users\/2"}],"replies":[{"embeddable":true,"href":"https:\/\/festival-ismotscroises.fr\/index.php?rest_route=%2Fwp%2Fv2%2Fcomments&post=38"}],"version-history":[{"count":20,"href":"https:\/\/festival-ismotscroises.fr\/index.php?rest_route=\/wp\/v2\/pages\/38\/revisions"}],"predecessor-version":[{"id":4223,"href":"https:\/\/festival-ismotscroises.fr\/index.php?rest_route=\/wp\/v2\/pages\/38\/revisions\/4223"}],"wp:attachment":[{"href":"https:\/\/festival-ismotscroises.fr\/index.php?rest_route=%2Fwp%2Fv2%2Fmedia&parent=38"}],"curies":[{"name":"wp","href":"https:\/\/api.w.org\/{rel}","templated":true}]}}