{"id":3783,"date":"2023-03-22T11:51:28","date_gmt":"2023-03-22T10:51:28","guid":{"rendered":"http:\/\/festival-ismotscroises.fr\/?page_id=3783"},"modified":"2023-03-23T12:36:30","modified_gmt":"2023-03-23T11:36:30","slug":"tournoi-des-colleges-2023","status":"publish","type":"page","link":"https:\/\/festival-ismotscroises.fr\/?page_id=3783","title":{"rendered":"Tournoi des coll\u00e8ges 2023"},"content":{"rendered":"\t\t<div data-elementor-type=\"wp-page\" data-elementor-id=\"3783\" class=\"elementor elementor-3783\">\n\t\t\t\t\t\t\t\t\t<section class=\"elementor-section elementor-top-section elementor-element elementor-element-936df19 elementor-section-boxed elementor-section-height-default elementor-section-height-default\" data-id=\"936df19\" data-element_type=\"section\">\n\t\t\t\t\t\t<div class=\"elementor-container elementor-column-gap-wide\">\n\t\t\t\t\t<div class=\"elementor-column elementor-col-50 elementor-top-column elementor-element elementor-element-24aea22\" data-id=\"24aea22\" data-element_type=\"column\">\n\t\t\t<div class=\"elementor-widget-wrap elementor-element-populated\">\n\t\t\t\t\t\t\t\t<div class=\"elementor-element elementor-element-69a9e4f elementor-arrows-position-inside elementor-pagination-position-outside elementor-widget elementor-widget-image-carousel\" data-id=\"69a9e4f\" data-element_type=\"widget\" data-settings=\"{&quot;slides_to_show&quot;:&quot;1&quot;,&quot;speed&quot;:550,&quot;navigation&quot;:&quot;both&quot;,&quot;autoplay&quot;:&quot;yes&quot;,&quot;pause_on_hover&quot;:&quot;yes&quot;,&quot;pause_on_interaction&quot;:&quot;yes&quot;,&quot;autoplay_speed&quot;:5000,&quot;infinite&quot;:&quot;yes&quot;,&quot;effect&quot;:&quot;slide&quot;}\" data-widget_type=\"image-carousel.default\">\n\t\t\t\t<div class=\"elementor-widget-container\">\n\t\t\t<style>\/*! elementor - v3.17.0 - 08-11-2023 *\/\n.elementor-widget-image-carousel .swiper,.elementor-widget-image-carousel .swiper-container{position:static}.elementor-widget-image-carousel .swiper-container .swiper-slide figure,.elementor-widget-image-carousel .swiper .swiper-slide figure{line-height:inherit}.elementor-widget-image-carousel .swiper-slide{text-align:center}.elementor-image-carousel-wrapper:not(.swiper-container-initialized):not(.swiper-initialized) .swiper-slide{max-width:calc(100% \/ var(--e-image-carousel-slides-to-show, 3))}<\/style>\t\t<div class=\"elementor-image-carousel-wrapper swiper\" dir=\"ltr\">\n\t\t\t<div class=\"elementor-image-carousel swiper-wrapper\" aria-live=\"off\">\n\t\t\t\t\t\t\t\t<div class=\"swiper-slide\" role=\"group\" aria-roledescription=\"slide\" aria-label=\"1 sur 6\"><figure class=\"swiper-slide-inner\"><img decoding=\"async\" class=\"swiper-slide-image\" src=\"https:\/\/festival-ismotscroises.fr\/wp-content\/uploads\/2023\/03\/vue-densemble-2.jpg\" alt=\"vue d&#039;ensemble 2\" \/><\/figure><\/div><div class=\"swiper-slide\" role=\"group\" aria-roledescription=\"slide\" aria-label=\"2 sur 6\"><figure class=\"swiper-slide-inner\"><img decoding=\"async\" class=\"swiper-slide-image\" src=\"https:\/\/festival-ismotscroises.fr\/wp-content\/uploads\/2023\/03\/tableaux-1.jpg\" alt=\"tableaux 1\" \/><\/figure><\/div><div class=\"swiper-slide\" role=\"group\" aria-roledescription=\"slide\" aria-label=\"3 sur 6\"><figure class=\"swiper-slide-inner\"><img decoding=\"async\" class=\"swiper-slide-image\" src=\"https:\/\/festival-ismotscroises.fr\/wp-content\/uploads\/2023\/03\/groupe.jpg\" alt=\"groupe\" \/><\/figure><\/div><div class=\"swiper-slide\" role=\"group\" aria-roledescription=\"slide\" aria-label=\"4 sur 6\"><figure class=\"swiper-slide-inner\"><img decoding=\"async\" class=\"swiper-slide-image\" src=\"https:\/\/festival-ismotscroises.fr\/wp-content\/uploads\/2023\/03\/gagnants.jpg\" alt=\"gagnants\" \/><\/figure><\/div><div class=\"swiper-slide\" role=\"group\" aria-roledescription=\"slide\" aria-label=\"5 sur 6\"><figure class=\"swiper-slide-inner\"><img decoding=\"async\" class=\"swiper-slide-image\" src=\"https:\/\/festival-ismotscroises.fr\/wp-content\/uploads\/2023\/03\/gagnants-3.jpg\" alt=\"gagnants 3\" \/><\/figure><\/div><div class=\"swiper-slide\" role=\"group\" aria-roledescription=\"slide\" aria-label=\"6 sur 6\"><figure class=\"swiper-slide-inner\"><img decoding=\"async\" class=\"swiper-slide-image\" src=\"https:\/\/festival-ismotscroises.fr\/wp-content\/uploads\/2023\/03\/gagnants-2.jpg\" alt=\"gagnants 2\" \/><\/figure><\/div>\t\t\t<\/div>\n\t\t\t\t\t\t\t\t\t\t\t\t<div class=\"elementor-swiper-button elementor-swiper-button-prev\" role=\"button\" tabindex=\"0\">\n\t\t\t\t\t\t<i aria-hidden=\"true\" class=\"eicon-chevron-left\"><\/i>\t\t\t\t\t<\/div>\n\t\t\t\t\t<div class=\"elementor-swiper-button elementor-swiper-button-next\" role=\"button\" tabindex=\"0\">\n\t\t\t\t\t\t<i aria-hidden=\"true\" class=\"eicon-chevron-right\"><\/i>\t\t\t\t\t<\/div>\n\t\t\t\t\n\t\t\t\t\t\t\t\t\t<div class=\"swiper-pagination\"><\/div>\n\t\t\t\t\t\t\t\t\t<\/div>\n\t\t\t\t<\/div>\n\t\t\t\t<\/div>\n\t\t\t\t<div class=\"elementor-element elementor-element-a30856a elementor-align-center elementor-widget elementor-widget-button\" data-id=\"a30856a\" data-element_type=\"widget\" data-widget_type=\"button.default\">\n\t\t\t\t<div class=\"elementor-widget-container\">\n\t\t\t\t\t<div class=\"elementor-button-wrapper\">\n\t\t\t<a class=\"elementor-button elementor-button-link elementor-size-sm\" href=\"https:\/\/festival-ismotscroises.fr\/wp-content\/uploads\/2023\/03\/TdC2023-FlyerA4.pdf\">\n\t\t\t\t\t\t<span class=\"elementor-button-content-wrapper\">\n\t\t\t\t\t\t<span class=\"elementor-button-icon elementor-align-icon-right\">\n\t\t\t\t<i aria-hidden=\"true\" class=\"far fa-arrow-alt-circle-down\"><\/i>\t\t\t<\/span>\n\t\t\t\t\t\t<span class=\"elementor-button-text\">Telechargez le flyer 2023 <\/span>\n\t\t<\/span>\n\t\t\t\t\t<\/a>\n\t\t<\/div>\n\t\t\t\t<\/div>\n\t\t\t\t<\/div>\n\t\t\t\t\t<\/div>\n\t\t<\/div>\n\t\t\t\t<div class=\"elementor-column elementor-col-50 elementor-top-column elementor-element elementor-element-4ae9ba4\" data-id=\"4ae9ba4\" data-element_type=\"column\">\n\t\t\t<div class=\"elementor-widget-wrap elementor-element-populated\">\n\t\t\t\t\t\t\t\t<div class=\"elementor-element elementor-element-2e29cfb elementor-widget elementor-widget-text-editor\" data-id=\"2e29cfb\" data-element_type=\"widget\" data-widget_type=\"text-editor.default\">\n\t\t\t\t<div class=\"elementor-widget-container\">\n\t\t\t<style>\/*! elementor - v3.17.0 - 08-11-2023 *\/\n.elementor-widget-text-editor.elementor-drop-cap-view-stacked .elementor-drop-cap{background-color:#69727d;color:#fff}.elementor-widget-text-editor.elementor-drop-cap-view-framed .elementor-drop-cap{color:#69727d;border:3px solid;background-color:transparent}.elementor-widget-text-editor:not(.elementor-drop-cap-view-default) .elementor-drop-cap{margin-top:8px}.elementor-widget-text-editor:not(.elementor-drop-cap-view-default) .elementor-drop-cap-letter{width:1em;height:1em}.elementor-widget-text-editor .elementor-drop-cap{float:left;text-align:center;line-height:1;font-size:50px}.elementor-widget-text-editor .elementor-drop-cap-letter{display:inline-block}<\/style>\t\t\t\t\t\t\t\t\t\t<\/div>\n\t\t\t\t<\/div>\n\t\t\t\t<div class=\"elementor-element elementor-element-956f805 elementor-widget elementor-widget-text-editor\" data-id=\"956f805\" data-element_type=\"widget\" data-widget_type=\"text-editor.default\">\n\t\t\t\t<div class=\"elementor-widget-container\">\n\t\t\t\t\t\t\t<h1><strong>Tournoi des coll\u00e8ges<\/strong><\/h1><p>Depuis 2001, la ville d&rsquo;Is-sur-Tille et l&rsquo;association Is-Mots-Crois\u00e9s organisent un tournoi s&rsquo;adressant aux coll\u00e9giens des classes de 5eme.<\/p><h2 style=\"text-align: center;\"><strong>Vous souhaitez participer ?<\/strong><\/h2><h2 style=\"text-align: center;\"><strong><br \/><a href=\"https:\/\/festival-ismotscroises.fr\/?page_id=3953\">Inscrivez vous ici !<\/a><\/strong><\/h2><div>D\u00e8s r\u00e9ception de votre formulaire d&rsquo;inscription une confirmation vous sera envoy\u00e9e ainsi qu&rsquo;un courrier explicatif sur le d\u00e9roulement de la manifestation.<\/div><div>\u00a0<\/div><div><p>Votre participation d\u00e9bute par une phase de qualification qui aura lieu dans votre coll\u00e8ge fin janvier ou d\u00e9but f\u00e9vrier.<\/p><p>Cette phase de qualification a lieu le m\u00eame jour dans tous les coll\u00e8ges inscrits. Il s&rsquo;agit de r\u00e9soudre individuellement, en 40 minutes maximum, une grille de 100 cases.<\/p><p>Cette \u00e9preuve permet de qualifier une ou plusieurs \u00e9quipes de deux joueurs, pour les coll\u00e8ges ayant obtenu les meilleurs r\u00e9sultats, selon deux crit\u00e8res : le nombre de fautes et la rapidit\u00e9 de r\u00e9solution.<\/p><p>Trente-deux \u00e9quipes sont officiellement invit\u00e9es \u00e0 venir participer au Tournoi.<\/p><\/div><div>\u00a0<\/div><div>\u00a0En 2022, les 27 coll\u00e8ges inscrits \u00e0 la comp\u00e9titions \u00e9taient situ\u00e9s dans les acad\u00e9mies de Besan\u00e7on, Dijon et Reims ainsi que\u00a0 les\u00a0 coll\u00e8ges de Saint Pierre et Miquelon et Dakar (S\u00e9n\u00e9gal).<\/div>\t\t\t\t\t\t<\/div>\n\t\t\t\t<\/div>\n\t\t\t\t\t<\/div>\n\t\t<\/div>\n\t\t\t\t\t\t\t<\/div>\n\t\t<\/section>\n\t\t\t\t<section class=\"elementor-section elementor-top-section elementor-element elementor-element-82b56da elementor-section-boxed elementor-section-height-default elementor-section-height-default\" data-id=\"82b56da\" data-element_type=\"section\" data-settings=\"{&quot;background_background&quot;:&quot;classic&quot;,&quot;shape_divider_top&quot;:&quot;opacity-tilt&quot;,&quot;shape_divider_bottom&quot;:&quot;opacity-tilt&quot;}\">\n\t\t\t\t\t<div class=\"elementor-shape elementor-shape-top\" data-negative=\"false\">\n\t\t\t<svg xmlns=\"http:\/\/www.w3.org\/2000\/svg\" viewBox=\"0 0 2600 131.1\" preserveAspectRatio=\"none\">\n\t<path class=\"elementor-shape-fill\" d=\"M0 0L2600 0 2600 69.1 0 0z\"\/>\n\t<path class=\"elementor-shape-fill\" style=\"opacity:0.5\" d=\"M0 0L2600 0 2600 69.1 0 69.1z\"\/>\n\t<path class=\"elementor-shape-fill\" style=\"opacity:0.25\" d=\"M2600 0L0 0 0 130.1 2600 69.1z\"\/>\n<\/svg>\t\t<\/div>\n\t\t\t\t<div class=\"elementor-shape elementor-shape-bottom\" data-negative=\"false\">\n\t\t\t<svg xmlns=\"http:\/\/www.w3.org\/2000\/svg\" viewBox=\"0 0 2600 131.1\" preserveAspectRatio=\"none\">\n\t<path class=\"elementor-shape-fill\" d=\"M0 0L2600 0 2600 69.1 0 0z\"\/>\n\t<path class=\"elementor-shape-fill\" style=\"opacity:0.5\" d=\"M0 0L2600 0 2600 69.1 0 69.1z\"\/>\n\t<path class=\"elementor-shape-fill\" style=\"opacity:0.25\" d=\"M2600 0L0 0 0 130.1 2600 69.1z\"\/>\n<\/svg>\t\t<\/div>\n\t\t\t\t\t<div class=\"elementor-container elementor-column-gap-wide\">\n\t\t\t\t\t<div class=\"elementor-column elementor-col-50 elementor-top-column elementor-element elementor-element-26acf16\" data-id=\"26acf16\" data-element_type=\"column\">\n\t\t\t<div class=\"elementor-widget-wrap elementor-element-populated\">\n\t\t\t\t\t\t\t\t<div class=\"elementor-element elementor-element-ea0641d elementor-widget elementor-widget-text-editor\" data-id=\"ea0641d\" data-element_type=\"widget\" data-widget_type=\"text-editor.default\">\n\t\t\t\t<div class=\"elementor-widget-container\">\n\t\t\t\t\t\t\t<h4><strong>Principe du Tournoi<\/strong><\/h4><p>\u2028Dans chaque match, deux \u00e9quipes concurrentes doivent r\u00e9soudre en 15 minutes maximum une grille de 100 cases. Une \u00e9quipe qui a termin\u00e9 sa grille avant le temps imparti a la libert\u00e9 d&rsquo;arr\u00eater le match, mais n&rsquo;est d\u00e9clar\u00e9e gagnante que si elle n&rsquo;a fait aucune faute. Dans le cas contraire, c&rsquo;est l&rsquo;\u00e9quipe adverse qui remporte la partie.<\/p><h4><strong>Les prix<\/strong><\/h4><p>Le coll\u00e8ge vainqueur du Tournoi re\u00e7oit un bon d&rsquo;achat de 500\u20ac, valable en librairie, pour son CDI ainsi qu&rsquo;un troph\u00e9e unique remis en jeu chaque ann\u00e9e.<br \/>Tous les participants \u00e0 la finale du mois de mai sont r\u00e9compens\u00e9s individuellement, quel que soit leur classement \u00e0 l&rsquo;issue de la comp\u00e9tition (tablettes \u00e9lectroniques, bons d&rsquo;achat, etc. Ces lots ne sont indiqu\u00e9s qu&rsquo;\u00e0 titre d&rsquo;exemple.)<\/p><h4><strong>Les organisateurs<\/strong><\/h4><p>Le Tournoi des coll\u00e8ges est organis\u00e9 par l&rsquo;association <strong><em>Is Mots Crois\u00e9s<\/em><\/strong>, conjointement avec la ville d&rsquo;Is-sur-Tille, et des parraineurs institutionnels et priv\u00e9s. Nous les remercions de rendre possible cette comp\u00e9tition d&rsquo;une grande valeur \u00e9ducative.<br \/>Nous tenons \u00e0 la disposition des personnes qui le souhaitent les grilles des ann\u00e9es pr\u00e9c\u00e9dentes.<br \/>Renseignements\u00a0: <a href=\"mailto:contact@motscroises.org\" data-wplink-edit=\"true\">contact@motscroises.org<\/a><\/p>\t\t\t\t\t\t<\/div>\n\t\t\t\t<\/div>\n\t\t\t\t\t<\/div>\n\t\t<\/div>\n\t\t\t\t<div class=\"elementor-column elementor-col-50 elementor-top-column elementor-element elementor-element-02902a6\" data-id=\"02902a6\" data-element_type=\"column\">\n\t\t\t<div class=\"elementor-widget-wrap elementor-element-populated\">\n\t\t\t\t\t\t\t\t<div class=\"elementor-element elementor-element-91a2e40 elementor-widget elementor-widget-text-editor\" data-id=\"91a2e40\" data-element_type=\"widget\" data-widget_type=\"text-editor.default\">\n\t\t\t\t<div class=\"elementor-widget-container\">\n\t\t\t\t\t\t\t<h4><strong>Inscription<\/strong><\/h4><p>Le Tournoi de mots crois\u00e9s des coll\u00e8ges concerne le niveau cinqui\u00e8me. Les coll\u00e8ges peuvent s&rsquo;inscrire jusqu&rsquo;au<strong> 12 janvier 2023.<br \/><\/strong><\/p><h4><strong>Qualification<\/strong><\/h4><p>L&rsquo;\u00e9preuve de qualification, d&rsquo;une dur\u00e9e de 40 minutes, sera organis\u00e9e le <strong>mardi 30 janvier 2023.<\/strong> Les coll\u00e8ges inscrits recevront toutes les instructions pour mettre en \u0153uvre cette \u00e9preuve sur table dans leur \u00e9tablissement.<\/p><h4><strong>Finale<\/strong><\/h4><p>Chaque coll\u00e8ge inscrit sera repr\u00e9sent\u00e9 par au moins une \u00e9quipe lors de la grande finale du Tournoi \u00e0 Is-sur-Tille, le <strong>samedi 13 mai 2023.<\/strong><\/p>\t\t\t\t\t\t<\/div>\n\t\t\t\t<\/div>\n\t\t\t\t\t<\/div>\n\t\t<\/div>\n\t\t\t\t\t\t\t<\/div>\n\t\t<\/section>\n\t\t\t\t<section class=\"elementor-section elementor-top-section elementor-element elementor-element-ac89536 elementor-section-boxed elementor-section-height-default elementor-section-height-default\" data-id=\"ac89536\" data-element_type=\"section\">\n\t\t\t\t\t\t<div class=\"elementor-container elementor-column-gap-default\">\n\t\t\t\t\t<div class=\"elementor-column elementor-col-50 elementor-top-column elementor-element elementor-element-c4a0daf\" data-id=\"c4a0daf\" data-element_type=\"column\">\n\t\t\t<div class=\"elementor-widget-wrap\">\n\t\t\t\t\t\t\t\t\t<\/div>\n\t\t<\/div>\n\t\t\t\t<div class=\"elementor-column elementor-col-50 elementor-top-column elementor-element elementor-element-c5b09ac\" data-id=\"c5b09ac\" data-element_type=\"column\">\n\t\t\t<div class=\"elementor-widget-wrap\">\n\t\t\t\t\t\t\t\t\t<\/div>\n\t\t<\/div>\n\t\t\t\t\t\t\t<\/div>\n\t\t<\/section>\n\t\t\t\t\t\t\t<\/div>\n\t\t","protected":false},"excerpt":{"rendered":"<p>Pr\u00e9c\u00e9dent Suivant Telechargez le flyer 2023 Tournoi des coll\u00e8ges Depuis 2001, la ville d&rsquo;Is-sur-Tille et l&rsquo;association Is-Mots-Crois\u00e9s organisent un tournoi s&rsquo;adressant aux coll\u00e9giens des classes de 5eme. Vous souhaitez participer ? Inscrivez vous ici ! D\u00e8s r\u00e9ception de votre formulaire d&rsquo;inscription une confirmation vous sera envoy\u00e9e ainsi qu&rsquo;un courrier explicatif sur le d\u00e9roulement de la [&hellip;]<\/p>\n","protected":false},"author":2,"featured_media":0,"parent":0,"menu_order":2,"comment_status":"closed","ping_status":"closed","template":"","meta":{"_monsterinsights_skip_tracking":false,"_monsterinsights_sitenote_active":false,"_monsterinsights_sitenote_note":"","_monsterinsights_sitenote_category":0,"footnotes":""},"class_list":["post-3783","page","type-page","status-publish","hentry","post"],"yoast_head":"<!-- This site is optimized with the Yoast SEO plugin v22.6 - https:\/\/yoast.com\/wordpress\/plugins\/seo\/ -->\n<title>Tournoi des coll\u00e8ges 2023 - Le Festival des mots crois\u00e9s \u00e0 Is-sur-Tille<\/title>\n<meta name=\"description\" content=\"Depuis 2001, Is-sur-Tille et l&#039;association Is-Mots-Crois\u00e9s organisent un tournoi des coll\u00e8ges de mots crois\u00e9s.\" \/>\n<meta name=\"robots\" content=\"index, follow, max-snippet:-1, max-image-preview:large, max-video-preview:-1\" \/>\n<link rel=\"canonical\" href=\"https:\/\/festival-ismotscroises.fr\/?page_id=3783\" \/>\n<meta property=\"og:locale\" content=\"fr_FR\" \/>\n<meta property=\"og:type\" content=\"article\" \/>\n<meta property=\"og:title\" content=\"Tournoi des coll\u00e8ges 2023 - Le Festival des mots crois\u00e9s \u00e0 Is-sur-Tille\" \/>\n<meta property=\"og:description\" content=\"Depuis 2001, Is-sur-Tille et l&#039;association Is-Mots-Crois\u00e9s organisent un tournoi des coll\u00e8ges de mots crois\u00e9s.\" \/>\n<meta property=\"og:url\" content=\"https:\/\/festival-ismotscroises.fr\/?page_id=3783\" \/>\n<meta property=\"og:site_name\" content=\"Le Festival des mots crois\u00e9s \u00e0 Is-sur-Tille\" \/>\n<meta property=\"article:modified_time\" content=\"2023-03-23T11:36:30+00:00\" \/>\n<meta property=\"og:image\" content=\"http:\/\/festival-ismotscroises.fr\/wp-content\/uploads\/2023\/03\/vue-densemble-2.jpg\" \/>\n<meta name=\"twitter:card\" content=\"summary_large_image\" \/>\n<meta name=\"twitter:label1\" content=\"Dur\u00e9e de lecture estim\u00e9e\" \/>\n\t<meta name=\"twitter:data1\" content=\"4 minutes\" \/>\n<script type=\"application\/ld+json\" class=\"yoast-schema-graph\">{\"@context\":\"https:\/\/schema.org\",\"@graph\":[{\"@type\":\"WebPage\",\"@id\":\"https:\/\/festival-ismotscroises.fr\/?page_id=3783\",\"url\":\"https:\/\/festival-ismotscroises.fr\/?page_id=3783\",\"name\":\"Tournoi des coll\u00e8ges 2023 - Le Festival des mots crois\u00e9s \u00e0 Is-sur-Tille\",\"isPartOf\":{\"@id\":\"https:\/\/festival-ismotscroises.fr\/#website\"},\"primaryImageOfPage\":{\"@id\":\"https:\/\/festival-ismotscroises.fr\/?page_id=3783#primaryimage\"},\"image\":{\"@id\":\"https:\/\/festival-ismotscroises.fr\/?page_id=3783#primaryimage\"},\"thumbnailUrl\":\"http:\/\/festival-ismotscroises.fr\/wp-content\/uploads\/2023\/03\/vue-densemble-2.jpg\",\"datePublished\":\"2023-03-22T10:51:28+00:00\",\"dateModified\":\"2023-03-23T11:36:30+00:00\",\"description\":\"Depuis 2001, Is-sur-Tille et l'association Is-Mots-Crois\u00e9s organisent un tournoi des coll\u00e8ges de mots crois\u00e9s.\",\"breadcrumb\":{\"@id\":\"https:\/\/festival-ismotscroises.fr\/?page_id=3783#breadcrumb\"},\"inLanguage\":\"fr-FR\",\"potentialAction\":[{\"@type\":\"ReadAction\",\"target\":[\"https:\/\/festival-ismotscroises.fr\/?page_id=3783\"]}]},{\"@type\":\"ImageObject\",\"inLanguage\":\"fr-FR\",\"@id\":\"https:\/\/festival-ismotscroises.fr\/?page_id=3783#primaryimage\",\"url\":\"https:\/\/festival-ismotscroises.fr\/wp-content\/uploads\/2023\/03\/vue-densemble-2.jpg\",\"contentUrl\":\"https:\/\/festival-ismotscroises.fr\/wp-content\/uploads\/2023\/03\/vue-densemble-2.jpg\",\"width\":567,\"height\":426},{\"@type\":\"BreadcrumbList\",\"@id\":\"https:\/\/festival-ismotscroises.fr\/?page_id=3783#breadcrumb\",\"itemListElement\":[{\"@type\":\"ListItem\",\"position\":1,\"name\":\"Accueil\",\"item\":\"https:\/\/festival-ismotscroises.fr\/\"},{\"@type\":\"ListItem\",\"position\":2,\"name\":\"Tournoi des coll\u00e8ges 2023\"}]},{\"@type\":\"WebSite\",\"@id\":\"https:\/\/festival-ismotscroises.fr\/#website\",\"url\":\"https:\/\/festival-ismotscroises.fr\/\",\"name\":\"Le Festival des mots crois\u00e9s \u00e0 Is-sur-Tille\",\"description\":\"La ville d&#039;Is-sur-Tille, en C\u00f4te-d&#039;Or, organise un festival annuel de mots crois\u00e9s depuis 1990..\",\"potentialAction\":[{\"@type\":\"SearchAction\",\"target\":{\"@type\":\"EntryPoint\",\"urlTemplate\":\"https:\/\/festival-ismotscroises.fr\/?s={search_term_string}\"},\"query-input\":\"required name=search_term_string\"}],\"inLanguage\":\"fr-FR\"}]}<\/script>\n<!-- \/ Yoast SEO plugin. -->","yoast_head_json":{"title":"Tournoi des coll\u00e8ges 2023 - Le Festival des mots crois\u00e9s \u00e0 Is-sur-Tille","description":"Depuis 2001, Is-sur-Tille et l'association Is-Mots-Crois\u00e9s organisent un tournoi des coll\u00e8ges de mots crois\u00e9s.","robots":{"index":"index","follow":"follow","max-snippet":"max-snippet:-1","max-image-preview":"max-image-preview:large","max-video-preview":"max-video-preview:-1"},"canonical":"https:\/\/festival-ismotscroises.fr\/?page_id=3783","og_locale":"fr_FR","og_type":"article","og_title":"Tournoi des coll\u00e8ges 2023 - Le Festival des mots crois\u00e9s \u00e0 Is-sur-Tille","og_description":"Depuis 2001, Is-sur-Tille et l'association Is-Mots-Crois\u00e9s organisent un tournoi des coll\u00e8ges de mots crois\u00e9s.","og_url":"https:\/\/festival-ismotscroises.fr\/?page_id=3783","og_site_name":"Le Festival des mots crois\u00e9s \u00e0 Is-sur-Tille","article_modified_time":"2023-03-23T11:36:30+00:00","og_image":[{"url":"http:\/\/festival-ismotscroises.fr\/wp-content\/uploads\/2023\/03\/vue-densemble-2.jpg"}],"twitter_card":"summary_large_image","twitter_misc":{"Dur\u00e9e de lecture estim\u00e9e":"4 minutes"},"schema":{"@context":"https:\/\/schema.org","@graph":[{"@type":"WebPage","@id":"https:\/\/festival-ismotscroises.fr\/?page_id=3783","url":"https:\/\/festival-ismotscroises.fr\/?page_id=3783","name":"Tournoi des coll\u00e8ges 2023 - Le Festival des mots crois\u00e9s \u00e0 Is-sur-Tille","isPartOf":{"@id":"https:\/\/festival-ismotscroises.fr\/#website"},"primaryImageOfPage":{"@id":"https:\/\/festival-ismotscroises.fr\/?page_id=3783#primaryimage"},"image":{"@id":"https:\/\/festival-ismotscroises.fr\/?page_id=3783#primaryimage"},"thumbnailUrl":"http:\/\/festival-ismotscroises.fr\/wp-content\/uploads\/2023\/03\/vue-densemble-2.jpg","datePublished":"2023-03-22T10:51:28+00:00","dateModified":"2023-03-23T11:36:30+00:00","description":"Depuis 2001, Is-sur-Tille et l'association Is-Mots-Crois\u00e9s organisent un tournoi des coll\u00e8ges de mots crois\u00e9s.","breadcrumb":{"@id":"https:\/\/festival-ismotscroises.fr\/?page_id=3783#breadcrumb"},"inLanguage":"fr-FR","potentialAction":[{"@type":"ReadAction","target":["https:\/\/festival-ismotscroises.fr\/?page_id=3783"]}]},{"@type":"ImageObject","inLanguage":"fr-FR","@id":"https:\/\/festival-ismotscroises.fr\/?page_id=3783#primaryimage","url":"https:\/\/festival-ismotscroises.fr\/wp-content\/uploads\/2023\/03\/vue-densemble-2.jpg","contentUrl":"https:\/\/festival-ismotscroises.fr\/wp-content\/uploads\/2023\/03\/vue-densemble-2.jpg","width":567,"height":426},{"@type":"BreadcrumbList","@id":"https:\/\/festival-ismotscroises.fr\/?page_id=3783#breadcrumb","itemListElement":[{"@type":"ListItem","position":1,"name":"Accueil","item":"https:\/\/festival-ismotscroises.fr\/"},{"@type":"ListItem","position":2,"name":"Tournoi des coll\u00e8ges 2023"}]},{"@type":"WebSite","@id":"https:\/\/festival-ismotscroises.fr\/#website","url":"https:\/\/festival-ismotscroises.fr\/","name":"Le Festival des mots crois\u00e9s \u00e0 Is-sur-Tille","description":"La ville d&#039;Is-sur-Tille, en C\u00f4te-d&#039;Or, organise un festival annuel de mots crois\u00e9s depuis 1990..","potentialAction":[{"@type":"SearchAction","target":{"@type":"EntryPoint","urlTemplate":"https:\/\/festival-ismotscroises.fr\/?s={search_term_string}"},"query-input":"required name=search_term_string"}],"inLanguage":"fr-FR"}]}},"_links":{"self":[{"href":"https:\/\/festival-ismotscroises.fr\/index.php?rest_route=\/wp\/v2\/pages\/3783","targetHints":{"allow":["GET"]}}],"collection":[{"href":"https:\/\/festival-ismotscroises.fr\/index.php?rest_route=\/wp\/v2\/pages"}],"about":[{"href":"https:\/\/festival-ismotscroises.fr\/index.php?rest_route=\/wp\/v2\/types\/page"}],"author":[{"embeddable":true,"href":"https:\/\/festival-ismotscroises.fr\/index.php?rest_route=\/wp\/v2\/users\/2"}],"replies":[{"embeddable":true,"href":"https:\/\/festival-ismotscroises.fr\/index.php?rest_route=%2Fwp%2Fv2%2Fcomments&post=3783"}],"version-history":[{"count":55,"href":"https:\/\/festival-ismotscroises.fr\/index.php?rest_route=\/wp\/v2\/pages\/3783\/revisions"}],"predecessor-version":[{"id":4017,"href":"https:\/\/festival-ismotscroises.fr\/index.php?rest_route=\/wp\/v2\/pages\/3783\/revisions\/4017"}],"wp:attachment":[{"href":"https:\/\/festival-ismotscroises.fr\/index.php?rest_route=%2Fwp%2Fv2%2Fmedia&parent=3783"}],"curies":[{"name":"wp","href":"https:\/\/api.w.org\/{rel}","templated":true}]}}