{"id":3388,"date":"2018-11-19T19:27:06","date_gmt":"2018-11-19T18:27:06","guid":{"rendered":"http:\/\/festival-ismotscroises.fr\/?page_id=3388"},"modified":"2018-11-19T19:54:06","modified_gmt":"2018-11-19T18:54:06","slug":"soiree-gastonomique","status":"publish","type":"page","link":"https:\/\/festival-ismotscroises.fr\/?page_id=3388","title":{"rendered":"Soir\u00e9e \u00ab\u00a0Gastonomique\u00a0\u00bb"},"content":{"rendered":"<div id=\"pl-3388\"  class=\"panel-layout\" ><div id=\"pg-3388-0\"  class=\"panel-grid panel-no-style\" ><div id=\"pgc-3388-0-0\"  class=\"panel-grid-cell\" ><div id=\"panel-3388-0-0-0\" class=\"so-panel widget panel-first-child panel-last-child\" data-index=\"0\" ><\/div><\/div><div id=\"pgc-3388-0-1\"  class=\"panel-grid-cell\" ><div id=\"panel-3388-0-1-0\" class=\"so-panel widget widget_sow-editor panel-first-child panel-last-child\" data-index=\"1\" ><div\n\t\t\t\n\t\t\tclass=\"so-widget-sow-editor so-widget-sow-editor-base\"\n\t\t\t\n\t\t>\n<div class=\"siteorigin-widget-tinymce textwidget\">\n\t<h3>SOIREE DES MOTS CROISES 2018\u00a0:<\/h3>\n<h3>\u00a0 \u00a0 \u00a0 \u00a0 Soir\u00e9e \u00ab\u00a0Gastonomique \u00bb nouvelle version \u2026<\/h3>\n<p>&nbsp;<\/p>\n<p>La soir\u00e9e des mots crois\u00e9s portait pour la 2<sup>\u00e8me<\/sup> ann\u00e9e cons\u00e9cutive le qualificatif de \u00ab\u00a0Gastonomique\u00a0\u00bb en hommage \u00e0 un c\u00e9l\u00e8bre gast\u00e9ropode local issu de l\u2019atelier de la Serrurerie B\u00e9gin et \u00e0 la qualit\u00e9 du repas servi par le restaurant Le Cheval Blanc d\u2019Is-sur-Tille.<\/p>\n<p>S\u2019il s\u2019agissait toujours de prendre du plaisir \u00e0 table en jouant avec les mots, l\u2019animation avait \u00e9t\u00e9 compl\u00e8tement revue puisque 3 grilles de 100 cases con\u00e7ues sp\u00e9cialement pour l\u2019occasion par Jean Rossat \u00e9taient \u00e0 r\u00e9soudre collectivement. Pour le confort des 115 convives pr\u00e9sents (nouveau record de participation), elles \u00e9taient projet\u00e9es sur le grand \u00e9cran de la salle des Capucins et dot\u00e9es de cadeaux g\u00e9n\u00e9reusement offerts par des commer\u00e7ants locaux.<\/p>\n<p>Une \u00ab\u00a0Gaston\u2019bola\u00a0\u00bb gratuite \u00e9tait \u00e9galement au programme pour permettre \u00e0 tous de repartir avec un lot si le tirage au sort leur \u00e9tait favorable.<\/p>\n<p>Une soir\u00e9e r\u00e9ussie de l\u2019avis des participants\u00a0: \u00ab\u00a0A refaire l\u2019ann\u00e9e prochaine\u00a0!\u00a0\u00bb.<\/p>\n<p>Alors si vous voulez vous pr\u00e9parer pour 2019, voici quelques exemples de d\u00e9finitions :<\/p>\n<ul>\n<li>Il peut \u00eatre extra-fin, mais sa fin n\u2019est pas extra\u00a0!\u00a0: <em>Solution \u00ab\u00a0HARICOT\u00a0\u00bb<\/em><\/li>\n<li>Site web o\u00f9 le serrurier issois pourrait forger sa r\u00e9putation\u00a0: <em>Solution \u00ab\u00a0PORTAIL\u00a0\u00bb<\/em><\/li>\n<li>Il ne sort pas sans coquille, en terre d\u2019escargots\u00a0! (deux mots)\u00a0: <em>Solution \u00ab\u00a0BIENPUBLIC\u00a0\u00bb<\/em><\/li>\n<\/ul>\n<p>&nbsp;<\/p>\n<p>&nbsp;<\/p>\n<\/div>\n<\/div><\/div><\/div><\/div><\/div>","protected":false},"excerpt":{"rendered":"<p>SOIREE DES MOTS CROISES 2018\u00a0: \u00a0 \u00a0 \u00a0 \u00a0 Soir\u00e9e \u00ab\u00a0Gastonomique \u00bb nouvelle version \u2026 &nbsp; La soir\u00e9e des mots crois\u00e9s portait pour la 2\u00e8me ann\u00e9e cons\u00e9cutive le qualificatif de \u00ab\u00a0Gastonomique\u00a0\u00bb en hommage \u00e0 un c\u00e9l\u00e8bre gast\u00e9ropode local issu de l\u2019atelier de la Serrurerie B\u00e9gin et \u00e0 la qualit\u00e9 du repas servi par le restaurant [&hellip;]<\/p>\n","protected":false},"author":2,"featured_media":0,"parent":0,"menu_order":0,"comment_status":"closed","ping_status":"closed","template":"","meta":{"_monsterinsights_skip_tracking":false,"_monsterinsights_sitenote_active":false,"_monsterinsights_sitenote_note":"","_monsterinsights_sitenote_category":0,"footnotes":""},"class_list":["post-3388","page","type-page","status-publish","hentry","post"],"yoast_head":"<!-- This site is optimized with the Yoast SEO plugin v22.6 - https:\/\/yoast.com\/wordpress\/plugins\/seo\/ -->\n<title>Soir\u00e9e &quot;Gastonomique&quot; - Le Festival des mots crois\u00e9s \u00e0 Is-sur-Tille<\/title>\n<meta name=\"robots\" content=\"index, follow, max-snippet:-1, max-image-preview:large, max-video-preview:-1\" \/>\n<link rel=\"canonical\" href=\"https:\/\/festival-ismotscroises.fr\/?page_id=3388\" \/>\n<meta property=\"og:locale\" content=\"fr_FR\" \/>\n<meta property=\"og:type\" content=\"article\" \/>\n<meta property=\"og:title\" content=\"Soir\u00e9e &quot;Gastonomique&quot; - Le Festival des mots crois\u00e9s \u00e0 Is-sur-Tille\" \/>\n<meta property=\"og:description\" content=\"SOIREE DES MOTS CROISES 2018\u00a0: \u00a0 \u00a0 \u00a0 \u00a0 Soir\u00e9e \u00ab\u00a0Gastonomique \u00bb nouvelle version \u2026 &nbsp; La soir\u00e9e des mots crois\u00e9s portait pour la 2\u00e8me ann\u00e9e cons\u00e9cutive le qualificatif de \u00ab\u00a0Gastonomique\u00a0\u00bb en hommage \u00e0 un c\u00e9l\u00e8bre gast\u00e9ropode local issu de l\u2019atelier de la Serrurerie B\u00e9gin et \u00e0 la qualit\u00e9 du repas servi par le restaurant [&hellip;]\" \/>\n<meta property=\"og:url\" content=\"https:\/\/festival-ismotscroises.fr\/?page_id=3388\" \/>\n<meta property=\"og:site_name\" content=\"Le Festival des mots crois\u00e9s \u00e0 Is-sur-Tille\" \/>\n<meta property=\"article:modified_time\" content=\"2018-11-19T18:54:06+00:00\" \/>\n<meta name=\"twitter:card\" content=\"summary_large_image\" \/>\n<meta name=\"twitter:label1\" content=\"Dur\u00e9e de lecture estim\u00e9e\" \/>\n\t<meta name=\"twitter:data1\" content=\"1 minute\" \/>\n<script type=\"application\/ld+json\" class=\"yoast-schema-graph\">{\"@context\":\"https:\/\/schema.org\",\"@graph\":[{\"@type\":\"WebPage\",\"@id\":\"https:\/\/festival-ismotscroises.fr\/?page_id=3388\",\"url\":\"https:\/\/festival-ismotscroises.fr\/?page_id=3388\",\"name\":\"Soir\u00e9e \\\"Gastonomique\\\" - Le Festival des mots crois\u00e9s \u00e0 Is-sur-Tille\",\"isPartOf\":{\"@id\":\"https:\/\/festival-ismotscroises.fr\/#website\"},\"datePublished\":\"2018-11-19T18:27:06+00:00\",\"dateModified\":\"2018-11-19T18:54:06+00:00\",\"breadcrumb\":{\"@id\":\"https:\/\/festival-ismotscroises.fr\/?page_id=3388#breadcrumb\"},\"inLanguage\":\"fr-FR\",\"potentialAction\":[{\"@type\":\"ReadAction\",\"target\":[\"https:\/\/festival-ismotscroises.fr\/?page_id=3388\"]}]},{\"@type\":\"BreadcrumbList\",\"@id\":\"https:\/\/festival-ismotscroises.fr\/?page_id=3388#breadcrumb\",\"itemListElement\":[{\"@type\":\"ListItem\",\"position\":1,\"name\":\"Accueil\",\"item\":\"https:\/\/festival-ismotscroises.fr\/\"},{\"@type\":\"ListItem\",\"position\":2,\"name\":\"Soir\u00e9e &#8220;Gastonomique&#8221;\"}]},{\"@type\":\"WebSite\",\"@id\":\"https:\/\/festival-ismotscroises.fr\/#website\",\"url\":\"https:\/\/festival-ismotscroises.fr\/\",\"name\":\"Le Festival des mots crois\u00e9s \u00e0 Is-sur-Tille\",\"description\":\"La ville d&#039;Is-sur-Tille, en C\u00f4te-d&#039;Or, organise un festival annuel de mots crois\u00e9s depuis 1990..\",\"potentialAction\":[{\"@type\":\"SearchAction\",\"target\":{\"@type\":\"EntryPoint\",\"urlTemplate\":\"https:\/\/festival-ismotscroises.fr\/?s={search_term_string}\"},\"query-input\":\"required name=search_term_string\"}],\"inLanguage\":\"fr-FR\"}]}<\/script>\n<!-- \/ Yoast SEO plugin. -->","yoast_head_json":{"title":"Soir\u00e9e \"Gastonomique\" - Le Festival des mots crois\u00e9s \u00e0 Is-sur-Tille","robots":{"index":"index","follow":"follow","max-snippet":"max-snippet:-1","max-image-preview":"max-image-preview:large","max-video-preview":"max-video-preview:-1"},"canonical":"https:\/\/festival-ismotscroises.fr\/?page_id=3388","og_locale":"fr_FR","og_type":"article","og_title":"Soir\u00e9e \"Gastonomique\" - Le Festival des mots crois\u00e9s \u00e0 Is-sur-Tille","og_description":"SOIREE DES MOTS CROISES 2018\u00a0: \u00a0 \u00a0 \u00a0 \u00a0 Soir\u00e9e \u00ab\u00a0Gastonomique \u00bb nouvelle version \u2026 &nbsp; La soir\u00e9e des mots crois\u00e9s portait pour la 2\u00e8me ann\u00e9e cons\u00e9cutive le qualificatif de \u00ab\u00a0Gastonomique\u00a0\u00bb en hommage \u00e0 un c\u00e9l\u00e8bre gast\u00e9ropode local issu de l\u2019atelier de la Serrurerie B\u00e9gin et \u00e0 la qualit\u00e9 du repas servi par le restaurant [&hellip;]","og_url":"https:\/\/festival-ismotscroises.fr\/?page_id=3388","og_site_name":"Le Festival des mots crois\u00e9s \u00e0 Is-sur-Tille","article_modified_time":"2018-11-19T18:54:06+00:00","twitter_card":"summary_large_image","twitter_misc":{"Dur\u00e9e de lecture estim\u00e9e":"1 minute"},"schema":{"@context":"https:\/\/schema.org","@graph":[{"@type":"WebPage","@id":"https:\/\/festival-ismotscroises.fr\/?page_id=3388","url":"https:\/\/festival-ismotscroises.fr\/?page_id=3388","name":"Soir\u00e9e \"Gastonomique\" - Le Festival des mots crois\u00e9s \u00e0 Is-sur-Tille","isPartOf":{"@id":"https:\/\/festival-ismotscroises.fr\/#website"},"datePublished":"2018-11-19T18:27:06+00:00","dateModified":"2018-11-19T18:54:06+00:00","breadcrumb":{"@id":"https:\/\/festival-ismotscroises.fr\/?page_id=3388#breadcrumb"},"inLanguage":"fr-FR","potentialAction":[{"@type":"ReadAction","target":["https:\/\/festival-ismotscroises.fr\/?page_id=3388"]}]},{"@type":"BreadcrumbList","@id":"https:\/\/festival-ismotscroises.fr\/?page_id=3388#breadcrumb","itemListElement":[{"@type":"ListItem","position":1,"name":"Accueil","item":"https:\/\/festival-ismotscroises.fr\/"},{"@type":"ListItem","position":2,"name":"Soir\u00e9e &#8220;Gastonomique&#8221;"}]},{"@type":"WebSite","@id":"https:\/\/festival-ismotscroises.fr\/#website","url":"https:\/\/festival-ismotscroises.fr\/","name":"Le Festival des mots crois\u00e9s \u00e0 Is-sur-Tille","description":"La ville d&#039;Is-sur-Tille, en C\u00f4te-d&#039;Or, organise un festival annuel de mots crois\u00e9s depuis 1990..","potentialAction":[{"@type":"SearchAction","target":{"@type":"EntryPoint","urlTemplate":"https:\/\/festival-ismotscroises.fr\/?s={search_term_string}"},"query-input":"required name=search_term_string"}],"inLanguage":"fr-FR"}]}},"_links":{"self":[{"href":"https:\/\/festival-ismotscroises.fr\/index.php?rest_route=\/wp\/v2\/pages\/3388","targetHints":{"allow":["GET"]}}],"collection":[{"href":"https:\/\/festival-ismotscroises.fr\/index.php?rest_route=\/wp\/v2\/pages"}],"about":[{"href":"https:\/\/festival-ismotscroises.fr\/index.php?rest_route=\/wp\/v2\/types\/page"}],"author":[{"embeddable":true,"href":"https:\/\/festival-ismotscroises.fr\/index.php?rest_route=\/wp\/v2\/users\/2"}],"replies":[{"embeddable":true,"href":"https:\/\/festival-ismotscroises.fr\/index.php?rest_route=%2Fwp%2Fv2%2Fcomments&post=3388"}],"version-history":[{"count":3,"href":"https:\/\/festival-ismotscroises.fr\/index.php?rest_route=\/wp\/v2\/pages\/3388\/revisions"}],"predecessor-version":[{"id":3403,"href":"https:\/\/festival-ismotscroises.fr\/index.php?rest_route=\/wp\/v2\/pages\/3388\/revisions\/3403"}],"wp:attachment":[{"href":"https:\/\/festival-ismotscroises.fr\/index.php?rest_route=%2Fwp%2Fv2%2Fmedia&parent=3388"}],"curies":[{"name":"wp","href":"https:\/\/api.w.org\/{rel}","templated":true}]}}