{"id":3363,"date":"2018-11-19T18:34:57","date_gmt":"2018-11-19T17:34:57","guid":{"rendered":"http:\/\/festival-ismotscroises.fr\/?page_id=3363"},"modified":"2023-03-24T15:51:17","modified_gmt":"2023-03-24T14:51:17","slug":"tournoi-des-colleges-18","status":"publish","type":"page","link":"https:\/\/festival-ismotscroises.fr\/?page_id=3363","title":{"rendered":"Tournoi des coll\u00e8ges"},"content":{"rendered":"<div id=\"pl-3363\"  class=\"panel-layout\" ><div id=\"pg-3363-0\"  class=\"panel-grid panel-no-style\" ><div id=\"pgc-3363-0-0\"  class=\"panel-grid-cell panel-grid-cell-empty\" ><\/div><\/div><div id=\"pg-3363-1\"  class=\"panel-grid panel-no-style\" ><div id=\"pgc-3363-1-0\"  class=\"panel-grid-cell\" ><div id=\"panel-3363-1-0-0\" class=\"so-panel widget panel-first-child panel-last-child\" data-index=\"0\" ><\/div><\/div><div id=\"pgc-3363-1-1\"  class=\"panel-grid-cell\" ><div id=\"panel-3363-1-1-0\" class=\"so-panel widget widget_sow-editor panel-first-child panel-last-child\" data-index=\"1\" ><div class=\"panel-widget-style panel-widget-style-for-3363-1-1-0\" ><div\n\t\t\t\n\t\t\tclass=\"so-widget-sow-editor so-widget-sow-editor-base\"\n\t\t\t\n\t\t>\n<div class=\"siteorigin-widget-tinymce textwidget\">\n\t<p>&nbsp;<\/p>\n<h2><strong>TOURNOI DES COLLEGES 2018 : \u00a0 \u00a0 \u00a0<\/strong><\/h2>\n<h2>\u00a0\u00a0\u00a0\u00a0\u00a0\u00a0\u00a0\u00a0\u00a0 <strong>Rien ne sert de courir \u2026<\/strong><\/h2>\n<p>Encore une \u00e9dition de haute vol\u00e9e pour le Tournoi des Coll\u00e8ges 2018 !<\/p>\n<p>En f\u00e9vrier, pr\u00e8s de 1500 \u00e9l\u00e8ves ont particip\u00e9 \u00e0 la phase de qualification lors d\u2019une \u00e9preuve individuelle sur table qui s\u2019est d\u00e9roul\u00e9e dans les \u00e9tablissements inscrits des acad\u00e9mies de Besan\u00e7on, Dijon et Reims.<br \/>\nLe samedi 26 mai apr\u00e8s-midi, 32 \u00e9quipes de 2 joueurs repr\u00e9sentant 22 coll\u00e8ges se sont mesur\u00e9es dans la salle des Capucins d\u2019Is-sur-Tille.<br \/>\nD\u00e8s les 16\u00e8me de finale, Anthony et Joseph concourant pour le coll\u00e8ge Claude Girard de Ch\u00e2tillon-le-Duc (Doubs) justifiaient leur statut de t\u00eate de s\u00e9rie n\u00b0 1 en remportant leur match en 5 minutes 16.<br \/>\nAu m\u00eame stade de la comp\u00e9tition Elo\u00efse et Manon pour le coll\u00e8ge Arthur Rimbaud de Mirebeau sur B\u00e8ze (C\u00f4te d\u2019Or), t\u00eate de s\u00e9rie n\u00b07, se qualifiaient en 10 minutes 12.<br \/>\nLes gar\u00e7ons visiblement tr\u00e8s en confiance continuaient leur parcours en arr\u00eatant toutes leurs parties aux alentours des 4 minutes.<br \/>\nLes filles optaient pour une strat\u00e9gie plus prudente en stoppant leurs matchs jusqu\u2019au stade des \u00bc de finales ; en \u00bd finale elles pr\u00e9f\u00e9raient laisser s\u2019\u00e9couler le temps maximum imparti de 15 minutes.<br \/>\nComme dans la fable de La Fontaine, la pr\u00e9cipitation a desservi Anthony et Joseph qui stoppent le chronom\u00e8tre en finale apr\u00e8s seulement 5 minutes 10 de jeu. Malheureusement leur grille n\u2019est pas parfaite. Elo\u00efse et Manon sont donc d\u00e9clar\u00e9es vainqueur puisque le r\u00e8glement pr\u00e9cise que si une \u00e9quipe d\u00e9cide d\u2019arr\u00eater la partie, sa grille ne doit comporter aucune faute.<br \/>\nL\u2019\u00e9quipe de Ch\u00e2tillon-le-Duc n\u2019aura fait qu\u2019une erreur, mais elle lui co\u00fbte la victoire comme lors de l\u2019\u00e9dition 2017. Pour Mirebeau sur B\u00e8ze, 26\u00e8me l\u2019an pass\u00e9, c\u2019est une magnifique performance de remporter pour la premi\u00e8re fois le Tournoi.<br \/>\nTous les coll\u00e9giens ont \u00e9t\u00e9 r\u00e9compens\u00e9s individuellement. Mais le plus beau des cadeaux restera sans aucun doute la pr\u00e9sence de Manon Sauvageot Miss C\u00f4te-d\u2019Or 2018 qui a offert bises et s\u00e9ance photo \u00e0 tous (jeunes et moins jeunes !).<\/p>\n<p><strong>Le Classement<\/strong><br \/>\nLes \u00e9quipes \u00e9limin\u00e9es en 16\u00e8me de finale ont particip\u00e9 \u00e0 une \"consolante\" leur permettant de continuer \u00e0 concourir et d'obtenir un classement dans le palmar\u00e8s. Pour les \u00e9limin\u00e9s en 8\u00e8me et en \u00bc de finale, la place est d\u00e9termin\u00e9e par les r\u00e9sultats obtenus \u00e0 l'\u00e9preuve de qualification du mois de f\u00e9vrier.<\/p>\n<p><strong>TOURNOI PRINCIPAL<\/strong><\/p>\n<p>1- Coll\u00e8ge Arthur Rimbaud (Mirebeau-sur-B\u00e8ze \u2013 21) : Elo\u00efse et Manon.<br \/>\n2- Coll\u00e8ge Claude Girard (Ch\u00e2tillon-le-Duc \u2013 25) : Anthony et Joseph.<br \/>\n3- Coll\u00e8ge Roland Dorgel\u00e8s (Longvic \u2013 21) : Jasmine et Maxime.<br \/>\n4- Coll\u00e8ge Champ Lumi\u00e8re (Selongey \u2013 21) : Marie et Noah.<br \/>\n5- Coll\u00e8ge Clos de Pouilly (Dijon \u2013 21) : Jeanne et Ma\u00ebwen.<br \/>\n6- Coll\u00e8ge Camille Claudel (Chevigny-saint-Sauveur \u2013 21) : Natan et Pierre.<br \/>\n7- Coll\u00e8ge Gaston Roupnel (Dijon \u2013 21) : Ang\u00e8le et Maxime.<br \/>\n8- Coll\u00e8ge Jacques Mercusot (Sombernon \u2013 21) : Nolan et Robin.<br \/>\n9- Coll\u00e8ge Gaston Roupnel (Dijon \u2013 21) : Lucie et Mahaux.<br \/>\n10- Coll\u00e8ge Jacques Mercusot (Sombernon \u2013 21) : L\u00e9ane et Th\u00e9otime.<br \/>\n11- Coll\u00e8ge Clos de Pouilly (Dijon \u2013 21) : Clara et Louis.<br \/>\n12- Coll\u00e8ge de l\u2019Arc (Dole \u2013 39) : Leelou et Octave.<br \/>\n13- Coll\u00e8ge Emile Lepitre (Laignes \u2013 21) : Chlo\u00e9 et Rapha\u00ebl.<br \/>\n14- Coll\u00e8ge Louis Brisson (Saint Savine \u2013 10) : Juliette et Pauline.<br \/>\n15- Coll\u00e8ge Paul Fort (Is-sur-Tille \u2013 21) : Jeanne et Antoine.<br \/>\n16- Coll\u00e8ge Paul Portier (Bar-sur-Seine \u2013 10) : Ana\u00efs et Chlo\u00e9.<\/p>\n<p><strong>TOURNOI \u00ab CONSOLANTE \u00bb<\/strong><\/p>\n<p>1- Coll\u00e8ge des Vernaux (Tavaux \u2013 39) : Iona et Damien.<br \/>\n2- Coll\u00e8ge Claude Girard (Ch\u00e2tillon-le-Duc \u2013 25) : Mathilde et Rayane.<br \/>\n3- Coll\u00e8ge Emile Lepitre (Laignes \u2013 21) : Lisa et Est\u00e9ban.<br \/>\n4- Coll\u00e8ge Arthur Rimbaud (Mirebeau-sur-B\u00e8ze \u2013 21) : C\u00e9lia et Cl\u00e9lia.<br \/>\n5- Coll\u00e8ge Camille Claudel (Chevigny-saint-Sauveur \u2013 21) : Bertille et Cl\u00e9ment.<br \/>\n6- Coll\u00e8ge F\u00e9lix Gaffiot (Quincey -25) : Ana\u00efs et Alexandre.<br \/>\n7- Coll\u00e8ge des Vernaux (Tavaux \u2013 39) : Agathe et Manon.<br \/>\n8- Coll\u00e8ge Gilbert Cousin (Nozeroy \u2013 39) : Elo\u00efse et Emma.<br \/>\n9- Coll\u00e8ge F\u00e9lix Gaffiot (Quincey -25) : Luna et Jean-Baptiste.<br \/>\n10- Coll\u00e8ge Stendhal (Besan\u00e7on \u2013 25) : Chadia et Mathieu.<br \/>\n11- Coll\u00e8ge Colombey les 2 Eglises (52) : Cl\u00e9ment et Julian.<br \/>\n12- Coll\u00e8ge Roland Dorgel\u00e8s (Longvic \u2013 21) : Clarisse et Matt\u00e9o.<br \/>\n13- Coll\u00e8ge Le Parc (Dijon \u2013 21) : Camille et Cl\u00e9ment.<br \/>\n14- Coll\u00e8ge Saint Dominique (Chalon-sur-Sa\u00f4ne \u2013 71) : Fanny et Thomas.<br \/>\n15- Coll\u00e8ge Parc des Chaumes (Avallon \u2013 89) : Jade et Alexis.<br \/>\n16- Coll\u00e8ge Jules Ferry (G\u00e9nelard \u2013 71) : Matthieu et Math\u00e9o.<\/p>\n<\/div>\n<\/div><\/div><\/div><\/div><\/div><\/div>","protected":false},"excerpt":{"rendered":"<p>&nbsp; TOURNOI DES COLLEGES 2018 : \u00a0 \u00a0 \u00a0 \u00a0\u00a0\u00a0\u00a0\u00a0\u00a0\u00a0\u00a0\u00a0 Rien ne sert de courir \u2026 Encore une \u00e9dition de haute vol\u00e9e pour le Tournoi des Coll\u00e8ges 2018 ! En f\u00e9vrier, pr\u00e8s de 1500 \u00e9l\u00e8ves ont particip\u00e9 \u00e0 la phase de qualification lors d\u2019une \u00e9preuve individuelle sur table qui s\u2019est d\u00e9roul\u00e9e dans les \u00e9tablissements inscrits [&hellip;]<\/p>\n","protected":false},"author":2,"featured_media":0,"parent":0,"menu_order":0,"comment_status":"closed","ping_status":"closed","template":"","meta":{"_monsterinsights_skip_tracking":false,"_monsterinsights_sitenote_active":false,"_monsterinsights_sitenote_note":"","_monsterinsights_sitenote_category":0,"footnotes":""},"class_list":["post-3363","page","type-page","status-publish","hentry","post"],"yoast_head":"<!-- This site is optimized with the Yoast SEO plugin v22.6 - https:\/\/yoast.com\/wordpress\/plugins\/seo\/ -->\n<title>Tournoi des coll\u00e8ges - Le Festival des mots crois\u00e9s \u00e0 Is-sur-Tille<\/title>\n<meta name=\"robots\" content=\"index, follow, max-snippet:-1, max-image-preview:large, max-video-preview:-1\" \/>\n<link rel=\"canonical\" href=\"https:\/\/festival-ismotscroises.fr\/?page_id=3363\" \/>\n<meta property=\"og:locale\" content=\"fr_FR\" \/>\n<meta property=\"og:type\" content=\"article\" \/>\n<meta property=\"og:title\" content=\"Tournoi des coll\u00e8ges - Le Festival des mots crois\u00e9s \u00e0 Is-sur-Tille\" \/>\n<meta property=\"og:description\" content=\"&nbsp; TOURNOI DES COLLEGES 2018 : \u00a0 \u00a0 \u00a0 \u00a0\u00a0\u00a0\u00a0\u00a0\u00a0\u00a0\u00a0\u00a0 Rien ne sert de courir \u2026 Encore une \u00e9dition de haute vol\u00e9e pour le Tournoi des Coll\u00e8ges 2018 ! En f\u00e9vrier, pr\u00e8s de 1500 \u00e9l\u00e8ves ont particip\u00e9 \u00e0 la phase de qualification lors d\u2019une \u00e9preuve individuelle sur table qui s\u2019est d\u00e9roul\u00e9e dans les \u00e9tablissements inscrits [&hellip;]\" \/>\n<meta property=\"og:url\" content=\"https:\/\/festival-ismotscroises.fr\/?page_id=3363\" \/>\n<meta property=\"og:site_name\" content=\"Le Festival des mots crois\u00e9s \u00e0 Is-sur-Tille\" \/>\n<meta property=\"article:modified_time\" content=\"2023-03-24T14:51:17+00:00\" \/>\n<meta name=\"twitter:card\" content=\"summary_large_image\" \/>\n<meta name=\"twitter:label1\" content=\"Dur\u00e9e de lecture estim\u00e9e\" \/>\n\t<meta name=\"twitter:data1\" content=\"4 minutes\" \/>\n<script type=\"application\/ld+json\" class=\"yoast-schema-graph\">{\"@context\":\"https:\/\/schema.org\",\"@graph\":[{\"@type\":\"WebPage\",\"@id\":\"https:\/\/festival-ismotscroises.fr\/?page_id=3363\",\"url\":\"https:\/\/festival-ismotscroises.fr\/?page_id=3363\",\"name\":\"Tournoi des coll\u00e8ges - Le Festival des mots crois\u00e9s \u00e0 Is-sur-Tille\",\"isPartOf\":{\"@id\":\"https:\/\/festival-ismotscroises.fr\/#website\"},\"datePublished\":\"2018-11-19T17:34:57+00:00\",\"dateModified\":\"2023-03-24T14:51:17+00:00\",\"breadcrumb\":{\"@id\":\"https:\/\/festival-ismotscroises.fr\/?page_id=3363#breadcrumb\"},\"inLanguage\":\"fr-FR\",\"potentialAction\":[{\"@type\":\"ReadAction\",\"target\":[\"https:\/\/festival-ismotscroises.fr\/?page_id=3363\"]}]},{\"@type\":\"BreadcrumbList\",\"@id\":\"https:\/\/festival-ismotscroises.fr\/?page_id=3363#breadcrumb\",\"itemListElement\":[{\"@type\":\"ListItem\",\"position\":1,\"name\":\"Accueil\",\"item\":\"https:\/\/festival-ismotscroises.fr\/\"},{\"@type\":\"ListItem\",\"position\":2,\"name\":\"Tournoi des coll\u00e8ges\"}]},{\"@type\":\"WebSite\",\"@id\":\"https:\/\/festival-ismotscroises.fr\/#website\",\"url\":\"https:\/\/festival-ismotscroises.fr\/\",\"name\":\"Le Festival des mots crois\u00e9s \u00e0 Is-sur-Tille\",\"description\":\"La ville d&#039;Is-sur-Tille, en C\u00f4te-d&#039;Or, organise un festival annuel de mots crois\u00e9s depuis 1990..\",\"potentialAction\":[{\"@type\":\"SearchAction\",\"target\":{\"@type\":\"EntryPoint\",\"urlTemplate\":\"https:\/\/festival-ismotscroises.fr\/?s={search_term_string}\"},\"query-input\":\"required name=search_term_string\"}],\"inLanguage\":\"fr-FR\"}]}<\/script>\n<!-- \/ Yoast SEO plugin. -->","yoast_head_json":{"title":"Tournoi des coll\u00e8ges - Le Festival des mots crois\u00e9s \u00e0 Is-sur-Tille","robots":{"index":"index","follow":"follow","max-snippet":"max-snippet:-1","max-image-preview":"max-image-preview:large","max-video-preview":"max-video-preview:-1"},"canonical":"https:\/\/festival-ismotscroises.fr\/?page_id=3363","og_locale":"fr_FR","og_type":"article","og_title":"Tournoi des coll\u00e8ges - Le Festival des mots crois\u00e9s \u00e0 Is-sur-Tille","og_description":"&nbsp; TOURNOI DES COLLEGES 2018 : \u00a0 \u00a0 \u00a0 \u00a0\u00a0\u00a0\u00a0\u00a0\u00a0\u00a0\u00a0\u00a0 Rien ne sert de courir \u2026 Encore une \u00e9dition de haute vol\u00e9e pour le Tournoi des Coll\u00e8ges 2018 ! En f\u00e9vrier, pr\u00e8s de 1500 \u00e9l\u00e8ves ont particip\u00e9 \u00e0 la phase de qualification lors d\u2019une \u00e9preuve individuelle sur table qui s\u2019est d\u00e9roul\u00e9e dans les \u00e9tablissements inscrits [&hellip;]","og_url":"https:\/\/festival-ismotscroises.fr\/?page_id=3363","og_site_name":"Le Festival des mots crois\u00e9s \u00e0 Is-sur-Tille","article_modified_time":"2023-03-24T14:51:17+00:00","twitter_card":"summary_large_image","twitter_misc":{"Dur\u00e9e de lecture estim\u00e9e":"4 minutes"},"schema":{"@context":"https:\/\/schema.org","@graph":[{"@type":"WebPage","@id":"https:\/\/festival-ismotscroises.fr\/?page_id=3363","url":"https:\/\/festival-ismotscroises.fr\/?page_id=3363","name":"Tournoi des coll\u00e8ges - Le Festival des mots crois\u00e9s \u00e0 Is-sur-Tille","isPartOf":{"@id":"https:\/\/festival-ismotscroises.fr\/#website"},"datePublished":"2018-11-19T17:34:57+00:00","dateModified":"2023-03-24T14:51:17+00:00","breadcrumb":{"@id":"https:\/\/festival-ismotscroises.fr\/?page_id=3363#breadcrumb"},"inLanguage":"fr-FR","potentialAction":[{"@type":"ReadAction","target":["https:\/\/festival-ismotscroises.fr\/?page_id=3363"]}]},{"@type":"BreadcrumbList","@id":"https:\/\/festival-ismotscroises.fr\/?page_id=3363#breadcrumb","itemListElement":[{"@type":"ListItem","position":1,"name":"Accueil","item":"https:\/\/festival-ismotscroises.fr\/"},{"@type":"ListItem","position":2,"name":"Tournoi des coll\u00e8ges"}]},{"@type":"WebSite","@id":"https:\/\/festival-ismotscroises.fr\/#website","url":"https:\/\/festival-ismotscroises.fr\/","name":"Le Festival des mots crois\u00e9s \u00e0 Is-sur-Tille","description":"La ville d&#039;Is-sur-Tille, en C\u00f4te-d&#039;Or, organise un festival annuel de mots crois\u00e9s depuis 1990..","potentialAction":[{"@type":"SearchAction","target":{"@type":"EntryPoint","urlTemplate":"https:\/\/festival-ismotscroises.fr\/?s={search_term_string}"},"query-input":"required name=search_term_string"}],"inLanguage":"fr-FR"}]}},"_links":{"self":[{"href":"https:\/\/festival-ismotscroises.fr\/index.php?rest_route=\/wp\/v2\/pages\/3363","targetHints":{"allow":["GET"]}}],"collection":[{"href":"https:\/\/festival-ismotscroises.fr\/index.php?rest_route=\/wp\/v2\/pages"}],"about":[{"href":"https:\/\/festival-ismotscroises.fr\/index.php?rest_route=\/wp\/v2\/types\/page"}],"author":[{"embeddable":true,"href":"https:\/\/festival-ismotscroises.fr\/index.php?rest_route=\/wp\/v2\/users\/2"}],"replies":[{"embeddable":true,"href":"https:\/\/festival-ismotscroises.fr\/index.php?rest_route=%2Fwp%2Fv2%2Fcomments&post=3363"}],"version-history":[{"count":8,"href":"https:\/\/festival-ismotscroises.fr\/index.php?rest_route=\/wp\/v2\/pages\/3363\/revisions"}],"predecessor-version":[{"id":3394,"href":"https:\/\/festival-ismotscroises.fr\/index.php?rest_route=\/wp\/v2\/pages\/3363\/revisions\/3394"}],"wp:attachment":[{"href":"https:\/\/festival-ismotscroises.fr\/index.php?rest_route=%2Fwp%2Fv2%2Fmedia&parent=3363"}],"curies":[{"name":"wp","href":"https:\/\/api.w.org\/{rel}","templated":true}]}}