{"id":32,"date":"2015-06-18T18:45:06","date_gmt":"2015-06-18T16:45:06","guid":{"rendered":"http:\/\/festival-ismotscroises.fr\/?page_id=32"},"modified":"2023-03-24T12:22:34","modified_gmt":"2023-03-24T11:22:34","slug":"is-sur-tiile-mots-croises","status":"publish","type":"page","link":"https:\/\/festival-ismotscroises.fr\/?page_id=32","title":{"rendered":"Une ville"},"content":{"rendered":"<div id=\"pl-32\"  class=\"panel-layout\" ><div id=\"pg-32-0\"  class=\"panel-grid panel-no-style\" ><div id=\"pgc-32-0-0\"  class=\"panel-grid-cell\" ><div id=\"panel-32-0-0-0\" class=\"so-panel widget widget_metaslider_widget panel-first-child panel-last-child\" data-index=\"0\" ><div id=\"metaslider-id-950\" style=\"width: 100%; margin: 0 auto;\" class=\"ml-slider-3-70-2 ml-slider-pro-2-18-3 metaslider metaslider-flex metaslider-950 ml-slider ml-slider-lightbox-1-12-0 lightbox-disabled ms-theme-default nav-hidden\" role=\"region\" aria-roledescription=\"Slideshow\" aria-label=\"SLIDER2\">\n    <div id=\"metaslider_container_950\">\n        <div id=\"metaslider_950\" class=\"flexslider\">\n            <ul aria-live=\"polite\" class=\"slides\">\n                <li style=\"display: block; width: 100%;\" class=\"slide-943 ms-image \" aria-roledescription=\"slide\" aria-label=\"slide-943\"><img loading=\"lazy\" decoding=\"async\" src=\"https:\/\/festival-ismotscroises.fr\/wp-content\/uploads\/2015\/06\/FESTIVAL-UNEVILLE-001.jpg\" height=\"430\" width=\"430\" alt=\"\" class=\"slider-950 slide-943\" \/><\/li>\n                <li style=\"display: none; width: 100%;\" class=\"slide-947 ms-image \" aria-roledescription=\"slide\" aria-label=\"slide-947\"><img loading=\"lazy\" decoding=\"async\" src=\"https:\/\/festival-ismotscroises.fr\/wp-content\/uploads\/2015\/06\/FESTIVAL-UNEVILLE-002.jpg\" height=\"430\" width=\"430\" alt=\"\" class=\"slider-950 slide-947\" \/><\/li>\n                <li style=\"display: none; width: 100%;\" class=\"slide-949 ms-image \" aria-roledescription=\"slide\" aria-label=\"slide-949\"><img loading=\"lazy\" decoding=\"async\" src=\"https:\/\/festival-ismotscroises.fr\/wp-content\/uploads\/2015\/06\/FESTIVAL-UNEVILLE-003.jpg\" height=\"430\" width=\"430\" alt=\"\" class=\"slider-950 slide-949\" \/><\/li>\n                <li style=\"display: none; width: 100%;\" class=\"slide-948 ms-image \" aria-roledescription=\"slide\" aria-label=\"slide-948\"><img loading=\"lazy\" decoding=\"async\" src=\"https:\/\/festival-ismotscroises.fr\/wp-content\/uploads\/2015\/06\/FESTIVAL-UNEVILLE-004.jpg\" height=\"430\" width=\"430\" alt=\"\" class=\"slider-950 slide-948\" \/><\/li>\n                <li style=\"display: none; width: 100%;\" class=\"slide-944 ms-image \" aria-roledescription=\"slide\" aria-label=\"slide-944\"><img loading=\"lazy\" decoding=\"async\" src=\"https:\/\/festival-ismotscroises.fr\/wp-content\/uploads\/2015\/06\/FESTIVAL-UNEVILLE-005.jpg\" height=\"430\" width=\"430\" alt=\"\" class=\"slider-950 slide-944\" \/><\/li>\n                <li style=\"display: none; width: 100%;\" class=\"slide-946 ms-image \" aria-roledescription=\"slide\" aria-label=\"slide-946\"><img loading=\"lazy\" decoding=\"async\" src=\"https:\/\/festival-ismotscroises.fr\/wp-content\/uploads\/2015\/06\/FESTIVAL-UNEVILLE-006.jpg\" height=\"430\" width=\"430\" alt=\"\" class=\"slider-950 slide-946\" \/><\/li>\n                <li style=\"display: none; width: 100%;\" class=\"slide-945 ms-image \" aria-roledescription=\"slide\" aria-label=\"slide-945\"><img loading=\"lazy\" decoding=\"async\" src=\"https:\/\/festival-ismotscroises.fr\/wp-content\/uploads\/2015\/06\/FESTIVAL-UNEVILLE-007.jpg\" height=\"430\" width=\"430\" alt=\"\" class=\"slider-950 slide-945\" \/><\/li>\n            <\/ul>\n        <\/div>\n        \n    <\/div>\n<\/div><\/div><\/div><div id=\"pgc-32-0-1\"  class=\"panel-grid-cell\" ><div id=\"panel-32-0-1-0\" class=\"so-panel widget widget_black-studio-tinymce widget_black_studio_tinymce panel-first-child panel-last-child\" data-index=\"1\" ><div class=\"textwidget\"><h3><strong>Une ville<\/strong><\/h3>\n<h4 style=\"text-align: justify;\"><strong><em>En deux lettres sur la Tille<\/em><\/strong> :<\/h4>\n<p style=\"text-align: justify;\">Cette d\u00e9finition embl\u00e9matique a scell\u00e9 depuis longtemps l\u2019alliance de la petite cit\u00e9 bourguignonne avec l\u2019univers familier des cruciverbistes. Mais s\u2019ils connaissent bien le nom de la ville, tous ne savent pas toujours la situer sur une carte. Levons cette ignorance : Is-sur-Tille vit sa vie de bourg paisible \u00e0 une vingtaine de kilom\u00e8tres au nord de Dijon.<\/p>\n<p>Site internet de la ville d'Is-sur-Tille : <a href=\"http:\/\/www.is-sur-tille.fr\/\" target=\"_blank\" rel=\"noopener\">www.is-sur-tille.fr<\/a><\/p>\n<\/div><\/div><\/div><\/div><div id=\"pg-32-1\"  class=\"panel-grid panel-no-style\" ><div id=\"pgc-32-1-0\"  class=\"panel-grid-cell\" ><div id=\"panel-32-1-0-0\" class=\"so-panel widget widget_black-studio-tinymce widget_black_studio_tinymce panel-first-child panel-last-child\" data-index=\"2\" ><div class=\"textwidget\"><p><img loading=\"lazy\" decoding=\"async\" class=\" size-full wp-image-1496 alignright\" src=\"http:\/\/festival-ismotscroises.fr\/wp-content\/uploads\/2015\/07\/ISMOTSCROISES-LOGO.png\" alt=\"ISMOTSCROISES-LOGO\" width=\"152\" height=\"150\" \/><\/p>\n<\/div><\/div><\/div><\/div><\/div>","protected":false},"excerpt":{"rendered":"<p>Une ville En deux lettres sur la Tille : Cette d\u00e9finition embl\u00e9matique a scell\u00e9 depuis longtemps l\u2019alliance de la petite cit\u00e9 bourguignonne avec l\u2019univers familier des cruciverbistes. Mais s\u2019ils connaissent bien le nom de la ville, tous ne savent pas toujours la situer sur une carte. Levons cette ignorance : Is-sur-Tille vit sa vie de [&hellip;]<\/p>\n","protected":false},"author":2,"featured_media":0,"parent":0,"menu_order":0,"comment_status":"closed","ping_status":"closed","template":"templates\/template-full-notitle.php","meta":{"_monsterinsights_skip_tracking":false,"_monsterinsights_sitenote_active":false,"_monsterinsights_sitenote_note":"","_monsterinsights_sitenote_category":0,"footnotes":""},"class_list":["post-32","page","type-page","status-publish","hentry","post"],"yoast_head":"<!-- This site is optimized with the Yoast SEO plugin v22.6 - https:\/\/yoast.com\/wordpress\/plugins\/seo\/ -->\n<title>Une ville - Le Festival des mots crois\u00e9s \u00e0 Is-sur-Tille<\/title>\n<meta name=\"description\" content=\"Is-sur-Tille, petite ville de Bourgogne, capitale des mots crois\u00e9s, organise annuellement le &quot;Tournoi de mots crois\u00e9s des Coll\u00e8ges&quot;\" \/>\n<meta name=\"robots\" content=\"index, follow, max-snippet:-1, max-image-preview:large, max-video-preview:-1\" \/>\n<link rel=\"canonical\" href=\"https:\/\/festival-ismotscroises.fr\/?page_id=32\" \/>\n<meta property=\"og:locale\" content=\"fr_FR\" \/>\n<meta property=\"og:type\" content=\"article\" \/>\n<meta property=\"og:title\" content=\"Une ville - Le Festival des mots crois\u00e9s \u00e0 Is-sur-Tille\" \/>\n<meta property=\"og:description\" content=\"Is-sur-Tille, petite ville de Bourgogne, capitale des mots crois\u00e9s, organise annuellement le &quot;Tournoi de mots crois\u00e9s des Coll\u00e8ges&quot;\" \/>\n<meta property=\"og:url\" content=\"https:\/\/festival-ismotscroises.fr\/?page_id=32\" \/>\n<meta property=\"og:site_name\" content=\"Le Festival des mots crois\u00e9s \u00e0 Is-sur-Tille\" \/>\n<meta property=\"article:modified_time\" content=\"2023-03-24T11:22:34+00:00\" \/>\n<meta property=\"og:image\" content=\"http:\/\/festival-ismotscroises.fr\/wp-content\/uploads\/2015\/07\/ISMOTSCROISES-LOGO.png\" \/>\n<meta name=\"twitter:card\" content=\"summary_large_image\" \/>\n<meta name=\"twitter:label1\" content=\"Dur\u00e9e de lecture estim\u00e9e\" \/>\n\t<meta name=\"twitter:data1\" content=\"1 minute\" \/>\n<script type=\"application\/ld+json\" class=\"yoast-schema-graph\">{\"@context\":\"https:\/\/schema.org\",\"@graph\":[{\"@type\":\"WebPage\",\"@id\":\"https:\/\/festival-ismotscroises.fr\/?page_id=32\",\"url\":\"https:\/\/festival-ismotscroises.fr\/?page_id=32\",\"name\":\"Une ville - Le Festival des mots crois\u00e9s \u00e0 Is-sur-Tille\",\"isPartOf\":{\"@id\":\"https:\/\/festival-ismotscroises.fr\/#website\"},\"primaryImageOfPage\":{\"@id\":\"https:\/\/festival-ismotscroises.fr\/?page_id=32#primaryimage\"},\"image\":{\"@id\":\"https:\/\/festival-ismotscroises.fr\/?page_id=32#primaryimage\"},\"thumbnailUrl\":\"http:\/\/festival-ismotscroises.fr\/wp-content\/uploads\/2015\/07\/ISMOTSCROISES-LOGO.png\",\"datePublished\":\"2015-06-18T16:45:06+00:00\",\"dateModified\":\"2023-03-24T11:22:34+00:00\",\"description\":\"Is-sur-Tille, petite ville de Bourgogne, capitale des mots crois\u00e9s, organise annuellement le \\\"Tournoi de mots crois\u00e9s des Coll\u00e8ges\\\"\",\"breadcrumb\":{\"@id\":\"https:\/\/festival-ismotscroises.fr\/?page_id=32#breadcrumb\"},\"inLanguage\":\"fr-FR\",\"potentialAction\":[{\"@type\":\"ReadAction\",\"target\":[\"https:\/\/festival-ismotscroises.fr\/?page_id=32\"]}]},{\"@type\":\"ImageObject\",\"inLanguage\":\"fr-FR\",\"@id\":\"https:\/\/festival-ismotscroises.fr\/?page_id=32#primaryimage\",\"url\":\"https:\/\/festival-ismotscroises.fr\/wp-content\/uploads\/2015\/07\/ISMOTSCROISES-LOGO.png\",\"contentUrl\":\"https:\/\/festival-ismotscroises.fr\/wp-content\/uploads\/2015\/07\/ISMOTSCROISES-LOGO.png\",\"width\":152,\"height\":150},{\"@type\":\"BreadcrumbList\",\"@id\":\"https:\/\/festival-ismotscroises.fr\/?page_id=32#breadcrumb\",\"itemListElement\":[{\"@type\":\"ListItem\",\"position\":1,\"name\":\"Accueil\",\"item\":\"https:\/\/festival-ismotscroises.fr\/\"},{\"@type\":\"ListItem\",\"position\":2,\"name\":\"Une ville\"}]},{\"@type\":\"WebSite\",\"@id\":\"https:\/\/festival-ismotscroises.fr\/#website\",\"url\":\"https:\/\/festival-ismotscroises.fr\/\",\"name\":\"Le Festival des mots crois\u00e9s \u00e0 Is-sur-Tille\",\"description\":\"La ville d&#039;Is-sur-Tille, en C\u00f4te-d&#039;Or, organise un festival annuel de mots crois\u00e9s depuis 1990..\",\"potentialAction\":[{\"@type\":\"SearchAction\",\"target\":{\"@type\":\"EntryPoint\",\"urlTemplate\":\"https:\/\/festival-ismotscroises.fr\/?s={search_term_string}\"},\"query-input\":\"required name=search_term_string\"}],\"inLanguage\":\"fr-FR\"}]}<\/script>\n<!-- \/ Yoast SEO plugin. -->","yoast_head_json":{"title":"Une ville - Le Festival des mots crois\u00e9s \u00e0 Is-sur-Tille","description":"Is-sur-Tille, petite ville de Bourgogne, capitale des mots crois\u00e9s, organise annuellement le \"Tournoi de mots crois\u00e9s des Coll\u00e8ges\"","robots":{"index":"index","follow":"follow","max-snippet":"max-snippet:-1","max-image-preview":"max-image-preview:large","max-video-preview":"max-video-preview:-1"},"canonical":"https:\/\/festival-ismotscroises.fr\/?page_id=32","og_locale":"fr_FR","og_type":"article","og_title":"Une ville - Le Festival des mots crois\u00e9s \u00e0 Is-sur-Tille","og_description":"Is-sur-Tille, petite ville de Bourgogne, capitale des mots crois\u00e9s, organise annuellement le \"Tournoi de mots crois\u00e9s des Coll\u00e8ges\"","og_url":"https:\/\/festival-ismotscroises.fr\/?page_id=32","og_site_name":"Le Festival des mots crois\u00e9s \u00e0 Is-sur-Tille","article_modified_time":"2023-03-24T11:22:34+00:00","og_image":[{"url":"http:\/\/festival-ismotscroises.fr\/wp-content\/uploads\/2015\/07\/ISMOTSCROISES-LOGO.png"}],"twitter_card":"summary_large_image","twitter_misc":{"Dur\u00e9e de lecture estim\u00e9e":"1 minute"},"schema":{"@context":"https:\/\/schema.org","@graph":[{"@type":"WebPage","@id":"https:\/\/festival-ismotscroises.fr\/?page_id=32","url":"https:\/\/festival-ismotscroises.fr\/?page_id=32","name":"Une ville - Le Festival des mots crois\u00e9s \u00e0 Is-sur-Tille","isPartOf":{"@id":"https:\/\/festival-ismotscroises.fr\/#website"},"primaryImageOfPage":{"@id":"https:\/\/festival-ismotscroises.fr\/?page_id=32#primaryimage"},"image":{"@id":"https:\/\/festival-ismotscroises.fr\/?page_id=32#primaryimage"},"thumbnailUrl":"http:\/\/festival-ismotscroises.fr\/wp-content\/uploads\/2015\/07\/ISMOTSCROISES-LOGO.png","datePublished":"2015-06-18T16:45:06+00:00","dateModified":"2023-03-24T11:22:34+00:00","description":"Is-sur-Tille, petite ville de Bourgogne, capitale des mots crois\u00e9s, organise annuellement le \"Tournoi de mots crois\u00e9s des Coll\u00e8ges\"","breadcrumb":{"@id":"https:\/\/festival-ismotscroises.fr\/?page_id=32#breadcrumb"},"inLanguage":"fr-FR","potentialAction":[{"@type":"ReadAction","target":["https:\/\/festival-ismotscroises.fr\/?page_id=32"]}]},{"@type":"ImageObject","inLanguage":"fr-FR","@id":"https:\/\/festival-ismotscroises.fr\/?page_id=32#primaryimage","url":"https:\/\/festival-ismotscroises.fr\/wp-content\/uploads\/2015\/07\/ISMOTSCROISES-LOGO.png","contentUrl":"https:\/\/festival-ismotscroises.fr\/wp-content\/uploads\/2015\/07\/ISMOTSCROISES-LOGO.png","width":152,"height":150},{"@type":"BreadcrumbList","@id":"https:\/\/festival-ismotscroises.fr\/?page_id=32#breadcrumb","itemListElement":[{"@type":"ListItem","position":1,"name":"Accueil","item":"https:\/\/festival-ismotscroises.fr\/"},{"@type":"ListItem","position":2,"name":"Une ville"}]},{"@type":"WebSite","@id":"https:\/\/festival-ismotscroises.fr\/#website","url":"https:\/\/festival-ismotscroises.fr\/","name":"Le Festival des mots crois\u00e9s \u00e0 Is-sur-Tille","description":"La ville d&#039;Is-sur-Tille, en C\u00f4te-d&#039;Or, organise un festival annuel de mots crois\u00e9s depuis 1990..","potentialAction":[{"@type":"SearchAction","target":{"@type":"EntryPoint","urlTemplate":"https:\/\/festival-ismotscroises.fr\/?s={search_term_string}"},"query-input":"required name=search_term_string"}],"inLanguage":"fr-FR"}]}},"_links":{"self":[{"href":"https:\/\/festival-ismotscroises.fr\/index.php?rest_route=\/wp\/v2\/pages\/32","targetHints":{"allow":["GET"]}}],"collection":[{"href":"https:\/\/festival-ismotscroises.fr\/index.php?rest_route=\/wp\/v2\/pages"}],"about":[{"href":"https:\/\/festival-ismotscroises.fr\/index.php?rest_route=\/wp\/v2\/types\/page"}],"author":[{"embeddable":true,"href":"https:\/\/festival-ismotscroises.fr\/index.php?rest_route=\/wp\/v2\/users\/2"}],"replies":[{"embeddable":true,"href":"https:\/\/festival-ismotscroises.fr\/index.php?rest_route=%2Fwp%2Fv2%2Fcomments&post=32"}],"version-history":[{"count":25,"href":"https:\/\/festival-ismotscroises.fr\/index.php?rest_route=\/wp\/v2\/pages\/32\/revisions"}],"predecessor-version":[{"id":4209,"href":"https:\/\/festival-ismotscroises.fr\/index.php?rest_route=\/wp\/v2\/pages\/32\/revisions\/4209"}],"wp:attachment":[{"href":"https:\/\/festival-ismotscroises.fr\/index.php?rest_route=%2Fwp%2Fv2%2Fmedia&parent=32"}],"curies":[{"name":"wp","href":"https:\/\/api.w.org\/{rel}","templated":true}]}}