{"id":3158,"date":"2017-05-22T19:25:28","date_gmt":"2017-05-22T17:25:28","guid":{"rendered":"http:\/\/festival-ismotscroises.fr\/?page_id=3158"},"modified":"2017-05-22T21:34:23","modified_gmt":"2017-05-22T19:34:23","slug":"la-soiree-des-mots-croises-2017","status":"publish","type":"page","link":"https:\/\/festival-ismotscroises.fr\/?page_id=3158","title":{"rendered":"La Soir\u00e9e des mots crois\u00e9s"},"content":{"rendered":"<div id=\"pl-3158\"  class=\"panel-layout\" ><div id=\"pg-3158-0\"  class=\"panel-grid panel-no-style\" ><div id=\"pgc-3158-0-0\"  class=\"panel-grid-cell\" ><div id=\"panel-3158-0-0-0\" class=\"so-panel widget panel-first-child panel-last-child\" data-index=\"0\" ><\/div><\/div><div id=\"pgc-3158-0-1\"  class=\"panel-grid-cell\" ><div id=\"panel-3158-0-1-0\" class=\"so-panel widget widget_black-studio-tinymce widget_black_studio_tinymce panel-first-child panel-last-child\" data-index=\"1\" ><div class=\"textwidget\"><p>La Soir\u00e9e des mots crois\u00e9s a r\u00e9uni le samedi 20 mai une centaine de convives, un record depuis sa premi\u00e8re \u00e9dition en 2001. <br \/>Un invit\u00e9 de marque a su affirmer sa pr\u00e9sence : Gaston, l'escargot bourguignon qui a acc\u00e9d\u00e9 \u00e0 la notori\u00e9t\u00e9 et multipli\u00e9 ses rejetons depuis sa cr\u00e9ation il y a quatre ans dans l'atelier de la serrurerie B\u00e9gin d'Is-sur-Tille. Un avatar en t\u00f4le thermolaqu\u00e9e ornait la salle des Capucins. D'une taille respectable, il offrait une illustration de poids \u00e0 la grande grille que Jean Rossat avait con\u00e7ue sur le th\u00e8me de la lenteur, et que les invit\u00e9s ont pris tout leur temps \u00e0 r\u00e9soudre pendant un repas de qualit\u00e9 \"<em>gastonomique<\/em>\" servi par le restaurant Le Cheval blanc.<\/p>\n<p>Trois maires d'Is-sur-Tille, dont deux honoraires, ont honor\u00e9 la soir\u00e9e de leur pr\u00e9sence : Jean Rebiff\u00e9, le fondateur du Festival en 1990, Michel Maillot, qui a entretenu la flamme des mots crois\u00e9s pendant 18 ann\u00e9es, et Thierry Darphin, maire en exercice. <\/p>\n<\/div><\/div><\/div><\/div><div id=\"pg-3158-1\"  class=\"panel-grid panel-no-style\" ><div id=\"pgc-3158-1-0\"  class=\"panel-grid-cell\" ><div id=\"panel-3158-1-0-0\" class=\"so-panel widget widget_black-studio-tinymce widget_black_studio_tinymce panel-first-child panel-last-child\" data-index=\"2\" ><div class=\"textwidget\"><\/div><\/div><\/div><\/div><\/div>","protected":false},"excerpt":{"rendered":"<p>La Soir\u00e9e des mots crois\u00e9s a r\u00e9uni le samedi 20 mai une centaine de convives, un record depuis sa premi\u00e8re \u00e9dition en 2001. Un invit\u00e9 de marque a su affirmer sa pr\u00e9sence : Gaston, l&rsquo;escargot bourguignon qui a acc\u00e9d\u00e9 \u00e0 la notori\u00e9t\u00e9 et multipli\u00e9 ses rejetons depuis sa cr\u00e9ation il y a quatre ans dans [&hellip;]<\/p>\n","protected":false},"author":2,"featured_media":0,"parent":0,"menu_order":0,"comment_status":"closed","ping_status":"closed","template":"","meta":{"_monsterinsights_skip_tracking":false,"_monsterinsights_sitenote_active":false,"_monsterinsights_sitenote_note":"","_monsterinsights_sitenote_category":0,"footnotes":""},"class_list":["post-3158","page","type-page","status-publish","hentry","post"],"yoast_head":"<!-- This site is optimized with the Yoast SEO plugin v22.6 - https:\/\/yoast.com\/wordpress\/plugins\/seo\/ -->\n<title>La Soir\u00e9e des mots crois\u00e9s - Le Festival des mots crois\u00e9s \u00e0 Is-sur-Tille<\/title>\n<meta name=\"robots\" content=\"index, follow, max-snippet:-1, max-image-preview:large, max-video-preview:-1\" \/>\n<link rel=\"canonical\" href=\"https:\/\/festival-ismotscroises.fr\/?page_id=3158\" \/>\n<meta property=\"og:locale\" content=\"fr_FR\" \/>\n<meta property=\"og:type\" content=\"article\" \/>\n<meta property=\"og:title\" content=\"La Soir\u00e9e des mots crois\u00e9s - Le Festival des mots crois\u00e9s \u00e0 Is-sur-Tille\" \/>\n<meta property=\"og:description\" content=\"La Soir\u00e9e des mots crois\u00e9s a r\u00e9uni le samedi 20 mai une centaine de convives, un record depuis sa premi\u00e8re \u00e9dition en 2001. Un invit\u00e9 de marque a su affirmer sa pr\u00e9sence : Gaston, l&#039;escargot bourguignon qui a acc\u00e9d\u00e9 \u00e0 la notori\u00e9t\u00e9 et multipli\u00e9 ses rejetons depuis sa cr\u00e9ation il y a quatre ans dans [&hellip;]\" \/>\n<meta property=\"og:url\" content=\"https:\/\/festival-ismotscroises.fr\/?page_id=3158\" \/>\n<meta property=\"og:site_name\" content=\"Le Festival des mots crois\u00e9s \u00e0 Is-sur-Tille\" \/>\n<meta property=\"article:modified_time\" content=\"2017-05-22T19:34:23+00:00\" \/>\n<meta name=\"twitter:card\" content=\"summary_large_image\" \/>\n<meta name=\"twitter:label1\" content=\"Dur\u00e9e de lecture estim\u00e9e\" \/>\n\t<meta name=\"twitter:data1\" content=\"1 minute\" \/>\n<script type=\"application\/ld+json\" class=\"yoast-schema-graph\">{\"@context\":\"https:\/\/schema.org\",\"@graph\":[{\"@type\":\"WebPage\",\"@id\":\"https:\/\/festival-ismotscroises.fr\/?page_id=3158\",\"url\":\"https:\/\/festival-ismotscroises.fr\/?page_id=3158\",\"name\":\"La Soir\u00e9e des mots crois\u00e9s - Le Festival des mots crois\u00e9s \u00e0 Is-sur-Tille\",\"isPartOf\":{\"@id\":\"https:\/\/festival-ismotscroises.fr\/#website\"},\"datePublished\":\"2017-05-22T17:25:28+00:00\",\"dateModified\":\"2017-05-22T19:34:23+00:00\",\"breadcrumb\":{\"@id\":\"https:\/\/festival-ismotscroises.fr\/?page_id=3158#breadcrumb\"},\"inLanguage\":\"fr-FR\",\"potentialAction\":[{\"@type\":\"ReadAction\",\"target\":[\"https:\/\/festival-ismotscroises.fr\/?page_id=3158\"]}]},{\"@type\":\"BreadcrumbList\",\"@id\":\"https:\/\/festival-ismotscroises.fr\/?page_id=3158#breadcrumb\",\"itemListElement\":[{\"@type\":\"ListItem\",\"position\":1,\"name\":\"Accueil\",\"item\":\"https:\/\/festival-ismotscroises.fr\/\"},{\"@type\":\"ListItem\",\"position\":2,\"name\":\"La Soir\u00e9e des mots crois\u00e9s\"}]},{\"@type\":\"WebSite\",\"@id\":\"https:\/\/festival-ismotscroises.fr\/#website\",\"url\":\"https:\/\/festival-ismotscroises.fr\/\",\"name\":\"Le Festival des mots crois\u00e9s \u00e0 Is-sur-Tille\",\"description\":\"La ville d&#039;Is-sur-Tille, en C\u00f4te-d&#039;Or, organise un festival annuel de mots crois\u00e9s depuis 1990..\",\"potentialAction\":[{\"@type\":\"SearchAction\",\"target\":{\"@type\":\"EntryPoint\",\"urlTemplate\":\"https:\/\/festival-ismotscroises.fr\/?s={search_term_string}\"},\"query-input\":\"required name=search_term_string\"}],\"inLanguage\":\"fr-FR\"}]}<\/script>\n<!-- \/ Yoast SEO plugin. -->","yoast_head_json":{"title":"La Soir\u00e9e des mots crois\u00e9s - Le Festival des mots crois\u00e9s \u00e0 Is-sur-Tille","robots":{"index":"index","follow":"follow","max-snippet":"max-snippet:-1","max-image-preview":"max-image-preview:large","max-video-preview":"max-video-preview:-1"},"canonical":"https:\/\/festival-ismotscroises.fr\/?page_id=3158","og_locale":"fr_FR","og_type":"article","og_title":"La Soir\u00e9e des mots crois\u00e9s - Le Festival des mots crois\u00e9s \u00e0 Is-sur-Tille","og_description":"La Soir\u00e9e des mots crois\u00e9s a r\u00e9uni le samedi 20 mai une centaine de convives, un record depuis sa premi\u00e8re \u00e9dition en 2001. Un invit\u00e9 de marque a su affirmer sa pr\u00e9sence : Gaston, l'escargot bourguignon qui a acc\u00e9d\u00e9 \u00e0 la notori\u00e9t\u00e9 et multipli\u00e9 ses rejetons depuis sa cr\u00e9ation il y a quatre ans dans [&hellip;]","og_url":"https:\/\/festival-ismotscroises.fr\/?page_id=3158","og_site_name":"Le Festival des mots crois\u00e9s \u00e0 Is-sur-Tille","article_modified_time":"2017-05-22T19:34:23+00:00","twitter_card":"summary_large_image","twitter_misc":{"Dur\u00e9e de lecture estim\u00e9e":"1 minute"},"schema":{"@context":"https:\/\/schema.org","@graph":[{"@type":"WebPage","@id":"https:\/\/festival-ismotscroises.fr\/?page_id=3158","url":"https:\/\/festival-ismotscroises.fr\/?page_id=3158","name":"La Soir\u00e9e des mots crois\u00e9s - Le Festival des mots crois\u00e9s \u00e0 Is-sur-Tille","isPartOf":{"@id":"https:\/\/festival-ismotscroises.fr\/#website"},"datePublished":"2017-05-22T17:25:28+00:00","dateModified":"2017-05-22T19:34:23+00:00","breadcrumb":{"@id":"https:\/\/festival-ismotscroises.fr\/?page_id=3158#breadcrumb"},"inLanguage":"fr-FR","potentialAction":[{"@type":"ReadAction","target":["https:\/\/festival-ismotscroises.fr\/?page_id=3158"]}]},{"@type":"BreadcrumbList","@id":"https:\/\/festival-ismotscroises.fr\/?page_id=3158#breadcrumb","itemListElement":[{"@type":"ListItem","position":1,"name":"Accueil","item":"https:\/\/festival-ismotscroises.fr\/"},{"@type":"ListItem","position":2,"name":"La Soir\u00e9e des mots crois\u00e9s"}]},{"@type":"WebSite","@id":"https:\/\/festival-ismotscroises.fr\/#website","url":"https:\/\/festival-ismotscroises.fr\/","name":"Le Festival des mots crois\u00e9s \u00e0 Is-sur-Tille","description":"La ville d&#039;Is-sur-Tille, en C\u00f4te-d&#039;Or, organise un festival annuel de mots crois\u00e9s depuis 1990..","potentialAction":[{"@type":"SearchAction","target":{"@type":"EntryPoint","urlTemplate":"https:\/\/festival-ismotscroises.fr\/?s={search_term_string}"},"query-input":"required name=search_term_string"}],"inLanguage":"fr-FR"}]}},"_links":{"self":[{"href":"https:\/\/festival-ismotscroises.fr\/index.php?rest_route=\/wp\/v2\/pages\/3158","targetHints":{"allow":["GET"]}}],"collection":[{"href":"https:\/\/festival-ismotscroises.fr\/index.php?rest_route=\/wp\/v2\/pages"}],"about":[{"href":"https:\/\/festival-ismotscroises.fr\/index.php?rest_route=\/wp\/v2\/types\/page"}],"author":[{"embeddable":true,"href":"https:\/\/festival-ismotscroises.fr\/index.php?rest_route=\/wp\/v2\/users\/2"}],"replies":[{"embeddable":true,"href":"https:\/\/festival-ismotscroises.fr\/index.php?rest_route=%2Fwp%2Fv2%2Fcomments&post=3158"}],"version-history":[{"count":13,"href":"https:\/\/festival-ismotscroises.fr\/index.php?rest_route=\/wp\/v2\/pages\/3158\/revisions"}],"predecessor-version":[{"id":3391,"href":"https:\/\/festival-ismotscroises.fr\/index.php?rest_route=\/wp\/v2\/pages\/3158\/revisions\/3391"}],"wp:attachment":[{"href":"https:\/\/festival-ismotscroises.fr\/index.php?rest_route=%2Fwp%2Fv2%2Fmedia&parent=3158"}],"curies":[{"name":"wp","href":"https:\/\/api.w.org\/{rel}","templated":true}]}}