{"id":3107,"date":"2017-05-22T17:40:54","date_gmt":"2017-05-22T15:40:54","guid":{"rendered":"http:\/\/festival-ismotscroises.fr\/?page_id=3107"},"modified":"2017-06-03T16:19:21","modified_gmt":"2017-06-03T14:19:21","slug":"le-tournoi-des-colleges-2017","status":"publish","type":"page","link":"https:\/\/festival-ismotscroises.fr\/?page_id=3107","title":{"rendered":"Tournoi des coll\u00e8ges 2017"},"content":{"rendered":"<div id=\"pl-3107\"  class=\"panel-layout\" ><div id=\"pg-3107-0\"  class=\"panel-grid panel-no-style\" ><div id=\"pgc-3107-0-0\"  class=\"panel-grid-cell\" ><div id=\"panel-3107-0-0-0\" class=\"so-panel widget panel-first-child panel-last-child\" data-index=\"0\" ><\/div><\/div><div id=\"pgc-3107-0-1\"  class=\"panel-grid-cell\" ><div id=\"panel-3107-0-1-0\" class=\"so-panel widget widget_black-studio-tinymce widget_black_studio_tinymce panel-first-child panel-last-child\" data-index=\"1\" ><div class=\"textwidget\"><h4>Une victoire sans gloire<\/h4>\n<p>La finale du Tournoi des coll\u00e8ges a oppos\u00e9 le coll\u00e8ge Claude-Girard, de Ch\u00e2tillon-le-Duc, au coll\u00e8ge Paul-Fort, d'Is-sur-Tille. Mais les deux \u00e9quipes sont parvenues \u00e0 ce stade de la comp\u00e9tition avec des parcours tr\u00e8s diff\u00e9rents : les deux filles de Claude-Girard avaient remport\u00e9 brillamment leurs matchs pr\u00e9c\u00e9dents, en arr\u00eatant \u00e0 chaque fois la partie sur un z\u00e9ro-faute, tandis que l'\u00e9quipe mixte de Paul-Fort b\u00e9n\u00e9ficiait deux fois de suite d'une victoire gr\u00e2ce \u00e0 un match arr\u00eat\u00e9 par leurs adversaires sur une solution imparfaite. Le r\u00e8glement du jeu pr\u00e9cise en effet que toute \u00e9quipe arr\u00eatant la partie avant la fin du quart d'heure de jeu est \u00e9limin\u00e9e si la solution qu'elle propose comporte une faute. <br \/>La grille de la finale est alors survol\u00e9e avec brio par l'\u00e9quipe de Claude-Girard qui met fin \u00e0 la partie au bout de 4 minutes 29 secondes. Mais la correction laisse appara\u00eetre une lettre erron\u00e9e dans le mot \"mit\" alors que \"met\" \u00e9tait attendu (pour la d\u00e9finition : pose). Cette premi\u00e8re erreur des championnes de Ch\u00e2tillon-le-Duc leur co\u00fbte la victoire, alors que les joueurs d'Is-sur-Tille avaient sembl\u00e9 progresser nettement moins vite dans la r\u00e9solution de la grille.\u00a0 &gt;&gt;<a href=\"http:\/\/festival-ismotscroises.fr\/wp-content\/uploads\/2017\/06\/2017-COLLEGES_12.pdf\" target=\"_blank\" rel=\"noopener noreferrer\"> La grille de la finale<\/a><br \/>D\u00e9\u00e7ues mais bonnes joueuses, les deux filles de Claude-Girard reconnaissent la d\u00e9faite en affirmant que \"c'est le jeu\". La formule du tournoi, comme de toute rencontre sportive, r\u00e9serve parfois des surprises et ne consacre pas forc\u00e9ment l'\u00e9quipe favorite, ou la plus forte sur le papier...<\/p>\n<p><span style=\"color: #993300;\"><strong>Le Classement<br \/><\/strong><\/span><\/p>\n<p>Les \u00e9quipes \u00e9limin\u00e9es en seizi\u00e8mes de finale ont particip\u00e9 \u00e0 une \"consolante\" leur permettant d'obtenir un classement \u00e0 partir de la 17e place. Pour les \u00e9limin\u00e9s en huiti\u00e8mes et en quarts de finale, le classement est d\u00e9termin\u00e9 par les r\u00e9sultats obtenus \u00e0 l'\u00e9preuve de qualification du mois de f\u00e9vrier.<\/p>\n<p style=\"text-align: justify;\"><span style=\"color: #993300;\"><strong>Finale :<\/strong><\/span><br \/> 1 Coll\u00e8ge Paul-Fort (IS-SUR-TILLE - 21), 1\u00e8re \u00e9quipe<br \/>2 Coll\u00e8ge Claude-Girard (CH\u00c2TILLON-LE-DUC - 25), 1\u00e8re \u00e9quipe<\/p>\n<p style=\"text-align: justify;\"><span style=\"color: #993300;\"><strong>Demi-finales :<\/strong><\/span><br \/> 3 Coll\u00e8ge Clos-de-Pouilly (DIJON - 21), 2e \u00e9quipe<br \/> 4 Coll\u00e8ge Jacques-Mercusot (SOMBERNON - 21), 1\u00e8re \u00e9quipe<\/p>\n<p style=\"text-align: justify;\"><strong><span style=\"color: #993300;\">Quarts de finales :<\/span><\/strong><br \/> 5 Coll\u00e8ge Clos-de-Pouilly (DIJON - 21), 1\u00e8re \u00e9quipe<br \/> 6 Coll\u00e8ge de Colombey-les-deux-\u00c9glises (52), 1\u00e8re \u00e9quipe<br \/>7 Coll\u00e8ge Roland-Dorgel\u00e8s (LONGVIC - 21)<br \/> 8 Coll\u00e8ge Gaston-Roupnel (DIJON - 21), 1\u00e8re \u00e9quipe<\/p>\n<p style=\"text-align: justify;\"><span style=\"color: #993300;\"><strong>Huiti\u00e8mes de finales :<\/strong><\/span><br \/> 9 Coll\u00e8ge Roland-Dorgel\u00e8s (LONGVIC - 21)<br \/> 10 Coll\u00e8ge Gaston-Ramon (DAMPIERRE-SUR-SALON - 70), 1\u00e8re \u00e9quipe<br \/> 11 Coll\u00e8ge Paul-Fort (IS-SUR-TILLE - 21), 2e \u00e9quipe<br \/>12 Coll\u00e8ge Champ-Lumi\u00e8re (SELONGEY - 21), 1\u00e8re \u00e9quipe<br \/>13 Coll\u00e8ge Gaston-Roupnel (DIJON - 21),\u00a0 2e \u00e9quipe<br \/>14 Coll\u00e8ge Jacques-Mercusot (SOMBERNON - 21),\u00a0 3e \u00e9quipe<br \/>15 Coll\u00e8ge Paul-Fort (IS-SUR-TILLE - 21), 3e \u00e9quipe<br \/>16 Coll\u00e8ge Camille-Flammarion (MONTIGNY-LE-ROI - 52), 3e \u00e9quipe<\/p>\n<p style=\"text-align: justify;\"><span style=\"color: #993300;\"><strong>Seizi\u00e8mes de finales :<\/strong><\/span><br \/>17 Coll\u00e8ge Aristide-Briand (LONS-LE-SAUNIER - 39), 1\u00e8re \u00e9quipe<br \/>18 Coll\u00e8ge Claude-Girard (CH\u00c2TILLON-LE-DUC - 25), 2e \u00e9quipe<br \/>19 Coll\u00e8ge Jacques-Mercusot (SOMBERNON - 21),\u00a0 2e \u00e9quipe<br \/>20 Coll\u00e8ge Aristide-Briand (LONS-LE-SAUNIER - 39), 2e \u00e9quipe<br \/>21 Coll\u00e8ge de Colombey-les-deux-\u00c9glises (52), 2e \u00e9quipe<br \/>22 Coll\u00e8ge Gaston-Roupnel (DIJON - 21),\u00a0 3e \u00e9quipe<br \/>23 Coll\u00e8ge Claude-Girard (CH\u00c2TILLON-LE-DUC - 25), 3e \u00e9quipe<br \/>24 Coll\u00e8ge Les Louataux (CHAMPAGNOLE - 39)<br \/>25 Coll\u00e8ge Camille-Flammarion (MONTIGNY-LE-ROI - 52), 1\u00e8re \u00e9quipe<br \/>26 Coll\u00e8ge Arthur-Rimbaud (MIREBEAU-SUR-B\u00c8ZE - 21), 1\u00e8re \u00e9quipe<br \/>27 Coll\u00e8ge Camille-Flammarion (MONTIGNY-LE-ROI - 52), 2e \u00e9quipe<br \/>28 Coll\u00e8ge Arthur-Rimbaud (MIREBEAU-SUR-B\u00c8ZE - 21), 2e \u00e9quipe<br \/>29 Coll\u00e8ge Champ-Lumi\u00e8re (SELONGEY - 21), 2e \u00e9quipe<br \/>30 Coll\u00e8ge Aristide-Briand (LONS-LE-SAUNIER - 39), 3e \u00e9quipe<br \/>31 Coll\u00e8ge Gaston-Ramon (DAMPIERRE-SUR-SALON - 70), 2e \u00e9quipe<br \/>32 Coll\u00e8ge Robert et Sonia Delaunay (GRAY - 70)<\/p>\n<\/div><\/div><\/div><\/div><div id=\"pg-3107-1\"  class=\"panel-grid panel-no-style\" ><div id=\"pgc-3107-1-0\"  class=\"panel-grid-cell\" ><div id=\"panel-3107-1-0-0\" class=\"so-panel widget widget_black-studio-tinymce widget_black_studio_tinymce panel-first-child panel-last-child\" data-index=\"2\" ><div class=\"textwidget\"><p><img loading=\"lazy\" decoding=\"async\" class=\"aligncenter size-medium wp-image-916\" src=\"http:\/\/festival-ismotscroises.fr\/wp-content\/uploads\/2015\/06\/SLIDER1-S1L2-288x300.png\" alt=\"\" width=\"288\" height=\"300\" srcset=\"https:\/\/festival-ismotscroises.fr\/wp-content\/uploads\/2015\/06\/SLIDER1-S1L2-288x300.png 288w, https:\/\/festival-ismotscroises.fr\/wp-content\/uploads\/2015\/06\/SLIDER1-S1L2.png 518w\" sizes=\"auto, (max-width: 288px) 100vw, 288px\" \/><\/p>\n<\/div><\/div><\/div><\/div><\/div>","protected":false},"excerpt":{"rendered":"<p>Une victoire sans gloireLa finale du Tournoi des coll\u00e8ges a oppos\u00e9 le coll\u00e8ge Claude-Girard, de Ch\u00e2tillon-le-Duc, au coll\u00e8ge Paul-Fort, d&rsquo;Is-sur-Tille. Mais les deux \u00e9quipes sont parvenues \u00e0 ce stade de la comp\u00e9tition avec des parcours tr\u00e8s diff\u00e9rents : les deux filles de Claude-Girard avaient remport\u00e9 brillamment leurs matchs pr\u00e9c\u00e9dents, en arr\u00eatant \u00e0 chaque fois la [&hellip;]<\/p>\n","protected":false},"author":2,"featured_media":0,"parent":0,"menu_order":0,"comment_status":"closed","ping_status":"closed","template":"","meta":{"_monsterinsights_skip_tracking":false,"_monsterinsights_sitenote_active":false,"_monsterinsights_sitenote_note":"","_monsterinsights_sitenote_category":0,"footnotes":""},"class_list":["post-3107","page","type-page","status-publish","hentry","post"],"yoast_head":"<!-- This site is optimized with the Yoast SEO plugin v22.6 - https:\/\/yoast.com\/wordpress\/plugins\/seo\/ -->\n<title>Tournoi des coll\u00e8ges 2017 - Le Festival des mots crois\u00e9s \u00e0 Is-sur-Tille<\/title>\n<meta name=\"robots\" content=\"index, follow, max-snippet:-1, max-image-preview:large, max-video-preview:-1\" \/>\n<link rel=\"canonical\" href=\"https:\/\/festival-ismotscroises.fr\/?page_id=3107\" \/>\n<meta property=\"og:locale\" content=\"fr_FR\" \/>\n<meta property=\"og:type\" content=\"article\" \/>\n<meta property=\"og:title\" content=\"Tournoi des coll\u00e8ges 2017 - Le Festival des mots crois\u00e9s \u00e0 Is-sur-Tille\" \/>\n<meta property=\"og:description\" content=\"Une victoire sans gloireLa finale du Tournoi des coll\u00e8ges a oppos\u00e9 le coll\u00e8ge Claude-Girard, de Ch\u00e2tillon-le-Duc, au coll\u00e8ge Paul-Fort, d&#039;Is-sur-Tille. Mais les deux \u00e9quipes sont parvenues \u00e0 ce stade de la comp\u00e9tition avec des parcours tr\u00e8s diff\u00e9rents : les deux filles de Claude-Girard avaient remport\u00e9 brillamment leurs matchs pr\u00e9c\u00e9dents, en arr\u00eatant \u00e0 chaque fois la [&hellip;]\" \/>\n<meta property=\"og:url\" content=\"https:\/\/festival-ismotscroises.fr\/?page_id=3107\" \/>\n<meta property=\"og:site_name\" content=\"Le Festival des mots crois\u00e9s \u00e0 Is-sur-Tille\" \/>\n<meta property=\"article:modified_time\" content=\"2017-06-03T14:19:21+00:00\" \/>\n<meta property=\"og:image\" content=\"http:\/\/festival-ismotscroises.fr\/wp-content\/uploads\/2015\/06\/SLIDER1-S1L2-288x300.png\" \/>\n<meta name=\"twitter:card\" content=\"summary_large_image\" \/>\n<meta name=\"twitter:label1\" content=\"Dur\u00e9e de lecture estim\u00e9e\" \/>\n\t<meta name=\"twitter:data1\" content=\"3 minutes\" \/>\n<script type=\"application\/ld+json\" class=\"yoast-schema-graph\">{\"@context\":\"https:\/\/schema.org\",\"@graph\":[{\"@type\":\"WebPage\",\"@id\":\"https:\/\/festival-ismotscroises.fr\/?page_id=3107\",\"url\":\"https:\/\/festival-ismotscroises.fr\/?page_id=3107\",\"name\":\"Tournoi des coll\u00e8ges 2017 - Le Festival des mots crois\u00e9s \u00e0 Is-sur-Tille\",\"isPartOf\":{\"@id\":\"https:\/\/festival-ismotscroises.fr\/#website\"},\"primaryImageOfPage\":{\"@id\":\"https:\/\/festival-ismotscroises.fr\/?page_id=3107#primaryimage\"},\"image\":{\"@id\":\"https:\/\/festival-ismotscroises.fr\/?page_id=3107#primaryimage\"},\"thumbnailUrl\":\"http:\/\/festival-ismotscroises.fr\/wp-content\/uploads\/2015\/06\/SLIDER1-S1L2-288x300.png\",\"datePublished\":\"2017-05-22T15:40:54+00:00\",\"dateModified\":\"2017-06-03T14:19:21+00:00\",\"breadcrumb\":{\"@id\":\"https:\/\/festival-ismotscroises.fr\/?page_id=3107#breadcrumb\"},\"inLanguage\":\"fr-FR\",\"potentialAction\":[{\"@type\":\"ReadAction\",\"target\":[\"https:\/\/festival-ismotscroises.fr\/?page_id=3107\"]}]},{\"@type\":\"ImageObject\",\"inLanguage\":\"fr-FR\",\"@id\":\"https:\/\/festival-ismotscroises.fr\/?page_id=3107#primaryimage\",\"url\":\"https:\/\/festival-ismotscroises.fr\/wp-content\/uploads\/2015\/06\/SLIDER1-S1L2.png\",\"contentUrl\":\"https:\/\/festival-ismotscroises.fr\/wp-content\/uploads\/2015\/06\/SLIDER1-S1L2.png\",\"width\":518,\"height\":539},{\"@type\":\"BreadcrumbList\",\"@id\":\"https:\/\/festival-ismotscroises.fr\/?page_id=3107#breadcrumb\",\"itemListElement\":[{\"@type\":\"ListItem\",\"position\":1,\"name\":\"Accueil\",\"item\":\"https:\/\/festival-ismotscroises.fr\/\"},{\"@type\":\"ListItem\",\"position\":2,\"name\":\"Tournoi des coll\u00e8ges 2017\"}]},{\"@type\":\"WebSite\",\"@id\":\"https:\/\/festival-ismotscroises.fr\/#website\",\"url\":\"https:\/\/festival-ismotscroises.fr\/\",\"name\":\"Le Festival des mots crois\u00e9s \u00e0 Is-sur-Tille\",\"description\":\"La ville d&#039;Is-sur-Tille, en C\u00f4te-d&#039;Or, organise un festival annuel de mots crois\u00e9s depuis 1990..\",\"potentialAction\":[{\"@type\":\"SearchAction\",\"target\":{\"@type\":\"EntryPoint\",\"urlTemplate\":\"https:\/\/festival-ismotscroises.fr\/?s={search_term_string}\"},\"query-input\":\"required name=search_term_string\"}],\"inLanguage\":\"fr-FR\"}]}<\/script>\n<!-- \/ Yoast SEO plugin. -->","yoast_head_json":{"title":"Tournoi des coll\u00e8ges 2017 - Le Festival des mots crois\u00e9s \u00e0 Is-sur-Tille","robots":{"index":"index","follow":"follow","max-snippet":"max-snippet:-1","max-image-preview":"max-image-preview:large","max-video-preview":"max-video-preview:-1"},"canonical":"https:\/\/festival-ismotscroises.fr\/?page_id=3107","og_locale":"fr_FR","og_type":"article","og_title":"Tournoi des coll\u00e8ges 2017 - Le Festival des mots crois\u00e9s \u00e0 Is-sur-Tille","og_description":"Une victoire sans gloireLa finale du Tournoi des coll\u00e8ges a oppos\u00e9 le coll\u00e8ge Claude-Girard, de Ch\u00e2tillon-le-Duc, au coll\u00e8ge Paul-Fort, d'Is-sur-Tille. Mais les deux \u00e9quipes sont parvenues \u00e0 ce stade de la comp\u00e9tition avec des parcours tr\u00e8s diff\u00e9rents : les deux filles de Claude-Girard avaient remport\u00e9 brillamment leurs matchs pr\u00e9c\u00e9dents, en arr\u00eatant \u00e0 chaque fois la [&hellip;]","og_url":"https:\/\/festival-ismotscroises.fr\/?page_id=3107","og_site_name":"Le Festival des mots crois\u00e9s \u00e0 Is-sur-Tille","article_modified_time":"2017-06-03T14:19:21+00:00","og_image":[{"url":"http:\/\/festival-ismotscroises.fr\/wp-content\/uploads\/2015\/06\/SLIDER1-S1L2-288x300.png"}],"twitter_card":"summary_large_image","twitter_misc":{"Dur\u00e9e de lecture estim\u00e9e":"3 minutes"},"schema":{"@context":"https:\/\/schema.org","@graph":[{"@type":"WebPage","@id":"https:\/\/festival-ismotscroises.fr\/?page_id=3107","url":"https:\/\/festival-ismotscroises.fr\/?page_id=3107","name":"Tournoi des coll\u00e8ges 2017 - Le Festival des mots crois\u00e9s \u00e0 Is-sur-Tille","isPartOf":{"@id":"https:\/\/festival-ismotscroises.fr\/#website"},"primaryImageOfPage":{"@id":"https:\/\/festival-ismotscroises.fr\/?page_id=3107#primaryimage"},"image":{"@id":"https:\/\/festival-ismotscroises.fr\/?page_id=3107#primaryimage"},"thumbnailUrl":"http:\/\/festival-ismotscroises.fr\/wp-content\/uploads\/2015\/06\/SLIDER1-S1L2-288x300.png","datePublished":"2017-05-22T15:40:54+00:00","dateModified":"2017-06-03T14:19:21+00:00","breadcrumb":{"@id":"https:\/\/festival-ismotscroises.fr\/?page_id=3107#breadcrumb"},"inLanguage":"fr-FR","potentialAction":[{"@type":"ReadAction","target":["https:\/\/festival-ismotscroises.fr\/?page_id=3107"]}]},{"@type":"ImageObject","inLanguage":"fr-FR","@id":"https:\/\/festival-ismotscroises.fr\/?page_id=3107#primaryimage","url":"https:\/\/festival-ismotscroises.fr\/wp-content\/uploads\/2015\/06\/SLIDER1-S1L2.png","contentUrl":"https:\/\/festival-ismotscroises.fr\/wp-content\/uploads\/2015\/06\/SLIDER1-S1L2.png","width":518,"height":539},{"@type":"BreadcrumbList","@id":"https:\/\/festival-ismotscroises.fr\/?page_id=3107#breadcrumb","itemListElement":[{"@type":"ListItem","position":1,"name":"Accueil","item":"https:\/\/festival-ismotscroises.fr\/"},{"@type":"ListItem","position":2,"name":"Tournoi des coll\u00e8ges 2017"}]},{"@type":"WebSite","@id":"https:\/\/festival-ismotscroises.fr\/#website","url":"https:\/\/festival-ismotscroises.fr\/","name":"Le Festival des mots crois\u00e9s \u00e0 Is-sur-Tille","description":"La ville d&#039;Is-sur-Tille, en C\u00f4te-d&#039;Or, organise un festival annuel de mots crois\u00e9s depuis 1990..","potentialAction":[{"@type":"SearchAction","target":{"@type":"EntryPoint","urlTemplate":"https:\/\/festival-ismotscroises.fr\/?s={search_term_string}"},"query-input":"required name=search_term_string"}],"inLanguage":"fr-FR"}]}},"_links":{"self":[{"href":"https:\/\/festival-ismotscroises.fr\/index.php?rest_route=\/wp\/v2\/pages\/3107","targetHints":{"allow":["GET"]}}],"collection":[{"href":"https:\/\/festival-ismotscroises.fr\/index.php?rest_route=\/wp\/v2\/pages"}],"about":[{"href":"https:\/\/festival-ismotscroises.fr\/index.php?rest_route=\/wp\/v2\/types\/page"}],"author":[{"embeddable":true,"href":"https:\/\/festival-ismotscroises.fr\/index.php?rest_route=\/wp\/v2\/users\/2"}],"replies":[{"embeddable":true,"href":"https:\/\/festival-ismotscroises.fr\/index.php?rest_route=%2Fwp%2Fv2%2Fcomments&post=3107"}],"version-history":[{"count":24,"href":"https:\/\/festival-ismotscroises.fr\/index.php?rest_route=\/wp\/v2\/pages\/3107\/revisions"}],"predecessor-version":[{"id":3223,"href":"https:\/\/festival-ismotscroises.fr\/index.php?rest_route=\/wp\/v2\/pages\/3107\/revisions\/3223"}],"wp:attachment":[{"href":"https:\/\/festival-ismotscroises.fr\/index.php?rest_route=%2Fwp%2Fv2%2Fmedia&parent=3107"}],"curies":[{"name":"wp","href":"https:\/\/api.w.org\/{rel}","templated":true}]}}