{"id":2742,"date":"2016-12-14T18:01:30","date_gmt":"2016-12-14T17:01:30","guid":{"rendered":"http:\/\/festival-ismotscroises.fr\/?page_id=2742"},"modified":"2017-01-13T17:26:07","modified_gmt":"2017-01-13T16:26:07","slug":"pedagogie-et-mots-croises","status":"publish","type":"page","link":"https:\/\/festival-ismotscroises.fr\/?page_id=2742","title":{"rendered":"Mots crois\u00e9s et p\u00e9dagogie"},"content":{"rendered":"<div id=\"pl-2742\"  class=\"panel-layout\" ><div id=\"pg-2742-0\"  class=\"panel-grid panel-no-style\" ><div id=\"pgc-2742-0-0\"  class=\"panel-grid-cell\" ><div id=\"panel-2742-0-0-0\" class=\"so-panel widget widget_sow-editor panel-first-child panel-last-child\" data-index=\"0\" ><div\n\t\t\t\n\t\t\tclass=\"so-widget-sow-editor so-widget-sow-editor-base\"\n\t\t\t\n\t\t>\n<div class=\"siteorigin-widget-tinymce textwidget\">\n\t<p><img loading=\"lazy\" decoding=\"async\" class=\"size-medium wp-image-2753 alignleft\" src=\"http:\/\/festival-ismotscroises.fr\/wp-content\/uploads\/2016\/12\/grille_in_situ-300x295.jpg\" alt=\"grille_in_situ\" width=\"300\" height=\"295\" srcset=\"https:\/\/festival-ismotscroises.fr\/wp-content\/uploads\/2016\/12\/grille_in_situ-300x295.jpg 300w, https:\/\/festival-ismotscroises.fr\/wp-content\/uploads\/2016\/12\/grille_in_situ.jpg 591w\" sizes=\"auto, (max-width: 300px) 100vw, 300px\" \/>Divertissants et aiguisant l'app\u00e9tit de savoir, les mots crois\u00e9s se pr\u00eatent bien \u00e0 une utilisation scolaire. Des professeurs en font usage pour r\u00e9capituler une le\u00e7on d\u00e9j\u00e0 trait\u00e9e en classe, clore de mani\u00e8re ludique un chapitre qui s'ach\u00e8ve, ou encore pour stimuler l'esprit de synth\u00e8se chez leurs \u00e9l\u00e8ves. Mais il est possible aussi de proposer une grille \u00e0 une classe pour introduire un nouveau sujet par une approche originale permettant de pr\u00e9parer le terrain et de poser quelques jalons. La correction appara\u00eet alors comme une mise en commun\u00a0 naturelle des connaissances. Les champs d'application du jeu sont immenses... tout autant que les champs s\u00e9mantiques qu'il permet d'explorer.<\/p>\n<p>Quelques avantages li\u00e9s \u00e0 cet exercice qui n'a pas l'air d'en \u00eatre un :<\/p>\n<p>\u2022 En associant le sens des mots \u00e0 leur forme et leur orthographe, les mots crois\u00e9s favorisent la ma\u00eetrise du vocabulaire.<br \/>\u2022 Ils entra\u00eenent au passage \u00e0 une r\u00e9flexion sur la langue.<br \/>\u2022 Ils stimulent la curiosit\u00e9 en prenant la forme d'\u00e9nigmes. Dans les ann\u00e9es 1930, n'appelait-on pas \u00ab \u0153dipes \u00bb ceux qui cherchaient \u00e0 r\u00e9soudre des probl\u00e8mes de mots crois\u00e9s et \u00ab sphinx \u00bb ceux qui en \u00e9taient les auteurs ?<br \/>\u2022 Exercice portant sur la langue, ils ne se cantonnent pas \u00e0 la seule \u00e9tude du fran\u00e7ais, mais explorent avec bonheur d'autres disciplines : instruction civique, histoire, g\u00e9ographie, musique, sciences... Ils ont assez de souplesse pour s'adapter \u00e0 un th\u00e8me \u00e9tudi\u00e9 en classe, quel qu'il soit.<br \/>\u2022 Ils sont propices \u00e0 un dialogue de l'enfant avec son entourage. Une \u00e9nigme \u00e9l\u00e9gante trouvera ais\u00e9ment son chemin jusqu'\u00e0 la table familiale.<br \/>\u2022 Ils proposent un probl\u00e8me fini, sous la forme d'une grille annon\u00e7ant clairement un nombre limit\u00e9 de d\u00e9finitions. L'\u00e9l\u00e8ve sait \u00e0 quoi s'en tenir d\u00e8s le d\u00e9part et prend plaisir \u00e0 terminer l'exercice, seul ou avec l'aide de ses camarades.<br \/>\u2022 Ils offrent un\u00a0 probl\u00e8me coh\u00e9rent, avec un th\u00e8me qui brosse une toile de fond pour la plupart des d\u00e9finitions.<br \/>\u2022 Ils permettent un certain vagabondage de la pens\u00e9e dans la qu\u00eate individuelle du mot juste.<br \/>\u2022 D\u00e9signant des situations concr\u00e8tes et des objets du monde r\u00e9el, ils favorisent pourtant la r\u00e9flexion abstraite, sans d'autre support que celui de l'image mentale. Ils cultivent l'esprit d'induction, si utile dans toute d\u00e9marche intellectuelle.<\/p>\n<p>\u00c0 Is-sur-Tille depuis 2001, l'auteur Jean Rossat propose un th\u00e8me qui sert de toile de fond \u00e0 l'ensemble des grilles utilis\u00e9es la m\u00eame ann\u00e9e. Voici la liste des th\u00e8mes utilis\u00e9s depuis l'origine :<\/p>\n<p>2001\u00a0: (pas de th\u00e8me particulier)<br \/>2002\u00a0: Chanteurs et musiques d\u2019aujourd\u2019hui<br \/>2003\u00a0: Les moyens de transport et de communication<br \/>2004\u00a0: Les jeux olympiques<br \/>2005\u00a0: Aventures et h\u00e9ros<br \/>2006\u00a0: La presse et les m\u00e9dias<br \/>2007\u00a0: L\u2019ann\u00e9e polaire<br \/>2008\u00a0: Alimentation et sant\u00e9<br \/>2009\u00a0: Habitants et maisons du monde<br \/>2010\u00a0: Agricultures d\u2019aujourd\u2019hui<br \/>2011\u00a0: Des mots de toutes les couleurs<br \/>2012\u00a0: Le monde du th\u00e9\u00e2tre<br \/>2013\u00a0: Un tour en Europe<br \/>2014\u00a0: H\u00e9ros et d\u00e9couvreurs de l\u2019Europe<br \/>2015\u00a0: Les langues de l\u2019Europe<br \/>2016\u00a0: Les climats de l\u2019Europe<\/p>\n<p>La r\u00e9currence du th\u00e8me europ\u00e9en depuis 2014 est due \u00e0 l'inscription du Festival des mots crois\u00e9s dans l'op\u00e9ration <a href=\"http:\/\/www.jolimoiseurope-bourgognefranchecomte.fr\/\" target=\"_blank\"><strong><em>le Joli mois de l'Europe<\/em><\/strong><\/a> coordonn\u00e9e par le Conseil r\u00e9gional.<\/p>\n<p>Les professeurs qui le souhaitent peuvent nous demander ces grilles d'archives, qui ne sont pas en ligne pour le respect du droit d'auteur. Toutes sont adapt\u00e9es pour le niveau 5e, mais peuvent \u00eatre utilis\u00e9es pour un autre niveau, selon le profil des \u00e9l\u00e8ves.<\/p>\n<p>\u00a0<\/p>\n<\/div>\n<\/div><\/div><\/div><\/div><\/div>","protected":false},"excerpt":{"rendered":"<p>Divertissants et aiguisant l&rsquo;app\u00e9tit de savoir, les mots crois\u00e9s se pr\u00eatent bien \u00e0 une utilisation scolaire. Des professeurs en font usage pour r\u00e9capituler une le\u00e7on d\u00e9j\u00e0 trait\u00e9e en classe, clore de mani\u00e8re ludique un chapitre qui s&rsquo;ach\u00e8ve, ou encore pour stimuler l&rsquo;esprit de synth\u00e8se chez leurs \u00e9l\u00e8ves. Mais il est possible aussi de proposer une [&hellip;]<\/p>\n","protected":false},"author":2,"featured_media":0,"parent":0,"menu_order":0,"comment_status":"closed","ping_status":"closed","template":"","meta":{"_monsterinsights_skip_tracking":false,"_monsterinsights_sitenote_active":false,"_monsterinsights_sitenote_note":"","_monsterinsights_sitenote_category":0,"footnotes":""},"class_list":["post-2742","page","type-page","status-publish","hentry","post"],"yoast_head":"<!-- This site is optimized with the Yoast SEO plugin v22.6 - https:\/\/yoast.com\/wordpress\/plugins\/seo\/ -->\n<title>Mots crois\u00e9s et p\u00e9dagogie - Le Festival des mots crois\u00e9s \u00e0 Is-sur-Tille<\/title>\n<meta name=\"robots\" content=\"index, follow, max-snippet:-1, max-image-preview:large, max-video-preview:-1\" \/>\n<link rel=\"canonical\" href=\"https:\/\/festival-ismotscroises.fr\/?page_id=2742\" \/>\n<meta property=\"og:locale\" content=\"fr_FR\" \/>\n<meta property=\"og:type\" content=\"article\" \/>\n<meta property=\"og:title\" content=\"Mots crois\u00e9s et p\u00e9dagogie - Le Festival des mots crois\u00e9s \u00e0 Is-sur-Tille\" \/>\n<meta property=\"og:description\" content=\"Divertissants et aiguisant l&#039;app\u00e9tit de savoir, les mots crois\u00e9s se pr\u00eatent bien \u00e0 une utilisation scolaire. Des professeurs en font usage pour r\u00e9capituler une le\u00e7on d\u00e9j\u00e0 trait\u00e9e en classe, clore de mani\u00e8re ludique un chapitre qui s&#039;ach\u00e8ve, ou encore pour stimuler l&#039;esprit de synth\u00e8se chez leurs \u00e9l\u00e8ves. Mais il est possible aussi de proposer une [&hellip;]\" \/>\n<meta property=\"og:url\" content=\"https:\/\/festival-ismotscroises.fr\/?page_id=2742\" \/>\n<meta property=\"og:site_name\" content=\"Le Festival des mots crois\u00e9s \u00e0 Is-sur-Tille\" \/>\n<meta property=\"article:modified_time\" content=\"2017-01-13T16:26:07+00:00\" \/>\n<meta property=\"og:image\" content=\"http:\/\/festival-ismotscroises.fr\/wp-content\/uploads\/2016\/12\/grille_in_situ-300x295.jpg\" \/>\n<meta name=\"twitter:card\" content=\"summary_large_image\" \/>\n<meta name=\"twitter:label1\" content=\"Dur\u00e9e de lecture estim\u00e9e\" \/>\n\t<meta name=\"twitter:data1\" content=\"3 minutes\" \/>\n<script type=\"application\/ld+json\" class=\"yoast-schema-graph\">{\"@context\":\"https:\/\/schema.org\",\"@graph\":[{\"@type\":\"WebPage\",\"@id\":\"https:\/\/festival-ismotscroises.fr\/?page_id=2742\",\"url\":\"https:\/\/festival-ismotscroises.fr\/?page_id=2742\",\"name\":\"Mots crois\u00e9s et p\u00e9dagogie - Le Festival des mots crois\u00e9s \u00e0 Is-sur-Tille\",\"isPartOf\":{\"@id\":\"https:\/\/festival-ismotscroises.fr\/#website\"},\"primaryImageOfPage\":{\"@id\":\"https:\/\/festival-ismotscroises.fr\/?page_id=2742#primaryimage\"},\"image\":{\"@id\":\"https:\/\/festival-ismotscroises.fr\/?page_id=2742#primaryimage\"},\"thumbnailUrl\":\"http:\/\/festival-ismotscroises.fr\/wp-content\/uploads\/2016\/12\/grille_in_situ-300x295.jpg\",\"datePublished\":\"2016-12-14T17:01:30+00:00\",\"dateModified\":\"2017-01-13T16:26:07+00:00\",\"breadcrumb\":{\"@id\":\"https:\/\/festival-ismotscroises.fr\/?page_id=2742#breadcrumb\"},\"inLanguage\":\"fr-FR\",\"potentialAction\":[{\"@type\":\"ReadAction\",\"target\":[\"https:\/\/festival-ismotscroises.fr\/?page_id=2742\"]}]},{\"@type\":\"ImageObject\",\"inLanguage\":\"fr-FR\",\"@id\":\"https:\/\/festival-ismotscroises.fr\/?page_id=2742#primaryimage\",\"url\":\"https:\/\/festival-ismotscroises.fr\/wp-content\/uploads\/2016\/12\/grille_in_situ.jpg\",\"contentUrl\":\"https:\/\/festival-ismotscroises.fr\/wp-content\/uploads\/2016\/12\/grille_in_situ.jpg\",\"width\":591,\"height\":581},{\"@type\":\"BreadcrumbList\",\"@id\":\"https:\/\/festival-ismotscroises.fr\/?page_id=2742#breadcrumb\",\"itemListElement\":[{\"@type\":\"ListItem\",\"position\":1,\"name\":\"Accueil\",\"item\":\"https:\/\/festival-ismotscroises.fr\/\"},{\"@type\":\"ListItem\",\"position\":2,\"name\":\"Mots crois\u00e9s et p\u00e9dagogie\"}]},{\"@type\":\"WebSite\",\"@id\":\"https:\/\/festival-ismotscroises.fr\/#website\",\"url\":\"https:\/\/festival-ismotscroises.fr\/\",\"name\":\"Le Festival des mots crois\u00e9s \u00e0 Is-sur-Tille\",\"description\":\"La ville d&#039;Is-sur-Tille, en C\u00f4te-d&#039;Or, organise un festival annuel de mots crois\u00e9s depuis 1990..\",\"potentialAction\":[{\"@type\":\"SearchAction\",\"target\":{\"@type\":\"EntryPoint\",\"urlTemplate\":\"https:\/\/festival-ismotscroises.fr\/?s={search_term_string}\"},\"query-input\":\"required name=search_term_string\"}],\"inLanguage\":\"fr-FR\"}]}<\/script>\n<!-- \/ Yoast SEO plugin. -->","yoast_head_json":{"title":"Mots crois\u00e9s et p\u00e9dagogie - Le Festival des mots crois\u00e9s \u00e0 Is-sur-Tille","robots":{"index":"index","follow":"follow","max-snippet":"max-snippet:-1","max-image-preview":"max-image-preview:large","max-video-preview":"max-video-preview:-1"},"canonical":"https:\/\/festival-ismotscroises.fr\/?page_id=2742","og_locale":"fr_FR","og_type":"article","og_title":"Mots crois\u00e9s et p\u00e9dagogie - Le Festival des mots crois\u00e9s \u00e0 Is-sur-Tille","og_description":"Divertissants et aiguisant l'app\u00e9tit de savoir, les mots crois\u00e9s se pr\u00eatent bien \u00e0 une utilisation scolaire. Des professeurs en font usage pour r\u00e9capituler une le\u00e7on d\u00e9j\u00e0 trait\u00e9e en classe, clore de mani\u00e8re ludique un chapitre qui s'ach\u00e8ve, ou encore pour stimuler l'esprit de synth\u00e8se chez leurs \u00e9l\u00e8ves. Mais il est possible aussi de proposer une [&hellip;]","og_url":"https:\/\/festival-ismotscroises.fr\/?page_id=2742","og_site_name":"Le Festival des mots crois\u00e9s \u00e0 Is-sur-Tille","article_modified_time":"2017-01-13T16:26:07+00:00","og_image":[{"url":"http:\/\/festival-ismotscroises.fr\/wp-content\/uploads\/2016\/12\/grille_in_situ-300x295.jpg"}],"twitter_card":"summary_large_image","twitter_misc":{"Dur\u00e9e de lecture estim\u00e9e":"3 minutes"},"schema":{"@context":"https:\/\/schema.org","@graph":[{"@type":"WebPage","@id":"https:\/\/festival-ismotscroises.fr\/?page_id=2742","url":"https:\/\/festival-ismotscroises.fr\/?page_id=2742","name":"Mots crois\u00e9s et p\u00e9dagogie - Le Festival des mots crois\u00e9s \u00e0 Is-sur-Tille","isPartOf":{"@id":"https:\/\/festival-ismotscroises.fr\/#website"},"primaryImageOfPage":{"@id":"https:\/\/festival-ismotscroises.fr\/?page_id=2742#primaryimage"},"image":{"@id":"https:\/\/festival-ismotscroises.fr\/?page_id=2742#primaryimage"},"thumbnailUrl":"http:\/\/festival-ismotscroises.fr\/wp-content\/uploads\/2016\/12\/grille_in_situ-300x295.jpg","datePublished":"2016-12-14T17:01:30+00:00","dateModified":"2017-01-13T16:26:07+00:00","breadcrumb":{"@id":"https:\/\/festival-ismotscroises.fr\/?page_id=2742#breadcrumb"},"inLanguage":"fr-FR","potentialAction":[{"@type":"ReadAction","target":["https:\/\/festival-ismotscroises.fr\/?page_id=2742"]}]},{"@type":"ImageObject","inLanguage":"fr-FR","@id":"https:\/\/festival-ismotscroises.fr\/?page_id=2742#primaryimage","url":"https:\/\/festival-ismotscroises.fr\/wp-content\/uploads\/2016\/12\/grille_in_situ.jpg","contentUrl":"https:\/\/festival-ismotscroises.fr\/wp-content\/uploads\/2016\/12\/grille_in_situ.jpg","width":591,"height":581},{"@type":"BreadcrumbList","@id":"https:\/\/festival-ismotscroises.fr\/?page_id=2742#breadcrumb","itemListElement":[{"@type":"ListItem","position":1,"name":"Accueil","item":"https:\/\/festival-ismotscroises.fr\/"},{"@type":"ListItem","position":2,"name":"Mots crois\u00e9s et p\u00e9dagogie"}]},{"@type":"WebSite","@id":"https:\/\/festival-ismotscroises.fr\/#website","url":"https:\/\/festival-ismotscroises.fr\/","name":"Le Festival des mots crois\u00e9s \u00e0 Is-sur-Tille","description":"La ville d&#039;Is-sur-Tille, en C\u00f4te-d&#039;Or, organise un festival annuel de mots crois\u00e9s depuis 1990..","potentialAction":[{"@type":"SearchAction","target":{"@type":"EntryPoint","urlTemplate":"https:\/\/festival-ismotscroises.fr\/?s={search_term_string}"},"query-input":"required name=search_term_string"}],"inLanguage":"fr-FR"}]}},"_links":{"self":[{"href":"https:\/\/festival-ismotscroises.fr\/index.php?rest_route=\/wp\/v2\/pages\/2742","targetHints":{"allow":["GET"]}}],"collection":[{"href":"https:\/\/festival-ismotscroises.fr\/index.php?rest_route=\/wp\/v2\/pages"}],"about":[{"href":"https:\/\/festival-ismotscroises.fr\/index.php?rest_route=\/wp\/v2\/types\/page"}],"author":[{"embeddable":true,"href":"https:\/\/festival-ismotscroises.fr\/index.php?rest_route=\/wp\/v2\/users\/2"}],"replies":[{"embeddable":true,"href":"https:\/\/festival-ismotscroises.fr\/index.php?rest_route=%2Fwp%2Fv2%2Fcomments&post=2742"}],"version-history":[{"count":13,"href":"https:\/\/festival-ismotscroises.fr\/index.php?rest_route=\/wp\/v2\/pages\/2742\/revisions"}],"predecessor-version":[{"id":2772,"href":"https:\/\/festival-ismotscroises.fr\/index.php?rest_route=\/wp\/v2\/pages\/2742\/revisions\/2772"}],"wp:attachment":[{"href":"https:\/\/festival-ismotscroises.fr\/index.php?rest_route=%2Fwp%2Fv2%2Fmedia&parent=2742"}],"curies":[{"name":"wp","href":"https:\/\/api.w.org\/{rel}","templated":true}]}}