{"id":251,"date":"2015-06-18T21:10:25","date_gmt":"2015-06-18T19:10:25","guid":{"rendered":"http:\/\/festival-ismotscroises.fr\/?page_id=251"},"modified":"2015-07-08T00:31:01","modified_gmt":"2015-07-07T22:31:01","slug":"tournoi-de-bourgogne-15","status":"publish","type":"page","link":"https:\/\/festival-ismotscroises.fr\/?page_id=251","title":{"rendered":"Les comp\u00e9titions"},"content":{"rendered":"<div id=\"pl-251\"  class=\"panel-layout\" ><div id=\"pg-251-0\"  class=\"panel-grid panel-no-style\" ><div id=\"pgc-251-0-0\"  class=\"panel-grid-cell\" ><div id=\"panel-251-0-0-0\" class=\"so-panel widget widget_black-studio-tinymce widget_black_studio_tinymce panel-first-child panel-last-child\" data-index=\"0\" ><div class=\"textwidget\"><h3 style=\"text-align: justify;\"><strong>Comp\u00e9titions 2000<\/strong><\/h3>\n<p style=\"text-align: justify;\">C\u00f4t\u00e9 comp\u00e9titions, le Tournoi local, dit \"des 3 Rivi\u00e8res\", d'apr\u00e8s le nom du Pays regroupant trois cantons, allait conna\u00eetre cette ann\u00e9e-l\u00e0 sa plus belle \u00e9dition, avec un nombre important de tr\u00e8s bons joueurs, et de tout jeunes candidats, d\u00fbment r\u00e9compens\u00e9s lors de la remise des prix. Un \"championnat des coll\u00e8ges\", organis\u00e9 plusieurs ann\u00e9es de suite \u00e0 partir de 1990, serait d\u00e9finitivement remplac\u00e9 en 2001 par un grand tournoi r\u00e9unissant un nombre grandissant de coll\u00e8ges. L'id\u00e9e d'un championnat francophone faisant appel \u00e0 plusieurs auteurs de diff\u00e9rents pays de langue fran\u00e7aise \u00e9tait dans l'air, mais il faudrait attendre 2004 pour conna\u00eetre la premi\u00e8re \u00e9dition de cette rencontre internationale. Le Tournoi de Bourgogne \u00e9tait lui aussi appel\u00e9 \u00e0 se renouveler, en s'ouvrant aux candidats ext\u00e9rieurs \u00e0 la r\u00e9gion (tournoi open), et en se d\u00e9doublant en matchs solos et duos, pour permettre \u00e0 davantage de candidats de jouer. L'an 2000, qui a marqu\u00e9 le passage du mill\u00e9naire, a v\u00e9ritablement \u00e9t\u00e9 une ann\u00e9e de transition pour le Festival des mots crois\u00e9s \u00e0 Is-sur-Tille.<\/p>\n<h4 style=\"text-align: center;\"><strong>La qualification du Tournoi de Bourgogne<br \/><\/strong><\/h4>\n<p style=\"text-align: left;\">\u00a0[easymedia-gallery med=\"1146\"]<\/p>\n<h4 style=\"text-align: center;\"><strong>Le Tournoi de Bourgogne et sa remise des prix<\/strong><\/h4>\n<p style=\"text-align: left;\">[easymedia-gallery med=\"1163\"]<\/p>\n<h4 style=\"text-align: center;\"><strong>La qualification du Tournoi des 3 Rivi\u00e8res<br \/><\/strong><\/h4>\n<p>[easymedia-gallery med=\"1174\"]<\/p>\n<h4 style=\"text-align: center;\"><strong>Le Tournoi des 3 Rivi\u00e8res et sa remise des prix<\/strong><\/h4>\n<p>[easymedia-gallery med=\"1192\"]<\/p>\n<\/div><\/div><\/div><\/div><div id=\"pg-251-1\"  class=\"panel-grid panel-no-style\" ><div id=\"pgc-251-1-0\"  class=\"panel-grid-cell\" ><div id=\"panel-251-1-0-0\" class=\"so-panel widget widget_sow-button panel-first-child\" data-index=\"1\" ><div\n\t\t\t\n\t\t\tclass=\"so-widget-sow-button so-widget-sow-button-atom-36e22cfc6189-251\"\n\t\t\t\n\t\t><div class=\"ow-button-base ow-button-align-center\">\n\t<a\n\thref=\"http:\/\/festival-ismotscroises.fr\/wp-content\/uploads\/2015\/06\/2000-TB-GRILLES.pdf\"\n\t\tclass=\"ow-icon-placement-left ow-button-hover\" target=\"_blank\" rel=\"noopener noreferrer\" \t>\n\t\t<span>\n\t\t\t\n\t\t\tT\u00e9l\u00e9chargez les grilles du Tournoi de Bourgogne\t\t<\/span>\n\t<\/a>\n<\/div>\n<\/div><\/div><div id=\"panel-251-1-0-1\" class=\"so-panel widget widget_sow-button panel-last-child\" data-index=\"2\" ><div\n\t\t\t\n\t\t\tclass=\"so-widget-sow-button so-widget-sow-button-atom-8d3ac13cc710-251\"\n\t\t\t\n\t\t><div class=\"ow-button-base ow-button-align-center\">\n\t<a\n\thref=\"http:\/\/festival-ismotscroises.fr\/wp-content\/uploads\/2015\/06\/2000-TB-GRILLES-SOL.pdf\"\n\t\tclass=\"ow-icon-placement-left ow-button-hover\" target=\"_blank\" rel=\"noopener noreferrer\" \t>\n\t\t<span>\n\t\t\t\n\t\t\tT\u00e9l\u00e9chargez les solutions\t\t<\/span>\n\t<\/a>\n<\/div>\n<\/div><\/div><\/div><\/div><div id=\"pg-251-2\"  class=\"panel-grid panel-no-style\" ><div id=\"pgc-251-2-0\"  class=\"panel-grid-cell\" ><div id=\"panel-251-2-0-0\" class=\"so-panel widget widget_black-studio-tinymce widget_black_studio_tinymce panel-first-child panel-last-child\" data-index=\"3\" ><div class=\"textwidget\"><p><img loading=\"lazy\" decoding=\"async\" class=\" size-full wp-image-1496 alignright\" src=\"http:\/\/festival-ismotscroises.fr\/wp-content\/uploads\/2015\/07\/ISMOTSCROISES-LOGO.png\" alt=\"ISMOTSCROISES-LOGO\" width=\"152\" height=\"150\" \/><\/p>\n<\/div><\/div><\/div><\/div><\/div>","protected":false},"excerpt":{"rendered":"<p>Comp\u00e9titions 2000C\u00f4t\u00e9 comp\u00e9titions, le Tournoi local, dit \u00ab\u00a0des 3 Rivi\u00e8res\u00a0\u00bb, d&rsquo;apr\u00e8s le nom du Pays regroupant trois cantons, allait conna\u00eetre cette ann\u00e9e-l\u00e0 sa plus belle \u00e9dition, avec un nombre important de tr\u00e8s bons joueurs, et de tout jeunes candidats, d\u00fbment r\u00e9compens\u00e9s lors de la remise des prix. Un \u00ab\u00a0championnat des coll\u00e8ges\u00a0\u00bb, organis\u00e9 plusieurs ann\u00e9es de [&hellip;]<\/p>\n","protected":false},"author":2,"featured_media":0,"parent":0,"menu_order":0,"comment_status":"closed","ping_status":"closed","template":"templates\/template-full-notitle.php","meta":{"_monsterinsights_skip_tracking":false,"_monsterinsights_sitenote_active":false,"_monsterinsights_sitenote_note":"","_monsterinsights_sitenote_category":0,"footnotes":""},"class_list":["post-251","page","type-page","status-publish","hentry","post"],"yoast_head":"<!-- This site is optimized with the Yoast SEO plugin v22.6 - https:\/\/yoast.com\/wordpress\/plugins\/seo\/ -->\n<title>Les comp\u00e9titions - Le Festival des mots crois\u00e9s \u00e0 Is-sur-Tille<\/title>\n<meta name=\"robots\" content=\"index, follow, max-snippet:-1, max-image-preview:large, max-video-preview:-1\" \/>\n<link rel=\"canonical\" href=\"https:\/\/festival-ismotscroises.fr\/?page_id=251\" \/>\n<meta property=\"og:locale\" content=\"fr_FR\" \/>\n<meta property=\"og:type\" content=\"article\" \/>\n<meta property=\"og:title\" content=\"Les comp\u00e9titions - Le Festival des mots crois\u00e9s \u00e0 Is-sur-Tille\" \/>\n<meta property=\"og:description\" content=\"Comp\u00e9titions 2000C\u00f4t\u00e9 comp\u00e9titions, le Tournoi local, dit &quot;des 3 Rivi\u00e8res&quot;, d&#039;apr\u00e8s le nom du Pays regroupant trois cantons, allait conna\u00eetre cette ann\u00e9e-l\u00e0 sa plus belle \u00e9dition, avec un nombre important de tr\u00e8s bons joueurs, et de tout jeunes candidats, d\u00fbment r\u00e9compens\u00e9s lors de la remise des prix. Un &quot;championnat des coll\u00e8ges&quot;, organis\u00e9 plusieurs ann\u00e9es de [&hellip;]\" \/>\n<meta property=\"og:url\" content=\"https:\/\/festival-ismotscroises.fr\/?page_id=251\" \/>\n<meta property=\"og:site_name\" content=\"Le Festival des mots crois\u00e9s \u00e0 Is-sur-Tille\" \/>\n<meta property=\"article:modified_time\" content=\"2015-07-07T22:31:01+00:00\" \/>\n<meta property=\"og:image\" content=\"http:\/\/festival-ismotscroises.fr\/wp-content\/plugins\/easy-media-gallery-pro\/includes\/images\/trans.png\" \/>\n<meta name=\"twitter:card\" content=\"summary_large_image\" \/>\n<meta name=\"twitter:label1\" content=\"Dur\u00e9e de lecture estim\u00e9e\" \/>\n\t<meta name=\"twitter:data1\" content=\"1 minute\" \/>\n<script type=\"application\/ld+json\" class=\"yoast-schema-graph\">{\"@context\":\"https:\/\/schema.org\",\"@graph\":[{\"@type\":\"WebPage\",\"@id\":\"https:\/\/festival-ismotscroises.fr\/?page_id=251\",\"url\":\"https:\/\/festival-ismotscroises.fr\/?page_id=251\",\"name\":\"Les comp\u00e9titions - Le Festival des mots crois\u00e9s \u00e0 Is-sur-Tille\",\"isPartOf\":{\"@id\":\"https:\/\/festival-ismotscroises.fr\/#website\"},\"primaryImageOfPage\":{\"@id\":\"https:\/\/festival-ismotscroises.fr\/?page_id=251#primaryimage\"},\"image\":{\"@id\":\"https:\/\/festival-ismotscroises.fr\/?page_id=251#primaryimage\"},\"thumbnailUrl\":\"http:\/\/festival-ismotscroises.fr\/wp-content\/plugins\/easy-media-gallery-pro\/includes\/images\/trans.png\",\"datePublished\":\"2015-06-18T19:10:25+00:00\",\"dateModified\":\"2015-07-07T22:31:01+00:00\",\"breadcrumb\":{\"@id\":\"https:\/\/festival-ismotscroises.fr\/?page_id=251#breadcrumb\"},\"inLanguage\":\"fr-FR\",\"potentialAction\":[{\"@type\":\"ReadAction\",\"target\":[\"https:\/\/festival-ismotscroises.fr\/?page_id=251\"]}]},{\"@type\":\"ImageObject\",\"inLanguage\":\"fr-FR\",\"@id\":\"https:\/\/festival-ismotscroises.fr\/?page_id=251#primaryimage\",\"url\":\"http:\/\/festival-ismotscroises.fr\/wp-content\/plugins\/easy-media-gallery-pro\/includes\/images\/trans.png\",\"contentUrl\":\"http:\/\/festival-ismotscroises.fr\/wp-content\/plugins\/easy-media-gallery-pro\/includes\/images\/trans.png\"},{\"@type\":\"BreadcrumbList\",\"@id\":\"https:\/\/festival-ismotscroises.fr\/?page_id=251#breadcrumb\",\"itemListElement\":[{\"@type\":\"ListItem\",\"position\":1,\"name\":\"Accueil\",\"item\":\"https:\/\/festival-ismotscroises.fr\/\"},{\"@type\":\"ListItem\",\"position\":2,\"name\":\"Les comp\u00e9titions\"}]},{\"@type\":\"WebSite\",\"@id\":\"https:\/\/festival-ismotscroises.fr\/#website\",\"url\":\"https:\/\/festival-ismotscroises.fr\/\",\"name\":\"Le Festival des mots crois\u00e9s \u00e0 Is-sur-Tille\",\"description\":\"La ville d&#039;Is-sur-Tille, en C\u00f4te-d&#039;Or, organise un festival annuel de mots crois\u00e9s depuis 1990..\",\"potentialAction\":[{\"@type\":\"SearchAction\",\"target\":{\"@type\":\"EntryPoint\",\"urlTemplate\":\"https:\/\/festival-ismotscroises.fr\/?s={search_term_string}\"},\"query-input\":\"required name=search_term_string\"}],\"inLanguage\":\"fr-FR\"}]}<\/script>\n<!-- \/ Yoast SEO plugin. -->","yoast_head_json":{"title":"Les comp\u00e9titions - Le Festival des mots crois\u00e9s \u00e0 Is-sur-Tille","robots":{"index":"index","follow":"follow","max-snippet":"max-snippet:-1","max-image-preview":"max-image-preview:large","max-video-preview":"max-video-preview:-1"},"canonical":"https:\/\/festival-ismotscroises.fr\/?page_id=251","og_locale":"fr_FR","og_type":"article","og_title":"Les comp\u00e9titions - Le Festival des mots crois\u00e9s \u00e0 Is-sur-Tille","og_description":"Comp\u00e9titions 2000C\u00f4t\u00e9 comp\u00e9titions, le Tournoi local, dit \"des 3 Rivi\u00e8res\", d'apr\u00e8s le nom du Pays regroupant trois cantons, allait conna\u00eetre cette ann\u00e9e-l\u00e0 sa plus belle \u00e9dition, avec un nombre important de tr\u00e8s bons joueurs, et de tout jeunes candidats, d\u00fbment r\u00e9compens\u00e9s lors de la remise des prix. Un \"championnat des coll\u00e8ges\", organis\u00e9 plusieurs ann\u00e9es de [&hellip;]","og_url":"https:\/\/festival-ismotscroises.fr\/?page_id=251","og_site_name":"Le Festival des mots crois\u00e9s \u00e0 Is-sur-Tille","article_modified_time":"2015-07-07T22:31:01+00:00","og_image":[{"url":"http:\/\/festival-ismotscroises.fr\/wp-content\/plugins\/easy-media-gallery-pro\/includes\/images\/trans.png"}],"twitter_card":"summary_large_image","twitter_misc":{"Dur\u00e9e de lecture estim\u00e9e":"1 minute"},"schema":{"@context":"https:\/\/schema.org","@graph":[{"@type":"WebPage","@id":"https:\/\/festival-ismotscroises.fr\/?page_id=251","url":"https:\/\/festival-ismotscroises.fr\/?page_id=251","name":"Les comp\u00e9titions - Le Festival des mots crois\u00e9s \u00e0 Is-sur-Tille","isPartOf":{"@id":"https:\/\/festival-ismotscroises.fr\/#website"},"primaryImageOfPage":{"@id":"https:\/\/festival-ismotscroises.fr\/?page_id=251#primaryimage"},"image":{"@id":"https:\/\/festival-ismotscroises.fr\/?page_id=251#primaryimage"},"thumbnailUrl":"http:\/\/festival-ismotscroises.fr\/wp-content\/plugins\/easy-media-gallery-pro\/includes\/images\/trans.png","datePublished":"2015-06-18T19:10:25+00:00","dateModified":"2015-07-07T22:31:01+00:00","breadcrumb":{"@id":"https:\/\/festival-ismotscroises.fr\/?page_id=251#breadcrumb"},"inLanguage":"fr-FR","potentialAction":[{"@type":"ReadAction","target":["https:\/\/festival-ismotscroises.fr\/?page_id=251"]}]},{"@type":"ImageObject","inLanguage":"fr-FR","@id":"https:\/\/festival-ismotscroises.fr\/?page_id=251#primaryimage","url":"http:\/\/festival-ismotscroises.fr\/wp-content\/plugins\/easy-media-gallery-pro\/includes\/images\/trans.png","contentUrl":"http:\/\/festival-ismotscroises.fr\/wp-content\/plugins\/easy-media-gallery-pro\/includes\/images\/trans.png"},{"@type":"BreadcrumbList","@id":"https:\/\/festival-ismotscroises.fr\/?page_id=251#breadcrumb","itemListElement":[{"@type":"ListItem","position":1,"name":"Accueil","item":"https:\/\/festival-ismotscroises.fr\/"},{"@type":"ListItem","position":2,"name":"Les comp\u00e9titions"}]},{"@type":"WebSite","@id":"https:\/\/festival-ismotscroises.fr\/#website","url":"https:\/\/festival-ismotscroises.fr\/","name":"Le Festival des mots crois\u00e9s \u00e0 Is-sur-Tille","description":"La ville d&#039;Is-sur-Tille, en C\u00f4te-d&#039;Or, organise un festival annuel de mots crois\u00e9s depuis 1990..","potentialAction":[{"@type":"SearchAction","target":{"@type":"EntryPoint","urlTemplate":"https:\/\/festival-ismotscroises.fr\/?s={search_term_string}"},"query-input":"required name=search_term_string"}],"inLanguage":"fr-FR"}]}},"_links":{"self":[{"href":"https:\/\/festival-ismotscroises.fr\/index.php?rest_route=\/wp\/v2\/pages\/251","targetHints":{"allow":["GET"]}}],"collection":[{"href":"https:\/\/festival-ismotscroises.fr\/index.php?rest_route=\/wp\/v2\/pages"}],"about":[{"href":"https:\/\/festival-ismotscroises.fr\/index.php?rest_route=\/wp\/v2\/types\/page"}],"author":[{"embeddable":true,"href":"https:\/\/festival-ismotscroises.fr\/index.php?rest_route=\/wp\/v2\/users\/2"}],"replies":[{"embeddable":true,"href":"https:\/\/festival-ismotscroises.fr\/index.php?rest_route=%2Fwp%2Fv2%2Fcomments&post=251"}],"version-history":[{"count":16,"href":"https:\/\/festival-ismotscroises.fr\/index.php?rest_route=\/wp\/v2\/pages\/251\/revisions"}],"predecessor-version":[{"id":1552,"href":"https:\/\/festival-ismotscroises.fr\/index.php?rest_route=\/wp\/v2\/pages\/251\/revisions\/1552"}],"wp:attachment":[{"href":"https:\/\/festival-ismotscroises.fr\/index.php?rest_route=%2Fwp%2Fv2%2Fmedia&parent=251"}],"curies":[{"name":"wp","href":"https:\/\/api.w.org\/{rel}","templated":true}]}}