{"id":245,"date":"2015-06-18T21:08:03","date_gmt":"2015-06-18T19:08:03","guid":{"rendered":"http:\/\/festival-ismotscroises.fr\/?page_id=245"},"modified":"2015-07-07T17:12:06","modified_gmt":"2015-07-07T15:12:06","slug":"concours-des-ecoles","status":"publish","type":"page","link":"https:\/\/festival-ismotscroises.fr\/?page_id=245","title":{"rendered":"Concours des \u00e9coles"},"content":{"rendered":"<div id=\"pl-245\"  class=\"panel-layout\" ><div id=\"pg-245-0\"  class=\"panel-grid panel-no-style\" ><div id=\"pgc-245-0-0\"  class=\"panel-grid-cell\" ><div id=\"panel-245-0-0-0\" class=\"so-panel widget panel-first-child panel-last-child\" data-index=\"0\" ><\/div><\/div><div id=\"pgc-245-0-1\"  class=\"panel-grid-cell\" ><div id=\"panel-245-0-1-0\" class=\"so-panel widget widget_black-studio-tinymce widget_black_studio_tinymce panel-first-child panel-last-child\" data-index=\"1\" ><div class=\"textwidget\"><h3 style=\"text-align: justify;\"><strong>Concours des \u00e9coles 2001<\/strong><\/h3>\n<h4 style=\"text-align: justify;\"><strong>Palmar\u00e8s<\/strong><\/h4>\n<p style=\"text-align: justify;\">Seuls les bulletins-r\u00e9ponses ne comportant aucune faute ont \u00e9t\u00e9 pris en compte dans le palmar\u00e8s<br \/><span style=\"color: #993300;\"><strong>CM1<\/strong><\/span><br \/>1 - Quentin (\u00e9cole Anatole France - 28mn34s)<br \/>2 - Cathy (\u00e9cole Anatole France - 40mn18s)<br \/><span style=\"color: #993300;\"><strong>CM2<\/strong><\/span><br \/>1 - Jessica (\u00e9cole Sainte-Jeanne-d'Arc - 16mn27s)<br \/>2 - Alice (\u00e9cole Sainte-Jeanne-d'Arc - 29mn02s)<br \/>3 - Solenne (\u00e9cole Sainte-Jeanne-d'Arc - 31mn09s<br \/>4 - M\u00e9lissa (\u00e9cole Sainte-Jeanne-d'Arc - 31mn32s)<br \/>5 - Pauline (\u00e9cole Sainte-Jeanne-d'Arc - 32mn41s)<br \/>6 - Geoffrey (\u00e9cole Sainte-Jeanne-d'Arc - 34mn20)<\/p>\n<\/div><\/div><\/div><\/div><div id=\"pg-245-1\"  class=\"panel-grid panel-no-style\" ><div id=\"pgc-245-1-0\"  class=\"panel-grid-cell\" ><div id=\"panel-245-1-0-0\" class=\"so-panel widget widget_black-studio-tinymce widget_black_studio_tinymce panel-first-child panel-last-child\" data-index=\"2\" ><div class=\"textwidget\"><p><img loading=\"lazy\" decoding=\"async\" class=\" size-medium wp-image-742 aligncenter\" src=\"http:\/\/festival-ismotscroises.fr\/wp-content\/uploads\/2015\/06\/MASCOTTE-300x264.png\" alt=\"MASCOTTE\" width=\"300\" height=\"264\" srcset=\"https:\/\/festival-ismotscroises.fr\/wp-content\/uploads\/2015\/06\/MASCOTTE-300x264.png 300w, https:\/\/festival-ismotscroises.fr\/wp-content\/uploads\/2015\/06\/MASCOTTE.png 535w\" sizes=\"auto, (max-width: 300px) 100vw, 300px\" \/><\/p>\n<\/div><\/div><\/div><\/div><\/div>","protected":false},"excerpt":{"rendered":"<p>Concours des \u00e9coles 2001Palmar\u00e8sSeuls les bulletins-r\u00e9ponses ne comportant aucune faute ont \u00e9t\u00e9 pris en compte dans le palmar\u00e8sCM11 &#8211; Quentin (\u00e9cole Anatole France &#8211; 28mn34s)2 &#8211; Cathy (\u00e9cole Anatole France &#8211; 40mn18s)CM21 &#8211; Jessica (\u00e9cole Sainte-Jeanne-d&rsquo;Arc &#8211; 16mn27s)2 &#8211; Alice (\u00e9cole Sainte-Jeanne-d&rsquo;Arc &#8211; 29mn02s)3 &#8211; Solenne (\u00e9cole Sainte-Jeanne-d&rsquo;Arc &#8211; 31mn09s4 &#8211; M\u00e9lissa (\u00e9cole Sainte-Jeanne-d&rsquo;Arc &#8211; [&hellip;]<\/p>\n","protected":false},"author":2,"featured_media":0,"parent":0,"menu_order":0,"comment_status":"closed","ping_status":"closed","template":"templates\/template-full-notitle.php","meta":{"_monsterinsights_skip_tracking":false,"_monsterinsights_sitenote_active":false,"_monsterinsights_sitenote_note":"","_monsterinsights_sitenote_category":0,"footnotes":""},"class_list":["post-245","page","type-page","status-publish","hentry","post"],"yoast_head":"<!-- This site is optimized with the Yoast SEO plugin v22.6 - https:\/\/yoast.com\/wordpress\/plugins\/seo\/ -->\n<title>Concours des \u00e9coles - Le Festival des mots crois\u00e9s \u00e0 Is-sur-Tille<\/title>\n<meta name=\"robots\" content=\"index, follow, max-snippet:-1, max-image-preview:large, max-video-preview:-1\" \/>\n<link rel=\"canonical\" href=\"https:\/\/festival-ismotscroises.fr\/?page_id=245\" \/>\n<meta property=\"og:locale\" content=\"fr_FR\" \/>\n<meta property=\"og:type\" content=\"article\" \/>\n<meta property=\"og:title\" content=\"Concours des \u00e9coles - Le Festival des mots crois\u00e9s \u00e0 Is-sur-Tille\" \/>\n<meta property=\"og:description\" content=\"Concours des \u00e9coles 2001Palmar\u00e8sSeuls les bulletins-r\u00e9ponses ne comportant aucune faute ont \u00e9t\u00e9 pris en compte dans le palmar\u00e8sCM11 - Quentin (\u00e9cole Anatole France - 28mn34s)2 - Cathy (\u00e9cole Anatole France - 40mn18s)CM21 - Jessica (\u00e9cole Sainte-Jeanne-d&#039;Arc - 16mn27s)2 - Alice (\u00e9cole Sainte-Jeanne-d&#039;Arc - 29mn02s)3 - Solenne (\u00e9cole Sainte-Jeanne-d&#039;Arc - 31mn09s4 - M\u00e9lissa (\u00e9cole Sainte-Jeanne-d&#039;Arc - [&hellip;]\" \/>\n<meta property=\"og:url\" content=\"https:\/\/festival-ismotscroises.fr\/?page_id=245\" \/>\n<meta property=\"og:site_name\" content=\"Le Festival des mots crois\u00e9s \u00e0 Is-sur-Tille\" \/>\n<meta property=\"article:modified_time\" content=\"2015-07-07T15:12:06+00:00\" \/>\n<meta property=\"og:image\" content=\"http:\/\/festival-ismotscroises.fr\/wp-content\/plugins\/easy-media-gallery-pro\/includes\/images\/trans.png\" \/>\n<meta name=\"twitter:card\" content=\"summary_large_image\" \/>\n<script type=\"application\/ld+json\" class=\"yoast-schema-graph\">{\"@context\":\"https:\/\/schema.org\",\"@graph\":[{\"@type\":\"WebPage\",\"@id\":\"https:\/\/festival-ismotscroises.fr\/?page_id=245\",\"url\":\"https:\/\/festival-ismotscroises.fr\/?page_id=245\",\"name\":\"Concours des \u00e9coles - Le Festival des mots crois\u00e9s \u00e0 Is-sur-Tille\",\"isPartOf\":{\"@id\":\"https:\/\/festival-ismotscroises.fr\/#website\"},\"primaryImageOfPage\":{\"@id\":\"https:\/\/festival-ismotscroises.fr\/?page_id=245#primaryimage\"},\"image\":{\"@id\":\"https:\/\/festival-ismotscroises.fr\/?page_id=245#primaryimage\"},\"thumbnailUrl\":\"http:\/\/festival-ismotscroises.fr\/wp-content\/plugins\/easy-media-gallery-pro\/includes\/images\/trans.png\",\"datePublished\":\"2015-06-18T19:08:03+00:00\",\"dateModified\":\"2015-07-07T15:12:06+00:00\",\"breadcrumb\":{\"@id\":\"https:\/\/festival-ismotscroises.fr\/?page_id=245#breadcrumb\"},\"inLanguage\":\"fr-FR\",\"potentialAction\":[{\"@type\":\"ReadAction\",\"target\":[\"https:\/\/festival-ismotscroises.fr\/?page_id=245\"]}]},{\"@type\":\"ImageObject\",\"inLanguage\":\"fr-FR\",\"@id\":\"https:\/\/festival-ismotscroises.fr\/?page_id=245#primaryimage\",\"url\":\"http:\/\/festival-ismotscroises.fr\/wp-content\/plugins\/easy-media-gallery-pro\/includes\/images\/trans.png\",\"contentUrl\":\"http:\/\/festival-ismotscroises.fr\/wp-content\/plugins\/easy-media-gallery-pro\/includes\/images\/trans.png\"},{\"@type\":\"BreadcrumbList\",\"@id\":\"https:\/\/festival-ismotscroises.fr\/?page_id=245#breadcrumb\",\"itemListElement\":[{\"@type\":\"ListItem\",\"position\":1,\"name\":\"Accueil\",\"item\":\"https:\/\/festival-ismotscroises.fr\/\"},{\"@type\":\"ListItem\",\"position\":2,\"name\":\"Concours des \u00e9coles\"}]},{\"@type\":\"WebSite\",\"@id\":\"https:\/\/festival-ismotscroises.fr\/#website\",\"url\":\"https:\/\/festival-ismotscroises.fr\/\",\"name\":\"Le Festival des mots crois\u00e9s \u00e0 Is-sur-Tille\",\"description\":\"La ville d&#039;Is-sur-Tille, en C\u00f4te-d&#039;Or, organise un festival annuel de mots crois\u00e9s depuis 1990..\",\"potentialAction\":[{\"@type\":\"SearchAction\",\"target\":{\"@type\":\"EntryPoint\",\"urlTemplate\":\"https:\/\/festival-ismotscroises.fr\/?s={search_term_string}\"},\"query-input\":\"required name=search_term_string\"}],\"inLanguage\":\"fr-FR\"}]}<\/script>\n<!-- \/ Yoast SEO plugin. -->","yoast_head_json":{"title":"Concours des \u00e9coles - Le Festival des mots crois\u00e9s \u00e0 Is-sur-Tille","robots":{"index":"index","follow":"follow","max-snippet":"max-snippet:-1","max-image-preview":"max-image-preview:large","max-video-preview":"max-video-preview:-1"},"canonical":"https:\/\/festival-ismotscroises.fr\/?page_id=245","og_locale":"fr_FR","og_type":"article","og_title":"Concours des \u00e9coles - Le Festival des mots crois\u00e9s \u00e0 Is-sur-Tille","og_description":"Concours des \u00e9coles 2001Palmar\u00e8sSeuls les bulletins-r\u00e9ponses ne comportant aucune faute ont \u00e9t\u00e9 pris en compte dans le palmar\u00e8sCM11 - Quentin (\u00e9cole Anatole France - 28mn34s)2 - Cathy (\u00e9cole Anatole France - 40mn18s)CM21 - Jessica (\u00e9cole Sainte-Jeanne-d'Arc - 16mn27s)2 - Alice (\u00e9cole Sainte-Jeanne-d'Arc - 29mn02s)3 - Solenne (\u00e9cole Sainte-Jeanne-d'Arc - 31mn09s4 - M\u00e9lissa (\u00e9cole Sainte-Jeanne-d'Arc - [&hellip;]","og_url":"https:\/\/festival-ismotscroises.fr\/?page_id=245","og_site_name":"Le Festival des mots crois\u00e9s \u00e0 Is-sur-Tille","article_modified_time":"2015-07-07T15:12:06+00:00","og_image":[{"url":"http:\/\/festival-ismotscroises.fr\/wp-content\/plugins\/easy-media-gallery-pro\/includes\/images\/trans.png"}],"twitter_card":"summary_large_image","schema":{"@context":"https:\/\/schema.org","@graph":[{"@type":"WebPage","@id":"https:\/\/festival-ismotscroises.fr\/?page_id=245","url":"https:\/\/festival-ismotscroises.fr\/?page_id=245","name":"Concours des \u00e9coles - Le Festival des mots crois\u00e9s \u00e0 Is-sur-Tille","isPartOf":{"@id":"https:\/\/festival-ismotscroises.fr\/#website"},"primaryImageOfPage":{"@id":"https:\/\/festival-ismotscroises.fr\/?page_id=245#primaryimage"},"image":{"@id":"https:\/\/festival-ismotscroises.fr\/?page_id=245#primaryimage"},"thumbnailUrl":"http:\/\/festival-ismotscroises.fr\/wp-content\/plugins\/easy-media-gallery-pro\/includes\/images\/trans.png","datePublished":"2015-06-18T19:08:03+00:00","dateModified":"2015-07-07T15:12:06+00:00","breadcrumb":{"@id":"https:\/\/festival-ismotscroises.fr\/?page_id=245#breadcrumb"},"inLanguage":"fr-FR","potentialAction":[{"@type":"ReadAction","target":["https:\/\/festival-ismotscroises.fr\/?page_id=245"]}]},{"@type":"ImageObject","inLanguage":"fr-FR","@id":"https:\/\/festival-ismotscroises.fr\/?page_id=245#primaryimage","url":"http:\/\/festival-ismotscroises.fr\/wp-content\/plugins\/easy-media-gallery-pro\/includes\/images\/trans.png","contentUrl":"http:\/\/festival-ismotscroises.fr\/wp-content\/plugins\/easy-media-gallery-pro\/includes\/images\/trans.png"},{"@type":"BreadcrumbList","@id":"https:\/\/festival-ismotscroises.fr\/?page_id=245#breadcrumb","itemListElement":[{"@type":"ListItem","position":1,"name":"Accueil","item":"https:\/\/festival-ismotscroises.fr\/"},{"@type":"ListItem","position":2,"name":"Concours des \u00e9coles"}]},{"@type":"WebSite","@id":"https:\/\/festival-ismotscroises.fr\/#website","url":"https:\/\/festival-ismotscroises.fr\/","name":"Le Festival des mots crois\u00e9s \u00e0 Is-sur-Tille","description":"La ville d&#039;Is-sur-Tille, en C\u00f4te-d&#039;Or, organise un festival annuel de mots crois\u00e9s depuis 1990..","potentialAction":[{"@type":"SearchAction","target":{"@type":"EntryPoint","urlTemplate":"https:\/\/festival-ismotscroises.fr\/?s={search_term_string}"},"query-input":"required name=search_term_string"}],"inLanguage":"fr-FR"}]}},"_links":{"self":[{"href":"https:\/\/festival-ismotscroises.fr\/index.php?rest_route=\/wp\/v2\/pages\/245","targetHints":{"allow":["GET"]}}],"collection":[{"href":"https:\/\/festival-ismotscroises.fr\/index.php?rest_route=\/wp\/v2\/pages"}],"about":[{"href":"https:\/\/festival-ismotscroises.fr\/index.php?rest_route=\/wp\/v2\/types\/page"}],"author":[{"embeddable":true,"href":"https:\/\/festival-ismotscroises.fr\/index.php?rest_route=\/wp\/v2\/users\/2"}],"replies":[{"embeddable":true,"href":"https:\/\/festival-ismotscroises.fr\/index.php?rest_route=%2Fwp%2Fv2%2Fcomments&post=245"}],"version-history":[{"count":6,"href":"https:\/\/festival-ismotscroises.fr\/index.php?rest_route=\/wp\/v2\/pages\/245\/revisions"}],"predecessor-version":[{"id":1435,"href":"https:\/\/festival-ismotscroises.fr\/index.php?rest_route=\/wp\/v2\/pages\/245\/revisions\/1435"}],"wp:attachment":[{"href":"https:\/\/festival-ismotscroises.fr\/index.php?rest_route=%2Fwp%2Fv2%2Fmedia&parent=245"}],"curies":[{"name":"wp","href":"https:\/\/api.w.org\/{rel}","templated":true}]}}