{"id":2420,"date":"2016-10-16T10:54:58","date_gmt":"2016-10-16T08:54:58","guid":{"rendered":"http:\/\/festival-ismotscroises.fr\/?page_id=2420"},"modified":"2017-06-20T21:39:17","modified_gmt":"2017-06-20T19:39:17","slug":"dossier-de-presse-2017","status":"publish","type":"page","link":"https:\/\/festival-ismotscroises.fr\/?page_id=2420","title":{"rendered":"Dossier presse 2017"},"content":{"rendered":"<div id=\"pl-2420\"  class=\"panel-layout\" ><div id=\"pg-2420-0\"  class=\"panel-grid panel-no-style\" ><div id=\"pgc-2420-0-0\"  class=\"panel-grid-cell\" ><div id=\"panel-2420-0-0-0\" class=\"so-panel widget widget_black-studio-tinymce widget_black_studio_tinymce panel-first-child panel-last-child\" data-index=\"0\" ><div class=\"textwidget\"><p><em>On obtient une version \u00e9largie des articles en cliquant sur les vignettes.<\/em><\/p>\n<\/div><\/div><\/div><\/div><div id=\"pg-2420-1\"  class=\"panel-grid panel-no-style\" ><div id=\"pgc-2420-1-0\"  class=\"panel-grid-cell\" ><div id=\"panel-2420-1-0-0\" class=\"so-panel widget widget_black-studio-tinymce widget_black_studio_tinymce panel-first-child panel-last-child\" data-index=\"1\" ><div class=\"textwidget\"><p><a href=\"http:\/\/festival-ismotscroises.fr\/wp-content\/uploads\/2017\/06\/MONTAGE-LOBS-3-juin-2017_Mise-en-page-1.pdf\" target=\"_blank\" rel=\"noopener noreferrer\"><img loading=\"lazy\" decoding=\"async\" class=\"aligncenter size-medium wp-image-3229\" src=\"http:\/\/festival-ismotscroises.fr\/wp-content\/uploads\/2017\/06\/LObs_Dakar_3juin2017_titre_web-300x104.jpg\" alt=\"\" width=\"300\" height=\"104\" srcset=\"https:\/\/festival-ismotscroises.fr\/wp-content\/uploads\/2017\/06\/LObs_Dakar_3juin2017_titre_web-300x104.jpg 300w, https:\/\/festival-ismotscroises.fr\/wp-content\/uploads\/2017\/06\/LObs_Dakar_3juin2017_titre_web.jpg 527w\" sizes=\"auto, (max-width: 300px) 100vw, 300px\" \/><\/a><\/p>\n<p style=\"text-align: center;\">Journal quotidien du S\u00e9n\u00e9gal, L'Obervateur, page 2 :<\/p>\n<p><a href=\"http:\/\/festival-ismotscroises.fr\/wp-content\/uploads\/2017\/06\/LObs_Dakar_3juin2017_page2.jpg\" target=\"_blank\" rel=\"noopener noreferrer\" data-rel=\"lightbox-image-0\" data-rl_title=\"\" data-rl_caption=\"\" title=\"\"><img loading=\"lazy\" decoding=\"async\" class=\"aligncenter size-medium wp-image-3228\" src=\"http:\/\/festival-ismotscroises.fr\/wp-content\/uploads\/2017\/06\/LObs_Dakar_3juin2017_page2_web-102x300.jpg\" alt=\"\" width=\"102\" height=\"300\" srcset=\"https:\/\/festival-ismotscroises.fr\/wp-content\/uploads\/2017\/06\/LObs_Dakar_3juin2017_page2_web-102x300.jpg 102w, https:\/\/festival-ismotscroises.fr\/wp-content\/uploads\/2017\/06\/LObs_Dakar_3juin2017_page2_web.jpg 170w\" sizes=\"auto, (max-width: 102px) 100vw, 102px\" \/><\/a><\/p>\n<\/div><\/div><\/div><div id=\"pgc-2420-1-1\"  class=\"panel-grid-cell\" ><div id=\"panel-2420-1-1-0\" class=\"so-panel widget widget_black-studio-tinymce widget_black_studio_tinymce panel-first-child panel-last-child\" data-index=\"2\" ><div class=\"textwidget\"><p>\u00a0<\/p>\n<p style=\"text-align: center;\"><a href=\"http:\/\/festival-ismotscroises.fr\/wp-content\/uploads\/2017\/05\/Le_Bien_Public_22mai2017.pdf\" target=\"_blank\" rel=\"noopener noreferrer\"><img loading=\"lazy\" decoding=\"async\" class=\"aligncenter size-medium wp-image-3199\" src=\"http:\/\/festival-ismotscroises.fr\/wp-content\/uploads\/2017\/05\/vignette_Le_Bien_Public_22mai2017-203x300.jpg\" alt=\"\" width=\"203\" height=\"300\" srcset=\"https:\/\/festival-ismotscroises.fr\/wp-content\/uploads\/2017\/05\/vignette_Le_Bien_Public_22mai2017-203x300.jpg 203w, https:\/\/festival-ismotscroises.fr\/wp-content\/uploads\/2017\/05\/vignette_Le_Bien_Public_22mai2017.jpg 288w\" sizes=\"auto, (max-width: 203px) 100vw, 203px\" \/><\/a>Le Bien Public, lundi 22 mai 2017<\/p>\n<\/div><\/div><\/div><div id=\"pgc-2420-1-2\"  class=\"panel-grid-cell\" ><div id=\"panel-2420-1-2-0\" class=\"so-panel widget widget_black-studio-tinymce widget_black_studio_tinymce panel-first-child panel-last-child\" data-index=\"3\" ><div class=\"textwidget\"><p><a href=\"http:\/\/festival-ismotscroises.fr\/wp-content\/uploads\/2017\/05\/C\u00f4te-dOr_Magazine_mai2017.pdf\" target=\"_blank\" rel=\"noopener noreferrer\"><img loading=\"lazy\" decoding=\"async\" class=\"aligncenter size-full wp-image-3038\" src=\"http:\/\/festival-ismotscroises.fr\/wp-content\/uploads\/2017\/05\/vignette_C\u00f4te-dOr_Magazine_mai2017.jpg\" alt=\"\" width=\"212\" height=\"292\" \/><\/a><\/p>\n<p style=\"text-align: center;\">C\u00f4te-d'Or Magazine n\u00b0 171, mai 2017<\/p>\n<\/div><\/div><\/div><div id=\"pgc-2420-1-3\"  class=\"panel-grid-cell\" ><div id=\"panel-2420-1-3-0\" class=\"so-panel widget widget_black-studio-tinymce widget_black_studio_tinymce panel-first-child panel-last-child\" data-index=\"4\" ><div class=\"textwidget\"><p><a href=\"http:\/\/festival-ismotscroises.fr\/wp-content\/uploads\/2017\/05\/LeMdesA_3_mai_2017.pdf\" target=\"_blank\" rel=\"noopener noreferrer\"><img loading=\"lazy\" decoding=\"async\" class=\"aligncenter size-medium wp-image-3016\" src=\"http:\/\/festival-ismotscroises.fr\/wp-content\/uploads\/2017\/05\/vignette_LeMdesA_3mai2017-300x186.jpg\" alt=\"\" width=\"300\" height=\"186\" srcset=\"https:\/\/festival-ismotscroises.fr\/wp-content\/uploads\/2017\/05\/vignette_LeMdesA_3mai2017-300x186.jpg 300w, https:\/\/festival-ismotscroises.fr\/wp-content\/uploads\/2017\/05\/vignette_LeMdesA_3mai2017.jpg 340w\" sizes=\"auto, (max-width: 300px) 100vw, 300px\" \/><\/a><\/p>\n<p style=\"text-align: center;\">Le Monde des Ados, 3 mai 2017<\/p>\n<\/div><\/div><\/div><\/div><div id=\"pg-2420-2\"  class=\"panel-grid panel-no-style\" ><div id=\"pgc-2420-2-0\"  class=\"panel-grid-cell\" ><div id=\"panel-2420-2-0-0\" class=\"so-panel widget widget_black-studio-tinymce widget_black_studio_tinymce panel-first-child panel-last-child\" data-index=\"5\" ><div class=\"textwidget\"><p><a href=\"http:\/\/festival-ismotscroises.fr\/wp-content\/uploads\/2017\/05\/Is_ci_et_l\u00e0_mai2017.pdf\" target=\"_blank\" rel=\"noopener noreferrer\"><img loading=\"lazy\" decoding=\"async\" class=\"aligncenter size-medium wp-image-3015\" src=\"http:\/\/festival-ismotscroises.fr\/wp-content\/uploads\/2017\/05\/vignette_Is-ci-et-l\u00e0_mai2017-211x300.jpg\" alt=\"\" width=\"211\" height=\"300\" srcset=\"https:\/\/festival-ismotscroises.fr\/wp-content\/uploads\/2017\/05\/vignette_Is-ci-et-l\u00e0_mai2017-211x300.jpg 211w, https:\/\/festival-ismotscroises.fr\/wp-content\/uploads\/2017\/05\/vignette_Is-ci-et-l\u00e0_mai2017.jpg 260w\" sizes=\"auto, (max-width: 211px) 100vw, 211px\" \/><\/a><\/p>\n<p style=\"text-align: center;\">Is ci et l\u00e0, magazine municipal <br \/>de la ville d'Is-sur-Tille, mai 2017<\/p>\n<\/div><\/div><\/div><div id=\"pgc-2420-2-1\"  class=\"panel-grid-cell\" ><div id=\"panel-2420-2-1-0\" class=\"so-panel widget widget_black-studio-tinymce widget_black_studio_tinymce panel-first-child panel-last-child\" data-index=\"6\" ><div class=\"textwidget\"><p style=\"text-align: center;\"><a href=\"http:\/\/festival-ismotscroises.fr\/wp-content\/uploads\/2017\/02\/article_BP_2017-02-14.pdf\" target=\"_blank\" rel=\"noopener noreferrer\"><img loading=\"lazy\" decoding=\"async\" class=\"aligncenter size-medium wp-image-2789\" src=\"http:\/\/festival-ismotscroises.fr\/wp-content\/uploads\/2017\/02\/article_BP_2017-02-14-300x253.png\" alt=\"\" width=\"300\" height=\"253\" srcset=\"https:\/\/festival-ismotscroises.fr\/wp-content\/uploads\/2017\/02\/article_BP_2017-02-14-300x253.png 300w, https:\/\/festival-ismotscroises.fr\/wp-content\/uploads\/2017\/02\/article_BP_2017-02-14.png 472w\" sizes=\"auto, (max-width: 300px) 100vw, 300px\" \/><\/a>Le Bien Public, 14 f\u00e9vrier 2017.<\/p>\n<\/div><\/div><\/div><div id=\"pgc-2420-2-2\"  class=\"panel-grid-cell\" ><div id=\"panel-2420-2-2-0\" class=\"so-panel widget widget_black-studio-tinymce widget_black_studio_tinymce panel-first-child panel-last-child\" data-index=\"7\" ><div class=\"textwidget\"><p><a href=\"http:\/\/festival-ismotscroises.fr\/wp-content\/uploads\/2016\/10\/BP_10-10-2016.pdf\" target=\"_blank\"><img loading=\"lazy\" decoding=\"async\" class=\"aligncenter size-full wp-image-2426\" src=\"http:\/\/festival-ismotscroises.fr\/wp-content\/uploads\/2016\/10\/BP_2016_10_10.jpg\" alt=\"BP_2016_10_10\" width=\"340\" height=\"301\" srcset=\"https:\/\/festival-ismotscroises.fr\/wp-content\/uploads\/2016\/10\/BP_2016_10_10.jpg 340w, https:\/\/festival-ismotscroises.fr\/wp-content\/uploads\/2016\/10\/BP_2016_10_10-300x266.jpg 300w\" sizes=\"auto, (max-width: 340px) 100vw, 340px\" \/><\/a><\/p>\n<p style=\"text-align: center;\">Le Bien Public, <br \/>10 octobre 2016<\/p>\n<\/div><\/div><\/div><div id=\"pgc-2420-2-3\"  class=\"panel-grid-cell\" ><div id=\"panel-2420-2-3-0\" class=\"so-panel widget widget_black-studio-tinymce widget_black_studio_tinymce panel-first-child panel-last-child\" data-index=\"8\" ><div class=\"textwidget\"><p style=\"text-align: center;\">Rectificatif, Le Bien Public, <br \/>13 octobre 2016<\/p>\n<p style=\"text-align: center;\"><a href=\"http:\/\/festival-ismotscroises.fr\/wp-content\/uploads\/2016\/10\/rectificatif_2016_10_13_web.pdf\" target=\"_blank\"><img loading=\"lazy\" decoding=\"async\" class=\"aligncenter size-full wp-image-2427\" src=\"http:\/\/festival-ismotscroises.fr\/wp-content\/uploads\/2016\/10\/BP_rectificatif_2016_10_13.jpg\" alt=\"bp_rectificatif_2016_10_13\" width=\"340\" height=\"233\" srcset=\"https:\/\/festival-ismotscroises.fr\/wp-content\/uploads\/2016\/10\/BP_rectificatif_2016_10_13.jpg 340w, https:\/\/festival-ismotscroises.fr\/wp-content\/uploads\/2016\/10\/BP_rectificatif_2016_10_13-300x206.jpg 300w\" sizes=\"auto, (max-width: 340px) 100vw, 340px\" \/><\/a><\/p>\n<\/div><\/div><\/div><\/div><div id=\"pg-2420-3\"  class=\"panel-grid panel-no-style\" ><div id=\"pgc-2420-3-0\"  class=\"panel-grid-cell\" ><div id=\"panel-2420-3-0-0\" class=\"so-panel widget widget_black-studio-tinymce widget_black_studio_tinymce panel-first-child panel-last-child\" data-index=\"9\" ><div class=\"textwidget\"><p><strong>Note sur l'article ci-dessus<\/strong> (14 f\u00e9vrier 2017). Le texte contient plusieurs erreurs. Les \u00e9tablissements participant au tournoi n'ont pas \u00e9t\u00e9 \"s\u00e9lectionn\u00e9s\", ils se sont simplement inscrits. L'association <em>Is mots crois\u00e9s<\/em> corrigera les grilles des \u00e9l\u00e8ves, mais ce n'est pas elle qui organisera la qualification au sein des coll\u00e8ges (=une grille de 10x10 cases \u00e0 r\u00e9soudre en 45 minutes). De plus, ces coll\u00e8ges ne se trouvent pas seulement dans la r\u00e9gion Bourgogne Franche-Comt\u00e9, il y a a quelques-uns en Champagne-Ardennes (r\u00e9gion Grand Est).<\/p>\n<p>Enfin, la Soir\u00e9e des mots crois\u00e9s sera \"<em>gastonomique<\/em>\", car elle fera honneur \u00e0 un invit\u00e9 de marque, Gaston, l'escargot bourguignon. Le titre \"<strong>La Gastonomie s'invite \u00e0 la table des cruciverbistes<\/strong>\" aurait plus d'allure, mais ce jeu de mots n'est pas pass\u00e9...<\/p>\n<\/div><\/div><\/div><div id=\"pgc-2420-3-1\"  class=\"panel-grid-cell\" ><div id=\"panel-2420-3-1-0\" class=\"so-panel widget widget_black-studio-tinymce widget_black_studio_tinymce panel-first-child panel-last-child\" data-index=\"10\" ><div class=\"textwidget\"><p><a href=\"http:\/\/festival-ismotscroises.fr\/wp-content\/uploads\/2017\/04\/article_BP_2017-03-26.pdf\" target=\"_blank\"><img loading=\"lazy\" decoding=\"async\" class=\"aligncenter size-medium wp-image-2933\" src=\"http:\/\/festival-ismotscroises.fr\/wp-content\/uploads\/2017\/04\/article_BP_2017-03-26-300x293.png\" alt=\"\" width=\"300\" height=\"293\" srcset=\"https:\/\/festival-ismotscroises.fr\/wp-content\/uploads\/2017\/04\/article_BP_2017-03-26-300x293.png 300w, https:\/\/festival-ismotscroises.fr\/wp-content\/uploads\/2017\/04\/article_BP_2017-03-26.png 472w\" sizes=\"auto, (max-width: 300px) 100vw, 300px\" \/><\/a><\/p>\n<p style=\"text-align: center;\">Le Bien Public, 26 mars 2016. Cet article, <br \/>r\u00e9dig\u00e9 dans un style na\u00eff consternant, <br \/>contient des erreurs grossi\u00e8res.<\/p>\n<\/div><\/div><\/div><div id=\"pgc-2420-3-2\"  class=\"panel-grid-cell panel-grid-cell-mobile-last\" ><div id=\"panel-2420-3-2-0\" class=\"so-panel widget widget_black-studio-tinymce widget_black_studio_tinymce panel-first-child panel-last-child\" data-index=\"11\" ><div class=\"textwidget\"><p><a href=\"http:\/\/festival-ismotscroises.fr\/wp-content\/uploads\/2017\/04\/correctif_2017_03_28.jpg\" target=\"_blank\" data-rel=\"lightbox-image-1\" data-rl_title=\"\" data-rl_caption=\"\" title=\"\"><img loading=\"lazy\" decoding=\"async\" class=\"aligncenter size-full wp-image-2939\" src=\"http:\/\/festival-ismotscroises.fr\/wp-content\/uploads\/2017\/04\/vignette_correctif_2017_03_28.jpg\" alt=\"\" width=\"266\" height=\"138\" \/><\/a><\/p>\n<p style=\"text-align: center;\">Rectificatif publi\u00e9 dans <br \/>Le Bien Public du 28 mars 2017<\/p>\n<\/div><\/div><\/div><div id=\"pgc-2420-3-3\"  class=\"panel-grid-cell panel-grid-cell-empty\" ><\/div><\/div><\/div>","protected":false},"excerpt":{"rendered":"<p>On obtient une version \u00e9largie des articles en cliquant sur les vignettes. Journal quotidien du S\u00e9n\u00e9gal, L&rsquo;Obervateur, page 2 : \u00a0Le Bien Public, lundi 22 mai 2017 C\u00f4te-d&rsquo;Or Magazine n\u00b0 171, mai 2017 Le Monde des Ados, 3 mai 2017<\/p>\n","protected":false},"author":2,"featured_media":0,"parent":0,"menu_order":0,"comment_status":"closed","ping_status":"closed","template":"","meta":{"_monsterinsights_skip_tracking":false,"_monsterinsights_sitenote_active":false,"_monsterinsights_sitenote_note":"","_monsterinsights_sitenote_category":0,"footnotes":""},"class_list":["post-2420","page","type-page","status-publish","hentry","post"],"yoast_head":"<!-- This site is optimized with the Yoast SEO plugin v22.6 - https:\/\/yoast.com\/wordpress\/plugins\/seo\/ -->\n<title>Dossier presse 2017 - Le Festival des mots crois\u00e9s \u00e0 Is-sur-Tille<\/title>\n<meta name=\"robots\" content=\"index, follow, max-snippet:-1, max-image-preview:large, max-video-preview:-1\" \/>\n<link rel=\"canonical\" href=\"https:\/\/festival-ismotscroises.fr\/?page_id=2420\" \/>\n<meta property=\"og:locale\" content=\"fr_FR\" \/>\n<meta property=\"og:type\" content=\"article\" \/>\n<meta property=\"og:title\" content=\"Dossier presse 2017 - Le Festival des mots crois\u00e9s \u00e0 Is-sur-Tille\" \/>\n<meta property=\"og:description\" content=\"On obtient une version \u00e9largie des articles en cliquant sur les vignettes. Journal quotidien du S\u00e9n\u00e9gal, L&#039;Obervateur, page 2 : \u00a0Le Bien Public, lundi 22 mai 2017 C\u00f4te-d&#039;Or Magazine n\u00b0 171, mai 2017 Le Monde des Ados, 3 mai 2017\" \/>\n<meta property=\"og:url\" content=\"https:\/\/festival-ismotscroises.fr\/?page_id=2420\" \/>\n<meta property=\"og:site_name\" content=\"Le Festival des mots crois\u00e9s \u00e0 Is-sur-Tille\" \/>\n<meta property=\"article:modified_time\" content=\"2017-06-20T19:39:17+00:00\" \/>\n<meta property=\"og:image\" content=\"http:\/\/festival-ismotscroises.fr\/wp-content\/uploads\/2017\/06\/LObs_Dakar_3juin2017_titre_web-300x104.jpg\" \/>\n<meta name=\"twitter:card\" content=\"summary_large_image\" \/>\n<meta name=\"twitter:label1\" content=\"Dur\u00e9e de lecture estim\u00e9e\" \/>\n\t<meta name=\"twitter:data1\" content=\"1 minute\" \/>\n<script type=\"application\/ld+json\" class=\"yoast-schema-graph\">{\"@context\":\"https:\/\/schema.org\",\"@graph\":[{\"@type\":\"WebPage\",\"@id\":\"https:\/\/festival-ismotscroises.fr\/?page_id=2420\",\"url\":\"https:\/\/festival-ismotscroises.fr\/?page_id=2420\",\"name\":\"Dossier presse 2017 - Le Festival des mots crois\u00e9s \u00e0 Is-sur-Tille\",\"isPartOf\":{\"@id\":\"https:\/\/festival-ismotscroises.fr\/#website\"},\"primaryImageOfPage\":{\"@id\":\"https:\/\/festival-ismotscroises.fr\/?page_id=2420#primaryimage\"},\"image\":{\"@id\":\"https:\/\/festival-ismotscroises.fr\/?page_id=2420#primaryimage\"},\"thumbnailUrl\":\"http:\/\/festival-ismotscroises.fr\/wp-content\/uploads\/2017\/06\/LObs_Dakar_3juin2017_titre_web-300x104.jpg\",\"datePublished\":\"2016-10-16T08:54:58+00:00\",\"dateModified\":\"2017-06-20T19:39:17+00:00\",\"breadcrumb\":{\"@id\":\"https:\/\/festival-ismotscroises.fr\/?page_id=2420#breadcrumb\"},\"inLanguage\":\"fr-FR\",\"potentialAction\":[{\"@type\":\"ReadAction\",\"target\":[\"https:\/\/festival-ismotscroises.fr\/?page_id=2420\"]}]},{\"@type\":\"ImageObject\",\"inLanguage\":\"fr-FR\",\"@id\":\"https:\/\/festival-ismotscroises.fr\/?page_id=2420#primaryimage\",\"url\":\"https:\/\/festival-ismotscroises.fr\/wp-content\/uploads\/2017\/06\/LObs_Dakar_3juin2017_titre_web.jpg\",\"contentUrl\":\"https:\/\/festival-ismotscroises.fr\/wp-content\/uploads\/2017\/06\/LObs_Dakar_3juin2017_titre_web.jpg\",\"width\":527,\"height\":183},{\"@type\":\"BreadcrumbList\",\"@id\":\"https:\/\/festival-ismotscroises.fr\/?page_id=2420#breadcrumb\",\"itemListElement\":[{\"@type\":\"ListItem\",\"position\":1,\"name\":\"Accueil\",\"item\":\"https:\/\/festival-ismotscroises.fr\/\"},{\"@type\":\"ListItem\",\"position\":2,\"name\":\"Dossier presse 2017\"}]},{\"@type\":\"WebSite\",\"@id\":\"https:\/\/festival-ismotscroises.fr\/#website\",\"url\":\"https:\/\/festival-ismotscroises.fr\/\",\"name\":\"Le Festival des mots crois\u00e9s \u00e0 Is-sur-Tille\",\"description\":\"La ville d&#039;Is-sur-Tille, en C\u00f4te-d&#039;Or, organise un festival annuel de mots crois\u00e9s depuis 1990..\",\"potentialAction\":[{\"@type\":\"SearchAction\",\"target\":{\"@type\":\"EntryPoint\",\"urlTemplate\":\"https:\/\/festival-ismotscroises.fr\/?s={search_term_string}\"},\"query-input\":\"required name=search_term_string\"}],\"inLanguage\":\"fr-FR\"}]}<\/script>\n<!-- \/ Yoast SEO plugin. -->","yoast_head_json":{"title":"Dossier presse 2017 - Le Festival des mots crois\u00e9s \u00e0 Is-sur-Tille","robots":{"index":"index","follow":"follow","max-snippet":"max-snippet:-1","max-image-preview":"max-image-preview:large","max-video-preview":"max-video-preview:-1"},"canonical":"https:\/\/festival-ismotscroises.fr\/?page_id=2420","og_locale":"fr_FR","og_type":"article","og_title":"Dossier presse 2017 - Le Festival des mots crois\u00e9s \u00e0 Is-sur-Tille","og_description":"On obtient une version \u00e9largie des articles en cliquant sur les vignettes. Journal quotidien du S\u00e9n\u00e9gal, L'Obervateur, page 2 : \u00a0Le Bien Public, lundi 22 mai 2017 C\u00f4te-d'Or Magazine n\u00b0 171, mai 2017 Le Monde des Ados, 3 mai 2017","og_url":"https:\/\/festival-ismotscroises.fr\/?page_id=2420","og_site_name":"Le Festival des mots crois\u00e9s \u00e0 Is-sur-Tille","article_modified_time":"2017-06-20T19:39:17+00:00","og_image":[{"url":"http:\/\/festival-ismotscroises.fr\/wp-content\/uploads\/2017\/06\/LObs_Dakar_3juin2017_titre_web-300x104.jpg"}],"twitter_card":"summary_large_image","twitter_misc":{"Dur\u00e9e de lecture estim\u00e9e":"1 minute"},"schema":{"@context":"https:\/\/schema.org","@graph":[{"@type":"WebPage","@id":"https:\/\/festival-ismotscroises.fr\/?page_id=2420","url":"https:\/\/festival-ismotscroises.fr\/?page_id=2420","name":"Dossier presse 2017 - Le Festival des mots crois\u00e9s \u00e0 Is-sur-Tille","isPartOf":{"@id":"https:\/\/festival-ismotscroises.fr\/#website"},"primaryImageOfPage":{"@id":"https:\/\/festival-ismotscroises.fr\/?page_id=2420#primaryimage"},"image":{"@id":"https:\/\/festival-ismotscroises.fr\/?page_id=2420#primaryimage"},"thumbnailUrl":"http:\/\/festival-ismotscroises.fr\/wp-content\/uploads\/2017\/06\/LObs_Dakar_3juin2017_titre_web-300x104.jpg","datePublished":"2016-10-16T08:54:58+00:00","dateModified":"2017-06-20T19:39:17+00:00","breadcrumb":{"@id":"https:\/\/festival-ismotscroises.fr\/?page_id=2420#breadcrumb"},"inLanguage":"fr-FR","potentialAction":[{"@type":"ReadAction","target":["https:\/\/festival-ismotscroises.fr\/?page_id=2420"]}]},{"@type":"ImageObject","inLanguage":"fr-FR","@id":"https:\/\/festival-ismotscroises.fr\/?page_id=2420#primaryimage","url":"https:\/\/festival-ismotscroises.fr\/wp-content\/uploads\/2017\/06\/LObs_Dakar_3juin2017_titre_web.jpg","contentUrl":"https:\/\/festival-ismotscroises.fr\/wp-content\/uploads\/2017\/06\/LObs_Dakar_3juin2017_titre_web.jpg","width":527,"height":183},{"@type":"BreadcrumbList","@id":"https:\/\/festival-ismotscroises.fr\/?page_id=2420#breadcrumb","itemListElement":[{"@type":"ListItem","position":1,"name":"Accueil","item":"https:\/\/festival-ismotscroises.fr\/"},{"@type":"ListItem","position":2,"name":"Dossier presse 2017"}]},{"@type":"WebSite","@id":"https:\/\/festival-ismotscroises.fr\/#website","url":"https:\/\/festival-ismotscroises.fr\/","name":"Le Festival des mots crois\u00e9s \u00e0 Is-sur-Tille","description":"La ville d&#039;Is-sur-Tille, en C\u00f4te-d&#039;Or, organise un festival annuel de mots crois\u00e9s depuis 1990..","potentialAction":[{"@type":"SearchAction","target":{"@type":"EntryPoint","urlTemplate":"https:\/\/festival-ismotscroises.fr\/?s={search_term_string}"},"query-input":"required name=search_term_string"}],"inLanguage":"fr-FR"}]}},"_links":{"self":[{"href":"https:\/\/festival-ismotscroises.fr\/index.php?rest_route=\/wp\/v2\/pages\/2420","targetHints":{"allow":["GET"]}}],"collection":[{"href":"https:\/\/festival-ismotscroises.fr\/index.php?rest_route=\/wp\/v2\/pages"}],"about":[{"href":"https:\/\/festival-ismotscroises.fr\/index.php?rest_route=\/wp\/v2\/types\/page"}],"author":[{"embeddable":true,"href":"https:\/\/festival-ismotscroises.fr\/index.php?rest_route=\/wp\/v2\/users\/2"}],"replies":[{"embeddable":true,"href":"https:\/\/festival-ismotscroises.fr\/index.php?rest_route=%2Fwp%2Fv2%2Fcomments&post=2420"}],"version-history":[{"count":60,"href":"https:\/\/festival-ismotscroises.fr\/index.php?rest_route=\/wp\/v2\/pages\/2420\/revisions"}],"predecessor-version":[{"id":3236,"href":"https:\/\/festival-ismotscroises.fr\/index.php?rest_route=\/wp\/v2\/pages\/2420\/revisions\/3236"}],"wp:attachment":[{"href":"https:\/\/festival-ismotscroises.fr\/index.php?rest_route=%2Fwp%2Fv2%2Fmedia&parent=2420"}],"curies":[{"name":"wp","href":"https:\/\/api.w.org\/{rel}","templated":true}]}}