{"id":221,"date":"2015-06-18T21:00:20","date_gmt":"2015-06-18T19:00:20","guid":{"rendered":"http:\/\/festival-ismotscroises.fr\/?page_id=221"},"modified":"2023-03-24T15:51:52","modified_gmt":"2023-03-24T14:51:52","slug":"tournoi-des-colleges-15","status":"publish","type":"page","link":"https:\/\/festival-ismotscroises.fr\/?page_id=221","title":{"rendered":"Tournoi des coll\u00e8ges"},"content":{"rendered":"<div id=\"pl-221\"  class=\"panel-layout\" ><div id=\"pg-221-0\"  class=\"panel-grid panel-no-style\" ><div id=\"pgc-221-0-0\"  class=\"panel-grid-cell\" ><div id=\"panel-221-0-0-0\" class=\"so-panel widget panel-first-child panel-last-child\" data-index=\"0\" ><\/div><\/div><div id=\"pgc-221-0-1\"  class=\"panel-grid-cell\" ><div id=\"panel-221-0-1-0\" class=\"so-panel widget widget_black-studio-tinymce widget_black_studio_tinymce panel-first-child panel-last-child\" data-index=\"1\" ><div class=\"textwidget\"><h3 style=\"text-align: justify;\"><strong>Tournoi des coll\u00e8ges 2002<\/strong><\/h3>\n<p style=\"text-align: justify;\">Un tournoi qui mettait aux prises, le samedi 25 mai 2002, les coll\u00e8ges Henri Berger de Fontaine Fran\u00e7aise, Champ Lumi\u00e8re de Selongey et Paul Fort d'Is-sur-Tille. \u2028La comp\u00e9tition, riche en rebondissements, a conduit \u00e0 une finale opposant, comme l'an dernier, les coll\u00e8ges de Selongey et d'Is-sur-Tille. La paire Jessica Paris - Nicolas Maes s'est impos\u00e9e au terme d'un quart d'heure de jeu, avec une grille comportant moins de fautes (4 en tout) que celle de leurs adversaires.<\/p>\n<\/div><\/div><\/div><\/div><div id=\"pg-221-1\"  class=\"panel-grid panel-no-style\" ><div id=\"pgc-221-1-0\"  class=\"panel-grid-cell\" ><div id=\"panel-221-1-0-0\" class=\"so-panel widget widget_black-studio-tinymce widget_black_studio_tinymce panel-first-child panel-last-child\" data-index=\"2\" ><div class=\"textwidget\"><p><img loading=\"lazy\" decoding=\"async\" class=\" size-medium wp-image-742 aligncenter\" src=\"http:\/\/festival-ismotscroises.fr\/wp-content\/uploads\/2015\/06\/MASCOTTE-300x264.png\" alt=\"MASCOTTE\" width=\"300\" height=\"264\" srcset=\"https:\/\/festival-ismotscroises.fr\/wp-content\/uploads\/2015\/06\/MASCOTTE-300x264.png 300w, https:\/\/festival-ismotscroises.fr\/wp-content\/uploads\/2015\/06\/MASCOTTE.png 535w\" sizes=\"auto, (max-width: 300px) 100vw, 300px\" \/><\/p>\n<\/div><\/div><\/div><\/div><\/div>","protected":false},"excerpt":{"rendered":"<p>Tournoi des coll\u00e8ges 2002Un tournoi qui mettait aux prises, le samedi 25 mai 2002, les coll\u00e8ges Henri Berger de Fontaine Fran\u00e7aise, Champ Lumi\u00e8re de Selongey et Paul Fort d&rsquo;Is-sur-Tille. \u2028La comp\u00e9tition, riche en rebondissements, a conduit \u00e0 une finale opposant, comme l&rsquo;an dernier, les coll\u00e8ges de Selongey et d&rsquo;Is-sur-Tille. La paire Jessica Paris &#8211; Nicolas [&hellip;]<\/p>\n","protected":false},"author":2,"featured_media":0,"parent":0,"menu_order":0,"comment_status":"closed","ping_status":"closed","template":"templates\/template-full-notitle.php","meta":{"_monsterinsights_skip_tracking":false,"_monsterinsights_sitenote_active":false,"_monsterinsights_sitenote_note":"","_monsterinsights_sitenote_category":0,"footnotes":""},"class_list":["post-221","page","type-page","status-publish","hentry","post"],"yoast_head":"<!-- This site is optimized with the Yoast SEO plugin v22.6 - https:\/\/yoast.com\/wordpress\/plugins\/seo\/ -->\n<title>Tournoi des coll\u00e8ges - Le Festival des mots crois\u00e9s \u00e0 Is-sur-Tille<\/title>\n<meta name=\"robots\" content=\"index, follow, max-snippet:-1, max-image-preview:large, max-video-preview:-1\" \/>\n<link rel=\"canonical\" href=\"https:\/\/festival-ismotscroises.fr\/?page_id=221\" \/>\n<meta property=\"og:locale\" content=\"fr_FR\" \/>\n<meta property=\"og:type\" content=\"article\" \/>\n<meta property=\"og:title\" content=\"Tournoi des coll\u00e8ges - Le Festival des mots crois\u00e9s \u00e0 Is-sur-Tille\" \/>\n<meta property=\"og:description\" content=\"Tournoi des coll\u00e8ges 2002Un tournoi qui mettait aux prises, le samedi 25 mai 2002, les coll\u00e8ges Henri Berger de Fontaine Fran\u00e7aise, Champ Lumi\u00e8re de Selongey et Paul Fort d&#039;Is-sur-Tille. \u2028La comp\u00e9tition, riche en rebondissements, a conduit \u00e0 une finale opposant, comme l&#039;an dernier, les coll\u00e8ges de Selongey et d&#039;Is-sur-Tille. La paire Jessica Paris - Nicolas [&hellip;]\" \/>\n<meta property=\"og:url\" content=\"https:\/\/festival-ismotscroises.fr\/?page_id=221\" \/>\n<meta property=\"og:site_name\" content=\"Le Festival des mots crois\u00e9s \u00e0 Is-sur-Tille\" \/>\n<meta property=\"article:modified_time\" content=\"2023-03-24T14:51:52+00:00\" \/>\n<meta property=\"og:image\" content=\"http:\/\/festival-ismotscroises.fr\/wp-content\/plugins\/easy-media-gallery-pro\/includes\/images\/trans.png\" \/>\n<meta name=\"twitter:card\" content=\"summary_large_image\" \/>\n<script type=\"application\/ld+json\" class=\"yoast-schema-graph\">{\"@context\":\"https:\/\/schema.org\",\"@graph\":[{\"@type\":\"WebPage\",\"@id\":\"https:\/\/festival-ismotscroises.fr\/?page_id=221\",\"url\":\"https:\/\/festival-ismotscroises.fr\/?page_id=221\",\"name\":\"Tournoi des coll\u00e8ges - Le Festival des mots crois\u00e9s \u00e0 Is-sur-Tille\",\"isPartOf\":{\"@id\":\"https:\/\/festival-ismotscroises.fr\/#website\"},\"primaryImageOfPage\":{\"@id\":\"https:\/\/festival-ismotscroises.fr\/?page_id=221#primaryimage\"},\"image\":{\"@id\":\"https:\/\/festival-ismotscroises.fr\/?page_id=221#primaryimage\"},\"thumbnailUrl\":\"http:\/\/festival-ismotscroises.fr\/wp-content\/plugins\/easy-media-gallery-pro\/includes\/images\/trans.png\",\"datePublished\":\"2015-06-18T19:00:20+00:00\",\"dateModified\":\"2023-03-24T14:51:52+00:00\",\"breadcrumb\":{\"@id\":\"https:\/\/festival-ismotscroises.fr\/?page_id=221#breadcrumb\"},\"inLanguage\":\"fr-FR\",\"potentialAction\":[{\"@type\":\"ReadAction\",\"target\":[\"https:\/\/festival-ismotscroises.fr\/?page_id=221\"]}]},{\"@type\":\"ImageObject\",\"inLanguage\":\"fr-FR\",\"@id\":\"https:\/\/festival-ismotscroises.fr\/?page_id=221#primaryimage\",\"url\":\"http:\/\/festival-ismotscroises.fr\/wp-content\/plugins\/easy-media-gallery-pro\/includes\/images\/trans.png\",\"contentUrl\":\"http:\/\/festival-ismotscroises.fr\/wp-content\/plugins\/easy-media-gallery-pro\/includes\/images\/trans.png\"},{\"@type\":\"BreadcrumbList\",\"@id\":\"https:\/\/festival-ismotscroises.fr\/?page_id=221#breadcrumb\",\"itemListElement\":[{\"@type\":\"ListItem\",\"position\":1,\"name\":\"Accueil\",\"item\":\"https:\/\/festival-ismotscroises.fr\/\"},{\"@type\":\"ListItem\",\"position\":2,\"name\":\"Tournoi des coll\u00e8ges\"}]},{\"@type\":\"WebSite\",\"@id\":\"https:\/\/festival-ismotscroises.fr\/#website\",\"url\":\"https:\/\/festival-ismotscroises.fr\/\",\"name\":\"Le Festival des mots crois\u00e9s \u00e0 Is-sur-Tille\",\"description\":\"La ville d&#039;Is-sur-Tille, en C\u00f4te-d&#039;Or, organise un festival annuel de mots crois\u00e9s depuis 1990..\",\"potentialAction\":[{\"@type\":\"SearchAction\",\"target\":{\"@type\":\"EntryPoint\",\"urlTemplate\":\"https:\/\/festival-ismotscroises.fr\/?s={search_term_string}\"},\"query-input\":\"required name=search_term_string\"}],\"inLanguage\":\"fr-FR\"}]}<\/script>\n<!-- \/ Yoast SEO plugin. -->","yoast_head_json":{"title":"Tournoi des coll\u00e8ges - Le Festival des mots crois\u00e9s \u00e0 Is-sur-Tille","robots":{"index":"index","follow":"follow","max-snippet":"max-snippet:-1","max-image-preview":"max-image-preview:large","max-video-preview":"max-video-preview:-1"},"canonical":"https:\/\/festival-ismotscroises.fr\/?page_id=221","og_locale":"fr_FR","og_type":"article","og_title":"Tournoi des coll\u00e8ges - Le Festival des mots crois\u00e9s \u00e0 Is-sur-Tille","og_description":"Tournoi des coll\u00e8ges 2002Un tournoi qui mettait aux prises, le samedi 25 mai 2002, les coll\u00e8ges Henri Berger de Fontaine Fran\u00e7aise, Champ Lumi\u00e8re de Selongey et Paul Fort d'Is-sur-Tille. \u2028La comp\u00e9tition, riche en rebondissements, a conduit \u00e0 une finale opposant, comme l'an dernier, les coll\u00e8ges de Selongey et d'Is-sur-Tille. La paire Jessica Paris - Nicolas [&hellip;]","og_url":"https:\/\/festival-ismotscroises.fr\/?page_id=221","og_site_name":"Le Festival des mots crois\u00e9s \u00e0 Is-sur-Tille","article_modified_time":"2023-03-24T14:51:52+00:00","og_image":[{"url":"http:\/\/festival-ismotscroises.fr\/wp-content\/plugins\/easy-media-gallery-pro\/includes\/images\/trans.png"}],"twitter_card":"summary_large_image","schema":{"@context":"https:\/\/schema.org","@graph":[{"@type":"WebPage","@id":"https:\/\/festival-ismotscroises.fr\/?page_id=221","url":"https:\/\/festival-ismotscroises.fr\/?page_id=221","name":"Tournoi des coll\u00e8ges - Le Festival des mots crois\u00e9s \u00e0 Is-sur-Tille","isPartOf":{"@id":"https:\/\/festival-ismotscroises.fr\/#website"},"primaryImageOfPage":{"@id":"https:\/\/festival-ismotscroises.fr\/?page_id=221#primaryimage"},"image":{"@id":"https:\/\/festival-ismotscroises.fr\/?page_id=221#primaryimage"},"thumbnailUrl":"http:\/\/festival-ismotscroises.fr\/wp-content\/plugins\/easy-media-gallery-pro\/includes\/images\/trans.png","datePublished":"2015-06-18T19:00:20+00:00","dateModified":"2023-03-24T14:51:52+00:00","breadcrumb":{"@id":"https:\/\/festival-ismotscroises.fr\/?page_id=221#breadcrumb"},"inLanguage":"fr-FR","potentialAction":[{"@type":"ReadAction","target":["https:\/\/festival-ismotscroises.fr\/?page_id=221"]}]},{"@type":"ImageObject","inLanguage":"fr-FR","@id":"https:\/\/festival-ismotscroises.fr\/?page_id=221#primaryimage","url":"http:\/\/festival-ismotscroises.fr\/wp-content\/plugins\/easy-media-gallery-pro\/includes\/images\/trans.png","contentUrl":"http:\/\/festival-ismotscroises.fr\/wp-content\/plugins\/easy-media-gallery-pro\/includes\/images\/trans.png"},{"@type":"BreadcrumbList","@id":"https:\/\/festival-ismotscroises.fr\/?page_id=221#breadcrumb","itemListElement":[{"@type":"ListItem","position":1,"name":"Accueil","item":"https:\/\/festival-ismotscroises.fr\/"},{"@type":"ListItem","position":2,"name":"Tournoi des coll\u00e8ges"}]},{"@type":"WebSite","@id":"https:\/\/festival-ismotscroises.fr\/#website","url":"https:\/\/festival-ismotscroises.fr\/","name":"Le Festival des mots crois\u00e9s \u00e0 Is-sur-Tille","description":"La ville d&#039;Is-sur-Tille, en C\u00f4te-d&#039;Or, organise un festival annuel de mots crois\u00e9s depuis 1990..","potentialAction":[{"@type":"SearchAction","target":{"@type":"EntryPoint","urlTemplate":"https:\/\/festival-ismotscroises.fr\/?s={search_term_string}"},"query-input":"required name=search_term_string"}],"inLanguage":"fr-FR"}]}},"_links":{"self":[{"href":"https:\/\/festival-ismotscroises.fr\/index.php?rest_route=\/wp\/v2\/pages\/221","targetHints":{"allow":["GET"]}}],"collection":[{"href":"https:\/\/festival-ismotscroises.fr\/index.php?rest_route=\/wp\/v2\/pages"}],"about":[{"href":"https:\/\/festival-ismotscroises.fr\/index.php?rest_route=\/wp\/v2\/types\/page"}],"author":[{"embeddable":true,"href":"https:\/\/festival-ismotscroises.fr\/index.php?rest_route=\/wp\/v2\/users\/2"}],"replies":[{"embeddable":true,"href":"https:\/\/festival-ismotscroises.fr\/index.php?rest_route=%2Fwp%2Fv2%2Fcomments&post=221"}],"version-history":[{"count":5,"href":"https:\/\/festival-ismotscroises.fr\/index.php?rest_route=\/wp\/v2\/pages\/221\/revisions"}],"predecessor-version":[{"id":1428,"href":"https:\/\/festival-ismotscroises.fr\/index.php?rest_route=\/wp\/v2\/pages\/221\/revisions\/1428"}],"wp:attachment":[{"href":"https:\/\/festival-ismotscroises.fr\/index.php?rest_route=%2Fwp%2Fv2%2Fmedia&parent=221"}],"curies":[{"name":"wp","href":"https:\/\/api.w.org\/{rel}","templated":true}]}}