{"id":2191,"date":"2016-05-23T20:10:12","date_gmt":"2016-05-23T18:10:12","guid":{"rendered":"http:\/\/festival-ismotscroises.fr\/?page_id=2191"},"modified":"2016-05-24T21:48:33","modified_gmt":"2016-05-24T19:48:33","slug":"la-rue-gambetta-entre-en-jeux","status":"publish","type":"page","link":"https:\/\/festival-ismotscroises.fr\/?page_id=2191","title":{"rendered":"F\u00eate des jeux"},"content":{"rendered":"<div id=\"pl-2191\"  class=\"panel-layout\" ><div id=\"pg-2191-0\"  class=\"panel-grid panel-no-style\" ><div id=\"pgc-2191-0-0\"  class=\"panel-grid-cell\" ><div id=\"panel-2191-0-0-0\" class=\"so-panel widget panel-first-child panel-last-child\" data-index=\"0\" ><\/div><\/div><div id=\"pgc-2191-0-1\"  class=\"panel-grid-cell\" ><div id=\"panel-2191-0-1-0\" class=\"so-panel widget widget_black-studio-tinymce widget_black_studio_tinymce panel-first-child panel-last-child\" data-index=\"1\" ><div class=\"textwidget\"><p><img loading=\"lazy\" decoding=\"async\" class=\"alignright wp-image-2248 size-medium\" src=\"http:\/\/festival-ismotscroises.fr\/wp-content\/uploads\/2016\/05\/Jeux_2016_13-200x300.jpg\" alt=\"La f\u00eate des jeux\" width=\"200\" height=\"300\" srcset=\"https:\/\/festival-ismotscroises.fr\/wp-content\/uploads\/2016\/05\/Jeux_2016_13-200x300.jpg 200w, https:\/\/festival-ismotscroises.fr\/wp-content\/uploads\/2016\/05\/Jeux_2016_13-768x1152.jpg 768w, https:\/\/festival-ismotscroises.fr\/wp-content\/uploads\/2016\/05\/Jeux_2016_13-683x1024.jpg 683w, https:\/\/festival-ismotscroises.fr\/wp-content\/uploads\/2016\/05\/Jeux_2016_13.jpg 1200w\" sizes=\"auto, (max-width: 200px) 100vw, 200px\" \/><\/p>\n<p>La rue Gambetta entre en jeux... quand le ciel le veut bien. Les averses annonc\u00e9es pour la journ\u00e9e du 22 mai ont contraint les joueurs au repli dans la salle des Capucins. Les visiteurs qui ont affront\u00e9 les bourrasques de l'apr\u00e8s-midi sont rest\u00e9s plut\u00f4t longtemps, incit\u00e9s par le confort de l'abri et l'acc\u00e8s facile \u00e0 la plupart des jeux.<br \/>Le club dijonnais de Questions pour un champion rassemblait en permanence des groupes de candidats, tandis que les grilles de Jean Rossat attiraient des amateurs d'\u00e9nigmes et de bons mots. Ailleurs dans la salle, les panneaux effa\u00e7ables permettaient de r\u00e9soudre individuellement ou \u00e0 deux des probl\u00e8mes de mots crois\u00e9s faciles, puis\u00e9s dans les riches archives du Festival d'Is-sur-Tille. Le Scrabble junior et Dico d'Is ont eu leurs candidats d'\u00e2ges divers. Les jeux d'adresse et les grands jeux en bois ont int\u00e9ress\u00e9 les enfants plus jeunes, parfois aid\u00e9s par leurs parents. \u00c0 l'\u00e2ge des loisirs num\u00e9riques, les jeux non virtuels gardent tout leur attrait.<\/p>\n<\/div><\/div><\/div><\/div><\/div>","protected":false},"excerpt":{"rendered":"<p>La rue Gambetta entre en jeux&#8230; quand le ciel le veut bien. Les averses annonc\u00e9es pour la journ\u00e9e du 22 mai ont contraint les joueurs au repli dans la salle des Capucins. Les visiteurs qui ont affront\u00e9 les bourrasques de l&rsquo;apr\u00e8s-midi sont rest\u00e9s plut\u00f4t longtemps, incit\u00e9s par le confort de l&rsquo;abri et l&rsquo;acc\u00e8s facile \u00e0 [&hellip;]<\/p>\n","protected":false},"author":2,"featured_media":0,"parent":0,"menu_order":0,"comment_status":"closed","ping_status":"closed","template":"","meta":{"_monsterinsights_skip_tracking":false,"_monsterinsights_sitenote_active":false,"_monsterinsights_sitenote_note":"","_monsterinsights_sitenote_category":0,"footnotes":""},"class_list":["post-2191","page","type-page","status-publish","hentry","post"],"yoast_head":"<!-- This site is optimized with the Yoast SEO plugin v22.6 - https:\/\/yoast.com\/wordpress\/plugins\/seo\/ -->\n<title>F\u00eate des jeux - Le Festival des mots crois\u00e9s \u00e0 Is-sur-Tille<\/title>\n<meta name=\"robots\" content=\"index, follow, max-snippet:-1, max-image-preview:large, max-video-preview:-1\" \/>\n<link rel=\"canonical\" href=\"https:\/\/festival-ismotscroises.fr\/?page_id=2191\" \/>\n<meta property=\"og:locale\" content=\"fr_FR\" \/>\n<meta property=\"og:type\" content=\"article\" \/>\n<meta property=\"og:title\" content=\"F\u00eate des jeux - Le Festival des mots crois\u00e9s \u00e0 Is-sur-Tille\" \/>\n<meta property=\"og:description\" content=\"La rue Gambetta entre en jeux... quand le ciel le veut bien. Les averses annonc\u00e9es pour la journ\u00e9e du 22 mai ont contraint les joueurs au repli dans la salle des Capucins. Les visiteurs qui ont affront\u00e9 les bourrasques de l&#039;apr\u00e8s-midi sont rest\u00e9s plut\u00f4t longtemps, incit\u00e9s par le confort de l&#039;abri et l&#039;acc\u00e8s facile \u00e0 [&hellip;]\" \/>\n<meta property=\"og:url\" content=\"https:\/\/festival-ismotscroises.fr\/?page_id=2191\" \/>\n<meta property=\"og:site_name\" content=\"Le Festival des mots crois\u00e9s \u00e0 Is-sur-Tille\" \/>\n<meta property=\"article:modified_time\" content=\"2016-05-24T19:48:33+00:00\" \/>\n<meta property=\"og:image\" content=\"http:\/\/festival-ismotscroises.fr\/wp-content\/plugins\/easy-media-gallery-pro\/includes\/images\/trans.png\" \/>\n<meta name=\"twitter:card\" content=\"summary_large_image\" \/>\n<meta name=\"twitter:label1\" content=\"Dur\u00e9e de lecture estim\u00e9e\" \/>\n\t<meta name=\"twitter:data1\" content=\"1 minute\" \/>\n<script type=\"application\/ld+json\" class=\"yoast-schema-graph\">{\"@context\":\"https:\/\/schema.org\",\"@graph\":[{\"@type\":\"WebPage\",\"@id\":\"https:\/\/festival-ismotscroises.fr\/?page_id=2191\",\"url\":\"https:\/\/festival-ismotscroises.fr\/?page_id=2191\",\"name\":\"F\u00eate des jeux - Le Festival des mots crois\u00e9s \u00e0 Is-sur-Tille\",\"isPartOf\":{\"@id\":\"https:\/\/festival-ismotscroises.fr\/#website\"},\"primaryImageOfPage\":{\"@id\":\"https:\/\/festival-ismotscroises.fr\/?page_id=2191#primaryimage\"},\"image\":{\"@id\":\"https:\/\/festival-ismotscroises.fr\/?page_id=2191#primaryimage\"},\"thumbnailUrl\":\"http:\/\/festival-ismotscroises.fr\/wp-content\/plugins\/easy-media-gallery-pro\/includes\/images\/trans.png\",\"datePublished\":\"2016-05-23T18:10:12+00:00\",\"dateModified\":\"2016-05-24T19:48:33+00:00\",\"breadcrumb\":{\"@id\":\"https:\/\/festival-ismotscroises.fr\/?page_id=2191#breadcrumb\"},\"inLanguage\":\"fr-FR\",\"potentialAction\":[{\"@type\":\"ReadAction\",\"target\":[\"https:\/\/festival-ismotscroises.fr\/?page_id=2191\"]}]},{\"@type\":\"ImageObject\",\"inLanguage\":\"fr-FR\",\"@id\":\"https:\/\/festival-ismotscroises.fr\/?page_id=2191#primaryimage\",\"url\":\"http:\/\/festival-ismotscroises.fr\/wp-content\/plugins\/easy-media-gallery-pro\/includes\/images\/trans.png\",\"contentUrl\":\"http:\/\/festival-ismotscroises.fr\/wp-content\/plugins\/easy-media-gallery-pro\/includes\/images\/trans.png\"},{\"@type\":\"BreadcrumbList\",\"@id\":\"https:\/\/festival-ismotscroises.fr\/?page_id=2191#breadcrumb\",\"itemListElement\":[{\"@type\":\"ListItem\",\"position\":1,\"name\":\"Accueil\",\"item\":\"https:\/\/festival-ismotscroises.fr\/\"},{\"@type\":\"ListItem\",\"position\":2,\"name\":\"F\u00eate des jeux\"}]},{\"@type\":\"WebSite\",\"@id\":\"https:\/\/festival-ismotscroises.fr\/#website\",\"url\":\"https:\/\/festival-ismotscroises.fr\/\",\"name\":\"Le Festival des mots crois\u00e9s \u00e0 Is-sur-Tille\",\"description\":\"La ville d&#039;Is-sur-Tille, en C\u00f4te-d&#039;Or, organise un festival annuel de mots crois\u00e9s depuis 1990..\",\"potentialAction\":[{\"@type\":\"SearchAction\",\"target\":{\"@type\":\"EntryPoint\",\"urlTemplate\":\"https:\/\/festival-ismotscroises.fr\/?s={search_term_string}\"},\"query-input\":\"required name=search_term_string\"}],\"inLanguage\":\"fr-FR\"}]}<\/script>\n<!-- \/ Yoast SEO plugin. -->","yoast_head_json":{"title":"F\u00eate des jeux - Le Festival des mots crois\u00e9s \u00e0 Is-sur-Tille","robots":{"index":"index","follow":"follow","max-snippet":"max-snippet:-1","max-image-preview":"max-image-preview:large","max-video-preview":"max-video-preview:-1"},"canonical":"https:\/\/festival-ismotscroises.fr\/?page_id=2191","og_locale":"fr_FR","og_type":"article","og_title":"F\u00eate des jeux - Le Festival des mots crois\u00e9s \u00e0 Is-sur-Tille","og_description":"La rue Gambetta entre en jeux... quand le ciel le veut bien. Les averses annonc\u00e9es pour la journ\u00e9e du 22 mai ont contraint les joueurs au repli dans la salle des Capucins. Les visiteurs qui ont affront\u00e9 les bourrasques de l'apr\u00e8s-midi sont rest\u00e9s plut\u00f4t longtemps, incit\u00e9s par le confort de l'abri et l'acc\u00e8s facile \u00e0 [&hellip;]","og_url":"https:\/\/festival-ismotscroises.fr\/?page_id=2191","og_site_name":"Le Festival des mots crois\u00e9s \u00e0 Is-sur-Tille","article_modified_time":"2016-05-24T19:48:33+00:00","og_image":[{"url":"http:\/\/festival-ismotscroises.fr\/wp-content\/plugins\/easy-media-gallery-pro\/includes\/images\/trans.png"}],"twitter_card":"summary_large_image","twitter_misc":{"Dur\u00e9e de lecture estim\u00e9e":"1 minute"},"schema":{"@context":"https:\/\/schema.org","@graph":[{"@type":"WebPage","@id":"https:\/\/festival-ismotscroises.fr\/?page_id=2191","url":"https:\/\/festival-ismotscroises.fr\/?page_id=2191","name":"F\u00eate des jeux - Le Festival des mots crois\u00e9s \u00e0 Is-sur-Tille","isPartOf":{"@id":"https:\/\/festival-ismotscroises.fr\/#website"},"primaryImageOfPage":{"@id":"https:\/\/festival-ismotscroises.fr\/?page_id=2191#primaryimage"},"image":{"@id":"https:\/\/festival-ismotscroises.fr\/?page_id=2191#primaryimage"},"thumbnailUrl":"http:\/\/festival-ismotscroises.fr\/wp-content\/plugins\/easy-media-gallery-pro\/includes\/images\/trans.png","datePublished":"2016-05-23T18:10:12+00:00","dateModified":"2016-05-24T19:48:33+00:00","breadcrumb":{"@id":"https:\/\/festival-ismotscroises.fr\/?page_id=2191#breadcrumb"},"inLanguage":"fr-FR","potentialAction":[{"@type":"ReadAction","target":["https:\/\/festival-ismotscroises.fr\/?page_id=2191"]}]},{"@type":"ImageObject","inLanguage":"fr-FR","@id":"https:\/\/festival-ismotscroises.fr\/?page_id=2191#primaryimage","url":"http:\/\/festival-ismotscroises.fr\/wp-content\/plugins\/easy-media-gallery-pro\/includes\/images\/trans.png","contentUrl":"http:\/\/festival-ismotscroises.fr\/wp-content\/plugins\/easy-media-gallery-pro\/includes\/images\/trans.png"},{"@type":"BreadcrumbList","@id":"https:\/\/festival-ismotscroises.fr\/?page_id=2191#breadcrumb","itemListElement":[{"@type":"ListItem","position":1,"name":"Accueil","item":"https:\/\/festival-ismotscroises.fr\/"},{"@type":"ListItem","position":2,"name":"F\u00eate des jeux"}]},{"@type":"WebSite","@id":"https:\/\/festival-ismotscroises.fr\/#website","url":"https:\/\/festival-ismotscroises.fr\/","name":"Le Festival des mots crois\u00e9s \u00e0 Is-sur-Tille","description":"La ville d&#039;Is-sur-Tille, en C\u00f4te-d&#039;Or, organise un festival annuel de mots crois\u00e9s depuis 1990..","potentialAction":[{"@type":"SearchAction","target":{"@type":"EntryPoint","urlTemplate":"https:\/\/festival-ismotscroises.fr\/?s={search_term_string}"},"query-input":"required name=search_term_string"}],"inLanguage":"fr-FR"}]}},"_links":{"self":[{"href":"https:\/\/festival-ismotscroises.fr\/index.php?rest_route=\/wp\/v2\/pages\/2191","targetHints":{"allow":["GET"]}}],"collection":[{"href":"https:\/\/festival-ismotscroises.fr\/index.php?rest_route=\/wp\/v2\/pages"}],"about":[{"href":"https:\/\/festival-ismotscroises.fr\/index.php?rest_route=\/wp\/v2\/types\/page"}],"author":[{"embeddable":true,"href":"https:\/\/festival-ismotscroises.fr\/index.php?rest_route=\/wp\/v2\/users\/2"}],"replies":[{"embeddable":true,"href":"https:\/\/festival-ismotscroises.fr\/index.php?rest_route=%2Fwp%2Fv2%2Fcomments&post=2191"}],"version-history":[{"count":7,"href":"https:\/\/festival-ismotscroises.fr\/index.php?rest_route=\/wp\/v2\/pages\/2191\/revisions"}],"predecessor-version":[{"id":2311,"href":"https:\/\/festival-ismotscroises.fr\/index.php?rest_route=\/wp\/v2\/pages\/2191\/revisions\/2311"}],"wp:attachment":[{"href":"https:\/\/festival-ismotscroises.fr\/index.php?rest_route=%2Fwp%2Fv2%2Fmedia&parent=2191"}],"curies":[{"name":"wp","href":"https:\/\/api.w.org\/{rel}","templated":true}]}}