{"id":2185,"date":"2016-05-23T20:06:32","date_gmt":"2016-05-23T18:06:32","guid":{"rendered":"http:\/\/festival-ismotscroises.fr\/?page_id=2185"},"modified":"2016-11-06T10:43:53","modified_gmt":"2016-11-06T09:43:53","slug":"la-soiree-des-mots-croises","status":"publish","type":"page","link":"https:\/\/festival-ismotscroises.fr\/?page_id=2185","title":{"rendered":"La Soir\u00e9e des mots crois\u00e9s"},"content":{"rendered":"<div id=\"pl-2185\"  class=\"panel-layout\" ><div id=\"pg-2185-0\"  class=\"panel-grid panel-no-style\" ><div id=\"pgc-2185-0-0\"  class=\"panel-grid-cell\" ><div id=\"panel-2185-0-0-0\" class=\"so-panel widget panel-first-child panel-last-child\" data-index=\"0\" ><\/div><\/div><div id=\"pgc-2185-0-1\"  class=\"panel-grid-cell\" ><div id=\"panel-2185-0-1-0\" class=\"so-panel widget widget_sow-editor panel-first-child panel-last-child\" data-index=\"1\" ><div\n\t\t\t\n\t\t\tclass=\"so-widget-sow-editor so-widget-sow-editor-base\"\n\t\t\t\n\t\t>\n<div class=\"siteorigin-widget-tinymce textwidget\">\n\t<p>Samedi 21 mai 2016<\/p>\n<p><img loading=\"lazy\" decoding=\"async\" class=\"alignright wp-image-2206 size-medium\" src=\"http:\/\/festival-ismotscroises.fr\/wp-content\/uploads\/2016\/05\/Soir\u00e9e_2016_11-264x300.jpg\" alt=\"Soir\u00e9e_2016_11\" width=\"264\" height=\"300\" srcset=\"https:\/\/festival-ismotscroises.fr\/wp-content\/uploads\/2016\/05\/Soir\u00e9e_2016_11-264x300.jpg 264w, https:\/\/festival-ismotscroises.fr\/wp-content\/uploads\/2016\/05\/Soir\u00e9e_2016_11-768x874.jpg 768w, https:\/\/festival-ismotscroises.fr\/wp-content\/uploads\/2016\/05\/Soir\u00e9e_2016_11-900x1024.jpg 900w, https:\/\/festival-ismotscroises.fr\/wp-content\/uploads\/2016\/05\/Soir\u00e9e_2016_11.jpg 1582w\" sizes=\"auto, (max-width: 264px) 100vw, 264px\" \/>Une soir\u00e9e pensante pour les amateurs de bons mots et de bonne ch\u00e8re, fa\u00e7on agr\u00e9able de clore une journ\u00e9e pass\u00e9e en compagnie de coll\u00e9giens cruciverbistes, vifs d'esprit et passionn\u00e9s. L'animateur est le m\u00eame, autant \u00e0 l'aise dans l'une que dans l'autre rencontre, pourvoyeur de sid\u00e9rantes d\u00e9finitions, ce soir sur le th\u00e8me des parfums. Jean Rossat excelle dans l'art de mener le jeu, faisant tourner la parole avec bonhommie, sans n\u00e9gliger d'observer des pauses o\u00f9 les doigts lev\u00e9s redescendent pour faire honneur \u00e0 un repas de qualit\u00e9 servi par le restaurant issois Le Cheval Blanc.<\/p>\n<p>\u00a0<\/p>\n<p>&gt;&gt; <a href=\"http:\/\/jeanrossat.fr\/2016\/05\/remue-meninges-a-is\/\" target=\"_blank\">Le point de vue de l'auteur<\/a> sur la Soir\u00e9e des mots crois\u00e9s, et sur l'ensemble du Festival des mots crois\u00e9s 2016.<\/p>\n<\/div>\n<\/div><\/div><\/div><\/div><div id=\"pg-2185-1\"  class=\"panel-grid panel-no-style\" ><div id=\"pgc-2185-1-0\"  class=\"panel-grid-cell\" ><div id=\"panel-2185-1-0-0\" class=\"so-panel widget widget_black-studio-tinymce widget_black_studio_tinymce panel-first-child panel-last-child\" data-index=\"2\" ><div class=\"textwidget\"><p><img loading=\"lazy\" decoding=\"async\" class=\"size-thumbnail wp-image-916 alignright\" src=\"http:\/\/festival-ismotscroises.fr\/wp-content\/uploads\/2015\/06\/SLIDER1-S1L2-150x150.png\" alt=\"SLIDER1-S1L2\" width=\"150\" height=\"150\" \/><\/p>\n<\/div><\/div><\/div><\/div><\/div>","protected":false},"excerpt":{"rendered":"<p>Samedi 21 mai 2016Une soir\u00e9e pensante pour les amateurs de bons mots et de bonne ch\u00e8re, fa\u00e7on agr\u00e9able de clore une journ\u00e9e pass\u00e9e en compagnie de coll\u00e9giens cruciverbistes, vifs d&rsquo;esprit et passionn\u00e9s. L&rsquo;animateur est le m\u00eame, autant \u00e0 l&rsquo;aise dans l&rsquo;une que dans l&rsquo;autre rencontre, pourvoyeur de sid\u00e9rantes d\u00e9finitions, ce soir sur le th\u00e8me des [&hellip;]<\/p>\n","protected":false},"author":2,"featured_media":0,"parent":0,"menu_order":0,"comment_status":"closed","ping_status":"closed","template":"","meta":{"_monsterinsights_skip_tracking":false,"_monsterinsights_sitenote_active":false,"_monsterinsights_sitenote_note":"","_monsterinsights_sitenote_category":0,"footnotes":""},"class_list":["post-2185","page","type-page","status-publish","hentry","post"],"yoast_head":"<!-- This site is optimized with the Yoast SEO plugin v22.6 - https:\/\/yoast.com\/wordpress\/plugins\/seo\/ -->\n<title>La Soir\u00e9e des mots crois\u00e9s - Le Festival des mots crois\u00e9s \u00e0 Is-sur-Tille<\/title>\n<meta name=\"robots\" content=\"index, follow, max-snippet:-1, max-image-preview:large, max-video-preview:-1\" \/>\n<link rel=\"canonical\" href=\"https:\/\/festival-ismotscroises.fr\/?page_id=2185\" \/>\n<meta property=\"og:locale\" content=\"fr_FR\" \/>\n<meta property=\"og:type\" content=\"article\" \/>\n<meta property=\"og:title\" content=\"La Soir\u00e9e des mots crois\u00e9s - Le Festival des mots crois\u00e9s \u00e0 Is-sur-Tille\" \/>\n<meta property=\"og:description\" content=\"Samedi 21 mai 2016Une soir\u00e9e pensante pour les amateurs de bons mots et de bonne ch\u00e8re, fa\u00e7on agr\u00e9able de clore une journ\u00e9e pass\u00e9e en compagnie de coll\u00e9giens cruciverbistes, vifs d&#039;esprit et passionn\u00e9s. L&#039;animateur est le m\u00eame, autant \u00e0 l&#039;aise dans l&#039;une que dans l&#039;autre rencontre, pourvoyeur de sid\u00e9rantes d\u00e9finitions, ce soir sur le th\u00e8me des [&hellip;]\" \/>\n<meta property=\"og:url\" content=\"https:\/\/festival-ismotscroises.fr\/?page_id=2185\" \/>\n<meta property=\"og:site_name\" content=\"Le Festival des mots crois\u00e9s \u00e0 Is-sur-Tille\" \/>\n<meta property=\"article:modified_time\" content=\"2016-11-06T09:43:53+00:00\" \/>\n<meta property=\"og:image\" content=\"http:\/\/festival-ismotscroises.fr\/wp-content\/plugins\/easy-media-gallery-pro\/includes\/images\/trans.png\" \/>\n<meta name=\"twitter:card\" content=\"summary_large_image\" \/>\n<meta name=\"twitter:label1\" content=\"Dur\u00e9e de lecture estim\u00e9e\" \/>\n\t<meta name=\"twitter:data1\" content=\"1 minute\" \/>\n<script type=\"application\/ld+json\" class=\"yoast-schema-graph\">{\"@context\":\"https:\/\/schema.org\",\"@graph\":[{\"@type\":\"WebPage\",\"@id\":\"https:\/\/festival-ismotscroises.fr\/?page_id=2185\",\"url\":\"https:\/\/festival-ismotscroises.fr\/?page_id=2185\",\"name\":\"La Soir\u00e9e des mots crois\u00e9s - Le Festival des mots crois\u00e9s \u00e0 Is-sur-Tille\",\"isPartOf\":{\"@id\":\"https:\/\/festival-ismotscroises.fr\/#website\"},\"primaryImageOfPage\":{\"@id\":\"https:\/\/festival-ismotscroises.fr\/?page_id=2185#primaryimage\"},\"image\":{\"@id\":\"https:\/\/festival-ismotscroises.fr\/?page_id=2185#primaryimage\"},\"thumbnailUrl\":\"http:\/\/festival-ismotscroises.fr\/wp-content\/plugins\/easy-media-gallery-pro\/includes\/images\/trans.png\",\"datePublished\":\"2016-05-23T18:06:32+00:00\",\"dateModified\":\"2016-11-06T09:43:53+00:00\",\"breadcrumb\":{\"@id\":\"https:\/\/festival-ismotscroises.fr\/?page_id=2185#breadcrumb\"},\"inLanguage\":\"fr-FR\",\"potentialAction\":[{\"@type\":\"ReadAction\",\"target\":[\"https:\/\/festival-ismotscroises.fr\/?page_id=2185\"]}]},{\"@type\":\"ImageObject\",\"inLanguage\":\"fr-FR\",\"@id\":\"https:\/\/festival-ismotscroises.fr\/?page_id=2185#primaryimage\",\"url\":\"http:\/\/festival-ismotscroises.fr\/wp-content\/plugins\/easy-media-gallery-pro\/includes\/images\/trans.png\",\"contentUrl\":\"http:\/\/festival-ismotscroises.fr\/wp-content\/plugins\/easy-media-gallery-pro\/includes\/images\/trans.png\"},{\"@type\":\"BreadcrumbList\",\"@id\":\"https:\/\/festival-ismotscroises.fr\/?page_id=2185#breadcrumb\",\"itemListElement\":[{\"@type\":\"ListItem\",\"position\":1,\"name\":\"Accueil\",\"item\":\"https:\/\/festival-ismotscroises.fr\/\"},{\"@type\":\"ListItem\",\"position\":2,\"name\":\"La Soir\u00e9e des mots crois\u00e9s\"}]},{\"@type\":\"WebSite\",\"@id\":\"https:\/\/festival-ismotscroises.fr\/#website\",\"url\":\"https:\/\/festival-ismotscroises.fr\/\",\"name\":\"Le Festival des mots crois\u00e9s \u00e0 Is-sur-Tille\",\"description\":\"La ville d&#039;Is-sur-Tille, en C\u00f4te-d&#039;Or, organise un festival annuel de mots crois\u00e9s depuis 1990..\",\"potentialAction\":[{\"@type\":\"SearchAction\",\"target\":{\"@type\":\"EntryPoint\",\"urlTemplate\":\"https:\/\/festival-ismotscroises.fr\/?s={search_term_string}\"},\"query-input\":\"required name=search_term_string\"}],\"inLanguage\":\"fr-FR\"}]}<\/script>\n<!-- \/ Yoast SEO plugin. -->","yoast_head_json":{"title":"La Soir\u00e9e des mots crois\u00e9s - Le Festival des mots crois\u00e9s \u00e0 Is-sur-Tille","robots":{"index":"index","follow":"follow","max-snippet":"max-snippet:-1","max-image-preview":"max-image-preview:large","max-video-preview":"max-video-preview:-1"},"canonical":"https:\/\/festival-ismotscroises.fr\/?page_id=2185","og_locale":"fr_FR","og_type":"article","og_title":"La Soir\u00e9e des mots crois\u00e9s - Le Festival des mots crois\u00e9s \u00e0 Is-sur-Tille","og_description":"Samedi 21 mai 2016Une soir\u00e9e pensante pour les amateurs de bons mots et de bonne ch\u00e8re, fa\u00e7on agr\u00e9able de clore une journ\u00e9e pass\u00e9e en compagnie de coll\u00e9giens cruciverbistes, vifs d'esprit et passionn\u00e9s. L'animateur est le m\u00eame, autant \u00e0 l'aise dans l'une que dans l'autre rencontre, pourvoyeur de sid\u00e9rantes d\u00e9finitions, ce soir sur le th\u00e8me des [&hellip;]","og_url":"https:\/\/festival-ismotscroises.fr\/?page_id=2185","og_site_name":"Le Festival des mots crois\u00e9s \u00e0 Is-sur-Tille","article_modified_time":"2016-11-06T09:43:53+00:00","og_image":[{"url":"http:\/\/festival-ismotscroises.fr\/wp-content\/plugins\/easy-media-gallery-pro\/includes\/images\/trans.png"}],"twitter_card":"summary_large_image","twitter_misc":{"Dur\u00e9e de lecture estim\u00e9e":"1 minute"},"schema":{"@context":"https:\/\/schema.org","@graph":[{"@type":"WebPage","@id":"https:\/\/festival-ismotscroises.fr\/?page_id=2185","url":"https:\/\/festival-ismotscroises.fr\/?page_id=2185","name":"La Soir\u00e9e des mots crois\u00e9s - Le Festival des mots crois\u00e9s \u00e0 Is-sur-Tille","isPartOf":{"@id":"https:\/\/festival-ismotscroises.fr\/#website"},"primaryImageOfPage":{"@id":"https:\/\/festival-ismotscroises.fr\/?page_id=2185#primaryimage"},"image":{"@id":"https:\/\/festival-ismotscroises.fr\/?page_id=2185#primaryimage"},"thumbnailUrl":"http:\/\/festival-ismotscroises.fr\/wp-content\/plugins\/easy-media-gallery-pro\/includes\/images\/trans.png","datePublished":"2016-05-23T18:06:32+00:00","dateModified":"2016-11-06T09:43:53+00:00","breadcrumb":{"@id":"https:\/\/festival-ismotscroises.fr\/?page_id=2185#breadcrumb"},"inLanguage":"fr-FR","potentialAction":[{"@type":"ReadAction","target":["https:\/\/festival-ismotscroises.fr\/?page_id=2185"]}]},{"@type":"ImageObject","inLanguage":"fr-FR","@id":"https:\/\/festival-ismotscroises.fr\/?page_id=2185#primaryimage","url":"http:\/\/festival-ismotscroises.fr\/wp-content\/plugins\/easy-media-gallery-pro\/includes\/images\/trans.png","contentUrl":"http:\/\/festival-ismotscroises.fr\/wp-content\/plugins\/easy-media-gallery-pro\/includes\/images\/trans.png"},{"@type":"BreadcrumbList","@id":"https:\/\/festival-ismotscroises.fr\/?page_id=2185#breadcrumb","itemListElement":[{"@type":"ListItem","position":1,"name":"Accueil","item":"https:\/\/festival-ismotscroises.fr\/"},{"@type":"ListItem","position":2,"name":"La Soir\u00e9e des mots crois\u00e9s"}]},{"@type":"WebSite","@id":"https:\/\/festival-ismotscroises.fr\/#website","url":"https:\/\/festival-ismotscroises.fr\/","name":"Le Festival des mots crois\u00e9s \u00e0 Is-sur-Tille","description":"La ville d&#039;Is-sur-Tille, en C\u00f4te-d&#039;Or, organise un festival annuel de mots crois\u00e9s depuis 1990..","potentialAction":[{"@type":"SearchAction","target":{"@type":"EntryPoint","urlTemplate":"https:\/\/festival-ismotscroises.fr\/?s={search_term_string}"},"query-input":"required name=search_term_string"}],"inLanguage":"fr-FR"}]}},"_links":{"self":[{"href":"https:\/\/festival-ismotscroises.fr\/index.php?rest_route=\/wp\/v2\/pages\/2185","targetHints":{"allow":["GET"]}}],"collection":[{"href":"https:\/\/festival-ismotscroises.fr\/index.php?rest_route=\/wp\/v2\/pages"}],"about":[{"href":"https:\/\/festival-ismotscroises.fr\/index.php?rest_route=\/wp\/v2\/types\/page"}],"author":[{"embeddable":true,"href":"https:\/\/festival-ismotscroises.fr\/index.php?rest_route=\/wp\/v2\/users\/2"}],"replies":[{"embeddable":true,"href":"https:\/\/festival-ismotscroises.fr\/index.php?rest_route=%2Fwp%2Fv2%2Fcomments&post=2185"}],"version-history":[{"count":10,"href":"https:\/\/festival-ismotscroises.fr\/index.php?rest_route=\/wp\/v2\/pages\/2185\/revisions"}],"predecessor-version":[{"id":2622,"href":"https:\/\/festival-ismotscroises.fr\/index.php?rest_route=\/wp\/v2\/pages\/2185\/revisions\/2622"}],"wp:attachment":[{"href":"https:\/\/festival-ismotscroises.fr\/index.php?rest_route=%2Fwp%2Fv2%2Fmedia&parent=2185"}],"curies":[{"name":"wp","href":"https:\/\/api.w.org\/{rel}","templated":true}]}}