{"id":2166,"date":"2016-05-23T16:55:48","date_gmt":"2016-05-23T14:55:48","guid":{"rendered":"http:\/\/festival-ismotscroises.fr\/?page_id=2166"},"modified":"2016-11-06T10:41:33","modified_gmt":"2016-11-06T09:41:33","slug":"tournoi-des-colleges-17","status":"publish","type":"page","link":"https:\/\/festival-ismotscroises.fr\/?page_id=2166","title":{"rendered":"Tournoi des coll\u00e8ges 2016"},"content":{"rendered":"<div id=\"pl-2166\"  class=\"panel-layout\" ><div id=\"pg-2166-0\"  class=\"panel-grid panel-no-style\" ><div id=\"pgc-2166-0-0\"  class=\"panel-grid-cell\" ><div id=\"panel-2166-0-0-0\" class=\"so-panel widget panel-first-child panel-last-child\" data-index=\"0\" ><\/div><\/div><div id=\"pgc-2166-0-1\"  class=\"panel-grid-cell\" ><div id=\"panel-2166-0-1-0\" class=\"so-panel widget widget_black-studio-tinymce widget_black_studio_tinymce panel-first-child panel-last-child\" data-index=\"1\" ><div class=\"textwidget\"><p>Le coll\u00e8ge Paul-Fort d'Is-sur-Tille gagne le 16e Tournoi de mots crois\u00e9s des coll\u00e8ges. Une \u00e9quipe de deux filles particuli\u00e8rement brillantes remporte 4 manches sur 5 en arr\u00eatant la partie en moins de 5 minutes, sur des grilles sans faute.<\/p>\n<p>La premi\u00e8re manche, les 16es de finale, a \u00e9t\u00e9 le passage le plus difficile pour les jeunes Issoises : Apr\u00e8s avoir trouv\u00e9 la solution parfaite, elles ont pu penser la partie perdue lorsque leurs adversaires, deux gar\u00e7ons du coll\u00e8ge des Lentill\u00e8res de Dijon, les ont devanc\u00e9es pour\u00a0 arr\u00eater la partie... mais avec une faute dans leur grille.<\/p>\n<p>La finale, tr\u00e8s disput\u00e9e, les a oppos\u00e9es \u00e0 une autre excellente \u00e9quipe de gar\u00e7ons du coll\u00e8ge Henri-Morat, de Recey-sur-Ource. C'est la rapidit\u00e9 qui a fait la diff\u00e9rence.<\/p>\n<p>Un z\u00e9ro faute sur toute la ligne pour les coll\u00e9giennes d'Is-sur-Tille. Bravo !<\/p>\n<p>Pour conna\u00eetre le point de vue de l'auteur des grilles Jean Rossat sur le tournoi des jeunes, et sur l'ensemble du Festival des mots\u00a0 crois\u00e9s 2016, on peut aller voir du c\u00f4t\u00e9 de <a href=\"http:\/\/jeanrossat.fr\/2016\/05\/remue-meninges-a-is\/\" target=\"_blank\">son blog<\/a>.<\/p>\n<h4 style=\"text-align: justify;\"><strong>Palmar\u00e8s<\/strong><\/h4>\n<p style=\"text-align: justify;\">Depuis l'an dernier, les \u00e9quipes qui ont perdu en seizi\u00e8mes de finale peuvent jouer une s\u00e9rie de matchs suppl\u00e9mentaires leur permettant d'obtenir un classement plus pr\u00e9cis dans le palmar\u00e8s final, \u00e0 partir de la 17e place.<\/p>\n<p style=\"text-align: justify;\"><span style=\"color: #993300;\"><strong>Finale :<\/strong><\/span><br \/> 1 Coll\u00e8ge Paul-Fort (IS-SUR-TILLE - 21), 2e \u00e9quipe<br \/>2 Coll\u00e8ge Henri-Morat (RECEY-SUR-OURCE - 21)<\/p>\n<p style=\"text-align: justify;\"><span style=\"color: #993300;\"><strong>Demi-finales :<\/strong><\/span><br \/> 3 Coll\u00e8ge Les Franchises (LANGRES - 52), 1\u00e8re \u00e9quipe<br \/> 4 Coll\u00e8ge Champ Lumi\u00e8re (SELONGEY - 21),\u00a0 1\u00e8re \u00e9quipe<\/p>\n<p style=\"text-align: justify;\"><strong><span style=\"color: #993300;\">Quarts de finales :<\/span><\/strong><br \/> 5 Coll\u00e8ge Claude-Girard (CH\u00c2TILLON-LE-DUC - 25), 1\u00e8re \u00e9quipe<br \/> 6 Coll\u00e8ge Claude-Girard (CH\u00c2TILLON-LE-DUC - 25), 2e \u00e9quipe<br \/>7 Coll\u00e8ge Roland-Dorgel\u00e8s (LONGVIC - 21)<br \/> 8 Coll\u00e8ge Champ Lumi\u00e8re (SELONGEY - 21),\u00a0 2e \u00e9quipe<\/p>\n<p style=\"text-align: justify;\"><span style=\"color: #993300;\"><strong>Huiti\u00e8mes de finales :<\/strong><\/span><br \/> 9 Coll\u00e8ge de Colombey-les-deux-\u00c9glises (52), 1\u00e8re \u00e9quipe<br \/> 10 Coll\u00e8ge Paul-Fort (IS-SUR-TILLE - 21), 1\u00e8re \u00e9quipe<br \/> 11 Coll\u00e8ge Robert et Sonia Delaunay (GRAY - 70), 1\u00e8re \u00e9quipe<br \/> 12 Coll\u00e8ge Gaston Ramon (DAMPIERRE-SUR-SALON - 70), 1\u00e8re \u00e9quipe<br \/> 13 Coll\u00e8ge de Colombey-les-deux-\u00c9glises (52), 2e \u00e9quipe<br \/> 14 Coll\u00e8ge Louis-et-Auguste-Lumi\u00e8re (BESAN\u00c7ON - 25), 2e \u00e9quipe<br \/> 15 Coll\u00e8ge Arthur-Rimbaud (MIREBEAU-SUR-B\u00c8ZE - 21), 2e \u00e9quipe<br \/> 16 Coll\u00e8ge \u00c9mile-Lepitre (LAIGNES - 21), 2e \u00e9quipe<\/p>\n<p style=\"text-align: justify;\"><span style=\"color: #993300;\"><strong>Seizi\u00e8mes de finales :<\/strong><\/span><br \/> 17 Coll\u00e8ge Les Lentill\u00e8res (DIJON - 21), 1\u00e8re \u00e9quipe<br \/> 18 Coll\u00e8ge des Vernaux (TAVAUX - 39)<br \/>19 Coll\u00e8ge Arthur-Rimbaud (MIREBEAU-SUR-B\u00c8ZE - 21), 1\u00e8re \u00e9quipe<br \/>20 Coll\u00e8ge Louis-et-Auguste-Lumi\u00e8re (BESAN\u00c7ON - 25), 1\u00e8re \u00e9quipe<br \/>21 Coll\u00e8ge Gaston Ramon (DAMPIERRE-SUR-SALON - 70), 1\u00e8re \u00e9quipe<br \/> 22 Coll\u00e8ge Henry-Berger (FONTAINE-FRAN\u00c7AISE - 21), 1\u00e8re \u00e9quipe<br \/>23 Coll\u00e8ge Clos-de-Pouilly (DIJON - 21), 1\u00e8re \u00e9quipe<br \/> 24 Coll\u00e8ge Clos-de-Pouilly (DIJON - 21), 2e \u00e9quipe<br \/> 25 Coll\u00e8ge Les Franchises (LANGRES - 52), 2e \u00e9quipe<br \/>26 Coll\u00e8ge Stendhal (BESAN\u00c7ON - 25), 1\u00e8re \u00e9quipe<br \/> 27 Coll\u00e8ge \u00c9mile-Lepitre (LAIGNES - 21), 1\u00e8re \u00e9quipe<br \/>28\u00a0Coll\u00e8ge Robert et Sonia Delaunay (GRAY - 70), 2e \u00e9quipe<br \/>29 Coll\u00e8ge Stendhal (BESAN\u00c7ON - 25), 2e \u00e9quipe<br \/> 30 Coll\u00e8ge Les Lentill\u00e8res (DIJON - 21), 2e \u00e9quipe<br \/>31 Coll\u00e8ge Henry-Berger (FONTAINE-FRAN\u00c7AISE - 21), 2e \u00e9quipe<\/p>\n<p style=\"text-align: justify;\"><em>Non class\u00e9e : \u00e9quipe du coll\u00e8ge Paul-Fort (IS-SUR-TILLE - 21), en remplacement de l'\u00e9quipe du coll\u00e8ge Georges-Pompidou (POULLEY-LES-VIGNES - 25)<\/em><\/p>\n<\/div><\/div><\/div><\/div><div id=\"pg-2166-1\"  class=\"panel-grid panel-no-style\" ><div id=\"pgc-2166-1-0\"  class=\"panel-grid-cell\" ><div id=\"panel-2166-1-0-0\" class=\"so-panel widget widget_black-studio-tinymce widget_black_studio_tinymce panel-first-child panel-last-child\" data-index=\"2\" ><div class=\"textwidget\"><p><img loading=\"lazy\" decoding=\"async\" class=\"size-thumbnail wp-image-916 aligncenter\" src=\"http:\/\/festival-ismotscroises.fr\/wp-content\/uploads\/2015\/06\/SLIDER1-S1L2-150x150.png\" alt=\"SLIDER1-S1L2\" width=\"150\" height=\"150\" \/><\/p>\n<\/div><\/div><\/div><\/div><\/div>","protected":false},"excerpt":{"rendered":"<p>Le coll\u00e8ge Paul-Fort d&rsquo;Is-sur-Tille gagne le 16e Tournoi de mots crois\u00e9s des coll\u00e8ges. Une \u00e9quipe de deux filles particuli\u00e8rement brillantes remporte 4 manches sur 5 en arr\u00eatant la partie en moins de 5 minutes, sur des grilles sans faute.La premi\u00e8re manche, les 16es de finale, a \u00e9t\u00e9 le passage le plus difficile pour les jeunes [&hellip;]<\/p>\n","protected":false},"author":2,"featured_media":0,"parent":0,"menu_order":0,"comment_status":"closed","ping_status":"closed","template":"","meta":{"_monsterinsights_skip_tracking":false,"_monsterinsights_sitenote_active":false,"_monsterinsights_sitenote_note":"","_monsterinsights_sitenote_category":0,"footnotes":""},"class_list":["post-2166","page","type-page","status-publish","hentry","post"],"yoast_head":"<!-- This site is optimized with the Yoast SEO plugin v22.6 - https:\/\/yoast.com\/wordpress\/plugins\/seo\/ -->\n<title>Tournoi des coll\u00e8ges 2016 - Le Festival des mots crois\u00e9s \u00e0 Is-sur-Tille<\/title>\n<meta name=\"robots\" content=\"index, follow, max-snippet:-1, max-image-preview:large, max-video-preview:-1\" \/>\n<link rel=\"canonical\" href=\"https:\/\/festival-ismotscroises.fr\/?page_id=2166\" \/>\n<meta property=\"og:locale\" content=\"fr_FR\" \/>\n<meta property=\"og:type\" content=\"article\" \/>\n<meta property=\"og:title\" content=\"Tournoi des coll\u00e8ges 2016 - Le Festival des mots crois\u00e9s \u00e0 Is-sur-Tille\" \/>\n<meta property=\"og:description\" content=\"Le coll\u00e8ge Paul-Fort d&#039;Is-sur-Tille gagne le 16e Tournoi de mots crois\u00e9s des coll\u00e8ges. Une \u00e9quipe de deux filles particuli\u00e8rement brillantes remporte 4 manches sur 5 en arr\u00eatant la partie en moins de 5 minutes, sur des grilles sans faute.La premi\u00e8re manche, les 16es de finale, a \u00e9t\u00e9 le passage le plus difficile pour les jeunes [&hellip;]\" \/>\n<meta property=\"og:url\" content=\"https:\/\/festival-ismotscroises.fr\/?page_id=2166\" \/>\n<meta property=\"og:site_name\" content=\"Le Festival des mots crois\u00e9s \u00e0 Is-sur-Tille\" \/>\n<meta property=\"article:modified_time\" content=\"2016-11-06T09:41:33+00:00\" \/>\n<meta property=\"og:image\" content=\"http:\/\/festival-ismotscroises.fr\/wp-content\/plugins\/easy-media-gallery-pro\/includes\/images\/trans.png\" \/>\n<meta name=\"twitter:card\" content=\"summary_large_image\" \/>\n<meta name=\"twitter:label1\" content=\"Dur\u00e9e de lecture estim\u00e9e\" \/>\n\t<meta name=\"twitter:data1\" content=\"3 minutes\" \/>\n<script type=\"application\/ld+json\" class=\"yoast-schema-graph\">{\"@context\":\"https:\/\/schema.org\",\"@graph\":[{\"@type\":\"WebPage\",\"@id\":\"https:\/\/festival-ismotscroises.fr\/?page_id=2166\",\"url\":\"https:\/\/festival-ismotscroises.fr\/?page_id=2166\",\"name\":\"Tournoi des coll\u00e8ges 2016 - Le Festival des mots crois\u00e9s \u00e0 Is-sur-Tille\",\"isPartOf\":{\"@id\":\"https:\/\/festival-ismotscroises.fr\/#website\"},\"primaryImageOfPage\":{\"@id\":\"https:\/\/festival-ismotscroises.fr\/?page_id=2166#primaryimage\"},\"image\":{\"@id\":\"https:\/\/festival-ismotscroises.fr\/?page_id=2166#primaryimage\"},\"thumbnailUrl\":\"http:\/\/festival-ismotscroises.fr\/wp-content\/plugins\/easy-media-gallery-pro\/includes\/images\/trans.png\",\"datePublished\":\"2016-05-23T14:55:48+00:00\",\"dateModified\":\"2016-11-06T09:41:33+00:00\",\"breadcrumb\":{\"@id\":\"https:\/\/festival-ismotscroises.fr\/?page_id=2166#breadcrumb\"},\"inLanguage\":\"fr-FR\",\"potentialAction\":[{\"@type\":\"ReadAction\",\"target\":[\"https:\/\/festival-ismotscroises.fr\/?page_id=2166\"]}]},{\"@type\":\"ImageObject\",\"inLanguage\":\"fr-FR\",\"@id\":\"https:\/\/festival-ismotscroises.fr\/?page_id=2166#primaryimage\",\"url\":\"http:\/\/festival-ismotscroises.fr\/wp-content\/plugins\/easy-media-gallery-pro\/includes\/images\/trans.png\",\"contentUrl\":\"http:\/\/festival-ismotscroises.fr\/wp-content\/plugins\/easy-media-gallery-pro\/includes\/images\/trans.png\"},{\"@type\":\"BreadcrumbList\",\"@id\":\"https:\/\/festival-ismotscroises.fr\/?page_id=2166#breadcrumb\",\"itemListElement\":[{\"@type\":\"ListItem\",\"position\":1,\"name\":\"Accueil\",\"item\":\"https:\/\/festival-ismotscroises.fr\/\"},{\"@type\":\"ListItem\",\"position\":2,\"name\":\"Tournoi des coll\u00e8ges 2016\"}]},{\"@type\":\"WebSite\",\"@id\":\"https:\/\/festival-ismotscroises.fr\/#website\",\"url\":\"https:\/\/festival-ismotscroises.fr\/\",\"name\":\"Le Festival des mots crois\u00e9s \u00e0 Is-sur-Tille\",\"description\":\"La ville d&#039;Is-sur-Tille, en C\u00f4te-d&#039;Or, organise un festival annuel de mots crois\u00e9s depuis 1990..\",\"potentialAction\":[{\"@type\":\"SearchAction\",\"target\":{\"@type\":\"EntryPoint\",\"urlTemplate\":\"https:\/\/festival-ismotscroises.fr\/?s={search_term_string}\"},\"query-input\":\"required name=search_term_string\"}],\"inLanguage\":\"fr-FR\"}]}<\/script>\n<!-- \/ Yoast SEO plugin. -->","yoast_head_json":{"title":"Tournoi des coll\u00e8ges 2016 - Le Festival des mots crois\u00e9s \u00e0 Is-sur-Tille","robots":{"index":"index","follow":"follow","max-snippet":"max-snippet:-1","max-image-preview":"max-image-preview:large","max-video-preview":"max-video-preview:-1"},"canonical":"https:\/\/festival-ismotscroises.fr\/?page_id=2166","og_locale":"fr_FR","og_type":"article","og_title":"Tournoi des coll\u00e8ges 2016 - Le Festival des mots crois\u00e9s \u00e0 Is-sur-Tille","og_description":"Le coll\u00e8ge Paul-Fort d'Is-sur-Tille gagne le 16e Tournoi de mots crois\u00e9s des coll\u00e8ges. Une \u00e9quipe de deux filles particuli\u00e8rement brillantes remporte 4 manches sur 5 en arr\u00eatant la partie en moins de 5 minutes, sur des grilles sans faute.La premi\u00e8re manche, les 16es de finale, a \u00e9t\u00e9 le passage le plus difficile pour les jeunes [&hellip;]","og_url":"https:\/\/festival-ismotscroises.fr\/?page_id=2166","og_site_name":"Le Festival des mots crois\u00e9s \u00e0 Is-sur-Tille","article_modified_time":"2016-11-06T09:41:33+00:00","og_image":[{"url":"http:\/\/festival-ismotscroises.fr\/wp-content\/plugins\/easy-media-gallery-pro\/includes\/images\/trans.png"}],"twitter_card":"summary_large_image","twitter_misc":{"Dur\u00e9e de lecture estim\u00e9e":"3 minutes"},"schema":{"@context":"https:\/\/schema.org","@graph":[{"@type":"WebPage","@id":"https:\/\/festival-ismotscroises.fr\/?page_id=2166","url":"https:\/\/festival-ismotscroises.fr\/?page_id=2166","name":"Tournoi des coll\u00e8ges 2016 - Le Festival des mots crois\u00e9s \u00e0 Is-sur-Tille","isPartOf":{"@id":"https:\/\/festival-ismotscroises.fr\/#website"},"primaryImageOfPage":{"@id":"https:\/\/festival-ismotscroises.fr\/?page_id=2166#primaryimage"},"image":{"@id":"https:\/\/festival-ismotscroises.fr\/?page_id=2166#primaryimage"},"thumbnailUrl":"http:\/\/festival-ismotscroises.fr\/wp-content\/plugins\/easy-media-gallery-pro\/includes\/images\/trans.png","datePublished":"2016-05-23T14:55:48+00:00","dateModified":"2016-11-06T09:41:33+00:00","breadcrumb":{"@id":"https:\/\/festival-ismotscroises.fr\/?page_id=2166#breadcrumb"},"inLanguage":"fr-FR","potentialAction":[{"@type":"ReadAction","target":["https:\/\/festival-ismotscroises.fr\/?page_id=2166"]}]},{"@type":"ImageObject","inLanguage":"fr-FR","@id":"https:\/\/festival-ismotscroises.fr\/?page_id=2166#primaryimage","url":"http:\/\/festival-ismotscroises.fr\/wp-content\/plugins\/easy-media-gallery-pro\/includes\/images\/trans.png","contentUrl":"http:\/\/festival-ismotscroises.fr\/wp-content\/plugins\/easy-media-gallery-pro\/includes\/images\/trans.png"},{"@type":"BreadcrumbList","@id":"https:\/\/festival-ismotscroises.fr\/?page_id=2166#breadcrumb","itemListElement":[{"@type":"ListItem","position":1,"name":"Accueil","item":"https:\/\/festival-ismotscroises.fr\/"},{"@type":"ListItem","position":2,"name":"Tournoi des coll\u00e8ges 2016"}]},{"@type":"WebSite","@id":"https:\/\/festival-ismotscroises.fr\/#website","url":"https:\/\/festival-ismotscroises.fr\/","name":"Le Festival des mots crois\u00e9s \u00e0 Is-sur-Tille","description":"La ville d&#039;Is-sur-Tille, en C\u00f4te-d&#039;Or, organise un festival annuel de mots crois\u00e9s depuis 1990..","potentialAction":[{"@type":"SearchAction","target":{"@type":"EntryPoint","urlTemplate":"https:\/\/festival-ismotscroises.fr\/?s={search_term_string}"},"query-input":"required name=search_term_string"}],"inLanguage":"fr-FR"}]}},"_links":{"self":[{"href":"https:\/\/festival-ismotscroises.fr\/index.php?rest_route=\/wp\/v2\/pages\/2166","targetHints":{"allow":["GET"]}}],"collection":[{"href":"https:\/\/festival-ismotscroises.fr\/index.php?rest_route=\/wp\/v2\/pages"}],"about":[{"href":"https:\/\/festival-ismotscroises.fr\/index.php?rest_route=\/wp\/v2\/types\/page"}],"author":[{"embeddable":true,"href":"https:\/\/festival-ismotscroises.fr\/index.php?rest_route=\/wp\/v2\/users\/2"}],"replies":[{"embeddable":true,"href":"https:\/\/festival-ismotscroises.fr\/index.php?rest_route=%2Fwp%2Fv2%2Fcomments&post=2166"}],"version-history":[{"count":18,"href":"https:\/\/festival-ismotscroises.fr\/index.php?rest_route=\/wp\/v2\/pages\/2166\/revisions"}],"predecessor-version":[{"id":2621,"href":"https:\/\/festival-ismotscroises.fr\/index.php?rest_route=\/wp\/v2\/pages\/2166\/revisions\/2621"}],"wp:attachment":[{"href":"https:\/\/festival-ismotscroises.fr\/index.php?rest_route=%2Fwp%2Fv2%2Fmedia&parent=2166"}],"curies":[{"name":"wp","href":"https:\/\/api.w.org\/{rel}","templated":true}]}}