{"id":215,"date":"2015-06-18T20:58:31","date_gmt":"2015-06-18T18:58:31","guid":{"rendered":"http:\/\/festival-ismotscroises.fr\/?page_id=215"},"modified":"2015-07-08T00:22:19","modified_gmt":"2015-07-07T22:22:19","slug":"tournoi-des-3-rivieres-4","status":"publish","type":"page","link":"https:\/\/festival-ismotscroises.fr\/?page_id=215","title":{"rendered":"Tournoi des 3 Rivi\u00e8res"},"content":{"rendered":"<div id=\"pl-215\"  class=\"panel-layout\" ><div id=\"pg-215-0\"  class=\"panel-grid panel-no-style\" ><div id=\"pgc-215-0-0\"  class=\"panel-grid-cell\" ><div id=\"panel-215-0-0-0\" class=\"so-panel widget panel-first-child panel-last-child\" data-index=\"0\" ><\/div><\/div><div id=\"pgc-215-0-1\"  class=\"panel-grid-cell\" ><div id=\"panel-215-0-1-0\" class=\"so-panel widget widget_black-studio-tinymce widget_black_studio_tinymce panel-first-child panel-last-child\" data-index=\"1\" ><div class=\"textwidget\"><h3 style=\"text-align: justify;\"><strong>Tournoi des 3 Rivi\u00e8res 2003<\/strong><\/h3>\n<h4 style=\"text-align: justify;\"><strong>Une comp\u00e9tition qui monte, qui monte\u2026<\/strong><\/h4>\n<p style=\"text-align: justify;\">Les cruciverbistes des cantons des 3 Rivi\u00e8res s'entra\u00eenent toute l'ann\u00e9e, et le Tournoi y gagne en intensit\u00e9 et en suspense.<br \/>Une \u00e9preuve de qualification \u00e9tait n\u00e9cessaire pour d\u00e9partager les \u00e9quipes inscrites, onze en tout, alors que le tableau de d\u00e9part ne pouvait en comporter que huit.<\/p>\n<h4 style=\"text-align: justify;\"><strong>La comp\u00e9tition\u2026 sans la finale<\/strong><\/h4>\n<p style=\"text-align: justify;\">Au terme d'une soir\u00e9e \u00e0 la salle de l'Orangerie, o\u00f9 l'ambiance conviviale le disputait au s\u00e9rieux des matchs, deux \u00e9quipes pouvaient pr\u00e9tendre l'emporter\u00a0: Jocelyne Fleurey \/ Martine P\u00e8re et M\u00e8re et Mireille Borecki\/Myl\u00e8ne Debierre. Ainsi dans le carr\u00e9 de t\u00eate figuraient deux championnes de niveau r\u00e9gional\u00a0: Jocelyne Fleurey, troisi\u00e8me au Tournoi de Bourgogne 2002 et Mireille Borecki, qui devait terminer deuxi\u00e8me du m\u00eame tournoi d\u00e8s le lendemain, contre Bernard Monnet, le tenant du titre.<\/p>\n<h4 style=\"text-align: justify;\"><strong>Une finale \u00e0 suspense<\/strong><\/h4>\n<p style=\"text-align: justify;\">La finale devait avoir lieu le lendemain, lors de la soir\u00e9e des mots crois\u00e9s, dans la salle des Capucins. Jocelyne Fleurey et Martine P\u00e8re et m\u00e8re se sont impos\u00e9es au terme d'une partie tr\u00e8s serr\u00e9e.<\/p>\n<\/div><\/div><\/div><\/div><div id=\"pg-215-1\"  class=\"panel-grid panel-no-style\" ><div id=\"pgc-215-1-0\"  class=\"panel-grid-cell\" ><div id=\"panel-215-1-0-0\" class=\"so-panel widget widget_black-studio-tinymce widget_black_studio_tinymce panel-first-child panel-last-child\" data-index=\"2\" ><div class=\"textwidget\"><p><img loading=\"lazy\" decoding=\"async\" class=\" size-full wp-image-1496 alignright\" src=\"http:\/\/festival-ismotscroises.fr\/wp-content\/uploads\/2015\/07\/ISMOTSCROISES-LOGO.png\" alt=\"ISMOTSCROISES-LOGO\" width=\"152\" height=\"150\" \/><\/p>\n<\/div><\/div><\/div><\/div><\/div>","protected":false},"excerpt":{"rendered":"<p>Tournoi des 3 Rivi\u00e8res 2003Une comp\u00e9tition qui monte, qui monte\u2026Les cruciverbistes des cantons des 3 Rivi\u00e8res s&rsquo;entra\u00eenent toute l&rsquo;ann\u00e9e, et le Tournoi y gagne en intensit\u00e9 et en suspense.Une \u00e9preuve de qualification \u00e9tait n\u00e9cessaire pour d\u00e9partager les \u00e9quipes inscrites, onze en tout, alors que le tableau de d\u00e9part ne pouvait en comporter que huit.La comp\u00e9tition\u2026 [&hellip;]<\/p>\n","protected":false},"author":2,"featured_media":0,"parent":0,"menu_order":0,"comment_status":"closed","ping_status":"closed","template":"templates\/template-full-notitle.php","meta":{"_monsterinsights_skip_tracking":false,"_monsterinsights_sitenote_active":false,"_monsterinsights_sitenote_note":"","_monsterinsights_sitenote_category":0,"footnotes":""},"class_list":["post-215","page","type-page","status-publish","hentry","post"],"yoast_head":"<!-- This site is optimized with the Yoast SEO plugin v22.6 - https:\/\/yoast.com\/wordpress\/plugins\/seo\/ -->\n<title>Tournoi des 3 Rivi\u00e8res - Le Festival des mots crois\u00e9s \u00e0 Is-sur-Tille<\/title>\n<meta name=\"robots\" content=\"index, follow, max-snippet:-1, max-image-preview:large, max-video-preview:-1\" \/>\n<link rel=\"canonical\" href=\"https:\/\/festival-ismotscroises.fr\/?page_id=215\" \/>\n<meta property=\"og:locale\" content=\"fr_FR\" \/>\n<meta property=\"og:type\" content=\"article\" \/>\n<meta property=\"og:title\" content=\"Tournoi des 3 Rivi\u00e8res - Le Festival des mots crois\u00e9s \u00e0 Is-sur-Tille\" \/>\n<meta property=\"og:description\" content=\"Tournoi des 3 Rivi\u00e8res 2003Une comp\u00e9tition qui monte, qui monte\u2026Les cruciverbistes des cantons des 3 Rivi\u00e8res s&#039;entra\u00eenent toute l&#039;ann\u00e9e, et le Tournoi y gagne en intensit\u00e9 et en suspense.Une \u00e9preuve de qualification \u00e9tait n\u00e9cessaire pour d\u00e9partager les \u00e9quipes inscrites, onze en tout, alors que le tableau de d\u00e9part ne pouvait en comporter que huit.La comp\u00e9tition\u2026 [&hellip;]\" \/>\n<meta property=\"og:url\" content=\"https:\/\/festival-ismotscroises.fr\/?page_id=215\" \/>\n<meta property=\"og:site_name\" content=\"Le Festival des mots crois\u00e9s \u00e0 Is-sur-Tille\" \/>\n<meta property=\"article:modified_time\" content=\"2015-07-07T22:22:19+00:00\" \/>\n<meta property=\"og:image\" content=\"http:\/\/festival-ismotscroises.fr\/wp-content\/plugins\/easy-media-gallery-pro\/includes\/images\/trans.png\" \/>\n<meta name=\"twitter:card\" content=\"summary_large_image\" \/>\n<meta name=\"twitter:label1\" content=\"Dur\u00e9e de lecture estim\u00e9e\" \/>\n\t<meta name=\"twitter:data1\" content=\"1 minute\" \/>\n<script type=\"application\/ld+json\" class=\"yoast-schema-graph\">{\"@context\":\"https:\/\/schema.org\",\"@graph\":[{\"@type\":\"WebPage\",\"@id\":\"https:\/\/festival-ismotscroises.fr\/?page_id=215\",\"url\":\"https:\/\/festival-ismotscroises.fr\/?page_id=215\",\"name\":\"Tournoi des 3 Rivi\u00e8res - Le Festival des mots crois\u00e9s \u00e0 Is-sur-Tille\",\"isPartOf\":{\"@id\":\"https:\/\/festival-ismotscroises.fr\/#website\"},\"primaryImageOfPage\":{\"@id\":\"https:\/\/festival-ismotscroises.fr\/?page_id=215#primaryimage\"},\"image\":{\"@id\":\"https:\/\/festival-ismotscroises.fr\/?page_id=215#primaryimage\"},\"thumbnailUrl\":\"http:\/\/festival-ismotscroises.fr\/wp-content\/plugins\/easy-media-gallery-pro\/includes\/images\/trans.png\",\"datePublished\":\"2015-06-18T18:58:31+00:00\",\"dateModified\":\"2015-07-07T22:22:19+00:00\",\"breadcrumb\":{\"@id\":\"https:\/\/festival-ismotscroises.fr\/?page_id=215#breadcrumb\"},\"inLanguage\":\"fr-FR\",\"potentialAction\":[{\"@type\":\"ReadAction\",\"target\":[\"https:\/\/festival-ismotscroises.fr\/?page_id=215\"]}]},{\"@type\":\"ImageObject\",\"inLanguage\":\"fr-FR\",\"@id\":\"https:\/\/festival-ismotscroises.fr\/?page_id=215#primaryimage\",\"url\":\"http:\/\/festival-ismotscroises.fr\/wp-content\/plugins\/easy-media-gallery-pro\/includes\/images\/trans.png\",\"contentUrl\":\"http:\/\/festival-ismotscroises.fr\/wp-content\/plugins\/easy-media-gallery-pro\/includes\/images\/trans.png\"},{\"@type\":\"BreadcrumbList\",\"@id\":\"https:\/\/festival-ismotscroises.fr\/?page_id=215#breadcrumb\",\"itemListElement\":[{\"@type\":\"ListItem\",\"position\":1,\"name\":\"Accueil\",\"item\":\"https:\/\/festival-ismotscroises.fr\/\"},{\"@type\":\"ListItem\",\"position\":2,\"name\":\"Tournoi des 3 Rivi\u00e8res\"}]},{\"@type\":\"WebSite\",\"@id\":\"https:\/\/festival-ismotscroises.fr\/#website\",\"url\":\"https:\/\/festival-ismotscroises.fr\/\",\"name\":\"Le Festival des mots crois\u00e9s \u00e0 Is-sur-Tille\",\"description\":\"La ville d&#039;Is-sur-Tille, en C\u00f4te-d&#039;Or, organise un festival annuel de mots crois\u00e9s depuis 1990..\",\"potentialAction\":[{\"@type\":\"SearchAction\",\"target\":{\"@type\":\"EntryPoint\",\"urlTemplate\":\"https:\/\/festival-ismotscroises.fr\/?s={search_term_string}\"},\"query-input\":\"required name=search_term_string\"}],\"inLanguage\":\"fr-FR\"}]}<\/script>\n<!-- \/ Yoast SEO plugin. -->","yoast_head_json":{"title":"Tournoi des 3 Rivi\u00e8res - Le Festival des mots crois\u00e9s \u00e0 Is-sur-Tille","robots":{"index":"index","follow":"follow","max-snippet":"max-snippet:-1","max-image-preview":"max-image-preview:large","max-video-preview":"max-video-preview:-1"},"canonical":"https:\/\/festival-ismotscroises.fr\/?page_id=215","og_locale":"fr_FR","og_type":"article","og_title":"Tournoi des 3 Rivi\u00e8res - Le Festival des mots crois\u00e9s \u00e0 Is-sur-Tille","og_description":"Tournoi des 3 Rivi\u00e8res 2003Une comp\u00e9tition qui monte, qui monte\u2026Les cruciverbistes des cantons des 3 Rivi\u00e8res s'entra\u00eenent toute l'ann\u00e9e, et le Tournoi y gagne en intensit\u00e9 et en suspense.Une \u00e9preuve de qualification \u00e9tait n\u00e9cessaire pour d\u00e9partager les \u00e9quipes inscrites, onze en tout, alors que le tableau de d\u00e9part ne pouvait en comporter que huit.La comp\u00e9tition\u2026 [&hellip;]","og_url":"https:\/\/festival-ismotscroises.fr\/?page_id=215","og_site_name":"Le Festival des mots crois\u00e9s \u00e0 Is-sur-Tille","article_modified_time":"2015-07-07T22:22:19+00:00","og_image":[{"url":"http:\/\/festival-ismotscroises.fr\/wp-content\/plugins\/easy-media-gallery-pro\/includes\/images\/trans.png"}],"twitter_card":"summary_large_image","twitter_misc":{"Dur\u00e9e de lecture estim\u00e9e":"1 minute"},"schema":{"@context":"https:\/\/schema.org","@graph":[{"@type":"WebPage","@id":"https:\/\/festival-ismotscroises.fr\/?page_id=215","url":"https:\/\/festival-ismotscroises.fr\/?page_id=215","name":"Tournoi des 3 Rivi\u00e8res - Le Festival des mots crois\u00e9s \u00e0 Is-sur-Tille","isPartOf":{"@id":"https:\/\/festival-ismotscroises.fr\/#website"},"primaryImageOfPage":{"@id":"https:\/\/festival-ismotscroises.fr\/?page_id=215#primaryimage"},"image":{"@id":"https:\/\/festival-ismotscroises.fr\/?page_id=215#primaryimage"},"thumbnailUrl":"http:\/\/festival-ismotscroises.fr\/wp-content\/plugins\/easy-media-gallery-pro\/includes\/images\/trans.png","datePublished":"2015-06-18T18:58:31+00:00","dateModified":"2015-07-07T22:22:19+00:00","breadcrumb":{"@id":"https:\/\/festival-ismotscroises.fr\/?page_id=215#breadcrumb"},"inLanguage":"fr-FR","potentialAction":[{"@type":"ReadAction","target":["https:\/\/festival-ismotscroises.fr\/?page_id=215"]}]},{"@type":"ImageObject","inLanguage":"fr-FR","@id":"https:\/\/festival-ismotscroises.fr\/?page_id=215#primaryimage","url":"http:\/\/festival-ismotscroises.fr\/wp-content\/plugins\/easy-media-gallery-pro\/includes\/images\/trans.png","contentUrl":"http:\/\/festival-ismotscroises.fr\/wp-content\/plugins\/easy-media-gallery-pro\/includes\/images\/trans.png"},{"@type":"BreadcrumbList","@id":"https:\/\/festival-ismotscroises.fr\/?page_id=215#breadcrumb","itemListElement":[{"@type":"ListItem","position":1,"name":"Accueil","item":"https:\/\/festival-ismotscroises.fr\/"},{"@type":"ListItem","position":2,"name":"Tournoi des 3 Rivi\u00e8res"}]},{"@type":"WebSite","@id":"https:\/\/festival-ismotscroises.fr\/#website","url":"https:\/\/festival-ismotscroises.fr\/","name":"Le Festival des mots crois\u00e9s \u00e0 Is-sur-Tille","description":"La ville d&#039;Is-sur-Tille, en C\u00f4te-d&#039;Or, organise un festival annuel de mots crois\u00e9s depuis 1990..","potentialAction":[{"@type":"SearchAction","target":{"@type":"EntryPoint","urlTemplate":"https:\/\/festival-ismotscroises.fr\/?s={search_term_string}"},"query-input":"required name=search_term_string"}],"inLanguage":"fr-FR"}]}},"_links":{"self":[{"href":"https:\/\/festival-ismotscroises.fr\/index.php?rest_route=\/wp\/v2\/pages\/215","targetHints":{"allow":["GET"]}}],"collection":[{"href":"https:\/\/festival-ismotscroises.fr\/index.php?rest_route=\/wp\/v2\/pages"}],"about":[{"href":"https:\/\/festival-ismotscroises.fr\/index.php?rest_route=\/wp\/v2\/types\/page"}],"author":[{"embeddable":true,"href":"https:\/\/festival-ismotscroises.fr\/index.php?rest_route=\/wp\/v2\/users\/2"}],"replies":[{"embeddable":true,"href":"https:\/\/festival-ismotscroises.fr\/index.php?rest_route=%2Fwp%2Fv2%2Fcomments&post=215"}],"version-history":[{"count":7,"href":"https:\/\/festival-ismotscroises.fr\/index.php?rest_route=\/wp\/v2\/pages\/215\/revisions"}],"predecessor-version":[{"id":1539,"href":"https:\/\/festival-ismotscroises.fr\/index.php?rest_route=\/wp\/v2\/pages\/215\/revisions\/1539"}],"wp:attachment":[{"href":"https:\/\/festival-ismotscroises.fr\/index.php?rest_route=%2Fwp%2Fv2%2Fmedia&parent=215"}],"curies":[{"name":"wp","href":"https:\/\/api.w.org\/{rel}","templated":true}]}}