{"id":209,"date":"2015-06-18T20:56:15","date_gmt":"2015-06-18T18:56:15","guid":{"rendered":"http:\/\/festival-ismotscroises.fr\/?page_id=209"},"modified":"2023-03-24T15:52:08","modified_gmt":"2023-03-24T14:52:08","slug":"tournoi-des-colleges-14","status":"publish","type":"page","link":"https:\/\/festival-ismotscroises.fr\/?page_id=209","title":{"rendered":"Tournoi des coll\u00e8ges"},"content":{"rendered":"<div id=\"pl-209\"  class=\"panel-layout\" ><div id=\"pg-209-0\"  class=\"panel-grid panel-no-style\" ><div id=\"pgc-209-0-0\"  class=\"panel-grid-cell\" ><div id=\"panel-209-0-0-0\" class=\"so-panel widget panel-first-child panel-last-child\" data-index=\"0\" ><\/div><\/div><div id=\"pgc-209-0-1\"  class=\"panel-grid-cell\" ><div id=\"panel-209-0-1-0\" class=\"so-panel widget widget_black-studio-tinymce widget_black_studio_tinymce panel-first-child panel-last-child\" data-index=\"1\" ><div class=\"textwidget\"><h3 style=\"text-align: justify;\"><strong>Tournoi des coll\u00e8ges 2003<\/strong><\/h3>\n<p style=\"text-align: justify;\">Le 17 mai \u00e0 Is-sur-Tille, la grande croisade des mots 2003 a mis aux prises 10 coll\u00e8ges de C\u00f4te-d'Or qui avaient envoy\u00e9 quelques champions d\u00e9fendre leurs couleurs. Seize \u00e9quipes \u00e9taient en lice. Les participants \u00e9taient \u00e9l\u00e8ves en Cinqui\u00e8me, tous issus d'une \u00e9preuve de qualification organis\u00e9e dans les coll\u00e8ges le 25 mars.<br \/>La comp\u00e9tition est rest\u00e9e tr\u00e8s ouverte jusqu'au bout. Les quatre\u00a0 \u00e9quipes de t\u00eate \u00e9taient d'un niveau\u00a0 tr\u00e8s proche et beaucoup de parties ont \u00e9t\u00e9 gagn\u00e9es par une ou deux lettres de diff\u00e9rence. Marie et Justine, de Roland-Dorgel\u00e8s \u00e0 Longvic, ont su jusqu'au bout g\u00e9rer leur temps et une l\u00e9g\u00e8re sup\u00e9riorit\u00e9 qui s'est affirm\u00e9e au fil des matchs.<br \/>Le coll\u00e8ge Roland-Dorgel\u00e8s a donc remport\u00e9 le titre de champion de C\u00f4te-d'Or des mots crois\u00e9s et gagn\u00e9 le premier prix, un ordinateur multim\u00e9dia avec lecteur de DVD, graveur de c\u00e9d\u00e9roms, un scanner et une imprimante offerts par la soci\u00e9t\u00e9 informatique Flomic, de Qu\u00e9tigny.<br \/>Les \u00e9quipes ex aequo (de 5 \u00e0 8 et de 9 \u00e0 15) ont \u00e9t\u00e9 d\u00e9partag\u00e9es selon les r\u00e9sultats obtenus \u00e0\u00a0 l\u2019\u00e9preuve de qualification du 25 mars. Deux \u00e9l\u00e8ves\u00a0 absents (du m\u00eame coll\u00e8ge) ont\u00a0 \u00e9t\u00e9 remplac\u00e9s par une \u00e9quipe d\u2019Is-sur-Tille qui ne figure pas dans le classement.<br \/>Un grand merci \u00e0 tous les professeurs-relais qui ont organis\u00e9 l'\u00e9preuve de s\u00e9lection dans leur coll\u00e8ge et agi comme interm\u00e9diaires avec les familles des \u00e9l\u00e8ves qualifi\u00e9s.<br \/>Le Tournoi des coll\u00e8ges est organis\u00e9 par une association d'Is-sur-Tille, Is Mots Crois\u00e9s, qui a b\u00e9n\u00e9fici\u00e9 du soutien financier d'un certain nombre de parraineurs institutionnels et priv\u00e9s. Qu'ils soient tous remerci\u00e9s pour avoir rendu possible une comp\u00e9tition d'une grande valeur \u00e9ducative.<\/p>\n<h4><strong>Palmar\u00e8s<\/strong><\/h4>\n<p>(Dans le cas d'une \u00e9limination avant les demi-finales, les \u00e9quipes sont class\u00e9es selon les r\u00e9sultats obtenus lors de l'\u00e9preuve de qualification).<br \/>1 Coll\u00e8ge Roland-Dorgel\u00e8s (Longvic) Marie et Justine<br \/>2 Coll\u00e8ge Les Lentill\u00e8res (Dijon) Fiona et Cl\u00e9mence<br \/>3 Coll\u00e8ge Paul-Fort (Is-sur-Tille) Prisca et Sarah<br \/>4 Coll\u00e8ge Andr\u00e9-Malraux (Dijon) Florent\u00a0et Guillaume<br \/>5 Coll\u00e8ge Les Lentill\u00e8res (Dijon) Ana\u00efs et S\u00e9verine<br \/>6 Coll\u00e8ge Clos-de-Pouilly (Dijon) Jean-Baptiste et Victoria<br \/>7 Coll\u00e8ge Champ-Lumi\u00e8re (Selongey) Quentin et Laure<br \/>8 Coll\u00e8ge Henry-Berger (Fontaine Fran\u00e7aise) Marion et Florian<br \/>9 Coll\u00e8ge Camille-Claudel (Chevigny Saint Sauveur) Adeline et Ana\u00efs<br \/>10 Coll\u00e8ge Camille-Claudel (Chevigny Saint Sauveur) Victor et Amandine<br \/>11 Coll\u00e8ge Andr\u00e9-Malraux (Dijon) Laura et Christine<br \/>12 Coll\u00e8ge Montchapet (Dijon) Claire et Lucile<br \/>13 Coll\u00e8ge Paul-Fort (Is-sur-Tille) Marl\u00e8ne et Agathe<br \/>14 Coll\u00e8ge Montchapet (Dijon) Paul et Justine<br \/>15 Coll\u00e8ge F\u00e9lix-Tisserand (Nuits Saint Georges) Julie et Laura<br \/>\u00c9quipe non-class\u00e9e\u00a0 (remplacemant d'une \u00e9quipe d\u00e9faillante) Vianney et C\u00e9cile<\/p>\n<\/div><\/div><\/div><\/div><div id=\"pg-209-1\"  class=\"panel-grid panel-no-style\" ><div id=\"pgc-209-1-0\"  class=\"panel-grid-cell\" ><div id=\"panel-209-1-0-0\" class=\"so-panel widget widget_black-studio-tinymce widget_black_studio_tinymce panel-first-child panel-last-child\" data-index=\"2\" ><div class=\"textwidget\"><p><img loading=\"lazy\" decoding=\"async\" class=\" size-medium wp-image-742 aligncenter\" src=\"http:\/\/festival-ismotscroises.fr\/wp-content\/uploads\/2015\/06\/MASCOTTE-300x264.png\" alt=\"MASCOTTE\" width=\"300\" height=\"264\" srcset=\"https:\/\/festival-ismotscroises.fr\/wp-content\/uploads\/2015\/06\/MASCOTTE-300x264.png 300w, https:\/\/festival-ismotscroises.fr\/wp-content\/uploads\/2015\/06\/MASCOTTE.png 535w\" sizes=\"auto, (max-width: 300px) 100vw, 300px\" \/><\/p>\n<\/div><\/div><\/div><\/div><\/div>","protected":false},"excerpt":{"rendered":"<p>Tournoi des coll\u00e8ges 2003Le 17 mai \u00e0 Is-sur-Tille, la grande croisade des mots 2003 a mis aux prises 10 coll\u00e8ges de C\u00f4te-d&rsquo;Or qui avaient envoy\u00e9 quelques champions d\u00e9fendre leurs couleurs. Seize \u00e9quipes \u00e9taient en lice. Les participants \u00e9taient \u00e9l\u00e8ves en Cinqui\u00e8me, tous issus d&rsquo;une \u00e9preuve de qualification organis\u00e9e dans les coll\u00e8ges le 25 mars.La comp\u00e9tition [&hellip;]<\/p>\n","protected":false},"author":2,"featured_media":0,"parent":0,"menu_order":0,"comment_status":"closed","ping_status":"closed","template":"templates\/template-full-notitle.php","meta":{"_monsterinsights_skip_tracking":false,"_monsterinsights_sitenote_active":false,"_monsterinsights_sitenote_note":"","_monsterinsights_sitenote_category":0,"footnotes":""},"class_list":["post-209","page","type-page","status-publish","hentry","post"],"yoast_head":"<!-- This site is optimized with the Yoast SEO plugin v22.6 - https:\/\/yoast.com\/wordpress\/plugins\/seo\/ -->\n<title>Tournoi des coll\u00e8ges - Le Festival des mots crois\u00e9s \u00e0 Is-sur-Tille<\/title>\n<meta name=\"robots\" content=\"index, follow, max-snippet:-1, max-image-preview:large, max-video-preview:-1\" \/>\n<link rel=\"canonical\" href=\"https:\/\/festival-ismotscroises.fr\/?page_id=209\" \/>\n<meta property=\"og:locale\" content=\"fr_FR\" \/>\n<meta property=\"og:type\" content=\"article\" \/>\n<meta property=\"og:title\" content=\"Tournoi des coll\u00e8ges - Le Festival des mots crois\u00e9s \u00e0 Is-sur-Tille\" \/>\n<meta property=\"og:description\" content=\"Tournoi des coll\u00e8ges 2003Le 17 mai \u00e0 Is-sur-Tille, la grande croisade des mots 2003 a mis aux prises 10 coll\u00e8ges de C\u00f4te-d&#039;Or qui avaient envoy\u00e9 quelques champions d\u00e9fendre leurs couleurs. Seize \u00e9quipes \u00e9taient en lice. Les participants \u00e9taient \u00e9l\u00e8ves en Cinqui\u00e8me, tous issus d&#039;une \u00e9preuve de qualification organis\u00e9e dans les coll\u00e8ges le 25 mars.La comp\u00e9tition [&hellip;]\" \/>\n<meta property=\"og:url\" content=\"https:\/\/festival-ismotscroises.fr\/?page_id=209\" \/>\n<meta property=\"og:site_name\" content=\"Le Festival des mots crois\u00e9s \u00e0 Is-sur-Tille\" \/>\n<meta property=\"article:modified_time\" content=\"2023-03-24T14:52:08+00:00\" \/>\n<meta property=\"og:image\" content=\"http:\/\/festival-ismotscroises.fr\/wp-content\/plugins\/easy-media-gallery-pro\/includes\/images\/trans.png\" \/>\n<meta name=\"twitter:card\" content=\"summary_large_image\" \/>\n<meta name=\"twitter:label1\" content=\"Dur\u00e9e de lecture estim\u00e9e\" \/>\n\t<meta name=\"twitter:data1\" content=\"2 minutes\" \/>\n<script type=\"application\/ld+json\" class=\"yoast-schema-graph\">{\"@context\":\"https:\/\/schema.org\",\"@graph\":[{\"@type\":\"WebPage\",\"@id\":\"https:\/\/festival-ismotscroises.fr\/?page_id=209\",\"url\":\"https:\/\/festival-ismotscroises.fr\/?page_id=209\",\"name\":\"Tournoi des coll\u00e8ges - Le Festival des mots crois\u00e9s \u00e0 Is-sur-Tille\",\"isPartOf\":{\"@id\":\"https:\/\/festival-ismotscroises.fr\/#website\"},\"primaryImageOfPage\":{\"@id\":\"https:\/\/festival-ismotscroises.fr\/?page_id=209#primaryimage\"},\"image\":{\"@id\":\"https:\/\/festival-ismotscroises.fr\/?page_id=209#primaryimage\"},\"thumbnailUrl\":\"http:\/\/festival-ismotscroises.fr\/wp-content\/plugins\/easy-media-gallery-pro\/includes\/images\/trans.png\",\"datePublished\":\"2015-06-18T18:56:15+00:00\",\"dateModified\":\"2023-03-24T14:52:08+00:00\",\"breadcrumb\":{\"@id\":\"https:\/\/festival-ismotscroises.fr\/?page_id=209#breadcrumb\"},\"inLanguage\":\"fr-FR\",\"potentialAction\":[{\"@type\":\"ReadAction\",\"target\":[\"https:\/\/festival-ismotscroises.fr\/?page_id=209\"]}]},{\"@type\":\"ImageObject\",\"inLanguage\":\"fr-FR\",\"@id\":\"https:\/\/festival-ismotscroises.fr\/?page_id=209#primaryimage\",\"url\":\"http:\/\/festival-ismotscroises.fr\/wp-content\/plugins\/easy-media-gallery-pro\/includes\/images\/trans.png\",\"contentUrl\":\"http:\/\/festival-ismotscroises.fr\/wp-content\/plugins\/easy-media-gallery-pro\/includes\/images\/trans.png\"},{\"@type\":\"BreadcrumbList\",\"@id\":\"https:\/\/festival-ismotscroises.fr\/?page_id=209#breadcrumb\",\"itemListElement\":[{\"@type\":\"ListItem\",\"position\":1,\"name\":\"Accueil\",\"item\":\"https:\/\/festival-ismotscroises.fr\/\"},{\"@type\":\"ListItem\",\"position\":2,\"name\":\"Tournoi des coll\u00e8ges\"}]},{\"@type\":\"WebSite\",\"@id\":\"https:\/\/festival-ismotscroises.fr\/#website\",\"url\":\"https:\/\/festival-ismotscroises.fr\/\",\"name\":\"Le Festival des mots crois\u00e9s \u00e0 Is-sur-Tille\",\"description\":\"La ville d&#039;Is-sur-Tille, en C\u00f4te-d&#039;Or, organise un festival annuel de mots crois\u00e9s depuis 1990..\",\"potentialAction\":[{\"@type\":\"SearchAction\",\"target\":{\"@type\":\"EntryPoint\",\"urlTemplate\":\"https:\/\/festival-ismotscroises.fr\/?s={search_term_string}\"},\"query-input\":\"required name=search_term_string\"}],\"inLanguage\":\"fr-FR\"}]}<\/script>\n<!-- \/ Yoast SEO plugin. -->","yoast_head_json":{"title":"Tournoi des coll\u00e8ges - Le Festival des mots crois\u00e9s \u00e0 Is-sur-Tille","robots":{"index":"index","follow":"follow","max-snippet":"max-snippet:-1","max-image-preview":"max-image-preview:large","max-video-preview":"max-video-preview:-1"},"canonical":"https:\/\/festival-ismotscroises.fr\/?page_id=209","og_locale":"fr_FR","og_type":"article","og_title":"Tournoi des coll\u00e8ges - Le Festival des mots crois\u00e9s \u00e0 Is-sur-Tille","og_description":"Tournoi des coll\u00e8ges 2003Le 17 mai \u00e0 Is-sur-Tille, la grande croisade des mots 2003 a mis aux prises 10 coll\u00e8ges de C\u00f4te-d'Or qui avaient envoy\u00e9 quelques champions d\u00e9fendre leurs couleurs. Seize \u00e9quipes \u00e9taient en lice. Les participants \u00e9taient \u00e9l\u00e8ves en Cinqui\u00e8me, tous issus d'une \u00e9preuve de qualification organis\u00e9e dans les coll\u00e8ges le 25 mars.La comp\u00e9tition [&hellip;]","og_url":"https:\/\/festival-ismotscroises.fr\/?page_id=209","og_site_name":"Le Festival des mots crois\u00e9s \u00e0 Is-sur-Tille","article_modified_time":"2023-03-24T14:52:08+00:00","og_image":[{"url":"http:\/\/festival-ismotscroises.fr\/wp-content\/plugins\/easy-media-gallery-pro\/includes\/images\/trans.png"}],"twitter_card":"summary_large_image","twitter_misc":{"Dur\u00e9e de lecture estim\u00e9e":"2 minutes"},"schema":{"@context":"https:\/\/schema.org","@graph":[{"@type":"WebPage","@id":"https:\/\/festival-ismotscroises.fr\/?page_id=209","url":"https:\/\/festival-ismotscroises.fr\/?page_id=209","name":"Tournoi des coll\u00e8ges - Le Festival des mots crois\u00e9s \u00e0 Is-sur-Tille","isPartOf":{"@id":"https:\/\/festival-ismotscroises.fr\/#website"},"primaryImageOfPage":{"@id":"https:\/\/festival-ismotscroises.fr\/?page_id=209#primaryimage"},"image":{"@id":"https:\/\/festival-ismotscroises.fr\/?page_id=209#primaryimage"},"thumbnailUrl":"http:\/\/festival-ismotscroises.fr\/wp-content\/plugins\/easy-media-gallery-pro\/includes\/images\/trans.png","datePublished":"2015-06-18T18:56:15+00:00","dateModified":"2023-03-24T14:52:08+00:00","breadcrumb":{"@id":"https:\/\/festival-ismotscroises.fr\/?page_id=209#breadcrumb"},"inLanguage":"fr-FR","potentialAction":[{"@type":"ReadAction","target":["https:\/\/festival-ismotscroises.fr\/?page_id=209"]}]},{"@type":"ImageObject","inLanguage":"fr-FR","@id":"https:\/\/festival-ismotscroises.fr\/?page_id=209#primaryimage","url":"http:\/\/festival-ismotscroises.fr\/wp-content\/plugins\/easy-media-gallery-pro\/includes\/images\/trans.png","contentUrl":"http:\/\/festival-ismotscroises.fr\/wp-content\/plugins\/easy-media-gallery-pro\/includes\/images\/trans.png"},{"@type":"BreadcrumbList","@id":"https:\/\/festival-ismotscroises.fr\/?page_id=209#breadcrumb","itemListElement":[{"@type":"ListItem","position":1,"name":"Accueil","item":"https:\/\/festival-ismotscroises.fr\/"},{"@type":"ListItem","position":2,"name":"Tournoi des coll\u00e8ges"}]},{"@type":"WebSite","@id":"https:\/\/festival-ismotscroises.fr\/#website","url":"https:\/\/festival-ismotscroises.fr\/","name":"Le Festival des mots crois\u00e9s \u00e0 Is-sur-Tille","description":"La ville d&#039;Is-sur-Tille, en C\u00f4te-d&#039;Or, organise un festival annuel de mots crois\u00e9s depuis 1990..","potentialAction":[{"@type":"SearchAction","target":{"@type":"EntryPoint","urlTemplate":"https:\/\/festival-ismotscroises.fr\/?s={search_term_string}"},"query-input":"required name=search_term_string"}],"inLanguage":"fr-FR"}]}},"_links":{"self":[{"href":"https:\/\/festival-ismotscroises.fr\/index.php?rest_route=\/wp\/v2\/pages\/209","targetHints":{"allow":["GET"]}}],"collection":[{"href":"https:\/\/festival-ismotscroises.fr\/index.php?rest_route=\/wp\/v2\/pages"}],"about":[{"href":"https:\/\/festival-ismotscroises.fr\/index.php?rest_route=\/wp\/v2\/types\/page"}],"author":[{"embeddable":true,"href":"https:\/\/festival-ismotscroises.fr\/index.php?rest_route=\/wp\/v2\/users\/2"}],"replies":[{"embeddable":true,"href":"https:\/\/festival-ismotscroises.fr\/index.php?rest_route=%2Fwp%2Fv2%2Fcomments&post=209"}],"version-history":[{"count":5,"href":"https:\/\/festival-ismotscroises.fr\/index.php?rest_route=\/wp\/v2\/pages\/209\/revisions"}],"predecessor-version":[{"id":1425,"href":"https:\/\/festival-ismotscroises.fr\/index.php?rest_route=\/wp\/v2\/pages\/209\/revisions\/1425"}],"wp:attachment":[{"href":"https:\/\/festival-ismotscroises.fr\/index.php?rest_route=%2Fwp%2Fv2%2Fmedia&parent=209"}],"curies":[{"name":"wp","href":"https:\/\/api.w.org\/{rel}","templated":true}]}}