{"id":200,"date":"2015-06-18T20:32:33","date_gmt":"2015-06-18T18:32:33","guid":{"rendered":"http:\/\/festival-ismotscroises.fr\/?page_id=200"},"modified":"2015-07-08T00:20:13","modified_gmt":"2015-07-07T22:20:13","slug":"tournoi-de-bourgogne-11","status":"publish","type":"page","link":"https:\/\/festival-ismotscroises.fr\/?page_id=200","title":{"rendered":"Tournoi de Bourgogne"},"content":{"rendered":"<div id=\"pl-200\"  class=\"panel-layout\" ><div id=\"pg-200-0\"  class=\"panel-grid panel-no-style\" ><div id=\"pgc-200-0-0\"  class=\"panel-grid-cell\" ><div id=\"panel-200-0-0-0\" class=\"so-panel widget panel-first-child panel-last-child\" data-index=\"0\" ><\/div><\/div><div id=\"pgc-200-0-1\"  class=\"panel-grid-cell\" ><div id=\"panel-200-0-1-0\" class=\"so-panel widget widget_black-studio-tinymce widget_black_studio_tinymce panel-first-child panel-last-child\" data-index=\"1\" ><div class=\"textwidget\"><h3 style=\"text-align: justify;\"><strong>Tournoi de Bourgogne 2004<\/strong><\/h3>\n<p style=\"text-align: justify;\">Le Tournoi de Bourgogne a connu cette ann\u00e9e une formule r\u00e9duite, avec seulement deux manches, \u00e0 partir des demi-finales. Les organisateurs avaient en effet un nombre important de comp\u00e9titions \u00e0 mener \u00e0 bien et n'ont pas voulu trop pr\u00e9sumer de leurs moyens pendant un Festival o\u00f9 les croisements ne se r\u00e9duisaient pas aux mots... <br \/>Autre nouveaut\u00e9 cette ann\u00e9e, le tournoi \u00e9tait d\u00e9centralis\u00e9, c'est-\u00e0-dire d\u00e9plac\u00e9 de la salle o\u00f9 il a lieu habituellement vers le site de la f\u00eate populaire. L'ambiance \u00e9tait certes un peu plus bruyante qu'\u00e0 l'accoutum\u00e9e, mais le lieu a permis \u00e0 de nouveaux spectateurs de d\u00e9couvrir le charme de matchs ou le talent et le savoir-faire ne suffisent pas toujours pour gagner. La strat\u00e9gie et la prise de risque peuvent \u00eatre payantes aussi... ou se retourner contre le joueur.<br \/>Cette ann\u00e9e, Bernard Monnet, de Fontaine-l\u00e8s-Dijon, tenant du titre, a arr\u00eat\u00e9 la finale avant la fin... mais a perdu la partie pour une lettre erron\u00e9e. La d\u00e9finition \"Les Romains y \u00e9taient d\u00e9j\u00e0 en bons termes\" appelait la solution ALET, et non ALES. La derni\u00e8re lettre du mot croisait avec CLT pour \"Soci\u00e9t\u00e9 des postes hors de France\" (CLT).<br \/>Fran\u00e7ois Cathenod remporte donc le titre qu'il avait manqu\u00e9 de conqu\u00e9rir en 2002, d\u00e9j\u00e0 contre le champion Bernard Monnet, plusieurs fois champion de Bourgogne et titulaire du titre de champion de mots crois\u00e9s francophones.<\/p>\n<h4><strong>Palmar\u00e8s<\/strong><\/h4>\n<p>1 - CATHENOD Fran\u00e7ois<br \/>2 - MONNET Bernard<br \/>3 - RUFFENACH Jacques<br \/>4 - JACOB Dominique<\/p>\n<\/div><\/div><\/div><\/div><div id=\"pg-200-1\"  class=\"panel-grid panel-no-style\" ><div id=\"pgc-200-1-0\"  class=\"panel-grid-cell\" ><div id=\"panel-200-1-0-0\" class=\"so-panel widget widget_black-studio-tinymce widget_black_studio_tinymce panel-first-child panel-last-child\" data-index=\"2\" ><div class=\"textwidget\"><p><img loading=\"lazy\" decoding=\"async\" class=\" size-full wp-image-1496 alignright\" src=\"http:\/\/festival-ismotscroises.fr\/wp-content\/uploads\/2015\/07\/ISMOTSCROISES-LOGO.png\" alt=\"ISMOTSCROISES-LOGO\" width=\"152\" height=\"150\" \/><\/p>\n<\/div><\/div><\/div><\/div><\/div>","protected":false},"excerpt":{"rendered":"<p>Tournoi de Bourgogne 2004Le Tournoi de Bourgogne a connu cette ann\u00e9e une formule r\u00e9duite, avec seulement deux manches, \u00e0 partir des demi-finales. Les organisateurs avaient en effet un nombre important de comp\u00e9titions \u00e0 mener \u00e0 bien et n&rsquo;ont pas voulu trop pr\u00e9sumer de leurs moyens pendant un Festival o\u00f9 les croisements ne se r\u00e9duisaient pas [&hellip;]<\/p>\n","protected":false},"author":2,"featured_media":0,"parent":0,"menu_order":0,"comment_status":"closed","ping_status":"closed","template":"templates\/template-full-notitle.php","meta":{"_monsterinsights_skip_tracking":false,"_monsterinsights_sitenote_active":false,"_monsterinsights_sitenote_note":"","_monsterinsights_sitenote_category":0,"footnotes":""},"class_list":["post-200","page","type-page","status-publish","hentry","post"],"yoast_head":"<!-- This site is optimized with the Yoast SEO plugin v22.6 - https:\/\/yoast.com\/wordpress\/plugins\/seo\/ -->\n<title>Tournoi de Bourgogne - Le Festival des mots crois\u00e9s \u00e0 Is-sur-Tille<\/title>\n<meta name=\"robots\" content=\"index, follow, max-snippet:-1, max-image-preview:large, max-video-preview:-1\" \/>\n<link rel=\"canonical\" href=\"https:\/\/festival-ismotscroises.fr\/?page_id=200\" \/>\n<meta property=\"og:locale\" content=\"fr_FR\" \/>\n<meta property=\"og:type\" content=\"article\" \/>\n<meta property=\"og:title\" content=\"Tournoi de Bourgogne - Le Festival des mots crois\u00e9s \u00e0 Is-sur-Tille\" \/>\n<meta property=\"og:description\" content=\"Tournoi de Bourgogne 2004Le Tournoi de Bourgogne a connu cette ann\u00e9e une formule r\u00e9duite, avec seulement deux manches, \u00e0 partir des demi-finales. Les organisateurs avaient en effet un nombre important de comp\u00e9titions \u00e0 mener \u00e0 bien et n&#039;ont pas voulu trop pr\u00e9sumer de leurs moyens pendant un Festival o\u00f9 les croisements ne se r\u00e9duisaient pas [&hellip;]\" \/>\n<meta property=\"og:url\" content=\"https:\/\/festival-ismotscroises.fr\/?page_id=200\" \/>\n<meta property=\"og:site_name\" content=\"Le Festival des mots crois\u00e9s \u00e0 Is-sur-Tille\" \/>\n<meta property=\"article:modified_time\" content=\"2015-07-07T22:20:13+00:00\" \/>\n<meta property=\"og:image\" content=\"http:\/\/festival-ismotscroises.fr\/wp-content\/plugins\/easy-media-gallery-pro\/includes\/images\/trans.png\" \/>\n<meta name=\"twitter:card\" content=\"summary_large_image\" \/>\n<meta name=\"twitter:label1\" content=\"Dur\u00e9e de lecture estim\u00e9e\" \/>\n\t<meta name=\"twitter:data1\" content=\"1 minute\" \/>\n<script type=\"application\/ld+json\" class=\"yoast-schema-graph\">{\"@context\":\"https:\/\/schema.org\",\"@graph\":[{\"@type\":\"WebPage\",\"@id\":\"https:\/\/festival-ismotscroises.fr\/?page_id=200\",\"url\":\"https:\/\/festival-ismotscroises.fr\/?page_id=200\",\"name\":\"Tournoi de Bourgogne - Le Festival des mots crois\u00e9s \u00e0 Is-sur-Tille\",\"isPartOf\":{\"@id\":\"https:\/\/festival-ismotscroises.fr\/#website\"},\"primaryImageOfPage\":{\"@id\":\"https:\/\/festival-ismotscroises.fr\/?page_id=200#primaryimage\"},\"image\":{\"@id\":\"https:\/\/festival-ismotscroises.fr\/?page_id=200#primaryimage\"},\"thumbnailUrl\":\"http:\/\/festival-ismotscroises.fr\/wp-content\/plugins\/easy-media-gallery-pro\/includes\/images\/trans.png\",\"datePublished\":\"2015-06-18T18:32:33+00:00\",\"dateModified\":\"2015-07-07T22:20:13+00:00\",\"breadcrumb\":{\"@id\":\"https:\/\/festival-ismotscroises.fr\/?page_id=200#breadcrumb\"},\"inLanguage\":\"fr-FR\",\"potentialAction\":[{\"@type\":\"ReadAction\",\"target\":[\"https:\/\/festival-ismotscroises.fr\/?page_id=200\"]}]},{\"@type\":\"ImageObject\",\"inLanguage\":\"fr-FR\",\"@id\":\"https:\/\/festival-ismotscroises.fr\/?page_id=200#primaryimage\",\"url\":\"http:\/\/festival-ismotscroises.fr\/wp-content\/plugins\/easy-media-gallery-pro\/includes\/images\/trans.png\",\"contentUrl\":\"http:\/\/festival-ismotscroises.fr\/wp-content\/plugins\/easy-media-gallery-pro\/includes\/images\/trans.png\"},{\"@type\":\"BreadcrumbList\",\"@id\":\"https:\/\/festival-ismotscroises.fr\/?page_id=200#breadcrumb\",\"itemListElement\":[{\"@type\":\"ListItem\",\"position\":1,\"name\":\"Accueil\",\"item\":\"https:\/\/festival-ismotscroises.fr\/\"},{\"@type\":\"ListItem\",\"position\":2,\"name\":\"Tournoi de Bourgogne\"}]},{\"@type\":\"WebSite\",\"@id\":\"https:\/\/festival-ismotscroises.fr\/#website\",\"url\":\"https:\/\/festival-ismotscroises.fr\/\",\"name\":\"Le Festival des mots crois\u00e9s \u00e0 Is-sur-Tille\",\"description\":\"La ville d&#039;Is-sur-Tille, en C\u00f4te-d&#039;Or, organise un festival annuel de mots crois\u00e9s depuis 1990..\",\"potentialAction\":[{\"@type\":\"SearchAction\",\"target\":{\"@type\":\"EntryPoint\",\"urlTemplate\":\"https:\/\/festival-ismotscroises.fr\/?s={search_term_string}\"},\"query-input\":\"required name=search_term_string\"}],\"inLanguage\":\"fr-FR\"}]}<\/script>\n<!-- \/ Yoast SEO plugin. -->","yoast_head_json":{"title":"Tournoi de Bourgogne - Le Festival des mots crois\u00e9s \u00e0 Is-sur-Tille","robots":{"index":"index","follow":"follow","max-snippet":"max-snippet:-1","max-image-preview":"max-image-preview:large","max-video-preview":"max-video-preview:-1"},"canonical":"https:\/\/festival-ismotscroises.fr\/?page_id=200","og_locale":"fr_FR","og_type":"article","og_title":"Tournoi de Bourgogne - Le Festival des mots crois\u00e9s \u00e0 Is-sur-Tille","og_description":"Tournoi de Bourgogne 2004Le Tournoi de Bourgogne a connu cette ann\u00e9e une formule r\u00e9duite, avec seulement deux manches, \u00e0 partir des demi-finales. Les organisateurs avaient en effet un nombre important de comp\u00e9titions \u00e0 mener \u00e0 bien et n'ont pas voulu trop pr\u00e9sumer de leurs moyens pendant un Festival o\u00f9 les croisements ne se r\u00e9duisaient pas [&hellip;]","og_url":"https:\/\/festival-ismotscroises.fr\/?page_id=200","og_site_name":"Le Festival des mots crois\u00e9s \u00e0 Is-sur-Tille","article_modified_time":"2015-07-07T22:20:13+00:00","og_image":[{"url":"http:\/\/festival-ismotscroises.fr\/wp-content\/plugins\/easy-media-gallery-pro\/includes\/images\/trans.png"}],"twitter_card":"summary_large_image","twitter_misc":{"Dur\u00e9e de lecture estim\u00e9e":"1 minute"},"schema":{"@context":"https:\/\/schema.org","@graph":[{"@type":"WebPage","@id":"https:\/\/festival-ismotscroises.fr\/?page_id=200","url":"https:\/\/festival-ismotscroises.fr\/?page_id=200","name":"Tournoi de Bourgogne - Le Festival des mots crois\u00e9s \u00e0 Is-sur-Tille","isPartOf":{"@id":"https:\/\/festival-ismotscroises.fr\/#website"},"primaryImageOfPage":{"@id":"https:\/\/festival-ismotscroises.fr\/?page_id=200#primaryimage"},"image":{"@id":"https:\/\/festival-ismotscroises.fr\/?page_id=200#primaryimage"},"thumbnailUrl":"http:\/\/festival-ismotscroises.fr\/wp-content\/plugins\/easy-media-gallery-pro\/includes\/images\/trans.png","datePublished":"2015-06-18T18:32:33+00:00","dateModified":"2015-07-07T22:20:13+00:00","breadcrumb":{"@id":"https:\/\/festival-ismotscroises.fr\/?page_id=200#breadcrumb"},"inLanguage":"fr-FR","potentialAction":[{"@type":"ReadAction","target":["https:\/\/festival-ismotscroises.fr\/?page_id=200"]}]},{"@type":"ImageObject","inLanguage":"fr-FR","@id":"https:\/\/festival-ismotscroises.fr\/?page_id=200#primaryimage","url":"http:\/\/festival-ismotscroises.fr\/wp-content\/plugins\/easy-media-gallery-pro\/includes\/images\/trans.png","contentUrl":"http:\/\/festival-ismotscroises.fr\/wp-content\/plugins\/easy-media-gallery-pro\/includes\/images\/trans.png"},{"@type":"BreadcrumbList","@id":"https:\/\/festival-ismotscroises.fr\/?page_id=200#breadcrumb","itemListElement":[{"@type":"ListItem","position":1,"name":"Accueil","item":"https:\/\/festival-ismotscroises.fr\/"},{"@type":"ListItem","position":2,"name":"Tournoi de Bourgogne"}]},{"@type":"WebSite","@id":"https:\/\/festival-ismotscroises.fr\/#website","url":"https:\/\/festival-ismotscroises.fr\/","name":"Le Festival des mots crois\u00e9s \u00e0 Is-sur-Tille","description":"La ville d&#039;Is-sur-Tille, en C\u00f4te-d&#039;Or, organise un festival annuel de mots crois\u00e9s depuis 1990..","potentialAction":[{"@type":"SearchAction","target":{"@type":"EntryPoint","urlTemplate":"https:\/\/festival-ismotscroises.fr\/?s={search_term_string}"},"query-input":"required name=search_term_string"}],"inLanguage":"fr-FR"}]}},"_links":{"self":[{"href":"https:\/\/festival-ismotscroises.fr\/index.php?rest_route=\/wp\/v2\/pages\/200","targetHints":{"allow":["GET"]}}],"collection":[{"href":"https:\/\/festival-ismotscroises.fr\/index.php?rest_route=\/wp\/v2\/pages"}],"about":[{"href":"https:\/\/festival-ismotscroises.fr\/index.php?rest_route=\/wp\/v2\/types\/page"}],"author":[{"embeddable":true,"href":"https:\/\/festival-ismotscroises.fr\/index.php?rest_route=\/wp\/v2\/users\/2"}],"replies":[{"embeddable":true,"href":"https:\/\/festival-ismotscroises.fr\/index.php?rest_route=%2Fwp%2Fv2%2Fcomments&post=200"}],"version-history":[{"count":8,"href":"https:\/\/festival-ismotscroises.fr\/index.php?rest_route=\/wp\/v2\/pages\/200\/revisions"}],"predecessor-version":[{"id":1535,"href":"https:\/\/festival-ismotscroises.fr\/index.php?rest_route=\/wp\/v2\/pages\/200\/revisions\/1535"}],"wp:attachment":[{"href":"https:\/\/festival-ismotscroises.fr\/index.php?rest_route=%2Fwp%2Fv2%2Fmedia&parent=200"}],"curies":[{"name":"wp","href":"https:\/\/api.w.org\/{rel}","templated":true}]}}