{"id":197,"date":"2015-06-18T20:31:41","date_gmt":"2015-06-18T18:31:41","guid":{"rendered":"http:\/\/festival-ismotscroises.fr\/?page_id=197"},"modified":"2015-07-08T00:19:29","modified_gmt":"2015-07-07T22:19:29","slug":"championnat-francophone-5","status":"publish","type":"page","link":"https:\/\/festival-ismotscroises.fr\/?page_id=197","title":{"rendered":"Championnat francophone"},"content":{"rendered":"<div id=\"pl-197\"  class=\"panel-layout\" ><div id=\"pg-197-0\"  class=\"panel-grid panel-no-style\" ><div id=\"pgc-197-0-0\"  class=\"panel-grid-cell\" ><div id=\"panel-197-0-0-0\" class=\"so-panel widget panel-first-child panel-last-child\" data-index=\"0\" ><\/div><\/div><div id=\"pgc-197-0-1\"  class=\"panel-grid-cell\" ><div id=\"panel-197-0-1-0\" class=\"so-panel widget widget_black-studio-tinymce widget_black_studio_tinymce panel-first-child\" data-index=\"1\" ><div class=\"textwidget\"><h3 style=\"text-align: justify;\"><strong>Championnat francophone 2004<\/strong><\/h3>\n<h4 style=\"text-align: justify;\"><strong>Un marathon de deux jours, samedi 15 et dimanche 16 mai 2004<\/strong><\/h4>\n<p style=\"text-align: justify;\">Une comp\u00e9tition exigeante\u2026 Six grilles d'auteurs professionnels, jusqu'\u00e0 5 heures 15 minutes de pr\u00e9sence dans la salle\u2026 pendant deux demi-journ\u00e9es de grand soleil. Ils \u00e9taient plus de soixante \u00e0 concourir pour le titre de Champion de mots crois\u00e9s francophones de l'ann\u00e9e 2004.<br \/>C'est Andr\u00e9 Counson, de Belgique, qui remporte la comp\u00e9tition avec un score impressionnant de 0 faute en 1 heure 34 minutes et 48 secondes.<\/p>\n<h4><strong>Palmar\u00e8s<\/strong><\/h4>\n<p>1 - COUNSON Andr\u00e9 (0 faute - 1h34mn48s)<br \/>2 - GOUY Jean-Claude (1 faute - 1h32mn04s)<br \/>3 - CARTANAZ Gr\u00e9gory (1 faute - 1h45mn48s)<br \/>4 - MONNET Bernard (1 faute - 2h29mn46s)<br \/>5 - RICHIR Jean (2 fautes - 1h48mn44s)<br \/>6 - WILLEMIN Mich\u00e8le (2 fautes - 2h11mn32s)<br \/>7 - BERNARD Pierre (2\u00a0fautes - 2h 41mn11s)<br \/>8 - CHEVALIER Xavier (4 fautes - 2h8mn52s)<br \/>9 - CATHENOD Fran\u00e7ois (4\u00a0fautes - 2h31mn41s)<br \/>10 - ANDR\u00c9 Guy (7 fautes - 2h02mn55s)<br \/>12 - BEAUFE\u00cfST Fran\u00e7ois (9 fautes - 2h24mn40s)<br \/>13 - VOU\u00c9 Daniel (11 fautes - 1h58mn13s)<br \/>14 - FLAMBARD Georges (14 fautes -\u00a02h39mn9s)<br \/>15 - FERRON Jean-Claude (15 fautes - 2h42mn56s)<br \/>16 - LECLERCQ Christian (18 fautes - 3h26mn56s)<br \/>17 - BOURQUIN Fr\u00e9d\u00e9ric (25 fautes - 3h17mn56s)<br \/>18 - BONNIN Guy (26 fautes - 2h19mn39s)<br \/>19 - RICHET Jean-Paul (27\u00a0fautes - \u00a03h53mn24s)<br \/>20 - ROCHEFORT Claude (29 fautes - 2h38mn0s)<\/p>\n<\/div><\/div><div id=\"panel-197-0-1-1\" class=\"so-panel widget widget_sow-button\" data-index=\"2\" ><div\n\t\t\t\n\t\t\tclass=\"so-widget-sow-button so-widget-sow-button-atom-2fa5db29757e-197\"\n\t\t\t\n\t\t><div class=\"ow-button-base ow-button-align-left\">\n\t<a\n\thref=\"http:\/\/festival-ismotscroises.fr\/wp-content\/uploads\/2015\/06\/2004-CF-GRILLES.pdf\"\n\t\tclass=\"ow-icon-placement-left ow-button-hover\" target=\"_blank\" rel=\"noopener noreferrer\" \t>\n\t\t<span>\n\t\t\t\n\t\t\tT\u00e9l\u00e9chargez les grilles\t\t<\/span>\n\t<\/a>\n<\/div>\n<\/div><\/div><div id=\"panel-197-0-1-2\" class=\"so-panel widget widget_sow-button panel-last-child\" data-index=\"3\" ><div\n\t\t\t\n\t\t\tclass=\"so-widget-sow-button so-widget-sow-button-atom-2fa5db29757e-197\"\n\t\t\t\n\t\t><div class=\"ow-button-base ow-button-align-left\">\n\t<a\n\thref=\"http:\/\/festival-ismotscroises.fr\/wp-content\/uploads\/2015\/06\/2004-CF-GRILLES-SOL.pdf\"\n\t\tclass=\"ow-icon-placement-left ow-button-hover\" target=\"_blank\" rel=\"noopener noreferrer\" \t>\n\t\t<span>\n\t\t\t\n\t\t\tT\u00e9l\u00e9chargez les solutions\t\t<\/span>\n\t<\/a>\n<\/div>\n<\/div><\/div><\/div><\/div><div id=\"pg-197-1\"  class=\"panel-grid panel-no-style\" ><div id=\"pgc-197-1-0\"  class=\"panel-grid-cell\" ><div id=\"panel-197-1-0-0\" class=\"so-panel widget widget_black-studio-tinymce widget_black_studio_tinymce panel-first-child panel-last-child\" data-index=\"4\" ><div class=\"textwidget\"><p><img loading=\"lazy\" decoding=\"async\" class=\" size-full wp-image-1496 alignright\" src=\"http:\/\/festival-ismotscroises.fr\/wp-content\/uploads\/2015\/07\/ISMOTSCROISES-LOGO.png\" alt=\"ISMOTSCROISES-LOGO\" width=\"152\" height=\"150\" \/><\/p>\n<\/div><\/div><\/div><\/div><\/div>","protected":false},"excerpt":{"rendered":"<p>Championnat francophone 2004Un marathon de deux jours, samedi 15 et dimanche 16 mai 2004Une comp\u00e9tition exigeante\u2026 Six grilles d&rsquo;auteurs professionnels, jusqu&rsquo;\u00e0 5 heures 15 minutes de pr\u00e9sence dans la salle\u2026 pendant deux demi-journ\u00e9es de grand soleil. Ils \u00e9taient plus de soixante \u00e0 concourir pour le titre de Champion de mots crois\u00e9s francophones de l&rsquo;ann\u00e9e 2004.C&rsquo;est [&hellip;]<\/p>\n","protected":false},"author":2,"featured_media":0,"parent":0,"menu_order":0,"comment_status":"closed","ping_status":"closed","template":"templates\/template-full-notitle.php","meta":{"_monsterinsights_skip_tracking":false,"_monsterinsights_sitenote_active":false,"_monsterinsights_sitenote_note":"","_monsterinsights_sitenote_category":0,"footnotes":""},"class_list":["post-197","page","type-page","status-publish","hentry","post"],"yoast_head":"<!-- This site is optimized with the Yoast SEO plugin v22.6 - https:\/\/yoast.com\/wordpress\/plugins\/seo\/ -->\n<title>Championnat francophone - Le Festival des mots crois\u00e9s \u00e0 Is-sur-Tille<\/title>\n<meta name=\"robots\" content=\"index, follow, max-snippet:-1, max-image-preview:large, max-video-preview:-1\" \/>\n<link rel=\"canonical\" href=\"https:\/\/festival-ismotscroises.fr\/?page_id=197\" \/>\n<meta property=\"og:locale\" content=\"fr_FR\" \/>\n<meta property=\"og:type\" content=\"article\" \/>\n<meta property=\"og:title\" content=\"Championnat francophone - Le Festival des mots crois\u00e9s \u00e0 Is-sur-Tille\" \/>\n<meta property=\"og:description\" content=\"Championnat francophone 2004Un marathon de deux jours, samedi 15 et dimanche 16 mai 2004Une comp\u00e9tition exigeante\u2026 Six grilles d&#039;auteurs professionnels, jusqu&#039;\u00e0 5 heures 15 minutes de pr\u00e9sence dans la salle\u2026 pendant deux demi-journ\u00e9es de grand soleil. Ils \u00e9taient plus de soixante \u00e0 concourir pour le titre de Champion de mots crois\u00e9s francophones de l&#039;ann\u00e9e 2004.C&#039;est [&hellip;]\" \/>\n<meta property=\"og:url\" content=\"https:\/\/festival-ismotscroises.fr\/?page_id=197\" \/>\n<meta property=\"og:site_name\" content=\"Le Festival des mots crois\u00e9s \u00e0 Is-sur-Tille\" \/>\n<meta property=\"article:modified_time\" content=\"2015-07-07T22:19:29+00:00\" \/>\n<meta property=\"og:image\" content=\"http:\/\/festival-ismotscroises.fr\/wp-content\/plugins\/easy-media-gallery-pro\/includes\/images\/trans.png\" \/>\n<meta name=\"twitter:card\" content=\"summary_large_image\" \/>\n<meta name=\"twitter:label1\" content=\"Dur\u00e9e de lecture estim\u00e9e\" \/>\n\t<meta name=\"twitter:data1\" content=\"1 minute\" \/>\n<script type=\"application\/ld+json\" class=\"yoast-schema-graph\">{\"@context\":\"https:\/\/schema.org\",\"@graph\":[{\"@type\":\"WebPage\",\"@id\":\"https:\/\/festival-ismotscroises.fr\/?page_id=197\",\"url\":\"https:\/\/festival-ismotscroises.fr\/?page_id=197\",\"name\":\"Championnat francophone - Le Festival des mots crois\u00e9s \u00e0 Is-sur-Tille\",\"isPartOf\":{\"@id\":\"https:\/\/festival-ismotscroises.fr\/#website\"},\"primaryImageOfPage\":{\"@id\":\"https:\/\/festival-ismotscroises.fr\/?page_id=197#primaryimage\"},\"image\":{\"@id\":\"https:\/\/festival-ismotscroises.fr\/?page_id=197#primaryimage\"},\"thumbnailUrl\":\"http:\/\/festival-ismotscroises.fr\/wp-content\/plugins\/easy-media-gallery-pro\/includes\/images\/trans.png\",\"datePublished\":\"2015-06-18T18:31:41+00:00\",\"dateModified\":\"2015-07-07T22:19:29+00:00\",\"breadcrumb\":{\"@id\":\"https:\/\/festival-ismotscroises.fr\/?page_id=197#breadcrumb\"},\"inLanguage\":\"fr-FR\",\"potentialAction\":[{\"@type\":\"ReadAction\",\"target\":[\"https:\/\/festival-ismotscroises.fr\/?page_id=197\"]}]},{\"@type\":\"ImageObject\",\"inLanguage\":\"fr-FR\",\"@id\":\"https:\/\/festival-ismotscroises.fr\/?page_id=197#primaryimage\",\"url\":\"http:\/\/festival-ismotscroises.fr\/wp-content\/plugins\/easy-media-gallery-pro\/includes\/images\/trans.png\",\"contentUrl\":\"http:\/\/festival-ismotscroises.fr\/wp-content\/plugins\/easy-media-gallery-pro\/includes\/images\/trans.png\"},{\"@type\":\"BreadcrumbList\",\"@id\":\"https:\/\/festival-ismotscroises.fr\/?page_id=197#breadcrumb\",\"itemListElement\":[{\"@type\":\"ListItem\",\"position\":1,\"name\":\"Accueil\",\"item\":\"https:\/\/festival-ismotscroises.fr\/\"},{\"@type\":\"ListItem\",\"position\":2,\"name\":\"Championnat francophone\"}]},{\"@type\":\"WebSite\",\"@id\":\"https:\/\/festival-ismotscroises.fr\/#website\",\"url\":\"https:\/\/festival-ismotscroises.fr\/\",\"name\":\"Le Festival des mots crois\u00e9s \u00e0 Is-sur-Tille\",\"description\":\"La ville d&#039;Is-sur-Tille, en C\u00f4te-d&#039;Or, organise un festival annuel de mots crois\u00e9s depuis 1990..\",\"potentialAction\":[{\"@type\":\"SearchAction\",\"target\":{\"@type\":\"EntryPoint\",\"urlTemplate\":\"https:\/\/festival-ismotscroises.fr\/?s={search_term_string}\"},\"query-input\":\"required name=search_term_string\"}],\"inLanguage\":\"fr-FR\"}]}<\/script>\n<!-- \/ Yoast SEO plugin. -->","yoast_head_json":{"title":"Championnat francophone - Le Festival des mots crois\u00e9s \u00e0 Is-sur-Tille","robots":{"index":"index","follow":"follow","max-snippet":"max-snippet:-1","max-image-preview":"max-image-preview:large","max-video-preview":"max-video-preview:-1"},"canonical":"https:\/\/festival-ismotscroises.fr\/?page_id=197","og_locale":"fr_FR","og_type":"article","og_title":"Championnat francophone - Le Festival des mots crois\u00e9s \u00e0 Is-sur-Tille","og_description":"Championnat francophone 2004Un marathon de deux jours, samedi 15 et dimanche 16 mai 2004Une comp\u00e9tition exigeante\u2026 Six grilles d'auteurs professionnels, jusqu'\u00e0 5 heures 15 minutes de pr\u00e9sence dans la salle\u2026 pendant deux demi-journ\u00e9es de grand soleil. Ils \u00e9taient plus de soixante \u00e0 concourir pour le titre de Champion de mots crois\u00e9s francophones de l'ann\u00e9e 2004.C'est [&hellip;]","og_url":"https:\/\/festival-ismotscroises.fr\/?page_id=197","og_site_name":"Le Festival des mots crois\u00e9s \u00e0 Is-sur-Tille","article_modified_time":"2015-07-07T22:19:29+00:00","og_image":[{"url":"http:\/\/festival-ismotscroises.fr\/wp-content\/plugins\/easy-media-gallery-pro\/includes\/images\/trans.png"}],"twitter_card":"summary_large_image","twitter_misc":{"Dur\u00e9e de lecture estim\u00e9e":"1 minute"},"schema":{"@context":"https:\/\/schema.org","@graph":[{"@type":"WebPage","@id":"https:\/\/festival-ismotscroises.fr\/?page_id=197","url":"https:\/\/festival-ismotscroises.fr\/?page_id=197","name":"Championnat francophone - Le Festival des mots crois\u00e9s \u00e0 Is-sur-Tille","isPartOf":{"@id":"https:\/\/festival-ismotscroises.fr\/#website"},"primaryImageOfPage":{"@id":"https:\/\/festival-ismotscroises.fr\/?page_id=197#primaryimage"},"image":{"@id":"https:\/\/festival-ismotscroises.fr\/?page_id=197#primaryimage"},"thumbnailUrl":"http:\/\/festival-ismotscroises.fr\/wp-content\/plugins\/easy-media-gallery-pro\/includes\/images\/trans.png","datePublished":"2015-06-18T18:31:41+00:00","dateModified":"2015-07-07T22:19:29+00:00","breadcrumb":{"@id":"https:\/\/festival-ismotscroises.fr\/?page_id=197#breadcrumb"},"inLanguage":"fr-FR","potentialAction":[{"@type":"ReadAction","target":["https:\/\/festival-ismotscroises.fr\/?page_id=197"]}]},{"@type":"ImageObject","inLanguage":"fr-FR","@id":"https:\/\/festival-ismotscroises.fr\/?page_id=197#primaryimage","url":"http:\/\/festival-ismotscroises.fr\/wp-content\/plugins\/easy-media-gallery-pro\/includes\/images\/trans.png","contentUrl":"http:\/\/festival-ismotscroises.fr\/wp-content\/plugins\/easy-media-gallery-pro\/includes\/images\/trans.png"},{"@type":"BreadcrumbList","@id":"https:\/\/festival-ismotscroises.fr\/?page_id=197#breadcrumb","itemListElement":[{"@type":"ListItem","position":1,"name":"Accueil","item":"https:\/\/festival-ismotscroises.fr\/"},{"@type":"ListItem","position":2,"name":"Championnat francophone"}]},{"@type":"WebSite","@id":"https:\/\/festival-ismotscroises.fr\/#website","url":"https:\/\/festival-ismotscroises.fr\/","name":"Le Festival des mots crois\u00e9s \u00e0 Is-sur-Tille","description":"La ville d&#039;Is-sur-Tille, en C\u00f4te-d&#039;Or, organise un festival annuel de mots crois\u00e9s depuis 1990..","potentialAction":[{"@type":"SearchAction","target":{"@type":"EntryPoint","urlTemplate":"https:\/\/festival-ismotscroises.fr\/?s={search_term_string}"},"query-input":"required name=search_term_string"}],"inLanguage":"fr-FR"}]}},"_links":{"self":[{"href":"https:\/\/festival-ismotscroises.fr\/index.php?rest_route=\/wp\/v2\/pages\/197","targetHints":{"allow":["GET"]}}],"collection":[{"href":"https:\/\/festival-ismotscroises.fr\/index.php?rest_route=\/wp\/v2\/pages"}],"about":[{"href":"https:\/\/festival-ismotscroises.fr\/index.php?rest_route=\/wp\/v2\/types\/page"}],"author":[{"embeddable":true,"href":"https:\/\/festival-ismotscroises.fr\/index.php?rest_route=\/wp\/v2\/users\/2"}],"replies":[{"embeddable":true,"href":"https:\/\/festival-ismotscroises.fr\/index.php?rest_route=%2Fwp%2Fv2%2Fcomments&post=197"}],"version-history":[{"count":11,"href":"https:\/\/festival-ismotscroises.fr\/index.php?rest_route=\/wp\/v2\/pages\/197\/revisions"}],"predecessor-version":[{"id":1534,"href":"https:\/\/festival-ismotscroises.fr\/index.php?rest_route=\/wp\/v2\/pages\/197\/revisions\/1534"}],"wp:attachment":[{"href":"https:\/\/festival-ismotscroises.fr\/index.php?rest_route=%2Fwp%2Fv2%2Fmedia&parent=197"}],"curies":[{"name":"wp","href":"https:\/\/api.w.org\/{rel}","templated":true}]}}