{"id":194,"date":"2015-06-18T20:30:54","date_gmt":"2015-06-18T18:30:54","guid":{"rendered":"http:\/\/festival-ismotscroises.fr\/?page_id=194"},"modified":"2023-03-24T15:52:25","modified_gmt":"2023-03-24T14:52:25","slug":"tournoi-des-colleges-13","status":"publish","type":"page","link":"https:\/\/festival-ismotscroises.fr\/?page_id=194","title":{"rendered":"Tournoi des coll\u00e8ges"},"content":{"rendered":"<div id=\"pl-194\"  class=\"panel-layout\" ><div id=\"pg-194-0\"  class=\"panel-grid panel-no-style\" ><div id=\"pgc-194-0-0\"  class=\"panel-grid-cell\" ><div id=\"panel-194-0-0-0\" class=\"so-panel widget panel-first-child panel-last-child\" data-index=\"0\" ><\/div><\/div><div id=\"pgc-194-0-1\"  class=\"panel-grid-cell\" ><div id=\"panel-194-0-1-0\" class=\"so-panel widget widget_black-studio-tinymce widget_black_studio_tinymce panel-first-child panel-last-child\" data-index=\"1\" ><div class=\"textwidget\"><h3 style=\"text-align: justify;\"><strong>Le Tournoi des coll\u00e8ges 2004<\/strong><\/h3>\n<p style=\"text-align: justify;\">Au moment o\u00f9 la salle des Capucins \u00e0 Is-sur-Tille accueillait une soixantaine de joueurs adultes pour le Championnat francophone, la galerie du coll\u00e8ge Paul-Fort s'ouvrait pour la grande finale du Tournoi des coll\u00e8ges, le samedi 15 mai 2004.<br \/>Le Tournoi s'est d\u00e9roul\u00e9 en quatre manches \u00e0 partir de huiti\u00e8mes de finale, chaque match consistant \u00e0 r\u00e9soudre, dans un temps maximal de 15 minutes, une grille de 10x10 cases. Les deux membres d'une \u00e9quipe peuvent bien s\u00fbr se concerter sur les r\u00e9ponses \u00e0 inscrire mais ne peuvent pas voir les solutions de leurs adversaires. Cette ann\u00e9e, beaucoup de parties ont \u00e9t\u00e9 extr\u00eamement serr\u00e9es, gagn\u00e9es ou perdues par une seule lettre, \u00e0 l'image de la derni\u00e8re manche qui opposait Montchapet \u00e0 Selongey. Mais les deux joueuses de Montchapet ont fait valoir un avantage qu'elles avaient d\u00e9j\u00e0 laiss\u00e9 deviner lors des qualifications du mois de mars, en rendant une grille exempte de fautes, dans des temps excellents (16 minutes 08 secondes pour C\u00e9cile et 29 minutes 29 secondes pour S\u00e9verine.)<br \/>Le coll\u00e8ge de Montchapet d\u00e9fendra sans doute de nouveau ses couleurs dans le Tournoi l'an prochain. Madame Duhaut, documentaliste du coll\u00e8ge qui a accompagn\u00e9 les deux championnes tout au long de leur parcours, a sugg\u00e9r\u00e9 qu'un entra\u00eenement pr\u00e9alable pourrait avoir lieu dans son coll\u00e8ge l'ann\u00e9e scolaire prochaine, avec l'objectif de conserver la premi\u00e8re place. Cela ne rendra pas la conqu\u00eate du titre de champion de C\u00f4te-d'Or plus facile pour les autres coll\u00e8ges, quand on conna\u00eet les r\u00e9sultats remarquables de Montchapet \u00e0 l'\u00e9preuve de qualification de cette ann\u00e9e... Coll\u00e9giens, \u00e0 vos grilles d\u00e8s maintenant\u00a0!<\/p>\n<h4><strong>Palmar\u00e8s<\/strong><\/h4>\n<p>(Dans le cas d'une \u00e9limination avant les demi-finales, les \u00e9quipes sont class\u00e9es selon les r\u00e9sultats obtenus lors de l'\u00e9preuve de qualification).<br \/>1 Coll\u00e8ge Montchapet (DIJON) C\u00e9cile et\u00a0 S\u00e9verine<br \/>2 Coll\u00e8ge Champ-Lumi\u00e8re (SELONGEY) Justine et Yoann<br \/>3 Coll\u00e8ge La Champagne\/ Gevrey-Chambertin (BROCHON) Joy et Marie<br \/>4 Coll\u00e8ge Paul-Fort\u00a0 (IS-SUR-TILLE) Antoine et Mathieu<br \/>5 Coll\u00e8ge Andr\u00e9-Malraux (DIJON) Alexandre et Bruno<br \/>6 Coll\u00e8ge Montchapet (DIJON) Cl\u00e9mence et Ga\u00eblle<br \/>7 Coll\u00e8ge Paul- Fort (IS-SUR-TILLE) Ang\u00e9lique et Jessica<br \/>8 Coll\u00e8ge Arthur-Rimbaud (MIREBEAU-SUR-B\u00c8ZE) Bastien et\u00a0 Tiphaine<br \/>9 Coll\u00e8ge Pasteur (MONTBARD)\u00a0Max et Apolline<br \/>10 Coll\u00e8ge Clos-de-Pouilly (DIJON) Marion et Florian<br \/>11 Coll\u00e8ge Jacques-Mercusot (SOMBERNON) Amandine et Coralie<br \/>12 Coll\u00e8ge Andr\u00e9-Lallemand (POUILLY-EN-AUXOIS) Cl\u00e9ment et\u00a0Charles<br \/>13 Coll\u00e8ge La Champagne \/Gevrey- Chambertin (BROCHON) Suzy et\u00a0 Aur\u00e9lie<br \/>14 Coll\u00e8ge Les Lentill\u00e8res\u00a0 (DIJON)\u00a0Mikail et\u00a0 H\u00e9l\u00e8ne<br \/>15 Coll\u00e8ge Camille-Claudel (CHEVIGNY SAINT SAUVEUR) Lucile et Benoit<br \/>16 Coll\u00e8ge Le Chapitre (CHENOVE) Emilien et\u00a0 Tania<\/p>\n<\/div><\/div><\/div><\/div><div id=\"pg-194-1\"  class=\"panel-grid panel-no-style\" ><div id=\"pgc-194-1-0\"  class=\"panel-grid-cell\" ><div id=\"panel-194-1-0-0\" class=\"so-panel widget widget_black-studio-tinymce widget_black_studio_tinymce panel-first-child panel-last-child\" data-index=\"2\" ><div class=\"textwidget\"><p><img loading=\"lazy\" decoding=\"async\" class=\" size-medium wp-image-742 aligncenter\" src=\"http:\/\/festival-ismotscroises.fr\/wp-content\/uploads\/2015\/06\/MASCOTTE-300x264.png\" alt=\"MASCOTTE\" width=\"300\" height=\"264\" srcset=\"https:\/\/festival-ismotscroises.fr\/wp-content\/uploads\/2015\/06\/MASCOTTE-300x264.png 300w, https:\/\/festival-ismotscroises.fr\/wp-content\/uploads\/2015\/06\/MASCOTTE.png 535w\" sizes=\"auto, (max-width: 300px) 100vw, 300px\" \/><\/p>\n<\/div><\/div><\/div><\/div><\/div>","protected":false},"excerpt":{"rendered":"<p>Le Tournoi des coll\u00e8ges 2004Au moment o\u00f9 la salle des Capucins \u00e0 Is-sur-Tille accueillait une soixantaine de joueurs adultes pour le Championnat francophone, la galerie du coll\u00e8ge Paul-Fort s&rsquo;ouvrait pour la grande finale du Tournoi des coll\u00e8ges, le samedi 15 mai 2004.Le Tournoi s&rsquo;est d\u00e9roul\u00e9 en quatre manches \u00e0 partir de huiti\u00e8mes de finale, chaque [&hellip;]<\/p>\n","protected":false},"author":2,"featured_media":0,"parent":0,"menu_order":0,"comment_status":"closed","ping_status":"closed","template":"templates\/template-full-notitle.php","meta":{"_monsterinsights_skip_tracking":false,"_monsterinsights_sitenote_active":false,"_monsterinsights_sitenote_note":"","_monsterinsights_sitenote_category":0,"footnotes":""},"class_list":["post-194","page","type-page","status-publish","hentry","post"],"yoast_head":"<!-- This site is optimized with the Yoast SEO plugin v22.6 - https:\/\/yoast.com\/wordpress\/plugins\/seo\/ -->\n<title>Tournoi des coll\u00e8ges - Le Festival des mots crois\u00e9s \u00e0 Is-sur-Tille<\/title>\n<meta name=\"robots\" content=\"index, follow, max-snippet:-1, max-image-preview:large, max-video-preview:-1\" \/>\n<link rel=\"canonical\" href=\"https:\/\/festival-ismotscroises.fr\/?page_id=194\" \/>\n<meta property=\"og:locale\" content=\"fr_FR\" \/>\n<meta property=\"og:type\" content=\"article\" \/>\n<meta property=\"og:title\" content=\"Tournoi des coll\u00e8ges - Le Festival des mots crois\u00e9s \u00e0 Is-sur-Tille\" \/>\n<meta property=\"og:description\" content=\"Le Tournoi des coll\u00e8ges 2004Au moment o\u00f9 la salle des Capucins \u00e0 Is-sur-Tille accueillait une soixantaine de joueurs adultes pour le Championnat francophone, la galerie du coll\u00e8ge Paul-Fort s&#039;ouvrait pour la grande finale du Tournoi des coll\u00e8ges, le samedi 15 mai 2004.Le Tournoi s&#039;est d\u00e9roul\u00e9 en quatre manches \u00e0 partir de huiti\u00e8mes de finale, chaque [&hellip;]\" \/>\n<meta property=\"og:url\" content=\"https:\/\/festival-ismotscroises.fr\/?page_id=194\" \/>\n<meta property=\"og:site_name\" content=\"Le Festival des mots crois\u00e9s \u00e0 Is-sur-Tille\" \/>\n<meta property=\"article:modified_time\" content=\"2023-03-24T14:52:25+00:00\" \/>\n<meta property=\"og:image\" content=\"http:\/\/festival-ismotscroises.fr\/wp-content\/plugins\/easy-media-gallery-pro\/includes\/images\/trans.png\" \/>\n<meta name=\"twitter:card\" content=\"summary_large_image\" \/>\n<meta name=\"twitter:label1\" content=\"Dur\u00e9e de lecture estim\u00e9e\" \/>\n\t<meta name=\"twitter:data1\" content=\"2 minutes\" \/>\n<script type=\"application\/ld+json\" class=\"yoast-schema-graph\">{\"@context\":\"https:\/\/schema.org\",\"@graph\":[{\"@type\":\"WebPage\",\"@id\":\"https:\/\/festival-ismotscroises.fr\/?page_id=194\",\"url\":\"https:\/\/festival-ismotscroises.fr\/?page_id=194\",\"name\":\"Tournoi des coll\u00e8ges - Le Festival des mots crois\u00e9s \u00e0 Is-sur-Tille\",\"isPartOf\":{\"@id\":\"https:\/\/festival-ismotscroises.fr\/#website\"},\"primaryImageOfPage\":{\"@id\":\"https:\/\/festival-ismotscroises.fr\/?page_id=194#primaryimage\"},\"image\":{\"@id\":\"https:\/\/festival-ismotscroises.fr\/?page_id=194#primaryimage\"},\"thumbnailUrl\":\"http:\/\/festival-ismotscroises.fr\/wp-content\/plugins\/easy-media-gallery-pro\/includes\/images\/trans.png\",\"datePublished\":\"2015-06-18T18:30:54+00:00\",\"dateModified\":\"2023-03-24T14:52:25+00:00\",\"breadcrumb\":{\"@id\":\"https:\/\/festival-ismotscroises.fr\/?page_id=194#breadcrumb\"},\"inLanguage\":\"fr-FR\",\"potentialAction\":[{\"@type\":\"ReadAction\",\"target\":[\"https:\/\/festival-ismotscroises.fr\/?page_id=194\"]}]},{\"@type\":\"ImageObject\",\"inLanguage\":\"fr-FR\",\"@id\":\"https:\/\/festival-ismotscroises.fr\/?page_id=194#primaryimage\",\"url\":\"http:\/\/festival-ismotscroises.fr\/wp-content\/plugins\/easy-media-gallery-pro\/includes\/images\/trans.png\",\"contentUrl\":\"http:\/\/festival-ismotscroises.fr\/wp-content\/plugins\/easy-media-gallery-pro\/includes\/images\/trans.png\"},{\"@type\":\"BreadcrumbList\",\"@id\":\"https:\/\/festival-ismotscroises.fr\/?page_id=194#breadcrumb\",\"itemListElement\":[{\"@type\":\"ListItem\",\"position\":1,\"name\":\"Accueil\",\"item\":\"https:\/\/festival-ismotscroises.fr\/\"},{\"@type\":\"ListItem\",\"position\":2,\"name\":\"Tournoi des coll\u00e8ges\"}]},{\"@type\":\"WebSite\",\"@id\":\"https:\/\/festival-ismotscroises.fr\/#website\",\"url\":\"https:\/\/festival-ismotscroises.fr\/\",\"name\":\"Le Festival des mots crois\u00e9s \u00e0 Is-sur-Tille\",\"description\":\"La ville d&#039;Is-sur-Tille, en C\u00f4te-d&#039;Or, organise un festival annuel de mots crois\u00e9s depuis 1990..\",\"potentialAction\":[{\"@type\":\"SearchAction\",\"target\":{\"@type\":\"EntryPoint\",\"urlTemplate\":\"https:\/\/festival-ismotscroises.fr\/?s={search_term_string}\"},\"query-input\":\"required name=search_term_string\"}],\"inLanguage\":\"fr-FR\"}]}<\/script>\n<!-- \/ Yoast SEO plugin. -->","yoast_head_json":{"title":"Tournoi des coll\u00e8ges - Le Festival des mots crois\u00e9s \u00e0 Is-sur-Tille","robots":{"index":"index","follow":"follow","max-snippet":"max-snippet:-1","max-image-preview":"max-image-preview:large","max-video-preview":"max-video-preview:-1"},"canonical":"https:\/\/festival-ismotscroises.fr\/?page_id=194","og_locale":"fr_FR","og_type":"article","og_title":"Tournoi des coll\u00e8ges - Le Festival des mots crois\u00e9s \u00e0 Is-sur-Tille","og_description":"Le Tournoi des coll\u00e8ges 2004Au moment o\u00f9 la salle des Capucins \u00e0 Is-sur-Tille accueillait une soixantaine de joueurs adultes pour le Championnat francophone, la galerie du coll\u00e8ge Paul-Fort s'ouvrait pour la grande finale du Tournoi des coll\u00e8ges, le samedi 15 mai 2004.Le Tournoi s'est d\u00e9roul\u00e9 en quatre manches \u00e0 partir de huiti\u00e8mes de finale, chaque [&hellip;]","og_url":"https:\/\/festival-ismotscroises.fr\/?page_id=194","og_site_name":"Le Festival des mots crois\u00e9s \u00e0 Is-sur-Tille","article_modified_time":"2023-03-24T14:52:25+00:00","og_image":[{"url":"http:\/\/festival-ismotscroises.fr\/wp-content\/plugins\/easy-media-gallery-pro\/includes\/images\/trans.png"}],"twitter_card":"summary_large_image","twitter_misc":{"Dur\u00e9e de lecture estim\u00e9e":"2 minutes"},"schema":{"@context":"https:\/\/schema.org","@graph":[{"@type":"WebPage","@id":"https:\/\/festival-ismotscroises.fr\/?page_id=194","url":"https:\/\/festival-ismotscroises.fr\/?page_id=194","name":"Tournoi des coll\u00e8ges - Le Festival des mots crois\u00e9s \u00e0 Is-sur-Tille","isPartOf":{"@id":"https:\/\/festival-ismotscroises.fr\/#website"},"primaryImageOfPage":{"@id":"https:\/\/festival-ismotscroises.fr\/?page_id=194#primaryimage"},"image":{"@id":"https:\/\/festival-ismotscroises.fr\/?page_id=194#primaryimage"},"thumbnailUrl":"http:\/\/festival-ismotscroises.fr\/wp-content\/plugins\/easy-media-gallery-pro\/includes\/images\/trans.png","datePublished":"2015-06-18T18:30:54+00:00","dateModified":"2023-03-24T14:52:25+00:00","breadcrumb":{"@id":"https:\/\/festival-ismotscroises.fr\/?page_id=194#breadcrumb"},"inLanguage":"fr-FR","potentialAction":[{"@type":"ReadAction","target":["https:\/\/festival-ismotscroises.fr\/?page_id=194"]}]},{"@type":"ImageObject","inLanguage":"fr-FR","@id":"https:\/\/festival-ismotscroises.fr\/?page_id=194#primaryimage","url":"http:\/\/festival-ismotscroises.fr\/wp-content\/plugins\/easy-media-gallery-pro\/includes\/images\/trans.png","contentUrl":"http:\/\/festival-ismotscroises.fr\/wp-content\/plugins\/easy-media-gallery-pro\/includes\/images\/trans.png"},{"@type":"BreadcrumbList","@id":"https:\/\/festival-ismotscroises.fr\/?page_id=194#breadcrumb","itemListElement":[{"@type":"ListItem","position":1,"name":"Accueil","item":"https:\/\/festival-ismotscroises.fr\/"},{"@type":"ListItem","position":2,"name":"Tournoi des coll\u00e8ges"}]},{"@type":"WebSite","@id":"https:\/\/festival-ismotscroises.fr\/#website","url":"https:\/\/festival-ismotscroises.fr\/","name":"Le Festival des mots crois\u00e9s \u00e0 Is-sur-Tille","description":"La ville d&#039;Is-sur-Tille, en C\u00f4te-d&#039;Or, organise un festival annuel de mots crois\u00e9s depuis 1990..","potentialAction":[{"@type":"SearchAction","target":{"@type":"EntryPoint","urlTemplate":"https:\/\/festival-ismotscroises.fr\/?s={search_term_string}"},"query-input":"required name=search_term_string"}],"inLanguage":"fr-FR"}]}},"_links":{"self":[{"href":"https:\/\/festival-ismotscroises.fr\/index.php?rest_route=\/wp\/v2\/pages\/194","targetHints":{"allow":["GET"]}}],"collection":[{"href":"https:\/\/festival-ismotscroises.fr\/index.php?rest_route=\/wp\/v2\/pages"}],"about":[{"href":"https:\/\/festival-ismotscroises.fr\/index.php?rest_route=\/wp\/v2\/types\/page"}],"author":[{"embeddable":true,"href":"https:\/\/festival-ismotscroises.fr\/index.php?rest_route=\/wp\/v2\/users\/2"}],"replies":[{"embeddable":true,"href":"https:\/\/festival-ismotscroises.fr\/index.php?rest_route=%2Fwp%2Fv2%2Fcomments&post=194"}],"version-history":[{"count":6,"href":"https:\/\/festival-ismotscroises.fr\/index.php?rest_route=\/wp\/v2\/pages\/194\/revisions"}],"predecessor-version":[{"id":1420,"href":"https:\/\/festival-ismotscroises.fr\/index.php?rest_route=\/wp\/v2\/pages\/194\/revisions\/1420"}],"wp:attachment":[{"href":"https:\/\/festival-ismotscroises.fr\/index.php?rest_route=%2Fwp%2Fv2%2Fmedia&parent=194"}],"curies":[{"name":"wp","href":"https:\/\/api.w.org\/{rel}","templated":true}]}}