{"id":188,"date":"2015-06-18T20:28:05","date_gmt":"2015-06-18T18:28:05","guid":{"rendered":"http:\/\/festival-ismotscroises.fr\/?page_id=188"},"modified":"2015-07-08T00:18:07","modified_gmt":"2015-07-07T22:18:07","slug":"tournoi-des-3-rivieres-2","status":"publish","type":"page","link":"https:\/\/festival-ismotscroises.fr\/?page_id=188","title":{"rendered":"Tournoi des 3 Rivi\u00e8res"},"content":{"rendered":"<div id=\"pl-188\"  class=\"panel-layout\" ><div id=\"pg-188-0\"  class=\"panel-grid panel-no-style\" ><div id=\"pgc-188-0-0\"  class=\"panel-grid-cell\" ><div id=\"panel-188-0-0-0\" class=\"so-panel widget panel-first-child panel-last-child\" data-index=\"0\" ><\/div><\/div><div id=\"pgc-188-0-1\"  class=\"panel-grid-cell\" ><div id=\"panel-188-0-1-0\" class=\"so-panel widget widget_black-studio-tinymce widget_black_studio_tinymce panel-first-child panel-last-child\" data-index=\"1\" ><div class=\"textwidget\"><h3 style=\"text-align: justify;\"><strong>Tournoi des 3 rivi\u00e8res 2005<\/strong><\/h3>\n<p>Une fr\u00e9quentation un peu d\u00e9cevante pour cette comp\u00e9tition n\u00e9e en 2000 suite \u00e0 une demande des cruciverbistes locaux. Seulement 7 \u00e9quipes de deux joueurs ont pu \u00eatre constitu\u00e9es \u00e0 partir des joueurs qui se sont pr\u00e9sent\u00e9s spontan\u00e9ment le vendredi soir. Aucune inscription pr\u00e9alable n'est en effet n\u00e9cessaire pour participer \u00e0 ce tournoi, la seule contrainte \u00e9tant celle du lieu d'habitation, qui doit se situer dans un des 4 cantons d'Is-sur-Tille, Selongey, Grancey-le-Ch\u00e2teau et Saint-Seine-l'Abbaye. L'an pass\u00e9, 10 \u00e9quipes \u00e9taient pr\u00e9sentes et se sont affront\u00e9es devant un public plus nombreux.<br \/>L'\u00e9quipe constitu\u00e9e par Jo\u00ebl Mangin et Jean-Pierre Chenelle, issue d'un tirage au sort favorable, pouvait pr\u00e9tendre \u00e0 la victoire. Mais les deux joueurs ont \u00e9chou\u00e9 en arr\u00eatant une partie sur une erreur (Rome au lieu du nom Italien Roma.)<br \/>La voie \u00e9tait libre pour Mireille Borecki, qui; associ\u00e9e \u00e0 Bernard Daguet, nouveau venu dans la comp\u00e9tition, a su renouveler sa victoire de l'an pass\u00e9. Sa partenaire de l'an pass\u00e9, Myl\u00e8ne Debi\u00e8re, se classait deuxi\u00e8me avec une autre nouvelle recrue dans cette comp\u00e9tition, Denise Gaud\u00e9.<br \/>Les deux championnes locales n'ont une fois de plus pas fait d\u00e9mentir le r\u00f4le de ce tournoi d'offrir un excellent entra\u00eenement et un tremplin vers les sommets du classement de son a\u00een\u00e9, le Tournoi de Bourgogne. D\u00e8s le lendemain, Myl\u00e8ne Debi\u00e8re se classait en 8e position dans le Tournoi A tandis que Mireille Borecki remportait le Tournoi B.<\/p>\n<h4><strong>Palmar\u00e8s<\/strong><\/h4>\n<p>1 - BORECKI Mireille \/ DAGUET Bernard<br \/>2 - DEBI\u00c8RE Myl\u00e8ne \/ GAUD\u00c9 Denise<\/p>\n<\/div><\/div><\/div><\/div><div id=\"pg-188-1\"  class=\"panel-grid panel-no-style\" ><div id=\"pgc-188-1-0\"  class=\"panel-grid-cell\" ><div id=\"panel-188-1-0-0\" class=\"so-panel widget widget_black-studio-tinymce widget_black_studio_tinymce panel-first-child panel-last-child\" data-index=\"2\" ><div class=\"textwidget\"><p><img loading=\"lazy\" decoding=\"async\" class=\" size-full wp-image-1496 alignright\" src=\"http:\/\/festival-ismotscroises.fr\/wp-content\/uploads\/2015\/07\/ISMOTSCROISES-LOGO.png\" alt=\"ISMOTSCROISES-LOGO\" width=\"152\" height=\"150\" \/><\/p>\n<\/div><\/div><\/div><\/div><\/div>","protected":false},"excerpt":{"rendered":"<p>Tournoi des 3 rivi\u00e8res 2005Une fr\u00e9quentation un peu d\u00e9cevante pour cette comp\u00e9tition n\u00e9e en 2000 suite \u00e0 une demande des cruciverbistes locaux. Seulement 7 \u00e9quipes de deux joueurs ont pu \u00eatre constitu\u00e9es \u00e0 partir des joueurs qui se sont pr\u00e9sent\u00e9s spontan\u00e9ment le vendredi soir. Aucune inscription pr\u00e9alable n&rsquo;est en effet n\u00e9cessaire pour participer \u00e0 ce [&hellip;]<\/p>\n","protected":false},"author":2,"featured_media":0,"parent":0,"menu_order":0,"comment_status":"closed","ping_status":"closed","template":"templates\/template-full-notitle.php","meta":{"_monsterinsights_skip_tracking":false,"_monsterinsights_sitenote_active":false,"_monsterinsights_sitenote_note":"","_monsterinsights_sitenote_category":0,"footnotes":""},"class_list":["post-188","page","type-page","status-publish","hentry","post"],"yoast_head":"<!-- This site is optimized with the Yoast SEO plugin v22.6 - https:\/\/yoast.com\/wordpress\/plugins\/seo\/ -->\n<title>Tournoi des 3 Rivi\u00e8res - Le Festival des mots crois\u00e9s \u00e0 Is-sur-Tille<\/title>\n<meta name=\"robots\" content=\"index, follow, max-snippet:-1, max-image-preview:large, max-video-preview:-1\" \/>\n<link rel=\"canonical\" href=\"https:\/\/festival-ismotscroises.fr\/?page_id=188\" \/>\n<meta property=\"og:locale\" content=\"fr_FR\" \/>\n<meta property=\"og:type\" content=\"article\" \/>\n<meta property=\"og:title\" content=\"Tournoi des 3 Rivi\u00e8res - Le Festival des mots crois\u00e9s \u00e0 Is-sur-Tille\" \/>\n<meta property=\"og:description\" content=\"Tournoi des 3 rivi\u00e8res 2005Une fr\u00e9quentation un peu d\u00e9cevante pour cette comp\u00e9tition n\u00e9e en 2000 suite \u00e0 une demande des cruciverbistes locaux. Seulement 7 \u00e9quipes de deux joueurs ont pu \u00eatre constitu\u00e9es \u00e0 partir des joueurs qui se sont pr\u00e9sent\u00e9s spontan\u00e9ment le vendredi soir. Aucune inscription pr\u00e9alable n&#039;est en effet n\u00e9cessaire pour participer \u00e0 ce [&hellip;]\" \/>\n<meta property=\"og:url\" content=\"https:\/\/festival-ismotscroises.fr\/?page_id=188\" \/>\n<meta property=\"og:site_name\" content=\"Le Festival des mots crois\u00e9s \u00e0 Is-sur-Tille\" \/>\n<meta property=\"article:modified_time\" content=\"2015-07-07T22:18:07+00:00\" \/>\n<meta property=\"og:image\" content=\"http:\/\/festival-ismotscroises.fr\/wp-content\/plugins\/easy-media-gallery-pro\/includes\/images\/trans.png\" \/>\n<meta name=\"twitter:card\" content=\"summary_large_image\" \/>\n<meta name=\"twitter:label1\" content=\"Dur\u00e9e de lecture estim\u00e9e\" \/>\n\t<meta name=\"twitter:data1\" content=\"1 minute\" \/>\n<script type=\"application\/ld+json\" class=\"yoast-schema-graph\">{\"@context\":\"https:\/\/schema.org\",\"@graph\":[{\"@type\":\"WebPage\",\"@id\":\"https:\/\/festival-ismotscroises.fr\/?page_id=188\",\"url\":\"https:\/\/festival-ismotscroises.fr\/?page_id=188\",\"name\":\"Tournoi des 3 Rivi\u00e8res - Le Festival des mots crois\u00e9s \u00e0 Is-sur-Tille\",\"isPartOf\":{\"@id\":\"https:\/\/festival-ismotscroises.fr\/#website\"},\"primaryImageOfPage\":{\"@id\":\"https:\/\/festival-ismotscroises.fr\/?page_id=188#primaryimage\"},\"image\":{\"@id\":\"https:\/\/festival-ismotscroises.fr\/?page_id=188#primaryimage\"},\"thumbnailUrl\":\"http:\/\/festival-ismotscroises.fr\/wp-content\/plugins\/easy-media-gallery-pro\/includes\/images\/trans.png\",\"datePublished\":\"2015-06-18T18:28:05+00:00\",\"dateModified\":\"2015-07-07T22:18:07+00:00\",\"breadcrumb\":{\"@id\":\"https:\/\/festival-ismotscroises.fr\/?page_id=188#breadcrumb\"},\"inLanguage\":\"fr-FR\",\"potentialAction\":[{\"@type\":\"ReadAction\",\"target\":[\"https:\/\/festival-ismotscroises.fr\/?page_id=188\"]}]},{\"@type\":\"ImageObject\",\"inLanguage\":\"fr-FR\",\"@id\":\"https:\/\/festival-ismotscroises.fr\/?page_id=188#primaryimage\",\"url\":\"http:\/\/festival-ismotscroises.fr\/wp-content\/plugins\/easy-media-gallery-pro\/includes\/images\/trans.png\",\"contentUrl\":\"http:\/\/festival-ismotscroises.fr\/wp-content\/plugins\/easy-media-gallery-pro\/includes\/images\/trans.png\"},{\"@type\":\"BreadcrumbList\",\"@id\":\"https:\/\/festival-ismotscroises.fr\/?page_id=188#breadcrumb\",\"itemListElement\":[{\"@type\":\"ListItem\",\"position\":1,\"name\":\"Accueil\",\"item\":\"https:\/\/festival-ismotscroises.fr\/\"},{\"@type\":\"ListItem\",\"position\":2,\"name\":\"Tournoi des 3 Rivi\u00e8res\"}]},{\"@type\":\"WebSite\",\"@id\":\"https:\/\/festival-ismotscroises.fr\/#website\",\"url\":\"https:\/\/festival-ismotscroises.fr\/\",\"name\":\"Le Festival des mots crois\u00e9s \u00e0 Is-sur-Tille\",\"description\":\"La ville d&#039;Is-sur-Tille, en C\u00f4te-d&#039;Or, organise un festival annuel de mots crois\u00e9s depuis 1990..\",\"potentialAction\":[{\"@type\":\"SearchAction\",\"target\":{\"@type\":\"EntryPoint\",\"urlTemplate\":\"https:\/\/festival-ismotscroises.fr\/?s={search_term_string}\"},\"query-input\":\"required name=search_term_string\"}],\"inLanguage\":\"fr-FR\"}]}<\/script>\n<!-- \/ Yoast SEO plugin. -->","yoast_head_json":{"title":"Tournoi des 3 Rivi\u00e8res - Le Festival des mots crois\u00e9s \u00e0 Is-sur-Tille","robots":{"index":"index","follow":"follow","max-snippet":"max-snippet:-1","max-image-preview":"max-image-preview:large","max-video-preview":"max-video-preview:-1"},"canonical":"https:\/\/festival-ismotscroises.fr\/?page_id=188","og_locale":"fr_FR","og_type":"article","og_title":"Tournoi des 3 Rivi\u00e8res - Le Festival des mots crois\u00e9s \u00e0 Is-sur-Tille","og_description":"Tournoi des 3 rivi\u00e8res 2005Une fr\u00e9quentation un peu d\u00e9cevante pour cette comp\u00e9tition n\u00e9e en 2000 suite \u00e0 une demande des cruciverbistes locaux. Seulement 7 \u00e9quipes de deux joueurs ont pu \u00eatre constitu\u00e9es \u00e0 partir des joueurs qui se sont pr\u00e9sent\u00e9s spontan\u00e9ment le vendredi soir. Aucune inscription pr\u00e9alable n'est en effet n\u00e9cessaire pour participer \u00e0 ce [&hellip;]","og_url":"https:\/\/festival-ismotscroises.fr\/?page_id=188","og_site_name":"Le Festival des mots crois\u00e9s \u00e0 Is-sur-Tille","article_modified_time":"2015-07-07T22:18:07+00:00","og_image":[{"url":"http:\/\/festival-ismotscroises.fr\/wp-content\/plugins\/easy-media-gallery-pro\/includes\/images\/trans.png"}],"twitter_card":"summary_large_image","twitter_misc":{"Dur\u00e9e de lecture estim\u00e9e":"1 minute"},"schema":{"@context":"https:\/\/schema.org","@graph":[{"@type":"WebPage","@id":"https:\/\/festival-ismotscroises.fr\/?page_id=188","url":"https:\/\/festival-ismotscroises.fr\/?page_id=188","name":"Tournoi des 3 Rivi\u00e8res - Le Festival des mots crois\u00e9s \u00e0 Is-sur-Tille","isPartOf":{"@id":"https:\/\/festival-ismotscroises.fr\/#website"},"primaryImageOfPage":{"@id":"https:\/\/festival-ismotscroises.fr\/?page_id=188#primaryimage"},"image":{"@id":"https:\/\/festival-ismotscroises.fr\/?page_id=188#primaryimage"},"thumbnailUrl":"http:\/\/festival-ismotscroises.fr\/wp-content\/plugins\/easy-media-gallery-pro\/includes\/images\/trans.png","datePublished":"2015-06-18T18:28:05+00:00","dateModified":"2015-07-07T22:18:07+00:00","breadcrumb":{"@id":"https:\/\/festival-ismotscroises.fr\/?page_id=188#breadcrumb"},"inLanguage":"fr-FR","potentialAction":[{"@type":"ReadAction","target":["https:\/\/festival-ismotscroises.fr\/?page_id=188"]}]},{"@type":"ImageObject","inLanguage":"fr-FR","@id":"https:\/\/festival-ismotscroises.fr\/?page_id=188#primaryimage","url":"http:\/\/festival-ismotscroises.fr\/wp-content\/plugins\/easy-media-gallery-pro\/includes\/images\/trans.png","contentUrl":"http:\/\/festival-ismotscroises.fr\/wp-content\/plugins\/easy-media-gallery-pro\/includes\/images\/trans.png"},{"@type":"BreadcrumbList","@id":"https:\/\/festival-ismotscroises.fr\/?page_id=188#breadcrumb","itemListElement":[{"@type":"ListItem","position":1,"name":"Accueil","item":"https:\/\/festival-ismotscroises.fr\/"},{"@type":"ListItem","position":2,"name":"Tournoi des 3 Rivi\u00e8res"}]},{"@type":"WebSite","@id":"https:\/\/festival-ismotscroises.fr\/#website","url":"https:\/\/festival-ismotscroises.fr\/","name":"Le Festival des mots crois\u00e9s \u00e0 Is-sur-Tille","description":"La ville d&#039;Is-sur-Tille, en C\u00f4te-d&#039;Or, organise un festival annuel de mots crois\u00e9s depuis 1990..","potentialAction":[{"@type":"SearchAction","target":{"@type":"EntryPoint","urlTemplate":"https:\/\/festival-ismotscroises.fr\/?s={search_term_string}"},"query-input":"required name=search_term_string"}],"inLanguage":"fr-FR"}]}},"_links":{"self":[{"href":"https:\/\/festival-ismotscroises.fr\/index.php?rest_route=\/wp\/v2\/pages\/188","targetHints":{"allow":["GET"]}}],"collection":[{"href":"https:\/\/festival-ismotscroises.fr\/index.php?rest_route=\/wp\/v2\/pages"}],"about":[{"href":"https:\/\/festival-ismotscroises.fr\/index.php?rest_route=\/wp\/v2\/types\/page"}],"author":[{"embeddable":true,"href":"https:\/\/festival-ismotscroises.fr\/index.php?rest_route=\/wp\/v2\/users\/2"}],"replies":[{"embeddable":true,"href":"https:\/\/festival-ismotscroises.fr\/index.php?rest_route=%2Fwp%2Fv2%2Fcomments&post=188"}],"version-history":[{"count":8,"href":"https:\/\/festival-ismotscroises.fr\/index.php?rest_route=\/wp\/v2\/pages\/188\/revisions"}],"predecessor-version":[{"id":1532,"href":"https:\/\/festival-ismotscroises.fr\/index.php?rest_route=\/wp\/v2\/pages\/188\/revisions\/1532"}],"wp:attachment":[{"href":"https:\/\/festival-ismotscroises.fr\/index.php?rest_route=%2Fwp%2Fv2%2Fmedia&parent=188"}],"curies":[{"name":"wp","href":"https:\/\/api.w.org\/{rel}","templated":true}]}}