{"id":182,"date":"2015-06-18T20:26:10","date_gmt":"2015-06-18T18:26:10","guid":{"rendered":"http:\/\/festival-ismotscroises.fr\/?page_id=182"},"modified":"2023-03-24T15:52:33","modified_gmt":"2023-03-24T14:52:33","slug":"tournoi-des-colleges-12","status":"publish","type":"page","link":"https:\/\/festival-ismotscroises.fr\/?page_id=182","title":{"rendered":"Tournoi des coll\u00e8ges"},"content":{"rendered":"<div id=\"pl-182\"  class=\"panel-layout\" ><div id=\"pg-182-0\"  class=\"panel-grid panel-no-style\" ><div id=\"pgc-182-0-0\"  class=\"panel-grid-cell\" ><div id=\"panel-182-0-0-0\" class=\"so-panel widget panel-first-child panel-last-child\" data-index=\"0\" ><\/div><\/div><div id=\"pgc-182-0-1\"  class=\"panel-grid-cell\" ><div id=\"panel-182-0-1-0\" class=\"so-panel widget widget_black-studio-tinymce widget_black_studio_tinymce panel-first-child panel-last-child\" data-index=\"1\" ><div class=\"textwidget\"><h3 style=\"text-align: justify;\"><strong>Le Tournoi des coll\u00e8ges 2005<\/strong><\/h3>\n<p style=\"text-align: justify;\">Ce samedi 21 mai 2005, c'est le coll\u00e8ge Louis-Pasteur de Montbard qui a remport\u00e9 le titre de Champion de mots crois\u00e9s des coll\u00e8ges au terme d'une comp\u00e9tition clairement marqu\u00e9e cette ann\u00e9e par la prise de risques.<br \/>En effet, plus de la moiti\u00e9 des parties ont \u00e9t\u00e9 arr\u00eat\u00e9e avant la fin par une \u00e9quipe qui estimait avoir termin\u00e9 sa grille sans faute. Le record est d\u00e9tenu par Lucie et Thomas, de Montbard, qui ont mis fin \u00e0 un match de demi-finale au bout de 4 minutes et 35 secondes... du jamais vu dans le Tournoi !<br \/>En quarts de finales, les quatre matchs ont \u00e9t\u00e9 arr\u00eat\u00e9s de fa\u00e7on pr\u00e9matur\u00e9e... et gagn\u00e9s par des candidats qui n'ont pas h\u00e9sit\u00e9 \u00e0 braver le risque de la mort subite (= une seule erreur dans une grille arr\u00eat\u00e9e entra\u00eene l'\u00e9limination du tournoi.) La finale n'a pas fait exception, et Lucie et Thomas ont estim\u00e9 qu'il n'\u00e9tait pas n\u00e9cessaire de laisser le match se d\u00e9rouler jusqu'\u00e0 son terme (un quart d'heure en tout) et l'ont arr\u00eat\u00e9 au bout de dix minutes, emportant la victoire sur leurs concurrents du coll\u00e8ge La Champagne\/Gevrey-Chambertin de Brochon.<br \/>Et les \u00e9quipes qui ont perdu suite \u00e0 un arr\u00eat de la partie demand\u00e9e par leurs adversaires avaient tr\u00e8s souvent elles-m\u00eames une grille achev\u00e9e... sans faute. C'est donc la rapidit\u00e9 qui a pay\u00e9, le culot de dire \u00ab\u00a0stop\u00a0!\u00a0\u00bb et de prendre ainsi l'initiative avant la v\u00e9rification des r\u00e9ponses.<br \/>Parents, professeurs, organisateurs et tous les spectateurs ont eu le sentiment d'assister cette ann\u00e9e \u00e0 une \u00e9dition exceptionnelle du Tournoi des coll\u00e8ges. De nombreux candidats avaient d'authentiques qualit\u00e9s de champions. Chapeaux bas !<\/p>\n<h4><strong>Palmar\u00e8s<\/strong><\/h4>\n<p>(Dans le cas d'une \u00e9limination avant les demi-finales, les \u00e9quipes sont class\u00e9es selon les r\u00e9sultats obtenus lors de l'\u00e9preuve de qualification).<br \/>1 Coll\u00e8ge Louis-Pasteur (MONTBARD) Lucie et Thomas<br \/>2 Coll\u00e8ge La Champagne\/Gevrey-Chambertin (BROCHON) Jules et S\u00e9bastien<br \/>3 Coll\u00e8ge Paul-Fort (IS-SUR-TILLE) S\u00e9bastien et Th\u00e9ophile<br \/>4 Coll\u00e8ge Montchapet (DIJON) Lucie et L\u00e9a<br \/>5 Coll\u00e8ge Les Lentill\u00e8res (DIJON) Aur\u00e9lie et Thomas (absent, remplac\u00e9 par Marie, d'Is-sur-Tille)<br \/>6 Coll\u00e8ge Champ-Lumi\u00e8re (SELONGEY) Marion et Laurette<br \/>7 Coll\u00e8ge Clos-de-Pouilly (DIJON) Ma\u00ebl et Morgan (absent, remplac\u00e9 par Justine, d'Is-sur-Tille)<br \/>8 Coll\u00e8ge \u00c9mile-Lepitre (LAIGNES) Alice et Alexis<br \/>Les \u00e9quipes \u00e9limin\u00e9es en huiti\u00e8mes de finales sont class\u00e9es selon les r\u00e9sultats obtenus lors de l'\u00e9preuve de qualification\u00a0:<br \/>9 Coll\u00e8ge Montchapet (DIJON) In\u00e8s et Margot<br \/>10 Coll\u00e8ge Roland-Dorgel\u00e8s (LONGVIC) Vincent et Leslie<br \/>11 Coll\u00e8ges Les Lentill\u00e8res (DIJON)\u00a0Maxime et Romain<br \/>12 Coll\u00e8ge Paul-Fort (IS-SUR-TILLE) Emmanuelle et Cathy<br \/>13 Coll\u00e8ge Henry-Berger (FONTAINE-FRAN\u00c7AISE) Morgane et Guillaume<br \/>14 Coll\u00e8ge Al\u00e9sia (VENAREY-LES-LAUMES) Florian et Julien<br \/>15 Coll\u00e8ge Le Chapitre (CHEN\u00d4VE)\u00a0Laurianne et Val\u00e9rie<br \/>16 Coll\u00e8ge Arthur-Rimbaud (MIREBEAU) Thibaut et Arthur<\/p>\n<\/div><\/div><\/div><\/div><\/div>","protected":false},"excerpt":{"rendered":"<p>Le Tournoi des coll\u00e8ges 2005Ce samedi 21 mai 2005, c&rsquo;est le coll\u00e8ge Louis-Pasteur de Montbard qui a remport\u00e9 le titre de Champion de mots crois\u00e9s des coll\u00e8ges au terme d&rsquo;une comp\u00e9tition clairement marqu\u00e9e cette ann\u00e9e par la prise de risques.En effet, plus de la moiti\u00e9 des parties ont \u00e9t\u00e9 arr\u00eat\u00e9e avant la fin par une [&hellip;]<\/p>\n","protected":false},"author":2,"featured_media":0,"parent":0,"menu_order":0,"comment_status":"closed","ping_status":"closed","template":"templates\/template-full-notitle.php","meta":{"_monsterinsights_skip_tracking":false,"_monsterinsights_sitenote_active":false,"_monsterinsights_sitenote_note":"","_monsterinsights_sitenote_category":0,"footnotes":""},"class_list":["post-182","page","type-page","status-publish","hentry","post"],"yoast_head":"<!-- This site is optimized with the Yoast SEO plugin v22.6 - https:\/\/yoast.com\/wordpress\/plugins\/seo\/ -->\n<title>Tournoi des coll\u00e8ges - Le Festival des mots crois\u00e9s \u00e0 Is-sur-Tille<\/title>\n<meta name=\"robots\" content=\"index, follow, max-snippet:-1, max-image-preview:large, max-video-preview:-1\" \/>\n<link rel=\"canonical\" href=\"https:\/\/festival-ismotscroises.fr\/?page_id=182\" \/>\n<meta property=\"og:locale\" content=\"fr_FR\" \/>\n<meta property=\"og:type\" content=\"article\" \/>\n<meta property=\"og:title\" content=\"Tournoi des coll\u00e8ges - Le Festival des mots crois\u00e9s \u00e0 Is-sur-Tille\" \/>\n<meta property=\"og:description\" content=\"Le Tournoi des coll\u00e8ges 2005Ce samedi 21 mai 2005, c&#039;est le coll\u00e8ge Louis-Pasteur de Montbard qui a remport\u00e9 le titre de Champion de mots crois\u00e9s des coll\u00e8ges au terme d&#039;une comp\u00e9tition clairement marqu\u00e9e cette ann\u00e9e par la prise de risques.En effet, plus de la moiti\u00e9 des parties ont \u00e9t\u00e9 arr\u00eat\u00e9e avant la fin par une [&hellip;]\" \/>\n<meta property=\"og:url\" content=\"https:\/\/festival-ismotscroises.fr\/?page_id=182\" \/>\n<meta property=\"og:site_name\" content=\"Le Festival des mots crois\u00e9s \u00e0 Is-sur-Tille\" \/>\n<meta property=\"article:modified_time\" content=\"2023-03-24T14:52:33+00:00\" \/>\n<meta property=\"og:image\" content=\"http:\/\/festival-ismotscroises.fr\/wp-content\/plugins\/easy-media-gallery-pro\/includes\/images\/trans.png\" \/>\n<meta name=\"twitter:card\" content=\"summary_large_image\" \/>\n<meta name=\"twitter:label1\" content=\"Dur\u00e9e de lecture estim\u00e9e\" \/>\n\t<meta name=\"twitter:data1\" content=\"2 minutes\" \/>\n<script type=\"application\/ld+json\" class=\"yoast-schema-graph\">{\"@context\":\"https:\/\/schema.org\",\"@graph\":[{\"@type\":\"WebPage\",\"@id\":\"https:\/\/festival-ismotscroises.fr\/?page_id=182\",\"url\":\"https:\/\/festival-ismotscroises.fr\/?page_id=182\",\"name\":\"Tournoi des coll\u00e8ges - Le Festival des mots crois\u00e9s \u00e0 Is-sur-Tille\",\"isPartOf\":{\"@id\":\"https:\/\/festival-ismotscroises.fr\/#website\"},\"primaryImageOfPage\":{\"@id\":\"https:\/\/festival-ismotscroises.fr\/?page_id=182#primaryimage\"},\"image\":{\"@id\":\"https:\/\/festival-ismotscroises.fr\/?page_id=182#primaryimage\"},\"thumbnailUrl\":\"http:\/\/festival-ismotscroises.fr\/wp-content\/plugins\/easy-media-gallery-pro\/includes\/images\/trans.png\",\"datePublished\":\"2015-06-18T18:26:10+00:00\",\"dateModified\":\"2023-03-24T14:52:33+00:00\",\"breadcrumb\":{\"@id\":\"https:\/\/festival-ismotscroises.fr\/?page_id=182#breadcrumb\"},\"inLanguage\":\"fr-FR\",\"potentialAction\":[{\"@type\":\"ReadAction\",\"target\":[\"https:\/\/festival-ismotscroises.fr\/?page_id=182\"]}]},{\"@type\":\"ImageObject\",\"inLanguage\":\"fr-FR\",\"@id\":\"https:\/\/festival-ismotscroises.fr\/?page_id=182#primaryimage\",\"url\":\"http:\/\/festival-ismotscroises.fr\/wp-content\/plugins\/easy-media-gallery-pro\/includes\/images\/trans.png\",\"contentUrl\":\"http:\/\/festival-ismotscroises.fr\/wp-content\/plugins\/easy-media-gallery-pro\/includes\/images\/trans.png\"},{\"@type\":\"BreadcrumbList\",\"@id\":\"https:\/\/festival-ismotscroises.fr\/?page_id=182#breadcrumb\",\"itemListElement\":[{\"@type\":\"ListItem\",\"position\":1,\"name\":\"Accueil\",\"item\":\"https:\/\/festival-ismotscroises.fr\/\"},{\"@type\":\"ListItem\",\"position\":2,\"name\":\"Tournoi des coll\u00e8ges\"}]},{\"@type\":\"WebSite\",\"@id\":\"https:\/\/festival-ismotscroises.fr\/#website\",\"url\":\"https:\/\/festival-ismotscroises.fr\/\",\"name\":\"Le Festival des mots crois\u00e9s \u00e0 Is-sur-Tille\",\"description\":\"La ville d&#039;Is-sur-Tille, en C\u00f4te-d&#039;Or, organise un festival annuel de mots crois\u00e9s depuis 1990..\",\"potentialAction\":[{\"@type\":\"SearchAction\",\"target\":{\"@type\":\"EntryPoint\",\"urlTemplate\":\"https:\/\/festival-ismotscroises.fr\/?s={search_term_string}\"},\"query-input\":\"required name=search_term_string\"}],\"inLanguage\":\"fr-FR\"}]}<\/script>\n<!-- \/ Yoast SEO plugin. -->","yoast_head_json":{"title":"Tournoi des coll\u00e8ges - Le Festival des mots crois\u00e9s \u00e0 Is-sur-Tille","robots":{"index":"index","follow":"follow","max-snippet":"max-snippet:-1","max-image-preview":"max-image-preview:large","max-video-preview":"max-video-preview:-1"},"canonical":"https:\/\/festival-ismotscroises.fr\/?page_id=182","og_locale":"fr_FR","og_type":"article","og_title":"Tournoi des coll\u00e8ges - Le Festival des mots crois\u00e9s \u00e0 Is-sur-Tille","og_description":"Le Tournoi des coll\u00e8ges 2005Ce samedi 21 mai 2005, c'est le coll\u00e8ge Louis-Pasteur de Montbard qui a remport\u00e9 le titre de Champion de mots crois\u00e9s des coll\u00e8ges au terme d'une comp\u00e9tition clairement marqu\u00e9e cette ann\u00e9e par la prise de risques.En effet, plus de la moiti\u00e9 des parties ont \u00e9t\u00e9 arr\u00eat\u00e9e avant la fin par une [&hellip;]","og_url":"https:\/\/festival-ismotscroises.fr\/?page_id=182","og_site_name":"Le Festival des mots crois\u00e9s \u00e0 Is-sur-Tille","article_modified_time":"2023-03-24T14:52:33+00:00","og_image":[{"url":"http:\/\/festival-ismotscroises.fr\/wp-content\/plugins\/easy-media-gallery-pro\/includes\/images\/trans.png"}],"twitter_card":"summary_large_image","twitter_misc":{"Dur\u00e9e de lecture estim\u00e9e":"2 minutes"},"schema":{"@context":"https:\/\/schema.org","@graph":[{"@type":"WebPage","@id":"https:\/\/festival-ismotscroises.fr\/?page_id=182","url":"https:\/\/festival-ismotscroises.fr\/?page_id=182","name":"Tournoi des coll\u00e8ges - Le Festival des mots crois\u00e9s \u00e0 Is-sur-Tille","isPartOf":{"@id":"https:\/\/festival-ismotscroises.fr\/#website"},"primaryImageOfPage":{"@id":"https:\/\/festival-ismotscroises.fr\/?page_id=182#primaryimage"},"image":{"@id":"https:\/\/festival-ismotscroises.fr\/?page_id=182#primaryimage"},"thumbnailUrl":"http:\/\/festival-ismotscroises.fr\/wp-content\/plugins\/easy-media-gallery-pro\/includes\/images\/trans.png","datePublished":"2015-06-18T18:26:10+00:00","dateModified":"2023-03-24T14:52:33+00:00","breadcrumb":{"@id":"https:\/\/festival-ismotscroises.fr\/?page_id=182#breadcrumb"},"inLanguage":"fr-FR","potentialAction":[{"@type":"ReadAction","target":["https:\/\/festival-ismotscroises.fr\/?page_id=182"]}]},{"@type":"ImageObject","inLanguage":"fr-FR","@id":"https:\/\/festival-ismotscroises.fr\/?page_id=182#primaryimage","url":"http:\/\/festival-ismotscroises.fr\/wp-content\/plugins\/easy-media-gallery-pro\/includes\/images\/trans.png","contentUrl":"http:\/\/festival-ismotscroises.fr\/wp-content\/plugins\/easy-media-gallery-pro\/includes\/images\/trans.png"},{"@type":"BreadcrumbList","@id":"https:\/\/festival-ismotscroises.fr\/?page_id=182#breadcrumb","itemListElement":[{"@type":"ListItem","position":1,"name":"Accueil","item":"https:\/\/festival-ismotscroises.fr\/"},{"@type":"ListItem","position":2,"name":"Tournoi des coll\u00e8ges"}]},{"@type":"WebSite","@id":"https:\/\/festival-ismotscroises.fr\/#website","url":"https:\/\/festival-ismotscroises.fr\/","name":"Le Festival des mots crois\u00e9s \u00e0 Is-sur-Tille","description":"La ville d&#039;Is-sur-Tille, en C\u00f4te-d&#039;Or, organise un festival annuel de mots crois\u00e9s depuis 1990..","potentialAction":[{"@type":"SearchAction","target":{"@type":"EntryPoint","urlTemplate":"https:\/\/festival-ismotscroises.fr\/?s={search_term_string}"},"query-input":"required name=search_term_string"}],"inLanguage":"fr-FR"}]}},"_links":{"self":[{"href":"https:\/\/festival-ismotscroises.fr\/index.php?rest_route=\/wp\/v2\/pages\/182","targetHints":{"allow":["GET"]}}],"collection":[{"href":"https:\/\/festival-ismotscroises.fr\/index.php?rest_route=\/wp\/v2\/pages"}],"about":[{"href":"https:\/\/festival-ismotscroises.fr\/index.php?rest_route=\/wp\/v2\/types\/page"}],"author":[{"embeddable":true,"href":"https:\/\/festival-ismotscroises.fr\/index.php?rest_route=\/wp\/v2\/users\/2"}],"replies":[{"embeddable":true,"href":"https:\/\/festival-ismotscroises.fr\/index.php?rest_route=%2Fwp%2Fv2%2Fcomments&post=182"}],"version-history":[{"count":4,"href":"https:\/\/festival-ismotscroises.fr\/index.php?rest_route=\/wp\/v2\/pages\/182\/revisions"}],"predecessor-version":[{"id":1411,"href":"https:\/\/festival-ismotscroises.fr\/index.php?rest_route=\/wp\/v2\/pages\/182\/revisions\/1411"}],"wp:attachment":[{"href":"https:\/\/festival-ismotscroises.fr\/index.php?rest_route=%2Fwp%2Fv2%2Fmedia&parent=182"}],"curies":[{"name":"wp","href":"https:\/\/api.w.org\/{rel}","templated":true}]}}