{"id":176,"date":"2015-06-18T20:23:45","date_gmt":"2015-06-18T18:23:45","guid":{"rendered":"http:\/\/festival-ismotscroises.fr\/?page_id=176"},"modified":"2015-07-08T00:16:21","modified_gmt":"2015-07-07T22:16:21","slug":"tournoi-de-bourgogne-9","status":"publish","type":"page","link":"https:\/\/festival-ismotscroises.fr\/?page_id=176","title":{"rendered":"Tournoi de Bourgogne"},"content":{"rendered":"<div id=\"pl-176\"  class=\"panel-layout\" ><div id=\"pg-176-0\"  class=\"panel-grid panel-no-style\" ><div id=\"pgc-176-0-0\"  class=\"panel-grid-cell\" ><div id=\"panel-176-0-0-0\" class=\"so-panel widget panel-first-child panel-last-child\" data-index=\"0\" ><\/div><\/div><div id=\"pgc-176-0-1\"  class=\"panel-grid-cell\" ><div id=\"panel-176-0-1-0\" class=\"so-panel widget widget_black-studio-tinymce widget_black_studio_tinymce panel-first-child panel-last-child\" data-index=\"1\" ><div class=\"textwidget\"><h3 style=\"text-align: justify;\"><strong>Tournoi de Bourgogne 2006<\/strong><\/h3>\n<p style=\"text-align: justify;\">Le Tournoi de Bourgogne 2006 a \u00e9t\u00e9 marqu\u00e9 par deux nouveaut\u00e9. Il \u00e9tait ouvert \u00e0 des concurrents venant de toute la France, et il a mis aux prises des paires de joueurs constitu\u00e9es en fonction de l'\u00e9preuve de qualification du dimanche matin. Une formule qui favorise le brassage des comp\u00e9tences et rend la comp\u00e9tition plus ouverte.<br \/>Les matchs de doubles ont permis \u00e0 l'\u00e9quipe Herv\u00e9 Hardoin\/Michel Maussire de s'imposer devant le Bourguignon Fran\u00e7ois Cathenod (Champion de Bourgogne en 2004) et un Parisien, Pierre Bernard.<br \/>Une m\u00e9t\u00e9o quelconque, propice aux jeux de l'esprit, des joueurs nouveaux, une grande convivialit\u00e9, voil\u00e0 ce qui a marqu\u00e9 l'\u00e9dition 2006 du Tournoi de Bourgogne. \u00c4 la fin du repas pris dans la salle des Capucins, entre la qualification du matin et le tournoi de l'apr\u00e8s-midi, Jean Rossat a propos\u00e9 aux convives un jeu sur le mode vrai ou faux, puisant dans la culture du Festival des mots crois\u00e9s. Exemple\u00a0: \u00ab\u00a0Au Festival d'Is-sur-Tille en 1991, des parachutistes du bataillon de Joinville ont saut\u00e9 sur une grille g\u00e9ante de plus de 3000 cases pour apporter les lettres de la solution.\u00a0\u00bb<br \/>La r\u00e9ponse\u00a0?<br \/>C'est faux. De peu\u2026 car tout est juste dans cette affirmation, sauf la derni\u00e8re proposition. Les parachutistes du bataillon de Joinville se sont pos\u00e9s sur des cases non pas pour apporter les solutions, mais pour d\u00e9terminer les gagnants d'une tombola.<br \/>Les prochains rendez-vous du Festival des mots crois\u00e9s, \u00e0 A\u00ff en Champagne, et \u00e0 Eu en Normandie reprendront le principe d'un tournoi open de matchs en doubles.<\/p>\n<h4><strong>Palmar\u00e8s<\/strong><\/h4>\n<p>1 - HARDOIN Herv\u00e9 \/ MAUSSIRE Michel<br \/>2 - CATHENOD Fran\u00e7ois \/ BERNARD Pierre<br \/>3 - BEAUFE\u00cfST Fran\u00e7ois \/ WILLEMIN Mich\u00e8le<br \/>4 - COUNSON Andr\u00e9 \/ FLEUREY Jocelyne<br \/>5 - CARTANNAZ Gr\u00e9gory \/ LAFOND Michel<br \/>6 - PHILIPPET Bernard \/ PONSARD Jo\u00ebl<br \/>7 - GUILLAUME Pierre \/ ROCHEFORT Claude<br \/>8 - JACOB Dominique \/ JOLYET Claude<br \/>9 - BONNIN Guy \/ FERRON Jean-Claude<br \/>10 - GOUY Jean-Claude \/ RENAUDIN Nadine<br \/>11 - MACCIONI Gilles \/ BRUGGER Thierry<br \/>12 - P\u00c8RE ET M\u00c8RE Martine \/ LEBRET Lionel<br \/>13 - BOUQUIN Fr\u00e9d\u00e9ric \/ MO\u00cf Horace<br \/>14 - RAVET Andr\u00e9 \/ BONNEFOY Richard<br \/>15 - RUFFENACH Jacques \/ REVERCHON Pascal<br \/>16 - GONY Sylvie \/ LECLERCQ Christian<\/p>\n<\/div><\/div><\/div><\/div><div id=\"pg-176-1\"  class=\"panel-grid panel-no-style\" ><div id=\"pgc-176-1-0\"  class=\"panel-grid-cell\" ><div id=\"panel-176-1-0-0\" class=\"so-panel widget widget_black-studio-tinymce widget_black_studio_tinymce panel-first-child panel-last-child\" data-index=\"2\" ><div class=\"textwidget\"><p><img loading=\"lazy\" decoding=\"async\" class=\" size-full wp-image-1496 alignright\" src=\"http:\/\/festival-ismotscroises.fr\/wp-content\/uploads\/2015\/07\/ISMOTSCROISES-LOGO.png\" alt=\"ISMOTSCROISES-LOGO\" width=\"152\" height=\"150\" \/><\/p>\n<\/div><\/div><\/div><\/div><\/div>","protected":false},"excerpt":{"rendered":"<p>Tournoi de Bourgogne 2006Le Tournoi de Bourgogne 2006 a \u00e9t\u00e9 marqu\u00e9 par deux nouveaut\u00e9. Il \u00e9tait ouvert \u00e0 des concurrents venant de toute la France, et il a mis aux prises des paires de joueurs constitu\u00e9es en fonction de l&rsquo;\u00e9preuve de qualification du dimanche matin. Une formule qui favorise le brassage des comp\u00e9tences et rend [&hellip;]<\/p>\n","protected":false},"author":2,"featured_media":0,"parent":0,"menu_order":0,"comment_status":"closed","ping_status":"closed","template":"templates\/template-full-notitle.php","meta":{"_monsterinsights_skip_tracking":false,"_monsterinsights_sitenote_active":false,"_monsterinsights_sitenote_note":"","_monsterinsights_sitenote_category":0,"footnotes":""},"class_list":["post-176","page","type-page","status-publish","hentry","post"],"yoast_head":"<!-- This site is optimized with the Yoast SEO plugin v22.6 - https:\/\/yoast.com\/wordpress\/plugins\/seo\/ -->\n<title>Tournoi de Bourgogne - Le Festival des mots crois\u00e9s \u00e0 Is-sur-Tille<\/title>\n<meta name=\"robots\" content=\"index, follow, max-snippet:-1, max-image-preview:large, max-video-preview:-1\" \/>\n<link rel=\"canonical\" href=\"https:\/\/festival-ismotscroises.fr\/?page_id=176\" \/>\n<meta property=\"og:locale\" content=\"fr_FR\" \/>\n<meta property=\"og:type\" content=\"article\" \/>\n<meta property=\"og:title\" content=\"Tournoi de Bourgogne - Le Festival des mots crois\u00e9s \u00e0 Is-sur-Tille\" \/>\n<meta property=\"og:description\" content=\"Tournoi de Bourgogne 2006Le Tournoi de Bourgogne 2006 a \u00e9t\u00e9 marqu\u00e9 par deux nouveaut\u00e9. Il \u00e9tait ouvert \u00e0 des concurrents venant de toute la France, et il a mis aux prises des paires de joueurs constitu\u00e9es en fonction de l&#039;\u00e9preuve de qualification du dimanche matin. Une formule qui favorise le brassage des comp\u00e9tences et rend [&hellip;]\" \/>\n<meta property=\"og:url\" content=\"https:\/\/festival-ismotscroises.fr\/?page_id=176\" \/>\n<meta property=\"og:site_name\" content=\"Le Festival des mots crois\u00e9s \u00e0 Is-sur-Tille\" \/>\n<meta property=\"article:modified_time\" content=\"2015-07-07T22:16:21+00:00\" \/>\n<meta property=\"og:image\" content=\"http:\/\/festival-ismotscroises.fr\/wp-content\/plugins\/easy-media-gallery-pro\/includes\/images\/trans.png\" \/>\n<meta name=\"twitter:card\" content=\"summary_large_image\" \/>\n<meta name=\"twitter:label1\" content=\"Dur\u00e9e de lecture estim\u00e9e\" \/>\n\t<meta name=\"twitter:data1\" content=\"2 minutes\" \/>\n<script type=\"application\/ld+json\" class=\"yoast-schema-graph\">{\"@context\":\"https:\/\/schema.org\",\"@graph\":[{\"@type\":\"WebPage\",\"@id\":\"https:\/\/festival-ismotscroises.fr\/?page_id=176\",\"url\":\"https:\/\/festival-ismotscroises.fr\/?page_id=176\",\"name\":\"Tournoi de Bourgogne - Le Festival des mots crois\u00e9s \u00e0 Is-sur-Tille\",\"isPartOf\":{\"@id\":\"https:\/\/festival-ismotscroises.fr\/#website\"},\"primaryImageOfPage\":{\"@id\":\"https:\/\/festival-ismotscroises.fr\/?page_id=176#primaryimage\"},\"image\":{\"@id\":\"https:\/\/festival-ismotscroises.fr\/?page_id=176#primaryimage\"},\"thumbnailUrl\":\"http:\/\/festival-ismotscroises.fr\/wp-content\/plugins\/easy-media-gallery-pro\/includes\/images\/trans.png\",\"datePublished\":\"2015-06-18T18:23:45+00:00\",\"dateModified\":\"2015-07-07T22:16:21+00:00\",\"breadcrumb\":{\"@id\":\"https:\/\/festival-ismotscroises.fr\/?page_id=176#breadcrumb\"},\"inLanguage\":\"fr-FR\",\"potentialAction\":[{\"@type\":\"ReadAction\",\"target\":[\"https:\/\/festival-ismotscroises.fr\/?page_id=176\"]}]},{\"@type\":\"ImageObject\",\"inLanguage\":\"fr-FR\",\"@id\":\"https:\/\/festival-ismotscroises.fr\/?page_id=176#primaryimage\",\"url\":\"http:\/\/festival-ismotscroises.fr\/wp-content\/plugins\/easy-media-gallery-pro\/includes\/images\/trans.png\",\"contentUrl\":\"http:\/\/festival-ismotscroises.fr\/wp-content\/plugins\/easy-media-gallery-pro\/includes\/images\/trans.png\"},{\"@type\":\"BreadcrumbList\",\"@id\":\"https:\/\/festival-ismotscroises.fr\/?page_id=176#breadcrumb\",\"itemListElement\":[{\"@type\":\"ListItem\",\"position\":1,\"name\":\"Accueil\",\"item\":\"https:\/\/festival-ismotscroises.fr\/\"},{\"@type\":\"ListItem\",\"position\":2,\"name\":\"Tournoi de Bourgogne\"}]},{\"@type\":\"WebSite\",\"@id\":\"https:\/\/festival-ismotscroises.fr\/#website\",\"url\":\"https:\/\/festival-ismotscroises.fr\/\",\"name\":\"Le Festival des mots crois\u00e9s \u00e0 Is-sur-Tille\",\"description\":\"La ville d&#039;Is-sur-Tille, en C\u00f4te-d&#039;Or, organise un festival annuel de mots crois\u00e9s depuis 1990..\",\"potentialAction\":[{\"@type\":\"SearchAction\",\"target\":{\"@type\":\"EntryPoint\",\"urlTemplate\":\"https:\/\/festival-ismotscroises.fr\/?s={search_term_string}\"},\"query-input\":\"required name=search_term_string\"}],\"inLanguage\":\"fr-FR\"}]}<\/script>\n<!-- \/ Yoast SEO plugin. -->","yoast_head_json":{"title":"Tournoi de Bourgogne - Le Festival des mots crois\u00e9s \u00e0 Is-sur-Tille","robots":{"index":"index","follow":"follow","max-snippet":"max-snippet:-1","max-image-preview":"max-image-preview:large","max-video-preview":"max-video-preview:-1"},"canonical":"https:\/\/festival-ismotscroises.fr\/?page_id=176","og_locale":"fr_FR","og_type":"article","og_title":"Tournoi de Bourgogne - Le Festival des mots crois\u00e9s \u00e0 Is-sur-Tille","og_description":"Tournoi de Bourgogne 2006Le Tournoi de Bourgogne 2006 a \u00e9t\u00e9 marqu\u00e9 par deux nouveaut\u00e9. Il \u00e9tait ouvert \u00e0 des concurrents venant de toute la France, et il a mis aux prises des paires de joueurs constitu\u00e9es en fonction de l'\u00e9preuve de qualification du dimanche matin. Une formule qui favorise le brassage des comp\u00e9tences et rend [&hellip;]","og_url":"https:\/\/festival-ismotscroises.fr\/?page_id=176","og_site_name":"Le Festival des mots crois\u00e9s \u00e0 Is-sur-Tille","article_modified_time":"2015-07-07T22:16:21+00:00","og_image":[{"url":"http:\/\/festival-ismotscroises.fr\/wp-content\/plugins\/easy-media-gallery-pro\/includes\/images\/trans.png"}],"twitter_card":"summary_large_image","twitter_misc":{"Dur\u00e9e de lecture estim\u00e9e":"2 minutes"},"schema":{"@context":"https:\/\/schema.org","@graph":[{"@type":"WebPage","@id":"https:\/\/festival-ismotscroises.fr\/?page_id=176","url":"https:\/\/festival-ismotscroises.fr\/?page_id=176","name":"Tournoi de Bourgogne - Le Festival des mots crois\u00e9s \u00e0 Is-sur-Tille","isPartOf":{"@id":"https:\/\/festival-ismotscroises.fr\/#website"},"primaryImageOfPage":{"@id":"https:\/\/festival-ismotscroises.fr\/?page_id=176#primaryimage"},"image":{"@id":"https:\/\/festival-ismotscroises.fr\/?page_id=176#primaryimage"},"thumbnailUrl":"http:\/\/festival-ismotscroises.fr\/wp-content\/plugins\/easy-media-gallery-pro\/includes\/images\/trans.png","datePublished":"2015-06-18T18:23:45+00:00","dateModified":"2015-07-07T22:16:21+00:00","breadcrumb":{"@id":"https:\/\/festival-ismotscroises.fr\/?page_id=176#breadcrumb"},"inLanguage":"fr-FR","potentialAction":[{"@type":"ReadAction","target":["https:\/\/festival-ismotscroises.fr\/?page_id=176"]}]},{"@type":"ImageObject","inLanguage":"fr-FR","@id":"https:\/\/festival-ismotscroises.fr\/?page_id=176#primaryimage","url":"http:\/\/festival-ismotscroises.fr\/wp-content\/plugins\/easy-media-gallery-pro\/includes\/images\/trans.png","contentUrl":"http:\/\/festival-ismotscroises.fr\/wp-content\/plugins\/easy-media-gallery-pro\/includes\/images\/trans.png"},{"@type":"BreadcrumbList","@id":"https:\/\/festival-ismotscroises.fr\/?page_id=176#breadcrumb","itemListElement":[{"@type":"ListItem","position":1,"name":"Accueil","item":"https:\/\/festival-ismotscroises.fr\/"},{"@type":"ListItem","position":2,"name":"Tournoi de Bourgogne"}]},{"@type":"WebSite","@id":"https:\/\/festival-ismotscroises.fr\/#website","url":"https:\/\/festival-ismotscroises.fr\/","name":"Le Festival des mots crois\u00e9s \u00e0 Is-sur-Tille","description":"La ville d&#039;Is-sur-Tille, en C\u00f4te-d&#039;Or, organise un festival annuel de mots crois\u00e9s depuis 1990..","potentialAction":[{"@type":"SearchAction","target":{"@type":"EntryPoint","urlTemplate":"https:\/\/festival-ismotscroises.fr\/?s={search_term_string}"},"query-input":"required name=search_term_string"}],"inLanguage":"fr-FR"}]}},"_links":{"self":[{"href":"https:\/\/festival-ismotscroises.fr\/index.php?rest_route=\/wp\/v2\/pages\/176","targetHints":{"allow":["GET"]}}],"collection":[{"href":"https:\/\/festival-ismotscroises.fr\/index.php?rest_route=\/wp\/v2\/pages"}],"about":[{"href":"https:\/\/festival-ismotscroises.fr\/index.php?rest_route=\/wp\/v2\/types\/page"}],"author":[{"embeddable":true,"href":"https:\/\/festival-ismotscroises.fr\/index.php?rest_route=\/wp\/v2\/users\/2"}],"replies":[{"embeddable":true,"href":"https:\/\/festival-ismotscroises.fr\/index.php?rest_route=%2Fwp%2Fv2%2Fcomments&post=176"}],"version-history":[{"count":7,"href":"https:\/\/festival-ismotscroises.fr\/index.php?rest_route=\/wp\/v2\/pages\/176\/revisions"}],"predecessor-version":[{"id":1529,"href":"https:\/\/festival-ismotscroises.fr\/index.php?rest_route=\/wp\/v2\/pages\/176\/revisions\/1529"}],"wp:attachment":[{"href":"https:\/\/festival-ismotscroises.fr\/index.php?rest_route=%2Fwp%2Fv2%2Fmedia&parent=176"}],"curies":[{"name":"wp","href":"https:\/\/api.w.org\/{rel}","templated":true}]}}