{"id":173,"date":"2015-06-18T20:22:50","date_gmt":"2015-06-18T18:22:50","guid":{"rendered":"http:\/\/festival-ismotscroises.fr\/?page_id=173"},"modified":"2023-03-24T15:49:05","modified_gmt":"2023-03-24T14:49:05","slug":"tournoi-des-colleges-11","status":"publish","type":"page","link":"https:\/\/festival-ismotscroises.fr\/?page_id=173","title":{"rendered":"Tournoi des coll\u00e8ges"},"content":{"rendered":"<div id=\"pl-173\"  class=\"panel-layout\" ><div id=\"pg-173-0\"  class=\"panel-grid panel-no-style\" ><div id=\"pgc-173-0-0\"  class=\"panel-grid-cell\" ><div id=\"panel-173-0-0-0\" class=\"so-panel widget panel-first-child panel-last-child\" data-index=\"0\" ><\/div><\/div><div id=\"pgc-173-0-1\"  class=\"panel-grid-cell\" ><div id=\"panel-173-0-1-0\" class=\"so-panel widget widget_black-studio-tinymce widget_black_studio_tinymce panel-first-child panel-last-child\" data-index=\"1\" ><div class=\"textwidget\"><h3 style=\"text-align: justify;\"><strong>Tournoi des coll\u00e8ges 2006<\/strong><\/h3>\n<p style=\"text-align: justify;\">Ce samedi 20 mai 2006, le coll\u00e8ge Montchapet, de Dijon, a retrouv\u00e9 le titre qu'il avait d\u00e9j\u00e0 gagn\u00e9 en 2004. Ce nouveau Champion de mots crois\u00e9s des coll\u00e8ges a engag\u00e9 tous ses moyens dans la bataille\u00a0: entra\u00eenement intensif tout au long de l'ann\u00e9e, nombre important d'inscrits \u00e0 la qualification du 15 mars, pr\u00e9sence d'adultes le jour de la comp\u00e9tition\u00a0: la principale du coll\u00e8ge \u00e9tait aux c\u00f4t\u00e9s de ses \u00e9l\u00e8ves, ainsi que la documentaliste et la documentaliste adjointe. Trois \u00e9quipes de Montchapet \u00e9taient qualifi\u00e9es pour le Tournoi, suite aux excellents r\u00e9sultats obtenus par ce coll\u00e8ge lors des qualifications.<br \/>L'an pass\u00e9 d\u00e9j\u00e0, nous avions constat\u00e9 un nombre important de parties interrompues avant la fin du quart d'heure r\u00e9glementaire par une \u00e9quipe ayant termin\u00e9 sa grille, et s\u00fbre de ses r\u00e9ponses. Cette tendance s'est confirm\u00e9e cette ann\u00e9e. Douze matchs sur seize ont \u00e9t\u00e9 arr\u00eat\u00e9s avant la fin, dont neuf parties gagn\u00e9es. Le risque est pourtant grand de mettre fin \u00e0 une partie avant son terme naturel, car il faut alors pr\u00e9senter une grille compl\u00e8te et exempte de la moindre faute. Une seule erreur, et c'est l'\u00e9limination du tournoi... Mais l'envie de gagner est une motivation puissante, et la qualit\u00e9 des candidats a fait le reste. L'\u00e9quipe de Montchapet a emport\u00e9 d\u00e8s le deuxi\u00e8me tour une partie en 4 minutes et 45 secondes contre une excellente \u00e9quipe d'Is-sur-Tille, \u00e0 qui il ne manquait alors qu'une poign\u00e9e de lettres. La finale a \u00e9t\u00e9 gagn\u00e9e par la m\u00eame paire de Montchapet en... 4 minutes 54 secondes, un record absolu depuis la cr\u00e9ation du Tournoi des coll\u00e8ges ! Un grand bravo \u00e0 Marianne et Damien, qui ont su porter tr\u00e8s haut les couleurs de leur coll\u00e8ge.<\/p>\n<h4><strong>Palmar\u00e8s<\/strong><\/h4>\n<p>(Dans le cas d'une \u00e9limination avant les demi-finales, les \u00e9quipes sont class\u00e9es selon les r\u00e9sultats obtenus lors de l'\u00e9preuve de qualification).<br \/>1 Coll\u00e8ge Montchapet\u00a0(DIJON) Marianne et Damien<br \/>2 Coll\u00e8ge Clos-de-Pouilly (DIJON) Pauline et Lucas<br \/>3 Coll\u00e8ge Jean-Lacaille (BLIGNY-SUR-OUCHE) Claire et Laetitia<br \/>4 Coll\u00e8ge La Champagne\/Gevrey-Chambertin (BROCHON) C\u00e9line et Louison<br \/>5 Coll\u00e8ge Montchapet (DIJON) Alice et L\u00e9na<br \/>6 Coll\u00e8ge Paul-Fort (IS-SUR-TILLE) Etlin et Victor<br \/>7 Coll\u00e8ge Louis-Pasteur (MONTBARD) Lise et Alexandre<br \/>8 Coll\u00e8ge Champ-Lumi\u00e8re (SELONGEY) Mathilde et L\u00e9a<br \/>Les \u00e9quipes \u00e9limin\u00e9es en huiti\u00e8mes de finales sont class\u00e9es selon les r\u00e9sultats obtenus lors de l'\u00e9preuve de qualification\u00a0:<br \/>9 Coll\u00e8ge Montchapet\u00a0(DIJON) Marie-Camille et Fran\u00e7ois<br \/>10 Coll\u00e8ge Roland-Dorgel\u00e8s (LONGVIC) Vincent et Leslie<br \/>11 Coll\u00e8ge Carnot (DIJON) Jonathan et Pierre-Louis<br \/>12 Coll\u00e8ge Roland-Dorgel\u00e8s (LONGVIC) Laura et J\u00e9r\u00f4me<br \/>13 Coll\u00e8ge Les Lentill\u00e8res (DIJON) Val\u00e8re et Benjamin<br \/>14 Coll\u00e8ge Roland-Dorgel\u00e8s (LONGVIC) Romain et Sami<br \/>15 Coll\u00e8ge Paul-Fort (IS-SUR-TILLE) Audrey et Chlo\u00e9<br \/>16 Coll\u00e8ge Andr\u00e9-Malraux (DIJON)\u00a0Lo\u00efc et Est\u00e9ban<\/p>\n<\/div><\/div><\/div><\/div><div id=\"pg-173-1\"  class=\"panel-grid panel-no-style\" ><div id=\"pgc-173-1-0\"  class=\"panel-grid-cell\" ><div id=\"panel-173-1-0-0\" class=\"so-panel widget widget_black-studio-tinymce widget_black_studio_tinymce panel-first-child panel-last-child\" data-index=\"2\" ><div class=\"textwidget\"><p><img loading=\"lazy\" decoding=\"async\" class=\" size-medium wp-image-742 aligncenter\" src=\"http:\/\/festival-ismotscroises.fr\/wp-content\/uploads\/2015\/06\/MASCOTTE-300x264.png\" alt=\"MASCOTTE\" width=\"300\" height=\"264\" srcset=\"https:\/\/festival-ismotscroises.fr\/wp-content\/uploads\/2015\/06\/MASCOTTE-300x264.png 300w, https:\/\/festival-ismotscroises.fr\/wp-content\/uploads\/2015\/06\/MASCOTTE.png 535w\" sizes=\"auto, (max-width: 300px) 100vw, 300px\" \/><\/p>\n<\/div><\/div><\/div><\/div><\/div>","protected":false},"excerpt":{"rendered":"<p>Tournoi des coll\u00e8ges 2006Ce samedi 20 mai 2006, le coll\u00e8ge Montchapet, de Dijon, a retrouv\u00e9 le titre qu&rsquo;il avait d\u00e9j\u00e0 gagn\u00e9 en 2004. Ce nouveau Champion de mots crois\u00e9s des coll\u00e8ges a engag\u00e9 tous ses moyens dans la bataille\u00a0: entra\u00eenement intensif tout au long de l&rsquo;ann\u00e9e, nombre important d&rsquo;inscrits \u00e0 la qualification du 15 mars, [&hellip;]<\/p>\n","protected":false},"author":2,"featured_media":0,"parent":0,"menu_order":0,"comment_status":"closed","ping_status":"closed","template":"templates\/template-full-notitle.php","meta":{"_monsterinsights_skip_tracking":false,"_monsterinsights_sitenote_active":false,"_monsterinsights_sitenote_note":"","_monsterinsights_sitenote_category":0,"footnotes":""},"class_list":["post-173","page","type-page","status-publish","hentry","post"],"yoast_head":"<!-- This site is optimized with the Yoast SEO plugin v22.6 - https:\/\/yoast.com\/wordpress\/plugins\/seo\/ -->\n<title>Tournoi des coll\u00e8ges - Le Festival des mots crois\u00e9s \u00e0 Is-sur-Tille<\/title>\n<meta name=\"robots\" content=\"index, follow, max-snippet:-1, max-image-preview:large, max-video-preview:-1\" \/>\n<link rel=\"canonical\" href=\"https:\/\/festival-ismotscroises.fr\/?page_id=173\" \/>\n<meta property=\"og:locale\" content=\"fr_FR\" \/>\n<meta property=\"og:type\" content=\"article\" \/>\n<meta property=\"og:title\" content=\"Tournoi des coll\u00e8ges - Le Festival des mots crois\u00e9s \u00e0 Is-sur-Tille\" \/>\n<meta property=\"og:description\" content=\"Tournoi des coll\u00e8ges 2006Ce samedi 20 mai 2006, le coll\u00e8ge Montchapet, de Dijon, a retrouv\u00e9 le titre qu&#039;il avait d\u00e9j\u00e0 gagn\u00e9 en 2004. Ce nouveau Champion de mots crois\u00e9s des coll\u00e8ges a engag\u00e9 tous ses moyens dans la bataille\u00a0: entra\u00eenement intensif tout au long de l&#039;ann\u00e9e, nombre important d&#039;inscrits \u00e0 la qualification du 15 mars, [&hellip;]\" \/>\n<meta property=\"og:url\" content=\"https:\/\/festival-ismotscroises.fr\/?page_id=173\" \/>\n<meta property=\"og:site_name\" content=\"Le Festival des mots crois\u00e9s \u00e0 Is-sur-Tille\" \/>\n<meta property=\"article:modified_time\" content=\"2023-03-24T14:49:05+00:00\" \/>\n<meta property=\"og:image\" content=\"http:\/\/festival-ismotscroises.fr\/wp-content\/uploads\/2015\/06\/MASCOTTE-300x264.png\" \/>\n<meta name=\"twitter:card\" content=\"summary_large_image\" \/>\n<meta name=\"twitter:label1\" content=\"Dur\u00e9e de lecture estim\u00e9e\" \/>\n\t<meta name=\"twitter:data1\" content=\"3 minutes\" \/>\n<script type=\"application\/ld+json\" class=\"yoast-schema-graph\">{\"@context\":\"https:\/\/schema.org\",\"@graph\":[{\"@type\":\"WebPage\",\"@id\":\"https:\/\/festival-ismotscroises.fr\/?page_id=173\",\"url\":\"https:\/\/festival-ismotscroises.fr\/?page_id=173\",\"name\":\"Tournoi des coll\u00e8ges - Le Festival des mots crois\u00e9s \u00e0 Is-sur-Tille\",\"isPartOf\":{\"@id\":\"https:\/\/festival-ismotscroises.fr\/#website\"},\"primaryImageOfPage\":{\"@id\":\"https:\/\/festival-ismotscroises.fr\/?page_id=173#primaryimage\"},\"image\":{\"@id\":\"https:\/\/festival-ismotscroises.fr\/?page_id=173#primaryimage\"},\"thumbnailUrl\":\"http:\/\/festival-ismotscroises.fr\/wp-content\/uploads\/2015\/06\/MASCOTTE-300x264.png\",\"datePublished\":\"2015-06-18T18:22:50+00:00\",\"dateModified\":\"2023-03-24T14:49:05+00:00\",\"breadcrumb\":{\"@id\":\"https:\/\/festival-ismotscroises.fr\/?page_id=173#breadcrumb\"},\"inLanguage\":\"fr-FR\",\"potentialAction\":[{\"@type\":\"ReadAction\",\"target\":[\"https:\/\/festival-ismotscroises.fr\/?page_id=173\"]}]},{\"@type\":\"ImageObject\",\"inLanguage\":\"fr-FR\",\"@id\":\"https:\/\/festival-ismotscroises.fr\/?page_id=173#primaryimage\",\"url\":\"http:\/\/festival-ismotscroises.fr\/wp-content\/uploads\/2015\/06\/MASCOTTE-300x264.png\",\"contentUrl\":\"http:\/\/festival-ismotscroises.fr\/wp-content\/uploads\/2015\/06\/MASCOTTE-300x264.png\"},{\"@type\":\"BreadcrumbList\",\"@id\":\"https:\/\/festival-ismotscroises.fr\/?page_id=173#breadcrumb\",\"itemListElement\":[{\"@type\":\"ListItem\",\"position\":1,\"name\":\"Accueil\",\"item\":\"https:\/\/festival-ismotscroises.fr\/\"},{\"@type\":\"ListItem\",\"position\":2,\"name\":\"Tournoi des coll\u00e8ges\"}]},{\"@type\":\"WebSite\",\"@id\":\"https:\/\/festival-ismotscroises.fr\/#website\",\"url\":\"https:\/\/festival-ismotscroises.fr\/\",\"name\":\"Le Festival des mots crois\u00e9s \u00e0 Is-sur-Tille\",\"description\":\"La ville d&#039;Is-sur-Tille, en C\u00f4te-d&#039;Or, organise un festival annuel de mots crois\u00e9s depuis 1990..\",\"potentialAction\":[{\"@type\":\"SearchAction\",\"target\":{\"@type\":\"EntryPoint\",\"urlTemplate\":\"https:\/\/festival-ismotscroises.fr\/?s={search_term_string}\"},\"query-input\":\"required name=search_term_string\"}],\"inLanguage\":\"fr-FR\"}]}<\/script>\n<!-- \/ Yoast SEO plugin. -->","yoast_head_json":{"title":"Tournoi des coll\u00e8ges - Le Festival des mots crois\u00e9s \u00e0 Is-sur-Tille","robots":{"index":"index","follow":"follow","max-snippet":"max-snippet:-1","max-image-preview":"max-image-preview:large","max-video-preview":"max-video-preview:-1"},"canonical":"https:\/\/festival-ismotscroises.fr\/?page_id=173","og_locale":"fr_FR","og_type":"article","og_title":"Tournoi des coll\u00e8ges - Le Festival des mots crois\u00e9s \u00e0 Is-sur-Tille","og_description":"Tournoi des coll\u00e8ges 2006Ce samedi 20 mai 2006, le coll\u00e8ge Montchapet, de Dijon, a retrouv\u00e9 le titre qu'il avait d\u00e9j\u00e0 gagn\u00e9 en 2004. Ce nouveau Champion de mots crois\u00e9s des coll\u00e8ges a engag\u00e9 tous ses moyens dans la bataille\u00a0: entra\u00eenement intensif tout au long de l'ann\u00e9e, nombre important d'inscrits \u00e0 la qualification du 15 mars, [&hellip;]","og_url":"https:\/\/festival-ismotscroises.fr\/?page_id=173","og_site_name":"Le Festival des mots crois\u00e9s \u00e0 Is-sur-Tille","article_modified_time":"2023-03-24T14:49:05+00:00","og_image":[{"url":"http:\/\/festival-ismotscroises.fr\/wp-content\/uploads\/2015\/06\/MASCOTTE-300x264.png"}],"twitter_card":"summary_large_image","twitter_misc":{"Dur\u00e9e de lecture estim\u00e9e":"3 minutes"},"schema":{"@context":"https:\/\/schema.org","@graph":[{"@type":"WebPage","@id":"https:\/\/festival-ismotscroises.fr\/?page_id=173","url":"https:\/\/festival-ismotscroises.fr\/?page_id=173","name":"Tournoi des coll\u00e8ges - Le Festival des mots crois\u00e9s \u00e0 Is-sur-Tille","isPartOf":{"@id":"https:\/\/festival-ismotscroises.fr\/#website"},"primaryImageOfPage":{"@id":"https:\/\/festival-ismotscroises.fr\/?page_id=173#primaryimage"},"image":{"@id":"https:\/\/festival-ismotscroises.fr\/?page_id=173#primaryimage"},"thumbnailUrl":"http:\/\/festival-ismotscroises.fr\/wp-content\/uploads\/2015\/06\/MASCOTTE-300x264.png","datePublished":"2015-06-18T18:22:50+00:00","dateModified":"2023-03-24T14:49:05+00:00","breadcrumb":{"@id":"https:\/\/festival-ismotscroises.fr\/?page_id=173#breadcrumb"},"inLanguage":"fr-FR","potentialAction":[{"@type":"ReadAction","target":["https:\/\/festival-ismotscroises.fr\/?page_id=173"]}]},{"@type":"ImageObject","inLanguage":"fr-FR","@id":"https:\/\/festival-ismotscroises.fr\/?page_id=173#primaryimage","url":"http:\/\/festival-ismotscroises.fr\/wp-content\/uploads\/2015\/06\/MASCOTTE-300x264.png","contentUrl":"http:\/\/festival-ismotscroises.fr\/wp-content\/uploads\/2015\/06\/MASCOTTE-300x264.png"},{"@type":"BreadcrumbList","@id":"https:\/\/festival-ismotscroises.fr\/?page_id=173#breadcrumb","itemListElement":[{"@type":"ListItem","position":1,"name":"Accueil","item":"https:\/\/festival-ismotscroises.fr\/"},{"@type":"ListItem","position":2,"name":"Tournoi des coll\u00e8ges"}]},{"@type":"WebSite","@id":"https:\/\/festival-ismotscroises.fr\/#website","url":"https:\/\/festival-ismotscroises.fr\/","name":"Le Festival des mots crois\u00e9s \u00e0 Is-sur-Tille","description":"La ville d&#039;Is-sur-Tille, en C\u00f4te-d&#039;Or, organise un festival annuel de mots crois\u00e9s depuis 1990..","potentialAction":[{"@type":"SearchAction","target":{"@type":"EntryPoint","urlTemplate":"https:\/\/festival-ismotscroises.fr\/?s={search_term_string}"},"query-input":"required name=search_term_string"}],"inLanguage":"fr-FR"}]}},"_links":{"self":[{"href":"https:\/\/festival-ismotscroises.fr\/index.php?rest_route=\/wp\/v2\/pages\/173","targetHints":{"allow":["GET"]}}],"collection":[{"href":"https:\/\/festival-ismotscroises.fr\/index.php?rest_route=\/wp\/v2\/pages"}],"about":[{"href":"https:\/\/festival-ismotscroises.fr\/index.php?rest_route=\/wp\/v2\/types\/page"}],"author":[{"embeddable":true,"href":"https:\/\/festival-ismotscroises.fr\/index.php?rest_route=\/wp\/v2\/users\/2"}],"replies":[{"embeddable":true,"href":"https:\/\/festival-ismotscroises.fr\/index.php?rest_route=%2Fwp%2Fv2%2Fcomments&post=173"}],"version-history":[{"count":7,"href":"https:\/\/festival-ismotscroises.fr\/index.php?rest_route=\/wp\/v2\/pages\/173\/revisions"}],"predecessor-version":[{"id":4249,"href":"https:\/\/festival-ismotscroises.fr\/index.php?rest_route=\/wp\/v2\/pages\/173\/revisions\/4249"}],"wp:attachment":[{"href":"https:\/\/festival-ismotscroises.fr\/index.php?rest_route=%2Fwp%2Fv2%2Fmedia&parent=173"}],"curies":[{"name":"wp","href":"https:\/\/api.w.org\/{rel}","templated":true}]}}