{"id":167,"date":"2015-06-18T20:20:48","date_gmt":"2015-06-18T18:20:48","guid":{"rendered":"http:\/\/festival-ismotscroises.fr\/?page_id=167"},"modified":"2015-07-08T00:15:01","modified_gmt":"2015-07-07T22:15:01","slug":"tournoi-de-bourgogne-8","status":"publish","type":"page","link":"https:\/\/festival-ismotscroises.fr\/?page_id=167","title":{"rendered":"Tournoi de Bourgogne"},"content":{"rendered":"<div id=\"pl-167\"  class=\"panel-layout\" ><div id=\"pg-167-0\"  class=\"panel-grid panel-no-style\" ><div id=\"pgc-167-0-0\"  class=\"panel-grid-cell\" ><div id=\"panel-167-0-0-0\" class=\"so-panel widget panel-first-child panel-last-child\" data-index=\"0\" ><\/div><\/div><div id=\"pgc-167-0-1\"  class=\"panel-grid-cell\" ><div id=\"panel-167-0-1-0\" class=\"so-panel widget widget_black-studio-tinymce widget_black_studio_tinymce panel-first-child panel-last-child\" data-index=\"1\" ><div class=\"textwidget\"><h3 style=\"text-align: justify;\"><strong>Tournoi de Bourgogne 2007<\/strong><\/h3>\n<p style=\"text-align: justify;\">Bernard Philippet r\u00e9alise cette ann\u00e9e une double victoire au Championnat francophone et, avec son co\u00e9quipier George Flambard, au Tournoi de Bourgogne. Un premi\u00e8re pour le champion belge qui n'avait jamais remport\u00e9 une comp\u00e9tition sur tableaux \u00e0 Is-sur-Tille.<\/p>\n<h4><strong>Palmar\u00e8s<\/strong><\/h4>\n<p>1 - PHILIPPET Bernard \/ FLAMBARD Georges<br \/>2 - CHEVALIER Xavier \/ BRUNEAU Philippe<br \/>3 - CARTANNAZ Gr\u00e9gory \/ BORECKI Mireille<br \/>4 - GOUY Jean-Claude \/ LAFOND Michel<br \/>5 - HARDOU\u00cfN Herv\u00e9 \/ BIGEARD Alain<br \/>6 - CATHENOD Fran\u00e7ois \/ FERRON Jean-Claude<br \/>7 - DEBI\u00c8RE Marie-H\u00e9l\u00e8ne \/ LALLEMAND Serge<br \/>8 - LECLERCQ Christian \/ BRUGER Thierry<br \/>9 - CIERNIAK Daniel \/ MANGIN Jo\u00ebl<br \/>10 - WILLEMIN Mich\u00e8le \/ ROCHEFORT Claude <br \/>11 - MO\u00cf Horace \/ LEGENDRE Martine<br \/>12 - DRIOT Jean-Claude \/ ROULLIER Patrice<br \/>13 - M\u00dcLLER Christian \/ LEBRET Lionel<br \/>14 - GONY Sylvie \/ FLEUREY Jocelyne<br \/>15 - MAURIS Marie-No\u00eblle \/ CHENELLE Jean-Pierre<br \/>16 - VAN HOUTTE Thierry \/ RAVET Andr\u00e9<\/p>\n<\/div><\/div><\/div><\/div><div id=\"pg-167-1\"  class=\"panel-grid panel-no-style\" ><div id=\"pgc-167-1-0\"  class=\"panel-grid-cell\" ><div id=\"panel-167-1-0-0\" class=\"so-panel widget widget_black-studio-tinymce widget_black_studio_tinymce panel-first-child panel-last-child\" data-index=\"2\" ><div class=\"textwidget\"><p><img loading=\"lazy\" decoding=\"async\" class=\" size-full wp-image-1496 alignright\" src=\"http:\/\/festival-ismotscroises.fr\/wp-content\/uploads\/2015\/07\/ISMOTSCROISES-LOGO.png\" alt=\"ISMOTSCROISES-LOGO\" width=\"152\" height=\"150\" \/><\/p>\n<\/div><\/div><\/div><\/div><\/div>","protected":false},"excerpt":{"rendered":"<p>Tournoi de Bourgogne 2007Bernard Philippet r\u00e9alise cette ann\u00e9e une double victoire au Championnat francophone et, avec son co\u00e9quipier George Flambard, au Tournoi de Bourgogne. Un premi\u00e8re pour le champion belge qui n&rsquo;avait jamais remport\u00e9 une comp\u00e9tition sur tableaux \u00e0 Is-sur-Tille.Palmar\u00e8s1 &#8211; PHILIPPET Bernard \/ FLAMBARD Georges2 &#8211; CHEVALIER Xavier \/ BRUNEAU Philippe3 &#8211; CARTANNAZ Gr\u00e9gory [&hellip;]<\/p>\n","protected":false},"author":2,"featured_media":0,"parent":0,"menu_order":0,"comment_status":"closed","ping_status":"closed","template":"templates\/template-full-notitle.php","meta":{"_monsterinsights_skip_tracking":false,"_monsterinsights_sitenote_active":false,"_monsterinsights_sitenote_note":"","_monsterinsights_sitenote_category":0,"footnotes":""},"class_list":["post-167","page","type-page","status-publish","hentry","post"],"yoast_head":"<!-- This site is optimized with the Yoast SEO plugin v22.6 - https:\/\/yoast.com\/wordpress\/plugins\/seo\/ -->\n<title>Tournoi de Bourgogne - Le Festival des mots crois\u00e9s \u00e0 Is-sur-Tille<\/title>\n<meta name=\"robots\" content=\"index, follow, max-snippet:-1, max-image-preview:large, max-video-preview:-1\" \/>\n<link rel=\"canonical\" href=\"https:\/\/festival-ismotscroises.fr\/?page_id=167\" \/>\n<meta property=\"og:locale\" content=\"fr_FR\" \/>\n<meta property=\"og:type\" content=\"article\" \/>\n<meta property=\"og:title\" content=\"Tournoi de Bourgogne - Le Festival des mots crois\u00e9s \u00e0 Is-sur-Tille\" \/>\n<meta property=\"og:description\" content=\"Tournoi de Bourgogne 2007Bernard Philippet r\u00e9alise cette ann\u00e9e une double victoire au Championnat francophone et, avec son co\u00e9quipier George Flambard, au Tournoi de Bourgogne. Un premi\u00e8re pour le champion belge qui n&#039;avait jamais remport\u00e9 une comp\u00e9tition sur tableaux \u00e0 Is-sur-Tille.Palmar\u00e8s1 - PHILIPPET Bernard \/ FLAMBARD Georges2 - CHEVALIER Xavier \/ BRUNEAU Philippe3 - CARTANNAZ Gr\u00e9gory [&hellip;]\" \/>\n<meta property=\"og:url\" content=\"https:\/\/festival-ismotscroises.fr\/?page_id=167\" \/>\n<meta property=\"og:site_name\" content=\"Le Festival des mots crois\u00e9s \u00e0 Is-sur-Tille\" \/>\n<meta property=\"article:modified_time\" content=\"2015-07-07T22:15:01+00:00\" \/>\n<meta property=\"og:image\" content=\"http:\/\/festival-ismotscroises.fr\/wp-content\/plugins\/easy-media-gallery-pro\/includes\/images\/trans.png\" \/>\n<meta name=\"twitter:card\" content=\"summary_large_image\" \/>\n<meta name=\"twitter:label1\" content=\"Dur\u00e9e de lecture estim\u00e9e\" \/>\n\t<meta name=\"twitter:data1\" content=\"1 minute\" \/>\n<script type=\"application\/ld+json\" class=\"yoast-schema-graph\">{\"@context\":\"https:\/\/schema.org\",\"@graph\":[{\"@type\":\"WebPage\",\"@id\":\"https:\/\/festival-ismotscroises.fr\/?page_id=167\",\"url\":\"https:\/\/festival-ismotscroises.fr\/?page_id=167\",\"name\":\"Tournoi de Bourgogne - Le Festival des mots crois\u00e9s \u00e0 Is-sur-Tille\",\"isPartOf\":{\"@id\":\"https:\/\/festival-ismotscroises.fr\/#website\"},\"primaryImageOfPage\":{\"@id\":\"https:\/\/festival-ismotscroises.fr\/?page_id=167#primaryimage\"},\"image\":{\"@id\":\"https:\/\/festival-ismotscroises.fr\/?page_id=167#primaryimage\"},\"thumbnailUrl\":\"http:\/\/festival-ismotscroises.fr\/wp-content\/plugins\/easy-media-gallery-pro\/includes\/images\/trans.png\",\"datePublished\":\"2015-06-18T18:20:48+00:00\",\"dateModified\":\"2015-07-07T22:15:01+00:00\",\"breadcrumb\":{\"@id\":\"https:\/\/festival-ismotscroises.fr\/?page_id=167#breadcrumb\"},\"inLanguage\":\"fr-FR\",\"potentialAction\":[{\"@type\":\"ReadAction\",\"target\":[\"https:\/\/festival-ismotscroises.fr\/?page_id=167\"]}]},{\"@type\":\"ImageObject\",\"inLanguage\":\"fr-FR\",\"@id\":\"https:\/\/festival-ismotscroises.fr\/?page_id=167#primaryimage\",\"url\":\"http:\/\/festival-ismotscroises.fr\/wp-content\/plugins\/easy-media-gallery-pro\/includes\/images\/trans.png\",\"contentUrl\":\"http:\/\/festival-ismotscroises.fr\/wp-content\/plugins\/easy-media-gallery-pro\/includes\/images\/trans.png\"},{\"@type\":\"BreadcrumbList\",\"@id\":\"https:\/\/festival-ismotscroises.fr\/?page_id=167#breadcrumb\",\"itemListElement\":[{\"@type\":\"ListItem\",\"position\":1,\"name\":\"Accueil\",\"item\":\"https:\/\/festival-ismotscroises.fr\/\"},{\"@type\":\"ListItem\",\"position\":2,\"name\":\"Tournoi de Bourgogne\"}]},{\"@type\":\"WebSite\",\"@id\":\"https:\/\/festival-ismotscroises.fr\/#website\",\"url\":\"https:\/\/festival-ismotscroises.fr\/\",\"name\":\"Le Festival des mots crois\u00e9s \u00e0 Is-sur-Tille\",\"description\":\"La ville d&#039;Is-sur-Tille, en C\u00f4te-d&#039;Or, organise un festival annuel de mots crois\u00e9s depuis 1990..\",\"potentialAction\":[{\"@type\":\"SearchAction\",\"target\":{\"@type\":\"EntryPoint\",\"urlTemplate\":\"https:\/\/festival-ismotscroises.fr\/?s={search_term_string}\"},\"query-input\":\"required name=search_term_string\"}],\"inLanguage\":\"fr-FR\"}]}<\/script>\n<!-- \/ Yoast SEO plugin. -->","yoast_head_json":{"title":"Tournoi de Bourgogne - Le Festival des mots crois\u00e9s \u00e0 Is-sur-Tille","robots":{"index":"index","follow":"follow","max-snippet":"max-snippet:-1","max-image-preview":"max-image-preview:large","max-video-preview":"max-video-preview:-1"},"canonical":"https:\/\/festival-ismotscroises.fr\/?page_id=167","og_locale":"fr_FR","og_type":"article","og_title":"Tournoi de Bourgogne - Le Festival des mots crois\u00e9s \u00e0 Is-sur-Tille","og_description":"Tournoi de Bourgogne 2007Bernard Philippet r\u00e9alise cette ann\u00e9e une double victoire au Championnat francophone et, avec son co\u00e9quipier George Flambard, au Tournoi de Bourgogne. Un premi\u00e8re pour le champion belge qui n'avait jamais remport\u00e9 une comp\u00e9tition sur tableaux \u00e0 Is-sur-Tille.Palmar\u00e8s1 - PHILIPPET Bernard \/ FLAMBARD Georges2 - CHEVALIER Xavier \/ BRUNEAU Philippe3 - CARTANNAZ Gr\u00e9gory [&hellip;]","og_url":"https:\/\/festival-ismotscroises.fr\/?page_id=167","og_site_name":"Le Festival des mots crois\u00e9s \u00e0 Is-sur-Tille","article_modified_time":"2015-07-07T22:15:01+00:00","og_image":[{"url":"http:\/\/festival-ismotscroises.fr\/wp-content\/plugins\/easy-media-gallery-pro\/includes\/images\/trans.png"}],"twitter_card":"summary_large_image","twitter_misc":{"Dur\u00e9e de lecture estim\u00e9e":"1 minute"},"schema":{"@context":"https:\/\/schema.org","@graph":[{"@type":"WebPage","@id":"https:\/\/festival-ismotscroises.fr\/?page_id=167","url":"https:\/\/festival-ismotscroises.fr\/?page_id=167","name":"Tournoi de Bourgogne - Le Festival des mots crois\u00e9s \u00e0 Is-sur-Tille","isPartOf":{"@id":"https:\/\/festival-ismotscroises.fr\/#website"},"primaryImageOfPage":{"@id":"https:\/\/festival-ismotscroises.fr\/?page_id=167#primaryimage"},"image":{"@id":"https:\/\/festival-ismotscroises.fr\/?page_id=167#primaryimage"},"thumbnailUrl":"http:\/\/festival-ismotscroises.fr\/wp-content\/plugins\/easy-media-gallery-pro\/includes\/images\/trans.png","datePublished":"2015-06-18T18:20:48+00:00","dateModified":"2015-07-07T22:15:01+00:00","breadcrumb":{"@id":"https:\/\/festival-ismotscroises.fr\/?page_id=167#breadcrumb"},"inLanguage":"fr-FR","potentialAction":[{"@type":"ReadAction","target":["https:\/\/festival-ismotscroises.fr\/?page_id=167"]}]},{"@type":"ImageObject","inLanguage":"fr-FR","@id":"https:\/\/festival-ismotscroises.fr\/?page_id=167#primaryimage","url":"http:\/\/festival-ismotscroises.fr\/wp-content\/plugins\/easy-media-gallery-pro\/includes\/images\/trans.png","contentUrl":"http:\/\/festival-ismotscroises.fr\/wp-content\/plugins\/easy-media-gallery-pro\/includes\/images\/trans.png"},{"@type":"BreadcrumbList","@id":"https:\/\/festival-ismotscroises.fr\/?page_id=167#breadcrumb","itemListElement":[{"@type":"ListItem","position":1,"name":"Accueil","item":"https:\/\/festival-ismotscroises.fr\/"},{"@type":"ListItem","position":2,"name":"Tournoi de Bourgogne"}]},{"@type":"WebSite","@id":"https:\/\/festival-ismotscroises.fr\/#website","url":"https:\/\/festival-ismotscroises.fr\/","name":"Le Festival des mots crois\u00e9s \u00e0 Is-sur-Tille","description":"La ville d&#039;Is-sur-Tille, en C\u00f4te-d&#039;Or, organise un festival annuel de mots crois\u00e9s depuis 1990..","potentialAction":[{"@type":"SearchAction","target":{"@type":"EntryPoint","urlTemplate":"https:\/\/festival-ismotscroises.fr\/?s={search_term_string}"},"query-input":"required name=search_term_string"}],"inLanguage":"fr-FR"}]}},"_links":{"self":[{"href":"https:\/\/festival-ismotscroises.fr\/index.php?rest_route=\/wp\/v2\/pages\/167","targetHints":{"allow":["GET"]}}],"collection":[{"href":"https:\/\/festival-ismotscroises.fr\/index.php?rest_route=\/wp\/v2\/pages"}],"about":[{"href":"https:\/\/festival-ismotscroises.fr\/index.php?rest_route=\/wp\/v2\/types\/page"}],"author":[{"embeddable":true,"href":"https:\/\/festival-ismotscroises.fr\/index.php?rest_route=\/wp\/v2\/users\/2"}],"replies":[{"embeddable":true,"href":"https:\/\/festival-ismotscroises.fr\/index.php?rest_route=%2Fwp%2Fv2%2Fcomments&post=167"}],"version-history":[{"count":8,"href":"https:\/\/festival-ismotscroises.fr\/index.php?rest_route=\/wp\/v2\/pages\/167\/revisions"}],"predecessor-version":[{"id":1527,"href":"https:\/\/festival-ismotscroises.fr\/index.php?rest_route=\/wp\/v2\/pages\/167\/revisions\/1527"}],"wp:attachment":[{"href":"https:\/\/festival-ismotscroises.fr\/index.php?rest_route=%2Fwp%2Fv2%2Fmedia&parent=167"}],"curies":[{"name":"wp","href":"https:\/\/api.w.org\/{rel}","templated":true}]}}