{"id":164,"date":"2015-06-18T20:19:52","date_gmt":"2015-06-18T18:19:52","guid":{"rendered":"http:\/\/festival-ismotscroises.fr\/?page_id=164"},"modified":"2015-07-08T00:14:31","modified_gmt":"2015-07-07T22:14:31","slug":"championnat-francophone-4","status":"publish","type":"page","link":"https:\/\/festival-ismotscroises.fr\/?page_id=164","title":{"rendered":"Championnat francophone"},"content":{"rendered":"<div id=\"pl-164\"  class=\"panel-layout\" ><div id=\"pg-164-0\"  class=\"panel-grid panel-no-style\" ><div id=\"pgc-164-0-0\"  class=\"panel-grid-cell\" ><div id=\"panel-164-0-0-0\" class=\"so-panel widget panel-first-child panel-last-child\" data-index=\"0\" ><\/div><\/div><div id=\"pgc-164-0-1\"  class=\"panel-grid-cell\" ><div id=\"panel-164-0-1-0\" class=\"so-panel widget widget_black-studio-tinymce widget_black_studio_tinymce panel-first-child\" data-index=\"1\" ><div class=\"textwidget\"><h3 style=\"text-align: justify;\"><strong>Championnat francophone 2007<\/strong><\/h3>\n<p style=\"text-align: justify;\">Pour figurer dans le palmar\u00e8s, il fallait cette ann\u00e9e r\u00e9soudre cinq grilles d'auteurs francophones pendant la journ\u00e9e du samedi 19 mai. La correction se d\u00e9roulait au fur et \u00e0 mesure que les bulletins-r\u00e9ponses \u00e9taient rendus par les candidats. Chaque \u00e9preuve a donn\u00e9 lieu \u00e0 un classement partiel et un classement g\u00e9n\u00e9ral. Sans grande surprise, le champion belge Bernard Philippet a remport\u00e9 le titre, avec une seule faute en moins d'une heure et demie pour l'ensemble des cinq probl\u00e8mes.<\/p>\n<h4 style=\"text-align: justify;\"><strong>Palmar\u00e8s<\/strong><\/h4>\n<p style=\"text-align: justify;\">1 - Bernard PHILIPPET (1 faute - 1h23mn47s)<br \/>2 - Jean RICHIR (3 fautes - 2h17min10s)<br \/>3 - Mich\u00e8le WILLEMIN\u00a0(4 fautes - 3h07min22s)<br \/>4 - Xavier\u00a0CHEVALIER (7 fautes - 2h07min30s)<br \/>5 - Gr\u00e9gory CARTANNAZ (8 fautes - 1h53min13s)<br \/>6 - Christian M\u00dcLLER (10 fautes - 3h06min45s)<br \/>7 - Thierry VAN HOUTTE (11 fautes - 2h12min16s)<br \/>8 - Sylvie GONY (11 fautes - 4h07min37s)<br \/>9 - Bernard MONNET (12\u00a0fautes - 3h07min02s)<br \/>10 - Claude ROCHEFORT (12 fautes - 3h50min15s)<br \/>11 - Fran\u00e7ois\u00a0CATHENOD (13\u00a0fautes - 2h16min08s)<br \/>12 - Jean-Claude\u00a0GOUY (13 fautes - 2h17min13s)<br \/>13 - Christian\u00a0LECLERCQ (14 fautes - 4h03min31s)<br \/>14 - Jacques\u00a0RUFFENACH (19 fautes - 4h08min04s)<br \/>15 - Herv\u00e9 HARDOUIN (24 fautes - 2h55min22s)<br \/>16 - Daniel\u00a0CIERNIAK (36 fautes - 3h38min40s)<br \/>17 - Georges\u00a0FLAMBARD (41 fautes - 4h08min46s)<br \/>18 - Pierre\u00a0BERNARD (42 fautes - 2h50min46s)<br \/>19 - Jean-Claude\u00a0FERRON (44 fautes - 4h24min05s)<br \/>20 - Horace\u00a0MO\u00cf (46 fautes - 4h23min57s)<\/p>\n<\/div><\/div><div id=\"panel-164-0-1-1\" class=\"so-panel widget widget_sow-button\" data-index=\"2\" ><div\n\t\t\t\n\t\t\tclass=\"so-widget-sow-button so-widget-sow-button-atom-2fa5db29757e-164\"\n\t\t\t\n\t\t><div class=\"ow-button-base ow-button-align-left\">\n\t<a\n\thref=\"http:\/\/festival-ismotscroises.fr\/wp-content\/uploads\/2015\/06\/2007-CF-GRILLES.pdf\"\n\t\tclass=\"ow-icon-placement-left ow-button-hover\" target=\"_blank\" rel=\"noopener noreferrer\" \t>\n\t\t<span>\n\t\t\t\n\t\t\tT\u00e9l\u00e9chargez les grilles\t\t<\/span>\n\t<\/a>\n<\/div>\n<\/div><\/div><div id=\"panel-164-0-1-2\" class=\"so-panel widget widget_sow-button panel-last-child\" data-index=\"3\" ><div\n\t\t\t\n\t\t\tclass=\"so-widget-sow-button so-widget-sow-button-atom-2fa5db29757e-164\"\n\t\t\t\n\t\t><div class=\"ow-button-base ow-button-align-left\">\n\t<a\n\thref=\"http:\/\/festival-ismotscroises.fr\/wp-content\/uploads\/2015\/06\/2007-CF-GRILLES-SOL.pdf\"\n\t\tclass=\"ow-icon-placement-left ow-button-hover\" target=\"_blank\" rel=\"noopener noreferrer\" \t>\n\t\t<span>\n\t\t\t\n\t\t\tT\u00e9l\u00e9chargez les solutions\t\t<\/span>\n\t<\/a>\n<\/div>\n<\/div><\/div><\/div><\/div><div id=\"pg-164-1\"  class=\"panel-grid panel-no-style\" ><div id=\"pgc-164-1-0\"  class=\"panel-grid-cell\" ><div id=\"panel-164-1-0-0\" class=\"so-panel widget widget_black-studio-tinymce widget_black_studio_tinymce panel-first-child panel-last-child\" data-index=\"4\" ><div class=\"textwidget\"><p><img loading=\"lazy\" decoding=\"async\" class=\" size-full wp-image-1496 alignright\" src=\"http:\/\/festival-ismotscroises.fr\/wp-content\/uploads\/2015\/07\/ISMOTSCROISES-LOGO.png\" alt=\"ISMOTSCROISES-LOGO\" width=\"152\" height=\"150\" \/><\/p>\n<\/div><\/div><\/div><\/div><\/div>","protected":false},"excerpt":{"rendered":"<p>Championnat francophone 2007Pour figurer dans le palmar\u00e8s, il fallait cette ann\u00e9e r\u00e9soudre cinq grilles d&rsquo;auteurs francophones pendant la journ\u00e9e du samedi 19 mai. La correction se d\u00e9roulait au fur et \u00e0 mesure que les bulletins-r\u00e9ponses \u00e9taient rendus par les candidats. Chaque \u00e9preuve a donn\u00e9 lieu \u00e0 un classement partiel et un classement g\u00e9n\u00e9ral. Sans grande [&hellip;]<\/p>\n","protected":false},"author":2,"featured_media":0,"parent":0,"menu_order":0,"comment_status":"closed","ping_status":"closed","template":"templates\/template-full-notitle.php","meta":{"_monsterinsights_skip_tracking":false,"_monsterinsights_sitenote_active":false,"_monsterinsights_sitenote_note":"","_monsterinsights_sitenote_category":0,"footnotes":""},"class_list":["post-164","page","type-page","status-publish","hentry","post"],"yoast_head":"<!-- This site is optimized with the Yoast SEO plugin v22.6 - https:\/\/yoast.com\/wordpress\/plugins\/seo\/ -->\n<title>Championnat francophone - Le Festival des mots crois\u00e9s \u00e0 Is-sur-Tille<\/title>\n<meta name=\"robots\" content=\"index, follow, max-snippet:-1, max-image-preview:large, max-video-preview:-1\" \/>\n<link rel=\"canonical\" href=\"https:\/\/festival-ismotscroises.fr\/?page_id=164\" \/>\n<meta property=\"og:locale\" content=\"fr_FR\" \/>\n<meta property=\"og:type\" content=\"article\" \/>\n<meta property=\"og:title\" content=\"Championnat francophone - Le Festival des mots crois\u00e9s \u00e0 Is-sur-Tille\" \/>\n<meta property=\"og:description\" content=\"Championnat francophone 2007Pour figurer dans le palmar\u00e8s, il fallait cette ann\u00e9e r\u00e9soudre cinq grilles d&#039;auteurs francophones pendant la journ\u00e9e du samedi 19 mai. La correction se d\u00e9roulait au fur et \u00e0 mesure que les bulletins-r\u00e9ponses \u00e9taient rendus par les candidats. Chaque \u00e9preuve a donn\u00e9 lieu \u00e0 un classement partiel et un classement g\u00e9n\u00e9ral. Sans grande [&hellip;]\" \/>\n<meta property=\"og:url\" content=\"https:\/\/festival-ismotscroises.fr\/?page_id=164\" \/>\n<meta property=\"og:site_name\" content=\"Le Festival des mots crois\u00e9s \u00e0 Is-sur-Tille\" \/>\n<meta property=\"article:modified_time\" content=\"2015-07-07T22:14:31+00:00\" \/>\n<meta property=\"og:image\" content=\"http:\/\/festival-ismotscroises.fr\/wp-content\/plugins\/easy-media-gallery-pro\/includes\/images\/trans.png\" \/>\n<meta name=\"twitter:card\" content=\"summary_large_image\" \/>\n<meta name=\"twitter:label1\" content=\"Dur\u00e9e de lecture estim\u00e9e\" \/>\n\t<meta name=\"twitter:data1\" content=\"1 minute\" \/>\n<script type=\"application\/ld+json\" class=\"yoast-schema-graph\">{\"@context\":\"https:\/\/schema.org\",\"@graph\":[{\"@type\":\"WebPage\",\"@id\":\"https:\/\/festival-ismotscroises.fr\/?page_id=164\",\"url\":\"https:\/\/festival-ismotscroises.fr\/?page_id=164\",\"name\":\"Championnat francophone - Le Festival des mots crois\u00e9s \u00e0 Is-sur-Tille\",\"isPartOf\":{\"@id\":\"https:\/\/festival-ismotscroises.fr\/#website\"},\"primaryImageOfPage\":{\"@id\":\"https:\/\/festival-ismotscroises.fr\/?page_id=164#primaryimage\"},\"image\":{\"@id\":\"https:\/\/festival-ismotscroises.fr\/?page_id=164#primaryimage\"},\"thumbnailUrl\":\"http:\/\/festival-ismotscroises.fr\/wp-content\/plugins\/easy-media-gallery-pro\/includes\/images\/trans.png\",\"datePublished\":\"2015-06-18T18:19:52+00:00\",\"dateModified\":\"2015-07-07T22:14:31+00:00\",\"breadcrumb\":{\"@id\":\"https:\/\/festival-ismotscroises.fr\/?page_id=164#breadcrumb\"},\"inLanguage\":\"fr-FR\",\"potentialAction\":[{\"@type\":\"ReadAction\",\"target\":[\"https:\/\/festival-ismotscroises.fr\/?page_id=164\"]}]},{\"@type\":\"ImageObject\",\"inLanguage\":\"fr-FR\",\"@id\":\"https:\/\/festival-ismotscroises.fr\/?page_id=164#primaryimage\",\"url\":\"http:\/\/festival-ismotscroises.fr\/wp-content\/plugins\/easy-media-gallery-pro\/includes\/images\/trans.png\",\"contentUrl\":\"http:\/\/festival-ismotscroises.fr\/wp-content\/plugins\/easy-media-gallery-pro\/includes\/images\/trans.png\"},{\"@type\":\"BreadcrumbList\",\"@id\":\"https:\/\/festival-ismotscroises.fr\/?page_id=164#breadcrumb\",\"itemListElement\":[{\"@type\":\"ListItem\",\"position\":1,\"name\":\"Accueil\",\"item\":\"https:\/\/festival-ismotscroises.fr\/\"},{\"@type\":\"ListItem\",\"position\":2,\"name\":\"Championnat francophone\"}]},{\"@type\":\"WebSite\",\"@id\":\"https:\/\/festival-ismotscroises.fr\/#website\",\"url\":\"https:\/\/festival-ismotscroises.fr\/\",\"name\":\"Le Festival des mots crois\u00e9s \u00e0 Is-sur-Tille\",\"description\":\"La ville d&#039;Is-sur-Tille, en C\u00f4te-d&#039;Or, organise un festival annuel de mots crois\u00e9s depuis 1990..\",\"potentialAction\":[{\"@type\":\"SearchAction\",\"target\":{\"@type\":\"EntryPoint\",\"urlTemplate\":\"https:\/\/festival-ismotscroises.fr\/?s={search_term_string}\"},\"query-input\":\"required name=search_term_string\"}],\"inLanguage\":\"fr-FR\"}]}<\/script>\n<!-- \/ Yoast SEO plugin. -->","yoast_head_json":{"title":"Championnat francophone - Le Festival des mots crois\u00e9s \u00e0 Is-sur-Tille","robots":{"index":"index","follow":"follow","max-snippet":"max-snippet:-1","max-image-preview":"max-image-preview:large","max-video-preview":"max-video-preview:-1"},"canonical":"https:\/\/festival-ismotscroises.fr\/?page_id=164","og_locale":"fr_FR","og_type":"article","og_title":"Championnat francophone - Le Festival des mots crois\u00e9s \u00e0 Is-sur-Tille","og_description":"Championnat francophone 2007Pour figurer dans le palmar\u00e8s, il fallait cette ann\u00e9e r\u00e9soudre cinq grilles d'auteurs francophones pendant la journ\u00e9e du samedi 19 mai. La correction se d\u00e9roulait au fur et \u00e0 mesure que les bulletins-r\u00e9ponses \u00e9taient rendus par les candidats. Chaque \u00e9preuve a donn\u00e9 lieu \u00e0 un classement partiel et un classement g\u00e9n\u00e9ral. Sans grande [&hellip;]","og_url":"https:\/\/festival-ismotscroises.fr\/?page_id=164","og_site_name":"Le Festival des mots crois\u00e9s \u00e0 Is-sur-Tille","article_modified_time":"2015-07-07T22:14:31+00:00","og_image":[{"url":"http:\/\/festival-ismotscroises.fr\/wp-content\/plugins\/easy-media-gallery-pro\/includes\/images\/trans.png"}],"twitter_card":"summary_large_image","twitter_misc":{"Dur\u00e9e de lecture estim\u00e9e":"1 minute"},"schema":{"@context":"https:\/\/schema.org","@graph":[{"@type":"WebPage","@id":"https:\/\/festival-ismotscroises.fr\/?page_id=164","url":"https:\/\/festival-ismotscroises.fr\/?page_id=164","name":"Championnat francophone - Le Festival des mots crois\u00e9s \u00e0 Is-sur-Tille","isPartOf":{"@id":"https:\/\/festival-ismotscroises.fr\/#website"},"primaryImageOfPage":{"@id":"https:\/\/festival-ismotscroises.fr\/?page_id=164#primaryimage"},"image":{"@id":"https:\/\/festival-ismotscroises.fr\/?page_id=164#primaryimage"},"thumbnailUrl":"http:\/\/festival-ismotscroises.fr\/wp-content\/plugins\/easy-media-gallery-pro\/includes\/images\/trans.png","datePublished":"2015-06-18T18:19:52+00:00","dateModified":"2015-07-07T22:14:31+00:00","breadcrumb":{"@id":"https:\/\/festival-ismotscroises.fr\/?page_id=164#breadcrumb"},"inLanguage":"fr-FR","potentialAction":[{"@type":"ReadAction","target":["https:\/\/festival-ismotscroises.fr\/?page_id=164"]}]},{"@type":"ImageObject","inLanguage":"fr-FR","@id":"https:\/\/festival-ismotscroises.fr\/?page_id=164#primaryimage","url":"http:\/\/festival-ismotscroises.fr\/wp-content\/plugins\/easy-media-gallery-pro\/includes\/images\/trans.png","contentUrl":"http:\/\/festival-ismotscroises.fr\/wp-content\/plugins\/easy-media-gallery-pro\/includes\/images\/trans.png"},{"@type":"BreadcrumbList","@id":"https:\/\/festival-ismotscroises.fr\/?page_id=164#breadcrumb","itemListElement":[{"@type":"ListItem","position":1,"name":"Accueil","item":"https:\/\/festival-ismotscroises.fr\/"},{"@type":"ListItem","position":2,"name":"Championnat francophone"}]},{"@type":"WebSite","@id":"https:\/\/festival-ismotscroises.fr\/#website","url":"https:\/\/festival-ismotscroises.fr\/","name":"Le Festival des mots crois\u00e9s \u00e0 Is-sur-Tille","description":"La ville d&#039;Is-sur-Tille, en C\u00f4te-d&#039;Or, organise un festival annuel de mots crois\u00e9s depuis 1990..","potentialAction":[{"@type":"SearchAction","target":{"@type":"EntryPoint","urlTemplate":"https:\/\/festival-ismotscroises.fr\/?s={search_term_string}"},"query-input":"required name=search_term_string"}],"inLanguage":"fr-FR"}]}},"_links":{"self":[{"href":"https:\/\/festival-ismotscroises.fr\/index.php?rest_route=\/wp\/v2\/pages\/164","targetHints":{"allow":["GET"]}}],"collection":[{"href":"https:\/\/festival-ismotscroises.fr\/index.php?rest_route=\/wp\/v2\/pages"}],"about":[{"href":"https:\/\/festival-ismotscroises.fr\/index.php?rest_route=\/wp\/v2\/types\/page"}],"author":[{"embeddable":true,"href":"https:\/\/festival-ismotscroises.fr\/index.php?rest_route=\/wp\/v2\/users\/2"}],"replies":[{"embeddable":true,"href":"https:\/\/festival-ismotscroises.fr\/index.php?rest_route=%2Fwp%2Fv2%2Fcomments&post=164"}],"version-history":[{"count":11,"href":"https:\/\/festival-ismotscroises.fr\/index.php?rest_route=\/wp\/v2\/pages\/164\/revisions"}],"predecessor-version":[{"id":1526,"href":"https:\/\/festival-ismotscroises.fr\/index.php?rest_route=\/wp\/v2\/pages\/164\/revisions\/1526"}],"wp:attachment":[{"href":"https:\/\/festival-ismotscroises.fr\/index.php?rest_route=%2Fwp%2Fv2%2Fmedia&parent=164"}],"curies":[{"name":"wp","href":"https:\/\/api.w.org\/{rel}","templated":true}]}}