{"id":161,"date":"2015-06-18T20:19:03","date_gmt":"2015-06-18T18:19:03","guid":{"rendered":"http:\/\/festival-ismotscroises.fr\/?page_id=161"},"modified":"2023-03-24T15:52:40","modified_gmt":"2023-03-24T14:52:40","slug":"tournoi-des-colleges-10","status":"publish","type":"page","link":"https:\/\/festival-ismotscroises.fr\/?page_id=161","title":{"rendered":"Tournoi des coll\u00e8ges"},"content":{"rendered":"<div id=\"pl-161\"  class=\"panel-layout\" ><div id=\"pg-161-0\"  class=\"panel-grid panel-no-style\" ><div id=\"pgc-161-0-0\"  class=\"panel-grid-cell\" ><div id=\"panel-161-0-0-0\" class=\"so-panel widget panel-first-child panel-last-child\" data-index=\"0\" ><\/div><\/div><div id=\"pgc-161-0-1\"  class=\"panel-grid-cell\" ><div id=\"panel-161-0-1-0\" class=\"so-panel widget widget_black-studio-tinymce widget_black_studio_tinymce panel-first-child panel-last-child\" data-index=\"1\" ><div class=\"textwidget\"><h3 style=\"text-align: justify;\"><strong>Tournoi des coll\u00e8ges 2007<\/strong><\/h3>\n<p style=\"text-align: justify;\">Le Tournoi des coll\u00e8ges a retrouv\u00e9 cette ann\u00e9e la galerie du coll\u00e8ge Paul-Fort \u00e0 Is-sur-Tille tandis que la salle municipale des Capucins, lieu habituel de la comp\u00e9tition, \u00e9tait occup\u00e9e par le Championnat francophone.<br \/>Seize coll\u00e8ges \u00e9taient qualifi\u00e9s pour le Tournoi, le nombre le plus \u00e9lev\u00e9 depuis la cr\u00e9ation de cette comp\u00e9tition en 2001. Seize coll\u00e8ges... un \u00e9quilibre parfait, puisque c'est pr\u00e9cis\u00e9ment le nombre d'\u00e9quipes n\u00e9cessaire \u00e0 l'entr\u00e9e des huiti\u00e8mes de finale.<br \/>Cette ann\u00e9e encore, un grand nombre de parties ont \u00e9t\u00e9 arr\u00eat\u00e9es avant la fin du temps r\u00e9glementaire de 15 minutes. Onze matchs ont ainsi \u00e9t\u00e9\u00a0 interrompus dont neuf victorieusement.<br \/>Selongey, Tsar de la comp\u00e9tition<br \/>C'est l'\u00e9quipe de Selongey qui a emport\u00e9 la finale, samedi 19 mai 2007, en arr\u00eatant la partie au bout de 4 minutes 51 secondes, battant ainsi le record \u00e9tabli l'an dernier par une \u00e9quipe de Montchapet.<br \/>La victoire de cette ann\u00e9e est un juste retour des choses pour un coll\u00e8ge qui a particip\u00e9 au Tournoi chaque ann\u00e9e depuis 2001, et qui avait \u00e9t\u00e9 \u00e9limin\u00e9 lors de la toute premi\u00e8re \u00e9dition... pour une lettre erron\u00e9e dans le mot \"tsar\", \u00e9crit avec un s alors que le croisement de mots exigeait un z. Voir le compte rendu de l'ann\u00e9e 2001 et la grille qui a fait chuter une \u00e9quipe brillante. Bravo aux deux candidats de Selongey, qui ont su g\u00e9rer le stress et appliqu\u00e9 les conseils de leur professeur de fran\u00e7ais, Monsieur Grandg\u00e9rard.<br \/>La remise des prix qui a suivi a permis de r\u00e9compenser chaque \u00e9l\u00e8ve participant, et de remettre au principal du coll\u00e8ge Champ-Lumi\u00e8re le premier prix, un ordinateur avec une imprimante, et un troph\u00e9e sp\u00e9cialement cr\u00e9\u00e9 pour cette \u00e9dition de la comp\u00e9tition, une plaque \u00e9maill\u00e9e fabriqu\u00e9e par les \u00e9ditions Clouet, d'Is-sur-Tille, repr\u00e9sentant l'affiche 2007 du Tournoi des coll\u00e8ges.<\/p>\n<h4 style=\"text-align: justify;\"><strong>Palmar\u00e8s<\/strong><\/h4>\n<p style=\"text-align: justify;\">(Dans le cas d'une \u00e9limination avant les demi-finales, les \u00e9quipes sont class\u00e9es selon les r\u00e9sultats obtenus lors de l'\u00e9preuve de qualification).<br \/>1 Coll\u00e8ge Champ-Lumi\u00e8re\u00a0 (SELONGEY) Pierre et Maxime<br \/>2 Coll\u00e8ge Andr\u00e9-Malraux (DIJON) \u00a0M\u00e9gane et Myl\u00e8ne<br \/>3 Coll\u00e8ge Paul-Fort (IS-SUR-TILLE) Marine et Samuel<br \/>4 Coll\u00e8ge Roland-Dorgel\u00e8s (LONGVIC) Benjamin et Romain <br \/>5 Coll\u00e8ge Clos-de-Pouilly (DIJON) Manon et Bikf<br \/>6 Coll\u00e8ge Al\u00e9sia (VENAREY-LES-LAUMES) Arthur et Lisane<br \/>7 Coll\u00e8ge Jean-Lacaille (BLIGNY-SUR-OUCHE) \u00a0Cassandra et Marie<br \/>8 Coll\u00e8ge Le Parc (DIJON) David et Justine<br \/>Les \u00e9quipes \u00e9limin\u00e9es en huiti\u00e8mes de finales sont class\u00e9es selon les r\u00e9sultats obtenus lors de l'\u00e9preuve de qualification\u00a0:<br \/>9 Coll\u00e8ge Montchapet\u00a0 (DIJON) Martin et Yann<br \/>10 Coll\u00e8ge La Champagne-Gevrey-Chambertin (BROCHON) \u00a0Eric et Hugo<br \/>11 Coll\u00e8ge Les Lentill\u00e8res (DIJON) \u00a0Anthony et Baptiste<br \/>12 Coll\u00e8ge Henri-Berger (FONTAINE-FRAN\u00c7AISE) Eudes et Ga\u00ebtan<br \/>13 Coll\u00e8ge Jacques-Mercusot (SOMBERNON) Johanna et Perrine<br \/>14 Coll\u00e8ge Arthur-Rimbaud (MIREBEAU-SUR-B\u00c8ZE) Fanny et Vincent<br \/>15 Coll\u00e8ge Louis-Pasteur (MONTBARD) Alexandre et Hugo<br \/>Non class\u00e9 : Coll\u00e8ge \u00c9mile-Lepitre (LAIGNES) Les candidats absents ont \u00e9t\u00e9 remplac\u00e9s par Paul et Adrien, du coll\u00e8ge Paul-Fort, d'Is-sur-Tille.<\/p>\n<\/div><\/div><\/div><\/div><div id=\"pg-161-1\"  class=\"panel-grid panel-no-style\" ><div id=\"pgc-161-1-0\"  class=\"panel-grid-cell\" ><div id=\"panel-161-1-0-0\" class=\"so-panel widget widget_black-studio-tinymce widget_black_studio_tinymce panel-first-child panel-last-child\" data-index=\"2\" ><div class=\"textwidget\"><p><img loading=\"lazy\" decoding=\"async\" class=\" size-medium wp-image-742 aligncenter\" src=\"http:\/\/festival-ismotscroises.fr\/wp-content\/uploads\/2015\/06\/MASCOTTE-300x264.png\" alt=\"MASCOTTE\" width=\"300\" height=\"264\" srcset=\"https:\/\/festival-ismotscroises.fr\/wp-content\/uploads\/2015\/06\/MASCOTTE-300x264.png 300w, https:\/\/festival-ismotscroises.fr\/wp-content\/uploads\/2015\/06\/MASCOTTE.png 535w\" sizes=\"auto, (max-width: 300px) 100vw, 300px\" \/><\/p>\n<\/div><\/div><\/div><\/div><\/div>","protected":false},"excerpt":{"rendered":"<p>Tournoi des coll\u00e8ges 2007Le Tournoi des coll\u00e8ges a retrouv\u00e9 cette ann\u00e9e la galerie du coll\u00e8ge Paul-Fort \u00e0 Is-sur-Tille tandis que la salle municipale des Capucins, lieu habituel de la comp\u00e9tition, \u00e9tait occup\u00e9e par le Championnat francophone.Seize coll\u00e8ges \u00e9taient qualifi\u00e9s pour le Tournoi, le nombre le plus \u00e9lev\u00e9 depuis la cr\u00e9ation de cette comp\u00e9tition en 2001. [&hellip;]<\/p>\n","protected":false},"author":2,"featured_media":0,"parent":0,"menu_order":0,"comment_status":"closed","ping_status":"closed","template":"templates\/template-full-notitle.php","meta":{"_monsterinsights_skip_tracking":false,"_monsterinsights_sitenote_active":false,"_monsterinsights_sitenote_note":"","_monsterinsights_sitenote_category":0,"footnotes":""},"class_list":["post-161","page","type-page","status-publish","hentry","post"],"yoast_head":"<!-- This site is optimized with the Yoast SEO plugin v22.6 - https:\/\/yoast.com\/wordpress\/plugins\/seo\/ -->\n<title>Tournoi des coll\u00e8ges - Le Festival des mots crois\u00e9s \u00e0 Is-sur-Tille<\/title>\n<meta name=\"robots\" content=\"index, follow, max-snippet:-1, max-image-preview:large, max-video-preview:-1\" \/>\n<link rel=\"canonical\" href=\"https:\/\/festival-ismotscroises.fr\/?page_id=161\" \/>\n<meta property=\"og:locale\" content=\"fr_FR\" \/>\n<meta property=\"og:type\" content=\"article\" \/>\n<meta property=\"og:title\" content=\"Tournoi des coll\u00e8ges - Le Festival des mots crois\u00e9s \u00e0 Is-sur-Tille\" \/>\n<meta property=\"og:description\" content=\"Tournoi des coll\u00e8ges 2007Le Tournoi des coll\u00e8ges a retrouv\u00e9 cette ann\u00e9e la galerie du coll\u00e8ge Paul-Fort \u00e0 Is-sur-Tille tandis que la salle municipale des Capucins, lieu habituel de la comp\u00e9tition, \u00e9tait occup\u00e9e par le Championnat francophone.Seize coll\u00e8ges \u00e9taient qualifi\u00e9s pour le Tournoi, le nombre le plus \u00e9lev\u00e9 depuis la cr\u00e9ation de cette comp\u00e9tition en 2001. [&hellip;]\" \/>\n<meta property=\"og:url\" content=\"https:\/\/festival-ismotscroises.fr\/?page_id=161\" \/>\n<meta property=\"og:site_name\" content=\"Le Festival des mots crois\u00e9s \u00e0 Is-sur-Tille\" \/>\n<meta property=\"article:modified_time\" content=\"2023-03-24T14:52:40+00:00\" \/>\n<meta property=\"og:image\" content=\"http:\/\/festival-ismotscroises.fr\/wp-content\/plugins\/easy-media-gallery-pro\/includes\/images\/trans.png\" \/>\n<meta name=\"twitter:card\" content=\"summary_large_image\" \/>\n<meta name=\"twitter:label1\" content=\"Dur\u00e9e de lecture estim\u00e9e\" \/>\n\t<meta name=\"twitter:data1\" content=\"3 minutes\" \/>\n<script type=\"application\/ld+json\" class=\"yoast-schema-graph\">{\"@context\":\"https:\/\/schema.org\",\"@graph\":[{\"@type\":\"WebPage\",\"@id\":\"https:\/\/festival-ismotscroises.fr\/?page_id=161\",\"url\":\"https:\/\/festival-ismotscroises.fr\/?page_id=161\",\"name\":\"Tournoi des coll\u00e8ges - Le Festival des mots crois\u00e9s \u00e0 Is-sur-Tille\",\"isPartOf\":{\"@id\":\"https:\/\/festival-ismotscroises.fr\/#website\"},\"primaryImageOfPage\":{\"@id\":\"https:\/\/festival-ismotscroises.fr\/?page_id=161#primaryimage\"},\"image\":{\"@id\":\"https:\/\/festival-ismotscroises.fr\/?page_id=161#primaryimage\"},\"thumbnailUrl\":\"http:\/\/festival-ismotscroises.fr\/wp-content\/plugins\/easy-media-gallery-pro\/includes\/images\/trans.png\",\"datePublished\":\"2015-06-18T18:19:03+00:00\",\"dateModified\":\"2023-03-24T14:52:40+00:00\",\"breadcrumb\":{\"@id\":\"https:\/\/festival-ismotscroises.fr\/?page_id=161#breadcrumb\"},\"inLanguage\":\"fr-FR\",\"potentialAction\":[{\"@type\":\"ReadAction\",\"target\":[\"https:\/\/festival-ismotscroises.fr\/?page_id=161\"]}]},{\"@type\":\"ImageObject\",\"inLanguage\":\"fr-FR\",\"@id\":\"https:\/\/festival-ismotscroises.fr\/?page_id=161#primaryimage\",\"url\":\"http:\/\/festival-ismotscroises.fr\/wp-content\/plugins\/easy-media-gallery-pro\/includes\/images\/trans.png\",\"contentUrl\":\"http:\/\/festival-ismotscroises.fr\/wp-content\/plugins\/easy-media-gallery-pro\/includes\/images\/trans.png\"},{\"@type\":\"BreadcrumbList\",\"@id\":\"https:\/\/festival-ismotscroises.fr\/?page_id=161#breadcrumb\",\"itemListElement\":[{\"@type\":\"ListItem\",\"position\":1,\"name\":\"Accueil\",\"item\":\"https:\/\/festival-ismotscroises.fr\/\"},{\"@type\":\"ListItem\",\"position\":2,\"name\":\"Tournoi des coll\u00e8ges\"}]},{\"@type\":\"WebSite\",\"@id\":\"https:\/\/festival-ismotscroises.fr\/#website\",\"url\":\"https:\/\/festival-ismotscroises.fr\/\",\"name\":\"Le Festival des mots crois\u00e9s \u00e0 Is-sur-Tille\",\"description\":\"La ville d&#039;Is-sur-Tille, en C\u00f4te-d&#039;Or, organise un festival annuel de mots crois\u00e9s depuis 1990..\",\"potentialAction\":[{\"@type\":\"SearchAction\",\"target\":{\"@type\":\"EntryPoint\",\"urlTemplate\":\"https:\/\/festival-ismotscroises.fr\/?s={search_term_string}\"},\"query-input\":\"required name=search_term_string\"}],\"inLanguage\":\"fr-FR\"}]}<\/script>\n<!-- \/ Yoast SEO plugin. -->","yoast_head_json":{"title":"Tournoi des coll\u00e8ges - Le Festival des mots crois\u00e9s \u00e0 Is-sur-Tille","robots":{"index":"index","follow":"follow","max-snippet":"max-snippet:-1","max-image-preview":"max-image-preview:large","max-video-preview":"max-video-preview:-1"},"canonical":"https:\/\/festival-ismotscroises.fr\/?page_id=161","og_locale":"fr_FR","og_type":"article","og_title":"Tournoi des coll\u00e8ges - Le Festival des mots crois\u00e9s \u00e0 Is-sur-Tille","og_description":"Tournoi des coll\u00e8ges 2007Le Tournoi des coll\u00e8ges a retrouv\u00e9 cette ann\u00e9e la galerie du coll\u00e8ge Paul-Fort \u00e0 Is-sur-Tille tandis que la salle municipale des Capucins, lieu habituel de la comp\u00e9tition, \u00e9tait occup\u00e9e par le Championnat francophone.Seize coll\u00e8ges \u00e9taient qualifi\u00e9s pour le Tournoi, le nombre le plus \u00e9lev\u00e9 depuis la cr\u00e9ation de cette comp\u00e9tition en 2001. [&hellip;]","og_url":"https:\/\/festival-ismotscroises.fr\/?page_id=161","og_site_name":"Le Festival des mots crois\u00e9s \u00e0 Is-sur-Tille","article_modified_time":"2023-03-24T14:52:40+00:00","og_image":[{"url":"http:\/\/festival-ismotscroises.fr\/wp-content\/plugins\/easy-media-gallery-pro\/includes\/images\/trans.png"}],"twitter_card":"summary_large_image","twitter_misc":{"Dur\u00e9e de lecture estim\u00e9e":"3 minutes"},"schema":{"@context":"https:\/\/schema.org","@graph":[{"@type":"WebPage","@id":"https:\/\/festival-ismotscroises.fr\/?page_id=161","url":"https:\/\/festival-ismotscroises.fr\/?page_id=161","name":"Tournoi des coll\u00e8ges - Le Festival des mots crois\u00e9s \u00e0 Is-sur-Tille","isPartOf":{"@id":"https:\/\/festival-ismotscroises.fr\/#website"},"primaryImageOfPage":{"@id":"https:\/\/festival-ismotscroises.fr\/?page_id=161#primaryimage"},"image":{"@id":"https:\/\/festival-ismotscroises.fr\/?page_id=161#primaryimage"},"thumbnailUrl":"http:\/\/festival-ismotscroises.fr\/wp-content\/plugins\/easy-media-gallery-pro\/includes\/images\/trans.png","datePublished":"2015-06-18T18:19:03+00:00","dateModified":"2023-03-24T14:52:40+00:00","breadcrumb":{"@id":"https:\/\/festival-ismotscroises.fr\/?page_id=161#breadcrumb"},"inLanguage":"fr-FR","potentialAction":[{"@type":"ReadAction","target":["https:\/\/festival-ismotscroises.fr\/?page_id=161"]}]},{"@type":"ImageObject","inLanguage":"fr-FR","@id":"https:\/\/festival-ismotscroises.fr\/?page_id=161#primaryimage","url":"http:\/\/festival-ismotscroises.fr\/wp-content\/plugins\/easy-media-gallery-pro\/includes\/images\/trans.png","contentUrl":"http:\/\/festival-ismotscroises.fr\/wp-content\/plugins\/easy-media-gallery-pro\/includes\/images\/trans.png"},{"@type":"BreadcrumbList","@id":"https:\/\/festival-ismotscroises.fr\/?page_id=161#breadcrumb","itemListElement":[{"@type":"ListItem","position":1,"name":"Accueil","item":"https:\/\/festival-ismotscroises.fr\/"},{"@type":"ListItem","position":2,"name":"Tournoi des coll\u00e8ges"}]},{"@type":"WebSite","@id":"https:\/\/festival-ismotscroises.fr\/#website","url":"https:\/\/festival-ismotscroises.fr\/","name":"Le Festival des mots crois\u00e9s \u00e0 Is-sur-Tille","description":"La ville d&#039;Is-sur-Tille, en C\u00f4te-d&#039;Or, organise un festival annuel de mots crois\u00e9s depuis 1990..","potentialAction":[{"@type":"SearchAction","target":{"@type":"EntryPoint","urlTemplate":"https:\/\/festival-ismotscroises.fr\/?s={search_term_string}"},"query-input":"required name=search_term_string"}],"inLanguage":"fr-FR"}]}},"_links":{"self":[{"href":"https:\/\/festival-ismotscroises.fr\/index.php?rest_route=\/wp\/v2\/pages\/161","targetHints":{"allow":["GET"]}}],"collection":[{"href":"https:\/\/festival-ismotscroises.fr\/index.php?rest_route=\/wp\/v2\/pages"}],"about":[{"href":"https:\/\/festival-ismotscroises.fr\/index.php?rest_route=\/wp\/v2\/types\/page"}],"author":[{"embeddable":true,"href":"https:\/\/festival-ismotscroises.fr\/index.php?rest_route=\/wp\/v2\/users\/2"}],"replies":[{"embeddable":true,"href":"https:\/\/festival-ismotscroises.fr\/index.php?rest_route=%2Fwp%2Fv2%2Fcomments&post=161"}],"version-history":[{"count":8,"href":"https:\/\/festival-ismotscroises.fr\/index.php?rest_route=\/wp\/v2\/pages\/161\/revisions"}],"predecessor-version":[{"id":1406,"href":"https:\/\/festival-ismotscroises.fr\/index.php?rest_route=\/wp\/v2\/pages\/161\/revisions\/1406"}],"wp:attachment":[{"href":"https:\/\/festival-ismotscroises.fr\/index.php?rest_route=%2Fwp%2Fv2%2Fmedia&parent=161"}],"curies":[{"name":"wp","href":"https:\/\/api.w.org\/{rel}","templated":true}]}}