{"id":155,"date":"2015-06-18T20:17:13","date_gmt":"2015-06-18T18:17:13","guid":{"rendered":"http:\/\/festival-ismotscroises.fr\/?page_id=155"},"modified":"2015-07-08T00:13:23","modified_gmt":"2015-07-07T22:13:23","slug":"tournoi-de-bourgogne-7","status":"publish","type":"page","link":"https:\/\/festival-ismotscroises.fr\/?page_id=155","title":{"rendered":"Tournoi de Bourgogne"},"content":{"rendered":"<div id=\"pl-155\"  class=\"panel-layout\" ><div id=\"pg-155-0\"  class=\"panel-grid panel-no-style\" ><div id=\"pgc-155-0-0\"  class=\"panel-grid-cell\" ><div id=\"panel-155-0-0-0\" class=\"so-panel widget panel-first-child panel-last-child\" data-index=\"0\" ><\/div><\/div><div id=\"pgc-155-0-1\"  class=\"panel-grid-cell\" ><div id=\"panel-155-0-1-0\" class=\"so-panel widget widget_black-studio-tinymce widget_black_studio_tinymce panel-first-child panel-last-child\" data-index=\"1\" ><div class=\"textwidget\"><h3><strong>Tournoi de Bourgogne 2008<\/strong><\/h3>\n<p>Cette ann\u00e9e, le Tournoi de Bourgogne s'est d\u00e9clin\u00e9 en deux formules, individuelle (tournoi solo) pour les huit joueurs les mieux class\u00e9s dans l'\u00e9preuve de qualification du matin, et en double (tournoi duo) pour les candidats class\u00e9s entre la 9e et la 40e place.\u00a0Jean-Claude Gouy arr\u00eate la finale\u00a0sur une grille sans faute et remporte\u00a0le titre de Champion de Bourgogne 2008.<\/p>\n<h4><strong>Palmar\u00e8s<\/strong><\/h4>\n<p><span style=\"color: #993300;\"><strong>Tournoi solo<\/strong><\/span><br \/>1 - GOUY Jean-Claude<br \/>2 - CATHENOD Fran\u00e7ois<br \/>3 - BONNIN Guy<br \/>4 - HARDOU\u00cfN Herv\u00e9<br \/><span style=\"color: #993300;\"><strong>Tournoi Duo<\/strong><\/span><br \/>1 - MONNET Bernard \/ ROCHEFORT Claude<br \/>2 - LECLERC Christian \/ COMMEAU Arlette<\/p>\n<\/div><\/div><\/div><\/div><div id=\"pg-155-1\"  class=\"panel-grid panel-no-style\" ><div id=\"pgc-155-1-0\"  class=\"panel-grid-cell\" ><div id=\"panel-155-1-0-0\" class=\"so-panel widget widget_black-studio-tinymce widget_black_studio_tinymce panel-first-child panel-last-child\" data-index=\"2\" ><div class=\"textwidget\"><p><img loading=\"lazy\" decoding=\"async\" class=\" size-full wp-image-1496 alignright\" src=\"http:\/\/festival-ismotscroises.fr\/wp-content\/uploads\/2015\/07\/ISMOTSCROISES-LOGO.png\" alt=\"ISMOTSCROISES-LOGO\" width=\"152\" height=\"150\" \/><\/p>\n<\/div><\/div><\/div><\/div><\/div>","protected":false},"excerpt":{"rendered":"<p>Tournoi de Bourgogne 2008Cette ann\u00e9e, le Tournoi de Bourgogne s&rsquo;est d\u00e9clin\u00e9 en deux formules, individuelle (tournoi solo) pour les huit joueurs les mieux class\u00e9s dans l&rsquo;\u00e9preuve de qualification du matin, et en double (tournoi duo) pour les candidats class\u00e9s entre la 9e et la 40e place.\u00a0Jean-Claude Gouy arr\u00eate la finale\u00a0sur une grille sans faute et [&hellip;]<\/p>\n","protected":false},"author":2,"featured_media":0,"parent":0,"menu_order":0,"comment_status":"closed","ping_status":"closed","template":"templates\/template-full-notitle.php","meta":{"_monsterinsights_skip_tracking":false,"_monsterinsights_sitenote_active":false,"_monsterinsights_sitenote_note":"","_monsterinsights_sitenote_category":0,"footnotes":""},"class_list":["post-155","page","type-page","status-publish","hentry","post"],"yoast_head":"<!-- This site is optimized with the Yoast SEO plugin v22.6 - https:\/\/yoast.com\/wordpress\/plugins\/seo\/ -->\n<title>Tournoi de Bourgogne - Le Festival des mots crois\u00e9s \u00e0 Is-sur-Tille<\/title>\n<meta name=\"robots\" content=\"index, follow, max-snippet:-1, max-image-preview:large, max-video-preview:-1\" \/>\n<link rel=\"canonical\" href=\"https:\/\/festival-ismotscroises.fr\/?page_id=155\" \/>\n<meta property=\"og:locale\" content=\"fr_FR\" \/>\n<meta property=\"og:type\" content=\"article\" \/>\n<meta property=\"og:title\" content=\"Tournoi de Bourgogne - Le Festival des mots crois\u00e9s \u00e0 Is-sur-Tille\" \/>\n<meta property=\"og:description\" content=\"Tournoi de Bourgogne 2008Cette ann\u00e9e, le Tournoi de Bourgogne s&#039;est d\u00e9clin\u00e9 en deux formules, individuelle (tournoi solo) pour les huit joueurs les mieux class\u00e9s dans l&#039;\u00e9preuve de qualification du matin, et en double (tournoi duo) pour les candidats class\u00e9s entre la 9e et la 40e place.\u00a0Jean-Claude Gouy arr\u00eate la finale\u00a0sur une grille sans faute et [&hellip;]\" \/>\n<meta property=\"og:url\" content=\"https:\/\/festival-ismotscroises.fr\/?page_id=155\" \/>\n<meta property=\"og:site_name\" content=\"Le Festival des mots crois\u00e9s \u00e0 Is-sur-Tille\" \/>\n<meta property=\"article:modified_time\" content=\"2015-07-07T22:13:23+00:00\" \/>\n<meta property=\"og:image\" content=\"http:\/\/festival-ismotscroises.fr\/wp-content\/plugins\/easy-media-gallery-pro\/includes\/images\/trans.png\" \/>\n<meta name=\"twitter:card\" content=\"summary_large_image\" \/>\n<meta name=\"twitter:label1\" content=\"Dur\u00e9e de lecture estim\u00e9e\" \/>\n\t<meta name=\"twitter:data1\" content=\"1 minute\" \/>\n<script type=\"application\/ld+json\" class=\"yoast-schema-graph\">{\"@context\":\"https:\/\/schema.org\",\"@graph\":[{\"@type\":\"WebPage\",\"@id\":\"https:\/\/festival-ismotscroises.fr\/?page_id=155\",\"url\":\"https:\/\/festival-ismotscroises.fr\/?page_id=155\",\"name\":\"Tournoi de Bourgogne - Le Festival des mots crois\u00e9s \u00e0 Is-sur-Tille\",\"isPartOf\":{\"@id\":\"https:\/\/festival-ismotscroises.fr\/#website\"},\"primaryImageOfPage\":{\"@id\":\"https:\/\/festival-ismotscroises.fr\/?page_id=155#primaryimage\"},\"image\":{\"@id\":\"https:\/\/festival-ismotscroises.fr\/?page_id=155#primaryimage\"},\"thumbnailUrl\":\"http:\/\/festival-ismotscroises.fr\/wp-content\/plugins\/easy-media-gallery-pro\/includes\/images\/trans.png\",\"datePublished\":\"2015-06-18T18:17:13+00:00\",\"dateModified\":\"2015-07-07T22:13:23+00:00\",\"breadcrumb\":{\"@id\":\"https:\/\/festival-ismotscroises.fr\/?page_id=155#breadcrumb\"},\"inLanguage\":\"fr-FR\",\"potentialAction\":[{\"@type\":\"ReadAction\",\"target\":[\"https:\/\/festival-ismotscroises.fr\/?page_id=155\"]}]},{\"@type\":\"ImageObject\",\"inLanguage\":\"fr-FR\",\"@id\":\"https:\/\/festival-ismotscroises.fr\/?page_id=155#primaryimage\",\"url\":\"http:\/\/festival-ismotscroises.fr\/wp-content\/plugins\/easy-media-gallery-pro\/includes\/images\/trans.png\",\"contentUrl\":\"http:\/\/festival-ismotscroises.fr\/wp-content\/plugins\/easy-media-gallery-pro\/includes\/images\/trans.png\"},{\"@type\":\"BreadcrumbList\",\"@id\":\"https:\/\/festival-ismotscroises.fr\/?page_id=155#breadcrumb\",\"itemListElement\":[{\"@type\":\"ListItem\",\"position\":1,\"name\":\"Accueil\",\"item\":\"https:\/\/festival-ismotscroises.fr\/\"},{\"@type\":\"ListItem\",\"position\":2,\"name\":\"Tournoi de Bourgogne\"}]},{\"@type\":\"WebSite\",\"@id\":\"https:\/\/festival-ismotscroises.fr\/#website\",\"url\":\"https:\/\/festival-ismotscroises.fr\/\",\"name\":\"Le Festival des mots crois\u00e9s \u00e0 Is-sur-Tille\",\"description\":\"La ville d&#039;Is-sur-Tille, en C\u00f4te-d&#039;Or, organise un festival annuel de mots crois\u00e9s depuis 1990..\",\"potentialAction\":[{\"@type\":\"SearchAction\",\"target\":{\"@type\":\"EntryPoint\",\"urlTemplate\":\"https:\/\/festival-ismotscroises.fr\/?s={search_term_string}\"},\"query-input\":\"required name=search_term_string\"}],\"inLanguage\":\"fr-FR\"}]}<\/script>\n<!-- \/ Yoast SEO plugin. -->","yoast_head_json":{"title":"Tournoi de Bourgogne - Le Festival des mots crois\u00e9s \u00e0 Is-sur-Tille","robots":{"index":"index","follow":"follow","max-snippet":"max-snippet:-1","max-image-preview":"max-image-preview:large","max-video-preview":"max-video-preview:-1"},"canonical":"https:\/\/festival-ismotscroises.fr\/?page_id=155","og_locale":"fr_FR","og_type":"article","og_title":"Tournoi de Bourgogne - Le Festival des mots crois\u00e9s \u00e0 Is-sur-Tille","og_description":"Tournoi de Bourgogne 2008Cette ann\u00e9e, le Tournoi de Bourgogne s'est d\u00e9clin\u00e9 en deux formules, individuelle (tournoi solo) pour les huit joueurs les mieux class\u00e9s dans l'\u00e9preuve de qualification du matin, et en double (tournoi duo) pour les candidats class\u00e9s entre la 9e et la 40e place.\u00a0Jean-Claude Gouy arr\u00eate la finale\u00a0sur une grille sans faute et [&hellip;]","og_url":"https:\/\/festival-ismotscroises.fr\/?page_id=155","og_site_name":"Le Festival des mots crois\u00e9s \u00e0 Is-sur-Tille","article_modified_time":"2015-07-07T22:13:23+00:00","og_image":[{"url":"http:\/\/festival-ismotscroises.fr\/wp-content\/plugins\/easy-media-gallery-pro\/includes\/images\/trans.png"}],"twitter_card":"summary_large_image","twitter_misc":{"Dur\u00e9e de lecture estim\u00e9e":"1 minute"},"schema":{"@context":"https:\/\/schema.org","@graph":[{"@type":"WebPage","@id":"https:\/\/festival-ismotscroises.fr\/?page_id=155","url":"https:\/\/festival-ismotscroises.fr\/?page_id=155","name":"Tournoi de Bourgogne - Le Festival des mots crois\u00e9s \u00e0 Is-sur-Tille","isPartOf":{"@id":"https:\/\/festival-ismotscroises.fr\/#website"},"primaryImageOfPage":{"@id":"https:\/\/festival-ismotscroises.fr\/?page_id=155#primaryimage"},"image":{"@id":"https:\/\/festival-ismotscroises.fr\/?page_id=155#primaryimage"},"thumbnailUrl":"http:\/\/festival-ismotscroises.fr\/wp-content\/plugins\/easy-media-gallery-pro\/includes\/images\/trans.png","datePublished":"2015-06-18T18:17:13+00:00","dateModified":"2015-07-07T22:13:23+00:00","breadcrumb":{"@id":"https:\/\/festival-ismotscroises.fr\/?page_id=155#breadcrumb"},"inLanguage":"fr-FR","potentialAction":[{"@type":"ReadAction","target":["https:\/\/festival-ismotscroises.fr\/?page_id=155"]}]},{"@type":"ImageObject","inLanguage":"fr-FR","@id":"https:\/\/festival-ismotscroises.fr\/?page_id=155#primaryimage","url":"http:\/\/festival-ismotscroises.fr\/wp-content\/plugins\/easy-media-gallery-pro\/includes\/images\/trans.png","contentUrl":"http:\/\/festival-ismotscroises.fr\/wp-content\/plugins\/easy-media-gallery-pro\/includes\/images\/trans.png"},{"@type":"BreadcrumbList","@id":"https:\/\/festival-ismotscroises.fr\/?page_id=155#breadcrumb","itemListElement":[{"@type":"ListItem","position":1,"name":"Accueil","item":"https:\/\/festival-ismotscroises.fr\/"},{"@type":"ListItem","position":2,"name":"Tournoi de Bourgogne"}]},{"@type":"WebSite","@id":"https:\/\/festival-ismotscroises.fr\/#website","url":"https:\/\/festival-ismotscroises.fr\/","name":"Le Festival des mots crois\u00e9s \u00e0 Is-sur-Tille","description":"La ville d&#039;Is-sur-Tille, en C\u00f4te-d&#039;Or, organise un festival annuel de mots crois\u00e9s depuis 1990..","potentialAction":[{"@type":"SearchAction","target":{"@type":"EntryPoint","urlTemplate":"https:\/\/festival-ismotscroises.fr\/?s={search_term_string}"},"query-input":"required name=search_term_string"}],"inLanguage":"fr-FR"}]}},"_links":{"self":[{"href":"https:\/\/festival-ismotscroises.fr\/index.php?rest_route=\/wp\/v2\/pages\/155","targetHints":{"allow":["GET"]}}],"collection":[{"href":"https:\/\/festival-ismotscroises.fr\/index.php?rest_route=\/wp\/v2\/pages"}],"about":[{"href":"https:\/\/festival-ismotscroises.fr\/index.php?rest_route=\/wp\/v2\/types\/page"}],"author":[{"embeddable":true,"href":"https:\/\/festival-ismotscroises.fr\/index.php?rest_route=\/wp\/v2\/users\/2"}],"replies":[{"embeddable":true,"href":"https:\/\/festival-ismotscroises.fr\/index.php?rest_route=%2Fwp%2Fv2%2Fcomments&post=155"}],"version-history":[{"count":6,"href":"https:\/\/festival-ismotscroises.fr\/index.php?rest_route=\/wp\/v2\/pages\/155\/revisions"}],"predecessor-version":[{"id":1524,"href":"https:\/\/festival-ismotscroises.fr\/index.php?rest_route=\/wp\/v2\/pages\/155\/revisions\/1524"}],"wp:attachment":[{"href":"https:\/\/festival-ismotscroises.fr\/index.php?rest_route=%2Fwp%2Fv2%2Fmedia&parent=155"}],"curies":[{"name":"wp","href":"https:\/\/api.w.org\/{rel}","templated":true}]}}