{"id":152,"date":"2015-06-18T20:16:23","date_gmt":"2015-06-18T18:16:23","guid":{"rendered":"http:\/\/festival-ismotscroises.fr\/?page_id=152"},"modified":"2023-03-24T15:52:48","modified_gmt":"2023-03-24T14:52:48","slug":"tournoi-des-colleges-9","status":"publish","type":"page","link":"https:\/\/festival-ismotscroises.fr\/?page_id=152","title":{"rendered":"Tournoi des coll\u00e8ges"},"content":{"rendered":"<div id=\"pl-152\"  class=\"panel-layout\" ><div id=\"pg-152-0\"  class=\"panel-grid panel-no-style\" ><div id=\"pgc-152-0-0\"  class=\"panel-grid-cell\" ><div id=\"panel-152-0-0-0\" class=\"so-panel widget panel-first-child panel-last-child\" data-index=\"0\" ><\/div><\/div><div id=\"pgc-152-0-1\"  class=\"panel-grid-cell\" ><div id=\"panel-152-0-1-0\" class=\"so-panel widget widget_black-studio-tinymce widget_black_studio_tinymce panel-first-child panel-last-child\" data-index=\"1\" ><div class=\"textwidget\"><h3 style=\"text-align: justify;\"><strong>Tournoi des coll\u00e8ges 2008<\/strong><\/h3>\n<p style=\"text-align: justify;\">Retour \u00e0 un r\u00e9sultat classique pour cette \u00e9dition du Tournoi, avec une victoire de Montchapet, qui emporte le titre pour la troisi\u00e8me fois. Les ann\u00e9es paires conviennent aux \u00e9l\u00e8ves du coll\u00e8ge dijonnais, au sommet du palmar\u00e8s d\u00e9j\u00e0 en 2004 et en 2006.<br \/>Ce samedi 17 mai 2008, la finale, tr\u00e8s ouverte, a mis aux prises les joueurs de Montchapet avec ceux du coll\u00e8ge Champ-Lumi\u00e8re de Selongey, tenant du titre. Les candidats selong\u00e9ens s'inclinent avec la mani\u00e8re, accusant un tr\u00e8s l\u00e9ger retard sur leurs concurrents, et une grille tr\u00e8s proche de la perfection. Il doit y avoir un microclimat favorable aux mots crois\u00e9s scolaires dans ce (vaillant) petit coll\u00e8ge, seul \u00e9tablissement avec Is-sur-Tille \u00e0 avoir particip\u00e9 \u00e0 toutes les \u00e9ditions du Tournoi depuis son origine, en 2001.<br \/>Treize coll\u00e8ges \u00e9taient qualifi\u00e9s pour le Tournoi, et les 32 candidats \u00e9taient pr\u00e9sents sur la grille de d\u00e9part. Le premier match de l'apr\u00e8s-midi a pu d\u00e9marrer sans retard.<br \/>Neuf parties ont \u00e9t\u00e9\u00a0 arr\u00eat\u00e9es en moins de 15 minutes \u00e0 l'initiative d'une \u00e9quipe. La d\u00e9cision \u00e9tait risqu\u00e9e, puisqu'il faut alors avoir r\u00e9alis\u00e9 un sans-faute pour remporter le match et gagner la qualification pour le tour suivant. Sept parties arr\u00eat\u00e9es ont ainsi \u00e9t\u00e9 gagn\u00e9es\u00a0; deux \u00e9quipes ont chut\u00e9 suite \u00e0 une\u00a0 erreur dans leur solution.<\/p>\n<h4 style=\"text-align: justify;\"><strong>Un troph\u00e9e original<\/strong><\/h4>\n<p style=\"text-align: justify;\">Pour la deuxi\u00e8me ann\u00e9e cons\u00e9cutive, le coll\u00e8ge vainqueur a re\u00e7u, outre le traditionnel ordinateur, une plaque \u00e9maill\u00e9e r\u00e9alis\u00e9e dans un atelier d'Is-sur-Tille, pi\u00e8ce unique portant l'image de l'affichette de l'ann\u00e9e. Tous les \u00e9l\u00e8ves participants ont \u00e9t\u00e9 r\u00e9compens\u00e9s individuellement.<\/p>\n<h4><strong>Palmar\u00e8s<\/strong><\/h4>\n<p>(Dans le cas d'une \u00e9limination avant les demi-finales, les \u00e9quipes sont class\u00e9es selon les r\u00e9sultats obtenus lors de l'\u00e9preuve de qualification).<br \/>1 Coll\u00e8ge Montchapet\u00a0 (DIJON)<br \/>2 Coll\u00e8ge Champ-Lumi\u00e8re\u00a0 (SELONGEY)<br \/>3 Coll\u00e8ge Paul-Fort (IS-SUR-TILLE) \u00a0 <br \/>4 Coll\u00e8ge Isle-de-Sa\u00f4ne (PONTAILLER)<br \/>5 Coll\u00e8ge Clos-de-Pouilly (DIJON)\u00a0 <br \/>6 Coll\u00e8ge Roland-Dorgel\u00e8s (LONGVIC)<br \/>7 Coll\u00e8ge Clos-de-Pouilly (DIJON)<br \/>8 Coll\u00e8ge Jacques-Mercusot (SOMBERNON)<br \/>Les \u00e9quipes \u00e9limin\u00e9es en huiti\u00e8mes de finales sont class\u00e9es selon les r\u00e9sultats obtenus lors de l'\u00e9preuve de qualification\u00a0:<br \/>9 Coll\u00e8ge \u00c9mile-Lepitre (LAIGNES)<br \/>10 Coll\u00e8ge Montchapet (DIJON)<br \/>11 Coll\u00e8ge Jacques-Mercusot (SOMBERNON)<br \/>12 Coll\u00e8ge Gaston-Roupnel (DIJON)<br \/>13 Coll\u00e8ge La Champagne (GEVREY-CHAMBERTIN)<br \/>14 Coll\u00e8ge Louis-Pasteur (MONTBARD) <br \/>15 Coll\u00e8ge Lazare-Carnot (NOLAY)<br \/>16 Coll\u00e8ge Les Lentill\u00e8res (DIJON)<\/p>\n<\/div><\/div><\/div><\/div><div id=\"pg-152-1\"  class=\"panel-grid panel-no-style\" ><div id=\"pgc-152-1-0\"  class=\"panel-grid-cell\" ><div id=\"panel-152-1-0-0\" class=\"so-panel widget widget_black-studio-tinymce widget_black_studio_tinymce panel-first-child panel-last-child\" data-index=\"2\" ><div class=\"textwidget\"><p><img loading=\"lazy\" decoding=\"async\" class=\" size-medium wp-image-742 aligncenter\" src=\"http:\/\/festival-ismotscroises.fr\/wp-content\/uploads\/2015\/06\/MASCOTTE-300x264.png\" alt=\"MASCOTTE\" width=\"300\" height=\"264\" srcset=\"https:\/\/festival-ismotscroises.fr\/wp-content\/uploads\/2015\/06\/MASCOTTE-300x264.png 300w, https:\/\/festival-ismotscroises.fr\/wp-content\/uploads\/2015\/06\/MASCOTTE.png 535w\" sizes=\"auto, (max-width: 300px) 100vw, 300px\" \/><\/p>\n<\/div><\/div><\/div><\/div><\/div>","protected":false},"excerpt":{"rendered":"<p>Tournoi des coll\u00e8ges 2008Retour \u00e0 un r\u00e9sultat classique pour cette \u00e9dition du Tournoi, avec une victoire de Montchapet, qui emporte le titre pour la troisi\u00e8me fois. Les ann\u00e9es paires conviennent aux \u00e9l\u00e8ves du coll\u00e8ge dijonnais, au sommet du palmar\u00e8s d\u00e9j\u00e0 en 2004 et en 2006.Ce samedi 17 mai 2008, la finale, tr\u00e8s ouverte, a mis [&hellip;]<\/p>\n","protected":false},"author":2,"featured_media":0,"parent":0,"menu_order":0,"comment_status":"closed","ping_status":"closed","template":"templates\/template-full-notitle.php","meta":{"_monsterinsights_skip_tracking":false,"_monsterinsights_sitenote_active":false,"_monsterinsights_sitenote_note":"","_monsterinsights_sitenote_category":0,"footnotes":""},"class_list":["post-152","page","type-page","status-publish","hentry","post"],"yoast_head":"<!-- This site is optimized with the Yoast SEO plugin v22.6 - https:\/\/yoast.com\/wordpress\/plugins\/seo\/ -->\n<title>Tournoi des coll\u00e8ges - Le Festival des mots crois\u00e9s \u00e0 Is-sur-Tille<\/title>\n<meta name=\"robots\" content=\"index, follow, max-snippet:-1, max-image-preview:large, max-video-preview:-1\" \/>\n<link rel=\"canonical\" href=\"https:\/\/festival-ismotscroises.fr\/?page_id=152\" \/>\n<meta property=\"og:locale\" content=\"fr_FR\" \/>\n<meta property=\"og:type\" content=\"article\" \/>\n<meta property=\"og:title\" content=\"Tournoi des coll\u00e8ges - Le Festival des mots crois\u00e9s \u00e0 Is-sur-Tille\" \/>\n<meta property=\"og:description\" content=\"Tournoi des coll\u00e8ges 2008Retour \u00e0 un r\u00e9sultat classique pour cette \u00e9dition du Tournoi, avec une victoire de Montchapet, qui emporte le titre pour la troisi\u00e8me fois. Les ann\u00e9es paires conviennent aux \u00e9l\u00e8ves du coll\u00e8ge dijonnais, au sommet du palmar\u00e8s d\u00e9j\u00e0 en 2004 et en 2006.Ce samedi 17 mai 2008, la finale, tr\u00e8s ouverte, a mis [&hellip;]\" \/>\n<meta property=\"og:url\" content=\"https:\/\/festival-ismotscroises.fr\/?page_id=152\" \/>\n<meta property=\"og:site_name\" content=\"Le Festival des mots crois\u00e9s \u00e0 Is-sur-Tille\" \/>\n<meta property=\"article:modified_time\" content=\"2023-03-24T14:52:48+00:00\" \/>\n<meta property=\"og:image\" content=\"http:\/\/festival-ismotscroises.fr\/wp-content\/plugins\/easy-media-gallery-pro\/includes\/images\/trans.png\" \/>\n<meta name=\"twitter:card\" content=\"summary_large_image\" \/>\n<meta name=\"twitter:label1\" content=\"Dur\u00e9e de lecture estim\u00e9e\" \/>\n\t<meta name=\"twitter:data1\" content=\"2 minutes\" \/>\n<script type=\"application\/ld+json\" class=\"yoast-schema-graph\">{\"@context\":\"https:\/\/schema.org\",\"@graph\":[{\"@type\":\"WebPage\",\"@id\":\"https:\/\/festival-ismotscroises.fr\/?page_id=152\",\"url\":\"https:\/\/festival-ismotscroises.fr\/?page_id=152\",\"name\":\"Tournoi des coll\u00e8ges - Le Festival des mots crois\u00e9s \u00e0 Is-sur-Tille\",\"isPartOf\":{\"@id\":\"https:\/\/festival-ismotscroises.fr\/#website\"},\"primaryImageOfPage\":{\"@id\":\"https:\/\/festival-ismotscroises.fr\/?page_id=152#primaryimage\"},\"image\":{\"@id\":\"https:\/\/festival-ismotscroises.fr\/?page_id=152#primaryimage\"},\"thumbnailUrl\":\"http:\/\/festival-ismotscroises.fr\/wp-content\/plugins\/easy-media-gallery-pro\/includes\/images\/trans.png\",\"datePublished\":\"2015-06-18T18:16:23+00:00\",\"dateModified\":\"2023-03-24T14:52:48+00:00\",\"breadcrumb\":{\"@id\":\"https:\/\/festival-ismotscroises.fr\/?page_id=152#breadcrumb\"},\"inLanguage\":\"fr-FR\",\"potentialAction\":[{\"@type\":\"ReadAction\",\"target\":[\"https:\/\/festival-ismotscroises.fr\/?page_id=152\"]}]},{\"@type\":\"ImageObject\",\"inLanguage\":\"fr-FR\",\"@id\":\"https:\/\/festival-ismotscroises.fr\/?page_id=152#primaryimage\",\"url\":\"http:\/\/festival-ismotscroises.fr\/wp-content\/plugins\/easy-media-gallery-pro\/includes\/images\/trans.png\",\"contentUrl\":\"http:\/\/festival-ismotscroises.fr\/wp-content\/plugins\/easy-media-gallery-pro\/includes\/images\/trans.png\"},{\"@type\":\"BreadcrumbList\",\"@id\":\"https:\/\/festival-ismotscroises.fr\/?page_id=152#breadcrumb\",\"itemListElement\":[{\"@type\":\"ListItem\",\"position\":1,\"name\":\"Accueil\",\"item\":\"https:\/\/festival-ismotscroises.fr\/\"},{\"@type\":\"ListItem\",\"position\":2,\"name\":\"Tournoi des coll\u00e8ges\"}]},{\"@type\":\"WebSite\",\"@id\":\"https:\/\/festival-ismotscroises.fr\/#website\",\"url\":\"https:\/\/festival-ismotscroises.fr\/\",\"name\":\"Le Festival des mots crois\u00e9s \u00e0 Is-sur-Tille\",\"description\":\"La ville d&#039;Is-sur-Tille, en C\u00f4te-d&#039;Or, organise un festival annuel de mots crois\u00e9s depuis 1990..\",\"potentialAction\":[{\"@type\":\"SearchAction\",\"target\":{\"@type\":\"EntryPoint\",\"urlTemplate\":\"https:\/\/festival-ismotscroises.fr\/?s={search_term_string}\"},\"query-input\":\"required name=search_term_string\"}],\"inLanguage\":\"fr-FR\"}]}<\/script>\n<!-- \/ Yoast SEO plugin. -->","yoast_head_json":{"title":"Tournoi des coll\u00e8ges - Le Festival des mots crois\u00e9s \u00e0 Is-sur-Tille","robots":{"index":"index","follow":"follow","max-snippet":"max-snippet:-1","max-image-preview":"max-image-preview:large","max-video-preview":"max-video-preview:-1"},"canonical":"https:\/\/festival-ismotscroises.fr\/?page_id=152","og_locale":"fr_FR","og_type":"article","og_title":"Tournoi des coll\u00e8ges - Le Festival des mots crois\u00e9s \u00e0 Is-sur-Tille","og_description":"Tournoi des coll\u00e8ges 2008Retour \u00e0 un r\u00e9sultat classique pour cette \u00e9dition du Tournoi, avec une victoire de Montchapet, qui emporte le titre pour la troisi\u00e8me fois. Les ann\u00e9es paires conviennent aux \u00e9l\u00e8ves du coll\u00e8ge dijonnais, au sommet du palmar\u00e8s d\u00e9j\u00e0 en 2004 et en 2006.Ce samedi 17 mai 2008, la finale, tr\u00e8s ouverte, a mis [&hellip;]","og_url":"https:\/\/festival-ismotscroises.fr\/?page_id=152","og_site_name":"Le Festival des mots crois\u00e9s \u00e0 Is-sur-Tille","article_modified_time":"2023-03-24T14:52:48+00:00","og_image":[{"url":"http:\/\/festival-ismotscroises.fr\/wp-content\/plugins\/easy-media-gallery-pro\/includes\/images\/trans.png"}],"twitter_card":"summary_large_image","twitter_misc":{"Dur\u00e9e de lecture estim\u00e9e":"2 minutes"},"schema":{"@context":"https:\/\/schema.org","@graph":[{"@type":"WebPage","@id":"https:\/\/festival-ismotscroises.fr\/?page_id=152","url":"https:\/\/festival-ismotscroises.fr\/?page_id=152","name":"Tournoi des coll\u00e8ges - Le Festival des mots crois\u00e9s \u00e0 Is-sur-Tille","isPartOf":{"@id":"https:\/\/festival-ismotscroises.fr\/#website"},"primaryImageOfPage":{"@id":"https:\/\/festival-ismotscroises.fr\/?page_id=152#primaryimage"},"image":{"@id":"https:\/\/festival-ismotscroises.fr\/?page_id=152#primaryimage"},"thumbnailUrl":"http:\/\/festival-ismotscroises.fr\/wp-content\/plugins\/easy-media-gallery-pro\/includes\/images\/trans.png","datePublished":"2015-06-18T18:16:23+00:00","dateModified":"2023-03-24T14:52:48+00:00","breadcrumb":{"@id":"https:\/\/festival-ismotscroises.fr\/?page_id=152#breadcrumb"},"inLanguage":"fr-FR","potentialAction":[{"@type":"ReadAction","target":["https:\/\/festival-ismotscroises.fr\/?page_id=152"]}]},{"@type":"ImageObject","inLanguage":"fr-FR","@id":"https:\/\/festival-ismotscroises.fr\/?page_id=152#primaryimage","url":"http:\/\/festival-ismotscroises.fr\/wp-content\/plugins\/easy-media-gallery-pro\/includes\/images\/trans.png","contentUrl":"http:\/\/festival-ismotscroises.fr\/wp-content\/plugins\/easy-media-gallery-pro\/includes\/images\/trans.png"},{"@type":"BreadcrumbList","@id":"https:\/\/festival-ismotscroises.fr\/?page_id=152#breadcrumb","itemListElement":[{"@type":"ListItem","position":1,"name":"Accueil","item":"https:\/\/festival-ismotscroises.fr\/"},{"@type":"ListItem","position":2,"name":"Tournoi des coll\u00e8ges"}]},{"@type":"WebSite","@id":"https:\/\/festival-ismotscroises.fr\/#website","url":"https:\/\/festival-ismotscroises.fr\/","name":"Le Festival des mots crois\u00e9s \u00e0 Is-sur-Tille","description":"La ville d&#039;Is-sur-Tille, en C\u00f4te-d&#039;Or, organise un festival annuel de mots crois\u00e9s depuis 1990..","potentialAction":[{"@type":"SearchAction","target":{"@type":"EntryPoint","urlTemplate":"https:\/\/festival-ismotscroises.fr\/?s={search_term_string}"},"query-input":"required name=search_term_string"}],"inLanguage":"fr-FR"}]}},"_links":{"self":[{"href":"https:\/\/festival-ismotscroises.fr\/index.php?rest_route=\/wp\/v2\/pages\/152","targetHints":{"allow":["GET"]}}],"collection":[{"href":"https:\/\/festival-ismotscroises.fr\/index.php?rest_route=\/wp\/v2\/pages"}],"about":[{"href":"https:\/\/festival-ismotscroises.fr\/index.php?rest_route=\/wp\/v2\/types\/page"}],"author":[{"embeddable":true,"href":"https:\/\/festival-ismotscroises.fr\/index.php?rest_route=\/wp\/v2\/users\/2"}],"replies":[{"embeddable":true,"href":"https:\/\/festival-ismotscroises.fr\/index.php?rest_route=%2Fwp%2Fv2%2Fcomments&post=152"}],"version-history":[{"count":6,"href":"https:\/\/festival-ismotscroises.fr\/index.php?rest_route=\/wp\/v2\/pages\/152\/revisions"}],"predecessor-version":[{"id":1404,"href":"https:\/\/festival-ismotscroises.fr\/index.php?rest_route=\/wp\/v2\/pages\/152\/revisions\/1404"}],"wp:attachment":[{"href":"https:\/\/festival-ismotscroises.fr\/index.php?rest_route=%2Fwp%2Fv2%2Fmedia&parent=152"}],"curies":[{"name":"wp","href":"https:\/\/api.w.org\/{rel}","templated":true}]}}