{"id":143,"date":"2015-06-18T20:13:04","date_gmt":"2015-06-18T18:13:04","guid":{"rendered":"http:\/\/festival-ismotscroises.fr\/?page_id=143"},"modified":"2023-03-24T15:52:56","modified_gmt":"2023-03-24T14:52:56","slug":"tournoi-des-colleges-8","status":"publish","type":"page","link":"https:\/\/festival-ismotscroises.fr\/?page_id=143","title":{"rendered":"Tournoi des coll\u00e8ges"},"content":{"rendered":"<div id=\"pl-143\"  class=\"panel-layout\" ><div id=\"pg-143-0\"  class=\"panel-grid panel-no-style\" ><div id=\"pgc-143-0-0\"  class=\"panel-grid-cell\" ><div id=\"panel-143-0-0-0\" class=\"so-panel widget panel-first-child panel-last-child\" data-index=\"0\" ><\/div><\/div><div id=\"pgc-143-0-1\"  class=\"panel-grid-cell\" ><div id=\"panel-143-0-1-0\" class=\"so-panel widget widget_black-studio-tinymce widget_black_studio_tinymce panel-first-child panel-last-child\" data-index=\"1\" ><div class=\"textwidget\"><h3 style=\"text-align: justify;\"><strong>Tournoi des coll\u00e8ges 2009<\/strong><\/h3>\n<p style=\"text-align: justify;\">Le coll\u00e8ge de Montchapet s'impose une nouvelle fois, ce samedi 16 mai 2009, et pour la deuxi\u00e8me ann\u00e9e cons\u00e9cutive. Seul, le coll\u00e8ge d'Is-sur-Tille avait r\u00e9ussi \u00e0 conserver le titre deux ann\u00e9es de suite, mais c'\u00e9tait au tout d\u00e9but du Tournoi, en 2001 et 2002, et il n'y avait que... trois coll\u00e8ges participants (deux la premi\u00e8re ann\u00e9e).<br \/>En 2009, le d\u00e9fi \u00e0 relever \u00e9tait tout autre. Seize coll\u00e8ges avaient envoy\u00e9 leurs champions r\u00e9partis dans un nombre d'\u00e9quipes allant de une \u00e0 quatre, selon les r\u00e9sultats obtenus lors de l'\u00e9preuve de qualifcation du 17 mars.<br \/>L'autre difficult\u00e9 \u00e9tait r\u00e9serv\u00e9e aux organisateurs. Le Tournoi passait cette ann\u00e9e \u00e0 32 \u00e9quipes de candidats, contre 16 jusqu'en 2008. La comp\u00e9tition d\u00e9marrait aux seizi\u00e8mes de finale, ce qui a \u00e9t\u00e9 rendu possible par le doublement du nombre de terrains, pass\u00e9 \u00e0 huit, contre 4 pr\u00e9c\u00e9demment.<br \/>Dix-sept parties sur vingt-quatre ont \u00e9t\u00e9 arr\u00eat\u00e9es avant la fin par des joueurs s\u00fbrs de leurs r\u00e9ponses. Cette proportion \u00e9lev\u00e9e montre cette ann\u00e9e encore que les d\u00e9finitions propos\u00e9es aux candidats de 5e correspondent bien \u00e0 leurs connaissances et \u00e0 leur culture g\u00e9n\u00e9rale.<\/p>\n<h4 style=\"text-align: justify;\"><strong>Un troph\u00e9e renouvel\u00e9<\/strong><\/h4>\n<p style=\"text-align: justify;\">Cette ann\u00e9e, l'association Is mots crois\u00e9s a rompu avec la tradition qui consistait \u00e0 offrir un ordinateur au coll\u00e8ge vainqueur. Les PC se sont consid\u00e9rablement banalis\u00e9s et la machine offerte en premier prix disparaissait rapidement dans l'anonymat d'un r\u00e9seau au sein de l'\u00e9tablissement...\u00a0 Il est apparu pr\u00e9f\u00e9rable d'offrir un bon d'achat de 800\u20ac au CDI du coll\u00e8ge, lui permettant d'acqu\u00e9rir les livres et autres supports culturels selon ses besoins.<br \/>Une plaque \u00e9maill\u00e9e de l'affiche 2009 du Tournoi a compl\u00e9t\u00e9 le premier prix. Cette pi\u00e8ce unique a \u00e9t\u00e9 fabriqu\u00e9e \u00e0 Is-sur-Tille par les Editions Clouet, \u00e0 partir d'un visuel original de l'atelier graphique Trait de Caract\u00e8re, de Selongey.<br \/>Les 64 \u00e9l\u00e8ves qui ont particip\u00e9 au Tournoi ont \u00e9t\u00e9 r\u00e9compens\u00e9s individuellement.<\/p>\n<h4><strong>Palmar\u00e8s<br \/><\/strong><\/h4>\n<p>(Dans le cas d'une \u00e9limination avant les demi-finales, les \u00e9quipes sont class\u00e9es selon les r\u00e9sultats obtenus lors de l'\u00e9preuve de qualification).<\/p>\n<p>1 Coll\u00e8ge Montchapet\u00a0 (DIJON)<br \/>2 Coll\u00e8ge Roland-Dorgel\u00e8s (LONGVIC)<br \/>3 Coll\u00e8ge La Champagne (GEVREY-CHAMBERTIN)<br \/>4 Coll\u00e8ge Montchapet, 2e \u00e9quipe (DIJON)<br \/>5 Coll\u00e8ge Jacques-Mercusot (SOMBERNON)<br \/>6 Coll\u00e8ge Clos-de-Pouilly (DIJON)<br \/>7 Coll\u00e8ge La Champagne, 2e \u00e9quipe (GEVREY-CHAMBERTIN)<br \/>8 Coll\u00e8ge Gaston-Roupnel (DIJON)<br \/>9 Coll\u00e8ge Marcelle-Pard\u00e9 (DIJON)<br \/>10 Coll\u00e8ge Jacques-Mercusot, 2e \u00e9quipe (SOMBERNON)<br \/>11 Coll\u00e8ge Paul-Fort (IS-SUR-TILLE)<br \/>12 Coll\u00e8ge Marcelle-Pard\u00e9, 2e \u00e9quipe (DIJON)<br \/>13 Coll\u00e8ge Roland-Dorgel\u00e8s, 2e \u00e9quipe (LONGVIC)<br \/>14 Coll\u00e8ge Montchapet, 3e \u00e9quipe (DIJON)<br \/>15 Coll\u00e8ge Paul-Fort, 2e \u00e9quipe (IS-SUR-TILLE)<br \/>16 Coll\u00e8ge \u00c9mile-Lepitre (LAIGNES)<br \/>Les \u00e9quipes \u00e9limin\u00e9es en seizi\u00e8mes de finale sont class\u00e9es selon les r\u00e9sultats obtenus lors de l'\u00e9preuve de qualification\u00a0:<br \/>17 Coll\u00e8ge Gaston-Roupnel, 2e \u00e9quipe (DIJON)<br \/>18 Coll\u00e8ge Marcelle-Pard\u00e9, 3e \u00e9quipe (DIJON)<br \/>19 Coll\u00e8ge Les Lentill\u00e8res (DIJON)<br \/>20 Coll\u00e8ge Les Franchis\u00e9s (LANGRES)<br \/>21 Coll\u00e8ge Roland-Dorgel\u00e8s, 3e \u00e9quipe (LONGVIC)<br \/>22 Coll\u00e8ge Champ-Lumi\u00e8re\u00a0 (SELONGEY)<br \/>23 Coll\u00e8ge Gaston-Roupnel, 3e \u00e9quipe (DIJON)<br \/>24 Coll\u00e8ge Clos-de-Pouilly, 2e \u00e9quipe (DIJON)<br \/>25 Coll\u00e8ge Jean-Jaur\u00e8s (DAMPARIS)<br \/>26 Coll\u00e8ge Les Lentill\u00e8res, 2e \u00e9quipe (DIJON)<br \/>27 Coll\u00e8ge Paul-Fort, 3e \u00e9quipe (IS-SUR-TILLE)<br \/>28 Coll\u00e8ge Jacques-Mercusot, 3e \u00e9quipe (SOMBERNON)<br \/>29 Coll\u00e8ge Louis-Pasteur (MONTBARD)<br \/>30 Coll\u00e8ge Gaston-Roupnel, 4e \u00e9quipe (DIJON)<br \/>31 Coll\u00e8ge Lazare-Carnot (NOLAY)<br \/>32 Coll\u00e8ge Henri-Berger (FONTAINE-FRAN\u00c7AISE)<\/p>\n<\/div><\/div><\/div><\/div><div id=\"pg-143-1\"  class=\"panel-grid panel-no-style\" ><div id=\"pgc-143-1-0\"  class=\"panel-grid-cell\" ><div id=\"panel-143-1-0-0\" class=\"so-panel widget widget_black-studio-tinymce widget_black_studio_tinymce panel-first-child panel-last-child\" data-index=\"2\" ><div class=\"textwidget\"><p><img loading=\"lazy\" decoding=\"async\" class=\" size-medium wp-image-742 aligncenter\" src=\"http:\/\/festival-ismotscroises.fr\/wp-content\/uploads\/2015\/06\/MASCOTTE-300x264.png\" alt=\"MASCOTTE\" width=\"300\" height=\"264\" srcset=\"https:\/\/festival-ismotscroises.fr\/wp-content\/uploads\/2015\/06\/MASCOTTE-300x264.png 300w, https:\/\/festival-ismotscroises.fr\/wp-content\/uploads\/2015\/06\/MASCOTTE.png 535w\" sizes=\"auto, (max-width: 300px) 100vw, 300px\" \/><\/p>\n<\/div><\/div><\/div><\/div><\/div>","protected":false},"excerpt":{"rendered":"<p>Tournoi des coll\u00e8ges 2009Le coll\u00e8ge de Montchapet s&rsquo;impose une nouvelle fois, ce samedi 16 mai 2009, et pour la deuxi\u00e8me ann\u00e9e cons\u00e9cutive. Seul, le coll\u00e8ge d&rsquo;Is-sur-Tille avait r\u00e9ussi \u00e0 conserver le titre deux ann\u00e9es de suite, mais c&rsquo;\u00e9tait au tout d\u00e9but du Tournoi, en 2001 et 2002, et il n&rsquo;y avait que&#8230; trois coll\u00e8ges participants [&hellip;]<\/p>\n","protected":false},"author":2,"featured_media":0,"parent":0,"menu_order":0,"comment_status":"closed","ping_status":"closed","template":"templates\/template-full-notitle.php","meta":{"_monsterinsights_skip_tracking":false,"_monsterinsights_sitenote_active":false,"_monsterinsights_sitenote_note":"","_monsterinsights_sitenote_category":0,"footnotes":""},"class_list":["post-143","page","type-page","status-publish","hentry","post"],"yoast_head":"<!-- This site is optimized with the Yoast SEO plugin v22.6 - https:\/\/yoast.com\/wordpress\/plugins\/seo\/ -->\n<title>Tournoi des coll\u00e8ges - Le Festival des mots crois\u00e9s \u00e0 Is-sur-Tille<\/title>\n<meta name=\"robots\" content=\"index, follow, max-snippet:-1, max-image-preview:large, max-video-preview:-1\" \/>\n<link rel=\"canonical\" href=\"https:\/\/festival-ismotscroises.fr\/?page_id=143\" \/>\n<meta property=\"og:locale\" content=\"fr_FR\" \/>\n<meta property=\"og:type\" content=\"article\" \/>\n<meta property=\"og:title\" content=\"Tournoi des coll\u00e8ges - Le Festival des mots crois\u00e9s \u00e0 Is-sur-Tille\" \/>\n<meta property=\"og:description\" content=\"Tournoi des coll\u00e8ges 2009Le coll\u00e8ge de Montchapet s&#039;impose une nouvelle fois, ce samedi 16 mai 2009, et pour la deuxi\u00e8me ann\u00e9e cons\u00e9cutive. Seul, le coll\u00e8ge d&#039;Is-sur-Tille avait r\u00e9ussi \u00e0 conserver le titre deux ann\u00e9es de suite, mais c&#039;\u00e9tait au tout d\u00e9but du Tournoi, en 2001 et 2002, et il n&#039;y avait que... trois coll\u00e8ges participants [&hellip;]\" \/>\n<meta property=\"og:url\" content=\"https:\/\/festival-ismotscroises.fr\/?page_id=143\" \/>\n<meta property=\"og:site_name\" content=\"Le Festival des mots crois\u00e9s \u00e0 Is-sur-Tille\" \/>\n<meta property=\"article:modified_time\" content=\"2023-03-24T14:52:56+00:00\" \/>\n<meta property=\"og:image\" content=\"http:\/\/festival-ismotscroises.fr\/wp-content\/plugins\/easy-media-gallery-pro\/includes\/images\/trans.png\" \/>\n<meta name=\"twitter:card\" content=\"summary_large_image\" \/>\n<meta name=\"twitter:label1\" content=\"Dur\u00e9e de lecture estim\u00e9e\" \/>\n\t<meta name=\"twitter:data1\" content=\"3 minutes\" \/>\n<script type=\"application\/ld+json\" class=\"yoast-schema-graph\">{\"@context\":\"https:\/\/schema.org\",\"@graph\":[{\"@type\":\"WebPage\",\"@id\":\"https:\/\/festival-ismotscroises.fr\/?page_id=143\",\"url\":\"https:\/\/festival-ismotscroises.fr\/?page_id=143\",\"name\":\"Tournoi des coll\u00e8ges - Le Festival des mots crois\u00e9s \u00e0 Is-sur-Tille\",\"isPartOf\":{\"@id\":\"https:\/\/festival-ismotscroises.fr\/#website\"},\"primaryImageOfPage\":{\"@id\":\"https:\/\/festival-ismotscroises.fr\/?page_id=143#primaryimage\"},\"image\":{\"@id\":\"https:\/\/festival-ismotscroises.fr\/?page_id=143#primaryimage\"},\"thumbnailUrl\":\"http:\/\/festival-ismotscroises.fr\/wp-content\/plugins\/easy-media-gallery-pro\/includes\/images\/trans.png\",\"datePublished\":\"2015-06-18T18:13:04+00:00\",\"dateModified\":\"2023-03-24T14:52:56+00:00\",\"breadcrumb\":{\"@id\":\"https:\/\/festival-ismotscroises.fr\/?page_id=143#breadcrumb\"},\"inLanguage\":\"fr-FR\",\"potentialAction\":[{\"@type\":\"ReadAction\",\"target\":[\"https:\/\/festival-ismotscroises.fr\/?page_id=143\"]}]},{\"@type\":\"ImageObject\",\"inLanguage\":\"fr-FR\",\"@id\":\"https:\/\/festival-ismotscroises.fr\/?page_id=143#primaryimage\",\"url\":\"http:\/\/festival-ismotscroises.fr\/wp-content\/plugins\/easy-media-gallery-pro\/includes\/images\/trans.png\",\"contentUrl\":\"http:\/\/festival-ismotscroises.fr\/wp-content\/plugins\/easy-media-gallery-pro\/includes\/images\/trans.png\"},{\"@type\":\"BreadcrumbList\",\"@id\":\"https:\/\/festival-ismotscroises.fr\/?page_id=143#breadcrumb\",\"itemListElement\":[{\"@type\":\"ListItem\",\"position\":1,\"name\":\"Accueil\",\"item\":\"https:\/\/festival-ismotscroises.fr\/\"},{\"@type\":\"ListItem\",\"position\":2,\"name\":\"Tournoi des coll\u00e8ges\"}]},{\"@type\":\"WebSite\",\"@id\":\"https:\/\/festival-ismotscroises.fr\/#website\",\"url\":\"https:\/\/festival-ismotscroises.fr\/\",\"name\":\"Le Festival des mots crois\u00e9s \u00e0 Is-sur-Tille\",\"description\":\"La ville d&#039;Is-sur-Tille, en C\u00f4te-d&#039;Or, organise un festival annuel de mots crois\u00e9s depuis 1990..\",\"potentialAction\":[{\"@type\":\"SearchAction\",\"target\":{\"@type\":\"EntryPoint\",\"urlTemplate\":\"https:\/\/festival-ismotscroises.fr\/?s={search_term_string}\"},\"query-input\":\"required name=search_term_string\"}],\"inLanguage\":\"fr-FR\"}]}<\/script>\n<!-- \/ Yoast SEO plugin. -->","yoast_head_json":{"title":"Tournoi des coll\u00e8ges - Le Festival des mots crois\u00e9s \u00e0 Is-sur-Tille","robots":{"index":"index","follow":"follow","max-snippet":"max-snippet:-1","max-image-preview":"max-image-preview:large","max-video-preview":"max-video-preview:-1"},"canonical":"https:\/\/festival-ismotscroises.fr\/?page_id=143","og_locale":"fr_FR","og_type":"article","og_title":"Tournoi des coll\u00e8ges - Le Festival des mots crois\u00e9s \u00e0 Is-sur-Tille","og_description":"Tournoi des coll\u00e8ges 2009Le coll\u00e8ge de Montchapet s'impose une nouvelle fois, ce samedi 16 mai 2009, et pour la deuxi\u00e8me ann\u00e9e cons\u00e9cutive. Seul, le coll\u00e8ge d'Is-sur-Tille avait r\u00e9ussi \u00e0 conserver le titre deux ann\u00e9es de suite, mais c'\u00e9tait au tout d\u00e9but du Tournoi, en 2001 et 2002, et il n'y avait que... trois coll\u00e8ges participants [&hellip;]","og_url":"https:\/\/festival-ismotscroises.fr\/?page_id=143","og_site_name":"Le Festival des mots crois\u00e9s \u00e0 Is-sur-Tille","article_modified_time":"2023-03-24T14:52:56+00:00","og_image":[{"url":"http:\/\/festival-ismotscroises.fr\/wp-content\/plugins\/easy-media-gallery-pro\/includes\/images\/trans.png"}],"twitter_card":"summary_large_image","twitter_misc":{"Dur\u00e9e de lecture estim\u00e9e":"3 minutes"},"schema":{"@context":"https:\/\/schema.org","@graph":[{"@type":"WebPage","@id":"https:\/\/festival-ismotscroises.fr\/?page_id=143","url":"https:\/\/festival-ismotscroises.fr\/?page_id=143","name":"Tournoi des coll\u00e8ges - Le Festival des mots crois\u00e9s \u00e0 Is-sur-Tille","isPartOf":{"@id":"https:\/\/festival-ismotscroises.fr\/#website"},"primaryImageOfPage":{"@id":"https:\/\/festival-ismotscroises.fr\/?page_id=143#primaryimage"},"image":{"@id":"https:\/\/festival-ismotscroises.fr\/?page_id=143#primaryimage"},"thumbnailUrl":"http:\/\/festival-ismotscroises.fr\/wp-content\/plugins\/easy-media-gallery-pro\/includes\/images\/trans.png","datePublished":"2015-06-18T18:13:04+00:00","dateModified":"2023-03-24T14:52:56+00:00","breadcrumb":{"@id":"https:\/\/festival-ismotscroises.fr\/?page_id=143#breadcrumb"},"inLanguage":"fr-FR","potentialAction":[{"@type":"ReadAction","target":["https:\/\/festival-ismotscroises.fr\/?page_id=143"]}]},{"@type":"ImageObject","inLanguage":"fr-FR","@id":"https:\/\/festival-ismotscroises.fr\/?page_id=143#primaryimage","url":"http:\/\/festival-ismotscroises.fr\/wp-content\/plugins\/easy-media-gallery-pro\/includes\/images\/trans.png","contentUrl":"http:\/\/festival-ismotscroises.fr\/wp-content\/plugins\/easy-media-gallery-pro\/includes\/images\/trans.png"},{"@type":"BreadcrumbList","@id":"https:\/\/festival-ismotscroises.fr\/?page_id=143#breadcrumb","itemListElement":[{"@type":"ListItem","position":1,"name":"Accueil","item":"https:\/\/festival-ismotscroises.fr\/"},{"@type":"ListItem","position":2,"name":"Tournoi des coll\u00e8ges"}]},{"@type":"WebSite","@id":"https:\/\/festival-ismotscroises.fr\/#website","url":"https:\/\/festival-ismotscroises.fr\/","name":"Le Festival des mots crois\u00e9s \u00e0 Is-sur-Tille","description":"La ville d&#039;Is-sur-Tille, en C\u00f4te-d&#039;Or, organise un festival annuel de mots crois\u00e9s depuis 1990..","potentialAction":[{"@type":"SearchAction","target":{"@type":"EntryPoint","urlTemplate":"https:\/\/festival-ismotscroises.fr\/?s={search_term_string}"},"query-input":"required name=search_term_string"}],"inLanguage":"fr-FR"}]}},"_links":{"self":[{"href":"https:\/\/festival-ismotscroises.fr\/index.php?rest_route=\/wp\/v2\/pages\/143","targetHints":{"allow":["GET"]}}],"collection":[{"href":"https:\/\/festival-ismotscroises.fr\/index.php?rest_route=\/wp\/v2\/pages"}],"about":[{"href":"https:\/\/festival-ismotscroises.fr\/index.php?rest_route=\/wp\/v2\/types\/page"}],"author":[{"embeddable":true,"href":"https:\/\/festival-ismotscroises.fr\/index.php?rest_route=\/wp\/v2\/users\/2"}],"replies":[{"embeddable":true,"href":"https:\/\/festival-ismotscroises.fr\/index.php?rest_route=%2Fwp%2Fv2%2Fcomments&post=143"}],"version-history":[{"count":7,"href":"https:\/\/festival-ismotscroises.fr\/index.php?rest_route=\/wp\/v2\/pages\/143\/revisions"}],"predecessor-version":[{"id":1402,"href":"https:\/\/festival-ismotscroises.fr\/index.php?rest_route=\/wp\/v2\/pages\/143\/revisions\/1402"}],"wp:attachment":[{"href":"https:\/\/festival-ismotscroises.fr\/index.php?rest_route=%2Fwp%2Fv2%2Fmedia&parent=143"}],"curies":[{"name":"wp","href":"https:\/\/api.w.org\/{rel}","templated":true}]}}