{"id":134,"date":"2015-06-18T20:10:08","date_gmt":"2015-06-18T18:10:08","guid":{"rendered":"http:\/\/festival-ismotscroises.fr\/?page_id=134"},"modified":"2015-07-08T00:10:21","modified_gmt":"2015-07-07T22:10:21","slug":"championnat-francophone-3","status":"publish","type":"page","link":"https:\/\/festival-ismotscroises.fr\/?page_id=134","title":{"rendered":"Championnat francophone"},"content":{"rendered":"<div id=\"pl-134\"  class=\"panel-layout\" ><div id=\"pg-134-0\"  class=\"panel-grid panel-no-style\" ><div id=\"pgc-134-0-0\"  class=\"panel-grid-cell\" ><div id=\"panel-134-0-0-0\" class=\"so-panel widget panel-first-child panel-last-child\" data-index=\"0\" ><\/div><\/div><div id=\"pgc-134-0-1\"  class=\"panel-grid-cell\" ><div id=\"panel-134-0-1-0\" class=\"so-panel widget widget_black-studio-tinymce widget_black_studio_tinymce panel-first-child\" data-index=\"1\" ><div class=\"textwidget\"><h3 style=\"text-align: justify;\"><strong>Championnat francophone 2010<\/strong><\/h3>\n<p style=\"text-align: justify;\">Un cocktail de 5 grilles d'auteurs professionnels \u00e9tait propos\u00e9 aux candidats cette ann\u00e9e. Des styles aussi diff\u00e9rents que ceux d'ADN du Canard Encha\u00een\u00e9, de Michel Hannequart, du Qu\u00e9bec, des Fran\u00e7ais Jean Rossat et Alain Bonhomme et de Thierry Larsan, auteur belge, n'ont pas d\u00e9rout\u00e9 certains cruciverbistes avertis, rompus \u00e0 passer d'une culture francophone \u00e0 une autre, sans se laisser retarder durablement par quelques pi\u00e8ges habilement pos\u00e9s \u00e0 certains croisements. Le temps de r\u00e9solution pour l'ensemble des 5 grilles \u00e9tait de 5h30mn. Le Belge Bernard Philippet remporte le titre de Champion des mots crois\u00e9 francophones pour la deuxi\u00e8me fois \u00e0 Is-sur-Tille (pr\u00e9c\u00e9dente victoire en 2007).<\/p>\n<h4 style=\"text-align: justify;\"><strong>Palmar\u00e8s<\/strong><\/h4>\n<p style=\"text-align: justify;\">1 - PHILIPPET Bernard (1 faute - 0h53mn)<br \/>2 - MACCIONI Gilles (3 fautes - 3h34mn)<br \/>3 - MONNET Bernard (4 fautes - 2h15mn)<br \/>4 - GOUY Jean-Claude (5 fautes - 1h34mn)<br \/>5 - BONNIN Guy (5 fautes - 2h56mn)<br \/>6 - BERNARD Pierre (11 fautes - 3h07mn<br \/>7 - HARDOUIN Herv\u00e9 (12 fautes - 3h17mn)<br \/>8 - CATHENOD Fran\u00e7ois (15 fautes - 2h41mn)<br \/>9 - VANOBOST Michel (19 fautes - 4h15mn)<br \/>10 - FLAMBARD Georges (20 fautes - 4h01mn)<br \/>11 - GONY Sylvie (23 fautes - 4h11mn)<br \/>12 - BALME Michel (28 fautes - 3h31mn)<br \/>13 - MODAINE Marie-Fran\u00e7oise (32 fautes - 3h00mn)<br \/>14 - CIERNIAK Daniel (40 fautes - 3h27mn)<br \/>15 - BEAUFE\u00cfST Fran\u00e7ois (41 fautes - 3h41mn)<br \/>16 - CHAMPION Jean-Marie (43 fautes - 2h55mn)<br \/>17 - DEBIERE Marie-H\u00e9l\u00e8ne (44 fautes - 3h20mn)<br \/>18 - JACOB Dominique (49 fautes - 4h22mn)<br \/>19 - FERRON Jean-Claude (50 fautes - 3h20mn)<br \/>20 - LEBRET Lionel (52 fautes - 3h45mn)<\/p>\n<h4 style=\"text-align: justify;\"><strong>Les grilles<\/strong><\/h4>\n<p style=\"text-align: justify;\">Les solutions peuvent \u00eatre obtenues en s'adressant \u00e0 : Festival des mots crois\u00e9s, Mairie d'Is-sur-Tille, place G\u00e9n\u00e9ral-Leclerc, 21120 Is-sur-Tille. T\u00e9l. 03 80 95 02 08<\/p>\n<\/div><\/div><div id=\"panel-134-0-1-1\" class=\"so-panel widget widget_sow-button panel-last-child\" data-index=\"2\" ><div\n\t\t\t\n\t\t\tclass=\"so-widget-sow-button so-widget-sow-button-atom-2fa5db29757e-134\"\n\t\t\t\n\t\t><div class=\"ow-button-base ow-button-align-left\">\n\t<a\n\thref=\"http:\/\/festival-ismotscroises.fr\/wp-content\/uploads\/2015\/06\/2010-CF-GRILLES.pdf\"\n\t\tclass=\"ow-icon-placement-left ow-button-hover\" target=\"_blank\" rel=\"noopener noreferrer\" \t>\n\t\t<span>\n\t\t\t\n\t\t\tT\u00e9l\u00e9cgargez les grilles 2010\t\t<\/span>\n\t<\/a>\n<\/div>\n<\/div><\/div><\/div><\/div><div id=\"pg-134-1\"  class=\"panel-grid panel-no-style\" ><div id=\"pgc-134-1-0\"  class=\"panel-grid-cell\" ><div id=\"panel-134-1-0-0\" class=\"so-panel widget widget_black-studio-tinymce widget_black_studio_tinymce panel-first-child panel-last-child\" data-index=\"3\" ><div class=\"textwidget\"><p><img loading=\"lazy\" decoding=\"async\" class=\" size-full wp-image-1496 alignright\" src=\"http:\/\/festival-ismotscroises.fr\/wp-content\/uploads\/2015\/07\/ISMOTSCROISES-LOGO.png\" alt=\"ISMOTSCROISES-LOGO\" width=\"152\" height=\"150\" \/><\/p>\n<\/div><\/div><\/div><\/div><\/div>","protected":false},"excerpt":{"rendered":"<p>Championnat francophone 2010Un cocktail de 5 grilles d&rsquo;auteurs professionnels \u00e9tait propos\u00e9 aux candidats cette ann\u00e9e. Des styles aussi diff\u00e9rents que ceux d&rsquo;ADN du Canard Encha\u00een\u00e9, de Michel Hannequart, du Qu\u00e9bec, des Fran\u00e7ais Jean Rossat et Alain Bonhomme et de Thierry Larsan, auteur belge, n&rsquo;ont pas d\u00e9rout\u00e9 certains cruciverbistes avertis, rompus \u00e0 passer d&rsquo;une culture francophone [&hellip;]<\/p>\n","protected":false},"author":2,"featured_media":0,"parent":0,"menu_order":0,"comment_status":"closed","ping_status":"closed","template":"templates\/template-full-notitle.php","meta":{"_monsterinsights_skip_tracking":false,"_monsterinsights_sitenote_active":false,"_monsterinsights_sitenote_note":"","_monsterinsights_sitenote_category":0,"footnotes":""},"class_list":["post-134","page","type-page","status-publish","hentry","post"],"yoast_head":"<!-- This site is optimized with the Yoast SEO plugin v22.6 - https:\/\/yoast.com\/wordpress\/plugins\/seo\/ -->\n<title>Championnat francophone - Le Festival des mots crois\u00e9s \u00e0 Is-sur-Tille<\/title>\n<meta name=\"robots\" content=\"index, follow, max-snippet:-1, max-image-preview:large, max-video-preview:-1\" \/>\n<link rel=\"canonical\" href=\"https:\/\/festival-ismotscroises.fr\/?page_id=134\" \/>\n<meta property=\"og:locale\" content=\"fr_FR\" \/>\n<meta property=\"og:type\" content=\"article\" \/>\n<meta property=\"og:title\" content=\"Championnat francophone - Le Festival des mots crois\u00e9s \u00e0 Is-sur-Tille\" \/>\n<meta property=\"og:description\" content=\"Championnat francophone 2010Un cocktail de 5 grilles d&#039;auteurs professionnels \u00e9tait propos\u00e9 aux candidats cette ann\u00e9e. Des styles aussi diff\u00e9rents que ceux d&#039;ADN du Canard Encha\u00een\u00e9, de Michel Hannequart, du Qu\u00e9bec, des Fran\u00e7ais Jean Rossat et Alain Bonhomme et de Thierry Larsan, auteur belge, n&#039;ont pas d\u00e9rout\u00e9 certains cruciverbistes avertis, rompus \u00e0 passer d&#039;une culture francophone [&hellip;]\" \/>\n<meta property=\"og:url\" content=\"https:\/\/festival-ismotscroises.fr\/?page_id=134\" \/>\n<meta property=\"og:site_name\" content=\"Le Festival des mots crois\u00e9s \u00e0 Is-sur-Tille\" \/>\n<meta property=\"article:modified_time\" content=\"2015-07-07T22:10:21+00:00\" \/>\n<meta property=\"og:image\" content=\"http:\/\/festival-ismotscroises.fr\/wp-content\/plugins\/easy-media-gallery-pro\/includes\/images\/trans.png\" \/>\n<meta name=\"twitter:card\" content=\"summary_large_image\" \/>\n<meta name=\"twitter:label1\" content=\"Dur\u00e9e de lecture estim\u00e9e\" \/>\n\t<meta name=\"twitter:data1\" content=\"1 minute\" \/>\n<script type=\"application\/ld+json\" class=\"yoast-schema-graph\">{\"@context\":\"https:\/\/schema.org\",\"@graph\":[{\"@type\":\"WebPage\",\"@id\":\"https:\/\/festival-ismotscroises.fr\/?page_id=134\",\"url\":\"https:\/\/festival-ismotscroises.fr\/?page_id=134\",\"name\":\"Championnat francophone - Le Festival des mots crois\u00e9s \u00e0 Is-sur-Tille\",\"isPartOf\":{\"@id\":\"https:\/\/festival-ismotscroises.fr\/#website\"},\"primaryImageOfPage\":{\"@id\":\"https:\/\/festival-ismotscroises.fr\/?page_id=134#primaryimage\"},\"image\":{\"@id\":\"https:\/\/festival-ismotscroises.fr\/?page_id=134#primaryimage\"},\"thumbnailUrl\":\"http:\/\/festival-ismotscroises.fr\/wp-content\/plugins\/easy-media-gallery-pro\/includes\/images\/trans.png\",\"datePublished\":\"2015-06-18T18:10:08+00:00\",\"dateModified\":\"2015-07-07T22:10:21+00:00\",\"breadcrumb\":{\"@id\":\"https:\/\/festival-ismotscroises.fr\/?page_id=134#breadcrumb\"},\"inLanguage\":\"fr-FR\",\"potentialAction\":[{\"@type\":\"ReadAction\",\"target\":[\"https:\/\/festival-ismotscroises.fr\/?page_id=134\"]}]},{\"@type\":\"ImageObject\",\"inLanguage\":\"fr-FR\",\"@id\":\"https:\/\/festival-ismotscroises.fr\/?page_id=134#primaryimage\",\"url\":\"http:\/\/festival-ismotscroises.fr\/wp-content\/plugins\/easy-media-gallery-pro\/includes\/images\/trans.png\",\"contentUrl\":\"http:\/\/festival-ismotscroises.fr\/wp-content\/plugins\/easy-media-gallery-pro\/includes\/images\/trans.png\"},{\"@type\":\"BreadcrumbList\",\"@id\":\"https:\/\/festival-ismotscroises.fr\/?page_id=134#breadcrumb\",\"itemListElement\":[{\"@type\":\"ListItem\",\"position\":1,\"name\":\"Accueil\",\"item\":\"https:\/\/festival-ismotscroises.fr\/\"},{\"@type\":\"ListItem\",\"position\":2,\"name\":\"Championnat francophone\"}]},{\"@type\":\"WebSite\",\"@id\":\"https:\/\/festival-ismotscroises.fr\/#website\",\"url\":\"https:\/\/festival-ismotscroises.fr\/\",\"name\":\"Le Festival des mots crois\u00e9s \u00e0 Is-sur-Tille\",\"description\":\"La ville d&#039;Is-sur-Tille, en C\u00f4te-d&#039;Or, organise un festival annuel de mots crois\u00e9s depuis 1990..\",\"potentialAction\":[{\"@type\":\"SearchAction\",\"target\":{\"@type\":\"EntryPoint\",\"urlTemplate\":\"https:\/\/festival-ismotscroises.fr\/?s={search_term_string}\"},\"query-input\":\"required name=search_term_string\"}],\"inLanguage\":\"fr-FR\"}]}<\/script>\n<!-- \/ Yoast SEO plugin. -->","yoast_head_json":{"title":"Championnat francophone - Le Festival des mots crois\u00e9s \u00e0 Is-sur-Tille","robots":{"index":"index","follow":"follow","max-snippet":"max-snippet:-1","max-image-preview":"max-image-preview:large","max-video-preview":"max-video-preview:-1"},"canonical":"https:\/\/festival-ismotscroises.fr\/?page_id=134","og_locale":"fr_FR","og_type":"article","og_title":"Championnat francophone - Le Festival des mots crois\u00e9s \u00e0 Is-sur-Tille","og_description":"Championnat francophone 2010Un cocktail de 5 grilles d'auteurs professionnels \u00e9tait propos\u00e9 aux candidats cette ann\u00e9e. Des styles aussi diff\u00e9rents que ceux d'ADN du Canard Encha\u00een\u00e9, de Michel Hannequart, du Qu\u00e9bec, des Fran\u00e7ais Jean Rossat et Alain Bonhomme et de Thierry Larsan, auteur belge, n'ont pas d\u00e9rout\u00e9 certains cruciverbistes avertis, rompus \u00e0 passer d'une culture francophone [&hellip;]","og_url":"https:\/\/festival-ismotscroises.fr\/?page_id=134","og_site_name":"Le Festival des mots crois\u00e9s \u00e0 Is-sur-Tille","article_modified_time":"2015-07-07T22:10:21+00:00","og_image":[{"url":"http:\/\/festival-ismotscroises.fr\/wp-content\/plugins\/easy-media-gallery-pro\/includes\/images\/trans.png"}],"twitter_card":"summary_large_image","twitter_misc":{"Dur\u00e9e de lecture estim\u00e9e":"1 minute"},"schema":{"@context":"https:\/\/schema.org","@graph":[{"@type":"WebPage","@id":"https:\/\/festival-ismotscroises.fr\/?page_id=134","url":"https:\/\/festival-ismotscroises.fr\/?page_id=134","name":"Championnat francophone - Le Festival des mots crois\u00e9s \u00e0 Is-sur-Tille","isPartOf":{"@id":"https:\/\/festival-ismotscroises.fr\/#website"},"primaryImageOfPage":{"@id":"https:\/\/festival-ismotscroises.fr\/?page_id=134#primaryimage"},"image":{"@id":"https:\/\/festival-ismotscroises.fr\/?page_id=134#primaryimage"},"thumbnailUrl":"http:\/\/festival-ismotscroises.fr\/wp-content\/plugins\/easy-media-gallery-pro\/includes\/images\/trans.png","datePublished":"2015-06-18T18:10:08+00:00","dateModified":"2015-07-07T22:10:21+00:00","breadcrumb":{"@id":"https:\/\/festival-ismotscroises.fr\/?page_id=134#breadcrumb"},"inLanguage":"fr-FR","potentialAction":[{"@type":"ReadAction","target":["https:\/\/festival-ismotscroises.fr\/?page_id=134"]}]},{"@type":"ImageObject","inLanguage":"fr-FR","@id":"https:\/\/festival-ismotscroises.fr\/?page_id=134#primaryimage","url":"http:\/\/festival-ismotscroises.fr\/wp-content\/plugins\/easy-media-gallery-pro\/includes\/images\/trans.png","contentUrl":"http:\/\/festival-ismotscroises.fr\/wp-content\/plugins\/easy-media-gallery-pro\/includes\/images\/trans.png"},{"@type":"BreadcrumbList","@id":"https:\/\/festival-ismotscroises.fr\/?page_id=134#breadcrumb","itemListElement":[{"@type":"ListItem","position":1,"name":"Accueil","item":"https:\/\/festival-ismotscroises.fr\/"},{"@type":"ListItem","position":2,"name":"Championnat francophone"}]},{"@type":"WebSite","@id":"https:\/\/festival-ismotscroises.fr\/#website","url":"https:\/\/festival-ismotscroises.fr\/","name":"Le Festival des mots crois\u00e9s \u00e0 Is-sur-Tille","description":"La ville d&#039;Is-sur-Tille, en C\u00f4te-d&#039;Or, organise un festival annuel de mots crois\u00e9s depuis 1990..","potentialAction":[{"@type":"SearchAction","target":{"@type":"EntryPoint","urlTemplate":"https:\/\/festival-ismotscroises.fr\/?s={search_term_string}"},"query-input":"required name=search_term_string"}],"inLanguage":"fr-FR"}]}},"_links":{"self":[{"href":"https:\/\/festival-ismotscroises.fr\/index.php?rest_route=\/wp\/v2\/pages\/134","targetHints":{"allow":["GET"]}}],"collection":[{"href":"https:\/\/festival-ismotscroises.fr\/index.php?rest_route=\/wp\/v2\/pages"}],"about":[{"href":"https:\/\/festival-ismotscroises.fr\/index.php?rest_route=\/wp\/v2\/types\/page"}],"author":[{"embeddable":true,"href":"https:\/\/festival-ismotscroises.fr\/index.php?rest_route=\/wp\/v2\/users\/2"}],"replies":[{"embeddable":true,"href":"https:\/\/festival-ismotscroises.fr\/index.php?rest_route=%2Fwp%2Fv2%2Fcomments&post=134"}],"version-history":[{"count":13,"href":"https:\/\/festival-ismotscroises.fr\/index.php?rest_route=\/wp\/v2\/pages\/134\/revisions"}],"predecessor-version":[{"id":1519,"href":"https:\/\/festival-ismotscroises.fr\/index.php?rest_route=\/wp\/v2\/pages\/134\/revisions\/1519"}],"wp:attachment":[{"href":"https:\/\/festival-ismotscroises.fr\/index.php?rest_route=%2Fwp%2Fv2%2Fmedia&parent=134"}],"curies":[{"name":"wp","href":"https:\/\/api.w.org\/{rel}","templated":true}]}}