{"id":131,"date":"2015-06-18T20:08:54","date_gmt":"2015-06-18T18:08:54","guid":{"rendered":"http:\/\/festival-ismotscroises.fr\/?page_id=131"},"modified":"2023-03-24T15:51:07","modified_gmt":"2023-03-24T14:51:07","slug":"tournoi-des-colleges-7","status":"publish","type":"page","link":"https:\/\/festival-ismotscroises.fr\/?page_id=131","title":{"rendered":"Tournoi des coll\u00e8ges"},"content":{"rendered":"<div id=\"pl-131\"  class=\"panel-layout\" ><div id=\"pg-131-0\"  class=\"panel-grid panel-no-style\" ><div id=\"pgc-131-0-0\"  class=\"panel-grid-cell\" ><div id=\"panel-131-0-0-0\" class=\"so-panel widget panel-first-child panel-last-child\" data-index=\"0\" ><\/div><\/div><div id=\"pgc-131-0-1\"  class=\"panel-grid-cell\" ><div id=\"panel-131-0-1-0\" class=\"so-panel widget widget_black-studio-tinymce widget_black_studio_tinymce panel-first-child panel-last-child\" data-index=\"1\" ><div class=\"textwidget\"><h3 style=\"text-align: justify;\"><strong>Tournoi des coll\u00e8ges 2010<\/strong><\/h3>\n<p style=\"text-align: justify;\">Pour la deuxi\u00e8me ann\u00e9e cons\u00e9cutive, les coll\u00e9giens ont pu entrer dans la comp\u00e9tition au niveau des seizi\u00e8mes de finales, ce qui a permis de qualifier 17 coll\u00e8ges, c'est-\u00e0-dire la totalit\u00e9 des \u00e9tablissements inscrits.<br \/>C'est le coll\u00e8ge Roland-Dorgel\u00e8s de Longvic, qui l'a emport\u00e9, le samedi 22 mai 2010, au terme d'un match arr\u00eat\u00e9 sur un sans-faute au bout de cinq minutes et demi. L'\u00e9quipe adverse, du coll\u00e8ge Clos-de-Pouilly de Dijon, a perdu sur une grille \u00e9galement sans faute, mais apr\u00e8s un moment d'h\u00e9sitation fatal pour mettre un terme \u00e0 la partie.<br \/>Sur trente-deux parties, vingt-deux ont \u00e9t\u00e9 arr\u00eat\u00e9es avant la fin du temps r\u00e8glementaire de 15 minutes. Quinze matchs ont ainsi et\u00e9 gagn\u00e9s, les six autres perdus en raison d'une faute au moins dans les r\u00e9ponses propos\u00e9es par les candidats. <br \/>On peut tirer un enseignement du d\u00e9tail des manches non gagn\u00e9es suite \u00e0 la d\u00e9cision des joueurs d'arr\u00eater le cours du jeu : en effet, dans le\u00a0 premier tour des seizi\u00e8mes de finales (huit matchs), quatre parties ont ainsi \u00e9t\u00e9 perdues, mais une seule dans le deuxi\u00e8me tour, une dans les quarts de finale, et aucune \u00e0 partir des demi-finales. C'est la preuve que les joueurs ont tir\u00e9 l'exp\u00e9rience des \u00e9checs du premier tour et ont fait preuve de davantage de prudence avant de dire \"Stop!\". Aussi, les derni\u00e8res manches du tournoi concentrent normalement les joueurs\u00a0 les mieux class\u00e9s, peut-\u00eatre moins susceptibles de faire des erreurs. Voici le d\u00e9tail des parties arr\u00eat\u00e9es :<\/p>\n<p>\n<table id=\"tablepress-2\" class=\"tablepress tablepress-id-2\">\n<thead>\n<tr class=\"row-1 odd\">\n\t<th class=\"column-1\">MANCHE<\/th><th class=\"column-2\">Nombre de parties arr\u00eat\u00e9es avant la fin,<br \/>\nsuite \u00e0 une d\u00e9cision des joueurs<\/th><th class=\"column-3\">Parties<br \/>\nainsi gagn\u00e9es<\/th>\n<\/tr>\n<\/thead>\n<tbody class=\"row-hover\">\n<tr class=\"row-2 even\">\n\t<td class=\"column-1\">Seizi\u00e8mes de finale<br \/>\npremier tour (8 matchs)<\/td><td class=\"column-2\">7<\/td><td class=\"column-3\">3<\/td>\n<\/tr>\n<tr class=\"row-3 odd\">\n\t<td class=\"column-1\">Seizi\u00e8mes de finale<br \/>\ndeuxi\u00e8me tour (8 matchs)<\/td><td class=\"column-2\">3<\/td><td class=\"column-3\">2<\/td>\n<\/tr>\n<tr class=\"row-4 even\">\n\t<td class=\"column-1\">Huiti\u00e8mes de finale (8 matchs)<\/td><td class=\"column-2\">6<\/td><td class=\"column-3\">5<\/td>\n<\/tr>\n<tr class=\"row-5 odd\">\n\t<td class=\"column-1\">Quarts de finales (4 matchs)<\/td><td class=\"column-2\">3<\/td><td class=\"column-3\">3<\/td>\n<\/tr>\n<tr class=\"row-6 even\">\n\t<td class=\"column-1\">Demi-finales (2 matchs)<\/td><td class=\"column-2\">1<\/td><td class=\"column-3\">1<\/td>\n<\/tr>\n<tr class=\"row-7 odd\">\n\t<td class=\"column-1\">Petite finale (1 match)<\/td><td class=\"column-2\">1<\/td><td class=\"column-3\">1<\/td>\n<\/tr>\n<tr class=\"row-8 even\">\n\t<td class=\"column-1\">Grande finale (1 match)<\/td><td class=\"column-2\">1<\/td><td class=\"column-3\">1<\/td>\n<\/tr>\n<\/tbody>\n<\/table>\n<!-- #tablepress-2 from cache --><\/p>\n<h4 style=\"text-align: justify;\"><strong>Palmar\u00e8s<\/strong><\/h4>\n<p style=\"text-align: justify;\">(Dans le cas d'une \u00e9limination avant les demi-finales, les \u00e9quipes sont class\u00e9es selon les r\u00e9sultats obtenus lors de l'\u00e9preuve de qualification).<\/p>\n<p style=\"text-align: justify;\"><span style=\"color: #993300;\"><strong>Finale<\/strong><\/span><br \/>1 Coll\u00e8ge Roland-Dorgel\u00e8s, \u00a02e \u00e9quipe (LONGVIC)<br \/>2 Coll\u00e8ge Clos-de-Pouilly, 1e \u00e9quipe (DIJON)<br \/>Demi-finales <br \/>3 Coll\u00e8ge Montchapet, 2e \u00e9quipe (DIJON) \u00a0<br \/>4 Coll\u00e8ge Marcelle-Pard\u00e9 (DIJON)<br \/><span style=\"color: #993300;\"><strong>Quarts de finales<\/strong><\/span><br \/>5 Coll\u00e8ge Jacques-Mercusot, 2e \u00e9quipe (SOMBERNON)<br \/>6 Coll\u00e8ge Marcelle-Pard\u00e9 (DIJON)<br \/>7 Coll\u00e8ge Paul-Fort, 2e \u00e9quipe (IS-SUR-TILLE)<br \/>8 Coll\u00e8ge Lazare-Carnot, 2e \u00e9quipe (NOLAY)<br \/><span style=\"color: #993300;\"><strong>Huiti\u00e8mes de finales<\/strong><\/span><br \/>9 Coll\u00e8ge Jean-Jaur\u00e8s, 1e \u00e9quipe (DAMPARIS)<br \/>10 Coll\u00e8ge Clos-de-Pouilly, 1e \u00e9quipe (DIJON)<br \/>11 Coll\u00e8ge Paul-Fort, 1e \u00e9quipe (IS-SUR-TILLE) <br \/>12 Coll\u00e8ge Clos-de-Pouilly, 2e \u00e9quipe (DIJON<br \/>13 Coll\u00e8ge Lazare-Carnot, 1e \u00e9quipe (NOLAY) <br \/>14 Coll\u00e8ge Lumi\u00e8re, 1e \u00e9quipe\u00a0 (BESAN\u00c7ON)<br \/>15 Coll\u00e8ge Lumi\u00e8re, 2e \u00e9quipe\u00a0 (BESAN\u00c7ON)<br \/>16 Coll\u00e8ge Robert et Sonia Delaunay, 2e \u00e9quipe (GRAY)<br \/><span style=\"color: #993300;\"><strong>Seizi\u00e8mes de finales<\/strong><\/span><br \/>17 Coll\u00e8ge Jacques-Mercusot, 1e \u00e9quipe (SOMBERNON) <br \/>18 Coll\u00e8ge Montchapet, 2e \u00e9quipe (DIJON)<br \/>19 Coll\u00e8ge Gaston-Roupnel, 1e \u00e9quipe (DIJON)<br \/>20 Coll\u00e8ge Roland-Dorgel\u00e8s, \u00a01e \u00e9quipe (LONGVIC) <br \/>21 Coll\u00e8ge Gaston-Roupnel, 1e \u00e9quipe (DIJON)<br \/>22 Coll\u00e8ge Andr\u00e9-Lallemand, 1e \u00e9quipe (POUILLY-EN-AUXOIS)<br \/>23 Coll\u00e8ge Jean-Jaur\u00e8s, 2e \u00e9quipe (DAMPARIS)<br \/>24 Coll\u00e8ge \u00c9mile-Lepitre, 2e \u00e9quipe (LAIGNES)<br \/>25 Coll\u00e8ge La Champagne, (GEVREY-CHAMBERTIN)<br \/>26 Coll\u00e8ge Stendhal, 2e \u00e9quipe (BESAN\u00c7ON)<br \/>27 Coll\u00e8ge Champ-Lumi\u00e8re (SELONGEY)<br \/>28 Coll\u00e8ge Robert et Sonia Delaunay, 1e \u00e9quipe (GRAY)<br \/>29 Coll\u00e8ge Andr\u00e9-Lallemand, 2e \u00e9quipe (POUILLY-EN-AUXOIS)<br \/>30 Coll\u00e8ge Albert-Mathiez, 2e \u00e9quipe (MARNAY)<br \/>31\u00a0Coll\u00e8ge Albert-Mathiez, 1e \u00e9quipe (MARNAY)<br \/>32 Coll\u00e8ge \u00c9mile-Lepitre (LAIGNES)<\/p>\n<\/div><\/div><\/div><\/div><div id=\"pg-131-1\"  class=\"panel-grid panel-no-style\" ><div id=\"pgc-131-1-0\"  class=\"panel-grid-cell\" ><div id=\"panel-131-1-0-0\" class=\"so-panel widget widget_black-studio-tinymce widget_black_studio_tinymce panel-first-child panel-last-child\" data-index=\"2\" ><div class=\"textwidget\"><p><img loading=\"lazy\" decoding=\"async\" class=\" size-medium wp-image-742 aligncenter\" src=\"http:\/\/festival-ismotscroises.fr\/wp-content\/uploads\/2015\/06\/MASCOTTE-300x264.png\" alt=\"MASCOTTE\" width=\"300\" height=\"264\" srcset=\"https:\/\/festival-ismotscroises.fr\/wp-content\/uploads\/2015\/06\/MASCOTTE-300x264.png 300w, https:\/\/festival-ismotscroises.fr\/wp-content\/uploads\/2015\/06\/MASCOTTE.png 535w\" sizes=\"auto, (max-width: 300px) 100vw, 300px\" \/><\/p>\n<\/div><\/div><\/div><\/div><\/div>","protected":false},"excerpt":{"rendered":"<p>Tournoi des coll\u00e8ges 2010Pour la deuxi\u00e8me ann\u00e9e cons\u00e9cutive, les coll\u00e9giens ont pu entrer dans la comp\u00e9tition au niveau des seizi\u00e8mes de finales, ce qui a permis de qualifier 17 coll\u00e8ges, c&rsquo;est-\u00e0-dire la totalit\u00e9 des \u00e9tablissements inscrits.C&rsquo;est le coll\u00e8ge Roland-Dorgel\u00e8s de Longvic, qui l&rsquo;a emport\u00e9, le samedi 22 mai 2010, au terme d&rsquo;un match arr\u00eat\u00e9 sur [&hellip;]<\/p>\n","protected":false},"author":2,"featured_media":0,"parent":0,"menu_order":0,"comment_status":"closed","ping_status":"closed","template":"templates\/template-full-notitle.php","meta":{"_monsterinsights_skip_tracking":false,"_monsterinsights_sitenote_active":false,"_monsterinsights_sitenote_note":"","_monsterinsights_sitenote_category":0,"footnotes":""},"class_list":["post-131","page","type-page","status-publish","hentry","post"],"yoast_head":"<!-- This site is optimized with the Yoast SEO plugin v22.6 - https:\/\/yoast.com\/wordpress\/plugins\/seo\/ -->\n<title>Tournoi des coll\u00e8ges - Le Festival des mots crois\u00e9s \u00e0 Is-sur-Tille<\/title>\n<meta name=\"robots\" content=\"index, follow, max-snippet:-1, max-image-preview:large, max-video-preview:-1\" \/>\n<link rel=\"canonical\" href=\"https:\/\/festival-ismotscroises.fr\/?page_id=131\" \/>\n<meta property=\"og:locale\" content=\"fr_FR\" \/>\n<meta property=\"og:type\" content=\"article\" \/>\n<meta property=\"og:title\" content=\"Tournoi des coll\u00e8ges - Le Festival des mots crois\u00e9s \u00e0 Is-sur-Tille\" \/>\n<meta property=\"og:description\" content=\"Tournoi des coll\u00e8ges 2010Pour la deuxi\u00e8me ann\u00e9e cons\u00e9cutive, les coll\u00e9giens ont pu entrer dans la comp\u00e9tition au niveau des seizi\u00e8mes de finales, ce qui a permis de qualifier 17 coll\u00e8ges, c&#039;est-\u00e0-dire la totalit\u00e9 des \u00e9tablissements inscrits.C&#039;est le coll\u00e8ge Roland-Dorgel\u00e8s de Longvic, qui l&#039;a emport\u00e9, le samedi 22 mai 2010, au terme d&#039;un match arr\u00eat\u00e9 sur [&hellip;]\" \/>\n<meta property=\"og:url\" content=\"https:\/\/festival-ismotscroises.fr\/?page_id=131\" \/>\n<meta property=\"og:site_name\" content=\"Le Festival des mots crois\u00e9s \u00e0 Is-sur-Tille\" \/>\n<meta property=\"article:modified_time\" content=\"2023-03-24T14:51:07+00:00\" \/>\n<meta property=\"og:image\" content=\"http:\/\/festival-ismotscroises.fr\/wp-content\/plugins\/easy-media-gallery-pro\/includes\/images\/trans.png\" \/>\n<meta name=\"twitter:card\" content=\"summary_large_image\" \/>\n<meta name=\"twitter:label1\" content=\"Dur\u00e9e de lecture estim\u00e9e\" \/>\n\t<meta name=\"twitter:data1\" content=\"3 minutes\" \/>\n<script type=\"application\/ld+json\" class=\"yoast-schema-graph\">{\"@context\":\"https:\/\/schema.org\",\"@graph\":[{\"@type\":\"WebPage\",\"@id\":\"https:\/\/festival-ismotscroises.fr\/?page_id=131\",\"url\":\"https:\/\/festival-ismotscroises.fr\/?page_id=131\",\"name\":\"Tournoi des coll\u00e8ges - Le Festival des mots crois\u00e9s \u00e0 Is-sur-Tille\",\"isPartOf\":{\"@id\":\"https:\/\/festival-ismotscroises.fr\/#website\"},\"primaryImageOfPage\":{\"@id\":\"https:\/\/festival-ismotscroises.fr\/?page_id=131#primaryimage\"},\"image\":{\"@id\":\"https:\/\/festival-ismotscroises.fr\/?page_id=131#primaryimage\"},\"thumbnailUrl\":\"http:\/\/festival-ismotscroises.fr\/wp-content\/plugins\/easy-media-gallery-pro\/includes\/images\/trans.png\",\"datePublished\":\"2015-06-18T18:08:54+00:00\",\"dateModified\":\"2023-03-24T14:51:07+00:00\",\"breadcrumb\":{\"@id\":\"https:\/\/festival-ismotscroises.fr\/?page_id=131#breadcrumb\"},\"inLanguage\":\"fr-FR\",\"potentialAction\":[{\"@type\":\"ReadAction\",\"target\":[\"https:\/\/festival-ismotscroises.fr\/?page_id=131\"]}]},{\"@type\":\"ImageObject\",\"inLanguage\":\"fr-FR\",\"@id\":\"https:\/\/festival-ismotscroises.fr\/?page_id=131#primaryimage\",\"url\":\"http:\/\/festival-ismotscroises.fr\/wp-content\/plugins\/easy-media-gallery-pro\/includes\/images\/trans.png\",\"contentUrl\":\"http:\/\/festival-ismotscroises.fr\/wp-content\/plugins\/easy-media-gallery-pro\/includes\/images\/trans.png\"},{\"@type\":\"BreadcrumbList\",\"@id\":\"https:\/\/festival-ismotscroises.fr\/?page_id=131#breadcrumb\",\"itemListElement\":[{\"@type\":\"ListItem\",\"position\":1,\"name\":\"Accueil\",\"item\":\"https:\/\/festival-ismotscroises.fr\/\"},{\"@type\":\"ListItem\",\"position\":2,\"name\":\"Tournoi des coll\u00e8ges\"}]},{\"@type\":\"WebSite\",\"@id\":\"https:\/\/festival-ismotscroises.fr\/#website\",\"url\":\"https:\/\/festival-ismotscroises.fr\/\",\"name\":\"Le Festival des mots crois\u00e9s \u00e0 Is-sur-Tille\",\"description\":\"La ville d&#039;Is-sur-Tille, en C\u00f4te-d&#039;Or, organise un festival annuel de mots crois\u00e9s depuis 1990..\",\"potentialAction\":[{\"@type\":\"SearchAction\",\"target\":{\"@type\":\"EntryPoint\",\"urlTemplate\":\"https:\/\/festival-ismotscroises.fr\/?s={search_term_string}\"},\"query-input\":\"required name=search_term_string\"}],\"inLanguage\":\"fr-FR\"}]}<\/script>\n<!-- \/ Yoast SEO plugin. -->","yoast_head_json":{"title":"Tournoi des coll\u00e8ges - Le Festival des mots crois\u00e9s \u00e0 Is-sur-Tille","robots":{"index":"index","follow":"follow","max-snippet":"max-snippet:-1","max-image-preview":"max-image-preview:large","max-video-preview":"max-video-preview:-1"},"canonical":"https:\/\/festival-ismotscroises.fr\/?page_id=131","og_locale":"fr_FR","og_type":"article","og_title":"Tournoi des coll\u00e8ges - Le Festival des mots crois\u00e9s \u00e0 Is-sur-Tille","og_description":"Tournoi des coll\u00e8ges 2010Pour la deuxi\u00e8me ann\u00e9e cons\u00e9cutive, les coll\u00e9giens ont pu entrer dans la comp\u00e9tition au niveau des seizi\u00e8mes de finales, ce qui a permis de qualifier 17 coll\u00e8ges, c'est-\u00e0-dire la totalit\u00e9 des \u00e9tablissements inscrits.C'est le coll\u00e8ge Roland-Dorgel\u00e8s de Longvic, qui l'a emport\u00e9, le samedi 22 mai 2010, au terme d'un match arr\u00eat\u00e9 sur [&hellip;]","og_url":"https:\/\/festival-ismotscroises.fr\/?page_id=131","og_site_name":"Le Festival des mots crois\u00e9s \u00e0 Is-sur-Tille","article_modified_time":"2023-03-24T14:51:07+00:00","og_image":[{"url":"http:\/\/festival-ismotscroises.fr\/wp-content\/plugins\/easy-media-gallery-pro\/includes\/images\/trans.png"}],"twitter_card":"summary_large_image","twitter_misc":{"Dur\u00e9e de lecture estim\u00e9e":"3 minutes"},"schema":{"@context":"https:\/\/schema.org","@graph":[{"@type":"WebPage","@id":"https:\/\/festival-ismotscroises.fr\/?page_id=131","url":"https:\/\/festival-ismotscroises.fr\/?page_id=131","name":"Tournoi des coll\u00e8ges - Le Festival des mots crois\u00e9s \u00e0 Is-sur-Tille","isPartOf":{"@id":"https:\/\/festival-ismotscroises.fr\/#website"},"primaryImageOfPage":{"@id":"https:\/\/festival-ismotscroises.fr\/?page_id=131#primaryimage"},"image":{"@id":"https:\/\/festival-ismotscroises.fr\/?page_id=131#primaryimage"},"thumbnailUrl":"http:\/\/festival-ismotscroises.fr\/wp-content\/plugins\/easy-media-gallery-pro\/includes\/images\/trans.png","datePublished":"2015-06-18T18:08:54+00:00","dateModified":"2023-03-24T14:51:07+00:00","breadcrumb":{"@id":"https:\/\/festival-ismotscroises.fr\/?page_id=131#breadcrumb"},"inLanguage":"fr-FR","potentialAction":[{"@type":"ReadAction","target":["https:\/\/festival-ismotscroises.fr\/?page_id=131"]}]},{"@type":"ImageObject","inLanguage":"fr-FR","@id":"https:\/\/festival-ismotscroises.fr\/?page_id=131#primaryimage","url":"http:\/\/festival-ismotscroises.fr\/wp-content\/plugins\/easy-media-gallery-pro\/includes\/images\/trans.png","contentUrl":"http:\/\/festival-ismotscroises.fr\/wp-content\/plugins\/easy-media-gallery-pro\/includes\/images\/trans.png"},{"@type":"BreadcrumbList","@id":"https:\/\/festival-ismotscroises.fr\/?page_id=131#breadcrumb","itemListElement":[{"@type":"ListItem","position":1,"name":"Accueil","item":"https:\/\/festival-ismotscroises.fr\/"},{"@type":"ListItem","position":2,"name":"Tournoi des coll\u00e8ges"}]},{"@type":"WebSite","@id":"https:\/\/festival-ismotscroises.fr\/#website","url":"https:\/\/festival-ismotscroises.fr\/","name":"Le Festival des mots crois\u00e9s \u00e0 Is-sur-Tille","description":"La ville d&#039;Is-sur-Tille, en C\u00f4te-d&#039;Or, organise un festival annuel de mots crois\u00e9s depuis 1990..","potentialAction":[{"@type":"SearchAction","target":{"@type":"EntryPoint","urlTemplate":"https:\/\/festival-ismotscroises.fr\/?s={search_term_string}"},"query-input":"required name=search_term_string"}],"inLanguage":"fr-FR"}]}},"_links":{"self":[{"href":"https:\/\/festival-ismotscroises.fr\/index.php?rest_route=\/wp\/v2\/pages\/131","targetHints":{"allow":["GET"]}}],"collection":[{"href":"https:\/\/festival-ismotscroises.fr\/index.php?rest_route=\/wp\/v2\/pages"}],"about":[{"href":"https:\/\/festival-ismotscroises.fr\/index.php?rest_route=\/wp\/v2\/types\/page"}],"author":[{"embeddable":true,"href":"https:\/\/festival-ismotscroises.fr\/index.php?rest_route=\/wp\/v2\/users\/2"}],"replies":[{"embeddable":true,"href":"https:\/\/festival-ismotscroises.fr\/index.php?rest_route=%2Fwp%2Fv2%2Fcomments&post=131"}],"version-history":[{"count":7,"href":"https:\/\/festival-ismotscroises.fr\/index.php?rest_route=\/wp\/v2\/pages\/131\/revisions"}],"predecessor-version":[{"id":1396,"href":"https:\/\/festival-ismotscroises.fr\/index.php?rest_route=\/wp\/v2\/pages\/131\/revisions\/1396"}],"wp:attachment":[{"href":"https:\/\/festival-ismotscroises.fr\/index.php?rest_route=%2Fwp%2Fv2%2Fmedia&parent=131"}],"curies":[{"name":"wp","href":"https:\/\/api.w.org\/{rel}","templated":true}]}}