{"id":122,"date":"2015-06-18T20:05:53","date_gmt":"2015-06-18T18:05:53","guid":{"rendered":"http:\/\/festival-ismotscroises.fr\/?page_id=122"},"modified":"2015-07-08T00:09:06","modified_gmt":"2015-07-07T22:09:06","slug":"tournoi-de-bourgogne-5","status":"publish","type":"page","link":"https:\/\/festival-ismotscroises.fr\/?page_id=122","title":{"rendered":"Tournoi de Bourgogne"},"content":{"rendered":"<div id=\"pl-122\"  class=\"panel-layout\" ><div id=\"pg-122-0\"  class=\"panel-grid panel-no-style\" ><div id=\"pgc-122-0-0\"  class=\"panel-grid-cell\" ><div id=\"panel-122-0-0-0\" class=\"so-panel widget panel-first-child panel-last-child\" data-index=\"0\" ><\/div><\/div><div id=\"pgc-122-0-1\"  class=\"panel-grid-cell\" ><div id=\"panel-122-0-1-0\" class=\"so-panel widget widget_black-studio-tinymce widget_black_studio_tinymce panel-first-child panel-last-child\" data-index=\"1\" ><div class=\"textwidget\"><h3 style=\"text-align: justify;\"><strong>Tournoi de Bourgogne 2011<\/strong><\/h3>\n<p style=\"text-align: justify;\">Une nouveaut\u00e9 cette ann\u00e9e\u00a0: le Tournoi de Bourgogne a eu lieu \u00e0 Dijon, le samedi 15 mai, dans le cadre de la Journ\u00e9e des sports de l'esprit, une rencontre annuelle organis\u00e9e par le Rotary Club de la Toison d'Or au profit de France Alzheimer.<br \/>La finale du tournoi solo est la copie conforme de celle de l'an dernier\u00a0: Bernard Philippet l'emporte sur Eric Saragossa. <br \/>Oppos\u00e9s \u00e0 Jean-Marie Champion et Michel Vanobost, Jean-Claude Gouy et Alain Bigeard gagnent la finale du tournoi duo.<\/p>\n<h4><strong>Palmar\u00e8s<\/strong><\/h4>\n<p><span style=\"color: #993300;\"><strong>Tournoi solo<\/strong><\/span><br \/>1 - PHILIPPET Bernard<br \/>2 - SARAGOSSA Eric<br \/>3 - MONNET Bernard<br \/>4 - FLAMBARD Georges<br \/>5 - MODAINE Marie-Fran\u00e7oise<br \/>6 - CATHENOD Fran\u00e7ois<br \/>7 - BONNIN Guy<br \/>8 - GONY Sylvie<br \/><span style=\"color: #993300;\"><strong>Tournoi Duo<\/strong><\/span><br \/>1 - GOUY\u00a0Jean-Claude \/ BIGEARD Alain<br \/>2 - CHAMPION Jean-Marie \/ VANOBOST Michel<br \/>3 - BORECKI Mireille \/ DRIOT Jean-Claude<br \/>4 - FERRON Jean-Claude \/ LAFOND Michel<br \/>5 - LEBRET Lionel \/ FLEUREY Jocelyne<br \/>6 - VAN HOUTTE Thierry \/ PATILLON B\u00e9n\u00e9dicte<br \/>7 - BEAUFEIST Fran\u00e7ois \/ SORDET Edith-Pauline<br \/>8 - DEVOS Ren\u00e9e \/ WILLEMIN Mich\u00e8le<\/p>\n<\/div><\/div><\/div><\/div><div id=\"pg-122-1\"  class=\"panel-grid panel-no-style\" ><div id=\"pgc-122-1-0\"  class=\"panel-grid-cell\" ><div id=\"panel-122-1-0-0\" class=\"so-panel widget widget_black-studio-tinymce widget_black_studio_tinymce panel-first-child panel-last-child\" data-index=\"2\" ><div class=\"textwidget\"><p><img loading=\"lazy\" decoding=\"async\" class=\" size-full wp-image-1496 alignright\" src=\"http:\/\/festival-ismotscroises.fr\/wp-content\/uploads\/2015\/07\/ISMOTSCROISES-LOGO.png\" alt=\"ISMOTSCROISES-LOGO\" width=\"152\" height=\"150\" \/><\/p>\n<\/div><\/div><\/div><\/div><\/div>","protected":false},"excerpt":{"rendered":"<p>Tournoi de Bourgogne 2011Une nouveaut\u00e9 cette ann\u00e9e\u00a0: le Tournoi de Bourgogne a eu lieu \u00e0 Dijon, le samedi 15 mai, dans le cadre de la Journ\u00e9e des sports de l&rsquo;esprit, une rencontre annuelle organis\u00e9e par le Rotary Club de la Toison d&rsquo;Or au profit de France Alzheimer.La finale du tournoi solo est la copie conforme [&hellip;]<\/p>\n","protected":false},"author":2,"featured_media":0,"parent":0,"menu_order":0,"comment_status":"closed","ping_status":"closed","template":"templates\/template-full-notitle.php","meta":{"_monsterinsights_skip_tracking":false,"_monsterinsights_sitenote_active":false,"_monsterinsights_sitenote_note":"","_monsterinsights_sitenote_category":0,"footnotes":""},"class_list":["post-122","page","type-page","status-publish","hentry","post"],"yoast_head":"<!-- This site is optimized with the Yoast SEO plugin v22.6 - https:\/\/yoast.com\/wordpress\/plugins\/seo\/ -->\n<title>Tournoi de Bourgogne - Le Festival des mots crois\u00e9s \u00e0 Is-sur-Tille<\/title>\n<meta name=\"robots\" content=\"index, follow, max-snippet:-1, max-image-preview:large, max-video-preview:-1\" \/>\n<link rel=\"canonical\" href=\"https:\/\/festival-ismotscroises.fr\/?page_id=122\" \/>\n<meta property=\"og:locale\" content=\"fr_FR\" \/>\n<meta property=\"og:type\" content=\"article\" \/>\n<meta property=\"og:title\" content=\"Tournoi de Bourgogne - Le Festival des mots crois\u00e9s \u00e0 Is-sur-Tille\" \/>\n<meta property=\"og:description\" content=\"Tournoi de Bourgogne 2011Une nouveaut\u00e9 cette ann\u00e9e\u00a0: le Tournoi de Bourgogne a eu lieu \u00e0 Dijon, le samedi 15 mai, dans le cadre de la Journ\u00e9e des sports de l&#039;esprit, une rencontre annuelle organis\u00e9e par le Rotary Club de la Toison d&#039;Or au profit de France Alzheimer.La finale du tournoi solo est la copie conforme [&hellip;]\" \/>\n<meta property=\"og:url\" content=\"https:\/\/festival-ismotscroises.fr\/?page_id=122\" \/>\n<meta property=\"og:site_name\" content=\"Le Festival des mots crois\u00e9s \u00e0 Is-sur-Tille\" \/>\n<meta property=\"article:modified_time\" content=\"2015-07-07T22:09:06+00:00\" \/>\n<meta property=\"og:image\" content=\"http:\/\/festival-ismotscroises.fr\/wp-content\/plugins\/easy-media-gallery-pro\/includes\/images\/trans.png\" \/>\n<meta name=\"twitter:card\" content=\"summary_large_image\" \/>\n<meta name=\"twitter:label1\" content=\"Dur\u00e9e de lecture estim\u00e9e\" \/>\n\t<meta name=\"twitter:data1\" content=\"1 minute\" \/>\n<script type=\"application\/ld+json\" class=\"yoast-schema-graph\">{\"@context\":\"https:\/\/schema.org\",\"@graph\":[{\"@type\":\"WebPage\",\"@id\":\"https:\/\/festival-ismotscroises.fr\/?page_id=122\",\"url\":\"https:\/\/festival-ismotscroises.fr\/?page_id=122\",\"name\":\"Tournoi de Bourgogne - Le Festival des mots crois\u00e9s \u00e0 Is-sur-Tille\",\"isPartOf\":{\"@id\":\"https:\/\/festival-ismotscroises.fr\/#website\"},\"primaryImageOfPage\":{\"@id\":\"https:\/\/festival-ismotscroises.fr\/?page_id=122#primaryimage\"},\"image\":{\"@id\":\"https:\/\/festival-ismotscroises.fr\/?page_id=122#primaryimage\"},\"thumbnailUrl\":\"http:\/\/festival-ismotscroises.fr\/wp-content\/plugins\/easy-media-gallery-pro\/includes\/images\/trans.png\",\"datePublished\":\"2015-06-18T18:05:53+00:00\",\"dateModified\":\"2015-07-07T22:09:06+00:00\",\"breadcrumb\":{\"@id\":\"https:\/\/festival-ismotscroises.fr\/?page_id=122#breadcrumb\"},\"inLanguage\":\"fr-FR\",\"potentialAction\":[{\"@type\":\"ReadAction\",\"target\":[\"https:\/\/festival-ismotscroises.fr\/?page_id=122\"]}]},{\"@type\":\"ImageObject\",\"inLanguage\":\"fr-FR\",\"@id\":\"https:\/\/festival-ismotscroises.fr\/?page_id=122#primaryimage\",\"url\":\"http:\/\/festival-ismotscroises.fr\/wp-content\/plugins\/easy-media-gallery-pro\/includes\/images\/trans.png\",\"contentUrl\":\"http:\/\/festival-ismotscroises.fr\/wp-content\/plugins\/easy-media-gallery-pro\/includes\/images\/trans.png\"},{\"@type\":\"BreadcrumbList\",\"@id\":\"https:\/\/festival-ismotscroises.fr\/?page_id=122#breadcrumb\",\"itemListElement\":[{\"@type\":\"ListItem\",\"position\":1,\"name\":\"Accueil\",\"item\":\"https:\/\/festival-ismotscroises.fr\/\"},{\"@type\":\"ListItem\",\"position\":2,\"name\":\"Tournoi de Bourgogne\"}]},{\"@type\":\"WebSite\",\"@id\":\"https:\/\/festival-ismotscroises.fr\/#website\",\"url\":\"https:\/\/festival-ismotscroises.fr\/\",\"name\":\"Le Festival des mots crois\u00e9s \u00e0 Is-sur-Tille\",\"description\":\"La ville d&#039;Is-sur-Tille, en C\u00f4te-d&#039;Or, organise un festival annuel de mots crois\u00e9s depuis 1990..\",\"potentialAction\":[{\"@type\":\"SearchAction\",\"target\":{\"@type\":\"EntryPoint\",\"urlTemplate\":\"https:\/\/festival-ismotscroises.fr\/?s={search_term_string}\"},\"query-input\":\"required name=search_term_string\"}],\"inLanguage\":\"fr-FR\"}]}<\/script>\n<!-- \/ Yoast SEO plugin. -->","yoast_head_json":{"title":"Tournoi de Bourgogne - Le Festival des mots crois\u00e9s \u00e0 Is-sur-Tille","robots":{"index":"index","follow":"follow","max-snippet":"max-snippet:-1","max-image-preview":"max-image-preview:large","max-video-preview":"max-video-preview:-1"},"canonical":"https:\/\/festival-ismotscroises.fr\/?page_id=122","og_locale":"fr_FR","og_type":"article","og_title":"Tournoi de Bourgogne - Le Festival des mots crois\u00e9s \u00e0 Is-sur-Tille","og_description":"Tournoi de Bourgogne 2011Une nouveaut\u00e9 cette ann\u00e9e\u00a0: le Tournoi de Bourgogne a eu lieu \u00e0 Dijon, le samedi 15 mai, dans le cadre de la Journ\u00e9e des sports de l'esprit, une rencontre annuelle organis\u00e9e par le Rotary Club de la Toison d'Or au profit de France Alzheimer.La finale du tournoi solo est la copie conforme [&hellip;]","og_url":"https:\/\/festival-ismotscroises.fr\/?page_id=122","og_site_name":"Le Festival des mots crois\u00e9s \u00e0 Is-sur-Tille","article_modified_time":"2015-07-07T22:09:06+00:00","og_image":[{"url":"http:\/\/festival-ismotscroises.fr\/wp-content\/plugins\/easy-media-gallery-pro\/includes\/images\/trans.png"}],"twitter_card":"summary_large_image","twitter_misc":{"Dur\u00e9e de lecture estim\u00e9e":"1 minute"},"schema":{"@context":"https:\/\/schema.org","@graph":[{"@type":"WebPage","@id":"https:\/\/festival-ismotscroises.fr\/?page_id=122","url":"https:\/\/festival-ismotscroises.fr\/?page_id=122","name":"Tournoi de Bourgogne - Le Festival des mots crois\u00e9s \u00e0 Is-sur-Tille","isPartOf":{"@id":"https:\/\/festival-ismotscroises.fr\/#website"},"primaryImageOfPage":{"@id":"https:\/\/festival-ismotscroises.fr\/?page_id=122#primaryimage"},"image":{"@id":"https:\/\/festival-ismotscroises.fr\/?page_id=122#primaryimage"},"thumbnailUrl":"http:\/\/festival-ismotscroises.fr\/wp-content\/plugins\/easy-media-gallery-pro\/includes\/images\/trans.png","datePublished":"2015-06-18T18:05:53+00:00","dateModified":"2015-07-07T22:09:06+00:00","breadcrumb":{"@id":"https:\/\/festival-ismotscroises.fr\/?page_id=122#breadcrumb"},"inLanguage":"fr-FR","potentialAction":[{"@type":"ReadAction","target":["https:\/\/festival-ismotscroises.fr\/?page_id=122"]}]},{"@type":"ImageObject","inLanguage":"fr-FR","@id":"https:\/\/festival-ismotscroises.fr\/?page_id=122#primaryimage","url":"http:\/\/festival-ismotscroises.fr\/wp-content\/plugins\/easy-media-gallery-pro\/includes\/images\/trans.png","contentUrl":"http:\/\/festival-ismotscroises.fr\/wp-content\/plugins\/easy-media-gallery-pro\/includes\/images\/trans.png"},{"@type":"BreadcrumbList","@id":"https:\/\/festival-ismotscroises.fr\/?page_id=122#breadcrumb","itemListElement":[{"@type":"ListItem","position":1,"name":"Accueil","item":"https:\/\/festival-ismotscroises.fr\/"},{"@type":"ListItem","position":2,"name":"Tournoi de Bourgogne"}]},{"@type":"WebSite","@id":"https:\/\/festival-ismotscroises.fr\/#website","url":"https:\/\/festival-ismotscroises.fr\/","name":"Le Festival des mots crois\u00e9s \u00e0 Is-sur-Tille","description":"La ville d&#039;Is-sur-Tille, en C\u00f4te-d&#039;Or, organise un festival annuel de mots crois\u00e9s depuis 1990..","potentialAction":[{"@type":"SearchAction","target":{"@type":"EntryPoint","urlTemplate":"https:\/\/festival-ismotscroises.fr\/?s={search_term_string}"},"query-input":"required name=search_term_string"}],"inLanguage":"fr-FR"}]}},"_links":{"self":[{"href":"https:\/\/festival-ismotscroises.fr\/index.php?rest_route=\/wp\/v2\/pages\/122","targetHints":{"allow":["GET"]}}],"collection":[{"href":"https:\/\/festival-ismotscroises.fr\/index.php?rest_route=\/wp\/v2\/pages"}],"about":[{"href":"https:\/\/festival-ismotscroises.fr\/index.php?rest_route=\/wp\/v2\/types\/page"}],"author":[{"embeddable":true,"href":"https:\/\/festival-ismotscroises.fr\/index.php?rest_route=\/wp\/v2\/users\/2"}],"replies":[{"embeddable":true,"href":"https:\/\/festival-ismotscroises.fr\/index.php?rest_route=%2Fwp%2Fv2%2Fcomments&post=122"}],"version-history":[{"count":9,"href":"https:\/\/festival-ismotscroises.fr\/index.php?rest_route=\/wp\/v2\/pages\/122\/revisions"}],"predecessor-version":[{"id":1517,"href":"https:\/\/festival-ismotscroises.fr\/index.php?rest_route=\/wp\/v2\/pages\/122\/revisions\/1517"}],"wp:attachment":[{"href":"https:\/\/festival-ismotscroises.fr\/index.php?rest_route=%2Fwp%2Fv2%2Fmedia&parent=122"}],"curies":[{"name":"wp","href":"https:\/\/api.w.org\/{rel}","templated":true}]}}