{"id":119,"date":"2015-06-18T20:04:41","date_gmt":"2015-06-18T18:04:41","guid":{"rendered":"http:\/\/festival-ismotscroises.fr\/?page_id=119"},"modified":"2023-03-24T15:53:15","modified_gmt":"2023-03-24T14:53:15","slug":"tournoi-des-colleges-6","status":"publish","type":"page","link":"https:\/\/festival-ismotscroises.fr\/?page_id=119","title":{"rendered":"Tournoi des coll\u00e8ges"},"content":{"rendered":"<div id=\"pl-119\"  class=\"panel-layout\" ><div id=\"pg-119-0\"  class=\"panel-grid panel-no-style\" ><div id=\"pgc-119-0-0\"  class=\"panel-grid-cell\" ><div id=\"panel-119-0-0-0\" class=\"so-panel widget panel-first-child panel-last-child\" data-index=\"0\" ><\/div><\/div><div id=\"pgc-119-0-1\"  class=\"panel-grid-cell\" ><div id=\"panel-119-0-1-0\" class=\"so-panel widget widget_black-studio-tinymce widget_black_studio_tinymce panel-first-child panel-last-child\" data-index=\"1\" ><div class=\"textwidget\"><h3 style=\"text-align: justify;\"><strong>Tournoi des coll\u00e8ges 2011<\/strong><\/h3>\n<p style=\"text-align: justify;\">Quinze coll\u00e8ges \u00e9taient inscrits \u00e0 l'\u00e9dition 2011 du Tournoi des coll\u00e8ges. Ils \u00e9taient repr\u00e9sent\u00e9s par une, deux ou trois \u00e9quipes \u00e0 la grande finale du 21 mai \u00e0 Is-sur-Tille, selon leurs r\u00e9sultats \u00e0 l'\u00e9preuve de qualification du 10 mars.<br \/>Comme d'habitude, le coll\u00e8ge de Montchapet, de Dijon, \u00e9tait repr\u00e9sent\u00e9 par des \u00e9l\u00e8ves bien entra\u00een\u00e9s, et l'une de ses deux \u00e9quipes a logiquement remport\u00e9 toutes les manches jusqu'au dernier match de la comp\u00e9tition. Mais les deux jeunes coll\u00e9giennes dijonnaises ont alors d\u00fb s'incliner devant une \u00e9quipe virtuose de Sombernon, qui a arr\u00eat\u00e9 la partie sur un sans-faute au bout de 3 minutes 50 secondes\u00a0! Un r\u00e9sultat sid\u00e9rant, obtenu par deux candidates qui ont reconnu ne pas s'\u00eatre entra\u00een\u00e9es excessivement, mais pris l'habitude de r\u00e9soudre ensemble des grilles de mots crois\u00e9s.<br \/>Apr\u00e8s cette finale rapidement conclue, les championnes du jour ont jou\u00e9 une derni\u00e8re partie amicale avec deux jeunes coll\u00e9giennes de Normandie,\u00a0 laur\u00e9ates d'un tournoi en tout point semblable au n\u00f4tre, organis\u00e9 par la Ville d'Eu en novembre 2010.<\/p>\n<h4><strong>Palmar\u00e8s<\/strong><\/h4>\n<p>(Dans le cas d'une \u00e9limination avant les demi-finales, les \u00e9quipes sont class\u00e9es selon les r\u00e9sultats obtenus lors de l'\u00e9preuve de qualification).<\/p>\n<p><span style=\"color: #993300;\"><strong>Finale<\/strong><\/span><br \/>1 Coll\u00e8ge Jacques-Mercusot, 1e \u00e9quipe (SOMBERNON)<br \/>2 Coll\u00e8ge Montchapet, 1e \u00e9quipe (DIJON)<br \/><span style=\"color: #993300;\"><strong>Demi-finales<\/strong><\/span><br \/>3 Coll\u00e8ge Marcelle-Pard\u00e9, 1e \u00e9quipe (DIJON) \u00a0<br \/>4 Coll\u00e8ge Paul-Fort, 2e \u00e9quipe (IS-SUR-TILLE)<br \/>Quarts de finales<br \/>5 Coll\u00e8ge Montchapet, 2e \u00e9quipe (DIJON)<br \/>6 Coll\u00e8ge Lumi\u00e8re, 1e \u00e9quipe (BESAN\u00c7ON)<br \/>7 Coll\u00e8ge Jean-Jaur\u00e8s, 1e \u00e9quipe (DAMPARIS)<br \/>8 Coll\u00e8ge Albert-Mathiez, 1e \u00e9quipe (MARNAY)<br \/><span style=\"color: #993300;\"><strong>Huiti\u00e8mes de finales<\/strong><\/span><br \/>9 Coll\u00e8ge La Champagne, 1e \u00e9quipe (GEVREY-CHAMBERTIN)<br \/>10 Coll\u00e8ge Clos-de-Pouilly, 1e \u00e9quipe (DIJON)<br \/>11 Coll\u00e8ge Marcelle-Pard\u00e9, 2e \u00e9quipe (DIJON) <br \/>12 Coll\u00e8ge Gaston-Roupnel, 2e \u00e9quipe (DIJON)<br \/>13 Coll\u00e8ge La Champagne, 3e \u00e9quipe (GEVREY-CHAMBERTIN) <br \/>14 Coll\u00e8ge Stendhal, 1e \u00e9quipe\u00a0 (BESAN\u00c7ON)<br \/>15 Coll\u00e8ge Stendhal, 2e \u00e9quipe\u00a0 (BESAN\u00c7ON)<br \/>16 Coll\u00e8ge Lazare-Carnot, 2e \u00e9quipe (NOLAY)<br \/><span style=\"color: #993300;\"><strong>Seizi\u00e8mes de finales<\/strong><\/span><br \/>17 Coll\u00e8ge La Champagne, 1e \u00e9quipe (GEVREY-CHAMBERTIN) <br \/>18 Coll\u00e8ge Paul-Fort, 1e \u00e9quipe (IS-SUR-TILLE))<br \/>19 Coll\u00e8ge Lazare-Carnot, 1e \u00e9quipe (NOLAY)<br \/>20 Coll\u00e8ge Gaston-Roupnel, 1e \u00e9quipe (DIJON) <br \/>21 Coll\u00e8ge Marcelle-Pard\u00e9, 3e \u00e9quipe (DIJON)<br \/>22 Coll\u00e8ge Champ-Lumi\u00e8re, 1e \u00e9quipe (SELONGEY)<br \/>23 Coll\u00e8ge Jacques-Mercusot, \u00a02e \u00e9quipe (SOMBERNON)<br \/>24 Coll\u00e8ge Lumi\u00e8re, 2e \u00e9quipe (BESAN\u00c7ON)<br \/>25 Coll\u00e8ge \u00c9mile-Lepitre, 1e \u00e9quipe (LAIGNES)<br \/>26 Coll\u00e8ge Champ-Lumi\u00e8re, 2e \u00e9quipe (SELONGEY)<br \/>27 Coll\u00e8ge \u00c9mile-Lepitre, 2e \u00e9quipe (LAIGNES)<br \/>28 Coll\u00e8ge Clos-de-Pouilly, 2e \u00e9quipe (DIJON)<br \/>29 Coll\u00e8ge Jean-Jaur\u00e8s, 2e \u00e9quipe (DAMPARIS)<br \/>30 Coll\u00e8ge Louis-Pasteur, (MONTBARD)<br \/>31 Coll\u00e8ge Paul-Fort, 3e \u00e9quipe (IS-SUR-TILLE)<br \/>32\u00a0Coll\u00e8ge Albert-Mathiez, 2e \u00e9quipe (MARNAY)<\/p>\n<\/div><\/div><\/div><\/div><div id=\"pg-119-1\"  class=\"panel-grid panel-no-style\" ><div id=\"pgc-119-1-0\"  class=\"panel-grid-cell\" ><div id=\"panel-119-1-0-0\" class=\"so-panel widget widget_black-studio-tinymce widget_black_studio_tinymce panel-first-child panel-last-child\" data-index=\"2\" ><div class=\"textwidget\"><p><img loading=\"lazy\" decoding=\"async\" class=\" size-medium wp-image-742 aligncenter\" src=\"http:\/\/festival-ismotscroises.fr\/wp-content\/uploads\/2015\/06\/MASCOTTE-300x264.png\" alt=\"MASCOTTE\" width=\"300\" height=\"264\" srcset=\"https:\/\/festival-ismotscroises.fr\/wp-content\/uploads\/2015\/06\/MASCOTTE-300x264.png 300w, https:\/\/festival-ismotscroises.fr\/wp-content\/uploads\/2015\/06\/MASCOTTE.png 535w\" sizes=\"auto, (max-width: 300px) 100vw, 300px\" \/><\/p>\n<\/div><\/div><\/div><\/div><\/div>","protected":false},"excerpt":{"rendered":"<p>Tournoi des coll\u00e8ges 2011Quinze coll\u00e8ges \u00e9taient inscrits \u00e0 l&rsquo;\u00e9dition 2011 du Tournoi des coll\u00e8ges. Ils \u00e9taient repr\u00e9sent\u00e9s par une, deux ou trois \u00e9quipes \u00e0 la grande finale du 21 mai \u00e0 Is-sur-Tille, selon leurs r\u00e9sultats \u00e0 l&rsquo;\u00e9preuve de qualification du 10 mars.Comme d&rsquo;habitude, le coll\u00e8ge de Montchapet, de Dijon, \u00e9tait repr\u00e9sent\u00e9 par des \u00e9l\u00e8ves bien [&hellip;]<\/p>\n","protected":false},"author":2,"featured_media":0,"parent":0,"menu_order":0,"comment_status":"closed","ping_status":"closed","template":"templates\/template-full-notitle.php","meta":{"_monsterinsights_skip_tracking":false,"_monsterinsights_sitenote_active":false,"_monsterinsights_sitenote_note":"","_monsterinsights_sitenote_category":0,"footnotes":""},"class_list":["post-119","page","type-page","status-publish","hentry","post"],"yoast_head":"<!-- This site is optimized with the Yoast SEO plugin v22.6 - https:\/\/yoast.com\/wordpress\/plugins\/seo\/ -->\n<title>Tournoi des coll\u00e8ges - Le Festival des mots crois\u00e9s \u00e0 Is-sur-Tille<\/title>\n<meta name=\"robots\" content=\"index, follow, max-snippet:-1, max-image-preview:large, max-video-preview:-1\" \/>\n<link rel=\"canonical\" href=\"https:\/\/festival-ismotscroises.fr\/?page_id=119\" \/>\n<meta property=\"og:locale\" content=\"fr_FR\" \/>\n<meta property=\"og:type\" content=\"article\" \/>\n<meta property=\"og:title\" content=\"Tournoi des coll\u00e8ges - Le Festival des mots crois\u00e9s \u00e0 Is-sur-Tille\" \/>\n<meta property=\"og:description\" content=\"Tournoi des coll\u00e8ges 2011Quinze coll\u00e8ges \u00e9taient inscrits \u00e0 l&#039;\u00e9dition 2011 du Tournoi des coll\u00e8ges. Ils \u00e9taient repr\u00e9sent\u00e9s par une, deux ou trois \u00e9quipes \u00e0 la grande finale du 21 mai \u00e0 Is-sur-Tille, selon leurs r\u00e9sultats \u00e0 l&#039;\u00e9preuve de qualification du 10 mars.Comme d&#039;habitude, le coll\u00e8ge de Montchapet, de Dijon, \u00e9tait repr\u00e9sent\u00e9 par des \u00e9l\u00e8ves bien [&hellip;]\" \/>\n<meta property=\"og:url\" content=\"https:\/\/festival-ismotscroises.fr\/?page_id=119\" \/>\n<meta property=\"og:site_name\" content=\"Le Festival des mots crois\u00e9s \u00e0 Is-sur-Tille\" \/>\n<meta property=\"article:modified_time\" content=\"2023-03-24T14:53:15+00:00\" \/>\n<meta property=\"og:image\" content=\"http:\/\/festival-ismotscroises.fr\/wp-content\/plugins\/easy-media-gallery-pro\/includes\/images\/trans.png\" \/>\n<meta name=\"twitter:card\" content=\"summary_large_image\" \/>\n<meta name=\"twitter:label1\" content=\"Dur\u00e9e de lecture estim\u00e9e\" \/>\n\t<meta name=\"twitter:data1\" content=\"2 minutes\" \/>\n<script type=\"application\/ld+json\" class=\"yoast-schema-graph\">{\"@context\":\"https:\/\/schema.org\",\"@graph\":[{\"@type\":\"WebPage\",\"@id\":\"https:\/\/festival-ismotscroises.fr\/?page_id=119\",\"url\":\"https:\/\/festival-ismotscroises.fr\/?page_id=119\",\"name\":\"Tournoi des coll\u00e8ges - Le Festival des mots crois\u00e9s \u00e0 Is-sur-Tille\",\"isPartOf\":{\"@id\":\"https:\/\/festival-ismotscroises.fr\/#website\"},\"primaryImageOfPage\":{\"@id\":\"https:\/\/festival-ismotscroises.fr\/?page_id=119#primaryimage\"},\"image\":{\"@id\":\"https:\/\/festival-ismotscroises.fr\/?page_id=119#primaryimage\"},\"thumbnailUrl\":\"http:\/\/festival-ismotscroises.fr\/wp-content\/plugins\/easy-media-gallery-pro\/includes\/images\/trans.png\",\"datePublished\":\"2015-06-18T18:04:41+00:00\",\"dateModified\":\"2023-03-24T14:53:15+00:00\",\"breadcrumb\":{\"@id\":\"https:\/\/festival-ismotscroises.fr\/?page_id=119#breadcrumb\"},\"inLanguage\":\"fr-FR\",\"potentialAction\":[{\"@type\":\"ReadAction\",\"target\":[\"https:\/\/festival-ismotscroises.fr\/?page_id=119\"]}]},{\"@type\":\"ImageObject\",\"inLanguage\":\"fr-FR\",\"@id\":\"https:\/\/festival-ismotscroises.fr\/?page_id=119#primaryimage\",\"url\":\"http:\/\/festival-ismotscroises.fr\/wp-content\/plugins\/easy-media-gallery-pro\/includes\/images\/trans.png\",\"contentUrl\":\"http:\/\/festival-ismotscroises.fr\/wp-content\/plugins\/easy-media-gallery-pro\/includes\/images\/trans.png\"},{\"@type\":\"BreadcrumbList\",\"@id\":\"https:\/\/festival-ismotscroises.fr\/?page_id=119#breadcrumb\",\"itemListElement\":[{\"@type\":\"ListItem\",\"position\":1,\"name\":\"Accueil\",\"item\":\"https:\/\/festival-ismotscroises.fr\/\"},{\"@type\":\"ListItem\",\"position\":2,\"name\":\"Tournoi des coll\u00e8ges\"}]},{\"@type\":\"WebSite\",\"@id\":\"https:\/\/festival-ismotscroises.fr\/#website\",\"url\":\"https:\/\/festival-ismotscroises.fr\/\",\"name\":\"Le Festival des mots crois\u00e9s \u00e0 Is-sur-Tille\",\"description\":\"La ville d&#039;Is-sur-Tille, en C\u00f4te-d&#039;Or, organise un festival annuel de mots crois\u00e9s depuis 1990..\",\"potentialAction\":[{\"@type\":\"SearchAction\",\"target\":{\"@type\":\"EntryPoint\",\"urlTemplate\":\"https:\/\/festival-ismotscroises.fr\/?s={search_term_string}\"},\"query-input\":\"required name=search_term_string\"}],\"inLanguage\":\"fr-FR\"}]}<\/script>\n<!-- \/ Yoast SEO plugin. -->","yoast_head_json":{"title":"Tournoi des coll\u00e8ges - Le Festival des mots crois\u00e9s \u00e0 Is-sur-Tille","robots":{"index":"index","follow":"follow","max-snippet":"max-snippet:-1","max-image-preview":"max-image-preview:large","max-video-preview":"max-video-preview:-1"},"canonical":"https:\/\/festival-ismotscroises.fr\/?page_id=119","og_locale":"fr_FR","og_type":"article","og_title":"Tournoi des coll\u00e8ges - Le Festival des mots crois\u00e9s \u00e0 Is-sur-Tille","og_description":"Tournoi des coll\u00e8ges 2011Quinze coll\u00e8ges \u00e9taient inscrits \u00e0 l'\u00e9dition 2011 du Tournoi des coll\u00e8ges. Ils \u00e9taient repr\u00e9sent\u00e9s par une, deux ou trois \u00e9quipes \u00e0 la grande finale du 21 mai \u00e0 Is-sur-Tille, selon leurs r\u00e9sultats \u00e0 l'\u00e9preuve de qualification du 10 mars.Comme d'habitude, le coll\u00e8ge de Montchapet, de Dijon, \u00e9tait repr\u00e9sent\u00e9 par des \u00e9l\u00e8ves bien [&hellip;]","og_url":"https:\/\/festival-ismotscroises.fr\/?page_id=119","og_site_name":"Le Festival des mots crois\u00e9s \u00e0 Is-sur-Tille","article_modified_time":"2023-03-24T14:53:15+00:00","og_image":[{"url":"http:\/\/festival-ismotscroises.fr\/wp-content\/plugins\/easy-media-gallery-pro\/includes\/images\/trans.png"}],"twitter_card":"summary_large_image","twitter_misc":{"Dur\u00e9e de lecture estim\u00e9e":"2 minutes"},"schema":{"@context":"https:\/\/schema.org","@graph":[{"@type":"WebPage","@id":"https:\/\/festival-ismotscroises.fr\/?page_id=119","url":"https:\/\/festival-ismotscroises.fr\/?page_id=119","name":"Tournoi des coll\u00e8ges - Le Festival des mots crois\u00e9s \u00e0 Is-sur-Tille","isPartOf":{"@id":"https:\/\/festival-ismotscroises.fr\/#website"},"primaryImageOfPage":{"@id":"https:\/\/festival-ismotscroises.fr\/?page_id=119#primaryimage"},"image":{"@id":"https:\/\/festival-ismotscroises.fr\/?page_id=119#primaryimage"},"thumbnailUrl":"http:\/\/festival-ismotscroises.fr\/wp-content\/plugins\/easy-media-gallery-pro\/includes\/images\/trans.png","datePublished":"2015-06-18T18:04:41+00:00","dateModified":"2023-03-24T14:53:15+00:00","breadcrumb":{"@id":"https:\/\/festival-ismotscroises.fr\/?page_id=119#breadcrumb"},"inLanguage":"fr-FR","potentialAction":[{"@type":"ReadAction","target":["https:\/\/festival-ismotscroises.fr\/?page_id=119"]}]},{"@type":"ImageObject","inLanguage":"fr-FR","@id":"https:\/\/festival-ismotscroises.fr\/?page_id=119#primaryimage","url":"http:\/\/festival-ismotscroises.fr\/wp-content\/plugins\/easy-media-gallery-pro\/includes\/images\/trans.png","contentUrl":"http:\/\/festival-ismotscroises.fr\/wp-content\/plugins\/easy-media-gallery-pro\/includes\/images\/trans.png"},{"@type":"BreadcrumbList","@id":"https:\/\/festival-ismotscroises.fr\/?page_id=119#breadcrumb","itemListElement":[{"@type":"ListItem","position":1,"name":"Accueil","item":"https:\/\/festival-ismotscroises.fr\/"},{"@type":"ListItem","position":2,"name":"Tournoi des coll\u00e8ges"}]},{"@type":"WebSite","@id":"https:\/\/festival-ismotscroises.fr\/#website","url":"https:\/\/festival-ismotscroises.fr\/","name":"Le Festival des mots crois\u00e9s \u00e0 Is-sur-Tille","description":"La ville d&#039;Is-sur-Tille, en C\u00f4te-d&#039;Or, organise un festival annuel de mots crois\u00e9s depuis 1990..","potentialAction":[{"@type":"SearchAction","target":{"@type":"EntryPoint","urlTemplate":"https:\/\/festival-ismotscroises.fr\/?s={search_term_string}"},"query-input":"required name=search_term_string"}],"inLanguage":"fr-FR"}]}},"_links":{"self":[{"href":"https:\/\/festival-ismotscroises.fr\/index.php?rest_route=\/wp\/v2\/pages\/119","targetHints":{"allow":["GET"]}}],"collection":[{"href":"https:\/\/festival-ismotscroises.fr\/index.php?rest_route=\/wp\/v2\/pages"}],"about":[{"href":"https:\/\/festival-ismotscroises.fr\/index.php?rest_route=\/wp\/v2\/types\/page"}],"author":[{"embeddable":true,"href":"https:\/\/festival-ismotscroises.fr\/index.php?rest_route=\/wp\/v2\/users\/2"}],"replies":[{"embeddable":true,"href":"https:\/\/festival-ismotscroises.fr\/index.php?rest_route=%2Fwp%2Fv2%2Fcomments&post=119"}],"version-history":[{"count":7,"href":"https:\/\/festival-ismotscroises.fr\/index.php?rest_route=\/wp\/v2\/pages\/119\/revisions"}],"predecessor-version":[{"id":1393,"href":"https:\/\/festival-ismotscroises.fr\/index.php?rest_route=\/wp\/v2\/pages\/119\/revisions\/1393"}],"wp:attachment":[{"href":"https:\/\/festival-ismotscroises.fr\/index.php?rest_route=%2Fwp%2Fv2%2Fmedia&parent=119"}],"curies":[{"name":"wp","href":"https:\/\/api.w.org\/{rel}","templated":true}]}}