{"id":113,"date":"2015-06-18T19:59:44","date_gmt":"2015-06-18T17:59:44","guid":{"rendered":"http:\/\/festival-ismotscroises.fr\/?page_id=113"},"modified":"2015-07-08T00:07:42","modified_gmt":"2015-07-07T22:07:42","slug":"tournoi-de-bourgogne-4","status":"publish","type":"page","link":"https:\/\/festival-ismotscroises.fr\/?page_id=113","title":{"rendered":"Tournoi de Bourgogne"},"content":{"rendered":"<div id=\"pl-113\"  class=\"panel-layout\" ><div id=\"pg-113-0\"  class=\"panel-grid panel-no-style\" ><div id=\"pgc-113-0-0\"  class=\"panel-grid-cell\" ><div id=\"panel-113-0-0-0\" class=\"so-panel widget panel-first-child panel-last-child\" data-index=\"0\" ><\/div><\/div><div id=\"pgc-113-0-1\"  class=\"panel-grid-cell\" ><div id=\"panel-113-0-1-0\" class=\"so-panel widget widget_black-studio-tinymce widget_black_studio_tinymce panel-first-child panel-last-child\" data-index=\"1\" ><div class=\"textwidget\"><h3 style=\"text-align: justify;\"><strong>Tournoi de Bourgogne 2012<\/strong><\/h3>\n<p style=\"text-align: justify;\">Apr\u00e8s une \u00ab d\u00e9localisation \u00bb \u00e0 Dijon en 2011, le Tournoi de Bourgogne revient dans sa ville natale, avec une double formule solo et duo inaugur\u00e9e en 2008. L'actualit\u00e9 encore bruissante d'une \u00e9lection pr\u00e9sidentielle a fourni \u00e0 Jean Rossat un th\u00e8me pour des grilles\u2026 politiquement correctes. Exemple d'une d\u00e9finition glan\u00e9e au fil des commentaires de l'auteur lors des corrections : emploi ? Branche de Sapin.<br \/>Les huit premiers qualifi\u00e9s \u00e0 l'\u00e9preuve du matin ont bataill\u00e9 seuls devant les chevalets, et c'est Bernard Philippet qui s'est impos\u00e9, sans grande surprise. C\u00f4t\u00e9 duo, les cruciverbistes locaux Jo\u00ebl Mangin et Mireille Borecki ont fait une belle perc\u00e9e puisqu'on les trouve dans les deux premi\u00e8res \u00e9quipes du tournoi.<\/p>\n<h4><strong>Palmar\u00e8s<\/strong><\/h4>\n<p><span style=\"color: #993300;\"><strong>Tournoi solo<\/strong><\/span><br \/>1 - PHILIPPET Bernard<br \/>2 - BONNIN Guy<br \/>3 - SARAGOSSA \u00c9ric<br \/>4 - BEAUFEIST Fran\u00e7ois<br \/>5 - CIERNIAK Daniel<br \/>6 - FLAMBARD Georges<br \/>7 - VAN HOUTTE Thierry<br \/>8 - GONY Sylvie<\/p>\n<p><strong><span style=\"color: #993300;\">Tournoi Duo<\/span><\/strong><br \/>1 - GOUY Jean-Claude \/ MANGIN Jo\u00ebl<br \/>2 - BORECKI Mireille \/ BERNARD Pierre<br \/>3 - MODAINE Marie-Fran\u00e7oise \/ BIGEARD Alain<br \/>4 - FOURR\u00c9 Fran\u00e7oise \/ MULLER Christian<br \/>5 - VELTZ Cyrille \/ CIERNIAK Marie-Paule<br \/>6 - FERRON Jean-Claude \/ PINAI Jean-Luc<br \/>7 - LAFOND Michel \/ FAIVRE Danielle<br \/>8 - BRUGER Thierry \/ CHENELLE Jean-Pierre<br \/>9 - LEBRET Lionel \/ RICHARD Denis<br \/>10 - MONNET Bernard \/ MIGNOD Jean-Baptiste<br \/>11 - VANABOST Michel \/ SORDET-PAULIN Edith<br \/>12 - WILLEMIN Mich\u00e8le \/ SALOM Evelyne<br \/>13 - DEBIERE Marie-H\u00e9l\u00e8ne \/ BOCCON Christian<br \/>14 - LONGREE Patricia \/ FLAMBARD Annick<\/p>\n<\/div><\/div><\/div><\/div><div id=\"pg-113-1\"  class=\"panel-grid panel-no-style\" ><div id=\"pgc-113-1-0\"  class=\"panel-grid-cell\" ><div id=\"panel-113-1-0-0\" class=\"so-panel widget widget_black-studio-tinymce widget_black_studio_tinymce panel-first-child panel-last-child\" data-index=\"2\" ><div class=\"textwidget\"><p><img loading=\"lazy\" decoding=\"async\" class=\" size-full wp-image-1496 alignright\" src=\"http:\/\/festival-ismotscroises.fr\/wp-content\/uploads\/2015\/07\/ISMOTSCROISES-LOGO.png\" alt=\"ISMOTSCROISES-LOGO\" width=\"152\" height=\"150\" \/><\/p>\n<\/div><\/div><\/div><\/div><\/div>","protected":false},"excerpt":{"rendered":"<p>Tournoi de Bourgogne 2012Apr\u00e8s une \u00ab d\u00e9localisation \u00bb \u00e0 Dijon en 2011, le Tournoi de Bourgogne revient dans sa ville natale, avec une double formule solo et duo inaugur\u00e9e en 2008. L&rsquo;actualit\u00e9 encore bruissante d&rsquo;une \u00e9lection pr\u00e9sidentielle a fourni \u00e0 Jean Rossat un th\u00e8me pour des grilles\u2026 politiquement correctes. Exemple d&rsquo;une d\u00e9finition glan\u00e9e au fil [&hellip;]<\/p>\n","protected":false},"author":2,"featured_media":0,"parent":0,"menu_order":0,"comment_status":"closed","ping_status":"closed","template":"templates\/template-full-notitle.php","meta":{"_monsterinsights_skip_tracking":false,"_monsterinsights_sitenote_active":false,"_monsterinsights_sitenote_note":"","_monsterinsights_sitenote_category":0,"footnotes":""},"class_list":["post-113","page","type-page","status-publish","hentry","post"],"yoast_head":"<!-- This site is optimized with the Yoast SEO plugin v22.6 - https:\/\/yoast.com\/wordpress\/plugins\/seo\/ -->\n<title>Tournoi de Bourgogne - Le Festival des mots crois\u00e9s \u00e0 Is-sur-Tille<\/title>\n<meta name=\"robots\" content=\"index, follow, max-snippet:-1, max-image-preview:large, max-video-preview:-1\" \/>\n<link rel=\"canonical\" href=\"https:\/\/festival-ismotscroises.fr\/?page_id=113\" \/>\n<meta property=\"og:locale\" content=\"fr_FR\" \/>\n<meta property=\"og:type\" content=\"article\" \/>\n<meta property=\"og:title\" content=\"Tournoi de Bourgogne - Le Festival des mots crois\u00e9s \u00e0 Is-sur-Tille\" \/>\n<meta property=\"og:description\" content=\"Tournoi de Bourgogne 2012Apr\u00e8s une \u00ab d\u00e9localisation \u00bb \u00e0 Dijon en 2011, le Tournoi de Bourgogne revient dans sa ville natale, avec une double formule solo et duo inaugur\u00e9e en 2008. L&#039;actualit\u00e9 encore bruissante d&#039;une \u00e9lection pr\u00e9sidentielle a fourni \u00e0 Jean Rossat un th\u00e8me pour des grilles\u2026 politiquement correctes. Exemple d&#039;une d\u00e9finition glan\u00e9e au fil [&hellip;]\" \/>\n<meta property=\"og:url\" content=\"https:\/\/festival-ismotscroises.fr\/?page_id=113\" \/>\n<meta property=\"og:site_name\" content=\"Le Festival des mots crois\u00e9s \u00e0 Is-sur-Tille\" \/>\n<meta property=\"article:modified_time\" content=\"2015-07-07T22:07:42+00:00\" \/>\n<meta property=\"og:image\" content=\"http:\/\/festival-ismotscroises.fr\/wp-content\/plugins\/easy-media-gallery-pro\/includes\/images\/trans.png\" \/>\n<meta name=\"twitter:card\" content=\"summary_large_image\" \/>\n<meta name=\"twitter:label1\" content=\"Dur\u00e9e de lecture estim\u00e9e\" \/>\n\t<meta name=\"twitter:data1\" content=\"1 minute\" \/>\n<script type=\"application\/ld+json\" class=\"yoast-schema-graph\">{\"@context\":\"https:\/\/schema.org\",\"@graph\":[{\"@type\":\"WebPage\",\"@id\":\"https:\/\/festival-ismotscroises.fr\/?page_id=113\",\"url\":\"https:\/\/festival-ismotscroises.fr\/?page_id=113\",\"name\":\"Tournoi de Bourgogne - Le Festival des mots crois\u00e9s \u00e0 Is-sur-Tille\",\"isPartOf\":{\"@id\":\"https:\/\/festival-ismotscroises.fr\/#website\"},\"primaryImageOfPage\":{\"@id\":\"https:\/\/festival-ismotscroises.fr\/?page_id=113#primaryimage\"},\"image\":{\"@id\":\"https:\/\/festival-ismotscroises.fr\/?page_id=113#primaryimage\"},\"thumbnailUrl\":\"http:\/\/festival-ismotscroises.fr\/wp-content\/plugins\/easy-media-gallery-pro\/includes\/images\/trans.png\",\"datePublished\":\"2015-06-18T17:59:44+00:00\",\"dateModified\":\"2015-07-07T22:07:42+00:00\",\"breadcrumb\":{\"@id\":\"https:\/\/festival-ismotscroises.fr\/?page_id=113#breadcrumb\"},\"inLanguage\":\"fr-FR\",\"potentialAction\":[{\"@type\":\"ReadAction\",\"target\":[\"https:\/\/festival-ismotscroises.fr\/?page_id=113\"]}]},{\"@type\":\"ImageObject\",\"inLanguage\":\"fr-FR\",\"@id\":\"https:\/\/festival-ismotscroises.fr\/?page_id=113#primaryimage\",\"url\":\"http:\/\/festival-ismotscroises.fr\/wp-content\/plugins\/easy-media-gallery-pro\/includes\/images\/trans.png\",\"contentUrl\":\"http:\/\/festival-ismotscroises.fr\/wp-content\/plugins\/easy-media-gallery-pro\/includes\/images\/trans.png\"},{\"@type\":\"BreadcrumbList\",\"@id\":\"https:\/\/festival-ismotscroises.fr\/?page_id=113#breadcrumb\",\"itemListElement\":[{\"@type\":\"ListItem\",\"position\":1,\"name\":\"Accueil\",\"item\":\"https:\/\/festival-ismotscroises.fr\/\"},{\"@type\":\"ListItem\",\"position\":2,\"name\":\"Tournoi de Bourgogne\"}]},{\"@type\":\"WebSite\",\"@id\":\"https:\/\/festival-ismotscroises.fr\/#website\",\"url\":\"https:\/\/festival-ismotscroises.fr\/\",\"name\":\"Le Festival des mots crois\u00e9s \u00e0 Is-sur-Tille\",\"description\":\"La ville d&#039;Is-sur-Tille, en C\u00f4te-d&#039;Or, organise un festival annuel de mots crois\u00e9s depuis 1990..\",\"potentialAction\":[{\"@type\":\"SearchAction\",\"target\":{\"@type\":\"EntryPoint\",\"urlTemplate\":\"https:\/\/festival-ismotscroises.fr\/?s={search_term_string}\"},\"query-input\":\"required name=search_term_string\"}],\"inLanguage\":\"fr-FR\"}]}<\/script>\n<!-- \/ Yoast SEO plugin. -->","yoast_head_json":{"title":"Tournoi de Bourgogne - Le Festival des mots crois\u00e9s \u00e0 Is-sur-Tille","robots":{"index":"index","follow":"follow","max-snippet":"max-snippet:-1","max-image-preview":"max-image-preview:large","max-video-preview":"max-video-preview:-1"},"canonical":"https:\/\/festival-ismotscroises.fr\/?page_id=113","og_locale":"fr_FR","og_type":"article","og_title":"Tournoi de Bourgogne - Le Festival des mots crois\u00e9s \u00e0 Is-sur-Tille","og_description":"Tournoi de Bourgogne 2012Apr\u00e8s une \u00ab d\u00e9localisation \u00bb \u00e0 Dijon en 2011, le Tournoi de Bourgogne revient dans sa ville natale, avec une double formule solo et duo inaugur\u00e9e en 2008. L'actualit\u00e9 encore bruissante d'une \u00e9lection pr\u00e9sidentielle a fourni \u00e0 Jean Rossat un th\u00e8me pour des grilles\u2026 politiquement correctes. Exemple d'une d\u00e9finition glan\u00e9e au fil [&hellip;]","og_url":"https:\/\/festival-ismotscroises.fr\/?page_id=113","og_site_name":"Le Festival des mots crois\u00e9s \u00e0 Is-sur-Tille","article_modified_time":"2015-07-07T22:07:42+00:00","og_image":[{"url":"http:\/\/festival-ismotscroises.fr\/wp-content\/plugins\/easy-media-gallery-pro\/includes\/images\/trans.png"}],"twitter_card":"summary_large_image","twitter_misc":{"Dur\u00e9e de lecture estim\u00e9e":"1 minute"},"schema":{"@context":"https:\/\/schema.org","@graph":[{"@type":"WebPage","@id":"https:\/\/festival-ismotscroises.fr\/?page_id=113","url":"https:\/\/festival-ismotscroises.fr\/?page_id=113","name":"Tournoi de Bourgogne - Le Festival des mots crois\u00e9s \u00e0 Is-sur-Tille","isPartOf":{"@id":"https:\/\/festival-ismotscroises.fr\/#website"},"primaryImageOfPage":{"@id":"https:\/\/festival-ismotscroises.fr\/?page_id=113#primaryimage"},"image":{"@id":"https:\/\/festival-ismotscroises.fr\/?page_id=113#primaryimage"},"thumbnailUrl":"http:\/\/festival-ismotscroises.fr\/wp-content\/plugins\/easy-media-gallery-pro\/includes\/images\/trans.png","datePublished":"2015-06-18T17:59:44+00:00","dateModified":"2015-07-07T22:07:42+00:00","breadcrumb":{"@id":"https:\/\/festival-ismotscroises.fr\/?page_id=113#breadcrumb"},"inLanguage":"fr-FR","potentialAction":[{"@type":"ReadAction","target":["https:\/\/festival-ismotscroises.fr\/?page_id=113"]}]},{"@type":"ImageObject","inLanguage":"fr-FR","@id":"https:\/\/festival-ismotscroises.fr\/?page_id=113#primaryimage","url":"http:\/\/festival-ismotscroises.fr\/wp-content\/plugins\/easy-media-gallery-pro\/includes\/images\/trans.png","contentUrl":"http:\/\/festival-ismotscroises.fr\/wp-content\/plugins\/easy-media-gallery-pro\/includes\/images\/trans.png"},{"@type":"BreadcrumbList","@id":"https:\/\/festival-ismotscroises.fr\/?page_id=113#breadcrumb","itemListElement":[{"@type":"ListItem","position":1,"name":"Accueil","item":"https:\/\/festival-ismotscroises.fr\/"},{"@type":"ListItem","position":2,"name":"Tournoi de Bourgogne"}]},{"@type":"WebSite","@id":"https:\/\/festival-ismotscroises.fr\/#website","url":"https:\/\/festival-ismotscroises.fr\/","name":"Le Festival des mots crois\u00e9s \u00e0 Is-sur-Tille","description":"La ville d&#039;Is-sur-Tille, en C\u00f4te-d&#039;Or, organise un festival annuel de mots crois\u00e9s depuis 1990..","potentialAction":[{"@type":"SearchAction","target":{"@type":"EntryPoint","urlTemplate":"https:\/\/festival-ismotscroises.fr\/?s={search_term_string}"},"query-input":"required name=search_term_string"}],"inLanguage":"fr-FR"}]}},"_links":{"self":[{"href":"https:\/\/festival-ismotscroises.fr\/index.php?rest_route=\/wp\/v2\/pages\/113","targetHints":{"allow":["GET"]}}],"collection":[{"href":"https:\/\/festival-ismotscroises.fr\/index.php?rest_route=\/wp\/v2\/pages"}],"about":[{"href":"https:\/\/festival-ismotscroises.fr\/index.php?rest_route=\/wp\/v2\/types\/page"}],"author":[{"embeddable":true,"href":"https:\/\/festival-ismotscroises.fr\/index.php?rest_route=\/wp\/v2\/users\/2"}],"replies":[{"embeddable":true,"href":"https:\/\/festival-ismotscroises.fr\/index.php?rest_route=%2Fwp%2Fv2%2Fcomments&post=113"}],"version-history":[{"count":8,"href":"https:\/\/festival-ismotscroises.fr\/index.php?rest_route=\/wp\/v2\/pages\/113\/revisions"}],"predecessor-version":[{"id":1515,"href":"https:\/\/festival-ismotscroises.fr\/index.php?rest_route=\/wp\/v2\/pages\/113\/revisions\/1515"}],"wp:attachment":[{"href":"https:\/\/festival-ismotscroises.fr\/index.php?rest_route=%2Fwp%2Fv2%2Fmedia&parent=113"}],"curies":[{"name":"wp","href":"https:\/\/api.w.org\/{rel}","templated":true}]}}