{"id":1116,"date":"2015-07-02T14:24:22","date_gmt":"2015-07-02T12:24:22","guid":{"rendered":"http:\/\/festival-ismotscroises.fr\/?page_id=1116"},"modified":"2015-07-08T00:30:14","modified_gmt":"2015-07-07T22:30:14","slug":"festival","status":"publish","type":"page","link":"https:\/\/festival-ismotscroises.fr\/?page_id=1116","title":{"rendered":"La f\u00eate"},"content":{"rendered":"<div id=\"pl-1116\"  class=\"panel-layout\" ><div id=\"pg-1116-0\"  class=\"panel-grid panel-no-style\" ><div id=\"pgc-1116-0-0\"  class=\"panel-grid-cell\" ><div id=\"panel-1116-0-0-0\" class=\"so-panel widget widget_black-studio-tinymce widget_black_studio_tinymce panel-first-child panel-last-child\" data-index=\"0\" ><div class=\"textwidget\"><h3 style=\"text-align: justify;\"><strong>F\u00eate 2000<\/strong><\/h3>\n<h4 style=\"text-align: justify;\"><strong>Un festival en pleine \u00e9volution<\/strong><\/h4>\n<p style=\"text-align: justify;\">En 2000, la grande f\u00eate des saltimbanques et des bouquinistes a bien failli \u00eatre g\u00e2ch\u00e9e par la pluie et le vent, heureusement survenus quand l'apr\u00e8s-midi \u00e9tait bien avanc\u00e9. Les organisateurs n'allaient pas renouveler cette formule de stands en plein air, \u00e0 la r\u00e9ussite trop incertaine avec les al\u00e9as du temps. Mieux abrit\u00e9, un salon des collectionneurs se d\u00e9roulait en m\u00eame temps dans la salle omnisports des Capucins. Cet \u00e9v\u00e9nement, sans pr\u00e9c\u00e9dent en marge d'un festival de mots crois\u00e9s, ne serait pas davantage p\u00e9rennis\u00e9, peut-\u00eatre parce qu'il \u00e9tait trop \u00e9loign\u00e9 d'un \u00e9v\u00e9nement centr\u00e9 sur le mot. Il demandait aussi des ressources importantes en termes de budget et de temps de travail b\u00e9n\u00e9vole. L'association Is mots crois\u00e9s comptait alors environ une trentaine de membres.<\/p>\n<h4 style=\"text-align: center;\"><strong>L'inauguration<\/strong><\/h4>\n<p style=\"text-align: justify;\">[easymedia-gallery med=\"1114\"]<\/p>\n<h4 style=\"text-align: center;\"><strong>En ville, une grille des commer\u00e7ants et une animation musicale<\/strong><\/h4>\n<p style=\"text-align: justify;\">[easymedia-gallery med=\"1130\"]<\/p>\n<h4 style=\"text-align: center;\"><strong>Jean Rossat et ses mots crois\u00e9s sur la f\u00eate<\/strong><\/h4>\n<p style=\"text-align: justify;\">[easymedia-gallery med=\"1197\"]<\/p>\n<h4 style=\"text-align: center;\"><strong>La grande f\u00eate de plein air<\/strong><\/h4>\n<p style=\"text-align: justify;\">[easymedia-gallery med=\"1215\"]<\/p>\n<h4 style=\"text-align: center;\"><strong>Le salon des collectionneurs<\/strong><\/h4>\n<p style=\"text-align: justify;\">[easymedia-gallery med=\"1229\"]<\/p>\n<\/div><\/div><\/div><\/div><div id=\"pg-1116-1\"  class=\"panel-grid panel-no-style\" ><div id=\"pgc-1116-1-0\"  class=\"panel-grid-cell\" ><div id=\"panel-1116-1-0-0\" class=\"so-panel widget widget_black-studio-tinymce widget_black_studio_tinymce panel-first-child panel-last-child\" data-index=\"1\" ><div class=\"textwidget\"><p><img loading=\"lazy\" decoding=\"async\" class=\" size-full wp-image-1496 alignright\" src=\"http:\/\/festival-ismotscroises.fr\/wp-content\/uploads\/2015\/07\/ISMOTSCROISES-LOGO.png\" alt=\"ISMOTSCROISES-LOGO\" width=\"152\" height=\"150\" \/><\/p>\n<\/div><\/div><\/div><\/div><\/div>","protected":false},"excerpt":{"rendered":"<p>F\u00eate 2000Un festival en pleine \u00e9volutionEn 2000, la grande f\u00eate des saltimbanques et des bouquinistes a bien failli \u00eatre g\u00e2ch\u00e9e par la pluie et le vent, heureusement survenus quand l&rsquo;apr\u00e8s-midi \u00e9tait bien avanc\u00e9. Les organisateurs n&rsquo;allaient pas renouveler cette formule de stands en plein air, \u00e0 la r\u00e9ussite trop incertaine avec les al\u00e9as du temps. [&hellip;]<\/p>\n","protected":false},"author":2,"featured_media":0,"parent":0,"menu_order":0,"comment_status":"closed","ping_status":"closed","template":"templates\/template-full-notitle.php","meta":{"_monsterinsights_skip_tracking":false,"_monsterinsights_sitenote_active":false,"_monsterinsights_sitenote_note":"","_monsterinsights_sitenote_category":0,"footnotes":""},"class_list":["post-1116","page","type-page","status-publish","hentry","post"],"yoast_head":"<!-- This site is optimized with the Yoast SEO plugin v22.6 - https:\/\/yoast.com\/wordpress\/plugins\/seo\/ -->\n<title>La f\u00eate - Le Festival des mots crois\u00e9s \u00e0 Is-sur-Tille<\/title>\n<meta name=\"robots\" content=\"index, follow, max-snippet:-1, max-image-preview:large, max-video-preview:-1\" \/>\n<link rel=\"canonical\" href=\"https:\/\/festival-ismotscroises.fr\/?page_id=1116\" \/>\n<meta property=\"og:locale\" content=\"fr_FR\" \/>\n<meta property=\"og:type\" content=\"article\" \/>\n<meta property=\"og:title\" content=\"La f\u00eate - Le Festival des mots crois\u00e9s \u00e0 Is-sur-Tille\" \/>\n<meta property=\"og:description\" content=\"F\u00eate 2000Un festival en pleine \u00e9volutionEn 2000, la grande f\u00eate des saltimbanques et des bouquinistes a bien failli \u00eatre g\u00e2ch\u00e9e par la pluie et le vent, heureusement survenus quand l&#039;apr\u00e8s-midi \u00e9tait bien avanc\u00e9. Les organisateurs n&#039;allaient pas renouveler cette formule de stands en plein air, \u00e0 la r\u00e9ussite trop incertaine avec les al\u00e9as du temps. [&hellip;]\" \/>\n<meta property=\"og:url\" content=\"https:\/\/festival-ismotscroises.fr\/?page_id=1116\" \/>\n<meta property=\"og:site_name\" content=\"Le Festival des mots crois\u00e9s \u00e0 Is-sur-Tille\" \/>\n<meta property=\"article:modified_time\" content=\"2015-07-07T22:30:14+00:00\" \/>\n<meta property=\"og:image\" content=\"http:\/\/festival-ismotscroises.fr\/wp-content\/plugins\/easy-media-gallery-pro\/includes\/images\/trans.png\" \/>\n<meta name=\"twitter:card\" content=\"summary_large_image\" \/>\n<meta name=\"twitter:label1\" content=\"Dur\u00e9e de lecture estim\u00e9e\" \/>\n\t<meta name=\"twitter:data1\" content=\"1 minute\" \/>\n<script type=\"application\/ld+json\" class=\"yoast-schema-graph\">{\"@context\":\"https:\/\/schema.org\",\"@graph\":[{\"@type\":\"WebPage\",\"@id\":\"https:\/\/festival-ismotscroises.fr\/?page_id=1116\",\"url\":\"https:\/\/festival-ismotscroises.fr\/?page_id=1116\",\"name\":\"La f\u00eate - Le Festival des mots crois\u00e9s \u00e0 Is-sur-Tille\",\"isPartOf\":{\"@id\":\"https:\/\/festival-ismotscroises.fr\/#website\"},\"primaryImageOfPage\":{\"@id\":\"https:\/\/festival-ismotscroises.fr\/?page_id=1116#primaryimage\"},\"image\":{\"@id\":\"https:\/\/festival-ismotscroises.fr\/?page_id=1116#primaryimage\"},\"thumbnailUrl\":\"http:\/\/festival-ismotscroises.fr\/wp-content\/plugins\/easy-media-gallery-pro\/includes\/images\/trans.png\",\"datePublished\":\"2015-07-02T12:24:22+00:00\",\"dateModified\":\"2015-07-07T22:30:14+00:00\",\"breadcrumb\":{\"@id\":\"https:\/\/festival-ismotscroises.fr\/?page_id=1116#breadcrumb\"},\"inLanguage\":\"fr-FR\",\"potentialAction\":[{\"@type\":\"ReadAction\",\"target\":[\"https:\/\/festival-ismotscroises.fr\/?page_id=1116\"]}]},{\"@type\":\"ImageObject\",\"inLanguage\":\"fr-FR\",\"@id\":\"https:\/\/festival-ismotscroises.fr\/?page_id=1116#primaryimage\",\"url\":\"http:\/\/festival-ismotscroises.fr\/wp-content\/plugins\/easy-media-gallery-pro\/includes\/images\/trans.png\",\"contentUrl\":\"http:\/\/festival-ismotscroises.fr\/wp-content\/plugins\/easy-media-gallery-pro\/includes\/images\/trans.png\"},{\"@type\":\"BreadcrumbList\",\"@id\":\"https:\/\/festival-ismotscroises.fr\/?page_id=1116#breadcrumb\",\"itemListElement\":[{\"@type\":\"ListItem\",\"position\":1,\"name\":\"Accueil\",\"item\":\"https:\/\/festival-ismotscroises.fr\/\"},{\"@type\":\"ListItem\",\"position\":2,\"name\":\"La f\u00eate\"}]},{\"@type\":\"WebSite\",\"@id\":\"https:\/\/festival-ismotscroises.fr\/#website\",\"url\":\"https:\/\/festival-ismotscroises.fr\/\",\"name\":\"Le Festival des mots crois\u00e9s \u00e0 Is-sur-Tille\",\"description\":\"La ville d&#039;Is-sur-Tille, en C\u00f4te-d&#039;Or, organise un festival annuel de mots crois\u00e9s depuis 1990..\",\"potentialAction\":[{\"@type\":\"SearchAction\",\"target\":{\"@type\":\"EntryPoint\",\"urlTemplate\":\"https:\/\/festival-ismotscroises.fr\/?s={search_term_string}\"},\"query-input\":\"required name=search_term_string\"}],\"inLanguage\":\"fr-FR\"}]}<\/script>\n<!-- \/ Yoast SEO plugin. -->","yoast_head_json":{"title":"La f\u00eate - Le Festival des mots crois\u00e9s \u00e0 Is-sur-Tille","robots":{"index":"index","follow":"follow","max-snippet":"max-snippet:-1","max-image-preview":"max-image-preview:large","max-video-preview":"max-video-preview:-1"},"canonical":"https:\/\/festival-ismotscroises.fr\/?page_id=1116","og_locale":"fr_FR","og_type":"article","og_title":"La f\u00eate - Le Festival des mots crois\u00e9s \u00e0 Is-sur-Tille","og_description":"F\u00eate 2000Un festival en pleine \u00e9volutionEn 2000, la grande f\u00eate des saltimbanques et des bouquinistes a bien failli \u00eatre g\u00e2ch\u00e9e par la pluie et le vent, heureusement survenus quand l'apr\u00e8s-midi \u00e9tait bien avanc\u00e9. Les organisateurs n'allaient pas renouveler cette formule de stands en plein air, \u00e0 la r\u00e9ussite trop incertaine avec les al\u00e9as du temps. [&hellip;]","og_url":"https:\/\/festival-ismotscroises.fr\/?page_id=1116","og_site_name":"Le Festival des mots crois\u00e9s \u00e0 Is-sur-Tille","article_modified_time":"2015-07-07T22:30:14+00:00","og_image":[{"url":"http:\/\/festival-ismotscroises.fr\/wp-content\/plugins\/easy-media-gallery-pro\/includes\/images\/trans.png"}],"twitter_card":"summary_large_image","twitter_misc":{"Dur\u00e9e de lecture estim\u00e9e":"1 minute"},"schema":{"@context":"https:\/\/schema.org","@graph":[{"@type":"WebPage","@id":"https:\/\/festival-ismotscroises.fr\/?page_id=1116","url":"https:\/\/festival-ismotscroises.fr\/?page_id=1116","name":"La f\u00eate - Le Festival des mots crois\u00e9s \u00e0 Is-sur-Tille","isPartOf":{"@id":"https:\/\/festival-ismotscroises.fr\/#website"},"primaryImageOfPage":{"@id":"https:\/\/festival-ismotscroises.fr\/?page_id=1116#primaryimage"},"image":{"@id":"https:\/\/festival-ismotscroises.fr\/?page_id=1116#primaryimage"},"thumbnailUrl":"http:\/\/festival-ismotscroises.fr\/wp-content\/plugins\/easy-media-gallery-pro\/includes\/images\/trans.png","datePublished":"2015-07-02T12:24:22+00:00","dateModified":"2015-07-07T22:30:14+00:00","breadcrumb":{"@id":"https:\/\/festival-ismotscroises.fr\/?page_id=1116#breadcrumb"},"inLanguage":"fr-FR","potentialAction":[{"@type":"ReadAction","target":["https:\/\/festival-ismotscroises.fr\/?page_id=1116"]}]},{"@type":"ImageObject","inLanguage":"fr-FR","@id":"https:\/\/festival-ismotscroises.fr\/?page_id=1116#primaryimage","url":"http:\/\/festival-ismotscroises.fr\/wp-content\/plugins\/easy-media-gallery-pro\/includes\/images\/trans.png","contentUrl":"http:\/\/festival-ismotscroises.fr\/wp-content\/plugins\/easy-media-gallery-pro\/includes\/images\/trans.png"},{"@type":"BreadcrumbList","@id":"https:\/\/festival-ismotscroises.fr\/?page_id=1116#breadcrumb","itemListElement":[{"@type":"ListItem","position":1,"name":"Accueil","item":"https:\/\/festival-ismotscroises.fr\/"},{"@type":"ListItem","position":2,"name":"La f\u00eate"}]},{"@type":"WebSite","@id":"https:\/\/festival-ismotscroises.fr\/#website","url":"https:\/\/festival-ismotscroises.fr\/","name":"Le Festival des mots crois\u00e9s \u00e0 Is-sur-Tille","description":"La ville d&#039;Is-sur-Tille, en C\u00f4te-d&#039;Or, organise un festival annuel de mots crois\u00e9s depuis 1990..","potentialAction":[{"@type":"SearchAction","target":{"@type":"EntryPoint","urlTemplate":"https:\/\/festival-ismotscroises.fr\/?s={search_term_string}"},"query-input":"required name=search_term_string"}],"inLanguage":"fr-FR"}]}},"_links":{"self":[{"href":"https:\/\/festival-ismotscroises.fr\/index.php?rest_route=\/wp\/v2\/pages\/1116","targetHints":{"allow":["GET"]}}],"collection":[{"href":"https:\/\/festival-ismotscroises.fr\/index.php?rest_route=\/wp\/v2\/pages"}],"about":[{"href":"https:\/\/festival-ismotscroises.fr\/index.php?rest_route=\/wp\/v2\/types\/page"}],"author":[{"embeddable":true,"href":"https:\/\/festival-ismotscroises.fr\/index.php?rest_route=\/wp\/v2\/users\/2"}],"replies":[{"embeddable":true,"href":"https:\/\/festival-ismotscroises.fr\/index.php?rest_route=%2Fwp%2Fv2%2Fcomments&post=1116"}],"version-history":[{"count":13,"href":"https:\/\/festival-ismotscroises.fr\/index.php?rest_route=\/wp\/v2\/pages\/1116\/revisions"}],"predecessor-version":[{"id":1551,"href":"https:\/\/festival-ismotscroises.fr\/index.php?rest_route=\/wp\/v2\/pages\/1116\/revisions\/1551"}],"wp:attachment":[{"href":"https:\/\/festival-ismotscroises.fr\/index.php?rest_route=%2Fwp%2Fv2%2Fmedia&parent=1116"}],"curies":[{"name":"wp","href":"https:\/\/api.w.org\/{rel}","templated":true}]}}