{"id":110,"date":"2015-06-18T19:58:53","date_gmt":"2015-06-18T17:58:53","guid":{"rendered":"http:\/\/festival-ismotscroises.fr\/?page_id=110"},"modified":"2023-03-24T15:54:06","modified_gmt":"2023-03-24T14:54:06","slug":"tournoi-des-colleges-5","status":"publish","type":"page","link":"https:\/\/festival-ismotscroises.fr\/?page_id=110","title":{"rendered":"Tournoi des coll\u00e8ges"},"content":{"rendered":"<div id=\"pl-110\"  class=\"panel-layout\" ><div id=\"pg-110-0\"  class=\"panel-grid panel-no-style\" ><div id=\"pgc-110-0-0\"  class=\"panel-grid-cell\" ><div id=\"panel-110-0-0-0\" class=\"so-panel widget panel-first-child panel-last-child\" data-index=\"0\" ><\/div><\/div><div id=\"pgc-110-0-1\"  class=\"panel-grid-cell\" ><div id=\"panel-110-0-1-0\" class=\"so-panel widget widget_black-studio-tinymce widget_black_studio_tinymce panel-first-child panel-last-child\" data-index=\"1\" ><div class=\"textwidget\"><h3><strong>Tournoi de mots crois\u00e9s des coll\u00e8ges 2012<\/strong><\/h3>\n<p>Les 64 joueurs pr\u00e9sents pour le Tournoi, samedi 19 mai 2012 venaient de 24 coll\u00e8ges situ\u00e9s dans 5 d\u00e9partements : un record depuis la cr\u00e9ation de cette comp\u00e9tition en 2001. Chaque \u00e9tablissement \u00e9tait repr\u00e9sent\u00e9 par une ou deux \u00e9quipes, selon les r\u00e9sultats obtenus \u00e0 l'\u00e9preuve de qualification du 22 f\u00e9vrier.<br \/>La plupart des matchs ont \u00e9t\u00e9 arr\u00eat\u00e9s avant la quinzi\u00e8me minute, mais \u00e0 la correction, beaucoup de grilles comportaient une erreur. Environ un quart des parties ont ainsi \u00e9t\u00e9 perdues, un nombre nettement plus \u00e9lev\u00e9 que les ann\u00e9es pass\u00e9es. Tout \u00e0 la joie d'avoir termin\u00e9 leur grille, les joueurs ont parfois oubli\u00e9 la prudence et n'ont pas pris le temps de v\u00e9rifier leurs r\u00e9ponses... <br \/>La finale a \u00e9t\u00e9 remport\u00e9e sur une grille parfaite au bout de 6 minutes 12 secondes\u00a0 par deux \u00e9l\u00e8ves du coll\u00e8ge Marcelle Pard\u00e9. C'est une premi\u00e8re victoire pour ce coll\u00e8ge dijonnais dont c'\u00e9tait la quatri\u00e8me participation au Tournoi. Le coll\u00e8ge de Damparis (Jura), \u00e9galement pr\u00e9sent pour la quatri\u00e8me ann\u00e9e cons\u00e9cutive, remporte la deuxi\u00e8me place avec une \u00e9quipe qui a r\u00e9alis\u00e9 un beau parcours.<br \/>Madame Berger, principale du coll\u00e8ge Marcelle-Pard\u00e9, \u00e9tait pr\u00e9sente dans la salle et a re\u00e7u le premier prix, un bon d'achat de 800\u20ac pour son CDI, ainsi qu'un troph\u00e9e, une plaque \u00e9maill\u00e9e r\u00e9alis\u00e9e \u00e0 Is-sur-Tille par les \u00c9ditions Clouet \u00e0 partir de l'affichette 2012 du Tournoi.<\/p>\n<h4><strong>Palmar\u00e8s<\/strong><\/h4>\n<p>(Dans le cas d'une \u00e9limination avant les demi-finales, les \u00e9quipes sont class\u00e9es selon les r\u00e9sultats obtenus lors de l'\u00e9preuve de qualification).<br \/><span style=\"color: #993300;\"><strong>Finale<\/strong><\/span><br \/>1 Coll\u00e8ge Marcelle-Pard\u00e9, 1e \u00e9quipe (21 - DIJON)<br \/>2 Coll\u00e8ge Jean-Jaur\u00e8s, 1e \u00e9quipe (39 - DAMPARIS)<br \/><span style=\"color: #993300;\"><strong>Demi-finales<\/strong><\/span><br \/>3 Coll\u00e8ge Montchapet, 1e \u00e9quipe (21 - DIJON) <br \/>4 Coll\u00e8ge Clos-de-Pouilly, 2e \u00e9quipe (21 - DIJON)<br \/>Quarts de finale<br \/>5 Coll\u00e8ge Paul-Fort, 1e \u00e9quipe (21 - IS-SUR-TILLE)<br \/>6 Coll\u00e8ge Louise-Michel, 1e \u00e9quipe (52 - CHAUMONT)<br \/>7 Coll\u00e8ge Louise-Michel, 2e \u00e9quipe (52 - CHAUMONT)<br \/>8 Coll\u00e8ge Gaston-Ramon\u00a0 (70 - DAMPIERRE-SUR-SALON)<br \/><span style=\"color: #993300;\"><strong>Huiti\u00e8mes de finale<\/strong><\/span><br \/>9 Coll\u00e8ge Montchapet, 2e \u00e9quipe (21 - DIJON)<br \/>10 Coll\u00e8ge Albert-Mathiez, 1e \u00e9quipe (70 - MARNAY)<br \/>11 Coll\u00e8ge Gaston-Roupnel, 1e \u00e9quipe (21 - DIJON) <br \/>12 Coll\u00e8ge Marcelle-Pard\u00e9, 2e \u00e9quipe (21 - DIJON)<br \/>13 Coll\u00e8ge Jouffroy d'Abbans\u00a0(52 - DOULAINCOURT)<br \/>14 Coll\u00e8ge Henri-Berger (21 - FONTAINE-FRAN\u00c7AISE)<br \/>15\u00a0Coll\u00e8ge Henri-Morat (21 - RECEY-SUR-OURCE)<br \/>16\u00a0Coll\u00e8ge Jean-Lacaille (21 - BLIGNY-SUR-OUCHE)<br \/><strong>Seizi\u00e8mes de finale<\/strong><br \/>17 Coll\u00e8ge Jacques-Mercusot (21 - SOMBERNON)<br \/>18\u00a0Coll\u00e8ge Gaston-Roupnel, 2e \u00e9quipe (21 - DIJON)<br \/>19\u00a0Coll\u00e8ge Les Franchises, 1e \u00e9quipe (52 - LANGRES)<br \/>20 Coll\u00e8ge Clos-de-Pouilly, 1e \u00e9quipe (21 - DIJON) <br \/>21\u00a0Coll\u00e8ge Paul-Fort, 2e \u00e9quipe (21 - IS-SUR-TILLE)<br \/>22 Coll\u00e8ge Les Franchises, 2e \u00e9quipe (52 - LANGRES) <br \/>23\u00a0Coll\u00e8ge Champ-Lumi\u00e8re, (21 - SELONGEY)<br \/>24\u00a0Coll\u00e8ge Stendhal (25 - BESAN\u00c7ON)<br \/>25\u00a0Coll\u00e8ge Albert-Mathiez, 2e \u00e9quipe (70 - MARNAY)<br \/>26\u00a0Coll\u00e8ge Louis-Bruntz (52 - BOURMONT)<br \/>27\u00a0Coll\u00e8ge Jean-Philippe Rameau (21 - DIJON)<br \/>28\u00a0Coll\u00e8ge Louis-Pasteur (21 - MONTBARD)<br \/>29\u00a0Coll\u00e8ge Robert et Sonia Delaunay (70 - GRAY)<br \/>30\u00a0Coll\u00e8ge Lazare-Carnot (21 - NOLAY)<br \/>31\u00a0Coll\u00e8ge La Champagne (21 - GEVREY-CHAMBERTIN)<br \/>32\u00a0Coll\u00e8ge Marie-Calves (52 - FRONCLES)<\/p>\n<\/div><\/div><\/div><\/div><div id=\"pg-110-1\"  class=\"panel-grid panel-no-style\" ><div id=\"pgc-110-1-0\"  class=\"panel-grid-cell\" ><div id=\"panel-110-1-0-0\" class=\"so-panel widget widget_black-studio-tinymce widget_black_studio_tinymce panel-first-child panel-last-child\" data-index=\"2\" ><div class=\"textwidget\"><p><img loading=\"lazy\" decoding=\"async\" class=\" size-medium wp-image-742 aligncenter\" src=\"http:\/\/festival-ismotscroises.fr\/wp-content\/uploads\/2015\/06\/MASCOTTE-300x264.png\" alt=\"MASCOTTE\" width=\"300\" height=\"264\" srcset=\"https:\/\/festival-ismotscroises.fr\/wp-content\/uploads\/2015\/06\/MASCOTTE-300x264.png 300w, https:\/\/festival-ismotscroises.fr\/wp-content\/uploads\/2015\/06\/MASCOTTE.png 535w\" sizes=\"auto, (max-width: 300px) 100vw, 300px\" \/><\/p>\n<\/div><\/div><\/div><\/div><\/div>","protected":false},"excerpt":{"rendered":"<p>Tournoi de mots crois\u00e9s des coll\u00e8ges 2012Les 64 joueurs pr\u00e9sents pour le Tournoi, samedi 19 mai 2012 venaient de 24 coll\u00e8ges situ\u00e9s dans 5 d\u00e9partements : un record depuis la cr\u00e9ation de cette comp\u00e9tition en 2001. Chaque \u00e9tablissement \u00e9tait repr\u00e9sent\u00e9 par une ou deux \u00e9quipes, selon les r\u00e9sultats obtenus \u00e0 l&rsquo;\u00e9preuve de qualification du 22 [&hellip;]<\/p>\n","protected":false},"author":2,"featured_media":0,"parent":0,"menu_order":0,"comment_status":"closed","ping_status":"closed","template":"templates\/template-full-notitle.php","meta":{"_monsterinsights_skip_tracking":false,"_monsterinsights_sitenote_active":false,"_monsterinsights_sitenote_note":"","_monsterinsights_sitenote_category":0,"footnotes":""},"class_list":["post-110","page","type-page","status-publish","hentry","post"],"yoast_head":"<!-- This site is optimized with the Yoast SEO plugin v22.6 - https:\/\/yoast.com\/wordpress\/plugins\/seo\/ -->\n<title>Tournoi des coll\u00e8ges - Le Festival des mots crois\u00e9s \u00e0 Is-sur-Tille<\/title>\n<meta name=\"robots\" content=\"index, follow, max-snippet:-1, max-image-preview:large, max-video-preview:-1\" \/>\n<link rel=\"canonical\" href=\"https:\/\/festival-ismotscroises.fr\/?page_id=110\" \/>\n<meta property=\"og:locale\" content=\"fr_FR\" \/>\n<meta property=\"og:type\" content=\"article\" \/>\n<meta property=\"og:title\" content=\"Tournoi des coll\u00e8ges - Le Festival des mots crois\u00e9s \u00e0 Is-sur-Tille\" \/>\n<meta property=\"og:description\" content=\"Tournoi de mots crois\u00e9s des coll\u00e8ges 2012Les 64 joueurs pr\u00e9sents pour le Tournoi, samedi 19 mai 2012 venaient de 24 coll\u00e8ges situ\u00e9s dans 5 d\u00e9partements : un record depuis la cr\u00e9ation de cette comp\u00e9tition en 2001. Chaque \u00e9tablissement \u00e9tait repr\u00e9sent\u00e9 par une ou deux \u00e9quipes, selon les r\u00e9sultats obtenus \u00e0 l&#039;\u00e9preuve de qualification du 22 [&hellip;]\" \/>\n<meta property=\"og:url\" content=\"https:\/\/festival-ismotscroises.fr\/?page_id=110\" \/>\n<meta property=\"og:site_name\" content=\"Le Festival des mots crois\u00e9s \u00e0 Is-sur-Tille\" \/>\n<meta property=\"article:modified_time\" content=\"2023-03-24T14:54:06+00:00\" \/>\n<meta property=\"og:image\" content=\"http:\/\/festival-ismotscroises.fr\/wp-content\/plugins\/easy-media-gallery-pro\/includes\/images\/trans.png\" \/>\n<meta name=\"twitter:card\" content=\"summary_large_image\" \/>\n<meta name=\"twitter:label1\" content=\"Dur\u00e9e de lecture estim\u00e9e\" \/>\n\t<meta name=\"twitter:data1\" content=\"2 minutes\" \/>\n<script type=\"application\/ld+json\" class=\"yoast-schema-graph\">{\"@context\":\"https:\/\/schema.org\",\"@graph\":[{\"@type\":\"WebPage\",\"@id\":\"https:\/\/festival-ismotscroises.fr\/?page_id=110\",\"url\":\"https:\/\/festival-ismotscroises.fr\/?page_id=110\",\"name\":\"Tournoi des coll\u00e8ges - Le Festival des mots crois\u00e9s \u00e0 Is-sur-Tille\",\"isPartOf\":{\"@id\":\"https:\/\/festival-ismotscroises.fr\/#website\"},\"primaryImageOfPage\":{\"@id\":\"https:\/\/festival-ismotscroises.fr\/?page_id=110#primaryimage\"},\"image\":{\"@id\":\"https:\/\/festival-ismotscroises.fr\/?page_id=110#primaryimage\"},\"thumbnailUrl\":\"http:\/\/festival-ismotscroises.fr\/wp-content\/plugins\/easy-media-gallery-pro\/includes\/images\/trans.png\",\"datePublished\":\"2015-06-18T17:58:53+00:00\",\"dateModified\":\"2023-03-24T14:54:06+00:00\",\"breadcrumb\":{\"@id\":\"https:\/\/festival-ismotscroises.fr\/?page_id=110#breadcrumb\"},\"inLanguage\":\"fr-FR\",\"potentialAction\":[{\"@type\":\"ReadAction\",\"target\":[\"https:\/\/festival-ismotscroises.fr\/?page_id=110\"]}]},{\"@type\":\"ImageObject\",\"inLanguage\":\"fr-FR\",\"@id\":\"https:\/\/festival-ismotscroises.fr\/?page_id=110#primaryimage\",\"url\":\"http:\/\/festival-ismotscroises.fr\/wp-content\/plugins\/easy-media-gallery-pro\/includes\/images\/trans.png\",\"contentUrl\":\"http:\/\/festival-ismotscroises.fr\/wp-content\/plugins\/easy-media-gallery-pro\/includes\/images\/trans.png\"},{\"@type\":\"BreadcrumbList\",\"@id\":\"https:\/\/festival-ismotscroises.fr\/?page_id=110#breadcrumb\",\"itemListElement\":[{\"@type\":\"ListItem\",\"position\":1,\"name\":\"Accueil\",\"item\":\"https:\/\/festival-ismotscroises.fr\/\"},{\"@type\":\"ListItem\",\"position\":2,\"name\":\"Tournoi des coll\u00e8ges\"}]},{\"@type\":\"WebSite\",\"@id\":\"https:\/\/festival-ismotscroises.fr\/#website\",\"url\":\"https:\/\/festival-ismotscroises.fr\/\",\"name\":\"Le Festival des mots crois\u00e9s \u00e0 Is-sur-Tille\",\"description\":\"La ville d&#039;Is-sur-Tille, en C\u00f4te-d&#039;Or, organise un festival annuel de mots crois\u00e9s depuis 1990..\",\"potentialAction\":[{\"@type\":\"SearchAction\",\"target\":{\"@type\":\"EntryPoint\",\"urlTemplate\":\"https:\/\/festival-ismotscroises.fr\/?s={search_term_string}\"},\"query-input\":\"required name=search_term_string\"}],\"inLanguage\":\"fr-FR\"}]}<\/script>\n<!-- \/ Yoast SEO plugin. -->","yoast_head_json":{"title":"Tournoi des coll\u00e8ges - Le Festival des mots crois\u00e9s \u00e0 Is-sur-Tille","robots":{"index":"index","follow":"follow","max-snippet":"max-snippet:-1","max-image-preview":"max-image-preview:large","max-video-preview":"max-video-preview:-1"},"canonical":"https:\/\/festival-ismotscroises.fr\/?page_id=110","og_locale":"fr_FR","og_type":"article","og_title":"Tournoi des coll\u00e8ges - Le Festival des mots crois\u00e9s \u00e0 Is-sur-Tille","og_description":"Tournoi de mots crois\u00e9s des coll\u00e8ges 2012Les 64 joueurs pr\u00e9sents pour le Tournoi, samedi 19 mai 2012 venaient de 24 coll\u00e8ges situ\u00e9s dans 5 d\u00e9partements : un record depuis la cr\u00e9ation de cette comp\u00e9tition en 2001. Chaque \u00e9tablissement \u00e9tait repr\u00e9sent\u00e9 par une ou deux \u00e9quipes, selon les r\u00e9sultats obtenus \u00e0 l'\u00e9preuve de qualification du 22 [&hellip;]","og_url":"https:\/\/festival-ismotscroises.fr\/?page_id=110","og_site_name":"Le Festival des mots crois\u00e9s \u00e0 Is-sur-Tille","article_modified_time":"2023-03-24T14:54:06+00:00","og_image":[{"url":"http:\/\/festival-ismotscroises.fr\/wp-content\/plugins\/easy-media-gallery-pro\/includes\/images\/trans.png"}],"twitter_card":"summary_large_image","twitter_misc":{"Dur\u00e9e de lecture estim\u00e9e":"2 minutes"},"schema":{"@context":"https:\/\/schema.org","@graph":[{"@type":"WebPage","@id":"https:\/\/festival-ismotscroises.fr\/?page_id=110","url":"https:\/\/festival-ismotscroises.fr\/?page_id=110","name":"Tournoi des coll\u00e8ges - Le Festival des mots crois\u00e9s \u00e0 Is-sur-Tille","isPartOf":{"@id":"https:\/\/festival-ismotscroises.fr\/#website"},"primaryImageOfPage":{"@id":"https:\/\/festival-ismotscroises.fr\/?page_id=110#primaryimage"},"image":{"@id":"https:\/\/festival-ismotscroises.fr\/?page_id=110#primaryimage"},"thumbnailUrl":"http:\/\/festival-ismotscroises.fr\/wp-content\/plugins\/easy-media-gallery-pro\/includes\/images\/trans.png","datePublished":"2015-06-18T17:58:53+00:00","dateModified":"2023-03-24T14:54:06+00:00","breadcrumb":{"@id":"https:\/\/festival-ismotscroises.fr\/?page_id=110#breadcrumb"},"inLanguage":"fr-FR","potentialAction":[{"@type":"ReadAction","target":["https:\/\/festival-ismotscroises.fr\/?page_id=110"]}]},{"@type":"ImageObject","inLanguage":"fr-FR","@id":"https:\/\/festival-ismotscroises.fr\/?page_id=110#primaryimage","url":"http:\/\/festival-ismotscroises.fr\/wp-content\/plugins\/easy-media-gallery-pro\/includes\/images\/trans.png","contentUrl":"http:\/\/festival-ismotscroises.fr\/wp-content\/plugins\/easy-media-gallery-pro\/includes\/images\/trans.png"},{"@type":"BreadcrumbList","@id":"https:\/\/festival-ismotscroises.fr\/?page_id=110#breadcrumb","itemListElement":[{"@type":"ListItem","position":1,"name":"Accueil","item":"https:\/\/festival-ismotscroises.fr\/"},{"@type":"ListItem","position":2,"name":"Tournoi des coll\u00e8ges"}]},{"@type":"WebSite","@id":"https:\/\/festival-ismotscroises.fr\/#website","url":"https:\/\/festival-ismotscroises.fr\/","name":"Le Festival des mots crois\u00e9s \u00e0 Is-sur-Tille","description":"La ville d&#039;Is-sur-Tille, en C\u00f4te-d&#039;Or, organise un festival annuel de mots crois\u00e9s depuis 1990..","potentialAction":[{"@type":"SearchAction","target":{"@type":"EntryPoint","urlTemplate":"https:\/\/festival-ismotscroises.fr\/?s={search_term_string}"},"query-input":"required name=search_term_string"}],"inLanguage":"fr-FR"}]}},"_links":{"self":[{"href":"https:\/\/festival-ismotscroises.fr\/index.php?rest_route=\/wp\/v2\/pages\/110","targetHints":{"allow":["GET"]}}],"collection":[{"href":"https:\/\/festival-ismotscroises.fr\/index.php?rest_route=\/wp\/v2\/pages"}],"about":[{"href":"https:\/\/festival-ismotscroises.fr\/index.php?rest_route=\/wp\/v2\/types\/page"}],"author":[{"embeddable":true,"href":"https:\/\/festival-ismotscroises.fr\/index.php?rest_route=\/wp\/v2\/users\/2"}],"replies":[{"embeddable":true,"href":"https:\/\/festival-ismotscroises.fr\/index.php?rest_route=%2Fwp%2Fv2%2Fcomments&post=110"}],"version-history":[{"count":10,"href":"https:\/\/festival-ismotscroises.fr\/index.php?rest_route=\/wp\/v2\/pages\/110\/revisions"}],"predecessor-version":[{"id":1416,"href":"https:\/\/festival-ismotscroises.fr\/index.php?rest_route=\/wp\/v2\/pages\/110\/revisions\/1416"}],"wp:attachment":[{"href":"https:\/\/festival-ismotscroises.fr\/index.php?rest_route=%2Fwp%2Fv2%2Fmedia&parent=110"}],"curies":[{"name":"wp","href":"https:\/\/api.w.org\/{rel}","templated":true}]}}