{"id":1090,"date":"2015-07-02T08:45:22","date_gmt":"2015-07-02T06:45:22","guid":{"rendered":"http:\/\/festival-ismotscroises.fr\/?page_id=1090"},"modified":"2015-07-08T00:45:13","modified_gmt":"2015-07-07T22:45:13","slug":"en-2-lettres","status":"publish","type":"page","link":"https:\/\/festival-ismotscroises.fr\/?page_id=1090","title":{"rendered":"En 2 lettres"},"content":{"rendered":"<div id=\"pl-1090\"  class=\"panel-layout\" ><div id=\"pg-1090-0\"  class=\"panel-grid panel-no-style\" ><div id=\"pgc-1090-0-0\"  class=\"panel-grid-cell\" ><div id=\"panel-1090-0-0-0\" class=\"so-panel widget widget_sow-image panel-first-child panel-last-child\" data-index=\"0\" ><div\n\t\t\t\n\t\t\tclass=\"so-widget-sow-image so-widget-sow-image-default-8b5b6f678277-1090\"\n\t\t\t\n\t\t>\n\n<div class=\"sow-image-container\">\n\t\t<img loading=\"lazy\" decoding=\"async\" src=\"https:\/\/festival-ismotscroises.fr\/wp-content\/uploads\/2015\/07\/ASSO-EN2LETTRES.png\" width=\"580\" height=\"321\" srcset=\"https:\/\/festival-ismotscroises.fr\/wp-content\/uploads\/2015\/07\/ASSO-EN2LETTRES.png 580w, https:\/\/festival-ismotscroises.fr\/wp-content\/uploads\/2015\/07\/ASSO-EN2LETTRES-300x166.png 300w\" sizes=\"auto, (max-width: 580px) 100vw, 580px\" alt=\"\" \t\tclass=\"so-widget-image\"\/>\n\t<\/div>\n\n<\/div><\/div><\/div><div id=\"pgc-1090-0-1\"  class=\"panel-grid-cell\" ><div id=\"panel-1090-0-1-0\" class=\"so-panel widget widget_black-studio-tinymce widget_black_studio_tinymce panel-first-child panel-last-child\" data-index=\"1\" ><div class=\"textwidget\"><h3 style=\"text-align: justify;\"><strong>En 2 lettres<\/strong><\/h3>\n<p style=\"text-align: justify;\">Is-sur-Tille doit une certaine notori\u00e9t\u00e9 dans tout l'hexagone gr\u00e2ce aux auteurs de mots crois\u00e9s, qui font figurer les deux lettres IS attach\u00e9es \u00e0 une d\u00e9finition comme \"Petite ville de Bourgogne\", ou \"Sur la Tille\". Mais d'autres villes partagent ce privil\u00e8ge de fournir avec leur nom un petit mot (une \"cheville\", pour les sp\u00e9cialistes) permettant de confirmer d'autres mots plus longs : Eu en Seine-Maritime et A\u00ff dans la Marne. En 1996, ces trois villes se sont associ\u00e9es pour \u00eatre \u00e0 tour de r\u00f4le le si\u00e8ge d'un festival international de mots crois\u00e9s francophones. Chacune des trois villes organise parall\u00e8lement, chaque ann\u00e9e, sa propre version d'un festival r\u00e9gional, en faisant appel \u00e0 l'auteur Jean Rossat.<br \/>En 2015, les nouvelles \u00e9quipes municipales issues des \u00e9lections de mars 2014 doivent confirmer leur volont\u00e9 de poursuivre leur action communes au sein de l'association En 2 lettres.<\/p>\n<\/div><\/div><\/div><\/div><div id=\"pg-1090-1\"  class=\"panel-grid panel-no-style\" ><div id=\"pgc-1090-1-0\"  class=\"panel-grid-cell\" ><div id=\"panel-1090-1-0-0\" class=\"so-panel widget widget_black-studio-tinymce widget_black_studio_tinymce panel-first-child panel-last-child\" data-index=\"2\" ><div class=\"textwidget\"><p>\u00a0<\/p>\n<p>\u00a0<\/p>\n<p>\u00a0<\/p>\n<p>\u00a0<\/p>\n<p><img loading=\"lazy\" decoding=\"async\" class=\" size-full wp-image-1496 alignright\" src=\"http:\/\/festival-ismotscroises.fr\/wp-content\/uploads\/2015\/07\/ISMOTSCROISES-LOGO.png\" alt=\"ISMOTSCROISES-LOGO\" width=\"152\" height=\"150\" \/><\/p>\n<\/div><\/div><\/div><\/div><\/div>","protected":false},"excerpt":{"rendered":"<p>En 2 lettresIs-sur-Tille doit une certaine notori\u00e9t\u00e9 dans tout l&rsquo;hexagone gr\u00e2ce aux auteurs de mots crois\u00e9s, qui font figurer les deux lettres IS attach\u00e9es \u00e0 une d\u00e9finition comme \u00ab\u00a0Petite ville de Bourgogne\u00a0\u00bb, ou \u00ab\u00a0Sur la Tille\u00a0\u00bb. Mais d&rsquo;autres villes partagent ce privil\u00e8ge de fournir avec leur nom un petit mot (une \u00ab\u00a0cheville\u00a0\u00bb, pour les sp\u00e9cialistes) [&hellip;]<\/p>\n","protected":false},"author":2,"featured_media":0,"parent":0,"menu_order":0,"comment_status":"closed","ping_status":"closed","template":"templates\/template-full-notitle.php","meta":{"_monsterinsights_skip_tracking":false,"_monsterinsights_sitenote_active":false,"_monsterinsights_sitenote_note":"","_monsterinsights_sitenote_category":0,"footnotes":""},"class_list":["post-1090","page","type-page","status-publish","hentry","post"],"yoast_head":"<!-- This site is optimized with the Yoast SEO plugin v22.6 - https:\/\/yoast.com\/wordpress\/plugins\/seo\/ -->\n<title>En 2 lettres - Le Festival des mots crois\u00e9s \u00e0 Is-sur-Tille<\/title>\n<meta name=\"robots\" content=\"index, follow, max-snippet:-1, max-image-preview:large, max-video-preview:-1\" \/>\n<link rel=\"canonical\" href=\"https:\/\/festival-ismotscroises.fr\/?page_id=1090\" \/>\n<meta property=\"og:locale\" content=\"fr_FR\" \/>\n<meta property=\"og:type\" content=\"article\" \/>\n<meta property=\"og:title\" content=\"En 2 lettres - Le Festival des mots crois\u00e9s \u00e0 Is-sur-Tille\" \/>\n<meta property=\"og:description\" content=\"En 2 lettresIs-sur-Tille doit une certaine notori\u00e9t\u00e9 dans tout l&#039;hexagone gr\u00e2ce aux auteurs de mots crois\u00e9s, qui font figurer les deux lettres IS attach\u00e9es \u00e0 une d\u00e9finition comme &quot;Petite ville de Bourgogne&quot;, ou &quot;Sur la Tille&quot;. Mais d&#039;autres villes partagent ce privil\u00e8ge de fournir avec leur nom un petit mot (une &quot;cheville&quot;, pour les sp\u00e9cialistes) [&hellip;]\" \/>\n<meta property=\"og:url\" content=\"https:\/\/festival-ismotscroises.fr\/?page_id=1090\" \/>\n<meta property=\"og:site_name\" content=\"Le Festival des mots crois\u00e9s \u00e0 Is-sur-Tille\" \/>\n<meta property=\"article:modified_time\" content=\"2015-07-07T22:45:13+00:00\" \/>\n<meta property=\"og:image\" content=\"http:\/\/festival-ismotscroises.fr\/wp-content\/uploads\/2015\/07\/ASSO-EN2LETTRES.png\" \/>\n<meta name=\"twitter:card\" content=\"summary_large_image\" \/>\n<meta name=\"twitter:label1\" content=\"Dur\u00e9e de lecture estim\u00e9e\" \/>\n\t<meta name=\"twitter:data1\" content=\"1 minute\" \/>\n<script type=\"application\/ld+json\" class=\"yoast-schema-graph\">{\"@context\":\"https:\/\/schema.org\",\"@graph\":[{\"@type\":\"WebPage\",\"@id\":\"https:\/\/festival-ismotscroises.fr\/?page_id=1090\",\"url\":\"https:\/\/festival-ismotscroises.fr\/?page_id=1090\",\"name\":\"En 2 lettres - Le Festival des mots crois\u00e9s \u00e0 Is-sur-Tille\",\"isPartOf\":{\"@id\":\"https:\/\/festival-ismotscroises.fr\/#website\"},\"primaryImageOfPage\":{\"@id\":\"https:\/\/festival-ismotscroises.fr\/?page_id=1090#primaryimage\"},\"image\":{\"@id\":\"https:\/\/festival-ismotscroises.fr\/?page_id=1090#primaryimage\"},\"thumbnailUrl\":\"http:\/\/festival-ismotscroises.fr\/wp-content\/uploads\/2015\/07\/ASSO-EN2LETTRES.png\",\"datePublished\":\"2015-07-02T06:45:22+00:00\",\"dateModified\":\"2015-07-07T22:45:13+00:00\",\"breadcrumb\":{\"@id\":\"https:\/\/festival-ismotscroises.fr\/?page_id=1090#breadcrumb\"},\"inLanguage\":\"fr-FR\",\"potentialAction\":[{\"@type\":\"ReadAction\",\"target\":[\"https:\/\/festival-ismotscroises.fr\/?page_id=1090\"]}]},{\"@type\":\"ImageObject\",\"inLanguage\":\"fr-FR\",\"@id\":\"https:\/\/festival-ismotscroises.fr\/?page_id=1090#primaryimage\",\"url\":\"https:\/\/festival-ismotscroises.fr\/wp-content\/uploads\/2015\/07\/ASSO-EN2LETTRES.png\",\"contentUrl\":\"https:\/\/festival-ismotscroises.fr\/wp-content\/uploads\/2015\/07\/ASSO-EN2LETTRES.png\",\"width\":580,\"height\":321},{\"@type\":\"BreadcrumbList\",\"@id\":\"https:\/\/festival-ismotscroises.fr\/?page_id=1090#breadcrumb\",\"itemListElement\":[{\"@type\":\"ListItem\",\"position\":1,\"name\":\"Accueil\",\"item\":\"https:\/\/festival-ismotscroises.fr\/\"},{\"@type\":\"ListItem\",\"position\":2,\"name\":\"En 2 lettres\"}]},{\"@type\":\"WebSite\",\"@id\":\"https:\/\/festival-ismotscroises.fr\/#website\",\"url\":\"https:\/\/festival-ismotscroises.fr\/\",\"name\":\"Le Festival des mots crois\u00e9s \u00e0 Is-sur-Tille\",\"description\":\"La ville d&#039;Is-sur-Tille, en C\u00f4te-d&#039;Or, organise un festival annuel de mots crois\u00e9s depuis 1990..\",\"potentialAction\":[{\"@type\":\"SearchAction\",\"target\":{\"@type\":\"EntryPoint\",\"urlTemplate\":\"https:\/\/festival-ismotscroises.fr\/?s={search_term_string}\"},\"query-input\":\"required name=search_term_string\"}],\"inLanguage\":\"fr-FR\"}]}<\/script>\n<!-- \/ Yoast SEO plugin. -->","yoast_head_json":{"title":"En 2 lettres - Le Festival des mots crois\u00e9s \u00e0 Is-sur-Tille","robots":{"index":"index","follow":"follow","max-snippet":"max-snippet:-1","max-image-preview":"max-image-preview:large","max-video-preview":"max-video-preview:-1"},"canonical":"https:\/\/festival-ismotscroises.fr\/?page_id=1090","og_locale":"fr_FR","og_type":"article","og_title":"En 2 lettres - Le Festival des mots crois\u00e9s \u00e0 Is-sur-Tille","og_description":"En 2 lettresIs-sur-Tille doit une certaine notori\u00e9t\u00e9 dans tout l'hexagone gr\u00e2ce aux auteurs de mots crois\u00e9s, qui font figurer les deux lettres IS attach\u00e9es \u00e0 une d\u00e9finition comme \"Petite ville de Bourgogne\", ou \"Sur la Tille\". Mais d'autres villes partagent ce privil\u00e8ge de fournir avec leur nom un petit mot (une \"cheville\", pour les sp\u00e9cialistes) [&hellip;]","og_url":"https:\/\/festival-ismotscroises.fr\/?page_id=1090","og_site_name":"Le Festival des mots crois\u00e9s \u00e0 Is-sur-Tille","article_modified_time":"2015-07-07T22:45:13+00:00","og_image":[{"url":"http:\/\/festival-ismotscroises.fr\/wp-content\/uploads\/2015\/07\/ASSO-EN2LETTRES.png"}],"twitter_card":"summary_large_image","twitter_misc":{"Dur\u00e9e de lecture estim\u00e9e":"1 minute"},"schema":{"@context":"https:\/\/schema.org","@graph":[{"@type":"WebPage","@id":"https:\/\/festival-ismotscroises.fr\/?page_id=1090","url":"https:\/\/festival-ismotscroises.fr\/?page_id=1090","name":"En 2 lettres - Le Festival des mots crois\u00e9s \u00e0 Is-sur-Tille","isPartOf":{"@id":"https:\/\/festival-ismotscroises.fr\/#website"},"primaryImageOfPage":{"@id":"https:\/\/festival-ismotscroises.fr\/?page_id=1090#primaryimage"},"image":{"@id":"https:\/\/festival-ismotscroises.fr\/?page_id=1090#primaryimage"},"thumbnailUrl":"http:\/\/festival-ismotscroises.fr\/wp-content\/uploads\/2015\/07\/ASSO-EN2LETTRES.png","datePublished":"2015-07-02T06:45:22+00:00","dateModified":"2015-07-07T22:45:13+00:00","breadcrumb":{"@id":"https:\/\/festival-ismotscroises.fr\/?page_id=1090#breadcrumb"},"inLanguage":"fr-FR","potentialAction":[{"@type":"ReadAction","target":["https:\/\/festival-ismotscroises.fr\/?page_id=1090"]}]},{"@type":"ImageObject","inLanguage":"fr-FR","@id":"https:\/\/festival-ismotscroises.fr\/?page_id=1090#primaryimage","url":"https:\/\/festival-ismotscroises.fr\/wp-content\/uploads\/2015\/07\/ASSO-EN2LETTRES.png","contentUrl":"https:\/\/festival-ismotscroises.fr\/wp-content\/uploads\/2015\/07\/ASSO-EN2LETTRES.png","width":580,"height":321},{"@type":"BreadcrumbList","@id":"https:\/\/festival-ismotscroises.fr\/?page_id=1090#breadcrumb","itemListElement":[{"@type":"ListItem","position":1,"name":"Accueil","item":"https:\/\/festival-ismotscroises.fr\/"},{"@type":"ListItem","position":2,"name":"En 2 lettres"}]},{"@type":"WebSite","@id":"https:\/\/festival-ismotscroises.fr\/#website","url":"https:\/\/festival-ismotscroises.fr\/","name":"Le Festival des mots crois\u00e9s \u00e0 Is-sur-Tille","description":"La ville d&#039;Is-sur-Tille, en C\u00f4te-d&#039;Or, organise un festival annuel de mots crois\u00e9s depuis 1990..","potentialAction":[{"@type":"SearchAction","target":{"@type":"EntryPoint","urlTemplate":"https:\/\/festival-ismotscroises.fr\/?s={search_term_string}"},"query-input":"required name=search_term_string"}],"inLanguage":"fr-FR"}]}},"_links":{"self":[{"href":"https:\/\/festival-ismotscroises.fr\/index.php?rest_route=\/wp\/v2\/pages\/1090","targetHints":{"allow":["GET"]}}],"collection":[{"href":"https:\/\/festival-ismotscroises.fr\/index.php?rest_route=\/wp\/v2\/pages"}],"about":[{"href":"https:\/\/festival-ismotscroises.fr\/index.php?rest_route=\/wp\/v2\/types\/page"}],"author":[{"embeddable":true,"href":"https:\/\/festival-ismotscroises.fr\/index.php?rest_route=\/wp\/v2\/users\/2"}],"replies":[{"embeddable":true,"href":"https:\/\/festival-ismotscroises.fr\/index.php?rest_route=%2Fwp%2Fv2%2Fcomments&post=1090"}],"version-history":[{"count":7,"href":"https:\/\/festival-ismotscroises.fr\/index.php?rest_route=\/wp\/v2\/pages\/1090\/revisions"}],"predecessor-version":[{"id":1567,"href":"https:\/\/festival-ismotscroises.fr\/index.php?rest_route=\/wp\/v2\/pages\/1090\/revisions\/1567"}],"wp:attachment":[{"href":"https:\/\/festival-ismotscroises.fr\/index.php?rest_route=%2Fwp%2Fv2%2Fmedia&parent=1090"}],"curies":[{"name":"wp","href":"https:\/\/api.w.org\/{rel}","templated":true}]}}