{"id":104,"date":"2015-06-18T19:52:45","date_gmt":"2015-06-18T17:52:45","guid":{"rendered":"http:\/\/festival-ismotscroises.fr\/?page_id=104"},"modified":"2015-07-08T00:06:25","modified_gmt":"2015-07-07T22:06:25","slug":"tournoi-de-bourgogne-3","status":"publish","type":"page","link":"https:\/\/festival-ismotscroises.fr\/?page_id=104","title":{"rendered":"Tournoi de Bourgogne"},"content":{"rendered":"<div id=\"pl-104\"  class=\"panel-layout\" ><div id=\"pg-104-0\"  class=\"panel-grid panel-no-style\" ><div id=\"pgc-104-0-0\"  class=\"panel-grid-cell\" ><div id=\"panel-104-0-0-0\" class=\"so-panel widget panel-first-child panel-last-child\" data-index=\"0\" ><\/div><\/div><div id=\"pgc-104-0-1\"  class=\"panel-grid-cell\" ><div id=\"panel-104-0-1-0\" class=\"so-panel widget widget_black-studio-tinymce widget_black_studio_tinymce panel-first-child panel-last-child\" data-index=\"1\" ><div class=\"textwidget\"><h3><strong>Tournoi de bourgogne 2013<\/strong><\/h3>\n<p>La 4e grille du Championnat francophone a permis \u00e0 Jean Rossat de qualifier un certain nombre de joueurs pour le tournoi r\u00e9gional du dimanche apr\u00e8s-midi.\u2028Tournoi solo (matchs \u00e0 un contre un, pour les 8 joueurs les mieux class\u00e9s). La finale \u00e9tait enti\u00e8rement belge, opposant Bernard Philippet \u00e0 Thierry Van Houtte. Sans s'accorder le temps d'une v\u00e9rification, Bernard Philippet arr\u00eate la partie sur une grille parfaite au bout de 4 minutes 49 secondes.\u2028Tournoi duo (\u00e0 deux contre deux. Ouvert aux 32 candidats class\u00e9s apr\u00e8s les huit premiers). C'est une paire enti\u00e8rement f\u00e9minine qui remporte la finale, devant une \u00e9quipe mixte. Marie-Fran\u00e7oise Modaine \u00e9tait d\u00e9j\u00e0 sur la troisi\u00e8me marche du podium l'an pass\u00e9, pour la version duo du Tournoi de Bourgogne.<\/p>\n<h4><strong>Palmar\u00e8s<\/strong><\/h4>\n<p><span style=\"color: #993300;\"><strong>Tournoi solo :<\/strong><\/span><br \/>1 - PHILIPPET Bernard<br \/>2 - VAN HOUTTE Thierry<br \/>3 - MONNET Bernard<br \/>4 - GOUY Jean-Claude<br \/><span style=\"color: #993300;\"><strong>Tournoi Duo :<\/strong><\/span><br \/>1 - MODAINE Marie-Fran\u00e7oise \/ PICOT Mich\u00e8le<br \/>2 - BERNARD Pierre \/ DEBIERE Myl\u00e8ne<br \/>3 - VELTZ Cyrille \/ MANGIN Jo\u00ebl<br \/>4 - VANOBOST Michel \/ SORDET \u00c9dith<\/p>\n<\/div><\/div><\/div><\/div><div id=\"pg-104-1\"  class=\"panel-grid panel-no-style\" ><div id=\"pgc-104-1-0\"  class=\"panel-grid-cell\" ><div id=\"panel-104-1-0-0\" class=\"so-panel widget widget_black-studio-tinymce widget_black_studio_tinymce panel-first-child panel-last-child\" data-index=\"2\" ><div class=\"textwidget\"><p><img loading=\"lazy\" decoding=\"async\" class=\" size-full wp-image-1496 alignright\" src=\"http:\/\/festival-ismotscroises.fr\/wp-content\/uploads\/2015\/07\/ISMOTSCROISES-LOGO.png\" alt=\"ISMOTSCROISES-LOGO\" width=\"152\" height=\"150\" \/><\/p>\n<\/div><\/div><\/div><\/div><\/div>","protected":false},"excerpt":{"rendered":"<p>Tournoi de bourgogne 2013La 4e grille du Championnat francophone a permis \u00e0 Jean Rossat de qualifier un certain nombre de joueurs pour le tournoi r\u00e9gional du dimanche apr\u00e8s-midi.\u2028Tournoi solo (matchs \u00e0 un contre un, pour les 8 joueurs les mieux class\u00e9s). La finale \u00e9tait enti\u00e8rement belge, opposant Bernard Philippet \u00e0 Thierry Van Houtte. Sans s&rsquo;accorder [&hellip;]<\/p>\n","protected":false},"author":2,"featured_media":0,"parent":0,"menu_order":0,"comment_status":"closed","ping_status":"closed","template":"templates\/template-full-notitle.php","meta":{"_monsterinsights_skip_tracking":false,"_monsterinsights_sitenote_active":false,"_monsterinsights_sitenote_note":"","_monsterinsights_sitenote_category":0,"footnotes":""},"class_list":["post-104","page","type-page","status-publish","hentry","post"],"yoast_head":"<!-- This site is optimized with the Yoast SEO plugin v22.6 - https:\/\/yoast.com\/wordpress\/plugins\/seo\/ -->\n<title>Tournoi de Bourgogne - Le Festival des mots crois\u00e9s \u00e0 Is-sur-Tille<\/title>\n<meta name=\"robots\" content=\"index, follow, max-snippet:-1, max-image-preview:large, max-video-preview:-1\" \/>\n<link rel=\"canonical\" href=\"https:\/\/festival-ismotscroises.fr\/?page_id=104\" \/>\n<meta property=\"og:locale\" content=\"fr_FR\" \/>\n<meta property=\"og:type\" content=\"article\" \/>\n<meta property=\"og:title\" content=\"Tournoi de Bourgogne - Le Festival des mots crois\u00e9s \u00e0 Is-sur-Tille\" \/>\n<meta property=\"og:description\" content=\"Tournoi de bourgogne 2013La 4e grille du Championnat francophone a permis \u00e0 Jean Rossat de qualifier un certain nombre de joueurs pour le tournoi r\u00e9gional du dimanche apr\u00e8s-midi.\u2028Tournoi solo (matchs \u00e0 un contre un, pour les 8 joueurs les mieux class\u00e9s). La finale \u00e9tait enti\u00e8rement belge, opposant Bernard Philippet \u00e0 Thierry Van Houtte. Sans s&#039;accorder [&hellip;]\" \/>\n<meta property=\"og:url\" content=\"https:\/\/festival-ismotscroises.fr\/?page_id=104\" \/>\n<meta property=\"og:site_name\" content=\"Le Festival des mots crois\u00e9s \u00e0 Is-sur-Tille\" \/>\n<meta property=\"article:modified_time\" content=\"2015-07-07T22:06:25+00:00\" \/>\n<meta property=\"og:image\" content=\"http:\/\/festival-ismotscroises.fr\/wp-content\/plugins\/easy-media-gallery-pro\/includes\/images\/trans.png\" \/>\n<meta name=\"twitter:card\" content=\"summary_large_image\" \/>\n<meta name=\"twitter:label1\" content=\"Dur\u00e9e de lecture estim\u00e9e\" \/>\n\t<meta name=\"twitter:data1\" content=\"1 minute\" \/>\n<script type=\"application\/ld+json\" class=\"yoast-schema-graph\">{\"@context\":\"https:\/\/schema.org\",\"@graph\":[{\"@type\":\"WebPage\",\"@id\":\"https:\/\/festival-ismotscroises.fr\/?page_id=104\",\"url\":\"https:\/\/festival-ismotscroises.fr\/?page_id=104\",\"name\":\"Tournoi de Bourgogne - Le Festival des mots crois\u00e9s \u00e0 Is-sur-Tille\",\"isPartOf\":{\"@id\":\"https:\/\/festival-ismotscroises.fr\/#website\"},\"primaryImageOfPage\":{\"@id\":\"https:\/\/festival-ismotscroises.fr\/?page_id=104#primaryimage\"},\"image\":{\"@id\":\"https:\/\/festival-ismotscroises.fr\/?page_id=104#primaryimage\"},\"thumbnailUrl\":\"http:\/\/festival-ismotscroises.fr\/wp-content\/plugins\/easy-media-gallery-pro\/includes\/images\/trans.png\",\"datePublished\":\"2015-06-18T17:52:45+00:00\",\"dateModified\":\"2015-07-07T22:06:25+00:00\",\"breadcrumb\":{\"@id\":\"https:\/\/festival-ismotscroises.fr\/?page_id=104#breadcrumb\"},\"inLanguage\":\"fr-FR\",\"potentialAction\":[{\"@type\":\"ReadAction\",\"target\":[\"https:\/\/festival-ismotscroises.fr\/?page_id=104\"]}]},{\"@type\":\"ImageObject\",\"inLanguage\":\"fr-FR\",\"@id\":\"https:\/\/festival-ismotscroises.fr\/?page_id=104#primaryimage\",\"url\":\"http:\/\/festival-ismotscroises.fr\/wp-content\/plugins\/easy-media-gallery-pro\/includes\/images\/trans.png\",\"contentUrl\":\"http:\/\/festival-ismotscroises.fr\/wp-content\/plugins\/easy-media-gallery-pro\/includes\/images\/trans.png\"},{\"@type\":\"BreadcrumbList\",\"@id\":\"https:\/\/festival-ismotscroises.fr\/?page_id=104#breadcrumb\",\"itemListElement\":[{\"@type\":\"ListItem\",\"position\":1,\"name\":\"Accueil\",\"item\":\"https:\/\/festival-ismotscroises.fr\/\"},{\"@type\":\"ListItem\",\"position\":2,\"name\":\"Tournoi de Bourgogne\"}]},{\"@type\":\"WebSite\",\"@id\":\"https:\/\/festival-ismotscroises.fr\/#website\",\"url\":\"https:\/\/festival-ismotscroises.fr\/\",\"name\":\"Le Festival des mots crois\u00e9s \u00e0 Is-sur-Tille\",\"description\":\"La ville d&#039;Is-sur-Tille, en C\u00f4te-d&#039;Or, organise un festival annuel de mots crois\u00e9s depuis 1990..\",\"potentialAction\":[{\"@type\":\"SearchAction\",\"target\":{\"@type\":\"EntryPoint\",\"urlTemplate\":\"https:\/\/festival-ismotscroises.fr\/?s={search_term_string}\"},\"query-input\":\"required name=search_term_string\"}],\"inLanguage\":\"fr-FR\"}]}<\/script>\n<!-- \/ Yoast SEO plugin. -->","yoast_head_json":{"title":"Tournoi de Bourgogne - Le Festival des mots crois\u00e9s \u00e0 Is-sur-Tille","robots":{"index":"index","follow":"follow","max-snippet":"max-snippet:-1","max-image-preview":"max-image-preview:large","max-video-preview":"max-video-preview:-1"},"canonical":"https:\/\/festival-ismotscroises.fr\/?page_id=104","og_locale":"fr_FR","og_type":"article","og_title":"Tournoi de Bourgogne - Le Festival des mots crois\u00e9s \u00e0 Is-sur-Tille","og_description":"Tournoi de bourgogne 2013La 4e grille du Championnat francophone a permis \u00e0 Jean Rossat de qualifier un certain nombre de joueurs pour le tournoi r\u00e9gional du dimanche apr\u00e8s-midi.\u2028Tournoi solo (matchs \u00e0 un contre un, pour les 8 joueurs les mieux class\u00e9s). La finale \u00e9tait enti\u00e8rement belge, opposant Bernard Philippet \u00e0 Thierry Van Houtte. Sans s'accorder [&hellip;]","og_url":"https:\/\/festival-ismotscroises.fr\/?page_id=104","og_site_name":"Le Festival des mots crois\u00e9s \u00e0 Is-sur-Tille","article_modified_time":"2015-07-07T22:06:25+00:00","og_image":[{"url":"http:\/\/festival-ismotscroises.fr\/wp-content\/plugins\/easy-media-gallery-pro\/includes\/images\/trans.png"}],"twitter_card":"summary_large_image","twitter_misc":{"Dur\u00e9e de lecture estim\u00e9e":"1 minute"},"schema":{"@context":"https:\/\/schema.org","@graph":[{"@type":"WebPage","@id":"https:\/\/festival-ismotscroises.fr\/?page_id=104","url":"https:\/\/festival-ismotscroises.fr\/?page_id=104","name":"Tournoi de Bourgogne - Le Festival des mots crois\u00e9s \u00e0 Is-sur-Tille","isPartOf":{"@id":"https:\/\/festival-ismotscroises.fr\/#website"},"primaryImageOfPage":{"@id":"https:\/\/festival-ismotscroises.fr\/?page_id=104#primaryimage"},"image":{"@id":"https:\/\/festival-ismotscroises.fr\/?page_id=104#primaryimage"},"thumbnailUrl":"http:\/\/festival-ismotscroises.fr\/wp-content\/plugins\/easy-media-gallery-pro\/includes\/images\/trans.png","datePublished":"2015-06-18T17:52:45+00:00","dateModified":"2015-07-07T22:06:25+00:00","breadcrumb":{"@id":"https:\/\/festival-ismotscroises.fr\/?page_id=104#breadcrumb"},"inLanguage":"fr-FR","potentialAction":[{"@type":"ReadAction","target":["https:\/\/festival-ismotscroises.fr\/?page_id=104"]}]},{"@type":"ImageObject","inLanguage":"fr-FR","@id":"https:\/\/festival-ismotscroises.fr\/?page_id=104#primaryimage","url":"http:\/\/festival-ismotscroises.fr\/wp-content\/plugins\/easy-media-gallery-pro\/includes\/images\/trans.png","contentUrl":"http:\/\/festival-ismotscroises.fr\/wp-content\/plugins\/easy-media-gallery-pro\/includes\/images\/trans.png"},{"@type":"BreadcrumbList","@id":"https:\/\/festival-ismotscroises.fr\/?page_id=104#breadcrumb","itemListElement":[{"@type":"ListItem","position":1,"name":"Accueil","item":"https:\/\/festival-ismotscroises.fr\/"},{"@type":"ListItem","position":2,"name":"Tournoi de Bourgogne"}]},{"@type":"WebSite","@id":"https:\/\/festival-ismotscroises.fr\/#website","url":"https:\/\/festival-ismotscroises.fr\/","name":"Le Festival des mots crois\u00e9s \u00e0 Is-sur-Tille","description":"La ville d&#039;Is-sur-Tille, en C\u00f4te-d&#039;Or, organise un festival annuel de mots crois\u00e9s depuis 1990..","potentialAction":[{"@type":"SearchAction","target":{"@type":"EntryPoint","urlTemplate":"https:\/\/festival-ismotscroises.fr\/?s={search_term_string}"},"query-input":"required name=search_term_string"}],"inLanguage":"fr-FR"}]}},"_links":{"self":[{"href":"https:\/\/festival-ismotscroises.fr\/index.php?rest_route=\/wp\/v2\/pages\/104","targetHints":{"allow":["GET"]}}],"collection":[{"href":"https:\/\/festival-ismotscroises.fr\/index.php?rest_route=\/wp\/v2\/pages"}],"about":[{"href":"https:\/\/festival-ismotscroises.fr\/index.php?rest_route=\/wp\/v2\/types\/page"}],"author":[{"embeddable":true,"href":"https:\/\/festival-ismotscroises.fr\/index.php?rest_route=\/wp\/v2\/users\/2"}],"replies":[{"embeddable":true,"href":"https:\/\/festival-ismotscroises.fr\/index.php?rest_route=%2Fwp%2Fv2%2Fcomments&post=104"}],"version-history":[{"count":9,"href":"https:\/\/festival-ismotscroises.fr\/index.php?rest_route=\/wp\/v2\/pages\/104\/revisions"}],"predecessor-version":[{"id":1513,"href":"https:\/\/festival-ismotscroises.fr\/index.php?rest_route=\/wp\/v2\/pages\/104\/revisions\/1513"}],"wp:attachment":[{"href":"https:\/\/festival-ismotscroises.fr\/index.php?rest_route=%2Fwp%2Fv2%2Fmedia&parent=104"}],"curies":[{"name":"wp","href":"https:\/\/api.w.org\/{rel}","templated":true}]}}