{"id":101,"date":"2015-06-18T19:50:42","date_gmt":"2015-06-18T17:50:42","guid":{"rendered":"http:\/\/festival-ismotscroises.fr\/?page_id=101"},"modified":"2015-07-08T00:05:51","modified_gmt":"2015-07-07T22:05:51","slug":"championnat-francophone-2","status":"publish","type":"page","link":"https:\/\/festival-ismotscroises.fr\/?page_id=101","title":{"rendered":"Championnat francophone"},"content":{"rendered":"<div id=\"pl-101\"  class=\"panel-layout\" ><div id=\"pg-101-0\"  class=\"panel-grid panel-no-style\" ><div id=\"pgc-101-0-0\"  class=\"panel-grid-cell\" ><div id=\"panel-101-0-0-0\" class=\"so-panel widget panel-first-child panel-last-child\" data-index=\"0\" ><\/div><\/div><div id=\"pgc-101-0-1\"  class=\"panel-grid-cell\" ><div id=\"panel-101-0-1-0\" class=\"so-panel widget widget_black-studio-tinymce widget_black_studio_tinymce panel-first-child\" data-index=\"1\" ><div class=\"textwidget\"><h3 style=\"text-align: justify;\"><strong>Championnat francophone 2013<\/strong><\/h3>\n<p style=\"text-align: justify;\">La Ville d'Is-sur-Tille et l'association locale Is mots crois\u00e9s ont fait le choix cette ann\u00e9e de confier l'organisation du Championnat francophone \u00e0 l'association \u00c0 la crois\u00e9e des mots.\u00a0Les auteurs regroup\u00e9s dans cette association ont largement publi\u00e9, sur Internet et dans la presse, une grille de qualification d\u00e8s le mois de f\u00e9vrier. Soixante-six personnes qualifi\u00e9es ont r\u00e9pondu \u00e0 l'invitation de venir participer au Championnat francophone \u00e0 Is-sur-Tille les 25 et 26 mai. Quatre grilles ont \u00e9t\u00e9 propos\u00e9es aux candidats. Les trois premi\u00e8res, con\u00e7ues par \u00c0 la crois\u00e9e des mots, jouaient sur le th\u00e8me de la Semaine de la langue fran\u00e7aise, Dis-moi dix mots sem\u00e9s au loin. La quatri\u00e8me grille, de l'auteur Jean Rossat, reprenait aussi le th\u00e8me de la francophonie, bien que la toile de fond de son inspiration soit davantage li\u00e9 \u00e0 l'actualit\u00e9, en particulier avec la r\u00e9cente \u00e9lection du pape Fran\u00e7ois.<\/p>\n<h4 style=\"text-align: justify;\"><strong>Palmar\u00e8s<\/strong><\/h4>\n<p style=\"text-align: justify;\">1 - PHILIPPET Bernard (1 faute - 1h00mn59s)<br \/>2 - MONNET Bernard (2 fautes - 2h31mn01s)<br \/>3 - VAN HOUTTE Thierry (6 fautes - 2h09mn24s)<br \/>4 - GOUY Jean-Claude (8 fautes - 2h34mn24s)<br \/>5 - VANOBOST Michel (9 fautes - 2h49mn32s)<br \/>6 - GONY Sylvie (9 fautes - 3h16mn18s)<br \/>7 - SARAGOSSA Eric (11 fautes - 1h58mn30s)<br \/>8 - CATHENOD Fran\u00e7ois (14 fautes - 2h45mn08s)<br \/>9 - RUFFENACH Jacques (17 fautes - 3h:23mn17s)<br \/>10 - ROUYER Jean-Louis (18 fautes - 3h42mn40s)<br \/>11 - CHEVALIER Xavier (19 fautes - 2h16mn00s)<br \/>12 - JACOB Dominique (21 fautes - 4h21mn07s)<br \/>13 - WILLEMIN Mich\u00e8le (22 fautes - 3h21mn11s)<br \/>14 - FLAMBARD Georges (25 fautes - 3h49mn06s)<br \/>15 - M\u00dcLLER Christian (26 fautes - 2h40mn38s)<br \/>16 - CIERNIAK Daniel (26 fautes - 3h28mn35s)<br \/>17 - BEAUFE\u00cfST Fran\u00e7ois (27 fautes - 3h39mn37s)<br \/>18 - BONNIN Didier (29 fautes - 3h22mn53s)<br \/>19 - BOCCON Christian (39 fautes - 3h47mn14s)<br \/>20 - LAFOND Michel (39 fautes - 4h38mn37s<strong>)<br \/><\/strong><\/p>\n<\/div><\/div><div id=\"panel-101-0-1-1\" class=\"so-panel widget widget_sow-button\" data-index=\"2\" ><div\n\t\t\t\n\t\t\tclass=\"so-widget-sow-button so-widget-sow-button-atom-2fa5db29757e-101\"\n\t\t\t\n\t\t><div class=\"ow-button-base ow-button-align-left\">\n\t<a\n\thref=\"http:\/\/festival-ismotscroises.fr\/wp-content\/uploads\/2015\/06\/2013-CF-GRILLES.pdf\"\n\t\tclass=\"ow-icon-placement-left ow-button-hover\" target=\"_blank\" rel=\"noopener noreferrer\" \t>\n\t\t<span>\n\t\t\t\n\t\t\tT\u00e9l\u00e9chargez les grilles\t\t<\/span>\n\t<\/a>\n<\/div>\n<\/div><\/div><div id=\"panel-101-0-1-2\" class=\"so-panel widget widget_sow-button panel-last-child\" data-index=\"3\" ><div\n\t\t\t\n\t\t\tclass=\"so-widget-sow-button so-widget-sow-button-atom-2fa5db29757e-101\"\n\t\t\t\n\t\t><div class=\"ow-button-base ow-button-align-left\">\n\t<a\n\thref=\"http:\/\/festival-ismotscroises.fr\/wp-content\/uploads\/2015\/06\/2013-CF-GRILLES-SOL.pdf\"\n\t\tclass=\"ow-icon-placement-left ow-button-hover\" target=\"_blank\" rel=\"noopener noreferrer\" \t>\n\t\t<span>\n\t\t\t\n\t\t\tT\u00e9l\u00e9chargez les solutions\t\t<\/span>\n\t<\/a>\n<\/div>\n<\/div><\/div><\/div><\/div><div id=\"pg-101-1\"  class=\"panel-grid panel-no-style\" ><div id=\"pgc-101-1-0\"  class=\"panel-grid-cell\" ><div id=\"panel-101-1-0-0\" class=\"so-panel widget widget_black-studio-tinymce widget_black_studio_tinymce panel-first-child panel-last-child\" data-index=\"4\" ><div class=\"textwidget\"><p><img loading=\"lazy\" decoding=\"async\" class=\" size-full wp-image-1496 alignright\" src=\"http:\/\/festival-ismotscroises.fr\/wp-content\/uploads\/2015\/07\/ISMOTSCROISES-LOGO.png\" alt=\"ISMOTSCROISES-LOGO\" width=\"152\" height=\"150\" \/><\/p>\n<\/div><\/div><\/div><\/div><\/div>","protected":false},"excerpt":{"rendered":"<p>Championnat francophone 2013La Ville d&rsquo;Is-sur-Tille et l&rsquo;association locale Is mots crois\u00e9s ont fait le choix cette ann\u00e9e de confier l&rsquo;organisation du Championnat francophone \u00e0 l&rsquo;association \u00c0 la crois\u00e9e des mots.\u00a0Les auteurs regroup\u00e9s dans cette association ont largement publi\u00e9, sur Internet et dans la presse, une grille de qualification d\u00e8s le mois de f\u00e9vrier. Soixante-six personnes [&hellip;]<\/p>\n","protected":false},"author":2,"featured_media":0,"parent":0,"menu_order":0,"comment_status":"closed","ping_status":"closed","template":"templates\/template-full-notitle.php","meta":{"_monsterinsights_skip_tracking":false,"_monsterinsights_sitenote_active":false,"_monsterinsights_sitenote_note":"","_monsterinsights_sitenote_category":0,"footnotes":""},"class_list":["post-101","page","type-page","status-publish","hentry","post"],"yoast_head":"<!-- This site is optimized with the Yoast SEO plugin v22.6 - https:\/\/yoast.com\/wordpress\/plugins\/seo\/ -->\n<title>Championnat francophone - Le Festival des mots crois\u00e9s \u00e0 Is-sur-Tille<\/title>\n<meta name=\"robots\" content=\"index, follow, max-snippet:-1, max-image-preview:large, max-video-preview:-1\" \/>\n<link rel=\"canonical\" href=\"https:\/\/festival-ismotscroises.fr\/?page_id=101\" \/>\n<meta property=\"og:locale\" content=\"fr_FR\" \/>\n<meta property=\"og:type\" content=\"article\" \/>\n<meta property=\"og:title\" content=\"Championnat francophone - Le Festival des mots crois\u00e9s \u00e0 Is-sur-Tille\" \/>\n<meta property=\"og:description\" content=\"Championnat francophone 2013La Ville d&#039;Is-sur-Tille et l&#039;association locale Is mots crois\u00e9s ont fait le choix cette ann\u00e9e de confier l&#039;organisation du Championnat francophone \u00e0 l&#039;association \u00c0 la crois\u00e9e des mots.\u00a0Les auteurs regroup\u00e9s dans cette association ont largement publi\u00e9, sur Internet et dans la presse, une grille de qualification d\u00e8s le mois de f\u00e9vrier. Soixante-six personnes [&hellip;]\" \/>\n<meta property=\"og:url\" content=\"https:\/\/festival-ismotscroises.fr\/?page_id=101\" \/>\n<meta property=\"og:site_name\" content=\"Le Festival des mots crois\u00e9s \u00e0 Is-sur-Tille\" \/>\n<meta property=\"article:modified_time\" content=\"2015-07-07T22:05:51+00:00\" \/>\n<meta property=\"og:image\" content=\"http:\/\/festival-ismotscroises.fr\/wp-content\/plugins\/easy-media-gallery-pro\/includes\/images\/trans.png\" \/>\n<meta name=\"twitter:card\" content=\"summary_large_image\" \/>\n<meta name=\"twitter:label1\" content=\"Dur\u00e9e de lecture estim\u00e9e\" \/>\n\t<meta name=\"twitter:data1\" content=\"2 minutes\" \/>\n<script type=\"application\/ld+json\" class=\"yoast-schema-graph\">{\"@context\":\"https:\/\/schema.org\",\"@graph\":[{\"@type\":\"WebPage\",\"@id\":\"https:\/\/festival-ismotscroises.fr\/?page_id=101\",\"url\":\"https:\/\/festival-ismotscroises.fr\/?page_id=101\",\"name\":\"Championnat francophone - Le Festival des mots crois\u00e9s \u00e0 Is-sur-Tille\",\"isPartOf\":{\"@id\":\"https:\/\/festival-ismotscroises.fr\/#website\"},\"primaryImageOfPage\":{\"@id\":\"https:\/\/festival-ismotscroises.fr\/?page_id=101#primaryimage\"},\"image\":{\"@id\":\"https:\/\/festival-ismotscroises.fr\/?page_id=101#primaryimage\"},\"thumbnailUrl\":\"http:\/\/festival-ismotscroises.fr\/wp-content\/plugins\/easy-media-gallery-pro\/includes\/images\/trans.png\",\"datePublished\":\"2015-06-18T17:50:42+00:00\",\"dateModified\":\"2015-07-07T22:05:51+00:00\",\"breadcrumb\":{\"@id\":\"https:\/\/festival-ismotscroises.fr\/?page_id=101#breadcrumb\"},\"inLanguage\":\"fr-FR\",\"potentialAction\":[{\"@type\":\"ReadAction\",\"target\":[\"https:\/\/festival-ismotscroises.fr\/?page_id=101\"]}]},{\"@type\":\"ImageObject\",\"inLanguage\":\"fr-FR\",\"@id\":\"https:\/\/festival-ismotscroises.fr\/?page_id=101#primaryimage\",\"url\":\"http:\/\/festival-ismotscroises.fr\/wp-content\/plugins\/easy-media-gallery-pro\/includes\/images\/trans.png\",\"contentUrl\":\"http:\/\/festival-ismotscroises.fr\/wp-content\/plugins\/easy-media-gallery-pro\/includes\/images\/trans.png\"},{\"@type\":\"BreadcrumbList\",\"@id\":\"https:\/\/festival-ismotscroises.fr\/?page_id=101#breadcrumb\",\"itemListElement\":[{\"@type\":\"ListItem\",\"position\":1,\"name\":\"Accueil\",\"item\":\"https:\/\/festival-ismotscroises.fr\/\"},{\"@type\":\"ListItem\",\"position\":2,\"name\":\"Championnat francophone\"}]},{\"@type\":\"WebSite\",\"@id\":\"https:\/\/festival-ismotscroises.fr\/#website\",\"url\":\"https:\/\/festival-ismotscroises.fr\/\",\"name\":\"Le Festival des mots crois\u00e9s \u00e0 Is-sur-Tille\",\"description\":\"La ville d&#039;Is-sur-Tille, en C\u00f4te-d&#039;Or, organise un festival annuel de mots crois\u00e9s depuis 1990..\",\"potentialAction\":[{\"@type\":\"SearchAction\",\"target\":{\"@type\":\"EntryPoint\",\"urlTemplate\":\"https:\/\/festival-ismotscroises.fr\/?s={search_term_string}\"},\"query-input\":\"required name=search_term_string\"}],\"inLanguage\":\"fr-FR\"}]}<\/script>\n<!-- \/ Yoast SEO plugin. -->","yoast_head_json":{"title":"Championnat francophone - Le Festival des mots crois\u00e9s \u00e0 Is-sur-Tille","robots":{"index":"index","follow":"follow","max-snippet":"max-snippet:-1","max-image-preview":"max-image-preview:large","max-video-preview":"max-video-preview:-1"},"canonical":"https:\/\/festival-ismotscroises.fr\/?page_id=101","og_locale":"fr_FR","og_type":"article","og_title":"Championnat francophone - Le Festival des mots crois\u00e9s \u00e0 Is-sur-Tille","og_description":"Championnat francophone 2013La Ville d'Is-sur-Tille et l'association locale Is mots crois\u00e9s ont fait le choix cette ann\u00e9e de confier l'organisation du Championnat francophone \u00e0 l'association \u00c0 la crois\u00e9e des mots.\u00a0Les auteurs regroup\u00e9s dans cette association ont largement publi\u00e9, sur Internet et dans la presse, une grille de qualification d\u00e8s le mois de f\u00e9vrier. Soixante-six personnes [&hellip;]","og_url":"https:\/\/festival-ismotscroises.fr\/?page_id=101","og_site_name":"Le Festival des mots crois\u00e9s \u00e0 Is-sur-Tille","article_modified_time":"2015-07-07T22:05:51+00:00","og_image":[{"url":"http:\/\/festival-ismotscroises.fr\/wp-content\/plugins\/easy-media-gallery-pro\/includes\/images\/trans.png"}],"twitter_card":"summary_large_image","twitter_misc":{"Dur\u00e9e de lecture estim\u00e9e":"2 minutes"},"schema":{"@context":"https:\/\/schema.org","@graph":[{"@type":"WebPage","@id":"https:\/\/festival-ismotscroises.fr\/?page_id=101","url":"https:\/\/festival-ismotscroises.fr\/?page_id=101","name":"Championnat francophone - Le Festival des mots crois\u00e9s \u00e0 Is-sur-Tille","isPartOf":{"@id":"https:\/\/festival-ismotscroises.fr\/#website"},"primaryImageOfPage":{"@id":"https:\/\/festival-ismotscroises.fr\/?page_id=101#primaryimage"},"image":{"@id":"https:\/\/festival-ismotscroises.fr\/?page_id=101#primaryimage"},"thumbnailUrl":"http:\/\/festival-ismotscroises.fr\/wp-content\/plugins\/easy-media-gallery-pro\/includes\/images\/trans.png","datePublished":"2015-06-18T17:50:42+00:00","dateModified":"2015-07-07T22:05:51+00:00","breadcrumb":{"@id":"https:\/\/festival-ismotscroises.fr\/?page_id=101#breadcrumb"},"inLanguage":"fr-FR","potentialAction":[{"@type":"ReadAction","target":["https:\/\/festival-ismotscroises.fr\/?page_id=101"]}]},{"@type":"ImageObject","inLanguage":"fr-FR","@id":"https:\/\/festival-ismotscroises.fr\/?page_id=101#primaryimage","url":"http:\/\/festival-ismotscroises.fr\/wp-content\/plugins\/easy-media-gallery-pro\/includes\/images\/trans.png","contentUrl":"http:\/\/festival-ismotscroises.fr\/wp-content\/plugins\/easy-media-gallery-pro\/includes\/images\/trans.png"},{"@type":"BreadcrumbList","@id":"https:\/\/festival-ismotscroises.fr\/?page_id=101#breadcrumb","itemListElement":[{"@type":"ListItem","position":1,"name":"Accueil","item":"https:\/\/festival-ismotscroises.fr\/"},{"@type":"ListItem","position":2,"name":"Championnat francophone"}]},{"@type":"WebSite","@id":"https:\/\/festival-ismotscroises.fr\/#website","url":"https:\/\/festival-ismotscroises.fr\/","name":"Le Festival des mots crois\u00e9s \u00e0 Is-sur-Tille","description":"La ville d&#039;Is-sur-Tille, en C\u00f4te-d&#039;Or, organise un festival annuel de mots crois\u00e9s depuis 1990..","potentialAction":[{"@type":"SearchAction","target":{"@type":"EntryPoint","urlTemplate":"https:\/\/festival-ismotscroises.fr\/?s={search_term_string}"},"query-input":"required name=search_term_string"}],"inLanguage":"fr-FR"}]}},"_links":{"self":[{"href":"https:\/\/festival-ismotscroises.fr\/index.php?rest_route=\/wp\/v2\/pages\/101","targetHints":{"allow":["GET"]}}],"collection":[{"href":"https:\/\/festival-ismotscroises.fr\/index.php?rest_route=\/wp\/v2\/pages"}],"about":[{"href":"https:\/\/festival-ismotscroises.fr\/index.php?rest_route=\/wp\/v2\/types\/page"}],"author":[{"embeddable":true,"href":"https:\/\/festival-ismotscroises.fr\/index.php?rest_route=\/wp\/v2\/users\/2"}],"replies":[{"embeddable":true,"href":"https:\/\/festival-ismotscroises.fr\/index.php?rest_route=%2Fwp%2Fv2%2Fcomments&post=101"}],"version-history":[{"count":14,"href":"https:\/\/festival-ismotscroises.fr\/index.php?rest_route=\/wp\/v2\/pages\/101\/revisions"}],"predecessor-version":[{"id":1512,"href":"https:\/\/festival-ismotscroises.fr\/index.php?rest_route=\/wp\/v2\/pages\/101\/revisions\/1512"}],"wp:attachment":[{"href":"https:\/\/festival-ismotscroises.fr\/index.php?rest_route=%2Fwp%2Fv2%2Fmedia&parent=101"}],"curies":[{"name":"wp","href":"https:\/\/api.w.org\/{rel}","templated":true}]}}